{"id":5708,"date":"2018-08-24T11:13:12","date_gmt":"2018-08-24T09:13:12","guid":{"rendered":"http:\/\/www.editorialjuventud.es\/el-test-buit\/"},"modified":"2025-01-22T13:28:12","modified_gmt":"2025-01-22T12:28:12","slug":"el-test-buit-9788426138071","status":"publish","type":"product","link":"https:\/\/www.editorialjuventud.es\/ca\/el-test-buit-9788426138071\/","title":{"rendered":"El test buit"},"content":{"rendered":"<p>L&#8217;Emperador anuncia un m\u00e8tode gens habitual per triar un hereu: el nen que faci cr\u00e9ixer les millors flors de la llavor que ell li entregar\u00e0 ser\u00e0 el successor al tron. En Ping, malgrat els seus dots com a jardiner i tots els seus esfor\u00e7os, \u00e9s incapa\u00e7 de fer brotar la seva llavor&#8230; Un conte de tradici\u00f3 xinesa sobre el valor i l&#8217;honradesa.<\/p>\n","protected":false},"excerpt":{"rendered":"L&#8217;Emperador anuncia un m\u00e8tode gens habitual per triar un hereu: el nen que faci cr\u00e9ixer les millors flors de la llavor que ell li entregar\u00e0 ser\u00e0 el successor al tron. En Ping, malgrat els seus dots com a jardiner i [&hellip;]","protected":false},"featured_media":13193,"template":"","meta":{"_acf_changed":false,"_exactmetrics_skip_tracking":false,"_exactmetrics_sitenote_active":false,"_exactmetrics_sitenote_note":"","_exactmetrics_sitenote_category":0},"product_brand":[],"product_cat":[900,1121,1210,1128],"product_tag":[],"coleccion":[953],"class_list":{"0":"post-5708","1":"product","2":"type-product","3":"status-publish","4":"has-post-thumbnail","6":"product_cat-a-partir-de-5-anos","7":"product_cat-albumes-ilustrados","8":"product_cat-plantas-bosques","9":"product_cat-tematica","10":"coleccion-larca-dels-contes","12":"first","13":"instock","14":"taxable","15":"shipping-taxable","16":"purchasable","17":"product-type-simple"},"acf":{"autor":"Demi","codart":"3807","ediciones":"1","encuadernacion":"Carton\u00e9","fecha_de_publicacion":"01\/11\/2010","novedad":"0","paginas":"32","subtitulo":"","texto_web_adicional":"","texto_web_novedad":"","orden":"999","portada":"0","texto_web_resaltado":"","autores-libros":[16323],"ilustradores-libros":[16323],"traductores-libros":[18265]},"yoast_head":"<!-- This site is optimized with the Yoast SEO plugin v27.3 - https:\/\/yoast.com\/product\/yoast-seo-wordpress\/ -->\n<title>El test buit - Editorial Juventud<\/title>\n<meta name=\"description\" content=\"L&#039;Emperador anuncia un m\u00e8tode gens habitual per triar un hereu: el nen que faci cr\u00e9ixer les millors flors de la llavor que ell li entregar\u00e0 ser\u00e0 el\" \/>\n<meta name=\"robots\" content=\"index, follow, max-snippet:-1, max-image-preview:large, max-video-preview:-1\" \/>\n<link rel=\"canonical\" href=\"https:\/\/www.editorialjuventud.es\/el-test-buit-9788426138071\/\" \/>\n<meta property=\"og:locale\" content=\"ca_ES\" \/>\n<meta property=\"og:type\" content=\"article\" \/>\n<meta property=\"og:title\" content=\"El test buit - Editorial Juventud\" \/>\n<meta property=\"og:description\" content=\"L&#039;Emperador anuncia un m\u00e8tode gens habitual per triar un hereu: el nen que faci cr\u00e9ixer les millors flors de la llavor que ell li entregar\u00e0 ser\u00e0 el\" \/>\n<meta property=\"og:url\" content=\"https:\/\/www.editorialjuventud.es\/el-test-buit-9788426138071\/\" \/>\n<meta property=\"og:site_name\" content=\"Editorial Juventud\" \/>\n<meta property=\"article:modified_time\" content=\"2025-01-22T12:28:12+00:00\" \/>\n<meta property=\"og:image\" content=\"https:\/\/www.editorialjuventud.es\/wp-content\/uploads\/3807.jpg\" \/>\n\t<meta property=\"og:image:width\" content=\"489\" \/>\n\t<meta property=\"og:image:height\" content=\"500\" \/>\n\t<meta property=\"og:image:type\" content=\"image\/jpeg\" \/>\n<meta name=\"twitter:card\" content=\"summary_large_image\" \/>\n<script type=\"application\/ld+json\" class=\"yoast-schema-graph\">{\"@context\":\"https:\\\/\\\/schema.org\",\"@graph\":[{\"@type\":\"WebPage\",\"@id\":\"https:\\\/\\\/www.editorialjuventud.es\\\/el-test-buit-9788426138071\\\/\",\"url\":\"https:\\\/\\\/www.editorialjuventud.es\\\/el-test-buit-9788426138071\\\/\",\"name\":\"El test buit - Editorial Juventud\",\"isPartOf\":{\"@id\":\"https:\\\/\\\/www.editorialjuventud.es\\\/#website\"},\"primaryImageOfPage\":{\"@id\":\"https:\\\/\\\/www.editorialjuventud.es\\\/el-test-buit-9788426138071\\\/#primaryimage\"},\"image\":{\"@id\":\"https:\\\/\\\/www.editorialjuventud.es\\\/el-test-buit-9788426138071\\\/#primaryimage\"},\"thumbnailUrl\":\"https:\\\/\\\/www.editorialjuventud.es\\\/wp-content\\\/uploads\\\/3807.jpg\",\"datePublished\":\"2018-08-24T09:13:12+00:00\",\"dateModified\":\"2025-01-22T12:28:12+00:00\",\"description\":\"L'Emperador anuncia un m\u00e8tode gens habitual per triar un hereu: el nen que faci cr\u00e9ixer les millors flors de la llavor que ell li entregar\u00e0 ser\u00e0 el\",\"breadcrumb\":{\"@id\":\"https:\\\/\\\/www.editorialjuventud.es\\\/el-test-buit-9788426138071\\\/#breadcrumb\"},\"inLanguage\":\"ca\",\"potentialAction\":[{\"@type\":\"ReadAction\",\"target\":[\"https:\\\/\\\/www.editorialjuventud.es\\\/el-test-buit-9788426138071\\\/\"]}]},{\"@type\":\"ImageObject\",\"inLanguage\":\"ca\",\"@id\":\"https:\\\/\\\/www.editorialjuventud.es\\\/el-test-buit-9788426138071\\\/#primaryimage\",\"url\":\"https:\\\/\\\/www.editorialjuventud.es\\\/wp-content\\\/uploads\\\/3807.jpg\",\"contentUrl\":\"https:\\\/\\\/www.editorialjuventud.es\\\/wp-content\\\/uploads\\\/3807.jpg\",\"width\":489,\"height\":500,\"caption\":\"3807.jpg\"},{\"@type\":\"BreadcrumbList\",\"@id\":\"https:\\\/\\\/www.editorialjuventud.es\\\/el-test-buit-9788426138071\\\/#breadcrumb\",\"itemListElement\":[{\"@type\":\"ListItem\",\"position\":1,\"name\":\"Portada\",\"item\":\"https:\\\/\\\/www.editorialjuventud.es\\\/\"},{\"@type\":\"ListItem\",\"position\":2,\"name\":\"cat\u00e1logo\",\"item\":\"https:\\\/\\\/www.editorialjuventud.es\\\/coleccion\\\/catalogo\\\/\"},{\"@type\":\"ListItem\",\"position\":3,\"name\":\"catal\u00e0\",\"item\":\"https:\\\/\\\/www.editorialjuventud.es\\\/coleccion\\\/catala\\\/\"},{\"@type\":\"ListItem\",\"position\":4,\"name\":\"\u00c0lbums Il\u00b7lustrats\",\"item\":\"https:\\\/\\\/www.editorialjuventud.es\\\/coleccion\\\/albums-il%c2%b7lustrats\\\/\"},{\"@type\":\"ListItem\",\"position\":5,\"name\":\"L'Arca dels Contes\",\"item\":\"https:\\\/\\\/www.editorialjuventud.es\\\/coleccion\\\/larca-dels-contes\\\/\"},{\"@type\":\"ListItem\",\"position\":6,\"name\":\"El test buit\"}]},{\"@type\":\"WebSite\",\"@id\":\"https:\\\/\\\/www.editorialjuventud.es\\\/#website\",\"url\":\"https:\\\/\\\/www.editorialjuventud.es\\\/\",\"name\":\"Editorial Juventud\",\"description\":\"\",\"potentialAction\":[{\"@type\":\"SearchAction\",\"target\":{\"@type\":\"EntryPoint\",\"urlTemplate\":\"https:\\\/\\\/www.editorialjuventud.es\\\/?s={search_term_string}\"},\"query-input\":{\"@type\":\"PropertyValueSpecification\",\"valueRequired\":true,\"valueName\":\"search_term_string\"}}],\"inLanguage\":\"ca\"}]}<\/script>\n<!-- \/ Yoast SEO plugin. -->","yoast_head_json":{"title":"El test buit - Editorial Juventud","description":"L'Emperador anuncia un m\u00e8tode gens habitual per triar un hereu: el nen que faci cr\u00e9ixer les millors flors de la llavor que ell li entregar\u00e0 ser\u00e0 el","robots":{"index":"index","follow":"follow","max-snippet":"max-snippet:-1","max-image-preview":"max-image-preview:large","max-video-preview":"max-video-preview:-1"},"canonical":"https:\/\/www.editorialjuventud.es\/el-test-buit-9788426138071\/","og_locale":"ca_ES","og_type":"article","og_title":"El test buit - Editorial Juventud","og_description":"L'Emperador anuncia un m\u00e8tode gens habitual per triar un hereu: el nen que faci cr\u00e9ixer les millors flors de la llavor que ell li entregar\u00e0 ser\u00e0 el","og_url":"https:\/\/www.editorialjuventud.es\/el-test-buit-9788426138071\/","og_site_name":"Editorial Juventud","article_modified_time":"2025-01-22T12:28:12+00:00","og_image":[{"width":489,"height":500,"url":"https:\/\/www.editorialjuventud.es\/wp-content\/uploads\/3807.jpg","type":"image\/jpeg"}],"twitter_card":"summary_large_image","schema":{"@context":"https:\/\/schema.org","@graph":[{"@type":"WebPage","@id":"https:\/\/www.editorialjuventud.es\/el-test-buit-9788426138071\/","url":"https:\/\/www.editorialjuventud.es\/el-test-buit-9788426138071\/","name":"El test buit - Editorial Juventud","isPartOf":{"@id":"https:\/\/www.editorialjuventud.es\/#website"},"primaryImageOfPage":{"@id":"https:\/\/www.editorialjuventud.es\/el-test-buit-9788426138071\/#primaryimage"},"image":{"@id":"https:\/\/www.editorialjuventud.es\/el-test-buit-9788426138071\/#primaryimage"},"thumbnailUrl":"https:\/\/www.editorialjuventud.es\/wp-content\/uploads\/3807.jpg","datePublished":"2018-08-24T09:13:12+00:00","dateModified":"2025-01-22T12:28:12+00:00","description":"L'Emperador anuncia un m\u00e8tode gens habitual per triar un hereu: el nen que faci cr\u00e9ixer les millors flors de la llavor que ell li entregar\u00e0 ser\u00e0 el","breadcrumb":{"@id":"https:\/\/www.editorialjuventud.es\/el-test-buit-9788426138071\/#breadcrumb"},"inLanguage":"ca","potentialAction":[{"@type":"ReadAction","target":["https:\/\/www.editorialjuventud.es\/el-test-buit-9788426138071\/"]}]},{"@type":"ImageObject","inLanguage":"ca","@id":"https:\/\/www.editorialjuventud.es\/el-test-buit-9788426138071\/#primaryimage","url":"https:\/\/www.editorialjuventud.es\/wp-content\/uploads\/3807.jpg","contentUrl":"https:\/\/www.editorialjuventud.es\/wp-content\/uploads\/3807.jpg","width":489,"height":500,"caption":"3807.jpg"},{"@type":"BreadcrumbList","@id":"https:\/\/www.editorialjuventud.es\/el-test-buit-9788426138071\/#breadcrumb","itemListElement":[{"@type":"ListItem","position":1,"name":"Portada","item":"https:\/\/www.editorialjuventud.es\/"},{"@type":"ListItem","position":2,"name":"cat\u00e1logo","item":"https:\/\/www.editorialjuventud.es\/coleccion\/catalogo\/"},{"@type":"ListItem","position":3,"name":"catal\u00e0","item":"https:\/\/www.editorialjuventud.es\/coleccion\/catala\/"},{"@type":"ListItem","position":4,"name":"\u00c0lbums Il\u00b7lustrats","item":"https:\/\/www.editorialjuventud.es\/coleccion\/albums-il%c2%b7lustrats\/"},{"@type":"ListItem","position":5,"name":"L'Arca dels Contes","item":"https:\/\/www.editorialjuventud.es\/coleccion\/larca-dels-contes\/"},{"@type":"ListItem","position":6,"name":"El test buit"}]},{"@type":"WebSite","@id":"https:\/\/www.editorialjuventud.es\/#website","url":"https:\/\/www.editorialjuventud.es\/","name":"Editorial Juventud","description":"","potentialAction":[{"@type":"SearchAction","target":{"@type":"EntryPoint","urlTemplate":"https:\/\/www.editorialjuventud.es\/?s={search_term_string}"},"query-input":{"@type":"PropertyValueSpecification","valueRequired":true,"valueName":"search_term_string"}}],"inLanguage":"ca"}]}},"_links":{"self":[{"href":"https:\/\/www.editorialjuventud.es\/ca\/wp-json\/wp\/v2\/product\/5708","targetHints":{"allow":["GET"]}}],"collection":[{"href":"https:\/\/www.editorialjuventud.es\/ca\/wp-json\/wp\/v2\/product"}],"about":[{"href":"https:\/\/www.editorialjuventud.es\/ca\/wp-json\/wp\/v2\/types\/product"}],"wp:featuredmedia":[{"embeddable":true,"href":"https:\/\/www.editorialjuventud.es\/ca\/wp-json\/wp\/v2\/media\/13193"}],"wp:attachment":[{"href":"https:\/\/www.editorialjuventud.es\/ca\/wp-json\/wp\/v2\/media?parent=5708"}],"wp:term":[{"taxonomy":"product_brand","embeddable":true,"href":"https:\/\/www.editorialjuventud.es\/ca\/wp-json\/wp\/v2\/product_brand?post=5708"},{"taxonomy":"product_cat","embeddable":true,"href":"https:\/\/www.editorialjuventud.es\/ca\/wp-json\/wp\/v2\/product_cat?post=5708"},{"taxonomy":"product_tag","embeddable":true,"href":"https:\/\/www.editorialjuventud.es\/ca\/wp-json\/wp\/v2\/product_tag?post=5708"},{"taxonomy":"coleccion","embeddable":true,"href":"https:\/\/www.editorialjuventud.es\/ca\/wp-json\/wp\/v2\/coleccion?post=5708"}],"curies":[{"name":"wp","href":"https:\/\/api.w.org\/{rel}","templated":true}]}}