{"id":5705,"date":"2018-08-24T13:13:00","date_gmt":"2018-08-24T09:13:00","guid":{"rendered":"http:\/\/www.editorialjuventud.es\/secretos-del-mediterraneo\/"},"modified":"2025-07-23T09:35:22","modified_gmt":"2025-07-23T07:35:22","slug":"secretos-del-mediterraneo-9788426138040","status":"publish","type":"product","link":"https:\/\/www.editorialjuventud.es\/ca\/secretos-del-mediterraneo-9788426138040\/","title":{"rendered":"Secretos del Mediterr\u00e1neo"},"content":{"rendered":"<p>Una miscel\u00e1nea de historia, mitolog\u00eda y otros relatos evocadores. El mar Mediterr\u00e1neo es un mar intrincado como un laberinto y acogedor como un \u00e1gora soleada en invierno. Secretos del Mediterr\u00e1neo es la obra de un enamorado de este mar que pretende resaltar como en un cuadro impresionista, hecho de trazos gruesos y pintado con colores vivos, una imagen sugerente de un mar al que se asoman los paisajes y las gentes de tres continentes y en cuyas orillas empez\u00f3 casi todo.<\/p>\n","protected":false},"excerpt":{"rendered":"Una miscel\u00e1nea de historia, mitolog\u00eda y otros relatos evocadores. El mar Mediterr\u00e1neo es un mar intrincado como un laberinto y acogedor como un \u00e1gora soleada en invierno. Secretos del Mediterr\u00e1neo es la obra de un enamorado de este mar que [&hellip;]","protected":false},"featured_media":14801,"template":"","meta":{"_acf_changed":false,"_exactmetrics_skip_tracking":false,"_exactmetrics_sitenote_active":false,"_exactmetrics_sitenote_note":"","_exactmetrics_sitenote_category":0},"product_brand":[],"product_cat":[905,1120],"product_tag":[],"coleccion":[936,1088],"class_list":{"0":"post-5705","1":"product","2":"type-product","3":"status-publish","4":"has-post-thumbnail","6":"product_cat-adulto","7":"product_cat-nautica","8":"coleccion-lecturas-en-torno-al-mar","9":"coleccion-narrativa-maritima-lecturas-entorno-al-mar","11":"first","12":"instock","13":"taxable","14":"shipping-taxable","15":"purchasable","16":"product-type-simple"},"acf":{"autor":"Ferr\u00e9s. Lluis","codart":"3804","ediciones":"1","encuadernacion":"Geltex","fecha_de_publicacion":"09\/07\/2010","novedad":"0","paginas":"294","subtitulo":"El \u00e1gora y el laberinto","texto_web_adicional":"","texto_web_novedad":"","orden":"999","portada":"0","texto_web_resaltado":"","autores-libros":[33002]},"yoast_head":"<!-- This site is optimized with the Yoast SEO plugin v27.5 - https:\/\/yoast.com\/product\/yoast-seo-wordpress\/ -->\n<title>Secretos del Mediterr\u00e1neo - Editorial Juventud<\/title>\n<meta name=\"description\" content=\"Una miscel\u00e1nea de historia, mitolog\u00eda y otros relatos evocadores. El mar Mediterr\u00e1neo es un mar intrincado como un laberinto y acogedor como un \u00e1gora\" \/>\n<meta name=\"robots\" content=\"index, follow, max-snippet:-1, max-image-preview:large, max-video-preview:-1\" \/>\n<link rel=\"canonical\" href=\"https:\/\/www.editorialjuventud.es\/secretos-del-mediterraneo-9788426138040\/\" \/>\n<meta property=\"og:locale\" content=\"ca_ES\" \/>\n<meta property=\"og:type\" content=\"article\" \/>\n<meta property=\"og:title\" content=\"Secretos del Mediterr\u00e1neo - Editorial Juventud\" \/>\n<meta property=\"og:description\" content=\"Una miscel\u00e1nea de historia, mitolog\u00eda y otros relatos evocadores. El mar Mediterr\u00e1neo es un mar intrincado como un laberinto y acogedor como un \u00e1gora\" \/>\n<meta property=\"og:url\" content=\"https:\/\/www.editorialjuventud.es\/secretos-del-mediterraneo-9788426138040\/\" \/>\n<meta property=\"og:site_name\" content=\"Editorial Juventud\" \/>\n<meta property=\"article:modified_time\" content=\"2025-07-23T07:35:22+00:00\" \/>\n<meta property=\"og:image\" content=\"https:\/\/www.editorialjuventud.es\/wp-content\/uploads\/3804.jpg\" \/>\n\t<meta property=\"og:image:width\" content=\"346\" \/>\n\t<meta property=\"og:image:height\" content=\"500\" \/>\n\t<meta property=\"og:image:type\" content=\"image\/jpeg\" \/>\n<meta name=\"twitter:card\" content=\"summary_large_image\" \/>\n<script type=\"application\/ld+json\" class=\"yoast-schema-graph\">{\"@context\":\"https:\\\/\\\/schema.org\",\"@graph\":[{\"@type\":\"WebPage\",\"@id\":\"https:\\\/\\\/www.editorialjuventud.es\\\/secretos-del-mediterraneo-9788426138040\\\/\",\"url\":\"https:\\\/\\\/www.editorialjuventud.es\\\/secretos-del-mediterraneo-9788426138040\\\/\",\"name\":\"Secretos del Mediterr\u00e1neo - Editorial Juventud\",\"isPartOf\":{\"@id\":\"https:\\\/\\\/www.editorialjuventud.es\\\/#website\"},\"primaryImageOfPage\":{\"@id\":\"https:\\\/\\\/www.editorialjuventud.es\\\/secretos-del-mediterraneo-9788426138040\\\/#primaryimage\"},\"image\":{\"@id\":\"https:\\\/\\\/www.editorialjuventud.es\\\/secretos-del-mediterraneo-9788426138040\\\/#primaryimage\"},\"thumbnailUrl\":\"https:\\\/\\\/www.editorialjuventud.es\\\/wp-content\\\/uploads\\\/3804.jpg\",\"datePublished\":\"2018-08-24T09:13:00+00:00\",\"dateModified\":\"2025-07-23T07:35:22+00:00\",\"description\":\"Una miscel\u00e1nea de historia, mitolog\u00eda y otros relatos evocadores. El mar Mediterr\u00e1neo es un mar intrincado como un laberinto y acogedor como un \u00e1gora\",\"breadcrumb\":{\"@id\":\"https:\\\/\\\/www.editorialjuventud.es\\\/secretos-del-mediterraneo-9788426138040\\\/#breadcrumb\"},\"inLanguage\":\"ca\",\"potentialAction\":[{\"@type\":\"ReadAction\",\"target\":[\"https:\\\/\\\/www.editorialjuventud.es\\\/secretos-del-mediterraneo-9788426138040\\\/\"]}]},{\"@type\":\"ImageObject\",\"inLanguage\":\"ca\",\"@id\":\"https:\\\/\\\/www.editorialjuventud.es\\\/secretos-del-mediterraneo-9788426138040\\\/#primaryimage\",\"url\":\"https:\\\/\\\/www.editorialjuventud.es\\\/wp-content\\\/uploads\\\/3804.jpg\",\"contentUrl\":\"https:\\\/\\\/www.editorialjuventud.es\\\/wp-content\\\/uploads\\\/3804.jpg\",\"width\":346,\"height\":500,\"caption\":\"3804.jpg\"},{\"@type\":\"BreadcrumbList\",\"@id\":\"https:\\\/\\\/www.editorialjuventud.es\\\/secretos-del-mediterraneo-9788426138040\\\/#breadcrumb\",\"itemListElement\":[{\"@type\":\"ListItem\",\"position\":1,\"name\":\"Portada\",\"item\":\"https:\\\/\\\/www.editorialjuventud.es\\\/\"},{\"@type\":\"ListItem\",\"position\":2,\"name\":\"cat\u00e1logo\",\"item\":\"https:\\\/\\\/www.editorialjuventud.es\\\/coleccion\\\/catalogo\\\/\"},{\"@type\":\"ListItem\",\"position\":3,\"name\":\"castellano\",\"item\":\"https:\\\/\\\/www.editorialjuventud.es\\\/coleccion\\\/castellano\\\/\"},{\"@type\":\"ListItem\",\"position\":4,\"name\":\"Lecturas En torno al Mar\",\"item\":\"https:\\\/\\\/www.editorialjuventud.es\\\/coleccion\\\/lecturas-en-torno-al-mar\\\/\"},{\"@type\":\"ListItem\",\"position\":5,\"name\":\"Narrativa Mar\u00edtima\",\"item\":\"https:\\\/\\\/www.editorialjuventud.es\\\/ca\\\/coleccion\\\/narrativa-maritima-lecturas-entorno-al-mar\\\/\"},{\"@type\":\"ListItem\",\"position\":6,\"name\":\"Secretos del Mediterr\u00e1neo\"}]},{\"@type\":\"WebSite\",\"@id\":\"https:\\\/\\\/www.editorialjuventud.es\\\/#website\",\"url\":\"https:\\\/\\\/www.editorialjuventud.es\\\/\",\"name\":\"Editorial Juventud\",\"description\":\"\",\"potentialAction\":[{\"@type\":\"SearchAction\",\"target\":{\"@type\":\"EntryPoint\",\"urlTemplate\":\"https:\\\/\\\/www.editorialjuventud.es\\\/?s={search_term_string}\"},\"query-input\":{\"@type\":\"PropertyValueSpecification\",\"valueRequired\":true,\"valueName\":\"search_term_string\"}}],\"inLanguage\":\"ca\"}]}<\/script>\n<!-- \/ Yoast SEO plugin. -->","yoast_head_json":{"title":"Secretos del Mediterr\u00e1neo - Editorial Juventud","description":"Una miscel\u00e1nea de historia, mitolog\u00eda y otros relatos evocadores. El mar Mediterr\u00e1neo es un mar intrincado como un laberinto y acogedor como un \u00e1gora","robots":{"index":"index","follow":"follow","max-snippet":"max-snippet:-1","max-image-preview":"max-image-preview:large","max-video-preview":"max-video-preview:-1"},"canonical":"https:\/\/www.editorialjuventud.es\/secretos-del-mediterraneo-9788426138040\/","og_locale":"ca_ES","og_type":"article","og_title":"Secretos del Mediterr\u00e1neo - Editorial Juventud","og_description":"Una miscel\u00e1nea de historia, mitolog\u00eda y otros relatos evocadores. El mar Mediterr\u00e1neo es un mar intrincado como un laberinto y acogedor como un \u00e1gora","og_url":"https:\/\/www.editorialjuventud.es\/secretos-del-mediterraneo-9788426138040\/","og_site_name":"Editorial Juventud","article_modified_time":"2025-07-23T07:35:22+00:00","og_image":[{"width":346,"height":500,"url":"https:\/\/www.editorialjuventud.es\/wp-content\/uploads\/3804.jpg","type":"image\/jpeg"}],"twitter_card":"summary_large_image","schema":{"@context":"https:\/\/schema.org","@graph":[{"@type":"WebPage","@id":"https:\/\/www.editorialjuventud.es\/secretos-del-mediterraneo-9788426138040\/","url":"https:\/\/www.editorialjuventud.es\/secretos-del-mediterraneo-9788426138040\/","name":"Secretos del Mediterr\u00e1neo - Editorial Juventud","isPartOf":{"@id":"https:\/\/www.editorialjuventud.es\/#website"},"primaryImageOfPage":{"@id":"https:\/\/www.editorialjuventud.es\/secretos-del-mediterraneo-9788426138040\/#primaryimage"},"image":{"@id":"https:\/\/www.editorialjuventud.es\/secretos-del-mediterraneo-9788426138040\/#primaryimage"},"thumbnailUrl":"https:\/\/www.editorialjuventud.es\/wp-content\/uploads\/3804.jpg","datePublished":"2018-08-24T09:13:00+00:00","dateModified":"2025-07-23T07:35:22+00:00","description":"Una miscel\u00e1nea de historia, mitolog\u00eda y otros relatos evocadores. El mar Mediterr\u00e1neo es un mar intrincado como un laberinto y acogedor como un \u00e1gora","breadcrumb":{"@id":"https:\/\/www.editorialjuventud.es\/secretos-del-mediterraneo-9788426138040\/#breadcrumb"},"inLanguage":"ca","potentialAction":[{"@type":"ReadAction","target":["https:\/\/www.editorialjuventud.es\/secretos-del-mediterraneo-9788426138040\/"]}]},{"@type":"ImageObject","inLanguage":"ca","@id":"https:\/\/www.editorialjuventud.es\/secretos-del-mediterraneo-9788426138040\/#primaryimage","url":"https:\/\/www.editorialjuventud.es\/wp-content\/uploads\/3804.jpg","contentUrl":"https:\/\/www.editorialjuventud.es\/wp-content\/uploads\/3804.jpg","width":346,"height":500,"caption":"3804.jpg"},{"@type":"BreadcrumbList","@id":"https:\/\/www.editorialjuventud.es\/secretos-del-mediterraneo-9788426138040\/#breadcrumb","itemListElement":[{"@type":"ListItem","position":1,"name":"Portada","item":"https:\/\/www.editorialjuventud.es\/"},{"@type":"ListItem","position":2,"name":"cat\u00e1logo","item":"https:\/\/www.editorialjuventud.es\/coleccion\/catalogo\/"},{"@type":"ListItem","position":3,"name":"castellano","item":"https:\/\/www.editorialjuventud.es\/coleccion\/castellano\/"},{"@type":"ListItem","position":4,"name":"Lecturas En torno al Mar","item":"https:\/\/www.editorialjuventud.es\/coleccion\/lecturas-en-torno-al-mar\/"},{"@type":"ListItem","position":5,"name":"Narrativa Mar\u00edtima","item":"https:\/\/www.editorialjuventud.es\/ca\/coleccion\/narrativa-maritima-lecturas-entorno-al-mar\/"},{"@type":"ListItem","position":6,"name":"Secretos del Mediterr\u00e1neo"}]},{"@type":"WebSite","@id":"https:\/\/www.editorialjuventud.es\/#website","url":"https:\/\/www.editorialjuventud.es\/","name":"Editorial Juventud","description":"","potentialAction":[{"@type":"SearchAction","target":{"@type":"EntryPoint","urlTemplate":"https:\/\/www.editorialjuventud.es\/?s={search_term_string}"},"query-input":{"@type":"PropertyValueSpecification","valueRequired":true,"valueName":"search_term_string"}}],"inLanguage":"ca"}]}},"_links":{"self":[{"href":"https:\/\/www.editorialjuventud.es\/ca\/wp-json\/wp\/v2\/product\/5705","targetHints":{"allow":["GET"]}}],"collection":[{"href":"https:\/\/www.editorialjuventud.es\/ca\/wp-json\/wp\/v2\/product"}],"about":[{"href":"https:\/\/www.editorialjuventud.es\/ca\/wp-json\/wp\/v2\/types\/product"}],"wp:featuredmedia":[{"embeddable":true,"href":"https:\/\/www.editorialjuventud.es\/ca\/wp-json\/wp\/v2\/media\/14801"}],"wp:attachment":[{"href":"https:\/\/www.editorialjuventud.es\/ca\/wp-json\/wp\/v2\/media?parent=5705"}],"wp:term":[{"taxonomy":"product_brand","embeddable":true,"href":"https:\/\/www.editorialjuventud.es\/ca\/wp-json\/wp\/v2\/product_brand?post=5705"},{"taxonomy":"product_cat","embeddable":true,"href":"https:\/\/www.editorialjuventud.es\/ca\/wp-json\/wp\/v2\/product_cat?post=5705"},{"taxonomy":"product_tag","embeddable":true,"href":"https:\/\/www.editorialjuventud.es\/ca\/wp-json\/wp\/v2\/product_tag?post=5705"},{"taxonomy":"coleccion","embeddable":true,"href":"https:\/\/www.editorialjuventud.es\/ca\/wp-json\/wp\/v2\/coleccion?post=5705"}],"curies":[{"name":"wp","href":"https:\/\/api.w.org\/{rel}","templated":true}]}}