{"id":57049,"date":"2021-09-02T09:18:26","date_gmt":"2021-09-02T07:18:26","guid":{"rendered":"https:\/\/www.editorialjuventud.es\/la-guineu-condueix-9788426147301\/"},"modified":"2026-05-05T11:08:24","modified_gmt":"2026-05-05T09:08:24","slug":"la-guineu-condueix-9788426147301","status":"publish","type":"product","link":"https:\/\/www.editorialjuventud.es\/ca\/la-guineu-condueix-9788426147301\/","title":{"rendered":"La guineu condueix"},"content":{"rendered":"<p>La guineu va amb cotxe a tot drap. Trontolla per la grava fent sotracs. Passa corrent els bassals. Xof, xof, xaf! Que divertit \u00e9s esquitxar! La guineu est\u00e0 xalant tant, que ni se n\u2019adona que se li han enfilat a la cua el ratol\u00ed, el talp, l\u2019ocell.<\/p>\n<p>Susanne Stra\u00dfer ens ofereix una nova entrega de la col\u00b7lecci\u00f3, Millor amb Amics, seguint el patr\u00f3 de conte acumulatiu que tant agrada als nens d\u2019aquestes edats, amb un tra\u00e7 en l\u00ednia clara i colors vius. Un conte tan divertit com els anteriors. Les seves onomatopeies i el seu text r\u00edtmic el fan encara m\u00e9s divertit al llegir-ho en veu alta.<\/p>\n<p><img loading=\"lazy\" decoding=\"async\" class=\"alignnone size-full wp-image-79655\" src=\"https:\/\/www.editorialjuventud.es\/wp-content\/uploads\/Logo_Suport_ICEC-e1738321957667.jpg\" alt=\"\" width=\"500\" height=\"131\" \/><\/p>\n","protected":false},"excerpt":{"rendered":"La guineu va amb cotxe a tot drap. Trontolla per la grava fent sotracs. Passa corrent els bassals. Xof, xof, xaf! Que divertit \u00e9s esquitxar! La guineu est\u00e0 xalant tant, que ni se n\u2019adona que se li han enfilat a [&hellip;]","protected":false},"featured_media":57050,"template":"","meta":{"_acf_changed":false,"_exactmetrics_skip_tracking":false,"_exactmetrics_sitenote_active":false,"_exactmetrics_sitenote_note":"","_exactmetrics_sitenote_category":0},"product_brand":[],"product_cat":[898,1136,1142,892,1115,1184,1122,893,1128,910],"product_tag":[],"coleccion":[915,920,972],"class_list":{"0":"post-57049","1":"product","2":"type-product","3":"status-publish","4":"has-post-thumbnail","6":"product_cat-a-partir-de-2-anos","7":"product_cat-amistad","8":"product_cat-aventura","9":"product_cat-edades","10":"product_cat-generos","11":"product_cat-humor","12":"product_cat-libros-de-carton","13":"product_cat-novedades","14":"product_cat-tematica","15":"product_cat-ultimas-novedades","16":"coleccion-catala","17":"coleccion-els-meus-primers-llibres","18":"coleccion-millor-amb-amics","20":"first","21":"instock","22":"taxable","23":"shipping-taxable","24":"purchasable","25":"product-type-simple"},"acf":{"indice":"","autor":"Stra\u00dfer, Susanne","codart":"4730","ediciones":"1","encuadernacion":"Cart\u00f3n","fecha_de_publicacion":"01\/09\/2021","fecha_de_reimpresion":"","novedad":"0","paginas":"26","subtitulo":"","texto_web_adicional":"","autores-libros":[16631],"ilustradores-libros":[16631],"texto_web_novedad":"","orden":"999","portada":"0","texto_web_resaltado":"","traductores-libros":[18058],"descripcion_corta":"","recomendamos":"","mas_vendido":"","idioma-libro":"","color":false,"formato":"","mas_informacion_del_producto":false,"premios":false,"deshabilitar_compra":["deshabilitar"],"texto_enlace_cubierta":"","enlace_cubierta":{"ID":57050,"id":57050,"title":"9788426147301.jpg","filename":"9788426147301.jpg","filesize":155392,"url":"https:\/\/www.editorialjuventud.es\/wp-content\/uploads\/9788426147301.jpg","link":"https:\/\/www.editorialjuventud.es\/ca\/?attachment_id=57050","alt":"9788426147301.jpg","author":"13","description":"","caption":"","name":"9788426147301-jpg","status":"inherit","uploaded_to":57049,"date":"2021-09-02 07:18:28","modified":"2021-09-02 07:18:28","menu_order":0,"mime_type":"image\/jpeg","type":"image","subtype":"jpeg","icon":"https:\/\/www.editorialjuventud.es\/wp-includes\/images\/media\/default.png","width":1200,"height":1166,"sizes":{"thumbnail":"https:\/\/www.editorialjuventud.es\/wp-content\/uploads\/9788426147301-200x200.jpg","thumbnail-width":200,"thumbnail-height":200,"medium":"https:\/\/www.editorialjuventud.es\/wp-content\/uploads\/9788426147301.jpg","medium-width":1200,"medium-height":1166,"medium_large":"https:\/\/www.editorialjuventud.es\/wp-content\/uploads\/9788426147301-768x746.jpg","medium_large-width":768,"medium_large-height":746,"large":"https:\/\/www.editorialjuventud.es\/wp-content\/uploads\/9788426147301.jpg","large-width":1200,"large-height":1166,"1536x1536":"https:\/\/www.editorialjuventud.es\/wp-content\/uploads\/9788426147301.jpg","1536x1536-width":1200,"1536x1536-height":1166,"2048x2048":"https:\/\/www.editorialjuventud.es\/wp-content\/uploads\/9788426147301.jpg","2048x2048-width":1200,"2048x2048-height":1166,"woocommerce_thumbnail":"https:\/\/www.editorialjuventud.es\/wp-content\/uploads\/9788426147301-350x340.jpg","woocommerce_thumbnail-width":350,"woocommerce_thumbnail-height":340,"woocommerce_single":"https:\/\/www.editorialjuventud.es\/wp-content\/uploads\/9788426147301-900x875.jpg","woocommerce_single-width":900,"woocommerce_single-height":875,"woocommerce_gallery_thumbnail":"https:\/\/www.editorialjuventud.es\/wp-content\/uploads\/9788426147301-100x100.jpg","woocommerce_gallery_thumbnail-width":100,"woocommerce_gallery_thumbnail-height":100,"ppec_logo_image_size":"https:\/\/www.editorialjuventud.es\/wp-content\/uploads\/9788426147301.jpg","ppec_logo_image_size-width":62,"ppec_logo_image_size-height":60,"ppec_header_image_size":"https:\/\/www.editorialjuventud.es\/wp-content\/uploads\/9788426147301.jpg","ppec_header_image_size-width":93,"ppec_header_image_size-height":90}},"texto_enlace_ficha_tecnica":"","enlace_ficha_tecnica":{"ID":57661,"id":57661,"title":"Fitxa_La guineu condueix","filename":"Fitxa_La-guineu-condueix.pdf","filesize":314071,"url":"https:\/\/www.editorialjuventud.es\/wp-content\/uploads\/Fitxa_La-guineu-condueix.pdf","link":"https:\/\/www.editorialjuventud.es\/ca\/?attachment_id=57661","alt":"","author":"47","description":"","caption":"","name":"fitxa_la-guineu-condueix","status":"inherit","uploaded_to":57049,"date":"2021-09-21 11:44:35","modified":"2021-09-21 11:44:35","menu_order":0,"mime_type":"application\/pdf","type":"application","subtype":"pdf","icon":"https:\/\/www.editorialjuventud.es\/wp-includes\/images\/media\/document.png"},"ficheros":false,"titulo-fr":"","texto-fr":""},"yoast_head":"<!-- This site is optimized with the Yoast SEO plugin v27.5 - https:\/\/yoast.com\/product\/yoast-seo-wordpress\/ -->\n<title>La guineu condueix - Editorial Juventud<\/title>\n<meta name=\"description\" content=\"La guineu va amb cotxe a tot drap. Trontolla per la grava fent sotracs. Passa corrent els bassals. Xof, xof, xaf! Que divertit \u00e9s esquitxar! La guineu\" \/>\n<meta name=\"robots\" content=\"index, follow, max-snippet:-1, max-image-preview:large, max-video-preview:-1\" \/>\n<link rel=\"canonical\" href=\"https:\/\/www.editorialjuventud.es\/la-guineu-condueix-9788426147301\/\" \/>\n<meta property=\"og:locale\" content=\"ca_ES\" \/>\n<meta property=\"og:type\" content=\"article\" \/>\n<meta property=\"og:title\" content=\"La guineu condueix - Editorial Juventud\" \/>\n<meta property=\"og:description\" content=\"La guineu va amb cotxe a tot drap. Trontolla per la grava fent sotracs. Passa corrent els bassals. Xof, xof, xaf! Que divertit \u00e9s esquitxar! La guineu\" \/>\n<meta property=\"og:url\" content=\"https:\/\/www.editorialjuventud.es\/la-guineu-condueix-9788426147301\/\" \/>\n<meta property=\"og:site_name\" content=\"Editorial Juventud\" \/>\n<meta property=\"article:modified_time\" content=\"2026-05-05T09:08:24+00:00\" \/>\n<meta property=\"og:image\" content=\"https:\/\/www.editorialjuventud.es\/wp-content\/uploads\/9788426147301.jpg\" \/>\n\t<meta property=\"og:image:width\" content=\"1200\" \/>\n\t<meta property=\"og:image:height\" content=\"1166\" \/>\n\t<meta property=\"og:image:type\" content=\"image\/jpeg\" \/>\n<meta name=\"twitter:card\" content=\"summary_large_image\" \/>\n<meta name=\"twitter:label1\" content=\"Temps estimat de lectura\" \/>\n\t<meta name=\"twitter:data1\" content=\"1 minut\" \/>\n<script type=\"application\/ld+json\" class=\"yoast-schema-graph\">{\"@context\":\"https:\\\/\\\/schema.org\",\"@graph\":[{\"@type\":\"WebPage\",\"@id\":\"https:\\\/\\\/www.editorialjuventud.es\\\/la-guineu-condueix-9788426147301\\\/\",\"url\":\"https:\\\/\\\/www.editorialjuventud.es\\\/la-guineu-condueix-9788426147301\\\/\",\"name\":\"La guineu condueix - Editorial Juventud\",\"isPartOf\":{\"@id\":\"https:\\\/\\\/www.editorialjuventud.es\\\/#website\"},\"primaryImageOfPage\":{\"@id\":\"https:\\\/\\\/www.editorialjuventud.es\\\/la-guineu-condueix-9788426147301\\\/#primaryimage\"},\"image\":{\"@id\":\"https:\\\/\\\/www.editorialjuventud.es\\\/la-guineu-condueix-9788426147301\\\/#primaryimage\"},\"thumbnailUrl\":\"https:\\\/\\\/www.editorialjuventud.es\\\/wp-content\\\/uploads\\\/9788426147301.jpg\",\"datePublished\":\"2021-09-02T07:18:26+00:00\",\"dateModified\":\"2026-05-05T09:08:24+00:00\",\"description\":\"La guineu va amb cotxe a tot drap. Trontolla per la grava fent sotracs. Passa corrent els bassals. Xof, xof, xaf! Que divertit \u00e9s esquitxar! La guineu\",\"breadcrumb\":{\"@id\":\"https:\\\/\\\/www.editorialjuventud.es\\\/la-guineu-condueix-9788426147301\\\/#breadcrumb\"},\"inLanguage\":\"ca\",\"potentialAction\":[{\"@type\":\"ReadAction\",\"target\":[\"https:\\\/\\\/www.editorialjuventud.es\\\/la-guineu-condueix-9788426147301\\\/\"]}]},{\"@type\":\"ImageObject\",\"inLanguage\":\"ca\",\"@id\":\"https:\\\/\\\/www.editorialjuventud.es\\\/la-guineu-condueix-9788426147301\\\/#primaryimage\",\"url\":\"https:\\\/\\\/www.editorialjuventud.es\\\/wp-content\\\/uploads\\\/9788426147301.jpg\",\"contentUrl\":\"https:\\\/\\\/www.editorialjuventud.es\\\/wp-content\\\/uploads\\\/9788426147301.jpg\",\"width\":1200,\"height\":1166,\"caption\":\"9788426147301.jpg\"},{\"@type\":\"BreadcrumbList\",\"@id\":\"https:\\\/\\\/www.editorialjuventud.es\\\/la-guineu-condueix-9788426147301\\\/#breadcrumb\",\"itemListElement\":[{\"@type\":\"ListItem\",\"position\":1,\"name\":\"Portada\",\"item\":\"https:\\\/\\\/www.editorialjuventud.es\\\/\"},{\"@type\":\"ListItem\",\"position\":2,\"name\":\"cat\u00e1logo\",\"item\":\"https:\\\/\\\/www.editorialjuventud.es\\\/coleccion\\\/catalogo\\\/\"},{\"@type\":\"ListItem\",\"position\":3,\"name\":\"catal\u00e0\",\"item\":\"https:\\\/\\\/www.editorialjuventud.es\\\/coleccion\\\/catala\\\/\"},{\"@type\":\"ListItem\",\"position\":4,\"name\":\"Els Meus Primers Llibres\",\"item\":\"https:\\\/\\\/www.editorialjuventud.es\\\/ca\\\/coleccion\\\/els-meus-primers-llibres\\\/\"},{\"@type\":\"ListItem\",\"position\":5,\"name\":\"Millor amb Amics\",\"item\":\"https:\\\/\\\/www.editorialjuventud.es\\\/coleccion\\\/millor-amb-amics\\\/\"},{\"@type\":\"ListItem\",\"position\":6,\"name\":\"La guineu condueix\"}]},{\"@type\":\"WebSite\",\"@id\":\"https:\\\/\\\/www.editorialjuventud.es\\\/#website\",\"url\":\"https:\\\/\\\/www.editorialjuventud.es\\\/\",\"name\":\"Editorial Juventud\",\"description\":\"\",\"potentialAction\":[{\"@type\":\"SearchAction\",\"target\":{\"@type\":\"EntryPoint\",\"urlTemplate\":\"https:\\\/\\\/www.editorialjuventud.es\\\/?s={search_term_string}\"},\"query-input\":{\"@type\":\"PropertyValueSpecification\",\"valueRequired\":true,\"valueName\":\"search_term_string\"}}],\"inLanguage\":\"ca\"}]}<\/script>\n<!-- \/ Yoast SEO plugin. -->","yoast_head_json":{"title":"La guineu condueix - Editorial Juventud","description":"La guineu va amb cotxe a tot drap. Trontolla per la grava fent sotracs. Passa corrent els bassals. Xof, xof, xaf! Que divertit \u00e9s esquitxar! La guineu","robots":{"index":"index","follow":"follow","max-snippet":"max-snippet:-1","max-image-preview":"max-image-preview:large","max-video-preview":"max-video-preview:-1"},"canonical":"https:\/\/www.editorialjuventud.es\/la-guineu-condueix-9788426147301\/","og_locale":"ca_ES","og_type":"article","og_title":"La guineu condueix - Editorial Juventud","og_description":"La guineu va amb cotxe a tot drap. Trontolla per la grava fent sotracs. Passa corrent els bassals. Xof, xof, xaf! Que divertit \u00e9s esquitxar! La guineu","og_url":"https:\/\/www.editorialjuventud.es\/la-guineu-condueix-9788426147301\/","og_site_name":"Editorial Juventud","article_modified_time":"2026-05-05T09:08:24+00:00","og_image":[{"width":1200,"height":1166,"url":"https:\/\/www.editorialjuventud.es\/wp-content\/uploads\/9788426147301.jpg","type":"image\/jpeg"}],"twitter_card":"summary_large_image","twitter_misc":{"Temps estimat de lectura":"1 minut"},"schema":{"@context":"https:\/\/schema.org","@graph":[{"@type":"WebPage","@id":"https:\/\/www.editorialjuventud.es\/la-guineu-condueix-9788426147301\/","url":"https:\/\/www.editorialjuventud.es\/la-guineu-condueix-9788426147301\/","name":"La guineu condueix - Editorial Juventud","isPartOf":{"@id":"https:\/\/www.editorialjuventud.es\/#website"},"primaryImageOfPage":{"@id":"https:\/\/www.editorialjuventud.es\/la-guineu-condueix-9788426147301\/#primaryimage"},"image":{"@id":"https:\/\/www.editorialjuventud.es\/la-guineu-condueix-9788426147301\/#primaryimage"},"thumbnailUrl":"https:\/\/www.editorialjuventud.es\/wp-content\/uploads\/9788426147301.jpg","datePublished":"2021-09-02T07:18:26+00:00","dateModified":"2026-05-05T09:08:24+00:00","description":"La guineu va amb cotxe a tot drap. Trontolla per la grava fent sotracs. Passa corrent els bassals. Xof, xof, xaf! Que divertit \u00e9s esquitxar! La guineu","breadcrumb":{"@id":"https:\/\/www.editorialjuventud.es\/la-guineu-condueix-9788426147301\/#breadcrumb"},"inLanguage":"ca","potentialAction":[{"@type":"ReadAction","target":["https:\/\/www.editorialjuventud.es\/la-guineu-condueix-9788426147301\/"]}]},{"@type":"ImageObject","inLanguage":"ca","@id":"https:\/\/www.editorialjuventud.es\/la-guineu-condueix-9788426147301\/#primaryimage","url":"https:\/\/www.editorialjuventud.es\/wp-content\/uploads\/9788426147301.jpg","contentUrl":"https:\/\/www.editorialjuventud.es\/wp-content\/uploads\/9788426147301.jpg","width":1200,"height":1166,"caption":"9788426147301.jpg"},{"@type":"BreadcrumbList","@id":"https:\/\/www.editorialjuventud.es\/la-guineu-condueix-9788426147301\/#breadcrumb","itemListElement":[{"@type":"ListItem","position":1,"name":"Portada","item":"https:\/\/www.editorialjuventud.es\/"},{"@type":"ListItem","position":2,"name":"cat\u00e1logo","item":"https:\/\/www.editorialjuventud.es\/coleccion\/catalogo\/"},{"@type":"ListItem","position":3,"name":"catal\u00e0","item":"https:\/\/www.editorialjuventud.es\/coleccion\/catala\/"},{"@type":"ListItem","position":4,"name":"Els Meus Primers Llibres","item":"https:\/\/www.editorialjuventud.es\/ca\/coleccion\/els-meus-primers-llibres\/"},{"@type":"ListItem","position":5,"name":"Millor amb Amics","item":"https:\/\/www.editorialjuventud.es\/coleccion\/millor-amb-amics\/"},{"@type":"ListItem","position":6,"name":"La guineu condueix"}]},{"@type":"WebSite","@id":"https:\/\/www.editorialjuventud.es\/#website","url":"https:\/\/www.editorialjuventud.es\/","name":"Editorial Juventud","description":"","potentialAction":[{"@type":"SearchAction","target":{"@type":"EntryPoint","urlTemplate":"https:\/\/www.editorialjuventud.es\/?s={search_term_string}"},"query-input":{"@type":"PropertyValueSpecification","valueRequired":true,"valueName":"search_term_string"}}],"inLanguage":"ca"}]}},"_links":{"self":[{"href":"https:\/\/www.editorialjuventud.es\/ca\/wp-json\/wp\/v2\/product\/57049","targetHints":{"allow":["GET"]}}],"collection":[{"href":"https:\/\/www.editorialjuventud.es\/ca\/wp-json\/wp\/v2\/product"}],"about":[{"href":"https:\/\/www.editorialjuventud.es\/ca\/wp-json\/wp\/v2\/types\/product"}],"wp:featuredmedia":[{"embeddable":true,"href":"https:\/\/www.editorialjuventud.es\/ca\/wp-json\/wp\/v2\/media\/57050"}],"wp:attachment":[{"href":"https:\/\/www.editorialjuventud.es\/ca\/wp-json\/wp\/v2\/media?parent=57049"}],"wp:term":[{"taxonomy":"product_brand","embeddable":true,"href":"https:\/\/www.editorialjuventud.es\/ca\/wp-json\/wp\/v2\/product_brand?post=57049"},{"taxonomy":"product_cat","embeddable":true,"href":"https:\/\/www.editorialjuventud.es\/ca\/wp-json\/wp\/v2\/product_cat?post=57049"},{"taxonomy":"product_tag","embeddable":true,"href":"https:\/\/www.editorialjuventud.es\/ca\/wp-json\/wp\/v2\/product_tag?post=57049"},{"taxonomy":"coleccion","embeddable":true,"href":"https:\/\/www.editorialjuventud.es\/ca\/wp-json\/wp\/v2\/coleccion?post=57049"}],"curies":[{"name":"wp","href":"https:\/\/api.w.org\/{rel}","templated":true}]}}