{"id":5704,"date":"2018-08-24T13:12:56","date_gmt":"2018-08-24T09:12:56","guid":{"rendered":"http:\/\/www.editorialjuventud.es\/adivina-en-que-pais\/"},"modified":"2025-01-27T12:45:06","modified_gmt":"2025-01-27T11:45:06","slug":"adivina-en-que-pais-9788426138033","status":"publish","type":"product","link":"https:\/\/www.editorialjuventud.es\/ca\/adivina-en-que-pais-9788426138033\/","title":{"rendered":"Adivina en qu\u00e9 pa\u00eds&#8230;"},"content":{"rendered":"<p>Adivina en qu\u00e9 pa\u00eds&#8230;, se hace papel de carta con caca de elefante. Adivina en qu\u00e9 pa\u00eds&#8230;, las vacas descansan sobre colchones. Adivina en qu\u00e9 pa\u00eds&#8230;, llueven peces. Adivina en qu\u00e9 pa\u00eds&#8230;, la leche sale congelada de la vaca&#8230; Todos estos hechos sorprendentes son reales y podr\u00e1s descubrir muchos m\u00e1s en este divertido \u00e1lbum que te har\u00e1 viajar alrededor del mundo.<\/p>\n","protected":false},"excerpt":{"rendered":"Adivina en qu\u00e9 pa\u00eds&#8230;, se hace papel de carta con caca de elefante. Adivina en qu\u00e9 pa\u00eds&#8230;, las vacas descansan sobre colchones. Adivina en qu\u00e9 pa\u00eds&#8230;, llueven peces. Adivina en qu\u00e9 pa\u00eds&#8230;, la leche sale congelada de la vaca&#8230; Todos [&hellip;]","protected":false},"featured_media":11979,"template":"","meta":{"_acf_changed":false,"_exactmetrics_skip_tracking":false,"_exactmetrics_sitenote_active":false,"_exactmetrics_sitenote_note":"","_exactmetrics_sitenote_category":0},"product_brand":[],"product_cat":[900,1138,1178,1123],"product_tag":[],"coleccion":[987],"class_list":{"0":"post-5704","1":"product","2":"type-product","3":"status-publish","4":"has-post-thumbnail","6":"product_cat-a-partir-de-5-anos","7":"product_cat-animales","8":"product_cat-geografia","9":"product_cat-libros-informativos-infantil","10":"coleccion-conocer-y-comprender","12":"first","13":"instock","14":"taxable","15":"shipping-taxable","16":"purchasable","17":"product-type-simple"},"acf":{"autor":"Badstuber, Martina","codart":"3803","ediciones":"1","encuadernacion":"Carton\u00e9","fecha_de_publicacion":"01\/07\/2010","novedad":"0","paginas":"48","subtitulo":"","texto_web_adicional":"","texto_web_novedad":"","orden":"999","portada":"0","texto_web_resaltado":"","autores-libros":[16203],"ilustradores-libros":[16203]},"yoast_head":"<!-- This site is optimized with the Yoast SEO plugin v27.5 - https:\/\/yoast.com\/product\/yoast-seo-wordpress\/ -->\n<title>Adivina en qu\u00e9 pa\u00eds... - Editorial Juventud<\/title>\n<meta name=\"description\" content=\"Adivina en qu\u00e9 pa\u00eds..., se hace papel de carta con caca de elefante. Adivina en qu\u00e9 pa\u00eds..., las vacas descansan sobre colchones. Adivina en qu\u00e9 pa\u00eds...,\" \/>\n<meta name=\"robots\" content=\"index, follow, max-snippet:-1, max-image-preview:large, max-video-preview:-1\" \/>\n<link rel=\"canonical\" href=\"https:\/\/www.editorialjuventud.es\/adivina-en-que-pais-9788426138033\/\" \/>\n<meta property=\"og:locale\" content=\"ca_ES\" \/>\n<meta property=\"og:type\" content=\"article\" \/>\n<meta property=\"og:title\" content=\"Adivina en qu\u00e9 pa\u00eds... - Editorial Juventud\" \/>\n<meta property=\"og:description\" content=\"Adivina en qu\u00e9 pa\u00eds..., se hace papel de carta con caca de elefante. Adivina en qu\u00e9 pa\u00eds..., las vacas descansan sobre colchones. Adivina en qu\u00e9 pa\u00eds...,\" \/>\n<meta property=\"og:url\" content=\"https:\/\/www.editorialjuventud.es\/adivina-en-que-pais-9788426138033\/\" \/>\n<meta property=\"og:site_name\" content=\"Editorial Juventud\" \/>\n<meta property=\"article:modified_time\" content=\"2025-01-27T11:45:06+00:00\" \/>\n<meta property=\"og:image\" content=\"https:\/\/www.editorialjuventud.es\/wp-content\/uploads\/3803.jpg\" \/>\n\t<meta property=\"og:image:width\" content=\"485\" \/>\n\t<meta property=\"og:image:height\" content=\"450\" \/>\n\t<meta property=\"og:image:type\" content=\"image\/jpeg\" \/>\n<meta name=\"twitter:card\" content=\"summary_large_image\" \/>\n<script type=\"application\/ld+json\" class=\"yoast-schema-graph\">{\"@context\":\"https:\\\/\\\/schema.org\",\"@graph\":[{\"@type\":\"WebPage\",\"@id\":\"https:\\\/\\\/www.editorialjuventud.es\\\/adivina-en-que-pais-9788426138033\\\/\",\"url\":\"https:\\\/\\\/www.editorialjuventud.es\\\/adivina-en-que-pais-9788426138033\\\/\",\"name\":\"Adivina en qu\u00e9 pa\u00eds... - Editorial Juventud\",\"isPartOf\":{\"@id\":\"https:\\\/\\\/www.editorialjuventud.es\\\/#website\"},\"primaryImageOfPage\":{\"@id\":\"https:\\\/\\\/www.editorialjuventud.es\\\/adivina-en-que-pais-9788426138033\\\/#primaryimage\"},\"image\":{\"@id\":\"https:\\\/\\\/www.editorialjuventud.es\\\/adivina-en-que-pais-9788426138033\\\/#primaryimage\"},\"thumbnailUrl\":\"https:\\\/\\\/www.editorialjuventud.es\\\/wp-content\\\/uploads\\\/3803.jpg\",\"datePublished\":\"2018-08-24T09:12:56+00:00\",\"dateModified\":\"2025-01-27T11:45:06+00:00\",\"description\":\"Adivina en qu\u00e9 pa\u00eds..., se hace papel de carta con caca de elefante. Adivina en qu\u00e9 pa\u00eds..., las vacas descansan sobre colchones. Adivina en qu\u00e9 pa\u00eds...,\",\"breadcrumb\":{\"@id\":\"https:\\\/\\\/www.editorialjuventud.es\\\/adivina-en-que-pais-9788426138033\\\/#breadcrumb\"},\"inLanguage\":\"ca\",\"potentialAction\":[{\"@type\":\"ReadAction\",\"target\":[\"https:\\\/\\\/www.editorialjuventud.es\\\/adivina-en-que-pais-9788426138033\\\/\"]}]},{\"@type\":\"ImageObject\",\"inLanguage\":\"ca\",\"@id\":\"https:\\\/\\\/www.editorialjuventud.es\\\/adivina-en-que-pais-9788426138033\\\/#primaryimage\",\"url\":\"https:\\\/\\\/www.editorialjuventud.es\\\/wp-content\\\/uploads\\\/3803.jpg\",\"contentUrl\":\"https:\\\/\\\/www.editorialjuventud.es\\\/wp-content\\\/uploads\\\/3803.jpg\",\"width\":485,\"height\":450,\"caption\":\"3803.jpg\"},{\"@type\":\"BreadcrumbList\",\"@id\":\"https:\\\/\\\/www.editorialjuventud.es\\\/adivina-en-que-pais-9788426138033\\\/#breadcrumb\",\"itemListElement\":[{\"@type\":\"ListItem\",\"position\":1,\"name\":\"Portada\",\"item\":\"https:\\\/\\\/www.editorialjuventud.es\\\/\"},{\"@type\":\"ListItem\",\"position\":2,\"name\":\"cat\u00e1logo\",\"item\":\"https:\\\/\\\/www.editorialjuventud.es\\\/coleccion\\\/catalogo\\\/\"},{\"@type\":\"ListItem\",\"position\":3,\"name\":\"castellano\",\"item\":\"https:\\\/\\\/www.editorialjuventud.es\\\/coleccion\\\/castellano\\\/\"},{\"@type\":\"ListItem\",\"position\":4,\"name\":\"\u00c1lbumes Ilustrados\",\"item\":\"https:\\\/\\\/www.editorialjuventud.es\\\/coleccion\\\/albumes-ilustrados\\\/\"},{\"@type\":\"ListItem\",\"position\":5,\"name\":\"Conocer y Comprender\",\"item\":\"https:\\\/\\\/www.editorialjuventud.es\\\/coleccion\\\/conocer-y-comprender\\\/\"},{\"@type\":\"ListItem\",\"position\":6,\"name\":\"Adivina en qu\u00e9 pa\u00eds...\"}]},{\"@type\":\"WebSite\",\"@id\":\"https:\\\/\\\/www.editorialjuventud.es\\\/#website\",\"url\":\"https:\\\/\\\/www.editorialjuventud.es\\\/\",\"name\":\"Editorial Juventud\",\"description\":\"\",\"potentialAction\":[{\"@type\":\"SearchAction\",\"target\":{\"@type\":\"EntryPoint\",\"urlTemplate\":\"https:\\\/\\\/www.editorialjuventud.es\\\/?s={search_term_string}\"},\"query-input\":{\"@type\":\"PropertyValueSpecification\",\"valueRequired\":true,\"valueName\":\"search_term_string\"}}],\"inLanguage\":\"ca\"}]}<\/script>\n<!-- \/ Yoast SEO plugin. -->","yoast_head_json":{"title":"Adivina en qu\u00e9 pa\u00eds... - Editorial Juventud","description":"Adivina en qu\u00e9 pa\u00eds..., se hace papel de carta con caca de elefante. Adivina en qu\u00e9 pa\u00eds..., las vacas descansan sobre colchones. Adivina en qu\u00e9 pa\u00eds...,","robots":{"index":"index","follow":"follow","max-snippet":"max-snippet:-1","max-image-preview":"max-image-preview:large","max-video-preview":"max-video-preview:-1"},"canonical":"https:\/\/www.editorialjuventud.es\/adivina-en-que-pais-9788426138033\/","og_locale":"ca_ES","og_type":"article","og_title":"Adivina en qu\u00e9 pa\u00eds... - Editorial Juventud","og_description":"Adivina en qu\u00e9 pa\u00eds..., se hace papel de carta con caca de elefante. Adivina en qu\u00e9 pa\u00eds..., las vacas descansan sobre colchones. Adivina en qu\u00e9 pa\u00eds...,","og_url":"https:\/\/www.editorialjuventud.es\/adivina-en-que-pais-9788426138033\/","og_site_name":"Editorial Juventud","article_modified_time":"2025-01-27T11:45:06+00:00","og_image":[{"width":485,"height":450,"url":"https:\/\/www.editorialjuventud.es\/wp-content\/uploads\/3803.jpg","type":"image\/jpeg"}],"twitter_card":"summary_large_image","schema":{"@context":"https:\/\/schema.org","@graph":[{"@type":"WebPage","@id":"https:\/\/www.editorialjuventud.es\/adivina-en-que-pais-9788426138033\/","url":"https:\/\/www.editorialjuventud.es\/adivina-en-que-pais-9788426138033\/","name":"Adivina en qu\u00e9 pa\u00eds... - Editorial Juventud","isPartOf":{"@id":"https:\/\/www.editorialjuventud.es\/#website"},"primaryImageOfPage":{"@id":"https:\/\/www.editorialjuventud.es\/adivina-en-que-pais-9788426138033\/#primaryimage"},"image":{"@id":"https:\/\/www.editorialjuventud.es\/adivina-en-que-pais-9788426138033\/#primaryimage"},"thumbnailUrl":"https:\/\/www.editorialjuventud.es\/wp-content\/uploads\/3803.jpg","datePublished":"2018-08-24T09:12:56+00:00","dateModified":"2025-01-27T11:45:06+00:00","description":"Adivina en qu\u00e9 pa\u00eds..., se hace papel de carta con caca de elefante. Adivina en qu\u00e9 pa\u00eds..., las vacas descansan sobre colchones. Adivina en qu\u00e9 pa\u00eds...,","breadcrumb":{"@id":"https:\/\/www.editorialjuventud.es\/adivina-en-que-pais-9788426138033\/#breadcrumb"},"inLanguage":"ca","potentialAction":[{"@type":"ReadAction","target":["https:\/\/www.editorialjuventud.es\/adivina-en-que-pais-9788426138033\/"]}]},{"@type":"ImageObject","inLanguage":"ca","@id":"https:\/\/www.editorialjuventud.es\/adivina-en-que-pais-9788426138033\/#primaryimage","url":"https:\/\/www.editorialjuventud.es\/wp-content\/uploads\/3803.jpg","contentUrl":"https:\/\/www.editorialjuventud.es\/wp-content\/uploads\/3803.jpg","width":485,"height":450,"caption":"3803.jpg"},{"@type":"BreadcrumbList","@id":"https:\/\/www.editorialjuventud.es\/adivina-en-que-pais-9788426138033\/#breadcrumb","itemListElement":[{"@type":"ListItem","position":1,"name":"Portada","item":"https:\/\/www.editorialjuventud.es\/"},{"@type":"ListItem","position":2,"name":"cat\u00e1logo","item":"https:\/\/www.editorialjuventud.es\/coleccion\/catalogo\/"},{"@type":"ListItem","position":3,"name":"castellano","item":"https:\/\/www.editorialjuventud.es\/coleccion\/castellano\/"},{"@type":"ListItem","position":4,"name":"\u00c1lbumes Ilustrados","item":"https:\/\/www.editorialjuventud.es\/coleccion\/albumes-ilustrados\/"},{"@type":"ListItem","position":5,"name":"Conocer y Comprender","item":"https:\/\/www.editorialjuventud.es\/coleccion\/conocer-y-comprender\/"},{"@type":"ListItem","position":6,"name":"Adivina en qu\u00e9 pa\u00eds..."}]},{"@type":"WebSite","@id":"https:\/\/www.editorialjuventud.es\/#website","url":"https:\/\/www.editorialjuventud.es\/","name":"Editorial Juventud","description":"","potentialAction":[{"@type":"SearchAction","target":{"@type":"EntryPoint","urlTemplate":"https:\/\/www.editorialjuventud.es\/?s={search_term_string}"},"query-input":{"@type":"PropertyValueSpecification","valueRequired":true,"valueName":"search_term_string"}}],"inLanguage":"ca"}]}},"_links":{"self":[{"href":"https:\/\/www.editorialjuventud.es\/ca\/wp-json\/wp\/v2\/product\/5704","targetHints":{"allow":["GET"]}}],"collection":[{"href":"https:\/\/www.editorialjuventud.es\/ca\/wp-json\/wp\/v2\/product"}],"about":[{"href":"https:\/\/www.editorialjuventud.es\/ca\/wp-json\/wp\/v2\/types\/product"}],"wp:featuredmedia":[{"embeddable":true,"href":"https:\/\/www.editorialjuventud.es\/ca\/wp-json\/wp\/v2\/media\/11979"}],"wp:attachment":[{"href":"https:\/\/www.editorialjuventud.es\/ca\/wp-json\/wp\/v2\/media?parent=5704"}],"wp:term":[{"taxonomy":"product_brand","embeddable":true,"href":"https:\/\/www.editorialjuventud.es\/ca\/wp-json\/wp\/v2\/product_brand?post=5704"},{"taxonomy":"product_cat","embeddable":true,"href":"https:\/\/www.editorialjuventud.es\/ca\/wp-json\/wp\/v2\/product_cat?post=5704"},{"taxonomy":"product_tag","embeddable":true,"href":"https:\/\/www.editorialjuventud.es\/ca\/wp-json\/wp\/v2\/product_tag?post=5704"},{"taxonomy":"coleccion","embeddable":true,"href":"https:\/\/www.editorialjuventud.es\/ca\/wp-json\/wp\/v2\/coleccion?post=5704"}],"curies":[{"name":"wp","href":"https:\/\/api.w.org\/{rel}","templated":true}]}}