{"id":5701,"date":"2018-08-24T11:12:43","date_gmt":"2018-08-24T09:12:43","guid":{"rendered":"http:\/\/www.editorialjuventud.es\/ledu-ja-no-vol-portar-bolquers\/"},"modified":"2025-01-22T13:28:31","modified_gmt":"2025-01-22T12:28:31","slug":"ledu-ja-no-vol-portar-bolquers-9788426138002","status":"publish","type":"product","link":"https:\/\/www.editorialjuventud.es\/ca\/ledu-ja-no-vol-portar-bolquers-9788426138002\/","title":{"rendered":"L&#8217;Edu ja no vol portar bolquers"},"content":{"rendered":"<p>L&#8217;Edu ja no vol portar bolquers. La mare li d\u00f3na un orinal. \u00abA partir d\u2019ara pots fer pip\u00ed a l\u2019orinal\u00bb, li diu. L\u2019Edu s\u2019hi asseu, per\u00f2 no passa res. Ara es pot posar cal\u00e7otets. Que maco que est\u00e0!<br \/>L\u2019Edu va a passejar amb el seu osset, i de sobte es nota el culet calent i humit&#8230;<\/p>\n","protected":false},"excerpt":{"rendered":"L&#8217;Edu ja no vol portar bolquers. La mare li d\u00f3na un orinal. \u00abA partir d\u2019ara pots fer pip\u00ed a l\u2019orinal\u00bb, li diu. L\u2019Edu s\u2019hi asseu, per\u00f2 no passa res. Ara es pot posar cal\u00e7otets. Que maco que est\u00e0!L\u2019Edu va a [&hellip;]","protected":false},"featured_media":13829,"template":"","meta":{"_acf_changed":false,"_exactmetrics_skip_tracking":false,"_exactmetrics_sitenote_active":false,"_exactmetrics_sitenote_note":"","_exactmetrics_sitenote_category":0},"product_brand":[],"product_cat":[898,1121,1281,1157,1159,907,1115,1181,1128],"product_tag":[],"coleccion":[964],"class_list":{"0":"post-5701","1":"product","2":"type-product","3":"status-publish","4":"has-post-thumbnail","6":"product_cat-a-partir-de-2-anos","7":"product_cat-albumes-ilustrados","8":"product_cat-aprendizaje","9":"product_cat-crecer","10":"product_cat-cuerpo-humano-anatomia","11":"product_cat-de-0-a-2-anos","12":"product_cat-generos","13":"product_cat-habitos","14":"product_cat-tematica","15":"coleccion-el-petit-edu-i-la-petita-marina","17":"first","18":"instock","19":"taxable","20":"shipping-taxable","21":"purchasable","22":"product-type-simple"},"acf":{"autor":"Bie, Linne","codart":"3800","ediciones":"3","encuadernacion":"Carton\u00e9","fecha_de_publicacion":"14\/06\/2010","novedad":"0","paginas":"32","subtitulo":"","texto_web_adicional":"","texto_web_novedad":"","orden":"999","portada":"0","texto_web_resaltado":"","indice":"","autores-libros":[16235],"ilustradores-libros":[16235],"traductores-libros":[17891],"descripcion_corta":"L'Edu ja no vol portar bolquers. La mare li d\u00f3na un orinal.","recomendamos":"","mas_vendido":"","idioma-libro":"","color":false,"formato":"","mas_informacion_del_producto":false,"premios":false,"texto_enlace_cubierta":"","enlace_cubierta":{"ID":30113,"id":30113,"title":"tapa EDU (apan\u0303o nuevo logo).indd","filename":"LEdu-ja-no-vol-portar-bolquers_300px_CAT.jpg","filesize":426416,"url":"https:\/\/www.editorialjuventud.es\/wp-content\/uploads\/LEdu-ja-no-vol-portar-bolquers_300px_CAT.jpg","link":"https:\/\/www.editorialjuventud.es\/ca\/?attachment_id=30113","alt":"","author":"50","description":"","caption":"","name":"tapa-edu-apan%cc%83o-nuevo-logo-indd-2","status":"inherit","uploaded_to":5701,"date":"2019-07-15 20:16:52","modified":"2019-07-15 20:16:52","menu_order":0,"mime_type":"image\/jpeg","type":"image","subtype":"jpeg","icon":"https:\/\/www.editorialjuventud.es\/wp-includes\/images\/media\/default.png","width":2537,"height":2544,"sizes":{"thumbnail":"https:\/\/www.editorialjuventud.es\/wp-content\/uploads\/LEdu-ja-no-vol-portar-bolquers_300px_CAT-200x200.jpg","thumbnail-width":200,"thumbnail-height":200,"medium":"https:\/\/www.editorialjuventud.es\/wp-content\/uploads\/LEdu-ja-no-vol-portar-bolquers_300px_CAT.jpg","medium-width":2537,"medium-height":2544,"medium_large":"https:\/\/www.editorialjuventud.es\/wp-content\/uploads\/LEdu-ja-no-vol-portar-bolquers_300px_CAT-768x770.jpg","medium_large-width":768,"medium_large-height":770,"large":"https:\/\/www.editorialjuventud.es\/wp-content\/uploads\/LEdu-ja-no-vol-portar-bolquers_300px_CAT.jpg","large-width":2537,"large-height":2544,"1536x1536":"https:\/\/www.editorialjuventud.es\/wp-content\/uploads\/LEdu-ja-no-vol-portar-bolquers_300px_CAT.jpg","1536x1536-width":1532,"1536x1536-height":1536,"2048x2048":"https:\/\/www.editorialjuventud.es\/wp-content\/uploads\/LEdu-ja-no-vol-portar-bolquers_300px_CAT.jpg","2048x2048-width":2042,"2048x2048-height":2048,"woocommerce_thumbnail":"https:\/\/www.editorialjuventud.es\/wp-content\/uploads\/LEdu-ja-no-vol-portar-bolquers_300px_CAT-350x351.jpg","woocommerce_thumbnail-width":350,"woocommerce_thumbnail-height":351,"woocommerce_single":"https:\/\/www.editorialjuventud.es\/wp-content\/uploads\/LEdu-ja-no-vol-portar-bolquers_300px_CAT-900x902.jpg","woocommerce_single-width":900,"woocommerce_single-height":902,"woocommerce_gallery_thumbnail":"https:\/\/www.editorialjuventud.es\/wp-content\/uploads\/LEdu-ja-no-vol-portar-bolquers_300px_CAT-100x100.jpg","woocommerce_gallery_thumbnail-width":100,"woocommerce_gallery_thumbnail-height":100,"ppec_logo_image_size":"https:\/\/www.editorialjuventud.es\/wp-content\/uploads\/LEdu-ja-no-vol-portar-bolquers_300px_CAT.jpg","ppec_logo_image_size-width":60,"ppec_logo_image_size-height":60,"ppec_header_image_size":"https:\/\/www.editorialjuventud.es\/wp-content\/uploads\/LEdu-ja-no-vol-portar-bolquers_300px_CAT.jpg","ppec_header_image_size-width":90,"ppec_header_image_size-height":90}},"texto_enlace_ficha_tecnica":"","enlace_ficha_tecnica":{"ID":30115,"id":30115,"title":"SERIE El pequen\u0303o Edu y la pequen\u0303a Marina","filename":"SERIE-El-pequen\u0303o-Edu-y-la-pequen\u0303a-Marina-1.pdf","filesize":3333780,"url":"https:\/\/www.editorialjuventud.es\/wp-content\/uploads\/SERIE-El-pequen\u0303o-Edu-y-la-pequen\u0303a-Marina-1.pdf","link":"https:\/\/www.editorialjuventud.es\/ca\/?attachment_id=30115","alt":"","author":"50","description":"","caption":"","name":"serie-el-pequen%cc%83o-edu-y-la-pequen%cc%83a-marina-2","status":"inherit","uploaded_to":5701,"date":"2019-07-15 20:17:22","modified":"2019-07-15 20:17:22","menu_order":0,"mime_type":"application\/pdf","type":"application","subtype":"pdf","icon":"https:\/\/www.editorialjuventud.es\/wp-includes\/images\/media\/document.png"},"ficheros":false,"titulo-fr":"","texto-fr":""},"yoast_head":"<!-- This site is optimized with the Yoast SEO plugin v27.5 - https:\/\/yoast.com\/product\/yoast-seo-wordpress\/ -->\n<title>L&#039;Edu ja no vol portar bolquers - Editorial Juventud<\/title>\n<meta name=\"description\" content=\"L&#039;Edu ja no vol portar bolquers. La mare li d\u00f3na un orinal.\" \/>\n<meta name=\"robots\" content=\"index, follow, max-snippet:-1, max-image-preview:large, max-video-preview:-1\" \/>\n<link rel=\"canonical\" href=\"https:\/\/www.editorialjuventud.es\/ledu-ja-no-vol-portar-bolquers-9788426138002\/\" \/>\n<meta property=\"og:locale\" content=\"ca_ES\" \/>\n<meta property=\"og:type\" content=\"article\" \/>\n<meta property=\"og:title\" content=\"L&#039;Edu ja no vol portar bolquers - Editorial Juventud\" \/>\n<meta property=\"og:description\" content=\"L&#039;Edu ja no vol portar bolquers. La mare li d\u00f3na un orinal.\" \/>\n<meta property=\"og:url\" content=\"https:\/\/www.editorialjuventud.es\/ledu-ja-no-vol-portar-bolquers-9788426138002\/\" \/>\n<meta property=\"og:site_name\" content=\"Editorial Juventud\" \/>\n<meta property=\"article:modified_time\" content=\"2025-01-22T12:28:31+00:00\" \/>\n<meta property=\"og:image\" content=\"https:\/\/www.editorialjuventud.es\/wp-content\/uploads\/3800.jpg\" \/>\n\t<meta property=\"og:image:width\" content=\"473\" \/>\n\t<meta property=\"og:image:height\" content=\"450\" \/>\n\t<meta property=\"og:image:type\" content=\"image\/jpeg\" \/>\n<meta name=\"twitter:card\" content=\"summary_large_image\" \/>\n<script type=\"application\/ld+json\" class=\"yoast-schema-graph\">{\"@context\":\"https:\\\/\\\/schema.org\",\"@graph\":[{\"@type\":\"WebPage\",\"@id\":\"https:\\\/\\\/www.editorialjuventud.es\\\/ledu-ja-no-vol-portar-bolquers-9788426138002\\\/\",\"url\":\"https:\\\/\\\/www.editorialjuventud.es\\\/ledu-ja-no-vol-portar-bolquers-9788426138002\\\/\",\"name\":\"L'Edu ja no vol portar bolquers - Editorial Juventud\",\"isPartOf\":{\"@id\":\"https:\\\/\\\/www.editorialjuventud.es\\\/#website\"},\"primaryImageOfPage\":{\"@id\":\"https:\\\/\\\/www.editorialjuventud.es\\\/ledu-ja-no-vol-portar-bolquers-9788426138002\\\/#primaryimage\"},\"image\":{\"@id\":\"https:\\\/\\\/www.editorialjuventud.es\\\/ledu-ja-no-vol-portar-bolquers-9788426138002\\\/#primaryimage\"},\"thumbnailUrl\":\"https:\\\/\\\/www.editorialjuventud.es\\\/wp-content\\\/uploads\\\/3800.jpg\",\"datePublished\":\"2018-08-24T09:12:43+00:00\",\"dateModified\":\"2025-01-22T12:28:31+00:00\",\"description\":\"L'Edu ja no vol portar bolquers. La mare li d\u00f3na un orinal.\",\"breadcrumb\":{\"@id\":\"https:\\\/\\\/www.editorialjuventud.es\\\/ledu-ja-no-vol-portar-bolquers-9788426138002\\\/#breadcrumb\"},\"inLanguage\":\"ca\",\"potentialAction\":[{\"@type\":\"ReadAction\",\"target\":[\"https:\\\/\\\/www.editorialjuventud.es\\\/ledu-ja-no-vol-portar-bolquers-9788426138002\\\/\"]}]},{\"@type\":\"ImageObject\",\"inLanguage\":\"ca\",\"@id\":\"https:\\\/\\\/www.editorialjuventud.es\\\/ledu-ja-no-vol-portar-bolquers-9788426138002\\\/#primaryimage\",\"url\":\"https:\\\/\\\/www.editorialjuventud.es\\\/wp-content\\\/uploads\\\/3800.jpg\",\"contentUrl\":\"https:\\\/\\\/www.editorialjuventud.es\\\/wp-content\\\/uploads\\\/3800.jpg\",\"width\":473,\"height\":450,\"caption\":\"3800.jpg\"},{\"@type\":\"BreadcrumbList\",\"@id\":\"https:\\\/\\\/www.editorialjuventud.es\\\/ledu-ja-no-vol-portar-bolquers-9788426138002\\\/#breadcrumb\",\"itemListElement\":[{\"@type\":\"ListItem\",\"position\":1,\"name\":\"Portada\",\"item\":\"https:\\\/\\\/www.editorialjuventud.es\\\/\"},{\"@type\":\"ListItem\",\"position\":2,\"name\":\"cat\u00e1logo\",\"item\":\"https:\\\/\\\/www.editorialjuventud.es\\\/coleccion\\\/catalogo\\\/\"},{\"@type\":\"ListItem\",\"position\":3,\"name\":\"catal\u00e0\",\"item\":\"https:\\\/\\\/www.editorialjuventud.es\\\/coleccion\\\/catala\\\/\"},{\"@type\":\"ListItem\",\"position\":4,\"name\":\"Els Meus Primers Llibres\",\"item\":\"https:\\\/\\\/www.editorialjuventud.es\\\/ca\\\/coleccion\\\/els-meus-primers-llibres\\\/\"},{\"@type\":\"ListItem\",\"position\":5,\"name\":\"El Petit Edu i la Petita Marina\",\"item\":\"https:\\\/\\\/www.editorialjuventud.es\\\/coleccion\\\/el-petit-edu-i-la-petita-marina\\\/\"},{\"@type\":\"ListItem\",\"position\":6,\"name\":\"L'Edu ja no vol portar bolquers\"}]},{\"@type\":\"WebSite\",\"@id\":\"https:\\\/\\\/www.editorialjuventud.es\\\/#website\",\"url\":\"https:\\\/\\\/www.editorialjuventud.es\\\/\",\"name\":\"Editorial Juventud\",\"description\":\"\",\"potentialAction\":[{\"@type\":\"SearchAction\",\"target\":{\"@type\":\"EntryPoint\",\"urlTemplate\":\"https:\\\/\\\/www.editorialjuventud.es\\\/?s={search_term_string}\"},\"query-input\":{\"@type\":\"PropertyValueSpecification\",\"valueRequired\":true,\"valueName\":\"search_term_string\"}}],\"inLanguage\":\"ca\"}]}<\/script>\n<!-- \/ Yoast SEO plugin. -->","yoast_head_json":{"title":"L'Edu ja no vol portar bolquers - Editorial Juventud","description":"L'Edu ja no vol portar bolquers. La mare li d\u00f3na un orinal.","robots":{"index":"index","follow":"follow","max-snippet":"max-snippet:-1","max-image-preview":"max-image-preview:large","max-video-preview":"max-video-preview:-1"},"canonical":"https:\/\/www.editorialjuventud.es\/ledu-ja-no-vol-portar-bolquers-9788426138002\/","og_locale":"ca_ES","og_type":"article","og_title":"L'Edu ja no vol portar bolquers - Editorial Juventud","og_description":"L'Edu ja no vol portar bolquers. La mare li d\u00f3na un orinal.","og_url":"https:\/\/www.editorialjuventud.es\/ledu-ja-no-vol-portar-bolquers-9788426138002\/","og_site_name":"Editorial Juventud","article_modified_time":"2025-01-22T12:28:31+00:00","og_image":[{"width":473,"height":450,"url":"https:\/\/www.editorialjuventud.es\/wp-content\/uploads\/3800.jpg","type":"image\/jpeg"}],"twitter_card":"summary_large_image","schema":{"@context":"https:\/\/schema.org","@graph":[{"@type":"WebPage","@id":"https:\/\/www.editorialjuventud.es\/ledu-ja-no-vol-portar-bolquers-9788426138002\/","url":"https:\/\/www.editorialjuventud.es\/ledu-ja-no-vol-portar-bolquers-9788426138002\/","name":"L'Edu ja no vol portar bolquers - Editorial Juventud","isPartOf":{"@id":"https:\/\/www.editorialjuventud.es\/#website"},"primaryImageOfPage":{"@id":"https:\/\/www.editorialjuventud.es\/ledu-ja-no-vol-portar-bolquers-9788426138002\/#primaryimage"},"image":{"@id":"https:\/\/www.editorialjuventud.es\/ledu-ja-no-vol-portar-bolquers-9788426138002\/#primaryimage"},"thumbnailUrl":"https:\/\/www.editorialjuventud.es\/wp-content\/uploads\/3800.jpg","datePublished":"2018-08-24T09:12:43+00:00","dateModified":"2025-01-22T12:28:31+00:00","description":"L'Edu ja no vol portar bolquers. La mare li d\u00f3na un orinal.","breadcrumb":{"@id":"https:\/\/www.editorialjuventud.es\/ledu-ja-no-vol-portar-bolquers-9788426138002\/#breadcrumb"},"inLanguage":"ca","potentialAction":[{"@type":"ReadAction","target":["https:\/\/www.editorialjuventud.es\/ledu-ja-no-vol-portar-bolquers-9788426138002\/"]}]},{"@type":"ImageObject","inLanguage":"ca","@id":"https:\/\/www.editorialjuventud.es\/ledu-ja-no-vol-portar-bolquers-9788426138002\/#primaryimage","url":"https:\/\/www.editorialjuventud.es\/wp-content\/uploads\/3800.jpg","contentUrl":"https:\/\/www.editorialjuventud.es\/wp-content\/uploads\/3800.jpg","width":473,"height":450,"caption":"3800.jpg"},{"@type":"BreadcrumbList","@id":"https:\/\/www.editorialjuventud.es\/ledu-ja-no-vol-portar-bolquers-9788426138002\/#breadcrumb","itemListElement":[{"@type":"ListItem","position":1,"name":"Portada","item":"https:\/\/www.editorialjuventud.es\/"},{"@type":"ListItem","position":2,"name":"cat\u00e1logo","item":"https:\/\/www.editorialjuventud.es\/coleccion\/catalogo\/"},{"@type":"ListItem","position":3,"name":"catal\u00e0","item":"https:\/\/www.editorialjuventud.es\/coleccion\/catala\/"},{"@type":"ListItem","position":4,"name":"Els Meus Primers Llibres","item":"https:\/\/www.editorialjuventud.es\/ca\/coleccion\/els-meus-primers-llibres\/"},{"@type":"ListItem","position":5,"name":"El Petit Edu i la Petita Marina","item":"https:\/\/www.editorialjuventud.es\/coleccion\/el-petit-edu-i-la-petita-marina\/"},{"@type":"ListItem","position":6,"name":"L'Edu ja no vol portar bolquers"}]},{"@type":"WebSite","@id":"https:\/\/www.editorialjuventud.es\/#website","url":"https:\/\/www.editorialjuventud.es\/","name":"Editorial Juventud","description":"","potentialAction":[{"@type":"SearchAction","target":{"@type":"EntryPoint","urlTemplate":"https:\/\/www.editorialjuventud.es\/?s={search_term_string}"},"query-input":{"@type":"PropertyValueSpecification","valueRequired":true,"valueName":"search_term_string"}}],"inLanguage":"ca"}]}},"_links":{"self":[{"href":"https:\/\/www.editorialjuventud.es\/ca\/wp-json\/wp\/v2\/product\/5701","targetHints":{"allow":["GET"]}}],"collection":[{"href":"https:\/\/www.editorialjuventud.es\/ca\/wp-json\/wp\/v2\/product"}],"about":[{"href":"https:\/\/www.editorialjuventud.es\/ca\/wp-json\/wp\/v2\/types\/product"}],"wp:featuredmedia":[{"embeddable":true,"href":"https:\/\/www.editorialjuventud.es\/ca\/wp-json\/wp\/v2\/media\/13829"}],"wp:attachment":[{"href":"https:\/\/www.editorialjuventud.es\/ca\/wp-json\/wp\/v2\/media?parent=5701"}],"wp:term":[{"taxonomy":"product_brand","embeddable":true,"href":"https:\/\/www.editorialjuventud.es\/ca\/wp-json\/wp\/v2\/product_brand?post=5701"},{"taxonomy":"product_cat","embeddable":true,"href":"https:\/\/www.editorialjuventud.es\/ca\/wp-json\/wp\/v2\/product_cat?post=5701"},{"taxonomy":"product_tag","embeddable":true,"href":"https:\/\/www.editorialjuventud.es\/ca\/wp-json\/wp\/v2\/product_tag?post=5701"},{"taxonomy":"coleccion","embeddable":true,"href":"https:\/\/www.editorialjuventud.es\/ca\/wp-json\/wp\/v2\/coleccion?post=5701"}],"curies":[{"name":"wp","href":"https:\/\/api.w.org\/{rel}","templated":true}]}}