{"id":5688,"date":"2018-08-24T13:11:50","date_gmt":"2018-08-24T09:11:50","guid":{"rendered":"http:\/\/www.editorialjuventud.es\/pesadilla-en-el-mar\/"},"modified":"2026-04-14T12:13:04","modified_gmt":"2026-04-14T10:13:04","slug":"pesadilla-en-el-mar-9788426137890","status":"publish","type":"product","link":"https:\/\/www.editorialjuventud.es\/ca\/pesadilla-en-el-mar-9788426137890\/","title":{"rendered":"Pesadilla en el mar"},"content":{"rendered":"<p>Un mercante de la antigua RDA realiza la traves\u00eda del Atl\u00e1ntico con un poliz\u00f3n a bordo: Manfred Echtheit, un ex agente de la temible Stasi que lleva un alijo de sofisticadas armas sovi\u00e9ticas. En un punto del oc\u00e9ano le espera su c\u00f3mplice y amante en un peque\u00f1o yate. Sin embargo los acontecimientos se precipitan dram\u00e1ticamente: Manfred es descubierto y obliga a la tripulaci\u00f3n a abandonar el barco.<\/p>\n","protected":false},"excerpt":{"rendered":"Un mercante de la antigua RDA realiza la traves\u00eda del Atl\u00e1ntico con un poliz\u00f3n a bordo: Manfred Echtheit, un ex agente de la temible Stasi que lleva un alijo de sofisticadas armas sovi\u00e9ticas. En un punto del oc\u00e9ano le espera [&hellip;]","protected":false},"featured_media":11533,"template":"","meta":{"_acf_changed":false,"_exactmetrics_skip_tracking":false,"_exactmetrics_sitenote_active":false,"_exactmetrics_sitenote_note":"","_exactmetrics_sitenote_category":0},"product_brand":[],"product_cat":[905,1120],"product_tag":[],"coleccion":[936,1088,1081],"class_list":{"0":"post-5688","1":"product","2":"type-product","3":"status-publish","4":"has-post-thumbnail","6":"product_cat-adulto","7":"product_cat-nautica","8":"coleccion-lecturas-en-torno-al-mar","9":"coleccion-narrativa-maritima-lecturas-entorno-al-mar","10":"coleccion-nostromo-la-aventura-maritima","12":"first","13":"outofstock","14":"taxable","15":"shipping-taxable","16":"purchasable","17":"product-type-simple"},"acf":{"autor":"Scott","codart":"3789","ediciones":"1","encuadernacion":"R\u00fastica","fecha_de_publicacion":"01\/04\/2010","novedad":"0","paginas":"360","subtitulo":"","texto_web_adicional":"","texto_web_novedad":"","orden":"999","portada":"0","texto_web_resaltado":"","indice":"","autores-libros":[16607],"ilustradores-libros":"","traductores-libros":[16308],"fecha_de_reimpresion":"","descripcion_corta":"","recomendamos":"","mas_vendido":"","idioma-libro":"","color":false,"formato":"","mas_informacion_del_producto":false,"premios":false,"deshabilitar_compra":[],"texto_enlace_cubierta":"","enlace_cubierta":false,"texto_enlace_ficha_tecnica":"","enlace_ficha_tecnica":false,"ficheros":false,"titulo-fr":"","texto-fr":""},"yoast_head":"<!-- This site is optimized with the Yoast SEO plugin v27.5 - https:\/\/yoast.com\/product\/yoast-seo-wordpress\/ -->\n<title>Pesadilla en el mar - Editorial Juventud<\/title>\n<meta name=\"description\" content=\"Un mercante de la antigua RDA realiza la traves\u00eda del Atl\u00e1ntico con un poliz\u00f3n a bordo: Manfred Echtheit, un ex agente de la temible Stasi que lleva un\" \/>\n<meta name=\"robots\" content=\"index, follow, max-snippet:-1, max-image-preview:large, max-video-preview:-1\" \/>\n<link rel=\"canonical\" href=\"https:\/\/www.editorialjuventud.es\/pesadilla-en-el-mar-9788426137890\/\" \/>\n<meta property=\"og:locale\" content=\"ca_ES\" \/>\n<meta property=\"og:type\" content=\"article\" \/>\n<meta property=\"og:title\" content=\"Pesadilla en el mar - Editorial Juventud\" \/>\n<meta property=\"og:description\" content=\"Un mercante de la antigua RDA realiza la traves\u00eda del Atl\u00e1ntico con un poliz\u00f3n a bordo: Manfred Echtheit, un ex agente de la temible Stasi que lleva un\" \/>\n<meta property=\"og:url\" content=\"https:\/\/www.editorialjuventud.es\/pesadilla-en-el-mar-9788426137890\/\" \/>\n<meta property=\"og:site_name\" content=\"Editorial Juventud\" \/>\n<meta property=\"article:modified_time\" content=\"2026-04-14T10:13:04+00:00\" \/>\n<meta property=\"og:image\" content=\"https:\/\/www.editorialjuventud.es\/wp-content\/uploads\/3789.jpg\" \/>\n\t<meta property=\"og:image:width\" content=\"281\" \/>\n\t<meta property=\"og:image:height\" content=\"450\" \/>\n\t<meta property=\"og:image:type\" content=\"image\/jpeg\" \/>\n<meta name=\"twitter:card\" content=\"summary_large_image\" \/>\n<meta name=\"twitter:label1\" content=\"Temps estimat de lectura\" \/>\n\t<meta name=\"twitter:data1\" content=\"1 minut\" \/>\n<script type=\"application\/ld+json\" class=\"yoast-schema-graph\">{\"@context\":\"https:\\\/\\\/schema.org\",\"@graph\":[{\"@type\":\"WebPage\",\"@id\":\"https:\\\/\\\/www.editorialjuventud.es\\\/pesadilla-en-el-mar-9788426137890\\\/\",\"url\":\"https:\\\/\\\/www.editorialjuventud.es\\\/pesadilla-en-el-mar-9788426137890\\\/\",\"name\":\"Pesadilla en el mar - Editorial Juventud\",\"isPartOf\":{\"@id\":\"https:\\\/\\\/www.editorialjuventud.es\\\/#website\"},\"primaryImageOfPage\":{\"@id\":\"https:\\\/\\\/www.editorialjuventud.es\\\/pesadilla-en-el-mar-9788426137890\\\/#primaryimage\"},\"image\":{\"@id\":\"https:\\\/\\\/www.editorialjuventud.es\\\/pesadilla-en-el-mar-9788426137890\\\/#primaryimage\"},\"thumbnailUrl\":\"https:\\\/\\\/www.editorialjuventud.es\\\/wp-content\\\/uploads\\\/3789.jpg\",\"datePublished\":\"2018-08-24T09:11:50+00:00\",\"dateModified\":\"2026-04-14T10:13:04+00:00\",\"description\":\"Un mercante de la antigua RDA realiza la traves\u00eda del Atl\u00e1ntico con un poliz\u00f3n a bordo: Manfred Echtheit, un ex agente de la temible Stasi que lleva un\",\"breadcrumb\":{\"@id\":\"https:\\\/\\\/www.editorialjuventud.es\\\/pesadilla-en-el-mar-9788426137890\\\/#breadcrumb\"},\"inLanguage\":\"ca\",\"potentialAction\":[{\"@type\":\"ReadAction\",\"target\":[\"https:\\\/\\\/www.editorialjuventud.es\\\/pesadilla-en-el-mar-9788426137890\\\/\"]}]},{\"@type\":\"ImageObject\",\"inLanguage\":\"ca\",\"@id\":\"https:\\\/\\\/www.editorialjuventud.es\\\/pesadilla-en-el-mar-9788426137890\\\/#primaryimage\",\"url\":\"https:\\\/\\\/www.editorialjuventud.es\\\/wp-content\\\/uploads\\\/3789.jpg\",\"contentUrl\":\"https:\\\/\\\/www.editorialjuventud.es\\\/wp-content\\\/uploads\\\/3789.jpg\",\"width\":281,\"height\":450,\"caption\":\"3789.jpg\"},{\"@type\":\"BreadcrumbList\",\"@id\":\"https:\\\/\\\/www.editorialjuventud.es\\\/pesadilla-en-el-mar-9788426137890\\\/#breadcrumb\",\"itemListElement\":[{\"@type\":\"ListItem\",\"position\":1,\"name\":\"Portada\",\"item\":\"https:\\\/\\\/www.editorialjuventud.es\\\/\"},{\"@type\":\"ListItem\",\"position\":2,\"name\":\"cat\u00e1logo\",\"item\":\"https:\\\/\\\/www.editorialjuventud.es\\\/coleccion\\\/catalogo\\\/\"},{\"@type\":\"ListItem\",\"position\":3,\"name\":\"castellano\",\"item\":\"https:\\\/\\\/www.editorialjuventud.es\\\/coleccion\\\/castellano\\\/\"},{\"@type\":\"ListItem\",\"position\":4,\"name\":\"Lecturas En torno al Mar\",\"item\":\"https:\\\/\\\/www.editorialjuventud.es\\\/coleccion\\\/lecturas-en-torno-al-mar\\\/\"},{\"@type\":\"ListItem\",\"position\":5,\"name\":\"Narrativa Mar\u00edtima\",\"item\":\"https:\\\/\\\/www.editorialjuventud.es\\\/ca\\\/coleccion\\\/narrativa-maritima-lecturas-entorno-al-mar\\\/\"},{\"@type\":\"ListItem\",\"position\":6,\"name\":\"Nostromo. La Aventura Mar\u00edtima\",\"item\":\"https:\\\/\\\/www.editorialjuventud.es\\\/ca\\\/coleccion\\\/nostromo-la-aventura-maritima\\\/\"},{\"@type\":\"ListItem\",\"position\":7,\"name\":\"Pesadilla en el mar\"}]},{\"@type\":\"WebSite\",\"@id\":\"https:\\\/\\\/www.editorialjuventud.es\\\/#website\",\"url\":\"https:\\\/\\\/www.editorialjuventud.es\\\/\",\"name\":\"Editorial Juventud\",\"description\":\"\",\"potentialAction\":[{\"@type\":\"SearchAction\",\"target\":{\"@type\":\"EntryPoint\",\"urlTemplate\":\"https:\\\/\\\/www.editorialjuventud.es\\\/?s={search_term_string}\"},\"query-input\":{\"@type\":\"PropertyValueSpecification\",\"valueRequired\":true,\"valueName\":\"search_term_string\"}}],\"inLanguage\":\"ca\"}]}<\/script>\n<!-- \/ Yoast SEO plugin. -->","yoast_head_json":{"title":"Pesadilla en el mar - Editorial Juventud","description":"Un mercante de la antigua RDA realiza la traves\u00eda del Atl\u00e1ntico con un poliz\u00f3n a bordo: Manfred Echtheit, un ex agente de la temible Stasi que lleva un","robots":{"index":"index","follow":"follow","max-snippet":"max-snippet:-1","max-image-preview":"max-image-preview:large","max-video-preview":"max-video-preview:-1"},"canonical":"https:\/\/www.editorialjuventud.es\/pesadilla-en-el-mar-9788426137890\/","og_locale":"ca_ES","og_type":"article","og_title":"Pesadilla en el mar - Editorial Juventud","og_description":"Un mercante de la antigua RDA realiza la traves\u00eda del Atl\u00e1ntico con un poliz\u00f3n a bordo: Manfred Echtheit, un ex agente de la temible Stasi que lleva un","og_url":"https:\/\/www.editorialjuventud.es\/pesadilla-en-el-mar-9788426137890\/","og_site_name":"Editorial Juventud","article_modified_time":"2026-04-14T10:13:04+00:00","og_image":[{"width":281,"height":450,"url":"https:\/\/www.editorialjuventud.es\/wp-content\/uploads\/3789.jpg","type":"image\/jpeg"}],"twitter_card":"summary_large_image","twitter_misc":{"Temps estimat de lectura":"1 minut"},"schema":{"@context":"https:\/\/schema.org","@graph":[{"@type":"WebPage","@id":"https:\/\/www.editorialjuventud.es\/pesadilla-en-el-mar-9788426137890\/","url":"https:\/\/www.editorialjuventud.es\/pesadilla-en-el-mar-9788426137890\/","name":"Pesadilla en el mar - Editorial Juventud","isPartOf":{"@id":"https:\/\/www.editorialjuventud.es\/#website"},"primaryImageOfPage":{"@id":"https:\/\/www.editorialjuventud.es\/pesadilla-en-el-mar-9788426137890\/#primaryimage"},"image":{"@id":"https:\/\/www.editorialjuventud.es\/pesadilla-en-el-mar-9788426137890\/#primaryimage"},"thumbnailUrl":"https:\/\/www.editorialjuventud.es\/wp-content\/uploads\/3789.jpg","datePublished":"2018-08-24T09:11:50+00:00","dateModified":"2026-04-14T10:13:04+00:00","description":"Un mercante de la antigua RDA realiza la traves\u00eda del Atl\u00e1ntico con un poliz\u00f3n a bordo: Manfred Echtheit, un ex agente de la temible Stasi que lleva un","breadcrumb":{"@id":"https:\/\/www.editorialjuventud.es\/pesadilla-en-el-mar-9788426137890\/#breadcrumb"},"inLanguage":"ca","potentialAction":[{"@type":"ReadAction","target":["https:\/\/www.editorialjuventud.es\/pesadilla-en-el-mar-9788426137890\/"]}]},{"@type":"ImageObject","inLanguage":"ca","@id":"https:\/\/www.editorialjuventud.es\/pesadilla-en-el-mar-9788426137890\/#primaryimage","url":"https:\/\/www.editorialjuventud.es\/wp-content\/uploads\/3789.jpg","contentUrl":"https:\/\/www.editorialjuventud.es\/wp-content\/uploads\/3789.jpg","width":281,"height":450,"caption":"3789.jpg"},{"@type":"BreadcrumbList","@id":"https:\/\/www.editorialjuventud.es\/pesadilla-en-el-mar-9788426137890\/#breadcrumb","itemListElement":[{"@type":"ListItem","position":1,"name":"Portada","item":"https:\/\/www.editorialjuventud.es\/"},{"@type":"ListItem","position":2,"name":"cat\u00e1logo","item":"https:\/\/www.editorialjuventud.es\/coleccion\/catalogo\/"},{"@type":"ListItem","position":3,"name":"castellano","item":"https:\/\/www.editorialjuventud.es\/coleccion\/castellano\/"},{"@type":"ListItem","position":4,"name":"Lecturas En torno al Mar","item":"https:\/\/www.editorialjuventud.es\/coleccion\/lecturas-en-torno-al-mar\/"},{"@type":"ListItem","position":5,"name":"Narrativa Mar\u00edtima","item":"https:\/\/www.editorialjuventud.es\/ca\/coleccion\/narrativa-maritima-lecturas-entorno-al-mar\/"},{"@type":"ListItem","position":6,"name":"Nostromo. La Aventura Mar\u00edtima","item":"https:\/\/www.editorialjuventud.es\/ca\/coleccion\/nostromo-la-aventura-maritima\/"},{"@type":"ListItem","position":7,"name":"Pesadilla en el mar"}]},{"@type":"WebSite","@id":"https:\/\/www.editorialjuventud.es\/#website","url":"https:\/\/www.editorialjuventud.es\/","name":"Editorial Juventud","description":"","potentialAction":[{"@type":"SearchAction","target":{"@type":"EntryPoint","urlTemplate":"https:\/\/www.editorialjuventud.es\/?s={search_term_string}"},"query-input":{"@type":"PropertyValueSpecification","valueRequired":true,"valueName":"search_term_string"}}],"inLanguage":"ca"}]}},"_links":{"self":[{"href":"https:\/\/www.editorialjuventud.es\/ca\/wp-json\/wp\/v2\/product\/5688","targetHints":{"allow":["GET"]}}],"collection":[{"href":"https:\/\/www.editorialjuventud.es\/ca\/wp-json\/wp\/v2\/product"}],"about":[{"href":"https:\/\/www.editorialjuventud.es\/ca\/wp-json\/wp\/v2\/types\/product"}],"wp:featuredmedia":[{"embeddable":true,"href":"https:\/\/www.editorialjuventud.es\/ca\/wp-json\/wp\/v2\/media\/11533"}],"wp:attachment":[{"href":"https:\/\/www.editorialjuventud.es\/ca\/wp-json\/wp\/v2\/media?parent=5688"}],"wp:term":[{"taxonomy":"product_brand","embeddable":true,"href":"https:\/\/www.editorialjuventud.es\/ca\/wp-json\/wp\/v2\/product_brand?post=5688"},{"taxonomy":"product_cat","embeddable":true,"href":"https:\/\/www.editorialjuventud.es\/ca\/wp-json\/wp\/v2\/product_cat?post=5688"},{"taxonomy":"product_tag","embeddable":true,"href":"https:\/\/www.editorialjuventud.es\/ca\/wp-json\/wp\/v2\/product_tag?post=5688"},{"taxonomy":"coleccion","embeddable":true,"href":"https:\/\/www.editorialjuventud.es\/ca\/wp-json\/wp\/v2\/coleccion?post=5688"}],"curies":[{"name":"wp","href":"https:\/\/api.w.org\/{rel}","templated":true}]}}