{"id":5684,"date":"2018-08-24T13:11:33","date_gmt":"2018-08-24T09:11:33","guid":{"rendered":"http:\/\/www.editorialjuventud.es\/la-senora-de-los-libros\/"},"modified":"2025-01-31T10:46:13","modified_gmt":"2025-01-31T09:46:13","slug":"la-senora-de-los-libros-9788426137852","status":"publish","type":"product","link":"https:\/\/www.editorialjuventud.es\/ca\/la-senora-de-los-libros-9788426137852\/","title":{"rendered":"La se\u00f1ora de los libros"},"content":{"rendered":"<p>Este libro est\u00e1 inspirado en una historia real: la valiente labor de las bibliotecarias a caballo, conocidas como \u00ablas se\u00f1oras de los libros\u00bb en los Apalaches de Kentucky. El Proyecto de la Biblioteca a Caballo se fund\u00f3 en los a\u00f1os treinta del siglo xx, con el fin de acercar los libros a zonas aisladas donde hab\u00eda pocos colegios y ninguna biblioteca. En lo alto de las monta\u00f1as, los caminos eran a menudo simples lechos de riachuelos o senderos accidentados. A lomos de un caballo o una mula, las bibliotecarias a caballo recorr\u00edan la misma ardua ruta cada dos semanas cargadas de libros, con independencia de que el tiempo fuera bueno o malo.<\/p>\n","protected":false},"excerpt":{"rendered":"Este libro est\u00e1 inspirado en una historia real: la valiente labor de las bibliotecarias a caballo, conocidas como \u00ablas se\u00f1oras de los libros\u00bb en los Apalaches de Kentucky. El Proyecto de la Biblioteca a Caballo se fund\u00f3 en los a\u00f1os [&hellip;]","protected":false},"featured_media":11449,"template":"","meta":{"_acf_changed":false,"_exactmetrics_skip_tracking":false,"_exactmetrics_sitenote_active":false,"_exactmetrics_sitenote_note":"","_exactmetrics_sitenote_category":0},"product_brand":[],"product_cat":[902,1121,1144],"product_tag":[],"coleccion":[928,916,1233],"class_list":{"0":"post-5684","1":"product","2":"type-product","3":"status-publish","4":"has-post-thumbnail","6":"product_cat-a-partir-de-7-anos","7":"product_cat-albumes-ilustrados","8":"product_cat-bibliotecas-libros-sobre-libros","9":"coleccion-albumes-ilustrados","10":"coleccion-castellano","11":"coleccion-libros-y-bibliotecas-albumes-ilustrados","13":"first","14":"instock","15":"taxable","16":"shipping-taxable","17":"purchasable","18":"product-type-simple"},"acf":{"autor":"Henson - Small","codart":"3785","ediciones":"4","encuadernacion":"Carton\u00e9","fecha_de_publicacion":"01\/04\/2010","novedad":"0","paginas":"40","subtitulo":"","texto_web_adicional":"","texto_web_novedad":"","orden":"999","portada":"0","texto_web_resaltado":"","indice":"","autores-libros":[16406],"ilustradores-libros":[18111],"traductores-libros":"","fecha_de_reimpresion":"01\/09\/2018","descripcion_corta":"","recomendamos":"","mas_vendido":"","idioma-libro":"","color":false,"formato":"","mas_informacion_del_producto":false,"premios":false,"deshabilitar_compra":[],"texto_enlace_cubierta":"","enlace_cubierta":false,"texto_enlace_ficha_tecnica":"","enlace_ficha_tecnica":false,"ficheros":false,"titulo-fr":"","texto-fr":""},"yoast_head":"<!-- This site is optimized with the Yoast SEO plugin v27.5 - https:\/\/yoast.com\/product\/yoast-seo-wordpress\/ -->\n<title>La se\u00f1ora de los libros - Editorial Juventud<\/title>\n<meta name=\"description\" content=\"Este libro est\u00e1 inspirado en una historia real: la valiente labor de las bibliotecarias a caballo, conocidas como \u00ablas se\u00f1oras de los libros\u00bb en los\" \/>\n<meta name=\"robots\" content=\"index, follow, max-snippet:-1, max-image-preview:large, max-video-preview:-1\" \/>\n<link rel=\"canonical\" href=\"https:\/\/www.editorialjuventud.es\/la-senora-de-los-libros-9788426137852\/\" \/>\n<meta property=\"og:locale\" content=\"ca_ES\" \/>\n<meta property=\"og:type\" content=\"article\" \/>\n<meta property=\"og:title\" content=\"La se\u00f1ora de los libros - Editorial Juventud\" \/>\n<meta property=\"og:description\" content=\"Este libro est\u00e1 inspirado en una historia real: la valiente labor de las bibliotecarias a caballo, conocidas como \u00ablas se\u00f1oras de los libros\u00bb en los\" \/>\n<meta property=\"og:url\" content=\"https:\/\/www.editorialjuventud.es\/la-senora-de-los-libros-9788426137852\/\" \/>\n<meta property=\"og:site_name\" content=\"Editorial Juventud\" \/>\n<meta property=\"article:modified_time\" content=\"2025-01-31T09:46:13+00:00\" \/>\n<meta property=\"og:image\" content=\"https:\/\/www.editorialjuventud.es\/wp-content\/uploads\/3785.jpg\" \/>\n\t<meta property=\"og:image:width\" content=\"530\" \/>\n\t<meta property=\"og:image:height\" content=\"450\" \/>\n\t<meta property=\"og:image:type\" content=\"image\/jpeg\" \/>\n<meta name=\"twitter:card\" content=\"summary_large_image\" \/>\n<meta name=\"twitter:label1\" content=\"Temps estimat de lectura\" \/>\n\t<meta name=\"twitter:data1\" content=\"1 minut\" \/>\n<script type=\"application\/ld+json\" class=\"yoast-schema-graph\">{\"@context\":\"https:\\\/\\\/schema.org\",\"@graph\":[{\"@type\":\"WebPage\",\"@id\":\"https:\\\/\\\/www.editorialjuventud.es\\\/la-senora-de-los-libros-9788426137852\\\/\",\"url\":\"https:\\\/\\\/www.editorialjuventud.es\\\/la-senora-de-los-libros-9788426137852\\\/\",\"name\":\"La se\u00f1ora de los libros - Editorial Juventud\",\"isPartOf\":{\"@id\":\"https:\\\/\\\/www.editorialjuventud.es\\\/#website\"},\"primaryImageOfPage\":{\"@id\":\"https:\\\/\\\/www.editorialjuventud.es\\\/la-senora-de-los-libros-9788426137852\\\/#primaryimage\"},\"image\":{\"@id\":\"https:\\\/\\\/www.editorialjuventud.es\\\/la-senora-de-los-libros-9788426137852\\\/#primaryimage\"},\"thumbnailUrl\":\"https:\\\/\\\/www.editorialjuventud.es\\\/wp-content\\\/uploads\\\/3785.jpg\",\"datePublished\":\"2018-08-24T09:11:33+00:00\",\"dateModified\":\"2025-01-31T09:46:13+00:00\",\"description\":\"Este libro est\u00e1 inspirado en una historia real: la valiente labor de las bibliotecarias a caballo, conocidas como \u00ablas se\u00f1oras de los libros\u00bb en los\",\"breadcrumb\":{\"@id\":\"https:\\\/\\\/www.editorialjuventud.es\\\/la-senora-de-los-libros-9788426137852\\\/#breadcrumb\"},\"inLanguage\":\"ca\",\"potentialAction\":[{\"@type\":\"ReadAction\",\"target\":[\"https:\\\/\\\/www.editorialjuventud.es\\\/la-senora-de-los-libros-9788426137852\\\/\"]}]},{\"@type\":\"ImageObject\",\"inLanguage\":\"ca\",\"@id\":\"https:\\\/\\\/www.editorialjuventud.es\\\/la-senora-de-los-libros-9788426137852\\\/#primaryimage\",\"url\":\"https:\\\/\\\/www.editorialjuventud.es\\\/wp-content\\\/uploads\\\/3785.jpg\",\"contentUrl\":\"https:\\\/\\\/www.editorialjuventud.es\\\/wp-content\\\/uploads\\\/3785.jpg\",\"width\":530,\"height\":450,\"caption\":\"3785.jpg\"},{\"@type\":\"BreadcrumbList\",\"@id\":\"https:\\\/\\\/www.editorialjuventud.es\\\/la-senora-de-los-libros-9788426137852\\\/#breadcrumb\",\"itemListElement\":[{\"@type\":\"ListItem\",\"position\":1,\"name\":\"Portada\",\"item\":\"https:\\\/\\\/www.editorialjuventud.es\\\/\"},{\"@type\":\"ListItem\",\"position\":2,\"name\":\"cat\u00e1logo\",\"item\":\"https:\\\/\\\/www.editorialjuventud.es\\\/coleccion\\\/catalogo\\\/\"},{\"@type\":\"ListItem\",\"position\":3,\"name\":\"castellano\",\"item\":\"https:\\\/\\\/www.editorialjuventud.es\\\/coleccion\\\/castellano\\\/\"},{\"@type\":\"ListItem\",\"position\":4,\"name\":\"\u00c1lbumes Ilustrados\",\"item\":\"https:\\\/\\\/www.editorialjuventud.es\\\/coleccion\\\/albumes-ilustrados\\\/\"},{\"@type\":\"ListItem\",\"position\":5,\"name\":\"La se\u00f1ora de los libros\"}]},{\"@type\":\"WebSite\",\"@id\":\"https:\\\/\\\/www.editorialjuventud.es\\\/#website\",\"url\":\"https:\\\/\\\/www.editorialjuventud.es\\\/\",\"name\":\"Editorial Juventud\",\"description\":\"\",\"potentialAction\":[{\"@type\":\"SearchAction\",\"target\":{\"@type\":\"EntryPoint\",\"urlTemplate\":\"https:\\\/\\\/www.editorialjuventud.es\\\/?s={search_term_string}\"},\"query-input\":{\"@type\":\"PropertyValueSpecification\",\"valueRequired\":true,\"valueName\":\"search_term_string\"}}],\"inLanguage\":\"ca\"}]}<\/script>\n<!-- \/ Yoast SEO plugin. -->","yoast_head_json":{"title":"La se\u00f1ora de los libros - Editorial Juventud","description":"Este libro est\u00e1 inspirado en una historia real: la valiente labor de las bibliotecarias a caballo, conocidas como \u00ablas se\u00f1oras de los libros\u00bb en los","robots":{"index":"index","follow":"follow","max-snippet":"max-snippet:-1","max-image-preview":"max-image-preview:large","max-video-preview":"max-video-preview:-1"},"canonical":"https:\/\/www.editorialjuventud.es\/la-senora-de-los-libros-9788426137852\/","og_locale":"ca_ES","og_type":"article","og_title":"La se\u00f1ora de los libros - Editorial Juventud","og_description":"Este libro est\u00e1 inspirado en una historia real: la valiente labor de las bibliotecarias a caballo, conocidas como \u00ablas se\u00f1oras de los libros\u00bb en los","og_url":"https:\/\/www.editorialjuventud.es\/la-senora-de-los-libros-9788426137852\/","og_site_name":"Editorial Juventud","article_modified_time":"2025-01-31T09:46:13+00:00","og_image":[{"width":530,"height":450,"url":"https:\/\/www.editorialjuventud.es\/wp-content\/uploads\/3785.jpg","type":"image\/jpeg"}],"twitter_card":"summary_large_image","twitter_misc":{"Temps estimat de lectura":"1 minut"},"schema":{"@context":"https:\/\/schema.org","@graph":[{"@type":"WebPage","@id":"https:\/\/www.editorialjuventud.es\/la-senora-de-los-libros-9788426137852\/","url":"https:\/\/www.editorialjuventud.es\/la-senora-de-los-libros-9788426137852\/","name":"La se\u00f1ora de los libros - Editorial Juventud","isPartOf":{"@id":"https:\/\/www.editorialjuventud.es\/#website"},"primaryImageOfPage":{"@id":"https:\/\/www.editorialjuventud.es\/la-senora-de-los-libros-9788426137852\/#primaryimage"},"image":{"@id":"https:\/\/www.editorialjuventud.es\/la-senora-de-los-libros-9788426137852\/#primaryimage"},"thumbnailUrl":"https:\/\/www.editorialjuventud.es\/wp-content\/uploads\/3785.jpg","datePublished":"2018-08-24T09:11:33+00:00","dateModified":"2025-01-31T09:46:13+00:00","description":"Este libro est\u00e1 inspirado en una historia real: la valiente labor de las bibliotecarias a caballo, conocidas como \u00ablas se\u00f1oras de los libros\u00bb en los","breadcrumb":{"@id":"https:\/\/www.editorialjuventud.es\/la-senora-de-los-libros-9788426137852\/#breadcrumb"},"inLanguage":"ca","potentialAction":[{"@type":"ReadAction","target":["https:\/\/www.editorialjuventud.es\/la-senora-de-los-libros-9788426137852\/"]}]},{"@type":"ImageObject","inLanguage":"ca","@id":"https:\/\/www.editorialjuventud.es\/la-senora-de-los-libros-9788426137852\/#primaryimage","url":"https:\/\/www.editorialjuventud.es\/wp-content\/uploads\/3785.jpg","contentUrl":"https:\/\/www.editorialjuventud.es\/wp-content\/uploads\/3785.jpg","width":530,"height":450,"caption":"3785.jpg"},{"@type":"BreadcrumbList","@id":"https:\/\/www.editorialjuventud.es\/la-senora-de-los-libros-9788426137852\/#breadcrumb","itemListElement":[{"@type":"ListItem","position":1,"name":"Portada","item":"https:\/\/www.editorialjuventud.es\/"},{"@type":"ListItem","position":2,"name":"cat\u00e1logo","item":"https:\/\/www.editorialjuventud.es\/coleccion\/catalogo\/"},{"@type":"ListItem","position":3,"name":"castellano","item":"https:\/\/www.editorialjuventud.es\/coleccion\/castellano\/"},{"@type":"ListItem","position":4,"name":"\u00c1lbumes Ilustrados","item":"https:\/\/www.editorialjuventud.es\/coleccion\/albumes-ilustrados\/"},{"@type":"ListItem","position":5,"name":"La se\u00f1ora de los libros"}]},{"@type":"WebSite","@id":"https:\/\/www.editorialjuventud.es\/#website","url":"https:\/\/www.editorialjuventud.es\/","name":"Editorial Juventud","description":"","potentialAction":[{"@type":"SearchAction","target":{"@type":"EntryPoint","urlTemplate":"https:\/\/www.editorialjuventud.es\/?s={search_term_string}"},"query-input":{"@type":"PropertyValueSpecification","valueRequired":true,"valueName":"search_term_string"}}],"inLanguage":"ca"}]}},"_links":{"self":[{"href":"https:\/\/www.editorialjuventud.es\/ca\/wp-json\/wp\/v2\/product\/5684","targetHints":{"allow":["GET"]}}],"collection":[{"href":"https:\/\/www.editorialjuventud.es\/ca\/wp-json\/wp\/v2\/product"}],"about":[{"href":"https:\/\/www.editorialjuventud.es\/ca\/wp-json\/wp\/v2\/types\/product"}],"wp:featuredmedia":[{"embeddable":true,"href":"https:\/\/www.editorialjuventud.es\/ca\/wp-json\/wp\/v2\/media\/11449"}],"wp:attachment":[{"href":"https:\/\/www.editorialjuventud.es\/ca\/wp-json\/wp\/v2\/media?parent=5684"}],"wp:term":[{"taxonomy":"product_brand","embeddable":true,"href":"https:\/\/www.editorialjuventud.es\/ca\/wp-json\/wp\/v2\/product_brand?post=5684"},{"taxonomy":"product_cat","embeddable":true,"href":"https:\/\/www.editorialjuventud.es\/ca\/wp-json\/wp\/v2\/product_cat?post=5684"},{"taxonomy":"product_tag","embeddable":true,"href":"https:\/\/www.editorialjuventud.es\/ca\/wp-json\/wp\/v2\/product_tag?post=5684"},{"taxonomy":"coleccion","embeddable":true,"href":"https:\/\/www.editorialjuventud.es\/ca\/wp-json\/wp\/v2\/coleccion?post=5684"}],"curies":[{"name":"wp","href":"https:\/\/api.w.org\/{rel}","templated":true}]}}