{"id":5675,"date":"2018-08-24T13:10:49","date_gmt":"2018-08-24T09:10:49","guid":{"rendered":"http:\/\/www.editorialjuventud.es\/cuentos-de-reyes-principes-y-otros-poderosos\/"},"modified":"2025-01-22T13:30:15","modified_gmt":"2025-01-22T12:30:15","slug":"cuentos-de-reyes-principes-y-otros-poderosos-9788426137777","status":"publish","type":"product","link":"https:\/\/www.editorialjuventud.es\/ca\/cuentos-de-reyes-principes-y-otros-poderosos-9788426137777\/","title":{"rendered":"Cuentos de reyes, pr\u00edncipes y otros poderosos"},"content":{"rendered":"<p>Se presenta una recopilaci\u00f3n de cuentos sobre reyes, pr\u00edncipes, sultanes, faraones, califas, zares, etc., de diferentes \u00e9pocas y culturas. Los relatos nos muestran un colorido mosaico de soberanos justos, sabios y piadosos; otros crueles, soberbios y caprichosos; y otros enamoradizos, tristes o inseguros. Algunas narraciones son an\u00f3nimas, extra\u00eddas del gran repertorio de la tradici\u00f3n oral; y otras son adaptaciones, fieles a las versiones originales, de obras de c\u00e9lebres autores literarios como Tolstoi, Oscar Wilde, Andersen, Gorki, etc. Se acompa\u00f1a de realistas ilustraciones, a color y en blanco y negro, en armon\u00eda con las historias que nos muestran a poderosos, injustos y despectivos, frente a otros benevolentes que desean un mundo en armon\u00eda.<\/p>\n","protected":false},"excerpt":{"rendered":"Se presenta una recopilaci\u00f3n de cuentos sobre reyes, pr\u00edncipes, sultanes, faraones, califas, zares, etc., de diferentes \u00e9pocas y culturas. Los relatos nos muestran un colorido mosaico de soberanos justos, sabios y piadosos; otros crueles, soberbios y caprichosos; y otros enamoradizos, [&hellip;]","protected":false},"featured_media":11335,"template":"","meta":{"_acf_changed":false,"_exactmetrics_skip_tracking":false,"_exactmetrics_sitenote_active":false,"_exactmetrics_sitenote_note":"","_exactmetrics_sitenote_category":0},"product_brand":[],"product_cat":[896,1119,1214,908],"product_tag":[],"coleccion":[931],"class_list":{"0":"post-5675","1":"product","2":"type-product","3":"status-publish","4":"has-post-thumbnail","6":"product_cat-a-partir-de-12-anos","7":"product_cat-narrativa-juvenil","8":"product_cat-principes-princesas","9":"product_cat-todas-las-edades","10":"coleccion-cuentos-universales","12":"first","13":"outofstock","14":"taxable","15":"shipping-taxable","16":"purchasable","17":"product-type-simple"},"acf":{"autor":"Manzano - Asensio","codart":"3777","ediciones":"1","encuadernacion":"Geltex","fecha_de_publicacion":"01\/02\/2010","novedad":"0","paginas":"144","subtitulo":"","texto_web_adicional":"","texto_web_novedad":"","orden":"999","portada":"0","texto_web_resaltado":"","indice":"","autores-libros":[16484],"ilustradores-libros":[16198],"traductores-libros":"","descripcion_corta":"","recomendamos":"","mas_vendido":"","color":false,"formato":"","mas_informacion_del_producto":false,"premios":false,"texto_enlace_cubierta":"","enlace_cubierta":false,"texto_enlace_ficha_tecnica":"","enlace_ficha_tecnica":false,"ficheros":false,"titulo-fr":"Tales Of Kings, Princes And Other Powerful Men","texto-fr":"<p><img loading=\"lazy\" decoding=\"async\" class=\"aligncenter size-full wp-image-24769\" src=\"http:\/\/www.editorialjuventud.es\/wp-content\/uploads\/12.png\" alt=\"\" width=\"43\" height=\"43\" \/><\/p>\n<p><strong>Because sometimes a picture is worth a thousand words&#8230;<\/strong><\/p>\n<p>In folktales and in Universal Literature the sovereign people have always been in a respectable place: the good-natured, wise men or rather cruel\u2026<\/p>\n<p>This book collects stories from the oral tradition and the best classical authors of all times, as <em>Hamlet, The Wicked Prince, The Legend Of Midas, The Happy Prince, Hans Dumb&#8230;<\/em> Folktales which show all the faces of power.<\/p>\n<hr \/>\n<p><img loading=\"lazy\" decoding=\"async\" class=\"alignnone size-full wp-image-19187\" src=\"http:\/\/www.editorialjuventud.es\/wp-content\/uploads\/Pablo-Manzano.jpg\" alt=\"\" width=\"161\" height=\"147\" \/><\/p>\n<h2><strong>Pablo Manzano<\/strong><\/h2>\n<p>(San Luis, Argentina, 1972) has a degree in Communication Sciences from the University of Buenos Aires. In Argentina he collaborated in cultural and educational journals, and formed two bands as a composer and singer. He currently lives in Barcelona, where he has directed two short films and writes fiction novels and storybooks.<\/p>\n<hr \/>\n<h5><span style=\"color: #008ca9;\"><strong>\u203a\u00a0<span style=\"text-decoration: underline;\"><a href=\"http:\/\/www.editorialjuventud.es\/wp-content\/uploads\/Ficha-FR-Tales-Of-Kings-Princes-and-other-poerful-men.pdf\" target=\"_blank\" rel=\"noopener\">Fact Sheet<\/a><\/span><\/strong><\/span><\/h5>\n","idioma-libro":""},"yoast_head":"<!-- This site is optimized with the Yoast SEO plugin v27.5 - https:\/\/yoast.com\/product\/yoast-seo-wordpress\/ -->\n<title>Cuentos de reyes, pr\u00edncipes y otros poderosos - Editorial Juventud<\/title>\n<meta name=\"description\" content=\"Se presenta una recopilaci\u00f3n de cuentos sobre reyes, pr\u00edncipes, sultanes, faraones, califas, zares, etc., de diferentes \u00e9pocas y culturas. Los relatos nos\" \/>\n<meta name=\"robots\" content=\"index, follow, max-snippet:-1, max-image-preview:large, max-video-preview:-1\" \/>\n<link rel=\"canonical\" href=\"https:\/\/www.editorialjuventud.es\/cuentos-de-reyes-principes-y-otros-poderosos-9788426137777\/\" \/>\n<meta property=\"og:locale\" content=\"ca_ES\" \/>\n<meta property=\"og:type\" content=\"article\" \/>\n<meta property=\"og:title\" content=\"Cuentos de reyes, pr\u00edncipes y otros poderosos - Editorial Juventud\" \/>\n<meta property=\"og:description\" content=\"Se presenta una recopilaci\u00f3n de cuentos sobre reyes, pr\u00edncipes, sultanes, faraones, califas, zares, etc., de diferentes \u00e9pocas y culturas. Los relatos nos\" \/>\n<meta property=\"og:url\" content=\"https:\/\/www.editorialjuventud.es\/cuentos-de-reyes-principes-y-otros-poderosos-9788426137777\/\" \/>\n<meta property=\"og:site_name\" content=\"Editorial Juventud\" \/>\n<meta property=\"article:modified_time\" content=\"2025-01-22T12:30:15+00:00\" \/>\n<meta property=\"og:image\" content=\"https:\/\/www.editorialjuventud.es\/wp-content\/uploads\/3777.jpg\" \/>\n\t<meta property=\"og:image:width\" content=\"340\" \/>\n\t<meta property=\"og:image:height\" content=\"450\" \/>\n\t<meta property=\"og:image:type\" content=\"image\/jpeg\" \/>\n<meta name=\"twitter:card\" content=\"summary_large_image\" \/>\n<meta name=\"twitter:label1\" content=\"Temps estimat de lectura\" \/>\n\t<meta name=\"twitter:data1\" content=\"1 minut\" \/>\n<script type=\"application\/ld+json\" class=\"yoast-schema-graph\">{\"@context\":\"https:\\\/\\\/schema.org\",\"@graph\":[{\"@type\":\"WebPage\",\"@id\":\"https:\\\/\\\/www.editorialjuventud.es\\\/cuentos-de-reyes-principes-y-otros-poderosos-9788426137777\\\/\",\"url\":\"https:\\\/\\\/www.editorialjuventud.es\\\/cuentos-de-reyes-principes-y-otros-poderosos-9788426137777\\\/\",\"name\":\"Cuentos de reyes, pr\u00edncipes y otros poderosos - Editorial Juventud\",\"isPartOf\":{\"@id\":\"https:\\\/\\\/www.editorialjuventud.es\\\/#website\"},\"primaryImageOfPage\":{\"@id\":\"https:\\\/\\\/www.editorialjuventud.es\\\/cuentos-de-reyes-principes-y-otros-poderosos-9788426137777\\\/#primaryimage\"},\"image\":{\"@id\":\"https:\\\/\\\/www.editorialjuventud.es\\\/cuentos-de-reyes-principes-y-otros-poderosos-9788426137777\\\/#primaryimage\"},\"thumbnailUrl\":\"https:\\\/\\\/www.editorialjuventud.es\\\/wp-content\\\/uploads\\\/3777.jpg\",\"datePublished\":\"2018-08-24T09:10:49+00:00\",\"dateModified\":\"2025-01-22T12:30:15+00:00\",\"description\":\"Se presenta una recopilaci\u00f3n de cuentos sobre reyes, pr\u00edncipes, sultanes, faraones, califas, zares, etc., de diferentes \u00e9pocas y culturas. Los relatos nos\",\"breadcrumb\":{\"@id\":\"https:\\\/\\\/www.editorialjuventud.es\\\/cuentos-de-reyes-principes-y-otros-poderosos-9788426137777\\\/#breadcrumb\"},\"inLanguage\":\"ca\",\"potentialAction\":[{\"@type\":\"ReadAction\",\"target\":[\"https:\\\/\\\/www.editorialjuventud.es\\\/cuentos-de-reyes-principes-y-otros-poderosos-9788426137777\\\/\"]}]},{\"@type\":\"ImageObject\",\"inLanguage\":\"ca\",\"@id\":\"https:\\\/\\\/www.editorialjuventud.es\\\/cuentos-de-reyes-principes-y-otros-poderosos-9788426137777\\\/#primaryimage\",\"url\":\"https:\\\/\\\/www.editorialjuventud.es\\\/wp-content\\\/uploads\\\/3777.jpg\",\"contentUrl\":\"https:\\\/\\\/www.editorialjuventud.es\\\/wp-content\\\/uploads\\\/3777.jpg\",\"width\":340,\"height\":450,\"caption\":\"3777.jpg\"},{\"@type\":\"BreadcrumbList\",\"@id\":\"https:\\\/\\\/www.editorialjuventud.es\\\/cuentos-de-reyes-principes-y-otros-poderosos-9788426137777\\\/#breadcrumb\",\"itemListElement\":[{\"@type\":\"ListItem\",\"position\":1,\"name\":\"Portada\",\"item\":\"https:\\\/\\\/www.editorialjuventud.es\\\/\"},{\"@type\":\"ListItem\",\"position\":2,\"name\":\"cat\u00e1logo\",\"item\":\"https:\\\/\\\/www.editorialjuventud.es\\\/coleccion\\\/catalogo\\\/\"},{\"@type\":\"ListItem\",\"position\":3,\"name\":\"castellano\",\"item\":\"https:\\\/\\\/www.editorialjuventud.es\\\/coleccion\\\/castellano\\\/\"},{\"@type\":\"ListItem\",\"position\":4,\"name\":\"Cuentos Universales\",\"item\":\"https:\\\/\\\/www.editorialjuventud.es\\\/coleccion\\\/cuentos-universales\\\/\"},{\"@type\":\"ListItem\",\"position\":5,\"name\":\"Cuentos de reyes, pr\u00edncipes y otros poderosos\"}]},{\"@type\":\"WebSite\",\"@id\":\"https:\\\/\\\/www.editorialjuventud.es\\\/#website\",\"url\":\"https:\\\/\\\/www.editorialjuventud.es\\\/\",\"name\":\"Editorial Juventud\",\"description\":\"\",\"potentialAction\":[{\"@type\":\"SearchAction\",\"target\":{\"@type\":\"EntryPoint\",\"urlTemplate\":\"https:\\\/\\\/www.editorialjuventud.es\\\/?s={search_term_string}\"},\"query-input\":{\"@type\":\"PropertyValueSpecification\",\"valueRequired\":true,\"valueName\":\"search_term_string\"}}],\"inLanguage\":\"ca\"}]}<\/script>\n<!-- \/ Yoast SEO plugin. -->","yoast_head_json":{"title":"Cuentos de reyes, pr\u00edncipes y otros poderosos - Editorial Juventud","description":"Se presenta una recopilaci\u00f3n de cuentos sobre reyes, pr\u00edncipes, sultanes, faraones, califas, zares, etc., de diferentes \u00e9pocas y culturas. Los relatos nos","robots":{"index":"index","follow":"follow","max-snippet":"max-snippet:-1","max-image-preview":"max-image-preview:large","max-video-preview":"max-video-preview:-1"},"canonical":"https:\/\/www.editorialjuventud.es\/cuentos-de-reyes-principes-y-otros-poderosos-9788426137777\/","og_locale":"ca_ES","og_type":"article","og_title":"Cuentos de reyes, pr\u00edncipes y otros poderosos - Editorial Juventud","og_description":"Se presenta una recopilaci\u00f3n de cuentos sobre reyes, pr\u00edncipes, sultanes, faraones, califas, zares, etc., de diferentes \u00e9pocas y culturas. Los relatos nos","og_url":"https:\/\/www.editorialjuventud.es\/cuentos-de-reyes-principes-y-otros-poderosos-9788426137777\/","og_site_name":"Editorial Juventud","article_modified_time":"2025-01-22T12:30:15+00:00","og_image":[{"width":340,"height":450,"url":"https:\/\/www.editorialjuventud.es\/wp-content\/uploads\/3777.jpg","type":"image\/jpeg"}],"twitter_card":"summary_large_image","twitter_misc":{"Temps estimat de lectura":"1 minut"},"schema":{"@context":"https:\/\/schema.org","@graph":[{"@type":"WebPage","@id":"https:\/\/www.editorialjuventud.es\/cuentos-de-reyes-principes-y-otros-poderosos-9788426137777\/","url":"https:\/\/www.editorialjuventud.es\/cuentos-de-reyes-principes-y-otros-poderosos-9788426137777\/","name":"Cuentos de reyes, pr\u00edncipes y otros poderosos - Editorial Juventud","isPartOf":{"@id":"https:\/\/www.editorialjuventud.es\/#website"},"primaryImageOfPage":{"@id":"https:\/\/www.editorialjuventud.es\/cuentos-de-reyes-principes-y-otros-poderosos-9788426137777\/#primaryimage"},"image":{"@id":"https:\/\/www.editorialjuventud.es\/cuentos-de-reyes-principes-y-otros-poderosos-9788426137777\/#primaryimage"},"thumbnailUrl":"https:\/\/www.editorialjuventud.es\/wp-content\/uploads\/3777.jpg","datePublished":"2018-08-24T09:10:49+00:00","dateModified":"2025-01-22T12:30:15+00:00","description":"Se presenta una recopilaci\u00f3n de cuentos sobre reyes, pr\u00edncipes, sultanes, faraones, califas, zares, etc., de diferentes \u00e9pocas y culturas. Los relatos nos","breadcrumb":{"@id":"https:\/\/www.editorialjuventud.es\/cuentos-de-reyes-principes-y-otros-poderosos-9788426137777\/#breadcrumb"},"inLanguage":"ca","potentialAction":[{"@type":"ReadAction","target":["https:\/\/www.editorialjuventud.es\/cuentos-de-reyes-principes-y-otros-poderosos-9788426137777\/"]}]},{"@type":"ImageObject","inLanguage":"ca","@id":"https:\/\/www.editorialjuventud.es\/cuentos-de-reyes-principes-y-otros-poderosos-9788426137777\/#primaryimage","url":"https:\/\/www.editorialjuventud.es\/wp-content\/uploads\/3777.jpg","contentUrl":"https:\/\/www.editorialjuventud.es\/wp-content\/uploads\/3777.jpg","width":340,"height":450,"caption":"3777.jpg"},{"@type":"BreadcrumbList","@id":"https:\/\/www.editorialjuventud.es\/cuentos-de-reyes-principes-y-otros-poderosos-9788426137777\/#breadcrumb","itemListElement":[{"@type":"ListItem","position":1,"name":"Portada","item":"https:\/\/www.editorialjuventud.es\/"},{"@type":"ListItem","position":2,"name":"cat\u00e1logo","item":"https:\/\/www.editorialjuventud.es\/coleccion\/catalogo\/"},{"@type":"ListItem","position":3,"name":"castellano","item":"https:\/\/www.editorialjuventud.es\/coleccion\/castellano\/"},{"@type":"ListItem","position":4,"name":"Cuentos Universales","item":"https:\/\/www.editorialjuventud.es\/coleccion\/cuentos-universales\/"},{"@type":"ListItem","position":5,"name":"Cuentos de reyes, pr\u00edncipes y otros poderosos"}]},{"@type":"WebSite","@id":"https:\/\/www.editorialjuventud.es\/#website","url":"https:\/\/www.editorialjuventud.es\/","name":"Editorial Juventud","description":"","potentialAction":[{"@type":"SearchAction","target":{"@type":"EntryPoint","urlTemplate":"https:\/\/www.editorialjuventud.es\/?s={search_term_string}"},"query-input":{"@type":"PropertyValueSpecification","valueRequired":true,"valueName":"search_term_string"}}],"inLanguage":"ca"}]}},"_links":{"self":[{"href":"https:\/\/www.editorialjuventud.es\/ca\/wp-json\/wp\/v2\/product\/5675","targetHints":{"allow":["GET"]}}],"collection":[{"href":"https:\/\/www.editorialjuventud.es\/ca\/wp-json\/wp\/v2\/product"}],"about":[{"href":"https:\/\/www.editorialjuventud.es\/ca\/wp-json\/wp\/v2\/types\/product"}],"wp:featuredmedia":[{"embeddable":true,"href":"https:\/\/www.editorialjuventud.es\/ca\/wp-json\/wp\/v2\/media\/11335"}],"wp:attachment":[{"href":"https:\/\/www.editorialjuventud.es\/ca\/wp-json\/wp\/v2\/media?parent=5675"}],"wp:term":[{"taxonomy":"product_brand","embeddable":true,"href":"https:\/\/www.editorialjuventud.es\/ca\/wp-json\/wp\/v2\/product_brand?post=5675"},{"taxonomy":"product_cat","embeddable":true,"href":"https:\/\/www.editorialjuventud.es\/ca\/wp-json\/wp\/v2\/product_cat?post=5675"},{"taxonomy":"product_tag","embeddable":true,"href":"https:\/\/www.editorialjuventud.es\/ca\/wp-json\/wp\/v2\/product_tag?post=5675"},{"taxonomy":"coleccion","embeddable":true,"href":"https:\/\/www.editorialjuventud.es\/ca\/wp-json\/wp\/v2\/coleccion?post=5675"}],"curies":[{"name":"wp","href":"https:\/\/api.w.org\/{rel}","templated":true}]}}