{"id":5674,"date":"2018-08-24T11:10:45","date_gmt":"2018-08-24T09:10:45","guid":{"rendered":"http:\/\/www.editorialjuventud.es\/el-primer-viaje-alrededor-del-mundo\/"},"modified":"2026-04-08T12:05:15","modified_gmt":"2026-04-08T10:05:15","slug":"el-primer-viaje-alrededor-del-mundo-9788426137760","status":"publish","type":"product","link":"https:\/\/www.editorialjuventud.es\/ca\/el-primer-viaje-alrededor-del-mundo-9788426137760\/","title":{"rendered":"El primer viaje alrededor del mundo"},"content":{"rendered":"<p>\u00abYo, Antonio Pigafetta, nacido en la ciudad italiana de Vicenza, fui uno de los dieciocho hombres que hizo el primer viaje alrededor del Globo junto al valeroso capit\u00e1n Magallanes. Hab\u00eda le\u00eddo en los libros las cosas maravillosas que se ven navegando por los oc\u00e9anos y quer\u00eda comprobar con mis propios ojos si eran ciertas. La expedici\u00f3n alrededor del Globo fue muy larga y llena de peligros, pues dur\u00f3 tres a\u00f1os, y de cinco naves que partieron de Sevilla s\u00f3lo regres\u00f3 una, y de los 237 hombres que se embarcaron s\u00f3lo volvimos 18. Durante el viaje dibuj\u00e9 mapas y anot\u00e9 en varios cuadernos las maravillas que ve\u00eda y las calamidades que sufr\u00edamos. Os ofrezco hoy ese diario con el deseo de honrar al capit\u00e1n Magallanes, de entreteneros, de ser \u00fatil y de lograr que mi nombre no caiga en el olvido\u00bb<br \/>Extraordinario documento hist\u00f3rico. Un diario de viaje sobre la primera circunnavegaci\u00f3n de la Tierra en 1522, realizada por Fernando de Magallanes y Juan Sebasti\u00e1n Elcano.<\/p>\n","protected":false},"excerpt":{"rendered":"\u00abYo, Antonio Pigafetta, nacido en la ciudad italiana de Vicenza, fui uno de los dieciocho hombres que hizo el primer viaje alrededor del Globo junto al valeroso capit\u00e1n Magallanes. Hab\u00eda le\u00eddo en los libros las cosas maravillosas que se ven [&hellip;]","protected":false},"featured_media":11329,"template":"","meta":{"_acf_changed":false,"_exactmetrics_skip_tracking":false,"_exactmetrics_sitenote_active":false,"_exactmetrics_sitenote_note":"","_exactmetrics_sitenote_category":0},"product_brand":[],"product_cat":[897,1135,1178,1119],"product_tag":[],"coleccion":[1025],"class_list":{"0":"post-5674","1":"product","2":"type-product","3":"status-publish","4":"has-post-thumbnail","6":"product_cat-a-partir-de-13-anos","7":"product_cat-america-latina","8":"product_cat-geografia","9":"product_cat-narrativa-juvenil","10":"coleccion-coleccion-juventud","12":"first","13":"outofstock","14":"taxable","15":"shipping-taxable","16":"purchasable","17":"product-type-simple"},"acf":{"autor":"Pigaffeta - Alonso","codart":"3776","ediciones":"0","encuadernacion":"Flexibook","fecha_de_publicacion":"08\/04\/2026","novedad":"0","paginas":"144","subtitulo":"","texto_web_adicional":"","texto_web_novedad":"","orden":"999","portada":"0","texto_web_resaltado":"","indice":"","autores-libros":[16551],"ilustradores-libros":[17520],"traductores-libros":"","fecha_de_reimpresion":"","descripcion_corta":"","recomendamos":"","mas_vendido":"","idioma-libro":"","color":false,"formato":"","mas_informacion_del_producto":false,"premios":false,"texto_enlace_cubierta":"","enlace_cubierta":false,"texto_enlace_ficha_tecnica":"","enlace_ficha_tecnica":false,"ficheros":false,"titulo-fr":"","texto-fr":"","deshabilitar_compra":[]},"yoast_head":"<!-- This site is optimized with the Yoast SEO plugin v27.5 - https:\/\/yoast.com\/product\/yoast-seo-wordpress\/ -->\n<title>El primer viaje alrededor del mundo - Editorial Juventud<\/title>\n<meta name=\"description\" content=\"\u00abYo, Antonio Pigafetta, nacido en la ciudad italiana de Vicenza, fui uno de los dieciocho hombres que hizo el primer viaje alrededor del Globo junto al\" \/>\n<meta name=\"robots\" content=\"index, follow, max-snippet:-1, max-image-preview:large, max-video-preview:-1\" \/>\n<link rel=\"canonical\" href=\"https:\/\/www.editorialjuventud.es\/el-primer-viaje-alrededor-del-mundo-9788426137760\/\" \/>\n<meta property=\"og:locale\" content=\"ca_ES\" \/>\n<meta property=\"og:type\" content=\"article\" \/>\n<meta property=\"og:title\" content=\"El primer viaje alrededor del mundo - Editorial Juventud\" \/>\n<meta property=\"og:description\" content=\"\u00abYo, Antonio Pigafetta, nacido en la ciudad italiana de Vicenza, fui uno de los dieciocho hombres que hizo el primer viaje alrededor del Globo junto al\" \/>\n<meta property=\"og:url\" content=\"https:\/\/www.editorialjuventud.es\/el-primer-viaje-alrededor-del-mundo-9788426137760\/\" \/>\n<meta property=\"og:site_name\" content=\"Editorial Juventud\" \/>\n<meta property=\"article:modified_time\" content=\"2026-04-08T10:05:15+00:00\" \/>\n<meta property=\"og:image\" content=\"https:\/\/www.editorialjuventud.es\/wp-content\/uploads\/3776.jpg\" \/>\n\t<meta property=\"og:image:width\" content=\"313\" \/>\n\t<meta property=\"og:image:height\" content=\"500\" \/>\n\t<meta property=\"og:image:type\" content=\"image\/jpeg\" \/>\n<meta name=\"twitter:card\" content=\"summary_large_image\" \/>\n<meta name=\"twitter:label1\" content=\"Temps estimat de lectura\" \/>\n\t<meta name=\"twitter:data1\" content=\"1 minut\" \/>\n<script type=\"application\/ld+json\" class=\"yoast-schema-graph\">{\"@context\":\"https:\\\/\\\/schema.org\",\"@graph\":[{\"@type\":\"WebPage\",\"@id\":\"https:\\\/\\\/www.editorialjuventud.es\\\/el-primer-viaje-alrededor-del-mundo-9788426137760\\\/\",\"url\":\"https:\\\/\\\/www.editorialjuventud.es\\\/el-primer-viaje-alrededor-del-mundo-9788426137760\\\/\",\"name\":\"El primer viaje alrededor del mundo - Editorial Juventud\",\"isPartOf\":{\"@id\":\"https:\\\/\\\/www.editorialjuventud.es\\\/#website\"},\"primaryImageOfPage\":{\"@id\":\"https:\\\/\\\/www.editorialjuventud.es\\\/el-primer-viaje-alrededor-del-mundo-9788426137760\\\/#primaryimage\"},\"image\":{\"@id\":\"https:\\\/\\\/www.editorialjuventud.es\\\/el-primer-viaje-alrededor-del-mundo-9788426137760\\\/#primaryimage\"},\"thumbnailUrl\":\"https:\\\/\\\/www.editorialjuventud.es\\\/wp-content\\\/uploads\\\/3776.jpg\",\"datePublished\":\"2018-08-24T09:10:45+00:00\",\"dateModified\":\"2026-04-08T10:05:15+00:00\",\"description\":\"\u00abYo, Antonio Pigafetta, nacido en la ciudad italiana de Vicenza, fui uno de los dieciocho hombres que hizo el primer viaje alrededor del Globo junto al\",\"breadcrumb\":{\"@id\":\"https:\\\/\\\/www.editorialjuventud.es\\\/el-primer-viaje-alrededor-del-mundo-9788426137760\\\/#breadcrumb\"},\"inLanguage\":\"ca\",\"potentialAction\":[{\"@type\":\"ReadAction\",\"target\":[\"https:\\\/\\\/www.editorialjuventud.es\\\/el-primer-viaje-alrededor-del-mundo-9788426137760\\\/\"]}]},{\"@type\":\"ImageObject\",\"inLanguage\":\"ca\",\"@id\":\"https:\\\/\\\/www.editorialjuventud.es\\\/el-primer-viaje-alrededor-del-mundo-9788426137760\\\/#primaryimage\",\"url\":\"https:\\\/\\\/www.editorialjuventud.es\\\/wp-content\\\/uploads\\\/3776.jpg\",\"contentUrl\":\"https:\\\/\\\/www.editorialjuventud.es\\\/wp-content\\\/uploads\\\/3776.jpg\",\"width\":313,\"height\":500,\"caption\":\"3776.jpg\"},{\"@type\":\"BreadcrumbList\",\"@id\":\"https:\\\/\\\/www.editorialjuventud.es\\\/el-primer-viaje-alrededor-del-mundo-9788426137760\\\/#breadcrumb\",\"itemListElement\":[{\"@type\":\"ListItem\",\"position\":1,\"name\":\"Portada\",\"item\":\"https:\\\/\\\/www.editorialjuventud.es\\\/\"},{\"@type\":\"ListItem\",\"position\":2,\"name\":\"cat\u00e1logo\",\"item\":\"https:\\\/\\\/www.editorialjuventud.es\\\/coleccion\\\/catalogo\\\/\"},{\"@type\":\"ListItem\",\"position\":3,\"name\":\"castellano\",\"item\":\"https:\\\/\\\/www.editorialjuventud.es\\\/coleccion\\\/castellano\\\/\"},{\"@type\":\"ListItem\",\"position\":4,\"name\":\"Narrativa Juvenil\",\"item\":\"https:\\\/\\\/www.editorialjuventud.es\\\/coleccion\\\/narrativa-juvenil-castellano\\\/\"},{\"@type\":\"ListItem\",\"position\":5,\"name\":\"Colecci\u00f3n Juventud\",\"item\":\"https:\\\/\\\/www.editorialjuventud.es\\\/coleccion\\\/coleccion-juventud\\\/\"},{\"@type\":\"ListItem\",\"position\":6,\"name\":\"El primer viaje alrededor del mundo\"}]},{\"@type\":\"WebSite\",\"@id\":\"https:\\\/\\\/www.editorialjuventud.es\\\/#website\",\"url\":\"https:\\\/\\\/www.editorialjuventud.es\\\/\",\"name\":\"Editorial Juventud\",\"description\":\"\",\"potentialAction\":[{\"@type\":\"SearchAction\",\"target\":{\"@type\":\"EntryPoint\",\"urlTemplate\":\"https:\\\/\\\/www.editorialjuventud.es\\\/?s={search_term_string}\"},\"query-input\":{\"@type\":\"PropertyValueSpecification\",\"valueRequired\":true,\"valueName\":\"search_term_string\"}}],\"inLanguage\":\"ca\"}]}<\/script>\n<!-- \/ Yoast SEO plugin. -->","yoast_head_json":{"title":"El primer viaje alrededor del mundo - Editorial Juventud","description":"\u00abYo, Antonio Pigafetta, nacido en la ciudad italiana de Vicenza, fui uno de los dieciocho hombres que hizo el primer viaje alrededor del Globo junto al","robots":{"index":"index","follow":"follow","max-snippet":"max-snippet:-1","max-image-preview":"max-image-preview:large","max-video-preview":"max-video-preview:-1"},"canonical":"https:\/\/www.editorialjuventud.es\/el-primer-viaje-alrededor-del-mundo-9788426137760\/","og_locale":"ca_ES","og_type":"article","og_title":"El primer viaje alrededor del mundo - Editorial Juventud","og_description":"\u00abYo, Antonio Pigafetta, nacido en la ciudad italiana de Vicenza, fui uno de los dieciocho hombres que hizo el primer viaje alrededor del Globo junto al","og_url":"https:\/\/www.editorialjuventud.es\/el-primer-viaje-alrededor-del-mundo-9788426137760\/","og_site_name":"Editorial Juventud","article_modified_time":"2026-04-08T10:05:15+00:00","og_image":[{"width":313,"height":500,"url":"https:\/\/www.editorialjuventud.es\/wp-content\/uploads\/3776.jpg","type":"image\/jpeg"}],"twitter_card":"summary_large_image","twitter_misc":{"Temps estimat de lectura":"1 minut"},"schema":{"@context":"https:\/\/schema.org","@graph":[{"@type":"WebPage","@id":"https:\/\/www.editorialjuventud.es\/el-primer-viaje-alrededor-del-mundo-9788426137760\/","url":"https:\/\/www.editorialjuventud.es\/el-primer-viaje-alrededor-del-mundo-9788426137760\/","name":"El primer viaje alrededor del mundo - Editorial Juventud","isPartOf":{"@id":"https:\/\/www.editorialjuventud.es\/#website"},"primaryImageOfPage":{"@id":"https:\/\/www.editorialjuventud.es\/el-primer-viaje-alrededor-del-mundo-9788426137760\/#primaryimage"},"image":{"@id":"https:\/\/www.editorialjuventud.es\/el-primer-viaje-alrededor-del-mundo-9788426137760\/#primaryimage"},"thumbnailUrl":"https:\/\/www.editorialjuventud.es\/wp-content\/uploads\/3776.jpg","datePublished":"2018-08-24T09:10:45+00:00","dateModified":"2026-04-08T10:05:15+00:00","description":"\u00abYo, Antonio Pigafetta, nacido en la ciudad italiana de Vicenza, fui uno de los dieciocho hombres que hizo el primer viaje alrededor del Globo junto al","breadcrumb":{"@id":"https:\/\/www.editorialjuventud.es\/el-primer-viaje-alrededor-del-mundo-9788426137760\/#breadcrumb"},"inLanguage":"ca","potentialAction":[{"@type":"ReadAction","target":["https:\/\/www.editorialjuventud.es\/el-primer-viaje-alrededor-del-mundo-9788426137760\/"]}]},{"@type":"ImageObject","inLanguage":"ca","@id":"https:\/\/www.editorialjuventud.es\/el-primer-viaje-alrededor-del-mundo-9788426137760\/#primaryimage","url":"https:\/\/www.editorialjuventud.es\/wp-content\/uploads\/3776.jpg","contentUrl":"https:\/\/www.editorialjuventud.es\/wp-content\/uploads\/3776.jpg","width":313,"height":500,"caption":"3776.jpg"},{"@type":"BreadcrumbList","@id":"https:\/\/www.editorialjuventud.es\/el-primer-viaje-alrededor-del-mundo-9788426137760\/#breadcrumb","itemListElement":[{"@type":"ListItem","position":1,"name":"Portada","item":"https:\/\/www.editorialjuventud.es\/"},{"@type":"ListItem","position":2,"name":"cat\u00e1logo","item":"https:\/\/www.editorialjuventud.es\/coleccion\/catalogo\/"},{"@type":"ListItem","position":3,"name":"castellano","item":"https:\/\/www.editorialjuventud.es\/coleccion\/castellano\/"},{"@type":"ListItem","position":4,"name":"Narrativa Juvenil","item":"https:\/\/www.editorialjuventud.es\/coleccion\/narrativa-juvenil-castellano\/"},{"@type":"ListItem","position":5,"name":"Colecci\u00f3n Juventud","item":"https:\/\/www.editorialjuventud.es\/coleccion\/coleccion-juventud\/"},{"@type":"ListItem","position":6,"name":"El primer viaje alrededor del mundo"}]},{"@type":"WebSite","@id":"https:\/\/www.editorialjuventud.es\/#website","url":"https:\/\/www.editorialjuventud.es\/","name":"Editorial Juventud","description":"","potentialAction":[{"@type":"SearchAction","target":{"@type":"EntryPoint","urlTemplate":"https:\/\/www.editorialjuventud.es\/?s={search_term_string}"},"query-input":{"@type":"PropertyValueSpecification","valueRequired":true,"valueName":"search_term_string"}}],"inLanguage":"ca"}]}},"_links":{"self":[{"href":"https:\/\/www.editorialjuventud.es\/ca\/wp-json\/wp\/v2\/product\/5674","targetHints":{"allow":["GET"]}}],"collection":[{"href":"https:\/\/www.editorialjuventud.es\/ca\/wp-json\/wp\/v2\/product"}],"about":[{"href":"https:\/\/www.editorialjuventud.es\/ca\/wp-json\/wp\/v2\/types\/product"}],"wp:featuredmedia":[{"embeddable":true,"href":"https:\/\/www.editorialjuventud.es\/ca\/wp-json\/wp\/v2\/media\/11329"}],"wp:attachment":[{"href":"https:\/\/www.editorialjuventud.es\/ca\/wp-json\/wp\/v2\/media?parent=5674"}],"wp:term":[{"taxonomy":"product_brand","embeddable":true,"href":"https:\/\/www.editorialjuventud.es\/ca\/wp-json\/wp\/v2\/product_brand?post=5674"},{"taxonomy":"product_cat","embeddable":true,"href":"https:\/\/www.editorialjuventud.es\/ca\/wp-json\/wp\/v2\/product_cat?post=5674"},{"taxonomy":"product_tag","embeddable":true,"href":"https:\/\/www.editorialjuventud.es\/ca\/wp-json\/wp\/v2\/product_tag?post=5674"},{"taxonomy":"coleccion","embeddable":true,"href":"https:\/\/www.editorialjuventud.es\/ca\/wp-json\/wp\/v2\/coleccion?post=5674"}],"curies":[{"name":"wp","href":"https:\/\/api.w.org\/{rel}","templated":true}]}}