{"id":5671,"date":"2018-08-24T11:10:32","date_gmt":"2018-08-24T09:10:32","guid":{"rendered":"http:\/\/www.editorialjuventud.es\/cuando-me-visto-de-marinero\/"},"modified":"2025-01-22T13:30:31","modified_gmt":"2025-01-22T12:30:31","slug":"cuando-me-visto-de-marinero-9788426137739","status":"publish","type":"product","link":"https:\/\/www.editorialjuventud.es\/ca\/cuando-me-visto-de-marinero-9788426137739\/","title":{"rendered":"Cuando me visto de marinero"},"content":{"rendered":"<p>\u00bfCuando me visto de marinero? \u00a1Empieza una nueva aventura! Navego en un barco por todos los mares, encuentro piratas y mapas de tesoros&#8230; Un marinero debe enfrentarse a grandes peligros y, a veces, tiene que ser muy valiente\u2026 Un libro para desarrollar la imaginaci\u00f3n y entrar en el mundo de la fantas\u00eda a trav\u00e9s del juego simb\u00f3lico que, a menudo, es una ayuda para afrontar los miedos.<\/p>\n","protected":false},"excerpt":{"rendered":"\u00bfCuando me visto de marinero? \u00a1Empieza una nueva aventura! Navego en un barco por todos los mares, encuentro piratas y mapas de tesoros&#8230; Un marinero debe enfrentarse a grandes peligros y, a veces, tiene que ser muy valiente\u2026 Un libro [&hellip;]","protected":false},"featured_media":11295,"template":"","meta":{"_acf_changed":false,"_exactmetrics_skip_tracking":false,"_exactmetrics_sitenote_active":false,"_exactmetrics_sitenote_note":"","_exactmetrics_sitenote_category":0},"product_brand":[],"product_cat":[900,1121,1142,1143,1193],"product_tag":[],"coleccion":[996],"class_list":{"0":"post-5671","1":"product","2":"type-product","3":"status-publish","4":"has-post-thumbnail","6":"product_cat-a-partir-de-5-anos","7":"product_cat-albumes-ilustrados","8":"product_cat-aventura","9":"product_cat-barcos","10":"product_cat-mar-oceano","11":"coleccion-mar-de-fantasia-albumes-ilustrados","13":"first","14":"outofstock","15":"taxable","16":"shipping-taxable","17":"purchasable","18":"product-type-simple"},"acf":{"autor":"Uri Shulevitz","codart":"3773","ediciones":"1","encuadernacion":"Carton\u00e9","fecha_de_publicacion":"01\/02\/2010","novedad":"0","paginas":"32","subtitulo":"","texto_web_adicional":"","texto_web_novedad":"","orden":"999","portada":"0","texto_web_resaltado":"","autores-libros":[16617],"ilustradores-libros":[16617]},"yoast_head":"<!-- This site is optimized with the Yoast SEO plugin v27.3 - https:\/\/yoast.com\/product\/yoast-seo-wordpress\/ -->\n<title>Cuando me visto de marinero - Editorial Juventud<\/title>\n<meta name=\"description\" content=\"\u00bfCuando me visto de marinero? \u00a1Empieza una nueva aventura! Navego en un barco por todos los mares, encuentro piratas y mapas de tesoros... Un marinero\" \/>\n<meta name=\"robots\" content=\"index, follow, max-snippet:-1, max-image-preview:large, max-video-preview:-1\" \/>\n<link rel=\"canonical\" href=\"https:\/\/www.editorialjuventud.es\/cuando-me-visto-de-marinero-9788426137739\/\" \/>\n<meta property=\"og:locale\" content=\"ca_ES\" \/>\n<meta property=\"og:type\" content=\"article\" \/>\n<meta property=\"og:title\" content=\"Cuando me visto de marinero - Editorial Juventud\" \/>\n<meta property=\"og:description\" content=\"\u00bfCuando me visto de marinero? \u00a1Empieza una nueva aventura! Navego en un barco por todos los mares, encuentro piratas y mapas de tesoros... Un marinero\" \/>\n<meta property=\"og:url\" content=\"https:\/\/www.editorialjuventud.es\/cuando-me-visto-de-marinero-9788426137739\/\" \/>\n<meta property=\"og:site_name\" content=\"Editorial Juventud\" \/>\n<meta property=\"article:modified_time\" content=\"2025-01-22T12:30:31+00:00\" \/>\n<meta property=\"og:image\" content=\"https:\/\/www.editorialjuventud.es\/wp-content\/uploads\/3773.jpg\" \/>\n\t<meta property=\"og:image:width\" content=\"442\" \/>\n\t<meta property=\"og:image:height\" content=\"450\" \/>\n\t<meta property=\"og:image:type\" content=\"image\/jpeg\" \/>\n<meta name=\"twitter:card\" content=\"summary_large_image\" \/>\n<script type=\"application\/ld+json\" class=\"yoast-schema-graph\">{\"@context\":\"https:\\\/\\\/schema.org\",\"@graph\":[{\"@type\":\"WebPage\",\"@id\":\"https:\\\/\\\/www.editorialjuventud.es\\\/cuando-me-visto-de-marinero-9788426137739\\\/\",\"url\":\"https:\\\/\\\/www.editorialjuventud.es\\\/cuando-me-visto-de-marinero-9788426137739\\\/\",\"name\":\"Cuando me visto de marinero - Editorial Juventud\",\"isPartOf\":{\"@id\":\"https:\\\/\\\/www.editorialjuventud.es\\\/#website\"},\"primaryImageOfPage\":{\"@id\":\"https:\\\/\\\/www.editorialjuventud.es\\\/cuando-me-visto-de-marinero-9788426137739\\\/#primaryimage\"},\"image\":{\"@id\":\"https:\\\/\\\/www.editorialjuventud.es\\\/cuando-me-visto-de-marinero-9788426137739\\\/#primaryimage\"},\"thumbnailUrl\":\"https:\\\/\\\/www.editorialjuventud.es\\\/wp-content\\\/uploads\\\/3773.jpg\",\"datePublished\":\"2018-08-24T09:10:32+00:00\",\"dateModified\":\"2025-01-22T12:30:31+00:00\",\"description\":\"\u00bfCuando me visto de marinero? \u00a1Empieza una nueva aventura! Navego en un barco por todos los mares, encuentro piratas y mapas de tesoros... Un marinero\",\"breadcrumb\":{\"@id\":\"https:\\\/\\\/www.editorialjuventud.es\\\/cuando-me-visto-de-marinero-9788426137739\\\/#breadcrumb\"},\"inLanguage\":\"ca\",\"potentialAction\":[{\"@type\":\"ReadAction\",\"target\":[\"https:\\\/\\\/www.editorialjuventud.es\\\/cuando-me-visto-de-marinero-9788426137739\\\/\"]}]},{\"@type\":\"ImageObject\",\"inLanguage\":\"ca\",\"@id\":\"https:\\\/\\\/www.editorialjuventud.es\\\/cuando-me-visto-de-marinero-9788426137739\\\/#primaryimage\",\"url\":\"https:\\\/\\\/www.editorialjuventud.es\\\/wp-content\\\/uploads\\\/3773.jpg\",\"contentUrl\":\"https:\\\/\\\/www.editorialjuventud.es\\\/wp-content\\\/uploads\\\/3773.jpg\",\"width\":442,\"height\":450,\"caption\":\"3773.jpg\"},{\"@type\":\"BreadcrumbList\",\"@id\":\"https:\\\/\\\/www.editorialjuventud.es\\\/cuando-me-visto-de-marinero-9788426137739\\\/#breadcrumb\",\"itemListElement\":[{\"@type\":\"ListItem\",\"position\":1,\"name\":\"Portada\",\"item\":\"https:\\\/\\\/www.editorialjuventud.es\\\/\"},{\"@type\":\"ListItem\",\"position\":2,\"name\":\"cat\u00e1logo\",\"item\":\"https:\\\/\\\/www.editorialjuventud.es\\\/coleccion\\\/catalogo\\\/\"},{\"@type\":\"ListItem\",\"position\":3,\"name\":\"castellano\",\"item\":\"https:\\\/\\\/www.editorialjuventud.es\\\/coleccion\\\/castellano\\\/\"},{\"@type\":\"ListItem\",\"position\":4,\"name\":\"\u00c1lbumes Ilustrados\",\"item\":\"https:\\\/\\\/www.editorialjuventud.es\\\/coleccion\\\/albumes-ilustrados\\\/\"},{\"@type\":\"ListItem\",\"position\":5,\"name\":\"Mar de Fantas\u00eda\",\"item\":\"https:\\\/\\\/www.editorialjuventud.es\\\/coleccion\\\/mar-de-fantasia-albumes-ilustrados\\\/\"},{\"@type\":\"ListItem\",\"position\":6,\"name\":\"Cuando me visto de marinero\"}]},{\"@type\":\"WebSite\",\"@id\":\"https:\\\/\\\/www.editorialjuventud.es\\\/#website\",\"url\":\"https:\\\/\\\/www.editorialjuventud.es\\\/\",\"name\":\"Editorial Juventud\",\"description\":\"\",\"potentialAction\":[{\"@type\":\"SearchAction\",\"target\":{\"@type\":\"EntryPoint\",\"urlTemplate\":\"https:\\\/\\\/www.editorialjuventud.es\\\/?s={search_term_string}\"},\"query-input\":{\"@type\":\"PropertyValueSpecification\",\"valueRequired\":true,\"valueName\":\"search_term_string\"}}],\"inLanguage\":\"ca\"}]}<\/script>\n<!-- \/ Yoast SEO plugin. -->","yoast_head_json":{"title":"Cuando me visto de marinero - Editorial Juventud","description":"\u00bfCuando me visto de marinero? \u00a1Empieza una nueva aventura! Navego en un barco por todos los mares, encuentro piratas y mapas de tesoros... Un marinero","robots":{"index":"index","follow":"follow","max-snippet":"max-snippet:-1","max-image-preview":"max-image-preview:large","max-video-preview":"max-video-preview:-1"},"canonical":"https:\/\/www.editorialjuventud.es\/cuando-me-visto-de-marinero-9788426137739\/","og_locale":"ca_ES","og_type":"article","og_title":"Cuando me visto de marinero - Editorial Juventud","og_description":"\u00bfCuando me visto de marinero? \u00a1Empieza una nueva aventura! Navego en un barco por todos los mares, encuentro piratas y mapas de tesoros... Un marinero","og_url":"https:\/\/www.editorialjuventud.es\/cuando-me-visto-de-marinero-9788426137739\/","og_site_name":"Editorial Juventud","article_modified_time":"2025-01-22T12:30:31+00:00","og_image":[{"width":442,"height":450,"url":"https:\/\/www.editorialjuventud.es\/wp-content\/uploads\/3773.jpg","type":"image\/jpeg"}],"twitter_card":"summary_large_image","schema":{"@context":"https:\/\/schema.org","@graph":[{"@type":"WebPage","@id":"https:\/\/www.editorialjuventud.es\/cuando-me-visto-de-marinero-9788426137739\/","url":"https:\/\/www.editorialjuventud.es\/cuando-me-visto-de-marinero-9788426137739\/","name":"Cuando me visto de marinero - Editorial Juventud","isPartOf":{"@id":"https:\/\/www.editorialjuventud.es\/#website"},"primaryImageOfPage":{"@id":"https:\/\/www.editorialjuventud.es\/cuando-me-visto-de-marinero-9788426137739\/#primaryimage"},"image":{"@id":"https:\/\/www.editorialjuventud.es\/cuando-me-visto-de-marinero-9788426137739\/#primaryimage"},"thumbnailUrl":"https:\/\/www.editorialjuventud.es\/wp-content\/uploads\/3773.jpg","datePublished":"2018-08-24T09:10:32+00:00","dateModified":"2025-01-22T12:30:31+00:00","description":"\u00bfCuando me visto de marinero? \u00a1Empieza una nueva aventura! Navego en un barco por todos los mares, encuentro piratas y mapas de tesoros... Un marinero","breadcrumb":{"@id":"https:\/\/www.editorialjuventud.es\/cuando-me-visto-de-marinero-9788426137739\/#breadcrumb"},"inLanguage":"ca","potentialAction":[{"@type":"ReadAction","target":["https:\/\/www.editorialjuventud.es\/cuando-me-visto-de-marinero-9788426137739\/"]}]},{"@type":"ImageObject","inLanguage":"ca","@id":"https:\/\/www.editorialjuventud.es\/cuando-me-visto-de-marinero-9788426137739\/#primaryimage","url":"https:\/\/www.editorialjuventud.es\/wp-content\/uploads\/3773.jpg","contentUrl":"https:\/\/www.editorialjuventud.es\/wp-content\/uploads\/3773.jpg","width":442,"height":450,"caption":"3773.jpg"},{"@type":"BreadcrumbList","@id":"https:\/\/www.editorialjuventud.es\/cuando-me-visto-de-marinero-9788426137739\/#breadcrumb","itemListElement":[{"@type":"ListItem","position":1,"name":"Portada","item":"https:\/\/www.editorialjuventud.es\/"},{"@type":"ListItem","position":2,"name":"cat\u00e1logo","item":"https:\/\/www.editorialjuventud.es\/coleccion\/catalogo\/"},{"@type":"ListItem","position":3,"name":"castellano","item":"https:\/\/www.editorialjuventud.es\/coleccion\/castellano\/"},{"@type":"ListItem","position":4,"name":"\u00c1lbumes Ilustrados","item":"https:\/\/www.editorialjuventud.es\/coleccion\/albumes-ilustrados\/"},{"@type":"ListItem","position":5,"name":"Mar de Fantas\u00eda","item":"https:\/\/www.editorialjuventud.es\/coleccion\/mar-de-fantasia-albumes-ilustrados\/"},{"@type":"ListItem","position":6,"name":"Cuando me visto de marinero"}]},{"@type":"WebSite","@id":"https:\/\/www.editorialjuventud.es\/#website","url":"https:\/\/www.editorialjuventud.es\/","name":"Editorial Juventud","description":"","potentialAction":[{"@type":"SearchAction","target":{"@type":"EntryPoint","urlTemplate":"https:\/\/www.editorialjuventud.es\/?s={search_term_string}"},"query-input":{"@type":"PropertyValueSpecification","valueRequired":true,"valueName":"search_term_string"}}],"inLanguage":"ca"}]}},"_links":{"self":[{"href":"https:\/\/www.editorialjuventud.es\/ca\/wp-json\/wp\/v2\/product\/5671","targetHints":{"allow":["GET"]}}],"collection":[{"href":"https:\/\/www.editorialjuventud.es\/ca\/wp-json\/wp\/v2\/product"}],"about":[{"href":"https:\/\/www.editorialjuventud.es\/ca\/wp-json\/wp\/v2\/types\/product"}],"wp:featuredmedia":[{"embeddable":true,"href":"https:\/\/www.editorialjuventud.es\/ca\/wp-json\/wp\/v2\/media\/11295"}],"wp:attachment":[{"href":"https:\/\/www.editorialjuventud.es\/ca\/wp-json\/wp\/v2\/media?parent=5671"}],"wp:term":[{"taxonomy":"product_brand","embeddable":true,"href":"https:\/\/www.editorialjuventud.es\/ca\/wp-json\/wp\/v2\/product_brand?post=5671"},{"taxonomy":"product_cat","embeddable":true,"href":"https:\/\/www.editorialjuventud.es\/ca\/wp-json\/wp\/v2\/product_cat?post=5671"},{"taxonomy":"product_tag","embeddable":true,"href":"https:\/\/www.editorialjuventud.es\/ca\/wp-json\/wp\/v2\/product_tag?post=5671"},{"taxonomy":"coleccion","embeddable":true,"href":"https:\/\/www.editorialjuventud.es\/ca\/wp-json\/wp\/v2\/coleccion?post=5671"}],"curies":[{"name":"wp","href":"https:\/\/api.w.org\/{rel}","templated":true}]}}