{"id":5669,"date":"2018-08-24T11:10:20","date_gmt":"2018-08-24T09:10:20","guid":{"rendered":"http:\/\/www.editorialjuventud.es\/la-nina-de-los-gorriones\/"},"modified":"2026-02-17T09:55:08","modified_gmt":"2026-02-17T08:55:08","slug":"la-nina-de-los-gorriones-9788426137715","status":"publish","type":"product","link":"https:\/\/www.editorialjuventud.es\/ca\/la-nina-de-los-gorriones-9788426137715\/","title":{"rendered":"La ni\u00f1a de los gorriones"},"content":{"rendered":"<p>Hab\u00eda una vez una ni\u00f1a llamada Meena que odiaba los libros. Sus padres dejaban libros por todas partes: en los armarios, cajones, escritorios, sillas, mesas, sof\u00e1s y tambi\u00e9n en inmensas monta\u00f1as por los suelos. De modo que, en realidad, los libros la estorbaban.<br \/>Todo cambi\u00f3 el d\u00eda que Max, su gato, se encaram\u00f3 a la pila de libros m\u00e1s alta de la casa. Los libros se cayeron y los personajes y los animales salieron de las p\u00e1ginas dando volteretas, y acabaron en el suelo uno encima del otro. Meena tuvo que volver a colocar cada personaje en su libro, y descubri\u00f3 la fascinaci\u00f3n por las historias.<\/p>\n","protected":false},"excerpt":{"rendered":"Hab\u00eda una vez una ni\u00f1a llamada Meena que odiaba los libros. Sus padres dejaban libros por todas partes: en los armarios, cajones, escritorios, sillas, mesas, sof\u00e1s y tambi\u00e9n en inmensas monta\u00f1as por los suelos. De modo que, en realidad, los [&hellip;]","protected":false},"featured_media":11263,"template":"","meta":{"_acf_changed":false,"_exactmetrics_skip_tracking":false,"_exactmetrics_sitenote_active":false,"_exactmetrics_sitenote_note":"","_exactmetrics_sitenote_category":0},"product_brand":[],"product_cat":[902,1121,1328,1158,1167],"product_tag":[],"coleccion":[991],"class_list":{"0":"post-5669","1":"product","2":"type-product","3":"status-publish","4":"has-post-thumbnail","6":"product_cat-a-partir-de-7-anos","7":"product_cat-albumes-ilustrados","8":"product_cat-cambio-climatico","9":"product_cat-critica-social","10":"product_cat-ecologia-medio-ambiente","11":"coleccion-ecologia-albumes-ilustrados","13":"first","14":"instock","15":"taxable","16":"shipping-taxable","17":"purchasable","18":"product-type-simple"},"acf":{"autor":"Pennypacker, Sara","codart":"3771","ediciones":"2","encuadernacion":"Carton\u00e9","fecha_de_publicacion":"01\/02\/2010","novedad":"0","paginas":"40","subtitulo":"","texto_web_adicional":"","texto_web_novedad":"","orden":"999","portada":"0","texto_web_resaltado":"","indice":"","autores-libros":[16543],"ilustradores-libros":[18196],"traductores-libros":[16176],"descripcion_corta":"","recomendamos":"","mas_vendido":"","idioma-libro":"","color":false,"formato":"","mas_informacion_del_producto":false,"premios":false,"texto_enlace_cubierta":"","enlace_cubierta":false,"texto_enlace_ficha_tecnica":"","enlace_ficha_tecnica":false,"ficheros":false,"titulo-fr":"","texto-fr":""},"yoast_head":"<!-- This site is optimized with the Yoast SEO plugin v27.5 - https:\/\/yoast.com\/product\/yoast-seo-wordpress\/ -->\n<title>La ni\u00f1a de los gorriones - Editorial Juventud<\/title>\n<meta name=\"description\" content=\"Hab\u00eda una vez una ni\u00f1a llamada Meena que odiaba los libros. Sus padres dejaban libros por todas partes: en los armarios, cajones, escritorios, sillas,\" \/>\n<meta name=\"robots\" content=\"index, follow, max-snippet:-1, max-image-preview:large, max-video-preview:-1\" \/>\n<link rel=\"canonical\" href=\"https:\/\/www.editorialjuventud.es\/la-nina-de-los-gorriones-9788426137715\/\" \/>\n<meta property=\"og:locale\" content=\"ca_ES\" \/>\n<meta property=\"og:type\" content=\"article\" \/>\n<meta property=\"og:title\" content=\"La ni\u00f1a de los gorriones - Editorial Juventud\" \/>\n<meta property=\"og:description\" content=\"Hab\u00eda una vez una ni\u00f1a llamada Meena que odiaba los libros. Sus padres dejaban libros por todas partes: en los armarios, cajones, escritorios, sillas,\" \/>\n<meta property=\"og:url\" content=\"https:\/\/www.editorialjuventud.es\/la-nina-de-los-gorriones-9788426137715\/\" \/>\n<meta property=\"og:site_name\" content=\"Editorial Juventud\" \/>\n<meta property=\"article:modified_time\" content=\"2026-02-17T08:55:08+00:00\" \/>\n<meta property=\"og:image\" content=\"https:\/\/www.editorialjuventud.es\/wp-content\/uploads\/3771.jpg\" \/>\n\t<meta property=\"og:image:width\" content=\"426\" \/>\n\t<meta property=\"og:image:height\" content=\"450\" \/>\n\t<meta property=\"og:image:type\" content=\"image\/jpeg\" \/>\n<meta name=\"twitter:card\" content=\"summary_large_image\" \/>\n<meta name=\"twitter:label1\" content=\"Temps estimat de lectura\" \/>\n\t<meta name=\"twitter:data1\" content=\"1 minut\" \/>\n<script type=\"application\/ld+json\" class=\"yoast-schema-graph\">{\"@context\":\"https:\\\/\\\/schema.org\",\"@graph\":[{\"@type\":\"WebPage\",\"@id\":\"https:\\\/\\\/www.editorialjuventud.es\\\/la-nina-de-los-gorriones-9788426137715\\\/\",\"url\":\"https:\\\/\\\/www.editorialjuventud.es\\\/la-nina-de-los-gorriones-9788426137715\\\/\",\"name\":\"La ni\u00f1a de los gorriones - Editorial Juventud\",\"isPartOf\":{\"@id\":\"https:\\\/\\\/www.editorialjuventud.es\\\/#website\"},\"primaryImageOfPage\":{\"@id\":\"https:\\\/\\\/www.editorialjuventud.es\\\/la-nina-de-los-gorriones-9788426137715\\\/#primaryimage\"},\"image\":{\"@id\":\"https:\\\/\\\/www.editorialjuventud.es\\\/la-nina-de-los-gorriones-9788426137715\\\/#primaryimage\"},\"thumbnailUrl\":\"https:\\\/\\\/www.editorialjuventud.es\\\/wp-content\\\/uploads\\\/3771.jpg\",\"datePublished\":\"2018-08-24T09:10:20+00:00\",\"dateModified\":\"2026-02-17T08:55:08+00:00\",\"description\":\"Hab\u00eda una vez una ni\u00f1a llamada Meena que odiaba los libros. Sus padres dejaban libros por todas partes: en los armarios, cajones, escritorios, sillas,\",\"breadcrumb\":{\"@id\":\"https:\\\/\\\/www.editorialjuventud.es\\\/la-nina-de-los-gorriones-9788426137715\\\/#breadcrumb\"},\"inLanguage\":\"ca\",\"potentialAction\":[{\"@type\":\"ReadAction\",\"target\":[\"https:\\\/\\\/www.editorialjuventud.es\\\/la-nina-de-los-gorriones-9788426137715\\\/\"]}]},{\"@type\":\"ImageObject\",\"inLanguage\":\"ca\",\"@id\":\"https:\\\/\\\/www.editorialjuventud.es\\\/la-nina-de-los-gorriones-9788426137715\\\/#primaryimage\",\"url\":\"https:\\\/\\\/www.editorialjuventud.es\\\/wp-content\\\/uploads\\\/3771.jpg\",\"contentUrl\":\"https:\\\/\\\/www.editorialjuventud.es\\\/wp-content\\\/uploads\\\/3771.jpg\",\"width\":426,\"height\":450,\"caption\":\"3771.jpg\"},{\"@type\":\"BreadcrumbList\",\"@id\":\"https:\\\/\\\/www.editorialjuventud.es\\\/la-nina-de-los-gorriones-9788426137715\\\/#breadcrumb\",\"itemListElement\":[{\"@type\":\"ListItem\",\"position\":1,\"name\":\"Portada\",\"item\":\"https:\\\/\\\/www.editorialjuventud.es\\\/\"},{\"@type\":\"ListItem\",\"position\":2,\"name\":\"cat\u00e1logo\",\"item\":\"https:\\\/\\\/www.editorialjuventud.es\\\/coleccion\\\/catalogo\\\/\"},{\"@type\":\"ListItem\",\"position\":3,\"name\":\"castellano\",\"item\":\"https:\\\/\\\/www.editorialjuventud.es\\\/coleccion\\\/castellano\\\/\"},{\"@type\":\"ListItem\",\"position\":4,\"name\":\"\u00c1lbumes Ilustrados\",\"item\":\"https:\\\/\\\/www.editorialjuventud.es\\\/coleccion\\\/albumes-ilustrados\\\/\"},{\"@type\":\"ListItem\",\"position\":5,\"name\":\"Ecolog\u00eda\",\"item\":\"https:\\\/\\\/www.editorialjuventud.es\\\/coleccion\\\/ecologia-albumes-ilustrados\\\/\"},{\"@type\":\"ListItem\",\"position\":6,\"name\":\"La ni\u00f1a de los gorriones\"}]},{\"@type\":\"WebSite\",\"@id\":\"https:\\\/\\\/www.editorialjuventud.es\\\/#website\",\"url\":\"https:\\\/\\\/www.editorialjuventud.es\\\/\",\"name\":\"Editorial Juventud\",\"description\":\"\",\"potentialAction\":[{\"@type\":\"SearchAction\",\"target\":{\"@type\":\"EntryPoint\",\"urlTemplate\":\"https:\\\/\\\/www.editorialjuventud.es\\\/?s={search_term_string}\"},\"query-input\":{\"@type\":\"PropertyValueSpecification\",\"valueRequired\":true,\"valueName\":\"search_term_string\"}}],\"inLanguage\":\"ca\"}]}<\/script>\n<!-- \/ Yoast SEO plugin. -->","yoast_head_json":{"title":"La ni\u00f1a de los gorriones - Editorial Juventud","description":"Hab\u00eda una vez una ni\u00f1a llamada Meena que odiaba los libros. Sus padres dejaban libros por todas partes: en los armarios, cajones, escritorios, sillas,","robots":{"index":"index","follow":"follow","max-snippet":"max-snippet:-1","max-image-preview":"max-image-preview:large","max-video-preview":"max-video-preview:-1"},"canonical":"https:\/\/www.editorialjuventud.es\/la-nina-de-los-gorriones-9788426137715\/","og_locale":"ca_ES","og_type":"article","og_title":"La ni\u00f1a de los gorriones - Editorial Juventud","og_description":"Hab\u00eda una vez una ni\u00f1a llamada Meena que odiaba los libros. Sus padres dejaban libros por todas partes: en los armarios, cajones, escritorios, sillas,","og_url":"https:\/\/www.editorialjuventud.es\/la-nina-de-los-gorriones-9788426137715\/","og_site_name":"Editorial Juventud","article_modified_time":"2026-02-17T08:55:08+00:00","og_image":[{"width":426,"height":450,"url":"https:\/\/www.editorialjuventud.es\/wp-content\/uploads\/3771.jpg","type":"image\/jpeg"}],"twitter_card":"summary_large_image","twitter_misc":{"Temps estimat de lectura":"1 minut"},"schema":{"@context":"https:\/\/schema.org","@graph":[{"@type":"WebPage","@id":"https:\/\/www.editorialjuventud.es\/la-nina-de-los-gorriones-9788426137715\/","url":"https:\/\/www.editorialjuventud.es\/la-nina-de-los-gorriones-9788426137715\/","name":"La ni\u00f1a de los gorriones - Editorial Juventud","isPartOf":{"@id":"https:\/\/www.editorialjuventud.es\/#website"},"primaryImageOfPage":{"@id":"https:\/\/www.editorialjuventud.es\/la-nina-de-los-gorriones-9788426137715\/#primaryimage"},"image":{"@id":"https:\/\/www.editorialjuventud.es\/la-nina-de-los-gorriones-9788426137715\/#primaryimage"},"thumbnailUrl":"https:\/\/www.editorialjuventud.es\/wp-content\/uploads\/3771.jpg","datePublished":"2018-08-24T09:10:20+00:00","dateModified":"2026-02-17T08:55:08+00:00","description":"Hab\u00eda una vez una ni\u00f1a llamada Meena que odiaba los libros. Sus padres dejaban libros por todas partes: en los armarios, cajones, escritorios, sillas,","breadcrumb":{"@id":"https:\/\/www.editorialjuventud.es\/la-nina-de-los-gorriones-9788426137715\/#breadcrumb"},"inLanguage":"ca","potentialAction":[{"@type":"ReadAction","target":["https:\/\/www.editorialjuventud.es\/la-nina-de-los-gorriones-9788426137715\/"]}]},{"@type":"ImageObject","inLanguage":"ca","@id":"https:\/\/www.editorialjuventud.es\/la-nina-de-los-gorriones-9788426137715\/#primaryimage","url":"https:\/\/www.editorialjuventud.es\/wp-content\/uploads\/3771.jpg","contentUrl":"https:\/\/www.editorialjuventud.es\/wp-content\/uploads\/3771.jpg","width":426,"height":450,"caption":"3771.jpg"},{"@type":"BreadcrumbList","@id":"https:\/\/www.editorialjuventud.es\/la-nina-de-los-gorriones-9788426137715\/#breadcrumb","itemListElement":[{"@type":"ListItem","position":1,"name":"Portada","item":"https:\/\/www.editorialjuventud.es\/"},{"@type":"ListItem","position":2,"name":"cat\u00e1logo","item":"https:\/\/www.editorialjuventud.es\/coleccion\/catalogo\/"},{"@type":"ListItem","position":3,"name":"castellano","item":"https:\/\/www.editorialjuventud.es\/coleccion\/castellano\/"},{"@type":"ListItem","position":4,"name":"\u00c1lbumes Ilustrados","item":"https:\/\/www.editorialjuventud.es\/coleccion\/albumes-ilustrados\/"},{"@type":"ListItem","position":5,"name":"Ecolog\u00eda","item":"https:\/\/www.editorialjuventud.es\/coleccion\/ecologia-albumes-ilustrados\/"},{"@type":"ListItem","position":6,"name":"La ni\u00f1a de los gorriones"}]},{"@type":"WebSite","@id":"https:\/\/www.editorialjuventud.es\/#website","url":"https:\/\/www.editorialjuventud.es\/","name":"Editorial Juventud","description":"","potentialAction":[{"@type":"SearchAction","target":{"@type":"EntryPoint","urlTemplate":"https:\/\/www.editorialjuventud.es\/?s={search_term_string}"},"query-input":{"@type":"PropertyValueSpecification","valueRequired":true,"valueName":"search_term_string"}}],"inLanguage":"ca"}]}},"_links":{"self":[{"href":"https:\/\/www.editorialjuventud.es\/ca\/wp-json\/wp\/v2\/product\/5669","targetHints":{"allow":["GET"]}}],"collection":[{"href":"https:\/\/www.editorialjuventud.es\/ca\/wp-json\/wp\/v2\/product"}],"about":[{"href":"https:\/\/www.editorialjuventud.es\/ca\/wp-json\/wp\/v2\/types\/product"}],"wp:featuredmedia":[{"embeddable":true,"href":"https:\/\/www.editorialjuventud.es\/ca\/wp-json\/wp\/v2\/media\/11263"}],"wp:attachment":[{"href":"https:\/\/www.editorialjuventud.es\/ca\/wp-json\/wp\/v2\/media?parent=5669"}],"wp:term":[{"taxonomy":"product_brand","embeddable":true,"href":"https:\/\/www.editorialjuventud.es\/ca\/wp-json\/wp\/v2\/product_brand?post=5669"},{"taxonomy":"product_cat","embeddable":true,"href":"https:\/\/www.editorialjuventud.es\/ca\/wp-json\/wp\/v2\/product_cat?post=5669"},{"taxonomy":"product_tag","embeddable":true,"href":"https:\/\/www.editorialjuventud.es\/ca\/wp-json\/wp\/v2\/product_tag?post=5669"},{"taxonomy":"coleccion","embeddable":true,"href":"https:\/\/www.editorialjuventud.es\/ca\/wp-json\/wp\/v2\/coleccion?post=5669"}],"curies":[{"name":"wp","href":"https:\/\/api.w.org\/{rel}","templated":true}]}}