{"id":5666,"date":"2018-08-24T11:10:05","date_gmt":"2018-08-24T09:10:05","guid":{"rendered":"http:\/\/www.editorialjuventud.es\/que-hay-dentro\/"},"modified":"2025-01-22T13:30:42","modified_gmt":"2025-01-22T12:30:42","slug":"que-hay-dentro-9788426137692","status":"publish","type":"product","link":"https:\/\/www.editorialjuventud.es\/ca\/que-hay-dentro-9788426137692\/","title":{"rendered":"\u00bfQu\u00e9 hay dentro?"},"content":{"rendered":"<p>De la tumba del fara\u00f3n Tutankam\u00f3n en Egipto a un templo Maya en M\u00e9xico, del Alc\u00e1zar de Segovia a las Torres Petronas en Malasia. Un libro que explora el exterior y el interior de catorce construcciones fascinantes de todo el mundo, y aporta informaci\u00f3n detallada de cada una. La original t\u00e9cnica del collage utilizada en las ilustraciones produce un efecto tridimensional de gran impacto visual.  Un \u00e1lbum para descubrir edificios de todo el mundo con nociones b\u00e1sicas de arquitectura. Un viaje a trav\u00e9s del tiempo por las culturas diferentes del mundo.<\/p>\n","protected":false},"excerpt":{"rendered":"De la tumba del fara\u00f3n Tutankam\u00f3n en Egipto a un templo Maya en M\u00e9xico, del Alc\u00e1zar de Segovia a las Torres Petronas en Malasia. Un libro que explora el exterior y el interior de catorce construcciones fascinantes de todo el [&hellip;]","protected":false},"featured_media":11223,"template":"","meta":{"_acf_changed":false,"_exactmetrics_skip_tracking":false,"_exactmetrics_sitenote_active":false,"_exactmetrics_sitenote_note":"","_exactmetrics_sitenote_category":0},"product_brand":[],"product_cat":[902,1139,1140,1169,1123],"product_tag":[],"coleccion":[987],"class_list":{"0":"post-5666","1":"product","2":"type-product","3":"status-publish","4":"has-post-thumbnail","6":"product_cat-a-partir-de-7-anos","7":"product_cat-arquitectura","8":"product_cat-arte-y-creatividad","9":"product_cat-edad-media","10":"product_cat-libros-informativos-infantil","11":"coleccion-conocer-y-comprender","13":"first","14":"instock","15":"taxable","16":"shipping-taxable","17":"purchasable","18":"product-type-simple"},"acf":{"autor":"Laroche, Giles","codart":"3769","ediciones":"1","encuadernacion":"Carton\u00e9","fecha_de_publicacion":"01\/01\/2010","novedad":"0","paginas":"40","subtitulo":"Construcciones fascinantes alrededor del mundo","texto_web_adicional":"","texto_web_novedad":"","orden":"999","portada":"0","texto_web_resaltado":"","indice":"","autores-libros":[16453],"ilustradores-libros":[16453],"traductores-libros":"","descripcion_corta":"Construcciones fascinantes alrededor del mundo","recomendamos":"","mas_vendido":"","idioma-libro":"","color":false,"formato":"","mas_informacion_del_producto":false,"premios":false,"texto_enlace_cubierta":"","enlace_cubierta":false,"texto_enlace_ficha_tecnica":"","enlace_ficha_tecnica":false,"ficheros":false,"titulo-fr":"","texto-fr":"","fecha_de_reimpresion":"","deshabilitar_compra":["deshabilitar"]},"yoast_head":"<!-- This site is optimized with the Yoast SEO plugin v27.5 - https:\/\/yoast.com\/product\/yoast-seo-wordpress\/ -->\n<title>\u00bfQu\u00e9 hay dentro? - Editorial Juventud<\/title>\n<meta name=\"description\" content=\"De la tumba del fara\u00f3n Tutankam\u00f3n en Egipto a un templo Maya en M\u00e9xico, del Alc\u00e1zar de Segovia a las Torres Petronas en Malasia. Un libro que explora el\" \/>\n<meta name=\"robots\" content=\"index, follow, max-snippet:-1, max-image-preview:large, max-video-preview:-1\" \/>\n<link rel=\"canonical\" href=\"https:\/\/www.editorialjuventud.es\/que-hay-dentro-9788426137692\/\" \/>\n<meta property=\"og:locale\" content=\"ca_ES\" \/>\n<meta property=\"og:type\" content=\"article\" \/>\n<meta property=\"og:title\" content=\"\u00bfQu\u00e9 hay dentro? - Editorial Juventud\" \/>\n<meta property=\"og:description\" content=\"De la tumba del fara\u00f3n Tutankam\u00f3n en Egipto a un templo Maya en M\u00e9xico, del Alc\u00e1zar de Segovia a las Torres Petronas en Malasia. Un libro que explora el\" \/>\n<meta property=\"og:url\" content=\"https:\/\/www.editorialjuventud.es\/que-hay-dentro-9788426137692\/\" \/>\n<meta property=\"og:site_name\" content=\"Editorial Juventud\" \/>\n<meta property=\"article:modified_time\" content=\"2025-01-22T12:30:42+00:00\" \/>\n<meta property=\"og:image\" content=\"https:\/\/www.editorialjuventud.es\/wp-content\/uploads\/3769.jpg\" \/>\n\t<meta property=\"og:image:width\" content=\"366\" \/>\n\t<meta property=\"og:image:height\" content=\"450\" \/>\n\t<meta property=\"og:image:type\" content=\"image\/jpeg\" \/>\n<meta name=\"twitter:card\" content=\"summary_large_image\" \/>\n<script type=\"application\/ld+json\" class=\"yoast-schema-graph\">{\"@context\":\"https:\\\/\\\/schema.org\",\"@graph\":[{\"@type\":\"WebPage\",\"@id\":\"https:\\\/\\\/www.editorialjuventud.es\\\/que-hay-dentro-9788426137692\\\/\",\"url\":\"https:\\\/\\\/www.editorialjuventud.es\\\/que-hay-dentro-9788426137692\\\/\",\"name\":\"\u00bfQu\u00e9 hay dentro? - Editorial Juventud\",\"isPartOf\":{\"@id\":\"https:\\\/\\\/www.editorialjuventud.es\\\/#website\"},\"primaryImageOfPage\":{\"@id\":\"https:\\\/\\\/www.editorialjuventud.es\\\/que-hay-dentro-9788426137692\\\/#primaryimage\"},\"image\":{\"@id\":\"https:\\\/\\\/www.editorialjuventud.es\\\/que-hay-dentro-9788426137692\\\/#primaryimage\"},\"thumbnailUrl\":\"https:\\\/\\\/www.editorialjuventud.es\\\/wp-content\\\/uploads\\\/3769.jpg\",\"datePublished\":\"2018-08-24T09:10:05+00:00\",\"dateModified\":\"2025-01-22T12:30:42+00:00\",\"description\":\"De la tumba del fara\u00f3n Tutankam\u00f3n en Egipto a un templo Maya en M\u00e9xico, del Alc\u00e1zar de Segovia a las Torres Petronas en Malasia. Un libro que explora el\",\"breadcrumb\":{\"@id\":\"https:\\\/\\\/www.editorialjuventud.es\\\/que-hay-dentro-9788426137692\\\/#breadcrumb\"},\"inLanguage\":\"ca\",\"potentialAction\":[{\"@type\":\"ReadAction\",\"target\":[\"https:\\\/\\\/www.editorialjuventud.es\\\/que-hay-dentro-9788426137692\\\/\"]}]},{\"@type\":\"ImageObject\",\"inLanguage\":\"ca\",\"@id\":\"https:\\\/\\\/www.editorialjuventud.es\\\/que-hay-dentro-9788426137692\\\/#primaryimage\",\"url\":\"https:\\\/\\\/www.editorialjuventud.es\\\/wp-content\\\/uploads\\\/3769.jpg\",\"contentUrl\":\"https:\\\/\\\/www.editorialjuventud.es\\\/wp-content\\\/uploads\\\/3769.jpg\",\"width\":366,\"height\":450,\"caption\":\"3769.jpg\"},{\"@type\":\"BreadcrumbList\",\"@id\":\"https:\\\/\\\/www.editorialjuventud.es\\\/que-hay-dentro-9788426137692\\\/#breadcrumb\",\"itemListElement\":[{\"@type\":\"ListItem\",\"position\":1,\"name\":\"Portada\",\"item\":\"https:\\\/\\\/www.editorialjuventud.es\\\/\"},{\"@type\":\"ListItem\",\"position\":2,\"name\":\"cat\u00e1logo\",\"item\":\"https:\\\/\\\/www.editorialjuventud.es\\\/coleccion\\\/catalogo\\\/\"},{\"@type\":\"ListItem\",\"position\":3,\"name\":\"castellano\",\"item\":\"https:\\\/\\\/www.editorialjuventud.es\\\/coleccion\\\/castellano\\\/\"},{\"@type\":\"ListItem\",\"position\":4,\"name\":\"\u00c1lbumes Ilustrados\",\"item\":\"https:\\\/\\\/www.editorialjuventud.es\\\/coleccion\\\/albumes-ilustrados\\\/\"},{\"@type\":\"ListItem\",\"position\":5,\"name\":\"Conocer y Comprender\",\"item\":\"https:\\\/\\\/www.editorialjuventud.es\\\/coleccion\\\/conocer-y-comprender\\\/\"},{\"@type\":\"ListItem\",\"position\":6,\"name\":\"\u00bfQu\u00e9 hay dentro?\"}]},{\"@type\":\"WebSite\",\"@id\":\"https:\\\/\\\/www.editorialjuventud.es\\\/#website\",\"url\":\"https:\\\/\\\/www.editorialjuventud.es\\\/\",\"name\":\"Editorial Juventud\",\"description\":\"\",\"potentialAction\":[{\"@type\":\"SearchAction\",\"target\":{\"@type\":\"EntryPoint\",\"urlTemplate\":\"https:\\\/\\\/www.editorialjuventud.es\\\/?s={search_term_string}\"},\"query-input\":{\"@type\":\"PropertyValueSpecification\",\"valueRequired\":true,\"valueName\":\"search_term_string\"}}],\"inLanguage\":\"ca\"}]}<\/script>\n<!-- \/ Yoast SEO plugin. -->","yoast_head_json":{"title":"\u00bfQu\u00e9 hay dentro? - Editorial Juventud","description":"De la tumba del fara\u00f3n Tutankam\u00f3n en Egipto a un templo Maya en M\u00e9xico, del Alc\u00e1zar de Segovia a las Torres Petronas en Malasia. Un libro que explora el","robots":{"index":"index","follow":"follow","max-snippet":"max-snippet:-1","max-image-preview":"max-image-preview:large","max-video-preview":"max-video-preview:-1"},"canonical":"https:\/\/www.editorialjuventud.es\/que-hay-dentro-9788426137692\/","og_locale":"ca_ES","og_type":"article","og_title":"\u00bfQu\u00e9 hay dentro? - Editorial Juventud","og_description":"De la tumba del fara\u00f3n Tutankam\u00f3n en Egipto a un templo Maya en M\u00e9xico, del Alc\u00e1zar de Segovia a las Torres Petronas en Malasia. Un libro que explora el","og_url":"https:\/\/www.editorialjuventud.es\/que-hay-dentro-9788426137692\/","og_site_name":"Editorial Juventud","article_modified_time":"2025-01-22T12:30:42+00:00","og_image":[{"width":366,"height":450,"url":"https:\/\/www.editorialjuventud.es\/wp-content\/uploads\/3769.jpg","type":"image\/jpeg"}],"twitter_card":"summary_large_image","schema":{"@context":"https:\/\/schema.org","@graph":[{"@type":"WebPage","@id":"https:\/\/www.editorialjuventud.es\/que-hay-dentro-9788426137692\/","url":"https:\/\/www.editorialjuventud.es\/que-hay-dentro-9788426137692\/","name":"\u00bfQu\u00e9 hay dentro? - Editorial Juventud","isPartOf":{"@id":"https:\/\/www.editorialjuventud.es\/#website"},"primaryImageOfPage":{"@id":"https:\/\/www.editorialjuventud.es\/que-hay-dentro-9788426137692\/#primaryimage"},"image":{"@id":"https:\/\/www.editorialjuventud.es\/que-hay-dentro-9788426137692\/#primaryimage"},"thumbnailUrl":"https:\/\/www.editorialjuventud.es\/wp-content\/uploads\/3769.jpg","datePublished":"2018-08-24T09:10:05+00:00","dateModified":"2025-01-22T12:30:42+00:00","description":"De la tumba del fara\u00f3n Tutankam\u00f3n en Egipto a un templo Maya en M\u00e9xico, del Alc\u00e1zar de Segovia a las Torres Petronas en Malasia. Un libro que explora el","breadcrumb":{"@id":"https:\/\/www.editorialjuventud.es\/que-hay-dentro-9788426137692\/#breadcrumb"},"inLanguage":"ca","potentialAction":[{"@type":"ReadAction","target":["https:\/\/www.editorialjuventud.es\/que-hay-dentro-9788426137692\/"]}]},{"@type":"ImageObject","inLanguage":"ca","@id":"https:\/\/www.editorialjuventud.es\/que-hay-dentro-9788426137692\/#primaryimage","url":"https:\/\/www.editorialjuventud.es\/wp-content\/uploads\/3769.jpg","contentUrl":"https:\/\/www.editorialjuventud.es\/wp-content\/uploads\/3769.jpg","width":366,"height":450,"caption":"3769.jpg"},{"@type":"BreadcrumbList","@id":"https:\/\/www.editorialjuventud.es\/que-hay-dentro-9788426137692\/#breadcrumb","itemListElement":[{"@type":"ListItem","position":1,"name":"Portada","item":"https:\/\/www.editorialjuventud.es\/"},{"@type":"ListItem","position":2,"name":"cat\u00e1logo","item":"https:\/\/www.editorialjuventud.es\/coleccion\/catalogo\/"},{"@type":"ListItem","position":3,"name":"castellano","item":"https:\/\/www.editorialjuventud.es\/coleccion\/castellano\/"},{"@type":"ListItem","position":4,"name":"\u00c1lbumes Ilustrados","item":"https:\/\/www.editorialjuventud.es\/coleccion\/albumes-ilustrados\/"},{"@type":"ListItem","position":5,"name":"Conocer y Comprender","item":"https:\/\/www.editorialjuventud.es\/coleccion\/conocer-y-comprender\/"},{"@type":"ListItem","position":6,"name":"\u00bfQu\u00e9 hay dentro?"}]},{"@type":"WebSite","@id":"https:\/\/www.editorialjuventud.es\/#website","url":"https:\/\/www.editorialjuventud.es\/","name":"Editorial Juventud","description":"","potentialAction":[{"@type":"SearchAction","target":{"@type":"EntryPoint","urlTemplate":"https:\/\/www.editorialjuventud.es\/?s={search_term_string}"},"query-input":{"@type":"PropertyValueSpecification","valueRequired":true,"valueName":"search_term_string"}}],"inLanguage":"ca"}]}},"_links":{"self":[{"href":"https:\/\/www.editorialjuventud.es\/ca\/wp-json\/wp\/v2\/product\/5666","targetHints":{"allow":["GET"]}}],"collection":[{"href":"https:\/\/www.editorialjuventud.es\/ca\/wp-json\/wp\/v2\/product"}],"about":[{"href":"https:\/\/www.editorialjuventud.es\/ca\/wp-json\/wp\/v2\/types\/product"}],"wp:featuredmedia":[{"embeddable":true,"href":"https:\/\/www.editorialjuventud.es\/ca\/wp-json\/wp\/v2\/media\/11223"}],"wp:attachment":[{"href":"https:\/\/www.editorialjuventud.es\/ca\/wp-json\/wp\/v2\/media?parent=5666"}],"wp:term":[{"taxonomy":"product_brand","embeddable":true,"href":"https:\/\/www.editorialjuventud.es\/ca\/wp-json\/wp\/v2\/product_brand?post=5666"},{"taxonomy":"product_cat","embeddable":true,"href":"https:\/\/www.editorialjuventud.es\/ca\/wp-json\/wp\/v2\/product_cat?post=5666"},{"taxonomy":"product_tag","embeddable":true,"href":"https:\/\/www.editorialjuventud.es\/ca\/wp-json\/wp\/v2\/product_tag?post=5666"},{"taxonomy":"coleccion","embeddable":true,"href":"https:\/\/www.editorialjuventud.es\/ca\/wp-json\/wp\/v2\/coleccion?post=5666"}],"curies":[{"name":"wp","href":"https:\/\/api.w.org\/{rel}","templated":true}]}}