{"id":5664,"date":"2018-08-24T11:09:56","date_gmt":"2018-08-24T09:09:56","guid":{"rendered":"http:\/\/www.editorialjuventud.es\/delante-de-mi-casa\/"},"modified":"2025-01-22T13:30:58","modified_gmt":"2025-01-22T12:30:58","slug":"delante-de-mi-casa-9788426137661","status":"publish","type":"product","link":"https:\/\/www.editorialjuventud.es\/ca\/delante-de-mi-casa-9788426137661\/","title":{"rendered":"Delante de mi casa"},"content":{"rendered":"<p>Delante de cada palabra&#8230; una imagen. Escondida en cada imagen&#8230; una palabra. Un libro de im\u00e1genes que despertar\u00e1 la imaginaci\u00f3n de los m\u00e1s peque\u00f1os.<br \/>M\u00e1s que un imaginario es una aventura en la que se viaja desde casa al mundo de las princesas \u00a1pasando por la barriga del gran lobo feroz! Desde el mundo real al de los cuentos aprendiendo nuevas palabras.<\/p>\n","protected":false},"excerpt":{"rendered":"Delante de cada palabra&#8230; una imagen. Escondida en cada imagen&#8230; una palabra. Un libro de im\u00e1genes que despertar\u00e1 la imaginaci\u00f3n de los m\u00e1s peque\u00f1os.M\u00e1s que un imaginario es una aventura en la que se viaja desde casa al mundo de [&hellip;]","protected":false},"featured_media":11183,"template":"","meta":{"_acf_changed":false,"_exactmetrics_skip_tracking":false,"_exactmetrics_sitenote_active":false,"_exactmetrics_sitenote_note":"","_exactmetrics_sitenote_category":0},"product_brand":[],"product_cat":[898,1138,907,1184,1122,1128],"product_tag":[],"coleccion":[916,1321,1296],"class_list":{"0":"post-5664","1":"product","2":"type-product","3":"status-publish","4":"has-post-thumbnail","6":"product_cat-a-partir-de-2-anos","7":"product_cat-animales","8":"product_cat-de-0-a-2-anos","9":"product_cat-humor","10":"product_cat-libros-de-carton","11":"product_cat-tematica","12":"coleccion-castellano","13":"coleccion-mis-primeros-dubuc-mis-primeros-libros","14":"coleccion-mis-primeros-libros","16":"first","17":"instock","18":"taxable","19":"shipping-taxable","20":"purchasable","21":"product-type-simple"},"acf":{"autor":"Dubuc, Marianne","codart":"3766","ediciones":"5","encuadernacion":"Cart\u00f3n","fecha_de_publicacion":"20\/05\/2010","novedad":"0","paginas":"116","subtitulo":"","texto_web_adicional":"","texto_web_novedad":"","orden":"999","portada":"0","texto_web_resaltado":"","indice":"","autores-libros":[16332],"ilustradores-libros":[16332],"traductores-libros":"","fecha_de_reimpresion":"01\/06\/2023","descripcion_corta":"","recomendamos":"","mas_vendido":"","idioma-libro":"","color":false,"formato":"","mas_informacion_del_producto":false,"premios":false,"deshabilitar_compra":[],"texto_enlace_cubierta":"","enlace_cubierta":false,"texto_enlace_ficha_tecnica":"","enlace_ficha_tecnica":false,"ficheros":false,"titulo-fr":"","texto-fr":""},"yoast_head":"<!-- This site is optimized with the Yoast SEO plugin v27.5 - https:\/\/yoast.com\/product\/yoast-seo-wordpress\/ -->\n<title>Delante de mi casa - Editorial Juventud<\/title>\n<meta name=\"description\" content=\"Delante de cada palabra... una imagen. Escondida en cada imagen... una palabra. Un libro de im\u00e1genes que despertar\u00e1 la imaginaci\u00f3n de los m\u00e1s peque\u00f1os.M\u00e1s\" \/>\n<meta name=\"robots\" content=\"index, follow, max-snippet:-1, max-image-preview:large, max-video-preview:-1\" \/>\n<link rel=\"canonical\" href=\"https:\/\/www.editorialjuventud.es\/delante-de-mi-casa-9788426137661\/\" \/>\n<meta property=\"og:locale\" content=\"ca_ES\" \/>\n<meta property=\"og:type\" content=\"article\" \/>\n<meta property=\"og:title\" content=\"Delante de mi casa - Editorial Juventud\" \/>\n<meta property=\"og:description\" content=\"Delante de cada palabra... una imagen. Escondida en cada imagen... una palabra. Un libro de im\u00e1genes que despertar\u00e1 la imaginaci\u00f3n de los m\u00e1s peque\u00f1os.M\u00e1s\" \/>\n<meta property=\"og:url\" content=\"https:\/\/www.editorialjuventud.es\/delante-de-mi-casa-9788426137661\/\" \/>\n<meta property=\"og:site_name\" content=\"Editorial Juventud\" \/>\n<meta property=\"article:modified_time\" content=\"2025-01-22T12:30:58+00:00\" \/>\n<meta property=\"og:image\" content=\"https:\/\/www.editorialjuventud.es\/wp-content\/uploads\/3766.jpg\" \/>\n\t<meta property=\"og:image:width\" content=\"451\" \/>\n\t<meta property=\"og:image:height\" content=\"450\" \/>\n\t<meta property=\"og:image:type\" content=\"image\/jpeg\" \/>\n<meta name=\"twitter:card\" content=\"summary_large_image\" \/>\n<script type=\"application\/ld+json\" class=\"yoast-schema-graph\">{\"@context\":\"https:\\\/\\\/schema.org\",\"@graph\":[{\"@type\":\"WebPage\",\"@id\":\"https:\\\/\\\/www.editorialjuventud.es\\\/delante-de-mi-casa-9788426137661\\\/\",\"url\":\"https:\\\/\\\/www.editorialjuventud.es\\\/delante-de-mi-casa-9788426137661\\\/\",\"name\":\"Delante de mi casa - Editorial Juventud\",\"isPartOf\":{\"@id\":\"https:\\\/\\\/www.editorialjuventud.es\\\/#website\"},\"primaryImageOfPage\":{\"@id\":\"https:\\\/\\\/www.editorialjuventud.es\\\/delante-de-mi-casa-9788426137661\\\/#primaryimage\"},\"image\":{\"@id\":\"https:\\\/\\\/www.editorialjuventud.es\\\/delante-de-mi-casa-9788426137661\\\/#primaryimage\"},\"thumbnailUrl\":\"https:\\\/\\\/www.editorialjuventud.es\\\/wp-content\\\/uploads\\\/3766.jpg\",\"datePublished\":\"2018-08-24T09:09:56+00:00\",\"dateModified\":\"2025-01-22T12:30:58+00:00\",\"description\":\"Delante de cada palabra... una imagen. Escondida en cada imagen... una palabra. Un libro de im\u00e1genes que despertar\u00e1 la imaginaci\u00f3n de los m\u00e1s peque\u00f1os.M\u00e1s\",\"breadcrumb\":{\"@id\":\"https:\\\/\\\/www.editorialjuventud.es\\\/delante-de-mi-casa-9788426137661\\\/#breadcrumb\"},\"inLanguage\":\"ca\",\"potentialAction\":[{\"@type\":\"ReadAction\",\"target\":[\"https:\\\/\\\/www.editorialjuventud.es\\\/delante-de-mi-casa-9788426137661\\\/\"]}]},{\"@type\":\"ImageObject\",\"inLanguage\":\"ca\",\"@id\":\"https:\\\/\\\/www.editorialjuventud.es\\\/delante-de-mi-casa-9788426137661\\\/#primaryimage\",\"url\":\"https:\\\/\\\/www.editorialjuventud.es\\\/wp-content\\\/uploads\\\/3766.jpg\",\"contentUrl\":\"https:\\\/\\\/www.editorialjuventud.es\\\/wp-content\\\/uploads\\\/3766.jpg\",\"width\":451,\"height\":450,\"caption\":\"3766.jpg\"},{\"@type\":\"BreadcrumbList\",\"@id\":\"https:\\\/\\\/www.editorialjuventud.es\\\/delante-de-mi-casa-9788426137661\\\/#breadcrumb\",\"itemListElement\":[{\"@type\":\"ListItem\",\"position\":1,\"name\":\"Portada\",\"item\":\"https:\\\/\\\/www.editorialjuventud.es\\\/\"},{\"@type\":\"ListItem\",\"position\":2,\"name\":\"cat\u00e1logo\",\"item\":\"https:\\\/\\\/www.editorialjuventud.es\\\/coleccion\\\/catalogo\\\/\"},{\"@type\":\"ListItem\",\"position\":3,\"name\":\"castellano\",\"item\":\"https:\\\/\\\/www.editorialjuventud.es\\\/coleccion\\\/castellano\\\/\"},{\"@type\":\"ListItem\",\"position\":4,\"name\":\"Mis Primeros Libros\",\"item\":\"https:\\\/\\\/www.editorialjuventud.es\\\/coleccion\\\/mis-primeros-libros\\\/\"},{\"@type\":\"ListItem\",\"position\":5,\"name\":\"Mis Primeros Dubuc\",\"item\":\"https:\\\/\\\/www.editorialjuventud.es\\\/ca\\\/coleccion\\\/mis-primeros-dubuc-mis-primeros-libros\\\/\"},{\"@type\":\"ListItem\",\"position\":6,\"name\":\"Delante de mi casa\"}]},{\"@type\":\"WebSite\",\"@id\":\"https:\\\/\\\/www.editorialjuventud.es\\\/#website\",\"url\":\"https:\\\/\\\/www.editorialjuventud.es\\\/\",\"name\":\"Editorial Juventud\",\"description\":\"\",\"potentialAction\":[{\"@type\":\"SearchAction\",\"target\":{\"@type\":\"EntryPoint\",\"urlTemplate\":\"https:\\\/\\\/www.editorialjuventud.es\\\/?s={search_term_string}\"},\"query-input\":{\"@type\":\"PropertyValueSpecification\",\"valueRequired\":true,\"valueName\":\"search_term_string\"}}],\"inLanguage\":\"ca\"}]}<\/script>\n<!-- \/ Yoast SEO plugin. -->","yoast_head_json":{"title":"Delante de mi casa - Editorial Juventud","description":"Delante de cada palabra... una imagen. Escondida en cada imagen... una palabra. Un libro de im\u00e1genes que despertar\u00e1 la imaginaci\u00f3n de los m\u00e1s peque\u00f1os.M\u00e1s","robots":{"index":"index","follow":"follow","max-snippet":"max-snippet:-1","max-image-preview":"max-image-preview:large","max-video-preview":"max-video-preview:-1"},"canonical":"https:\/\/www.editorialjuventud.es\/delante-de-mi-casa-9788426137661\/","og_locale":"ca_ES","og_type":"article","og_title":"Delante de mi casa - Editorial Juventud","og_description":"Delante de cada palabra... una imagen. Escondida en cada imagen... una palabra. Un libro de im\u00e1genes que despertar\u00e1 la imaginaci\u00f3n de los m\u00e1s peque\u00f1os.M\u00e1s","og_url":"https:\/\/www.editorialjuventud.es\/delante-de-mi-casa-9788426137661\/","og_site_name":"Editorial Juventud","article_modified_time":"2025-01-22T12:30:58+00:00","og_image":[{"width":451,"height":450,"url":"https:\/\/www.editorialjuventud.es\/wp-content\/uploads\/3766.jpg","type":"image\/jpeg"}],"twitter_card":"summary_large_image","schema":{"@context":"https:\/\/schema.org","@graph":[{"@type":"WebPage","@id":"https:\/\/www.editorialjuventud.es\/delante-de-mi-casa-9788426137661\/","url":"https:\/\/www.editorialjuventud.es\/delante-de-mi-casa-9788426137661\/","name":"Delante de mi casa - Editorial Juventud","isPartOf":{"@id":"https:\/\/www.editorialjuventud.es\/#website"},"primaryImageOfPage":{"@id":"https:\/\/www.editorialjuventud.es\/delante-de-mi-casa-9788426137661\/#primaryimage"},"image":{"@id":"https:\/\/www.editorialjuventud.es\/delante-de-mi-casa-9788426137661\/#primaryimage"},"thumbnailUrl":"https:\/\/www.editorialjuventud.es\/wp-content\/uploads\/3766.jpg","datePublished":"2018-08-24T09:09:56+00:00","dateModified":"2025-01-22T12:30:58+00:00","description":"Delante de cada palabra... una imagen. Escondida en cada imagen... una palabra. Un libro de im\u00e1genes que despertar\u00e1 la imaginaci\u00f3n de los m\u00e1s peque\u00f1os.M\u00e1s","breadcrumb":{"@id":"https:\/\/www.editorialjuventud.es\/delante-de-mi-casa-9788426137661\/#breadcrumb"},"inLanguage":"ca","potentialAction":[{"@type":"ReadAction","target":["https:\/\/www.editorialjuventud.es\/delante-de-mi-casa-9788426137661\/"]}]},{"@type":"ImageObject","inLanguage":"ca","@id":"https:\/\/www.editorialjuventud.es\/delante-de-mi-casa-9788426137661\/#primaryimage","url":"https:\/\/www.editorialjuventud.es\/wp-content\/uploads\/3766.jpg","contentUrl":"https:\/\/www.editorialjuventud.es\/wp-content\/uploads\/3766.jpg","width":451,"height":450,"caption":"3766.jpg"},{"@type":"BreadcrumbList","@id":"https:\/\/www.editorialjuventud.es\/delante-de-mi-casa-9788426137661\/#breadcrumb","itemListElement":[{"@type":"ListItem","position":1,"name":"Portada","item":"https:\/\/www.editorialjuventud.es\/"},{"@type":"ListItem","position":2,"name":"cat\u00e1logo","item":"https:\/\/www.editorialjuventud.es\/coleccion\/catalogo\/"},{"@type":"ListItem","position":3,"name":"castellano","item":"https:\/\/www.editorialjuventud.es\/coleccion\/castellano\/"},{"@type":"ListItem","position":4,"name":"Mis Primeros Libros","item":"https:\/\/www.editorialjuventud.es\/coleccion\/mis-primeros-libros\/"},{"@type":"ListItem","position":5,"name":"Mis Primeros Dubuc","item":"https:\/\/www.editorialjuventud.es\/ca\/coleccion\/mis-primeros-dubuc-mis-primeros-libros\/"},{"@type":"ListItem","position":6,"name":"Delante de mi casa"}]},{"@type":"WebSite","@id":"https:\/\/www.editorialjuventud.es\/#website","url":"https:\/\/www.editorialjuventud.es\/","name":"Editorial Juventud","description":"","potentialAction":[{"@type":"SearchAction","target":{"@type":"EntryPoint","urlTemplate":"https:\/\/www.editorialjuventud.es\/?s={search_term_string}"},"query-input":{"@type":"PropertyValueSpecification","valueRequired":true,"valueName":"search_term_string"}}],"inLanguage":"ca"}]}},"_links":{"self":[{"href":"https:\/\/www.editorialjuventud.es\/ca\/wp-json\/wp\/v2\/product\/5664","targetHints":{"allow":["GET"]}}],"collection":[{"href":"https:\/\/www.editorialjuventud.es\/ca\/wp-json\/wp\/v2\/product"}],"about":[{"href":"https:\/\/www.editorialjuventud.es\/ca\/wp-json\/wp\/v2\/types\/product"}],"wp:featuredmedia":[{"embeddable":true,"href":"https:\/\/www.editorialjuventud.es\/ca\/wp-json\/wp\/v2\/media\/11183"}],"wp:attachment":[{"href":"https:\/\/www.editorialjuventud.es\/ca\/wp-json\/wp\/v2\/media?parent=5664"}],"wp:term":[{"taxonomy":"product_brand","embeddable":true,"href":"https:\/\/www.editorialjuventud.es\/ca\/wp-json\/wp\/v2\/product_brand?post=5664"},{"taxonomy":"product_cat","embeddable":true,"href":"https:\/\/www.editorialjuventud.es\/ca\/wp-json\/wp\/v2\/product_cat?post=5664"},{"taxonomy":"product_tag","embeddable":true,"href":"https:\/\/www.editorialjuventud.es\/ca\/wp-json\/wp\/v2\/product_tag?post=5664"},{"taxonomy":"coleccion","embeddable":true,"href":"https:\/\/www.editorialjuventud.es\/ca\/wp-json\/wp\/v2\/coleccion?post=5664"}],"curies":[{"name":"wp","href":"https:\/\/api.w.org\/{rel}","templated":true}]}}