{"id":5663,"date":"2018-08-24T11:09:51","date_gmt":"2018-08-24T09:09:51","guid":{"rendered":"http:\/\/www.editorialjuventud.es\/mar-vieja\/"},"modified":"2025-07-23T09:45:48","modified_gmt":"2025-07-23T07:45:48","slug":"mar-vieja-9788426137654","status":"publish","type":"product","link":"https:\/\/www.editorialjuventud.es\/ca\/mar-vieja-9788426137654\/","title":{"rendered":"Mar vieja"},"content":{"rendered":"<p>En el mar, el hombre tiene el privilegio de contemplar un paisaje antiguo pero en \u00e9l se siente realmente  un extranjero y descubre que su huella es ef\u00edmera y rid\u00edcula. En \u00e9pocas de cambios como la que vivimos, a\u00fan es posible atisbar retazos de otra manera de entender el mar. Restos que son como las olas que viajan llevando a zonas lejanas los ecos de temporales  que ya no existen. Mar de fondo o mar vieja, como la llaman algunos. Tres navegaciones, tres relatos ambientados en los canales de la Patagonia, las inmensidades del Pac\u00edfico y los vericuetos del Mediterr\u00e1neo, que son a la vez tres encuentros con las viejas formas de entender el mar.                                                                             XIII  PREMIO LITERARIO NOSTROMO 2009<\/p>\n","protected":false},"excerpt":{"rendered":"En el mar, el hombre tiene el privilegio de contemplar un paisaje antiguo pero en \u00e9l se siente realmente un extranjero y descubre que su huella es ef\u00edmera y rid\u00edcula. En \u00e9pocas de cambios como la que vivimos, a\u00fan es [&hellip;]","protected":false},"featured_media":11181,"template":"","meta":{"_acf_changed":false,"_exactmetrics_skip_tracking":false,"_exactmetrics_sitenote_active":false,"_exactmetrics_sitenote_note":"","_exactmetrics_sitenote_category":0},"product_brand":[],"product_cat":[905,1120],"product_tag":[],"coleccion":[936,1088,1081],"class_list":{"0":"post-5663","1":"product","2":"type-product","3":"status-publish","4":"has-post-thumbnail","6":"product_cat-adulto","7":"product_cat-nautica","8":"coleccion-lecturas-en-torno-al-mar","9":"coleccion-narrativa-maritima-lecturas-entorno-al-mar","10":"coleccion-nostromo-la-aventura-maritima","12":"first","13":"outofstock","14":"taxable","15":"shipping-taxable","16":"purchasable","17":"product-type-simple"},"acf":{"autor":"Ferr\u00e9s Gurt, Llu\u00eds","codart":"3765","ediciones":"1","encuadernacion":"R\u00fastica","fecha_de_publicacion":"01\/11\/2009","novedad":"0","paginas":"176","subtitulo":"","texto_web_adicional":"","texto_web_novedad":"","orden":"999","portada":"0","texto_web_resaltado":"","autores-libros":[33002]},"yoast_head":"<!-- This site is optimized with the Yoast SEO plugin v27.5 - https:\/\/yoast.com\/product\/yoast-seo-wordpress\/ -->\n<title>Mar vieja - Editorial Juventud<\/title>\n<meta name=\"description\" content=\"En el mar, el hombre tiene el privilegio de contemplar un paisaje antiguo pero en \u00e9l se siente realmente un extranjero y descubre que su huella es ef\u00edmera\" \/>\n<meta name=\"robots\" content=\"index, follow, max-snippet:-1, max-image-preview:large, max-video-preview:-1\" \/>\n<link rel=\"canonical\" href=\"https:\/\/www.editorialjuventud.es\/mar-vieja-9788426137654\/\" \/>\n<meta property=\"og:locale\" content=\"ca_ES\" \/>\n<meta property=\"og:type\" content=\"article\" \/>\n<meta property=\"og:title\" content=\"Mar vieja - Editorial Juventud\" \/>\n<meta property=\"og:description\" content=\"En el mar, el hombre tiene el privilegio de contemplar un paisaje antiguo pero en \u00e9l se siente realmente un extranjero y descubre que su huella es ef\u00edmera\" \/>\n<meta property=\"og:url\" content=\"https:\/\/www.editorialjuventud.es\/mar-vieja-9788426137654\/\" \/>\n<meta property=\"og:site_name\" content=\"Editorial Juventud\" \/>\n<meta property=\"article:modified_time\" content=\"2025-07-23T07:45:48+00:00\" \/>\n<meta property=\"og:image\" content=\"https:\/\/www.editorialjuventud.es\/wp-content\/uploads\/3765.jpg\" \/>\n\t<meta property=\"og:image:width\" content=\"289\" \/>\n\t<meta property=\"og:image:height\" content=\"450\" \/>\n\t<meta property=\"og:image:type\" content=\"image\/jpeg\" \/>\n<meta name=\"twitter:card\" content=\"summary_large_image\" \/>\n<meta name=\"twitter:label1\" content=\"Temps estimat de lectura\" \/>\n\t<meta name=\"twitter:data1\" content=\"1 minut\" \/>\n<script type=\"application\/ld+json\" class=\"yoast-schema-graph\">{\"@context\":\"https:\\\/\\\/schema.org\",\"@graph\":[{\"@type\":\"WebPage\",\"@id\":\"https:\\\/\\\/www.editorialjuventud.es\\\/mar-vieja-9788426137654\\\/\",\"url\":\"https:\\\/\\\/www.editorialjuventud.es\\\/mar-vieja-9788426137654\\\/\",\"name\":\"Mar vieja - Editorial Juventud\",\"isPartOf\":{\"@id\":\"https:\\\/\\\/www.editorialjuventud.es\\\/#website\"},\"primaryImageOfPage\":{\"@id\":\"https:\\\/\\\/www.editorialjuventud.es\\\/mar-vieja-9788426137654\\\/#primaryimage\"},\"image\":{\"@id\":\"https:\\\/\\\/www.editorialjuventud.es\\\/mar-vieja-9788426137654\\\/#primaryimage\"},\"thumbnailUrl\":\"https:\\\/\\\/www.editorialjuventud.es\\\/wp-content\\\/uploads\\\/3765.jpg\",\"datePublished\":\"2018-08-24T09:09:51+00:00\",\"dateModified\":\"2025-07-23T07:45:48+00:00\",\"description\":\"En el mar, el hombre tiene el privilegio de contemplar un paisaje antiguo pero en \u00e9l se siente realmente un extranjero y descubre que su huella es ef\u00edmera\",\"breadcrumb\":{\"@id\":\"https:\\\/\\\/www.editorialjuventud.es\\\/mar-vieja-9788426137654\\\/#breadcrumb\"},\"inLanguage\":\"ca\",\"potentialAction\":[{\"@type\":\"ReadAction\",\"target\":[\"https:\\\/\\\/www.editorialjuventud.es\\\/mar-vieja-9788426137654\\\/\"]}]},{\"@type\":\"ImageObject\",\"inLanguage\":\"ca\",\"@id\":\"https:\\\/\\\/www.editorialjuventud.es\\\/mar-vieja-9788426137654\\\/#primaryimage\",\"url\":\"https:\\\/\\\/www.editorialjuventud.es\\\/wp-content\\\/uploads\\\/3765.jpg\",\"contentUrl\":\"https:\\\/\\\/www.editorialjuventud.es\\\/wp-content\\\/uploads\\\/3765.jpg\",\"width\":289,\"height\":450,\"caption\":\"3765.jpg\"},{\"@type\":\"BreadcrumbList\",\"@id\":\"https:\\\/\\\/www.editorialjuventud.es\\\/mar-vieja-9788426137654\\\/#breadcrumb\",\"itemListElement\":[{\"@type\":\"ListItem\",\"position\":1,\"name\":\"Portada\",\"item\":\"https:\\\/\\\/www.editorialjuventud.es\\\/\"},{\"@type\":\"ListItem\",\"position\":2,\"name\":\"cat\u00e1logo\",\"item\":\"https:\\\/\\\/www.editorialjuventud.es\\\/coleccion\\\/catalogo\\\/\"},{\"@type\":\"ListItem\",\"position\":3,\"name\":\"castellano\",\"item\":\"https:\\\/\\\/www.editorialjuventud.es\\\/coleccion\\\/castellano\\\/\"},{\"@type\":\"ListItem\",\"position\":4,\"name\":\"Lecturas En torno al Mar\",\"item\":\"https:\\\/\\\/www.editorialjuventud.es\\\/coleccion\\\/lecturas-en-torno-al-mar\\\/\"},{\"@type\":\"ListItem\",\"position\":5,\"name\":\"Narrativa Mar\u00edtima\",\"item\":\"https:\\\/\\\/www.editorialjuventud.es\\\/ca\\\/coleccion\\\/narrativa-maritima-lecturas-entorno-al-mar\\\/\"},{\"@type\":\"ListItem\",\"position\":6,\"name\":\"Nostromo. La Aventura Mar\u00edtima\",\"item\":\"https:\\\/\\\/www.editorialjuventud.es\\\/ca\\\/coleccion\\\/nostromo-la-aventura-maritima\\\/\"},{\"@type\":\"ListItem\",\"position\":7,\"name\":\"Mar vieja\"}]},{\"@type\":\"WebSite\",\"@id\":\"https:\\\/\\\/www.editorialjuventud.es\\\/#website\",\"url\":\"https:\\\/\\\/www.editorialjuventud.es\\\/\",\"name\":\"Editorial Juventud\",\"description\":\"\",\"potentialAction\":[{\"@type\":\"SearchAction\",\"target\":{\"@type\":\"EntryPoint\",\"urlTemplate\":\"https:\\\/\\\/www.editorialjuventud.es\\\/?s={search_term_string}\"},\"query-input\":{\"@type\":\"PropertyValueSpecification\",\"valueRequired\":true,\"valueName\":\"search_term_string\"}}],\"inLanguage\":\"ca\"}]}<\/script>\n<!-- \/ Yoast SEO plugin. -->","yoast_head_json":{"title":"Mar vieja - Editorial Juventud","description":"En el mar, el hombre tiene el privilegio de contemplar un paisaje antiguo pero en \u00e9l se siente realmente un extranjero y descubre que su huella es ef\u00edmera","robots":{"index":"index","follow":"follow","max-snippet":"max-snippet:-1","max-image-preview":"max-image-preview:large","max-video-preview":"max-video-preview:-1"},"canonical":"https:\/\/www.editorialjuventud.es\/mar-vieja-9788426137654\/","og_locale":"ca_ES","og_type":"article","og_title":"Mar vieja - Editorial Juventud","og_description":"En el mar, el hombre tiene el privilegio de contemplar un paisaje antiguo pero en \u00e9l se siente realmente un extranjero y descubre que su huella es ef\u00edmera","og_url":"https:\/\/www.editorialjuventud.es\/mar-vieja-9788426137654\/","og_site_name":"Editorial Juventud","article_modified_time":"2025-07-23T07:45:48+00:00","og_image":[{"width":289,"height":450,"url":"https:\/\/www.editorialjuventud.es\/wp-content\/uploads\/3765.jpg","type":"image\/jpeg"}],"twitter_card":"summary_large_image","twitter_misc":{"Temps estimat de lectura":"1 minut"},"schema":{"@context":"https:\/\/schema.org","@graph":[{"@type":"WebPage","@id":"https:\/\/www.editorialjuventud.es\/mar-vieja-9788426137654\/","url":"https:\/\/www.editorialjuventud.es\/mar-vieja-9788426137654\/","name":"Mar vieja - Editorial Juventud","isPartOf":{"@id":"https:\/\/www.editorialjuventud.es\/#website"},"primaryImageOfPage":{"@id":"https:\/\/www.editorialjuventud.es\/mar-vieja-9788426137654\/#primaryimage"},"image":{"@id":"https:\/\/www.editorialjuventud.es\/mar-vieja-9788426137654\/#primaryimage"},"thumbnailUrl":"https:\/\/www.editorialjuventud.es\/wp-content\/uploads\/3765.jpg","datePublished":"2018-08-24T09:09:51+00:00","dateModified":"2025-07-23T07:45:48+00:00","description":"En el mar, el hombre tiene el privilegio de contemplar un paisaje antiguo pero en \u00e9l se siente realmente un extranjero y descubre que su huella es ef\u00edmera","breadcrumb":{"@id":"https:\/\/www.editorialjuventud.es\/mar-vieja-9788426137654\/#breadcrumb"},"inLanguage":"ca","potentialAction":[{"@type":"ReadAction","target":["https:\/\/www.editorialjuventud.es\/mar-vieja-9788426137654\/"]}]},{"@type":"ImageObject","inLanguage":"ca","@id":"https:\/\/www.editorialjuventud.es\/mar-vieja-9788426137654\/#primaryimage","url":"https:\/\/www.editorialjuventud.es\/wp-content\/uploads\/3765.jpg","contentUrl":"https:\/\/www.editorialjuventud.es\/wp-content\/uploads\/3765.jpg","width":289,"height":450,"caption":"3765.jpg"},{"@type":"BreadcrumbList","@id":"https:\/\/www.editorialjuventud.es\/mar-vieja-9788426137654\/#breadcrumb","itemListElement":[{"@type":"ListItem","position":1,"name":"Portada","item":"https:\/\/www.editorialjuventud.es\/"},{"@type":"ListItem","position":2,"name":"cat\u00e1logo","item":"https:\/\/www.editorialjuventud.es\/coleccion\/catalogo\/"},{"@type":"ListItem","position":3,"name":"castellano","item":"https:\/\/www.editorialjuventud.es\/coleccion\/castellano\/"},{"@type":"ListItem","position":4,"name":"Lecturas En torno al Mar","item":"https:\/\/www.editorialjuventud.es\/coleccion\/lecturas-en-torno-al-mar\/"},{"@type":"ListItem","position":5,"name":"Narrativa Mar\u00edtima","item":"https:\/\/www.editorialjuventud.es\/ca\/coleccion\/narrativa-maritima-lecturas-entorno-al-mar\/"},{"@type":"ListItem","position":6,"name":"Nostromo. La Aventura Mar\u00edtima","item":"https:\/\/www.editorialjuventud.es\/ca\/coleccion\/nostromo-la-aventura-maritima\/"},{"@type":"ListItem","position":7,"name":"Mar vieja"}]},{"@type":"WebSite","@id":"https:\/\/www.editorialjuventud.es\/#website","url":"https:\/\/www.editorialjuventud.es\/","name":"Editorial Juventud","description":"","potentialAction":[{"@type":"SearchAction","target":{"@type":"EntryPoint","urlTemplate":"https:\/\/www.editorialjuventud.es\/?s={search_term_string}"},"query-input":{"@type":"PropertyValueSpecification","valueRequired":true,"valueName":"search_term_string"}}],"inLanguage":"ca"}]}},"_links":{"self":[{"href":"https:\/\/www.editorialjuventud.es\/ca\/wp-json\/wp\/v2\/product\/5663","targetHints":{"allow":["GET"]}}],"collection":[{"href":"https:\/\/www.editorialjuventud.es\/ca\/wp-json\/wp\/v2\/product"}],"about":[{"href":"https:\/\/www.editorialjuventud.es\/ca\/wp-json\/wp\/v2\/types\/product"}],"wp:featuredmedia":[{"embeddable":true,"href":"https:\/\/www.editorialjuventud.es\/ca\/wp-json\/wp\/v2\/media\/11181"}],"wp:attachment":[{"href":"https:\/\/www.editorialjuventud.es\/ca\/wp-json\/wp\/v2\/media?parent=5663"}],"wp:term":[{"taxonomy":"product_brand","embeddable":true,"href":"https:\/\/www.editorialjuventud.es\/ca\/wp-json\/wp\/v2\/product_brand?post=5663"},{"taxonomy":"product_cat","embeddable":true,"href":"https:\/\/www.editorialjuventud.es\/ca\/wp-json\/wp\/v2\/product_cat?post=5663"},{"taxonomy":"product_tag","embeddable":true,"href":"https:\/\/www.editorialjuventud.es\/ca\/wp-json\/wp\/v2\/product_tag?post=5663"},{"taxonomy":"coleccion","embeddable":true,"href":"https:\/\/www.editorialjuventud.es\/ca\/wp-json\/wp\/v2\/coleccion?post=5663"}],"curies":[{"name":"wp","href":"https:\/\/api.w.org\/{rel}","templated":true}]}}