{"id":5659,"date":"2018-08-24T13:09:35","date_gmt":"2018-08-24T09:09:35","guid":{"rendered":"http:\/\/www.editorialjuventud.es\/marco-polo\/"},"modified":"2025-01-22T13:31:26","modified_gmt":"2025-01-22T12:31:26","slug":"marco-polo-9788426137616","status":"publish","type":"product","link":"https:\/\/www.editorialjuventud.es\/ca\/marco-polo-9788426137616\/","title":{"rendered":"Marco Polo"},"content":{"rendered":"<p>Una adaptaci\u00f3n para j\u00f3venes lectores del viaje del aventurero Marco Polo que dur\u00f3 24 a\u00f1os desde Venecia hasta China, con delicadas ilustraciones de Demi. La autora incorpora en cada ilustraci\u00f3n dise\u00f1os y elementos de los pa\u00edses o culturas visitados por Marco Polo. Con delicadas ilustraciones que combinan varias t\u00e9cnicas de la ilustraci\u00f3n tradicional del siglo XIII. Una inteligente adaptaci\u00f3n de Los viajes de Marco Polo para introducir la obra a los m\u00e1s peque\u00f1os.<\/p>\n","protected":false},"excerpt":{"rendered":"Una adaptaci\u00f3n para j\u00f3venes lectores del viaje del aventurero Marco Polo que dur\u00f3 24 a\u00f1os desde Venecia hasta China, con delicadas ilustraciones de Demi. La autora incorpora en cada ilustraci\u00f3n dise\u00f1os y elementos de los pa\u00edses o culturas visitados por [&hellip;]","protected":false},"featured_media":11121,"template":"","meta":{"_acf_changed":false,"_exactmetrics_skip_tracking":false,"_exactmetrics_sitenote_active":false,"_exactmetrics_sitenote_note":"","_exactmetrics_sitenote_category":0},"product_brand":[],"product_cat":[902,1121,1169,1183,1123,1207],"product_tag":[],"coleccion":[928,916,987],"class_list":{"0":"post-5659","1":"product","2":"type-product","3":"status-publish","4":"has-post-thumbnail","6":"product_cat-a-partir-de-7-anos","7":"product_cat-albumes-ilustrados","8":"product_cat-edad-media","9":"product_cat-historia","10":"product_cat-libros-informativos-infantil","11":"product_cat-personajes-reales","12":"coleccion-albumes-ilustrados","13":"coleccion-castellano","14":"coleccion-conocer-y-comprender","16":"first","17":"instock","18":"taxable","19":"shipping-taxable","20":"purchasable","21":"product-type-simple"},"acf":{"autor":"Demi","codart":"3761","ediciones":"1","encuadernacion":"Carton\u00e9","fecha_de_publicacion":"01\/10\/2010","novedad":"0","paginas":"64","subtitulo":"","texto_web_adicional":"","texto_web_novedad":"","orden":"999","portada":"0","texto_web_resaltado":"","autores-libros":[16323],"ilustradores-libros":[16323],"traductores-libros":[18276]},"yoast_head":"<!-- This site is optimized with the Yoast SEO plugin v27.5 - https:\/\/yoast.com\/product\/yoast-seo-wordpress\/ -->\n<title>Marco Polo - Editorial Juventud<\/title>\n<meta name=\"description\" content=\"Una adaptaci\u00f3n para j\u00f3venes lectores del viaje del aventurero Marco Polo que dur\u00f3 24 a\u00f1os desde Venecia hasta China, con delicadas ilustraciones de Demi.\" \/>\n<meta name=\"robots\" content=\"index, follow, max-snippet:-1, max-image-preview:large, max-video-preview:-1\" \/>\n<link rel=\"canonical\" href=\"https:\/\/www.editorialjuventud.es\/marco-polo-9788426137616\/\" \/>\n<meta property=\"og:locale\" content=\"ca_ES\" \/>\n<meta property=\"og:type\" content=\"article\" \/>\n<meta property=\"og:title\" content=\"Marco Polo - Editorial Juventud\" \/>\n<meta property=\"og:description\" content=\"Una adaptaci\u00f3n para j\u00f3venes lectores del viaje del aventurero Marco Polo que dur\u00f3 24 a\u00f1os desde Venecia hasta China, con delicadas ilustraciones de Demi.\" \/>\n<meta property=\"og:url\" content=\"https:\/\/www.editorialjuventud.es\/marco-polo-9788426137616\/\" \/>\n<meta property=\"og:site_name\" content=\"Editorial Juventud\" \/>\n<meta property=\"article:modified_time\" content=\"2025-01-22T12:31:26+00:00\" \/>\n<meta property=\"og:image\" content=\"https:\/\/www.editorialjuventud.es\/wp-content\/uploads\/3761.jpg\" \/>\n\t<meta property=\"og:image:width\" content=\"394\" \/>\n\t<meta property=\"og:image:height\" content=\"400\" \/>\n\t<meta property=\"og:image:type\" content=\"image\/jpeg\" \/>\n<meta name=\"twitter:card\" content=\"summary_large_image\" \/>\n<script type=\"application\/ld+json\" class=\"yoast-schema-graph\">{\"@context\":\"https:\\\/\\\/schema.org\",\"@graph\":[{\"@type\":\"WebPage\",\"@id\":\"https:\\\/\\\/www.editorialjuventud.es\\\/marco-polo-9788426137616\\\/\",\"url\":\"https:\\\/\\\/www.editorialjuventud.es\\\/marco-polo-9788426137616\\\/\",\"name\":\"Marco Polo - Editorial Juventud\",\"isPartOf\":{\"@id\":\"https:\\\/\\\/www.editorialjuventud.es\\\/#website\"},\"primaryImageOfPage\":{\"@id\":\"https:\\\/\\\/www.editorialjuventud.es\\\/marco-polo-9788426137616\\\/#primaryimage\"},\"image\":{\"@id\":\"https:\\\/\\\/www.editorialjuventud.es\\\/marco-polo-9788426137616\\\/#primaryimage\"},\"thumbnailUrl\":\"https:\\\/\\\/www.editorialjuventud.es\\\/wp-content\\\/uploads\\\/3761.jpg\",\"datePublished\":\"2018-08-24T09:09:35+00:00\",\"dateModified\":\"2025-01-22T12:31:26+00:00\",\"description\":\"Una adaptaci\u00f3n para j\u00f3venes lectores del viaje del aventurero Marco Polo que dur\u00f3 24 a\u00f1os desde Venecia hasta China, con delicadas ilustraciones de Demi.\",\"breadcrumb\":{\"@id\":\"https:\\\/\\\/www.editorialjuventud.es\\\/marco-polo-9788426137616\\\/#breadcrumb\"},\"inLanguage\":\"ca\",\"potentialAction\":[{\"@type\":\"ReadAction\",\"target\":[\"https:\\\/\\\/www.editorialjuventud.es\\\/marco-polo-9788426137616\\\/\"]}]},{\"@type\":\"ImageObject\",\"inLanguage\":\"ca\",\"@id\":\"https:\\\/\\\/www.editorialjuventud.es\\\/marco-polo-9788426137616\\\/#primaryimage\",\"url\":\"https:\\\/\\\/www.editorialjuventud.es\\\/wp-content\\\/uploads\\\/3761.jpg\",\"contentUrl\":\"https:\\\/\\\/www.editorialjuventud.es\\\/wp-content\\\/uploads\\\/3761.jpg\",\"width\":394,\"height\":400,\"caption\":\"3761.jpg\"},{\"@type\":\"BreadcrumbList\",\"@id\":\"https:\\\/\\\/www.editorialjuventud.es\\\/marco-polo-9788426137616\\\/#breadcrumb\",\"itemListElement\":[{\"@type\":\"ListItem\",\"position\":1,\"name\":\"Portada\",\"item\":\"https:\\\/\\\/www.editorialjuventud.es\\\/\"},{\"@type\":\"ListItem\",\"position\":2,\"name\":\"cat\u00e1logo\",\"item\":\"https:\\\/\\\/www.editorialjuventud.es\\\/coleccion\\\/catalogo\\\/\"},{\"@type\":\"ListItem\",\"position\":3,\"name\":\"castellano\",\"item\":\"https:\\\/\\\/www.editorialjuventud.es\\\/coleccion\\\/castellano\\\/\"},{\"@type\":\"ListItem\",\"position\":4,\"name\":\"\u00c1lbumes Ilustrados\",\"item\":\"https:\\\/\\\/www.editorialjuventud.es\\\/coleccion\\\/albumes-ilustrados\\\/\"},{\"@type\":\"ListItem\",\"position\":5,\"name\":\"Conocer y Comprender\",\"item\":\"https:\\\/\\\/www.editorialjuventud.es\\\/coleccion\\\/conocer-y-comprender\\\/\"},{\"@type\":\"ListItem\",\"position\":6,\"name\":\"Marco Polo\"}]},{\"@type\":\"WebSite\",\"@id\":\"https:\\\/\\\/www.editorialjuventud.es\\\/#website\",\"url\":\"https:\\\/\\\/www.editorialjuventud.es\\\/\",\"name\":\"Editorial Juventud\",\"description\":\"\",\"potentialAction\":[{\"@type\":\"SearchAction\",\"target\":{\"@type\":\"EntryPoint\",\"urlTemplate\":\"https:\\\/\\\/www.editorialjuventud.es\\\/?s={search_term_string}\"},\"query-input\":{\"@type\":\"PropertyValueSpecification\",\"valueRequired\":true,\"valueName\":\"search_term_string\"}}],\"inLanguage\":\"ca\"}]}<\/script>\n<!-- \/ Yoast SEO plugin. -->","yoast_head_json":{"title":"Marco Polo - Editorial Juventud","description":"Una adaptaci\u00f3n para j\u00f3venes lectores del viaje del aventurero Marco Polo que dur\u00f3 24 a\u00f1os desde Venecia hasta China, con delicadas ilustraciones de Demi.","robots":{"index":"index","follow":"follow","max-snippet":"max-snippet:-1","max-image-preview":"max-image-preview:large","max-video-preview":"max-video-preview:-1"},"canonical":"https:\/\/www.editorialjuventud.es\/marco-polo-9788426137616\/","og_locale":"ca_ES","og_type":"article","og_title":"Marco Polo - Editorial Juventud","og_description":"Una adaptaci\u00f3n para j\u00f3venes lectores del viaje del aventurero Marco Polo que dur\u00f3 24 a\u00f1os desde Venecia hasta China, con delicadas ilustraciones de Demi.","og_url":"https:\/\/www.editorialjuventud.es\/marco-polo-9788426137616\/","og_site_name":"Editorial Juventud","article_modified_time":"2025-01-22T12:31:26+00:00","og_image":[{"width":394,"height":400,"url":"https:\/\/www.editorialjuventud.es\/wp-content\/uploads\/3761.jpg","type":"image\/jpeg"}],"twitter_card":"summary_large_image","schema":{"@context":"https:\/\/schema.org","@graph":[{"@type":"WebPage","@id":"https:\/\/www.editorialjuventud.es\/marco-polo-9788426137616\/","url":"https:\/\/www.editorialjuventud.es\/marco-polo-9788426137616\/","name":"Marco Polo - Editorial Juventud","isPartOf":{"@id":"https:\/\/www.editorialjuventud.es\/#website"},"primaryImageOfPage":{"@id":"https:\/\/www.editorialjuventud.es\/marco-polo-9788426137616\/#primaryimage"},"image":{"@id":"https:\/\/www.editorialjuventud.es\/marco-polo-9788426137616\/#primaryimage"},"thumbnailUrl":"https:\/\/www.editorialjuventud.es\/wp-content\/uploads\/3761.jpg","datePublished":"2018-08-24T09:09:35+00:00","dateModified":"2025-01-22T12:31:26+00:00","description":"Una adaptaci\u00f3n para j\u00f3venes lectores del viaje del aventurero Marco Polo que dur\u00f3 24 a\u00f1os desde Venecia hasta China, con delicadas ilustraciones de Demi.","breadcrumb":{"@id":"https:\/\/www.editorialjuventud.es\/marco-polo-9788426137616\/#breadcrumb"},"inLanguage":"ca","potentialAction":[{"@type":"ReadAction","target":["https:\/\/www.editorialjuventud.es\/marco-polo-9788426137616\/"]}]},{"@type":"ImageObject","inLanguage":"ca","@id":"https:\/\/www.editorialjuventud.es\/marco-polo-9788426137616\/#primaryimage","url":"https:\/\/www.editorialjuventud.es\/wp-content\/uploads\/3761.jpg","contentUrl":"https:\/\/www.editorialjuventud.es\/wp-content\/uploads\/3761.jpg","width":394,"height":400,"caption":"3761.jpg"},{"@type":"BreadcrumbList","@id":"https:\/\/www.editorialjuventud.es\/marco-polo-9788426137616\/#breadcrumb","itemListElement":[{"@type":"ListItem","position":1,"name":"Portada","item":"https:\/\/www.editorialjuventud.es\/"},{"@type":"ListItem","position":2,"name":"cat\u00e1logo","item":"https:\/\/www.editorialjuventud.es\/coleccion\/catalogo\/"},{"@type":"ListItem","position":3,"name":"castellano","item":"https:\/\/www.editorialjuventud.es\/coleccion\/castellano\/"},{"@type":"ListItem","position":4,"name":"\u00c1lbumes Ilustrados","item":"https:\/\/www.editorialjuventud.es\/coleccion\/albumes-ilustrados\/"},{"@type":"ListItem","position":5,"name":"Conocer y Comprender","item":"https:\/\/www.editorialjuventud.es\/coleccion\/conocer-y-comprender\/"},{"@type":"ListItem","position":6,"name":"Marco Polo"}]},{"@type":"WebSite","@id":"https:\/\/www.editorialjuventud.es\/#website","url":"https:\/\/www.editorialjuventud.es\/","name":"Editorial Juventud","description":"","potentialAction":[{"@type":"SearchAction","target":{"@type":"EntryPoint","urlTemplate":"https:\/\/www.editorialjuventud.es\/?s={search_term_string}"},"query-input":{"@type":"PropertyValueSpecification","valueRequired":true,"valueName":"search_term_string"}}],"inLanguage":"ca"}]}},"_links":{"self":[{"href":"https:\/\/www.editorialjuventud.es\/ca\/wp-json\/wp\/v2\/product\/5659","targetHints":{"allow":["GET"]}}],"collection":[{"href":"https:\/\/www.editorialjuventud.es\/ca\/wp-json\/wp\/v2\/product"}],"about":[{"href":"https:\/\/www.editorialjuventud.es\/ca\/wp-json\/wp\/v2\/types\/product"}],"wp:featuredmedia":[{"embeddable":true,"href":"https:\/\/www.editorialjuventud.es\/ca\/wp-json\/wp\/v2\/media\/11121"}],"wp:attachment":[{"href":"https:\/\/www.editorialjuventud.es\/ca\/wp-json\/wp\/v2\/media?parent=5659"}],"wp:term":[{"taxonomy":"product_brand","embeddable":true,"href":"https:\/\/www.editorialjuventud.es\/ca\/wp-json\/wp\/v2\/product_brand?post=5659"},{"taxonomy":"product_cat","embeddable":true,"href":"https:\/\/www.editorialjuventud.es\/ca\/wp-json\/wp\/v2\/product_cat?post=5659"},{"taxonomy":"product_tag","embeddable":true,"href":"https:\/\/www.editorialjuventud.es\/ca\/wp-json\/wp\/v2\/product_tag?post=5659"},{"taxonomy":"coleccion","embeddable":true,"href":"https:\/\/www.editorialjuventud.es\/ca\/wp-json\/wp\/v2\/coleccion?post=5659"}],"curies":[{"name":"wp","href":"https:\/\/api.w.org\/{rel}","templated":true}]}}