{"id":5651,"date":"2018-08-24T11:09:01","date_gmt":"2018-08-24T09:09:01","guid":{"rendered":"http:\/\/www.editorialjuventud.es\/rutas-de-navegacion-del-mundo\/"},"modified":"2025-07-23T09:35:49","modified_gmt":"2025-07-23T07:35:49","slug":"rutas-de-navegacion-del-mundo-9788426137531","status":"publish","type":"product","link":"https:\/\/www.editorialjuventud.es\/ca\/rutas-de-navegacion-del-mundo-9788426137531\/","title":{"rendered":"Rutas de navegaci\u00f3n del mundo"},"content":{"rendered":"<p>Rutas de navegaci\u00f3n del mundo es una gu\u00eda pr\u00e1ctica para planificar m\u00e1s de mil rutas a trav\u00e9s de todos los oc\u00e9anos del mundo, desde los tropicales Mares del Sur hasta las altas latitudes de los polos. Orientado a las necesidades espec\u00edficas de los navegantes de altura, contiene toda la informaci\u00f3n indispensable sobre el tiempo regional y estacional, los vientos dominantes, las corrientes, las estaciones favorables para realizar cada ruta, desde la m\u00e1s popular hasta la menos transitada.<br \/>Muchos de los libros de Jimmy Cornell han sido traducidos a varios idiomas. Sus rutas de navegaci\u00f3n del mundo ha vendido m\u00e1s de 100.000 copias y es uno de mayores Best Sellers n\u00e1uticos del mundo. El lector podr\u00e1 encontrar las actualizaciones de este libro en el sitio web www.noonsite.com.<\/p>\n","protected":false},"excerpt":{"rendered":"Rutas de navegaci\u00f3n del mundo es una gu\u00eda pr\u00e1ctica para planificar m\u00e1s de mil rutas a trav\u00e9s de todos los oc\u00e9anos del mundo, desde los tropicales Mares del Sur hasta las altas latitudes de los polos. Orientado a las necesidades [&hellip;]","protected":false},"featured_media":11025,"template":"","meta":{"_acf_changed":false,"_exactmetrics_skip_tracking":false,"_exactmetrics_sitenote_active":false,"_exactmetrics_sitenote_note":"","_exactmetrics_sitenote_category":0},"product_brand":[],"product_cat":[905,1120],"product_tag":[],"coleccion":[936,1006],"class_list":{"0":"post-5651","1":"product","2":"type-product","3":"status-publish","4":"has-post-thumbnail","6":"product_cat-adulto","7":"product_cat-nautica","8":"coleccion-lecturas-en-torno-al-mar","9":"coleccion-libros-tecnicos","11":"first","12":"outofstock","13":"taxable","14":"shipping-taxable","15":"purchasable","16":"product-type-simple"},"acf":{"autor":"Cornell, Jimmy","codart":"3753","ediciones":"1","encuadernacion":"Flexibook","fecha_de_publicacion":"04\/11\/2010","novedad":"0","paginas":"628","subtitulo":"","texto_web_adicional":"","texto_web_novedad":"","orden":"999","portada":"0","texto_web_resaltado":"","autores-libros":[16299],"traductores-libros":[18079]},"yoast_head":"<!-- This site is optimized with the Yoast SEO plugin v27.3 - https:\/\/yoast.com\/product\/yoast-seo-wordpress\/ -->\n<title>Rutas de navegaci\u00f3n del mundo - Editorial Juventud<\/title>\n<meta name=\"description\" content=\"Rutas de navegaci\u00f3n del mundo es una gu\u00eda pr\u00e1ctica para planificar m\u00e1s de mil rutas a trav\u00e9s de todos los oc\u00e9anos del mundo, desde los tropicales Mares\" \/>\n<meta name=\"robots\" content=\"index, follow, max-snippet:-1, max-image-preview:large, max-video-preview:-1\" \/>\n<link rel=\"canonical\" href=\"https:\/\/www.editorialjuventud.es\/rutas-de-navegacion-del-mundo-9788426137531\/\" \/>\n<meta property=\"og:locale\" content=\"ca_ES\" \/>\n<meta property=\"og:type\" content=\"article\" \/>\n<meta property=\"og:title\" content=\"Rutas de navegaci\u00f3n del mundo - Editorial Juventud\" \/>\n<meta property=\"og:description\" content=\"Rutas de navegaci\u00f3n del mundo es una gu\u00eda pr\u00e1ctica para planificar m\u00e1s de mil rutas a trav\u00e9s de todos los oc\u00e9anos del mundo, desde los tropicales Mares\" \/>\n<meta property=\"og:url\" content=\"https:\/\/www.editorialjuventud.es\/rutas-de-navegacion-del-mundo-9788426137531\/\" \/>\n<meta property=\"og:site_name\" content=\"Editorial Juventud\" \/>\n<meta property=\"article:modified_time\" content=\"2025-07-23T07:35:49+00:00\" \/>\n<meta property=\"og:image\" content=\"https:\/\/www.editorialjuventud.es\/wp-content\/uploads\/3753.jpg\" \/>\n\t<meta property=\"og:image:width\" content=\"400\" \/>\n\t<meta property=\"og:image:height\" content=\"500\" \/>\n\t<meta property=\"og:image:type\" content=\"image\/jpeg\" \/>\n<meta name=\"twitter:card\" content=\"summary_large_image\" \/>\n<meta name=\"twitter:label1\" content=\"Temps estimat de lectura\" \/>\n\t<meta name=\"twitter:data1\" content=\"1 minut\" \/>\n<script type=\"application\/ld+json\" class=\"yoast-schema-graph\">{\"@context\":\"https:\\\/\\\/schema.org\",\"@graph\":[{\"@type\":\"WebPage\",\"@id\":\"https:\\\/\\\/www.editorialjuventud.es\\\/rutas-de-navegacion-del-mundo-9788426137531\\\/\",\"url\":\"https:\\\/\\\/www.editorialjuventud.es\\\/rutas-de-navegacion-del-mundo-9788426137531\\\/\",\"name\":\"Rutas de navegaci\u00f3n del mundo - Editorial Juventud\",\"isPartOf\":{\"@id\":\"https:\\\/\\\/www.editorialjuventud.es\\\/#website\"},\"primaryImageOfPage\":{\"@id\":\"https:\\\/\\\/www.editorialjuventud.es\\\/rutas-de-navegacion-del-mundo-9788426137531\\\/#primaryimage\"},\"image\":{\"@id\":\"https:\\\/\\\/www.editorialjuventud.es\\\/rutas-de-navegacion-del-mundo-9788426137531\\\/#primaryimage\"},\"thumbnailUrl\":\"https:\\\/\\\/www.editorialjuventud.es\\\/wp-content\\\/uploads\\\/3753.jpg\",\"datePublished\":\"2018-08-24T09:09:01+00:00\",\"dateModified\":\"2025-07-23T07:35:49+00:00\",\"description\":\"Rutas de navegaci\u00f3n del mundo es una gu\u00eda pr\u00e1ctica para planificar m\u00e1s de mil rutas a trav\u00e9s de todos los oc\u00e9anos del mundo, desde los tropicales Mares\",\"breadcrumb\":{\"@id\":\"https:\\\/\\\/www.editorialjuventud.es\\\/rutas-de-navegacion-del-mundo-9788426137531\\\/#breadcrumb\"},\"inLanguage\":\"ca\",\"potentialAction\":[{\"@type\":\"ReadAction\",\"target\":[\"https:\\\/\\\/www.editorialjuventud.es\\\/rutas-de-navegacion-del-mundo-9788426137531\\\/\"]}]},{\"@type\":\"ImageObject\",\"inLanguage\":\"ca\",\"@id\":\"https:\\\/\\\/www.editorialjuventud.es\\\/rutas-de-navegacion-del-mundo-9788426137531\\\/#primaryimage\",\"url\":\"https:\\\/\\\/www.editorialjuventud.es\\\/wp-content\\\/uploads\\\/3753.jpg\",\"contentUrl\":\"https:\\\/\\\/www.editorialjuventud.es\\\/wp-content\\\/uploads\\\/3753.jpg\",\"width\":400,\"height\":500,\"caption\":\"3753.jpg\"},{\"@type\":\"BreadcrumbList\",\"@id\":\"https:\\\/\\\/www.editorialjuventud.es\\\/rutas-de-navegacion-del-mundo-9788426137531\\\/#breadcrumb\",\"itemListElement\":[{\"@type\":\"ListItem\",\"position\":1,\"name\":\"Portada\",\"item\":\"https:\\\/\\\/www.editorialjuventud.es\\\/\"},{\"@type\":\"ListItem\",\"position\":2,\"name\":\"cat\u00e1logo\",\"item\":\"https:\\\/\\\/www.editorialjuventud.es\\\/coleccion\\\/catalogo\\\/\"},{\"@type\":\"ListItem\",\"position\":3,\"name\":\"castellano\",\"item\":\"https:\\\/\\\/www.editorialjuventud.es\\\/coleccion\\\/castellano\\\/\"},{\"@type\":\"ListItem\",\"position\":4,\"name\":\"Lecturas En torno al Mar\",\"item\":\"https:\\\/\\\/www.editorialjuventud.es\\\/coleccion\\\/lecturas-en-torno-al-mar\\\/\"},{\"@type\":\"ListItem\",\"position\":5,\"name\":\"Libros T\u00e9cnicos\",\"item\":\"https:\\\/\\\/www.editorialjuventud.es\\\/coleccion\\\/libros-tecnicos\\\/\"},{\"@type\":\"ListItem\",\"position\":6,\"name\":\"Rutas de navegaci\u00f3n del mundo\"}]},{\"@type\":\"WebSite\",\"@id\":\"https:\\\/\\\/www.editorialjuventud.es\\\/#website\",\"url\":\"https:\\\/\\\/www.editorialjuventud.es\\\/\",\"name\":\"Editorial Juventud\",\"description\":\"\",\"potentialAction\":[{\"@type\":\"SearchAction\",\"target\":{\"@type\":\"EntryPoint\",\"urlTemplate\":\"https:\\\/\\\/www.editorialjuventud.es\\\/?s={search_term_string}\"},\"query-input\":{\"@type\":\"PropertyValueSpecification\",\"valueRequired\":true,\"valueName\":\"search_term_string\"}}],\"inLanguage\":\"ca\"}]}<\/script>\n<!-- \/ Yoast SEO plugin. -->","yoast_head_json":{"title":"Rutas de navegaci\u00f3n del mundo - Editorial Juventud","description":"Rutas de navegaci\u00f3n del mundo es una gu\u00eda pr\u00e1ctica para planificar m\u00e1s de mil rutas a trav\u00e9s de todos los oc\u00e9anos del mundo, desde los tropicales Mares","robots":{"index":"index","follow":"follow","max-snippet":"max-snippet:-1","max-image-preview":"max-image-preview:large","max-video-preview":"max-video-preview:-1"},"canonical":"https:\/\/www.editorialjuventud.es\/rutas-de-navegacion-del-mundo-9788426137531\/","og_locale":"ca_ES","og_type":"article","og_title":"Rutas de navegaci\u00f3n del mundo - Editorial Juventud","og_description":"Rutas de navegaci\u00f3n del mundo es una gu\u00eda pr\u00e1ctica para planificar m\u00e1s de mil rutas a trav\u00e9s de todos los oc\u00e9anos del mundo, desde los tropicales Mares","og_url":"https:\/\/www.editorialjuventud.es\/rutas-de-navegacion-del-mundo-9788426137531\/","og_site_name":"Editorial Juventud","article_modified_time":"2025-07-23T07:35:49+00:00","og_image":[{"width":400,"height":500,"url":"https:\/\/www.editorialjuventud.es\/wp-content\/uploads\/3753.jpg","type":"image\/jpeg"}],"twitter_card":"summary_large_image","twitter_misc":{"Temps estimat de lectura":"1 minut"},"schema":{"@context":"https:\/\/schema.org","@graph":[{"@type":"WebPage","@id":"https:\/\/www.editorialjuventud.es\/rutas-de-navegacion-del-mundo-9788426137531\/","url":"https:\/\/www.editorialjuventud.es\/rutas-de-navegacion-del-mundo-9788426137531\/","name":"Rutas de navegaci\u00f3n del mundo - Editorial Juventud","isPartOf":{"@id":"https:\/\/www.editorialjuventud.es\/#website"},"primaryImageOfPage":{"@id":"https:\/\/www.editorialjuventud.es\/rutas-de-navegacion-del-mundo-9788426137531\/#primaryimage"},"image":{"@id":"https:\/\/www.editorialjuventud.es\/rutas-de-navegacion-del-mundo-9788426137531\/#primaryimage"},"thumbnailUrl":"https:\/\/www.editorialjuventud.es\/wp-content\/uploads\/3753.jpg","datePublished":"2018-08-24T09:09:01+00:00","dateModified":"2025-07-23T07:35:49+00:00","description":"Rutas de navegaci\u00f3n del mundo es una gu\u00eda pr\u00e1ctica para planificar m\u00e1s de mil rutas a trav\u00e9s de todos los oc\u00e9anos del mundo, desde los tropicales Mares","breadcrumb":{"@id":"https:\/\/www.editorialjuventud.es\/rutas-de-navegacion-del-mundo-9788426137531\/#breadcrumb"},"inLanguage":"ca","potentialAction":[{"@type":"ReadAction","target":["https:\/\/www.editorialjuventud.es\/rutas-de-navegacion-del-mundo-9788426137531\/"]}]},{"@type":"ImageObject","inLanguage":"ca","@id":"https:\/\/www.editorialjuventud.es\/rutas-de-navegacion-del-mundo-9788426137531\/#primaryimage","url":"https:\/\/www.editorialjuventud.es\/wp-content\/uploads\/3753.jpg","contentUrl":"https:\/\/www.editorialjuventud.es\/wp-content\/uploads\/3753.jpg","width":400,"height":500,"caption":"3753.jpg"},{"@type":"BreadcrumbList","@id":"https:\/\/www.editorialjuventud.es\/rutas-de-navegacion-del-mundo-9788426137531\/#breadcrumb","itemListElement":[{"@type":"ListItem","position":1,"name":"Portada","item":"https:\/\/www.editorialjuventud.es\/"},{"@type":"ListItem","position":2,"name":"cat\u00e1logo","item":"https:\/\/www.editorialjuventud.es\/coleccion\/catalogo\/"},{"@type":"ListItem","position":3,"name":"castellano","item":"https:\/\/www.editorialjuventud.es\/coleccion\/castellano\/"},{"@type":"ListItem","position":4,"name":"Lecturas En torno al Mar","item":"https:\/\/www.editorialjuventud.es\/coleccion\/lecturas-en-torno-al-mar\/"},{"@type":"ListItem","position":5,"name":"Libros T\u00e9cnicos","item":"https:\/\/www.editorialjuventud.es\/coleccion\/libros-tecnicos\/"},{"@type":"ListItem","position":6,"name":"Rutas de navegaci\u00f3n del mundo"}]},{"@type":"WebSite","@id":"https:\/\/www.editorialjuventud.es\/#website","url":"https:\/\/www.editorialjuventud.es\/","name":"Editorial Juventud","description":"","potentialAction":[{"@type":"SearchAction","target":{"@type":"EntryPoint","urlTemplate":"https:\/\/www.editorialjuventud.es\/?s={search_term_string}"},"query-input":{"@type":"PropertyValueSpecification","valueRequired":true,"valueName":"search_term_string"}}],"inLanguage":"ca"}]}},"_links":{"self":[{"href":"https:\/\/www.editorialjuventud.es\/ca\/wp-json\/wp\/v2\/product\/5651","targetHints":{"allow":["GET"]}}],"collection":[{"href":"https:\/\/www.editorialjuventud.es\/ca\/wp-json\/wp\/v2\/product"}],"about":[{"href":"https:\/\/www.editorialjuventud.es\/ca\/wp-json\/wp\/v2\/types\/product"}],"wp:featuredmedia":[{"embeddable":true,"href":"https:\/\/www.editorialjuventud.es\/ca\/wp-json\/wp\/v2\/media\/11025"}],"wp:attachment":[{"href":"https:\/\/www.editorialjuventud.es\/ca\/wp-json\/wp\/v2\/media?parent=5651"}],"wp:term":[{"taxonomy":"product_brand","embeddable":true,"href":"https:\/\/www.editorialjuventud.es\/ca\/wp-json\/wp\/v2\/product_brand?post=5651"},{"taxonomy":"product_cat","embeddable":true,"href":"https:\/\/www.editorialjuventud.es\/ca\/wp-json\/wp\/v2\/product_cat?post=5651"},{"taxonomy":"product_tag","embeddable":true,"href":"https:\/\/www.editorialjuventud.es\/ca\/wp-json\/wp\/v2\/product_tag?post=5651"},{"taxonomy":"coleccion","embeddable":true,"href":"https:\/\/www.editorialjuventud.es\/ca\/wp-json\/wp\/v2\/coleccion?post=5651"}],"curies":[{"name":"wp","href":"https:\/\/api.w.org\/{rel}","templated":true}]}}