{"id":5644,"date":"2018-08-24T13:08:32","date_gmt":"2018-08-24T09:08:32","guid":{"rendered":"http:\/\/www.editorialjuventud.es\/un-dia-con-papa\/"},"modified":"2025-12-15T12:45:38","modified_gmt":"2025-12-15T11:45:38","slug":"un-dia-con-papa-9788426137470","status":"publish","type":"product","link":"https:\/\/www.editorialjuventud.es\/ca\/un-dia-con-papa-9788426137470\/","title":{"rendered":"Un d\u00eda con pap\u00e1"},"content":{"rendered":"<p>Voy de pesca con pap\u00e1. \u00c9l agarra las lombrices con la mano, yo prefiero usar la pala, \u00e9l silba mientras rema, a m\u00ed me gusta imitar el ruido del agua al chocar contra la barca. Los dos tenemos maneras distintas de hacer las cosas pero a los dos nos encanta pasar el d\u00eda juntos.<\/p>\n","protected":false},"excerpt":{"rendered":"Voy de pesca con pap\u00e1. \u00c9l agarra las lombrices con la mano, yo prefiero usar la pala, \u00e9l silba mientras rema, a m\u00ed me gusta imitar el ruido del agua al chocar contra la barca. Los dos tenemos maneras distintas [&hellip;]","protected":false},"featured_media":10929,"template":"","meta":{"_acf_changed":false,"_exactmetrics_skip_tracking":false,"_exactmetrics_sitenote_active":false,"_exactmetrics_sitenote_note":"","_exactmetrics_sitenote_category":0},"product_brand":[],"product_cat":[900,1121,1205],"product_tag":[],"coleccion":[998],"class_list":{"0":"post-5644","1":"product","2":"type-product","3":"status-publish","4":"has-post-thumbnail","6":"product_cat-a-partir-de-5-anos","7":"product_cat-albumes-ilustrados","8":"product_cat-padres","9":"coleccion-para-hablar-en-familia","11":"first","12":"instock","13":"taxable","14":"shipping-taxable","15":"purchasable","16":"product-type-simple"},"acf":{"autor":"Banks - Castillo","codart":"3747","ediciones":"1","encuadernacion":"Carton\u00e9","fecha_de_publicacion":"08\/06\/2009","novedad":"0","paginas":"32","subtitulo":"","texto_web_adicional":"","texto_web_novedad":"","orden":"999","portada":"0","texto_web_resaltado":"","indice":"","autores-libros":[16206],"ilustradores-libros":[17457],"traductores-libros":[16176],"fecha_de_reimpresion":"","descripcion_corta":"","recomendamos":"","mas_vendido":"","idioma-libro":"","color":false,"formato":"","mas_informacion_del_producto":false,"premios":false,"deshabilitar_compra":["deshabilitar"],"texto_enlace_cubierta":"","enlace_cubierta":false,"texto_enlace_ficha_tecnica":"","enlace_ficha_tecnica":false,"ficheros":false,"titulo-fr":"","texto-fr":""},"yoast_head":"<!-- This site is optimized with the Yoast SEO plugin v27.5 - https:\/\/yoast.com\/product\/yoast-seo-wordpress\/ -->\n<title>Un d\u00eda con pap\u00e1 - Editorial Juventud<\/title>\n<meta name=\"description\" content=\"Voy de pesca con pap\u00e1. \u00c9l agarra las lombrices con la mano, yo prefiero usar la pala, \u00e9l silba mientras rema, a m\u00ed me gusta imitar el ruido del agua al\" \/>\n<meta name=\"robots\" content=\"index, follow, max-snippet:-1, max-image-preview:large, max-video-preview:-1\" \/>\n<link rel=\"canonical\" href=\"https:\/\/www.editorialjuventud.es\/un-dia-con-papa-9788426137470\/\" \/>\n<meta property=\"og:locale\" content=\"ca_ES\" \/>\n<meta property=\"og:type\" content=\"article\" \/>\n<meta property=\"og:title\" content=\"Un d\u00eda con pap\u00e1 - Editorial Juventud\" \/>\n<meta property=\"og:description\" content=\"Voy de pesca con pap\u00e1. \u00c9l agarra las lombrices con la mano, yo prefiero usar la pala, \u00e9l silba mientras rema, a m\u00ed me gusta imitar el ruido del agua al\" \/>\n<meta property=\"og:url\" content=\"https:\/\/www.editorialjuventud.es\/un-dia-con-papa-9788426137470\/\" \/>\n<meta property=\"og:site_name\" content=\"Editorial Juventud\" \/>\n<meta property=\"article:modified_time\" content=\"2025-12-15T11:45:38+00:00\" \/>\n<meta property=\"og:image\" content=\"https:\/\/www.editorialjuventud.es\/wp-content\/uploads\/3747.jpg\" \/>\n\t<meta property=\"og:image:width\" content=\"441\" \/>\n\t<meta property=\"og:image:height\" content=\"400\" \/>\n\t<meta property=\"og:image:type\" content=\"image\/jpeg\" \/>\n<meta name=\"twitter:card\" content=\"summary_large_image\" \/>\n<meta name=\"twitter:label1\" content=\"Temps estimat de lectura\" \/>\n\t<meta name=\"twitter:data1\" content=\"1 minut\" \/>\n<script type=\"application\/ld+json\" class=\"yoast-schema-graph\">{\"@context\":\"https:\\\/\\\/schema.org\",\"@graph\":[{\"@type\":\"WebPage\",\"@id\":\"https:\\\/\\\/www.editorialjuventud.es\\\/un-dia-con-papa-9788426137470\\\/\",\"url\":\"https:\\\/\\\/www.editorialjuventud.es\\\/un-dia-con-papa-9788426137470\\\/\",\"name\":\"Un d\u00eda con pap\u00e1 - Editorial Juventud\",\"isPartOf\":{\"@id\":\"https:\\\/\\\/www.editorialjuventud.es\\\/#website\"},\"primaryImageOfPage\":{\"@id\":\"https:\\\/\\\/www.editorialjuventud.es\\\/un-dia-con-papa-9788426137470\\\/#primaryimage\"},\"image\":{\"@id\":\"https:\\\/\\\/www.editorialjuventud.es\\\/un-dia-con-papa-9788426137470\\\/#primaryimage\"},\"thumbnailUrl\":\"https:\\\/\\\/www.editorialjuventud.es\\\/wp-content\\\/uploads\\\/3747.jpg\",\"datePublished\":\"2018-08-24T09:08:32+00:00\",\"dateModified\":\"2025-12-15T11:45:38+00:00\",\"description\":\"Voy de pesca con pap\u00e1. \u00c9l agarra las lombrices con la mano, yo prefiero usar la pala, \u00e9l silba mientras rema, a m\u00ed me gusta imitar el ruido del agua al\",\"breadcrumb\":{\"@id\":\"https:\\\/\\\/www.editorialjuventud.es\\\/un-dia-con-papa-9788426137470\\\/#breadcrumb\"},\"inLanguage\":\"ca\",\"potentialAction\":[{\"@type\":\"ReadAction\",\"target\":[\"https:\\\/\\\/www.editorialjuventud.es\\\/un-dia-con-papa-9788426137470\\\/\"]}]},{\"@type\":\"ImageObject\",\"inLanguage\":\"ca\",\"@id\":\"https:\\\/\\\/www.editorialjuventud.es\\\/un-dia-con-papa-9788426137470\\\/#primaryimage\",\"url\":\"https:\\\/\\\/www.editorialjuventud.es\\\/wp-content\\\/uploads\\\/3747.jpg\",\"contentUrl\":\"https:\\\/\\\/www.editorialjuventud.es\\\/wp-content\\\/uploads\\\/3747.jpg\",\"width\":441,\"height\":400,\"caption\":\"3747.jpg\"},{\"@type\":\"BreadcrumbList\",\"@id\":\"https:\\\/\\\/www.editorialjuventud.es\\\/un-dia-con-papa-9788426137470\\\/#breadcrumb\",\"itemListElement\":[{\"@type\":\"ListItem\",\"position\":1,\"name\":\"Portada\",\"item\":\"https:\\\/\\\/www.editorialjuventud.es\\\/\"},{\"@type\":\"ListItem\",\"position\":2,\"name\":\"cat\u00e1logo\",\"item\":\"https:\\\/\\\/www.editorialjuventud.es\\\/coleccion\\\/catalogo\\\/\"},{\"@type\":\"ListItem\",\"position\":3,\"name\":\"castellano\",\"item\":\"https:\\\/\\\/www.editorialjuventud.es\\\/coleccion\\\/castellano\\\/\"},{\"@type\":\"ListItem\",\"position\":4,\"name\":\"\u00c1lbumes Ilustrados\",\"item\":\"https:\\\/\\\/www.editorialjuventud.es\\\/coleccion\\\/albumes-ilustrados\\\/\"},{\"@type\":\"ListItem\",\"position\":5,\"name\":\"Para Hablar en Familia\",\"item\":\"https:\\\/\\\/www.editorialjuventud.es\\\/coleccion\\\/para-hablar-en-familia\\\/\"},{\"@type\":\"ListItem\",\"position\":6,\"name\":\"Un d\u00eda con pap\u00e1\"}]},{\"@type\":\"WebSite\",\"@id\":\"https:\\\/\\\/www.editorialjuventud.es\\\/#website\",\"url\":\"https:\\\/\\\/www.editorialjuventud.es\\\/\",\"name\":\"Editorial Juventud\",\"description\":\"\",\"potentialAction\":[{\"@type\":\"SearchAction\",\"target\":{\"@type\":\"EntryPoint\",\"urlTemplate\":\"https:\\\/\\\/www.editorialjuventud.es\\\/?s={search_term_string}\"},\"query-input\":{\"@type\":\"PropertyValueSpecification\",\"valueRequired\":true,\"valueName\":\"search_term_string\"}}],\"inLanguage\":\"ca\"}]}<\/script>\n<!-- \/ Yoast SEO plugin. -->","yoast_head_json":{"title":"Un d\u00eda con pap\u00e1 - Editorial Juventud","description":"Voy de pesca con pap\u00e1. \u00c9l agarra las lombrices con la mano, yo prefiero usar la pala, \u00e9l silba mientras rema, a m\u00ed me gusta imitar el ruido del agua al","robots":{"index":"index","follow":"follow","max-snippet":"max-snippet:-1","max-image-preview":"max-image-preview:large","max-video-preview":"max-video-preview:-1"},"canonical":"https:\/\/www.editorialjuventud.es\/un-dia-con-papa-9788426137470\/","og_locale":"ca_ES","og_type":"article","og_title":"Un d\u00eda con pap\u00e1 - Editorial Juventud","og_description":"Voy de pesca con pap\u00e1. \u00c9l agarra las lombrices con la mano, yo prefiero usar la pala, \u00e9l silba mientras rema, a m\u00ed me gusta imitar el ruido del agua al","og_url":"https:\/\/www.editorialjuventud.es\/un-dia-con-papa-9788426137470\/","og_site_name":"Editorial Juventud","article_modified_time":"2025-12-15T11:45:38+00:00","og_image":[{"width":441,"height":400,"url":"https:\/\/www.editorialjuventud.es\/wp-content\/uploads\/3747.jpg","type":"image\/jpeg"}],"twitter_card":"summary_large_image","twitter_misc":{"Temps estimat de lectura":"1 minut"},"schema":{"@context":"https:\/\/schema.org","@graph":[{"@type":"WebPage","@id":"https:\/\/www.editorialjuventud.es\/un-dia-con-papa-9788426137470\/","url":"https:\/\/www.editorialjuventud.es\/un-dia-con-papa-9788426137470\/","name":"Un d\u00eda con pap\u00e1 - Editorial Juventud","isPartOf":{"@id":"https:\/\/www.editorialjuventud.es\/#website"},"primaryImageOfPage":{"@id":"https:\/\/www.editorialjuventud.es\/un-dia-con-papa-9788426137470\/#primaryimage"},"image":{"@id":"https:\/\/www.editorialjuventud.es\/un-dia-con-papa-9788426137470\/#primaryimage"},"thumbnailUrl":"https:\/\/www.editorialjuventud.es\/wp-content\/uploads\/3747.jpg","datePublished":"2018-08-24T09:08:32+00:00","dateModified":"2025-12-15T11:45:38+00:00","description":"Voy de pesca con pap\u00e1. \u00c9l agarra las lombrices con la mano, yo prefiero usar la pala, \u00e9l silba mientras rema, a m\u00ed me gusta imitar el ruido del agua al","breadcrumb":{"@id":"https:\/\/www.editorialjuventud.es\/un-dia-con-papa-9788426137470\/#breadcrumb"},"inLanguage":"ca","potentialAction":[{"@type":"ReadAction","target":["https:\/\/www.editorialjuventud.es\/un-dia-con-papa-9788426137470\/"]}]},{"@type":"ImageObject","inLanguage":"ca","@id":"https:\/\/www.editorialjuventud.es\/un-dia-con-papa-9788426137470\/#primaryimage","url":"https:\/\/www.editorialjuventud.es\/wp-content\/uploads\/3747.jpg","contentUrl":"https:\/\/www.editorialjuventud.es\/wp-content\/uploads\/3747.jpg","width":441,"height":400,"caption":"3747.jpg"},{"@type":"BreadcrumbList","@id":"https:\/\/www.editorialjuventud.es\/un-dia-con-papa-9788426137470\/#breadcrumb","itemListElement":[{"@type":"ListItem","position":1,"name":"Portada","item":"https:\/\/www.editorialjuventud.es\/"},{"@type":"ListItem","position":2,"name":"cat\u00e1logo","item":"https:\/\/www.editorialjuventud.es\/coleccion\/catalogo\/"},{"@type":"ListItem","position":3,"name":"castellano","item":"https:\/\/www.editorialjuventud.es\/coleccion\/castellano\/"},{"@type":"ListItem","position":4,"name":"\u00c1lbumes Ilustrados","item":"https:\/\/www.editorialjuventud.es\/coleccion\/albumes-ilustrados\/"},{"@type":"ListItem","position":5,"name":"Para Hablar en Familia","item":"https:\/\/www.editorialjuventud.es\/coleccion\/para-hablar-en-familia\/"},{"@type":"ListItem","position":6,"name":"Un d\u00eda con pap\u00e1"}]},{"@type":"WebSite","@id":"https:\/\/www.editorialjuventud.es\/#website","url":"https:\/\/www.editorialjuventud.es\/","name":"Editorial Juventud","description":"","potentialAction":[{"@type":"SearchAction","target":{"@type":"EntryPoint","urlTemplate":"https:\/\/www.editorialjuventud.es\/?s={search_term_string}"},"query-input":{"@type":"PropertyValueSpecification","valueRequired":true,"valueName":"search_term_string"}}],"inLanguage":"ca"}]}},"_links":{"self":[{"href":"https:\/\/www.editorialjuventud.es\/ca\/wp-json\/wp\/v2\/product\/5644","targetHints":{"allow":["GET"]}}],"collection":[{"href":"https:\/\/www.editorialjuventud.es\/ca\/wp-json\/wp\/v2\/product"}],"about":[{"href":"https:\/\/www.editorialjuventud.es\/ca\/wp-json\/wp\/v2\/types\/product"}],"wp:featuredmedia":[{"embeddable":true,"href":"https:\/\/www.editorialjuventud.es\/ca\/wp-json\/wp\/v2\/media\/10929"}],"wp:attachment":[{"href":"https:\/\/www.editorialjuventud.es\/ca\/wp-json\/wp\/v2\/media?parent=5644"}],"wp:term":[{"taxonomy":"product_brand","embeddable":true,"href":"https:\/\/www.editorialjuventud.es\/ca\/wp-json\/wp\/v2\/product_brand?post=5644"},{"taxonomy":"product_cat","embeddable":true,"href":"https:\/\/www.editorialjuventud.es\/ca\/wp-json\/wp\/v2\/product_cat?post=5644"},{"taxonomy":"product_tag","embeddable":true,"href":"https:\/\/www.editorialjuventud.es\/ca\/wp-json\/wp\/v2\/product_tag?post=5644"},{"taxonomy":"coleccion","embeddable":true,"href":"https:\/\/www.editorialjuventud.es\/ca\/wp-json\/wp\/v2\/coleccion?post=5644"}],"curies":[{"name":"wp","href":"https:\/\/api.w.org\/{rel}","templated":true}]}}