{"id":5642,"date":"2018-08-24T13:08:23","date_gmt":"2018-08-24T09:08:23","guid":{"rendered":"http:\/\/www.editorialjuventud.es\/el-pincel-magico\/"},"modified":"2025-01-22T13:32:12","modified_gmt":"2025-01-22T12:32:12","slug":"el-pincel-magico-9788426137456","status":"publish","type":"product","link":"https:\/\/www.editorialjuventud.es\/ca\/el-pincel-magico-9788426137456\/","title":{"rendered":"El pincel m\u00e1gico"},"content":{"rendered":"<p>Chen so\u00f1aba con ser pintor. Su familia era pobre y no pod\u00eda comprar pinturas ni tampoco comprar un pincel. Pero Chen persigui\u00f3 su sue\u00f1o, y un d\u00eda su obstinaci\u00f3n se vio recompensada con el regalo de un anciano: \u00a1un pincel m\u00e1gico! A partir de entonces todo lo que pintaba Chen cobraba vida, pero Boya, el jefe del pueblo, un hombre codicioso y sin coraz\u00f3n, quer\u00eda a toda costa conseguir el maravilloso pincel&#8230;<\/p>\n","protected":false},"excerpt":{"rendered":"Chen so\u00f1aba con ser pintor. Su familia era pobre y no pod\u00eda comprar pinturas ni tampoco comprar un pincel. Pero Chen persigui\u00f3 su sue\u00f1o, y un d\u00eda su obstinaci\u00f3n se vio recompensada con el regalo de un anciano: \u00a1un pincel [&hellip;]","protected":false},"featured_media":10905,"template":"","meta":{"_acf_changed":false,"_exactmetrics_skip_tracking":false,"_exactmetrics_sitenote_active":false,"_exactmetrics_sitenote_note":"","_exactmetrics_sitenote_category":0},"product_brand":[],"product_cat":[900,1121,1140,1141],"product_tag":[],"coleccion":[992],"class_list":{"0":"post-5642","1":"product","2":"type-product","3":"status-publish","4":"has-post-thumbnail","6":"product_cat-a-partir-de-5-anos","7":"product_cat-albumes-ilustrados","8":"product_cat-arte-y-creatividad","9":"product_cat-autoestima","10":"coleccion-el-arca-de-los-cuentos","12":"first","13":"instock","14":"taxable","15":"shipping-taxable","16":"purchasable","17":"product-type-simple"},"acf":{"autor":"Jay - Jie","codart":"3745","ediciones":"1","encuadernacion":"Carton\u00e9","fecha_de_publicacion":"03\/06\/2009","novedad":"0","paginas":"56","subtitulo":"","texto_web_adicional":"","texto_web_novedad":"","orden":"999","portada":"0","texto_web_resaltado":"","autores-libros":[16427],"ilustradores-libros":[17802]},"yoast_head":"<!-- This site is optimized with the Yoast SEO plugin v27.5 - https:\/\/yoast.com\/product\/yoast-seo-wordpress\/ -->\n<title>El pincel m\u00e1gico - Editorial Juventud<\/title>\n<meta name=\"description\" content=\"Chen so\u00f1aba con ser pintor. Su familia era pobre y no pod\u00eda comprar pinturas ni tampoco comprar un pincel. Pero Chen persigui\u00f3 su sue\u00f1o, y un d\u00eda su\" \/>\n<meta name=\"robots\" content=\"index, follow, max-snippet:-1, max-image-preview:large, max-video-preview:-1\" \/>\n<link rel=\"canonical\" href=\"https:\/\/www.editorialjuventud.es\/el-pincel-magico-9788426137456\/\" \/>\n<meta property=\"og:locale\" content=\"ca_ES\" \/>\n<meta property=\"og:type\" content=\"article\" \/>\n<meta property=\"og:title\" content=\"El pincel m\u00e1gico - Editorial Juventud\" \/>\n<meta property=\"og:description\" content=\"Chen so\u00f1aba con ser pintor. Su familia era pobre y no pod\u00eda comprar pinturas ni tampoco comprar un pincel. Pero Chen persigui\u00f3 su sue\u00f1o, y un d\u00eda su\" \/>\n<meta property=\"og:url\" content=\"https:\/\/www.editorialjuventud.es\/el-pincel-magico-9788426137456\/\" \/>\n<meta property=\"og:site_name\" content=\"Editorial Juventud\" \/>\n<meta property=\"article:modified_time\" content=\"2025-01-22T12:32:12+00:00\" \/>\n<meta property=\"og:image\" content=\"https:\/\/www.editorialjuventud.es\/wp-content\/uploads\/3745.jpg\" \/>\n\t<meta property=\"og:image:width\" content=\"386\" \/>\n\t<meta property=\"og:image:height\" content=\"450\" \/>\n\t<meta property=\"og:image:type\" content=\"image\/jpeg\" \/>\n<meta name=\"twitter:card\" content=\"summary_large_image\" \/>\n<script type=\"application\/ld+json\" class=\"yoast-schema-graph\">{\"@context\":\"https:\\\/\\\/schema.org\",\"@graph\":[{\"@type\":\"WebPage\",\"@id\":\"https:\\\/\\\/www.editorialjuventud.es\\\/el-pincel-magico-9788426137456\\\/\",\"url\":\"https:\\\/\\\/www.editorialjuventud.es\\\/el-pincel-magico-9788426137456\\\/\",\"name\":\"El pincel m\u00e1gico - Editorial Juventud\",\"isPartOf\":{\"@id\":\"https:\\\/\\\/www.editorialjuventud.es\\\/#website\"},\"primaryImageOfPage\":{\"@id\":\"https:\\\/\\\/www.editorialjuventud.es\\\/el-pincel-magico-9788426137456\\\/#primaryimage\"},\"image\":{\"@id\":\"https:\\\/\\\/www.editorialjuventud.es\\\/el-pincel-magico-9788426137456\\\/#primaryimage\"},\"thumbnailUrl\":\"https:\\\/\\\/www.editorialjuventud.es\\\/wp-content\\\/uploads\\\/3745.jpg\",\"datePublished\":\"2018-08-24T09:08:23+00:00\",\"dateModified\":\"2025-01-22T12:32:12+00:00\",\"description\":\"Chen so\u00f1aba con ser pintor. Su familia era pobre y no pod\u00eda comprar pinturas ni tampoco comprar un pincel. Pero Chen persigui\u00f3 su sue\u00f1o, y un d\u00eda su\",\"breadcrumb\":{\"@id\":\"https:\\\/\\\/www.editorialjuventud.es\\\/el-pincel-magico-9788426137456\\\/#breadcrumb\"},\"inLanguage\":\"ca\",\"potentialAction\":[{\"@type\":\"ReadAction\",\"target\":[\"https:\\\/\\\/www.editorialjuventud.es\\\/el-pincel-magico-9788426137456\\\/\"]}]},{\"@type\":\"ImageObject\",\"inLanguage\":\"ca\",\"@id\":\"https:\\\/\\\/www.editorialjuventud.es\\\/el-pincel-magico-9788426137456\\\/#primaryimage\",\"url\":\"https:\\\/\\\/www.editorialjuventud.es\\\/wp-content\\\/uploads\\\/3745.jpg\",\"contentUrl\":\"https:\\\/\\\/www.editorialjuventud.es\\\/wp-content\\\/uploads\\\/3745.jpg\",\"width\":386,\"height\":450,\"caption\":\"3745.jpg\"},{\"@type\":\"BreadcrumbList\",\"@id\":\"https:\\\/\\\/www.editorialjuventud.es\\\/el-pincel-magico-9788426137456\\\/#breadcrumb\",\"itemListElement\":[{\"@type\":\"ListItem\",\"position\":1,\"name\":\"Portada\",\"item\":\"https:\\\/\\\/www.editorialjuventud.es\\\/\"},{\"@type\":\"ListItem\",\"position\":2,\"name\":\"cat\u00e1logo\",\"item\":\"https:\\\/\\\/www.editorialjuventud.es\\\/coleccion\\\/catalogo\\\/\"},{\"@type\":\"ListItem\",\"position\":3,\"name\":\"castellano\",\"item\":\"https:\\\/\\\/www.editorialjuventud.es\\\/coleccion\\\/castellano\\\/\"},{\"@type\":\"ListItem\",\"position\":4,\"name\":\"\u00c1lbumes Ilustrados\",\"item\":\"https:\\\/\\\/www.editorialjuventud.es\\\/coleccion\\\/albumes-ilustrados\\\/\"},{\"@type\":\"ListItem\",\"position\":5,\"name\":\"El Arca de los Cuentos\",\"item\":\"https:\\\/\\\/www.editorialjuventud.es\\\/coleccion\\\/el-arca-de-los-cuentos\\\/\"},{\"@type\":\"ListItem\",\"position\":6,\"name\":\"El pincel m\u00e1gico\"}]},{\"@type\":\"WebSite\",\"@id\":\"https:\\\/\\\/www.editorialjuventud.es\\\/#website\",\"url\":\"https:\\\/\\\/www.editorialjuventud.es\\\/\",\"name\":\"Editorial Juventud\",\"description\":\"\",\"potentialAction\":[{\"@type\":\"SearchAction\",\"target\":{\"@type\":\"EntryPoint\",\"urlTemplate\":\"https:\\\/\\\/www.editorialjuventud.es\\\/?s={search_term_string}\"},\"query-input\":{\"@type\":\"PropertyValueSpecification\",\"valueRequired\":true,\"valueName\":\"search_term_string\"}}],\"inLanguage\":\"ca\"}]}<\/script>\n<!-- \/ Yoast SEO plugin. -->","yoast_head_json":{"title":"El pincel m\u00e1gico - Editorial Juventud","description":"Chen so\u00f1aba con ser pintor. Su familia era pobre y no pod\u00eda comprar pinturas ni tampoco comprar un pincel. Pero Chen persigui\u00f3 su sue\u00f1o, y un d\u00eda su","robots":{"index":"index","follow":"follow","max-snippet":"max-snippet:-1","max-image-preview":"max-image-preview:large","max-video-preview":"max-video-preview:-1"},"canonical":"https:\/\/www.editorialjuventud.es\/el-pincel-magico-9788426137456\/","og_locale":"ca_ES","og_type":"article","og_title":"El pincel m\u00e1gico - Editorial Juventud","og_description":"Chen so\u00f1aba con ser pintor. Su familia era pobre y no pod\u00eda comprar pinturas ni tampoco comprar un pincel. Pero Chen persigui\u00f3 su sue\u00f1o, y un d\u00eda su","og_url":"https:\/\/www.editorialjuventud.es\/el-pincel-magico-9788426137456\/","og_site_name":"Editorial Juventud","article_modified_time":"2025-01-22T12:32:12+00:00","og_image":[{"width":386,"height":450,"url":"https:\/\/www.editorialjuventud.es\/wp-content\/uploads\/3745.jpg","type":"image\/jpeg"}],"twitter_card":"summary_large_image","schema":{"@context":"https:\/\/schema.org","@graph":[{"@type":"WebPage","@id":"https:\/\/www.editorialjuventud.es\/el-pincel-magico-9788426137456\/","url":"https:\/\/www.editorialjuventud.es\/el-pincel-magico-9788426137456\/","name":"El pincel m\u00e1gico - Editorial Juventud","isPartOf":{"@id":"https:\/\/www.editorialjuventud.es\/#website"},"primaryImageOfPage":{"@id":"https:\/\/www.editorialjuventud.es\/el-pincel-magico-9788426137456\/#primaryimage"},"image":{"@id":"https:\/\/www.editorialjuventud.es\/el-pincel-magico-9788426137456\/#primaryimage"},"thumbnailUrl":"https:\/\/www.editorialjuventud.es\/wp-content\/uploads\/3745.jpg","datePublished":"2018-08-24T09:08:23+00:00","dateModified":"2025-01-22T12:32:12+00:00","description":"Chen so\u00f1aba con ser pintor. Su familia era pobre y no pod\u00eda comprar pinturas ni tampoco comprar un pincel. Pero Chen persigui\u00f3 su sue\u00f1o, y un d\u00eda su","breadcrumb":{"@id":"https:\/\/www.editorialjuventud.es\/el-pincel-magico-9788426137456\/#breadcrumb"},"inLanguage":"ca","potentialAction":[{"@type":"ReadAction","target":["https:\/\/www.editorialjuventud.es\/el-pincel-magico-9788426137456\/"]}]},{"@type":"ImageObject","inLanguage":"ca","@id":"https:\/\/www.editorialjuventud.es\/el-pincel-magico-9788426137456\/#primaryimage","url":"https:\/\/www.editorialjuventud.es\/wp-content\/uploads\/3745.jpg","contentUrl":"https:\/\/www.editorialjuventud.es\/wp-content\/uploads\/3745.jpg","width":386,"height":450,"caption":"3745.jpg"},{"@type":"BreadcrumbList","@id":"https:\/\/www.editorialjuventud.es\/el-pincel-magico-9788426137456\/#breadcrumb","itemListElement":[{"@type":"ListItem","position":1,"name":"Portada","item":"https:\/\/www.editorialjuventud.es\/"},{"@type":"ListItem","position":2,"name":"cat\u00e1logo","item":"https:\/\/www.editorialjuventud.es\/coleccion\/catalogo\/"},{"@type":"ListItem","position":3,"name":"castellano","item":"https:\/\/www.editorialjuventud.es\/coleccion\/castellano\/"},{"@type":"ListItem","position":4,"name":"\u00c1lbumes Ilustrados","item":"https:\/\/www.editorialjuventud.es\/coleccion\/albumes-ilustrados\/"},{"@type":"ListItem","position":5,"name":"El Arca de los Cuentos","item":"https:\/\/www.editorialjuventud.es\/coleccion\/el-arca-de-los-cuentos\/"},{"@type":"ListItem","position":6,"name":"El pincel m\u00e1gico"}]},{"@type":"WebSite","@id":"https:\/\/www.editorialjuventud.es\/#website","url":"https:\/\/www.editorialjuventud.es\/","name":"Editorial Juventud","description":"","potentialAction":[{"@type":"SearchAction","target":{"@type":"EntryPoint","urlTemplate":"https:\/\/www.editorialjuventud.es\/?s={search_term_string}"},"query-input":{"@type":"PropertyValueSpecification","valueRequired":true,"valueName":"search_term_string"}}],"inLanguage":"ca"}]}},"_links":{"self":[{"href":"https:\/\/www.editorialjuventud.es\/ca\/wp-json\/wp\/v2\/product\/5642","targetHints":{"allow":["GET"]}}],"collection":[{"href":"https:\/\/www.editorialjuventud.es\/ca\/wp-json\/wp\/v2\/product"}],"about":[{"href":"https:\/\/www.editorialjuventud.es\/ca\/wp-json\/wp\/v2\/types\/product"}],"wp:featuredmedia":[{"embeddable":true,"href":"https:\/\/www.editorialjuventud.es\/ca\/wp-json\/wp\/v2\/media\/10905"}],"wp:attachment":[{"href":"https:\/\/www.editorialjuventud.es\/ca\/wp-json\/wp\/v2\/media?parent=5642"}],"wp:term":[{"taxonomy":"product_brand","embeddable":true,"href":"https:\/\/www.editorialjuventud.es\/ca\/wp-json\/wp\/v2\/product_brand?post=5642"},{"taxonomy":"product_cat","embeddable":true,"href":"https:\/\/www.editorialjuventud.es\/ca\/wp-json\/wp\/v2\/product_cat?post=5642"},{"taxonomy":"product_tag","embeddable":true,"href":"https:\/\/www.editorialjuventud.es\/ca\/wp-json\/wp\/v2\/product_tag?post=5642"},{"taxonomy":"coleccion","embeddable":true,"href":"https:\/\/www.editorialjuventud.es\/ca\/wp-json\/wp\/v2\/coleccion?post=5642"}],"curies":[{"name":"wp","href":"https:\/\/api.w.org\/{rel}","templated":true}]}}