{"id":5633,"date":"2018-08-24T13:07:44","date_gmt":"2018-08-24T09:07:44","guid":{"rendered":"http:\/\/www.editorialjuventud.es\/imagina-un-lugar\/"},"modified":"2025-01-22T13:32:55","modified_gmt":"2025-01-22T12:32:55","slug":"imagina-un-lugar-9788426137371","status":"publish","type":"product","link":"https:\/\/www.editorialjuventud.es\/ca\/imagina-un-lugar-9788426137371\/","title":{"rendered":"Imagina un lugar"},"content":{"rendered":"<p>Imagina cualquier lugar que hayas podido ver en sue\u00f1os&#8230;  Este libro te traslada a fant\u00e1sticos lugares con impresionantes ilustraciones que nos hacen entrar en un nuevo universo.  El ilustrador, Rob Gonsalves (Toronto, 1959), es uno de los creadores actuales de ilusiones \u00f3pticas cuyo trabajo es m\u00e1s espectacular. Con influencias de Dal\u00ed, Magritte o Escher, este artista canadiense crea im\u00e1genes en que varios mundos se funden en una misma obra, de manera que los ojos de un puente se trasforman en barcos o el reflejo de los \u00e1rboles en un lago da forma a mujeres que surgen de sus aguas. A partir de seis a\u00f1os.<\/p>\n","protected":false},"excerpt":{"rendered":"Imagina cualquier lugar que hayas podido ver en sue\u00f1os&#8230; Este libro te traslada a fant\u00e1sticos lugares con impresionantes ilustraciones que nos hacen entrar en un nuevo universo. El ilustrador, Rob Gonsalves (Toronto, 1959), es uno de los creadores actuales de [&hellip;]","protected":false},"featured_media":10829,"template":"","meta":{"_acf_changed":false,"_exactmetrics_skip_tracking":false,"_exactmetrics_sitenote_active":false,"_exactmetrics_sitenote_note":"","_exactmetrics_sitenote_category":0},"product_brand":[],"product_cat":[902,1121,1125,1140],"product_tag":[],"coleccion":[986,1091],"class_list":{"0":"post-5633","1":"product","2":"type-product","3":"status-publish","4":"has-post-thumbnail","6":"product_cat-a-partir-de-7-anos","7":"product_cat-albumes-ilustrados","8":"product_cat-arte","9":"product_cat-arte-y-creatividad","10":"coleccion-arte-y-creatividad","11":"coleccion-imagina-arte-y-creatividad","13":"first","14":"instock","15":"taxable","16":"shipping-taxable","17":"purchasable","18":"product-type-simple"},"acf":{"autor":"Thomson - Gonsalves","codart":"3737","ediciones":"1","encuadernacion":"Carton\u00e9","fecha_de_publicacion":"01\/06\/2009","novedad":"0","paginas":"40","subtitulo":"","texto_web_adicional":"","texto_web_novedad":"","orden":"999","portada":"0","texto_web_resaltado":"","autores-libros":[16643],"ilustradores-libros":[17717],"traductores-libros":[58416,17430]},"yoast_head":"<!-- This site is optimized with the Yoast SEO plugin v27.5 - https:\/\/yoast.com\/product\/yoast-seo-wordpress\/ -->\n<title>Imagina un lugar - Editorial Juventud<\/title>\n<meta name=\"description\" content=\"Imagina cualquier lugar que hayas podido ver en sue\u00f1os... Este libro te traslada a fant\u00e1sticos lugares con impresionantes ilustraciones que nos hacen\" \/>\n<meta name=\"robots\" content=\"index, follow, max-snippet:-1, max-image-preview:large, max-video-preview:-1\" \/>\n<link rel=\"canonical\" href=\"https:\/\/www.editorialjuventud.es\/imagina-un-lugar-9788426137371\/\" \/>\n<meta property=\"og:locale\" content=\"ca_ES\" \/>\n<meta property=\"og:type\" content=\"article\" \/>\n<meta property=\"og:title\" content=\"Imagina un lugar - Editorial Juventud\" \/>\n<meta property=\"og:description\" content=\"Imagina cualquier lugar que hayas podido ver en sue\u00f1os... Este libro te traslada a fant\u00e1sticos lugares con impresionantes ilustraciones que nos hacen\" \/>\n<meta property=\"og:url\" content=\"https:\/\/www.editorialjuventud.es\/imagina-un-lugar-9788426137371\/\" \/>\n<meta property=\"og:site_name\" content=\"Editorial Juventud\" \/>\n<meta property=\"article:modified_time\" content=\"2025-01-22T12:32:55+00:00\" \/>\n<meta property=\"og:image\" content=\"https:\/\/www.editorialjuventud.es\/wp-content\/uploads\/3737.jpg\" \/>\n\t<meta property=\"og:image:width\" content=\"434\" \/>\n\t<meta property=\"og:image:height\" content=\"450\" \/>\n\t<meta property=\"og:image:type\" content=\"image\/jpeg\" \/>\n<meta name=\"twitter:card\" content=\"summary_large_image\" \/>\n<meta name=\"twitter:label1\" content=\"Temps estimat de lectura\" \/>\n\t<meta name=\"twitter:data1\" content=\"1 minut\" \/>\n<script type=\"application\/ld+json\" class=\"yoast-schema-graph\">{\"@context\":\"https:\\\/\\\/schema.org\",\"@graph\":[{\"@type\":\"WebPage\",\"@id\":\"https:\\\/\\\/www.editorialjuventud.es\\\/imagina-un-lugar-9788426137371\\\/\",\"url\":\"https:\\\/\\\/www.editorialjuventud.es\\\/imagina-un-lugar-9788426137371\\\/\",\"name\":\"Imagina un lugar - Editorial Juventud\",\"isPartOf\":{\"@id\":\"https:\\\/\\\/www.editorialjuventud.es\\\/#website\"},\"primaryImageOfPage\":{\"@id\":\"https:\\\/\\\/www.editorialjuventud.es\\\/imagina-un-lugar-9788426137371\\\/#primaryimage\"},\"image\":{\"@id\":\"https:\\\/\\\/www.editorialjuventud.es\\\/imagina-un-lugar-9788426137371\\\/#primaryimage\"},\"thumbnailUrl\":\"https:\\\/\\\/www.editorialjuventud.es\\\/wp-content\\\/uploads\\\/3737.jpg\",\"datePublished\":\"2018-08-24T09:07:44+00:00\",\"dateModified\":\"2025-01-22T12:32:55+00:00\",\"description\":\"Imagina cualquier lugar que hayas podido ver en sue\u00f1os... Este libro te traslada a fant\u00e1sticos lugares con impresionantes ilustraciones que nos hacen\",\"breadcrumb\":{\"@id\":\"https:\\\/\\\/www.editorialjuventud.es\\\/imagina-un-lugar-9788426137371\\\/#breadcrumb\"},\"inLanguage\":\"ca\",\"potentialAction\":[{\"@type\":\"ReadAction\",\"target\":[\"https:\\\/\\\/www.editorialjuventud.es\\\/imagina-un-lugar-9788426137371\\\/\"]}]},{\"@type\":\"ImageObject\",\"inLanguage\":\"ca\",\"@id\":\"https:\\\/\\\/www.editorialjuventud.es\\\/imagina-un-lugar-9788426137371\\\/#primaryimage\",\"url\":\"https:\\\/\\\/www.editorialjuventud.es\\\/wp-content\\\/uploads\\\/3737.jpg\",\"contentUrl\":\"https:\\\/\\\/www.editorialjuventud.es\\\/wp-content\\\/uploads\\\/3737.jpg\",\"width\":434,\"height\":450,\"caption\":\"3737.jpg\"},{\"@type\":\"BreadcrumbList\",\"@id\":\"https:\\\/\\\/www.editorialjuventud.es\\\/imagina-un-lugar-9788426137371\\\/#breadcrumb\",\"itemListElement\":[{\"@type\":\"ListItem\",\"position\":1,\"name\":\"Portada\",\"item\":\"https:\\\/\\\/www.editorialjuventud.es\\\/\"},{\"@type\":\"ListItem\",\"position\":2,\"name\":\"cat\u00e1logo\",\"item\":\"https:\\\/\\\/www.editorialjuventud.es\\\/coleccion\\\/catalogo\\\/\"},{\"@type\":\"ListItem\",\"position\":3,\"name\":\"castellano\",\"item\":\"https:\\\/\\\/www.editorialjuventud.es\\\/coleccion\\\/castellano\\\/\"},{\"@type\":\"ListItem\",\"position\":4,\"name\":\"\u00c1lbumes Ilustrados\",\"item\":\"https:\\\/\\\/www.editorialjuventud.es\\\/coleccion\\\/albumes-ilustrados\\\/\"},{\"@type\":\"ListItem\",\"position\":5,\"name\":\"Arte y Creatividad\",\"item\":\"https:\\\/\\\/www.editorialjuventud.es\\\/ca\\\/coleccion\\\/arte-y-creatividad\\\/\"},{\"@type\":\"ListItem\",\"position\":6,\"name\":\"Imagina\u2026\",\"item\":\"https:\\\/\\\/www.editorialjuventud.es\\\/ca\\\/coleccion\\\/imagina-arte-y-creatividad\\\/\"},{\"@type\":\"ListItem\",\"position\":7,\"name\":\"Imagina un lugar\"}]},{\"@type\":\"WebSite\",\"@id\":\"https:\\\/\\\/www.editorialjuventud.es\\\/#website\",\"url\":\"https:\\\/\\\/www.editorialjuventud.es\\\/\",\"name\":\"Editorial Juventud\",\"description\":\"\",\"potentialAction\":[{\"@type\":\"SearchAction\",\"target\":{\"@type\":\"EntryPoint\",\"urlTemplate\":\"https:\\\/\\\/www.editorialjuventud.es\\\/?s={search_term_string}\"},\"query-input\":{\"@type\":\"PropertyValueSpecification\",\"valueRequired\":true,\"valueName\":\"search_term_string\"}}],\"inLanguage\":\"ca\"}]}<\/script>\n<!-- \/ Yoast SEO plugin. -->","yoast_head_json":{"title":"Imagina un lugar - Editorial Juventud","description":"Imagina cualquier lugar que hayas podido ver en sue\u00f1os... Este libro te traslada a fant\u00e1sticos lugares con impresionantes ilustraciones que nos hacen","robots":{"index":"index","follow":"follow","max-snippet":"max-snippet:-1","max-image-preview":"max-image-preview:large","max-video-preview":"max-video-preview:-1"},"canonical":"https:\/\/www.editorialjuventud.es\/imagina-un-lugar-9788426137371\/","og_locale":"ca_ES","og_type":"article","og_title":"Imagina un lugar - Editorial Juventud","og_description":"Imagina cualquier lugar que hayas podido ver en sue\u00f1os... Este libro te traslada a fant\u00e1sticos lugares con impresionantes ilustraciones que nos hacen","og_url":"https:\/\/www.editorialjuventud.es\/imagina-un-lugar-9788426137371\/","og_site_name":"Editorial Juventud","article_modified_time":"2025-01-22T12:32:55+00:00","og_image":[{"width":434,"height":450,"url":"https:\/\/www.editorialjuventud.es\/wp-content\/uploads\/3737.jpg","type":"image\/jpeg"}],"twitter_card":"summary_large_image","twitter_misc":{"Temps estimat de lectura":"1 minut"},"schema":{"@context":"https:\/\/schema.org","@graph":[{"@type":"WebPage","@id":"https:\/\/www.editorialjuventud.es\/imagina-un-lugar-9788426137371\/","url":"https:\/\/www.editorialjuventud.es\/imagina-un-lugar-9788426137371\/","name":"Imagina un lugar - Editorial Juventud","isPartOf":{"@id":"https:\/\/www.editorialjuventud.es\/#website"},"primaryImageOfPage":{"@id":"https:\/\/www.editorialjuventud.es\/imagina-un-lugar-9788426137371\/#primaryimage"},"image":{"@id":"https:\/\/www.editorialjuventud.es\/imagina-un-lugar-9788426137371\/#primaryimage"},"thumbnailUrl":"https:\/\/www.editorialjuventud.es\/wp-content\/uploads\/3737.jpg","datePublished":"2018-08-24T09:07:44+00:00","dateModified":"2025-01-22T12:32:55+00:00","description":"Imagina cualquier lugar que hayas podido ver en sue\u00f1os... Este libro te traslada a fant\u00e1sticos lugares con impresionantes ilustraciones que nos hacen","breadcrumb":{"@id":"https:\/\/www.editorialjuventud.es\/imagina-un-lugar-9788426137371\/#breadcrumb"},"inLanguage":"ca","potentialAction":[{"@type":"ReadAction","target":["https:\/\/www.editorialjuventud.es\/imagina-un-lugar-9788426137371\/"]}]},{"@type":"ImageObject","inLanguage":"ca","@id":"https:\/\/www.editorialjuventud.es\/imagina-un-lugar-9788426137371\/#primaryimage","url":"https:\/\/www.editorialjuventud.es\/wp-content\/uploads\/3737.jpg","contentUrl":"https:\/\/www.editorialjuventud.es\/wp-content\/uploads\/3737.jpg","width":434,"height":450,"caption":"3737.jpg"},{"@type":"BreadcrumbList","@id":"https:\/\/www.editorialjuventud.es\/imagina-un-lugar-9788426137371\/#breadcrumb","itemListElement":[{"@type":"ListItem","position":1,"name":"Portada","item":"https:\/\/www.editorialjuventud.es\/"},{"@type":"ListItem","position":2,"name":"cat\u00e1logo","item":"https:\/\/www.editorialjuventud.es\/coleccion\/catalogo\/"},{"@type":"ListItem","position":3,"name":"castellano","item":"https:\/\/www.editorialjuventud.es\/coleccion\/castellano\/"},{"@type":"ListItem","position":4,"name":"\u00c1lbumes Ilustrados","item":"https:\/\/www.editorialjuventud.es\/coleccion\/albumes-ilustrados\/"},{"@type":"ListItem","position":5,"name":"Arte y Creatividad","item":"https:\/\/www.editorialjuventud.es\/ca\/coleccion\/arte-y-creatividad\/"},{"@type":"ListItem","position":6,"name":"Imagina\u2026","item":"https:\/\/www.editorialjuventud.es\/ca\/coleccion\/imagina-arte-y-creatividad\/"},{"@type":"ListItem","position":7,"name":"Imagina un lugar"}]},{"@type":"WebSite","@id":"https:\/\/www.editorialjuventud.es\/#website","url":"https:\/\/www.editorialjuventud.es\/","name":"Editorial Juventud","description":"","potentialAction":[{"@type":"SearchAction","target":{"@type":"EntryPoint","urlTemplate":"https:\/\/www.editorialjuventud.es\/?s={search_term_string}"},"query-input":{"@type":"PropertyValueSpecification","valueRequired":true,"valueName":"search_term_string"}}],"inLanguage":"ca"}]}},"_links":{"self":[{"href":"https:\/\/www.editorialjuventud.es\/ca\/wp-json\/wp\/v2\/product\/5633","targetHints":{"allow":["GET"]}}],"collection":[{"href":"https:\/\/www.editorialjuventud.es\/ca\/wp-json\/wp\/v2\/product"}],"about":[{"href":"https:\/\/www.editorialjuventud.es\/ca\/wp-json\/wp\/v2\/types\/product"}],"wp:featuredmedia":[{"embeddable":true,"href":"https:\/\/www.editorialjuventud.es\/ca\/wp-json\/wp\/v2\/media\/10829"}],"wp:attachment":[{"href":"https:\/\/www.editorialjuventud.es\/ca\/wp-json\/wp\/v2\/media?parent=5633"}],"wp:term":[{"taxonomy":"product_brand","embeddable":true,"href":"https:\/\/www.editorialjuventud.es\/ca\/wp-json\/wp\/v2\/product_brand?post=5633"},{"taxonomy":"product_cat","embeddable":true,"href":"https:\/\/www.editorialjuventud.es\/ca\/wp-json\/wp\/v2\/product_cat?post=5633"},{"taxonomy":"product_tag","embeddable":true,"href":"https:\/\/www.editorialjuventud.es\/ca\/wp-json\/wp\/v2\/product_tag?post=5633"},{"taxonomy":"coleccion","embeddable":true,"href":"https:\/\/www.editorialjuventud.es\/ca\/wp-json\/wp\/v2\/coleccion?post=5633"}],"curies":[{"name":"wp","href":"https:\/\/api.w.org\/{rel}","templated":true}]}}