{"id":5617,"date":"2018-08-24T13:06:38","date_gmt":"2018-08-24T09:06:38","guid":{"rendered":"http:\/\/www.editorialjuventud.es\/la-septima-ola\/"},"modified":"2025-07-23T09:45:41","modified_gmt":"2025-07-23T07:45:41","slug":"la-septima-ola-9788426137210","status":"publish","type":"product","link":"https:\/\/www.editorialjuventud.es\/ca\/la-septima-ola-9788426137210\/","title":{"rendered":"La s\u00e9ptima ola"},"content":{"rendered":"<p>Anticip\u00e1ndose a los pron\u00f3sticos m\u00e1s pesimistas, el volc\u00e1n de Cumbre Vieja, en la isla de la Palma, ha terminado por fracturarse y millones de toneladas de roca se han precipitado al mar. La consecuencia es la formaci\u00f3n de una ola gigantesca que se propaga velozmente en todas direcciones, encontrando a su paso todo tipo de barcos cuyos aterrados tripulantes tendr\u00e1n que dar lo mejor de s\u00ed para enfrentarse a ella con sus pobres recursos.<br \/>\nLa noticia del maremoto se extiende como la p\u00f3lvora por todo el mundo. En Madrid, un gabinete de crisis trata de encontrar con urgencia soluciones a una crisis que galopa sobre el mar demasiado deprisa. Enterados del desastre que se les viene encima, los gaditanos intentan buscar las alturas de la sierra para escapar de la tragedia, pero el p\u00e1nico y la confusi\u00f3n se hacen due\u00f1os de la situaci\u00f3n y las salidas naturales de la provincia no tardan en quedar colapsadas\u0085<\/p>\n<p>La S\u00e9ptima Ola es una atractiva y vibrante novela en la que los protagonistas principales son el mar en su estado m\u00e1s sobrecogedor y unos hombres y mujeres enfrent\u00e1ndose a situaciones extremas. Una narraci\u00f3n llena de vivencias que nos muestra con contundencia como las personas pueden reaccionar de forma imprevista en situaciones l\u00edmite. Una serie encadenada de historias que explotan las pasiones humanas que Lu\u00eds Moll\u00e1 maneja con extraordinario dinamismo, sumergiendo en ellas al lector con su habitual estilo mezcla de intriga, humor y pasi\u00f3n.<\/p>\n","protected":false},"excerpt":{"rendered":"Anticip\u00e1ndose a los pron\u00f3sticos m\u00e1s pesimistas, el volc\u00e1n de Cumbre Vieja, en la isla de la Palma, ha terminado por fracturarse y millones de toneladas de roca se han precipitado al mar. La consecuencia es la formaci\u00f3n de una ola [&hellip;]","protected":false},"featured_media":10653,"template":"","meta":{"_acf_changed":false,"_exactmetrics_skip_tracking":false,"_exactmetrics_sitenote_active":false,"_exactmetrics_sitenote_note":"","_exactmetrics_sitenote_category":0},"product_brand":[],"product_cat":[905,1120],"product_tag":[],"coleccion":[936,1088,1081],"class_list":{"0":"post-5617","1":"product","2":"type-product","3":"status-publish","4":"has-post-thumbnail","6":"product_cat-adulto","7":"product_cat-nautica","8":"coleccion-lecturas-en-torno-al-mar","9":"coleccion-narrativa-maritima-lecturas-entorno-al-mar","10":"coleccion-nostromo-la-aventura-maritima","12":"first","13":"instock","14":"taxable","15":"shipping-taxable","16":"purchasable","17":"product-type-simple"},"acf":{"autor":"Moll\u00e1, Luis","codart":"3721","ediciones":"1","encuadernacion":"R\u00fastica","fecha_de_publicacion":"07\/11\/2008","novedad":"0","paginas":"348","subtitulo":"","texto_web_adicional":"","texto_web_novedad":"","orden":"999","portada":"0","texto_web_resaltado":"","autores-libros":[16509]},"yoast_head":"<!-- This site is optimized with the Yoast SEO plugin v27.5 - https:\/\/yoast.com\/product\/yoast-seo-wordpress\/ -->\n<title>La s\u00e9ptima ola - Editorial Juventud<\/title>\n<meta name=\"description\" content=\"Anticip\u00e1ndose a los pron\u00f3sticos m\u00e1s pesimistas, el volc\u00e1n de Cumbre Vieja, en la isla de la Palma, ha terminado por fracturarse y millones de toneladas de\" \/>\n<meta name=\"robots\" content=\"index, follow, max-snippet:-1, max-image-preview:large, max-video-preview:-1\" \/>\n<link rel=\"canonical\" href=\"https:\/\/www.editorialjuventud.es\/la-septima-ola-9788426137210\/\" \/>\n<meta property=\"og:locale\" content=\"ca_ES\" \/>\n<meta property=\"og:type\" content=\"article\" \/>\n<meta property=\"og:title\" content=\"La s\u00e9ptima ola - Editorial Juventud\" \/>\n<meta property=\"og:description\" content=\"Anticip\u00e1ndose a los pron\u00f3sticos m\u00e1s pesimistas, el volc\u00e1n de Cumbre Vieja, en la isla de la Palma, ha terminado por fracturarse y millones de toneladas de\" \/>\n<meta property=\"og:url\" content=\"https:\/\/www.editorialjuventud.es\/la-septima-ola-9788426137210\/\" \/>\n<meta property=\"og:site_name\" content=\"Editorial Juventud\" \/>\n<meta property=\"article:modified_time\" content=\"2025-07-23T07:45:41+00:00\" \/>\n<meta property=\"og:image\" content=\"https:\/\/www.editorialjuventud.es\/wp-content\/uploads\/3721.jpg\" \/>\n\t<meta property=\"og:image:width\" content=\"273\" \/>\n\t<meta property=\"og:image:height\" content=\"416\" \/>\n\t<meta property=\"og:image:type\" content=\"image\/jpeg\" \/>\n<meta name=\"twitter:card\" content=\"summary_large_image\" \/>\n<meta name=\"twitter:label1\" content=\"Temps estimat de lectura\" \/>\n\t<meta name=\"twitter:data1\" content=\"1 minut\" \/>\n<script type=\"application\/ld+json\" class=\"yoast-schema-graph\">{\"@context\":\"https:\\\/\\\/schema.org\",\"@graph\":[{\"@type\":\"WebPage\",\"@id\":\"https:\\\/\\\/www.editorialjuventud.es\\\/la-septima-ola-9788426137210\\\/\",\"url\":\"https:\\\/\\\/www.editorialjuventud.es\\\/la-septima-ola-9788426137210\\\/\",\"name\":\"La s\u00e9ptima ola - Editorial Juventud\",\"isPartOf\":{\"@id\":\"https:\\\/\\\/www.editorialjuventud.es\\\/#website\"},\"primaryImageOfPage\":{\"@id\":\"https:\\\/\\\/www.editorialjuventud.es\\\/la-septima-ola-9788426137210\\\/#primaryimage\"},\"image\":{\"@id\":\"https:\\\/\\\/www.editorialjuventud.es\\\/la-septima-ola-9788426137210\\\/#primaryimage\"},\"thumbnailUrl\":\"https:\\\/\\\/www.editorialjuventud.es\\\/wp-content\\\/uploads\\\/3721.jpg\",\"datePublished\":\"2018-08-24T09:06:38+00:00\",\"dateModified\":\"2025-07-23T07:45:41+00:00\",\"description\":\"Anticip\u00e1ndose a los pron\u00f3sticos m\u00e1s pesimistas, el volc\u00e1n de Cumbre Vieja, en la isla de la Palma, ha terminado por fracturarse y millones de toneladas de\",\"breadcrumb\":{\"@id\":\"https:\\\/\\\/www.editorialjuventud.es\\\/la-septima-ola-9788426137210\\\/#breadcrumb\"},\"inLanguage\":\"ca\",\"potentialAction\":[{\"@type\":\"ReadAction\",\"target\":[\"https:\\\/\\\/www.editorialjuventud.es\\\/la-septima-ola-9788426137210\\\/\"]}]},{\"@type\":\"ImageObject\",\"inLanguage\":\"ca\",\"@id\":\"https:\\\/\\\/www.editorialjuventud.es\\\/la-septima-ola-9788426137210\\\/#primaryimage\",\"url\":\"https:\\\/\\\/www.editorialjuventud.es\\\/wp-content\\\/uploads\\\/3721.jpg\",\"contentUrl\":\"https:\\\/\\\/www.editorialjuventud.es\\\/wp-content\\\/uploads\\\/3721.jpg\",\"width\":273,\"height\":416,\"caption\":\"3721.jpg\"},{\"@type\":\"BreadcrumbList\",\"@id\":\"https:\\\/\\\/www.editorialjuventud.es\\\/la-septima-ola-9788426137210\\\/#breadcrumb\",\"itemListElement\":[{\"@type\":\"ListItem\",\"position\":1,\"name\":\"Portada\",\"item\":\"https:\\\/\\\/www.editorialjuventud.es\\\/\"},{\"@type\":\"ListItem\",\"position\":2,\"name\":\"cat\u00e1logo\",\"item\":\"https:\\\/\\\/www.editorialjuventud.es\\\/coleccion\\\/catalogo\\\/\"},{\"@type\":\"ListItem\",\"position\":3,\"name\":\"castellano\",\"item\":\"https:\\\/\\\/www.editorialjuventud.es\\\/coleccion\\\/castellano\\\/\"},{\"@type\":\"ListItem\",\"position\":4,\"name\":\"Lecturas En torno al Mar\",\"item\":\"https:\\\/\\\/www.editorialjuventud.es\\\/coleccion\\\/lecturas-en-torno-al-mar\\\/\"},{\"@type\":\"ListItem\",\"position\":5,\"name\":\"Narrativa Mar\u00edtima\",\"item\":\"https:\\\/\\\/www.editorialjuventud.es\\\/ca\\\/coleccion\\\/narrativa-maritima-lecturas-entorno-al-mar\\\/\"},{\"@type\":\"ListItem\",\"position\":6,\"name\":\"Nostromo. La Aventura Mar\u00edtima\",\"item\":\"https:\\\/\\\/www.editorialjuventud.es\\\/ca\\\/coleccion\\\/nostromo-la-aventura-maritima\\\/\"},{\"@type\":\"ListItem\",\"position\":7,\"name\":\"La s\u00e9ptima ola\"}]},{\"@type\":\"WebSite\",\"@id\":\"https:\\\/\\\/www.editorialjuventud.es\\\/#website\",\"url\":\"https:\\\/\\\/www.editorialjuventud.es\\\/\",\"name\":\"Editorial Juventud\",\"description\":\"\",\"potentialAction\":[{\"@type\":\"SearchAction\",\"target\":{\"@type\":\"EntryPoint\",\"urlTemplate\":\"https:\\\/\\\/www.editorialjuventud.es\\\/?s={search_term_string}\"},\"query-input\":{\"@type\":\"PropertyValueSpecification\",\"valueRequired\":true,\"valueName\":\"search_term_string\"}}],\"inLanguage\":\"ca\"}]}<\/script>\n<!-- \/ Yoast SEO plugin. -->","yoast_head_json":{"title":"La s\u00e9ptima ola - Editorial Juventud","description":"Anticip\u00e1ndose a los pron\u00f3sticos m\u00e1s pesimistas, el volc\u00e1n de Cumbre Vieja, en la isla de la Palma, ha terminado por fracturarse y millones de toneladas de","robots":{"index":"index","follow":"follow","max-snippet":"max-snippet:-1","max-image-preview":"max-image-preview:large","max-video-preview":"max-video-preview:-1"},"canonical":"https:\/\/www.editorialjuventud.es\/la-septima-ola-9788426137210\/","og_locale":"ca_ES","og_type":"article","og_title":"La s\u00e9ptima ola - Editorial Juventud","og_description":"Anticip\u00e1ndose a los pron\u00f3sticos m\u00e1s pesimistas, el volc\u00e1n de Cumbre Vieja, en la isla de la Palma, ha terminado por fracturarse y millones de toneladas de","og_url":"https:\/\/www.editorialjuventud.es\/la-septima-ola-9788426137210\/","og_site_name":"Editorial Juventud","article_modified_time":"2025-07-23T07:45:41+00:00","og_image":[{"width":273,"height":416,"url":"https:\/\/www.editorialjuventud.es\/wp-content\/uploads\/3721.jpg","type":"image\/jpeg"}],"twitter_card":"summary_large_image","twitter_misc":{"Temps estimat de lectura":"1 minut"},"schema":{"@context":"https:\/\/schema.org","@graph":[{"@type":"WebPage","@id":"https:\/\/www.editorialjuventud.es\/la-septima-ola-9788426137210\/","url":"https:\/\/www.editorialjuventud.es\/la-septima-ola-9788426137210\/","name":"La s\u00e9ptima ola - Editorial Juventud","isPartOf":{"@id":"https:\/\/www.editorialjuventud.es\/#website"},"primaryImageOfPage":{"@id":"https:\/\/www.editorialjuventud.es\/la-septima-ola-9788426137210\/#primaryimage"},"image":{"@id":"https:\/\/www.editorialjuventud.es\/la-septima-ola-9788426137210\/#primaryimage"},"thumbnailUrl":"https:\/\/www.editorialjuventud.es\/wp-content\/uploads\/3721.jpg","datePublished":"2018-08-24T09:06:38+00:00","dateModified":"2025-07-23T07:45:41+00:00","description":"Anticip\u00e1ndose a los pron\u00f3sticos m\u00e1s pesimistas, el volc\u00e1n de Cumbre Vieja, en la isla de la Palma, ha terminado por fracturarse y millones de toneladas de","breadcrumb":{"@id":"https:\/\/www.editorialjuventud.es\/la-septima-ola-9788426137210\/#breadcrumb"},"inLanguage":"ca","potentialAction":[{"@type":"ReadAction","target":["https:\/\/www.editorialjuventud.es\/la-septima-ola-9788426137210\/"]}]},{"@type":"ImageObject","inLanguage":"ca","@id":"https:\/\/www.editorialjuventud.es\/la-septima-ola-9788426137210\/#primaryimage","url":"https:\/\/www.editorialjuventud.es\/wp-content\/uploads\/3721.jpg","contentUrl":"https:\/\/www.editorialjuventud.es\/wp-content\/uploads\/3721.jpg","width":273,"height":416,"caption":"3721.jpg"},{"@type":"BreadcrumbList","@id":"https:\/\/www.editorialjuventud.es\/la-septima-ola-9788426137210\/#breadcrumb","itemListElement":[{"@type":"ListItem","position":1,"name":"Portada","item":"https:\/\/www.editorialjuventud.es\/"},{"@type":"ListItem","position":2,"name":"cat\u00e1logo","item":"https:\/\/www.editorialjuventud.es\/coleccion\/catalogo\/"},{"@type":"ListItem","position":3,"name":"castellano","item":"https:\/\/www.editorialjuventud.es\/coleccion\/castellano\/"},{"@type":"ListItem","position":4,"name":"Lecturas En torno al Mar","item":"https:\/\/www.editorialjuventud.es\/coleccion\/lecturas-en-torno-al-mar\/"},{"@type":"ListItem","position":5,"name":"Narrativa Mar\u00edtima","item":"https:\/\/www.editorialjuventud.es\/ca\/coleccion\/narrativa-maritima-lecturas-entorno-al-mar\/"},{"@type":"ListItem","position":6,"name":"Nostromo. La Aventura Mar\u00edtima","item":"https:\/\/www.editorialjuventud.es\/ca\/coleccion\/nostromo-la-aventura-maritima\/"},{"@type":"ListItem","position":7,"name":"La s\u00e9ptima ola"}]},{"@type":"WebSite","@id":"https:\/\/www.editorialjuventud.es\/#website","url":"https:\/\/www.editorialjuventud.es\/","name":"Editorial Juventud","description":"","potentialAction":[{"@type":"SearchAction","target":{"@type":"EntryPoint","urlTemplate":"https:\/\/www.editorialjuventud.es\/?s={search_term_string}"},"query-input":{"@type":"PropertyValueSpecification","valueRequired":true,"valueName":"search_term_string"}}],"inLanguage":"ca"}]}},"_links":{"self":[{"href":"https:\/\/www.editorialjuventud.es\/ca\/wp-json\/wp\/v2\/product\/5617","targetHints":{"allow":["GET"]}}],"collection":[{"href":"https:\/\/www.editorialjuventud.es\/ca\/wp-json\/wp\/v2\/product"}],"about":[{"href":"https:\/\/www.editorialjuventud.es\/ca\/wp-json\/wp\/v2\/types\/product"}],"wp:featuredmedia":[{"embeddable":true,"href":"https:\/\/www.editorialjuventud.es\/ca\/wp-json\/wp\/v2\/media\/10653"}],"wp:attachment":[{"href":"https:\/\/www.editorialjuventud.es\/ca\/wp-json\/wp\/v2\/media?parent=5617"}],"wp:term":[{"taxonomy":"product_brand","embeddable":true,"href":"https:\/\/www.editorialjuventud.es\/ca\/wp-json\/wp\/v2\/product_brand?post=5617"},{"taxonomy":"product_cat","embeddable":true,"href":"https:\/\/www.editorialjuventud.es\/ca\/wp-json\/wp\/v2\/product_cat?post=5617"},{"taxonomy":"product_tag","embeddable":true,"href":"https:\/\/www.editorialjuventud.es\/ca\/wp-json\/wp\/v2\/product_tag?post=5617"},{"taxonomy":"coleccion","embeddable":true,"href":"https:\/\/www.editorialjuventud.es\/ca\/wp-json\/wp\/v2\/coleccion?post=5617"}],"curies":[{"name":"wp","href":"https:\/\/api.w.org\/{rel}","templated":true}]}}