{"id":5587,"date":"2018-08-24T13:04:32","date_gmt":"2018-08-24T09:04:32","guid":{"rendered":"http:\/\/www.editorialjuventud.es\/el-pequeno-edu-no-se-aburre-nunca\/"},"modified":"2025-01-22T13:34:14","modified_gmt":"2025-01-22T12:34:14","slug":"el-pequeno-edu-no-se-aburre-nunca-9788426136947","status":"publish","type":"product","link":"https:\/\/www.editorialjuventud.es\/ca\/el-pequeno-edu-no-se-aburre-nunca-9788426136947\/","title":{"rendered":"El peque\u00f1o Edu no se aburre nunca"},"content":{"rendered":"<p>Al peque\u00f1o Edu le encanta pintar y dibujar. Le gusta chapotear en el agua de la ba\u00f1era, moldear plastilina y pintar. Despu\u00e9s, y de vez en cuando, el peque\u00f1o Edu est\u00e1 un poco sucio, pero no pasa nada. \u00a1Lo importante es divertirse! Un peque\u00f1o libro que trata de los primeros placeres creativos.<\/p>\n","protected":false},"excerpt":{"rendered":"Al peque\u00f1o Edu le encanta pintar y dibujar. Le gusta chapotear en el agua de la ba\u00f1era, moldear plastilina y pintar. Despu\u00e9s, y de vez en cuando, el peque\u00f1o Edu est\u00e1 un poco sucio, pero no pasa nada. \u00a1Lo importante [&hellip;]","protected":false},"featured_media":10405,"template":"","meta":{"_acf_changed":false,"_exactmetrics_skip_tracking":false,"_exactmetrics_sitenote_active":false,"_exactmetrics_sitenote_note":"","_exactmetrics_sitenote_category":0},"product_brand":[],"product_cat":[1351,1281,1172,1122,1128],"product_tag":[],"coleccion":[916,1016,1296],"class_list":{"0":"post-5587","1":"product","2":"type-product","3":"status-publish","4":"has-post-thumbnail","6":"product_cat-a-partir-de-18-meses","7":"product_cat-aprendizaje","8":"product_cat-emociones","9":"product_cat-libros-de-carton","10":"product_cat-tematica","11":"coleccion-castellano","12":"coleccion-el-pequeno-edu-y-la-pequena-marina","13":"coleccion-mis-primeros-libros","15":"first","16":"instock","17":"taxable","18":"shipping-taxable","19":"purchasable","20":"product-type-simple"},"acf":{"autor":"Bie, Linne","codart":"3694","ediciones":"2","encuadernacion":"Cart\u00f3n","fecha_de_publicacion":"01\/02\/2015","novedad":"0","paginas":"14","subtitulo":"","texto_web_adicional":"","texto_web_novedad":"","orden":"999","portada":"0","texto_web_resaltado":"","autores-libros":[16235],"ilustradores-libros":[16235],"traductores-libros":[58414]},"yoast_head":"<!-- This site is optimized with the Yoast SEO plugin v27.5 - https:\/\/yoast.com\/product\/yoast-seo-wordpress\/ -->\n<title>El peque\u00f1o Edu no se aburre nunca - Editorial Juventud<\/title>\n<meta name=\"description\" content=\"Al peque\u00f1o Edu le encanta pintar y dibujar. Le gusta chapotear en el agua de la ba\u00f1era, moldear plastilina y pintar. Despu\u00e9s, y de vez en cuando, el\" \/>\n<meta name=\"robots\" content=\"index, follow, max-snippet:-1, max-image-preview:large, max-video-preview:-1\" \/>\n<link rel=\"canonical\" href=\"https:\/\/www.editorialjuventud.es\/el-pequeno-edu-no-se-aburre-nunca-9788426136947\/\" \/>\n<meta property=\"og:locale\" content=\"ca_ES\" \/>\n<meta property=\"og:type\" content=\"article\" \/>\n<meta property=\"og:title\" content=\"El peque\u00f1o Edu no se aburre nunca - Editorial Juventud\" \/>\n<meta property=\"og:description\" content=\"Al peque\u00f1o Edu le encanta pintar y dibujar. Le gusta chapotear en el agua de la ba\u00f1era, moldear plastilina y pintar. Despu\u00e9s, y de vez en cuando, el\" \/>\n<meta property=\"og:url\" content=\"https:\/\/www.editorialjuventud.es\/el-pequeno-edu-no-se-aburre-nunca-9788426136947\/\" \/>\n<meta property=\"og:site_name\" content=\"Editorial Juventud\" \/>\n<meta property=\"article:modified_time\" content=\"2025-01-22T12:34:14+00:00\" \/>\n<meta property=\"og:image\" content=\"https:\/\/www.editorialjuventud.es\/wp-content\/uploads\/3694.jpg\" \/>\n\t<meta property=\"og:image:width\" content=\"440\" \/>\n\t<meta property=\"og:image:height\" content=\"450\" \/>\n\t<meta property=\"og:image:type\" content=\"image\/jpeg\" \/>\n<meta name=\"twitter:card\" content=\"summary_large_image\" \/>\n<script type=\"application\/ld+json\" class=\"yoast-schema-graph\">{\"@context\":\"https:\\\/\\\/schema.org\",\"@graph\":[{\"@type\":\"WebPage\",\"@id\":\"https:\\\/\\\/www.editorialjuventud.es\\\/el-pequeno-edu-no-se-aburre-nunca-9788426136947\\\/\",\"url\":\"https:\\\/\\\/www.editorialjuventud.es\\\/el-pequeno-edu-no-se-aburre-nunca-9788426136947\\\/\",\"name\":\"El peque\u00f1o Edu no se aburre nunca - Editorial Juventud\",\"isPartOf\":{\"@id\":\"https:\\\/\\\/www.editorialjuventud.es\\\/#website\"},\"primaryImageOfPage\":{\"@id\":\"https:\\\/\\\/www.editorialjuventud.es\\\/el-pequeno-edu-no-se-aburre-nunca-9788426136947\\\/#primaryimage\"},\"image\":{\"@id\":\"https:\\\/\\\/www.editorialjuventud.es\\\/el-pequeno-edu-no-se-aburre-nunca-9788426136947\\\/#primaryimage\"},\"thumbnailUrl\":\"https:\\\/\\\/www.editorialjuventud.es\\\/wp-content\\\/uploads\\\/3694.jpg\",\"datePublished\":\"2018-08-24T09:04:32+00:00\",\"dateModified\":\"2025-01-22T12:34:14+00:00\",\"description\":\"Al peque\u00f1o Edu le encanta pintar y dibujar. Le gusta chapotear en el agua de la ba\u00f1era, moldear plastilina y pintar. Despu\u00e9s, y de vez en cuando, el\",\"breadcrumb\":{\"@id\":\"https:\\\/\\\/www.editorialjuventud.es\\\/el-pequeno-edu-no-se-aburre-nunca-9788426136947\\\/#breadcrumb\"},\"inLanguage\":\"ca\",\"potentialAction\":[{\"@type\":\"ReadAction\",\"target\":[\"https:\\\/\\\/www.editorialjuventud.es\\\/el-pequeno-edu-no-se-aburre-nunca-9788426136947\\\/\"]}]},{\"@type\":\"ImageObject\",\"inLanguage\":\"ca\",\"@id\":\"https:\\\/\\\/www.editorialjuventud.es\\\/el-pequeno-edu-no-se-aburre-nunca-9788426136947\\\/#primaryimage\",\"url\":\"https:\\\/\\\/www.editorialjuventud.es\\\/wp-content\\\/uploads\\\/3694.jpg\",\"contentUrl\":\"https:\\\/\\\/www.editorialjuventud.es\\\/wp-content\\\/uploads\\\/3694.jpg\",\"width\":440,\"height\":450,\"caption\":\"3694.jpg\"},{\"@type\":\"BreadcrumbList\",\"@id\":\"https:\\\/\\\/www.editorialjuventud.es\\\/el-pequeno-edu-no-se-aburre-nunca-9788426136947\\\/#breadcrumb\",\"itemListElement\":[{\"@type\":\"ListItem\",\"position\":1,\"name\":\"Portada\",\"item\":\"https:\\\/\\\/www.editorialjuventud.es\\\/\"},{\"@type\":\"ListItem\",\"position\":2,\"name\":\"cat\u00e1logo\",\"item\":\"https:\\\/\\\/www.editorialjuventud.es\\\/coleccion\\\/catalogo\\\/\"},{\"@type\":\"ListItem\",\"position\":3,\"name\":\"castellano\",\"item\":\"https:\\\/\\\/www.editorialjuventud.es\\\/coleccion\\\/castellano\\\/\"},{\"@type\":\"ListItem\",\"position\":4,\"name\":\"Mis Primeros Libros\",\"item\":\"https:\\\/\\\/www.editorialjuventud.es\\\/coleccion\\\/mis-primeros-libros\\\/\"},{\"@type\":\"ListItem\",\"position\":5,\"name\":\"El Peque\u00f1o Edu y la Peque\u00f1a Marina\",\"item\":\"https:\\\/\\\/www.editorialjuventud.es\\\/coleccion\\\/el-pequeno-edu-y-la-pequena-marina\\\/\"},{\"@type\":\"ListItem\",\"position\":6,\"name\":\"El peque\u00f1o Edu no se aburre nunca\"}]},{\"@type\":\"WebSite\",\"@id\":\"https:\\\/\\\/www.editorialjuventud.es\\\/#website\",\"url\":\"https:\\\/\\\/www.editorialjuventud.es\\\/\",\"name\":\"Editorial Juventud\",\"description\":\"\",\"potentialAction\":[{\"@type\":\"SearchAction\",\"target\":{\"@type\":\"EntryPoint\",\"urlTemplate\":\"https:\\\/\\\/www.editorialjuventud.es\\\/?s={search_term_string}\"},\"query-input\":{\"@type\":\"PropertyValueSpecification\",\"valueRequired\":true,\"valueName\":\"search_term_string\"}}],\"inLanguage\":\"ca\"}]}<\/script>\n<!-- \/ Yoast SEO plugin. -->","yoast_head_json":{"title":"El peque\u00f1o Edu no se aburre nunca - Editorial Juventud","description":"Al peque\u00f1o Edu le encanta pintar y dibujar. Le gusta chapotear en el agua de la ba\u00f1era, moldear plastilina y pintar. Despu\u00e9s, y de vez en cuando, el","robots":{"index":"index","follow":"follow","max-snippet":"max-snippet:-1","max-image-preview":"max-image-preview:large","max-video-preview":"max-video-preview:-1"},"canonical":"https:\/\/www.editorialjuventud.es\/el-pequeno-edu-no-se-aburre-nunca-9788426136947\/","og_locale":"ca_ES","og_type":"article","og_title":"El peque\u00f1o Edu no se aburre nunca - Editorial Juventud","og_description":"Al peque\u00f1o Edu le encanta pintar y dibujar. Le gusta chapotear en el agua de la ba\u00f1era, moldear plastilina y pintar. Despu\u00e9s, y de vez en cuando, el","og_url":"https:\/\/www.editorialjuventud.es\/el-pequeno-edu-no-se-aburre-nunca-9788426136947\/","og_site_name":"Editorial Juventud","article_modified_time":"2025-01-22T12:34:14+00:00","og_image":[{"width":440,"height":450,"url":"https:\/\/www.editorialjuventud.es\/wp-content\/uploads\/3694.jpg","type":"image\/jpeg"}],"twitter_card":"summary_large_image","schema":{"@context":"https:\/\/schema.org","@graph":[{"@type":"WebPage","@id":"https:\/\/www.editorialjuventud.es\/el-pequeno-edu-no-se-aburre-nunca-9788426136947\/","url":"https:\/\/www.editorialjuventud.es\/el-pequeno-edu-no-se-aburre-nunca-9788426136947\/","name":"El peque\u00f1o Edu no se aburre nunca - Editorial Juventud","isPartOf":{"@id":"https:\/\/www.editorialjuventud.es\/#website"},"primaryImageOfPage":{"@id":"https:\/\/www.editorialjuventud.es\/el-pequeno-edu-no-se-aburre-nunca-9788426136947\/#primaryimage"},"image":{"@id":"https:\/\/www.editorialjuventud.es\/el-pequeno-edu-no-se-aburre-nunca-9788426136947\/#primaryimage"},"thumbnailUrl":"https:\/\/www.editorialjuventud.es\/wp-content\/uploads\/3694.jpg","datePublished":"2018-08-24T09:04:32+00:00","dateModified":"2025-01-22T12:34:14+00:00","description":"Al peque\u00f1o Edu le encanta pintar y dibujar. Le gusta chapotear en el agua de la ba\u00f1era, moldear plastilina y pintar. Despu\u00e9s, y de vez en cuando, el","breadcrumb":{"@id":"https:\/\/www.editorialjuventud.es\/el-pequeno-edu-no-se-aburre-nunca-9788426136947\/#breadcrumb"},"inLanguage":"ca","potentialAction":[{"@type":"ReadAction","target":["https:\/\/www.editorialjuventud.es\/el-pequeno-edu-no-se-aburre-nunca-9788426136947\/"]}]},{"@type":"ImageObject","inLanguage":"ca","@id":"https:\/\/www.editorialjuventud.es\/el-pequeno-edu-no-se-aburre-nunca-9788426136947\/#primaryimage","url":"https:\/\/www.editorialjuventud.es\/wp-content\/uploads\/3694.jpg","contentUrl":"https:\/\/www.editorialjuventud.es\/wp-content\/uploads\/3694.jpg","width":440,"height":450,"caption":"3694.jpg"},{"@type":"BreadcrumbList","@id":"https:\/\/www.editorialjuventud.es\/el-pequeno-edu-no-se-aburre-nunca-9788426136947\/#breadcrumb","itemListElement":[{"@type":"ListItem","position":1,"name":"Portada","item":"https:\/\/www.editorialjuventud.es\/"},{"@type":"ListItem","position":2,"name":"cat\u00e1logo","item":"https:\/\/www.editorialjuventud.es\/coleccion\/catalogo\/"},{"@type":"ListItem","position":3,"name":"castellano","item":"https:\/\/www.editorialjuventud.es\/coleccion\/castellano\/"},{"@type":"ListItem","position":4,"name":"Mis Primeros Libros","item":"https:\/\/www.editorialjuventud.es\/coleccion\/mis-primeros-libros\/"},{"@type":"ListItem","position":5,"name":"El Peque\u00f1o Edu y la Peque\u00f1a Marina","item":"https:\/\/www.editorialjuventud.es\/coleccion\/el-pequeno-edu-y-la-pequena-marina\/"},{"@type":"ListItem","position":6,"name":"El peque\u00f1o Edu no se aburre nunca"}]},{"@type":"WebSite","@id":"https:\/\/www.editorialjuventud.es\/#website","url":"https:\/\/www.editorialjuventud.es\/","name":"Editorial Juventud","description":"","potentialAction":[{"@type":"SearchAction","target":{"@type":"EntryPoint","urlTemplate":"https:\/\/www.editorialjuventud.es\/?s={search_term_string}"},"query-input":{"@type":"PropertyValueSpecification","valueRequired":true,"valueName":"search_term_string"}}],"inLanguage":"ca"}]}},"_links":{"self":[{"href":"https:\/\/www.editorialjuventud.es\/ca\/wp-json\/wp\/v2\/product\/5587","targetHints":{"allow":["GET"]}}],"collection":[{"href":"https:\/\/www.editorialjuventud.es\/ca\/wp-json\/wp\/v2\/product"}],"about":[{"href":"https:\/\/www.editorialjuventud.es\/ca\/wp-json\/wp\/v2\/types\/product"}],"wp:featuredmedia":[{"embeddable":true,"href":"https:\/\/www.editorialjuventud.es\/ca\/wp-json\/wp\/v2\/media\/10405"}],"wp:attachment":[{"href":"https:\/\/www.editorialjuventud.es\/ca\/wp-json\/wp\/v2\/media?parent=5587"}],"wp:term":[{"taxonomy":"product_brand","embeddable":true,"href":"https:\/\/www.editorialjuventud.es\/ca\/wp-json\/wp\/v2\/product_brand?post=5587"},{"taxonomy":"product_cat","embeddable":true,"href":"https:\/\/www.editorialjuventud.es\/ca\/wp-json\/wp\/v2\/product_cat?post=5587"},{"taxonomy":"product_tag","embeddable":true,"href":"https:\/\/www.editorialjuventud.es\/ca\/wp-json\/wp\/v2\/product_tag?post=5587"},{"taxonomy":"coleccion","embeddable":true,"href":"https:\/\/www.editorialjuventud.es\/ca\/wp-json\/wp\/v2\/coleccion?post=5587"}],"curies":[{"name":"wp","href":"https:\/\/api.w.org\/{rel}","templated":true}]}}