{"id":5583,"date":"2018-08-24T11:04:15","date_gmt":"2018-08-24T09:04:15","guid":{"rendered":"http:\/\/www.editorialjuventud.es\/brevisima-relacion-de-la-destruicion-de-las-indias\/"},"modified":"2020-10-22T08:06:45","modified_gmt":"2020-10-22T06:06:45","slug":"brevisima-relacion-de-la-destruicion-de-las-indias-9788426136893","status":"publish","type":"product","link":"https:\/\/www.editorialjuventud.es\/ca\/brevisima-relacion-de-la-destruicion-de-las-indias-9788426136893\/","title":{"rendered":"Brev\u00edsima relaci\u00f3n de la destruici\u00f3n de las Indias"},"content":{"rendered":"<p>Una galer\u00eda de escenas de los horrores cometidos sobre los indios por parte de las distintas expediciones de conquistadores espa\u00f1oles. Fray Bartolom\u00e9 de las Casas fue considerado el responsable de la leyenda negra sobre la colonizaci\u00f3n espa\u00f1ola en Am\u00e9rica por su vehemente y pol\u00e9mica denuncia de los abusos cometidos contra los indios. La figura de este autor y sus denuncias de los abusos y atropellos cometidos contra los indios y sus propuestas de soluci\u00f3n o \u00abremedios\u00bb, se entienden como precursores de la moderna antropolog\u00eda pol\u00edtica y del derecho colonial.<\/p>\n","protected":false},"excerpt":{"rendered":"Una galer\u00eda de escenas de los horrores cometidos sobre los indios por parte de las distintas expediciones de conquistadores espa\u00f1oles. Fray Bartolom\u00e9 de las Casas fue considerado el responsable de la leyenda negra sobre la colonizaci\u00f3n espa\u00f1ola en Am\u00e9rica por [&hellip;]","protected":false},"featured_media":10395,"template":"","meta":{"_acf_changed":false,"_exactmetrics_skip_tracking":false,"_exactmetrics_sitenote_active":false,"_exactmetrics_sitenote_note":"","_exactmetrics_sitenote_category":0},"product_brand":[],"product_cat":[905,892,1115,1117],"product_tag":[],"coleccion":[916,1007,1084,938],"class_list":{"0":"post-5583","1":"product","2":"type-product","3":"status-publish","4":"has-post-thumbnail","6":"product_cat-adulto","7":"product_cat-edades","8":"product_cat-generos","9":"product_cat-no-ficcion-adulto","10":"coleccion-castellano","11":"coleccion-coleccion-z","12":"coleccion-historia-y-ensayo","13":"coleccion-libros-de-bolsillo","15":"first","16":"instock","17":"taxable","18":"shipping-taxable","19":"purchasable","20":"product-type-simple"},"acf":{"autores-libros":[16316]},"yoast_head":"<!-- This site is optimized with the Yoast SEO plugin v27.5 - https:\/\/yoast.com\/product\/yoast-seo-wordpress\/ -->\n<title>Brev\u00edsima relaci\u00f3n de la destruici\u00f3n de las Indias - Editorial Juventud<\/title>\n<meta name=\"description\" content=\"Una galer\u00eda de escenas de los horrores cometidos sobre los indios por parte de las distintas expediciones de conquistadores espa\u00f1oles. Fray Bartolom\u00e9 de\" \/>\n<meta name=\"robots\" content=\"index, follow, max-snippet:-1, max-image-preview:large, max-video-preview:-1\" \/>\n<link rel=\"canonical\" href=\"https:\/\/www.editorialjuventud.es\/ca\/brevisima-relacion-de-la-destruicion-de-las-indias-9788426136893\/\" \/>\n<meta property=\"og:locale\" content=\"ca_ES\" \/>\n<meta property=\"og:type\" content=\"article\" \/>\n<meta property=\"og:title\" content=\"Brev\u00edsima relaci\u00f3n de la destruici\u00f3n de las Indias - Editorial Juventud\" \/>\n<meta property=\"og:description\" content=\"Una galer\u00eda de escenas de los horrores cometidos sobre los indios por parte de las distintas expediciones de conquistadores espa\u00f1oles. Fray Bartolom\u00e9 de\" \/>\n<meta property=\"og:url\" content=\"https:\/\/www.editorialjuventud.es\/ca\/brevisima-relacion-de-la-destruicion-de-las-indias-9788426136893\/\" \/>\n<meta property=\"og:site_name\" content=\"Editorial Juventud\" \/>\n<meta property=\"article:modified_time\" content=\"2020-10-22T06:06:45+00:00\" \/>\n<meta property=\"og:image\" content=\"https:\/\/www.editorialjuventud.es\/wp-content\/uploads\/3689.jpg\" \/>\n\t<meta property=\"og:image:width\" content=\"258\" \/>\n\t<meta property=\"og:image:height\" content=\"400\" \/>\n\t<meta property=\"og:image:type\" content=\"image\/jpeg\" \/>\n<meta name=\"twitter:card\" content=\"summary_large_image\" \/>\n<script type=\"application\/ld+json\" class=\"yoast-schema-graph\">{\"@context\":\"https:\\\/\\\/schema.org\",\"@graph\":[{\"@type\":\"WebPage\",\"@id\":\"https:\\\/\\\/www.editorialjuventud.es\\\/ca\\\/brevisima-relacion-de-la-destruicion-de-las-indias-9788426136893\\\/\",\"url\":\"https:\\\/\\\/www.editorialjuventud.es\\\/ca\\\/brevisima-relacion-de-la-destruicion-de-las-indias-9788426136893\\\/\",\"name\":\"Brev\u00edsima relaci\u00f3n de la destruici\u00f3n de las Indias - Editorial Juventud\",\"isPartOf\":{\"@id\":\"https:\\\/\\\/www.editorialjuventud.es\\\/#website\"},\"primaryImageOfPage\":{\"@id\":\"https:\\\/\\\/www.editorialjuventud.es\\\/ca\\\/brevisima-relacion-de-la-destruicion-de-las-indias-9788426136893\\\/#primaryimage\"},\"image\":{\"@id\":\"https:\\\/\\\/www.editorialjuventud.es\\\/ca\\\/brevisima-relacion-de-la-destruicion-de-las-indias-9788426136893\\\/#primaryimage\"},\"thumbnailUrl\":\"https:\\\/\\\/www.editorialjuventud.es\\\/wp-content\\\/uploads\\\/3689.jpg\",\"datePublished\":\"2018-08-24T09:04:15+00:00\",\"dateModified\":\"2020-10-22T06:06:45+00:00\",\"description\":\"Una galer\u00eda de escenas de los horrores cometidos sobre los indios por parte de las distintas expediciones de conquistadores espa\u00f1oles. Fray Bartolom\u00e9 de\",\"breadcrumb\":{\"@id\":\"https:\\\/\\\/www.editorialjuventud.es\\\/ca\\\/brevisima-relacion-de-la-destruicion-de-las-indias-9788426136893\\\/#breadcrumb\"},\"inLanguage\":\"ca\",\"potentialAction\":[{\"@type\":\"ReadAction\",\"target\":[\"https:\\\/\\\/www.editorialjuventud.es\\\/ca\\\/brevisima-relacion-de-la-destruicion-de-las-indias-9788426136893\\\/\"]}]},{\"@type\":\"ImageObject\",\"inLanguage\":\"ca\",\"@id\":\"https:\\\/\\\/www.editorialjuventud.es\\\/ca\\\/brevisima-relacion-de-la-destruicion-de-las-indias-9788426136893\\\/#primaryimage\",\"url\":\"https:\\\/\\\/www.editorialjuventud.es\\\/wp-content\\\/uploads\\\/3689.jpg\",\"contentUrl\":\"https:\\\/\\\/www.editorialjuventud.es\\\/wp-content\\\/uploads\\\/3689.jpg\",\"width\":258,\"height\":400,\"caption\":\"3689.jpg\"},{\"@type\":\"BreadcrumbList\",\"@id\":\"https:\\\/\\\/www.editorialjuventud.es\\\/ca\\\/brevisima-relacion-de-la-destruicion-de-las-indias-9788426136893\\\/#breadcrumb\",\"itemListElement\":[{\"@type\":\"ListItem\",\"position\":1,\"name\":\"Portada\",\"item\":\"https:\\\/\\\/www.editorialjuventud.es\\\/\"},{\"@type\":\"ListItem\",\"position\":2,\"name\":\"cat\u00e1logo\",\"item\":\"https:\\\/\\\/www.editorialjuventud.es\\\/coleccion\\\/catalogo\\\/\"},{\"@type\":\"ListItem\",\"position\":3,\"name\":\"castellano\",\"item\":\"https:\\\/\\\/www.editorialjuventud.es\\\/coleccion\\\/castellano\\\/\"},{\"@type\":\"ListItem\",\"position\":4,\"name\":\"Libros de Bolsillo\",\"item\":\"https:\\\/\\\/www.editorialjuventud.es\\\/coleccion\\\/libros-de-bolsillo\\\/\"},{\"@type\":\"ListItem\",\"position\":5,\"name\":\"Colecci\u00f3n Z\",\"item\":\"https:\\\/\\\/www.editorialjuventud.es\\\/coleccion\\\/coleccion-z\\\/\"},{\"@type\":\"ListItem\",\"position\":6,\"name\":\"Historia y Ensayo\",\"item\":\"https:\\\/\\\/www.editorialjuventud.es\\\/coleccion\\\/historia-y-ensayo\\\/\"},{\"@type\":\"ListItem\",\"position\":7,\"name\":\"Brev\u00edsima relaci\u00f3n de la destruici\u00f3n de las Indias\"}]},{\"@type\":\"WebSite\",\"@id\":\"https:\\\/\\\/www.editorialjuventud.es\\\/#website\",\"url\":\"https:\\\/\\\/www.editorialjuventud.es\\\/\",\"name\":\"Editorial Juventud\",\"description\":\"\",\"potentialAction\":[{\"@type\":\"SearchAction\",\"target\":{\"@type\":\"EntryPoint\",\"urlTemplate\":\"https:\\\/\\\/www.editorialjuventud.es\\\/?s={search_term_string}\"},\"query-input\":{\"@type\":\"PropertyValueSpecification\",\"valueRequired\":true,\"valueName\":\"search_term_string\"}}],\"inLanguage\":\"ca\"}]}<\/script>\n<!-- \/ Yoast SEO plugin. -->","yoast_head_json":{"title":"Brev\u00edsima relaci\u00f3n de la destruici\u00f3n de las Indias - Editorial Juventud","description":"Una galer\u00eda de escenas de los horrores cometidos sobre los indios por parte de las distintas expediciones de conquistadores espa\u00f1oles. Fray Bartolom\u00e9 de","robots":{"index":"index","follow":"follow","max-snippet":"max-snippet:-1","max-image-preview":"max-image-preview:large","max-video-preview":"max-video-preview:-1"},"canonical":"https:\/\/www.editorialjuventud.es\/ca\/brevisima-relacion-de-la-destruicion-de-las-indias-9788426136893\/","og_locale":"ca_ES","og_type":"article","og_title":"Brev\u00edsima relaci\u00f3n de la destruici\u00f3n de las Indias - Editorial Juventud","og_description":"Una galer\u00eda de escenas de los horrores cometidos sobre los indios por parte de las distintas expediciones de conquistadores espa\u00f1oles. Fray Bartolom\u00e9 de","og_url":"https:\/\/www.editorialjuventud.es\/ca\/brevisima-relacion-de-la-destruicion-de-las-indias-9788426136893\/","og_site_name":"Editorial Juventud","article_modified_time":"2020-10-22T06:06:45+00:00","og_image":[{"width":258,"height":400,"url":"https:\/\/www.editorialjuventud.es\/wp-content\/uploads\/3689.jpg","type":"image\/jpeg"}],"twitter_card":"summary_large_image","schema":{"@context":"https:\/\/schema.org","@graph":[{"@type":"WebPage","@id":"https:\/\/www.editorialjuventud.es\/ca\/brevisima-relacion-de-la-destruicion-de-las-indias-9788426136893\/","url":"https:\/\/www.editorialjuventud.es\/ca\/brevisima-relacion-de-la-destruicion-de-las-indias-9788426136893\/","name":"Brev\u00edsima relaci\u00f3n de la destruici\u00f3n de las Indias - Editorial Juventud","isPartOf":{"@id":"https:\/\/www.editorialjuventud.es\/#website"},"primaryImageOfPage":{"@id":"https:\/\/www.editorialjuventud.es\/ca\/brevisima-relacion-de-la-destruicion-de-las-indias-9788426136893\/#primaryimage"},"image":{"@id":"https:\/\/www.editorialjuventud.es\/ca\/brevisima-relacion-de-la-destruicion-de-las-indias-9788426136893\/#primaryimage"},"thumbnailUrl":"https:\/\/www.editorialjuventud.es\/wp-content\/uploads\/3689.jpg","datePublished":"2018-08-24T09:04:15+00:00","dateModified":"2020-10-22T06:06:45+00:00","description":"Una galer\u00eda de escenas de los horrores cometidos sobre los indios por parte de las distintas expediciones de conquistadores espa\u00f1oles. Fray Bartolom\u00e9 de","breadcrumb":{"@id":"https:\/\/www.editorialjuventud.es\/ca\/brevisima-relacion-de-la-destruicion-de-las-indias-9788426136893\/#breadcrumb"},"inLanguage":"ca","potentialAction":[{"@type":"ReadAction","target":["https:\/\/www.editorialjuventud.es\/ca\/brevisima-relacion-de-la-destruicion-de-las-indias-9788426136893\/"]}]},{"@type":"ImageObject","inLanguage":"ca","@id":"https:\/\/www.editorialjuventud.es\/ca\/brevisima-relacion-de-la-destruicion-de-las-indias-9788426136893\/#primaryimage","url":"https:\/\/www.editorialjuventud.es\/wp-content\/uploads\/3689.jpg","contentUrl":"https:\/\/www.editorialjuventud.es\/wp-content\/uploads\/3689.jpg","width":258,"height":400,"caption":"3689.jpg"},{"@type":"BreadcrumbList","@id":"https:\/\/www.editorialjuventud.es\/ca\/brevisima-relacion-de-la-destruicion-de-las-indias-9788426136893\/#breadcrumb","itemListElement":[{"@type":"ListItem","position":1,"name":"Portada","item":"https:\/\/www.editorialjuventud.es\/"},{"@type":"ListItem","position":2,"name":"cat\u00e1logo","item":"https:\/\/www.editorialjuventud.es\/coleccion\/catalogo\/"},{"@type":"ListItem","position":3,"name":"castellano","item":"https:\/\/www.editorialjuventud.es\/coleccion\/castellano\/"},{"@type":"ListItem","position":4,"name":"Libros de Bolsillo","item":"https:\/\/www.editorialjuventud.es\/coleccion\/libros-de-bolsillo\/"},{"@type":"ListItem","position":5,"name":"Colecci\u00f3n Z","item":"https:\/\/www.editorialjuventud.es\/coleccion\/coleccion-z\/"},{"@type":"ListItem","position":6,"name":"Historia y Ensayo","item":"https:\/\/www.editorialjuventud.es\/coleccion\/historia-y-ensayo\/"},{"@type":"ListItem","position":7,"name":"Brev\u00edsima relaci\u00f3n de la destruici\u00f3n de las Indias"}]},{"@type":"WebSite","@id":"https:\/\/www.editorialjuventud.es\/#website","url":"https:\/\/www.editorialjuventud.es\/","name":"Editorial Juventud","description":"","potentialAction":[{"@type":"SearchAction","target":{"@type":"EntryPoint","urlTemplate":"https:\/\/www.editorialjuventud.es\/?s={search_term_string}"},"query-input":{"@type":"PropertyValueSpecification","valueRequired":true,"valueName":"search_term_string"}}],"inLanguage":"ca"}]}},"_links":{"self":[{"href":"https:\/\/www.editorialjuventud.es\/ca\/wp-json\/wp\/v2\/product\/5583","targetHints":{"allow":["GET"]}}],"collection":[{"href":"https:\/\/www.editorialjuventud.es\/ca\/wp-json\/wp\/v2\/product"}],"about":[{"href":"https:\/\/www.editorialjuventud.es\/ca\/wp-json\/wp\/v2\/types\/product"}],"wp:featuredmedia":[{"embeddable":true,"href":"https:\/\/www.editorialjuventud.es\/ca\/wp-json\/wp\/v2\/media\/10395"}],"wp:attachment":[{"href":"https:\/\/www.editorialjuventud.es\/ca\/wp-json\/wp\/v2\/media?parent=5583"}],"wp:term":[{"taxonomy":"product_brand","embeddable":true,"href":"https:\/\/www.editorialjuventud.es\/ca\/wp-json\/wp\/v2\/product_brand?post=5583"},{"taxonomy":"product_cat","embeddable":true,"href":"https:\/\/www.editorialjuventud.es\/ca\/wp-json\/wp\/v2\/product_cat?post=5583"},{"taxonomy":"product_tag","embeddable":true,"href":"https:\/\/www.editorialjuventud.es\/ca\/wp-json\/wp\/v2\/product_tag?post=5583"},{"taxonomy":"coleccion","embeddable":true,"href":"https:\/\/www.editorialjuventud.es\/ca\/wp-json\/wp\/v2\/coleccion?post=5583"}],"curies":[{"name":"wp","href":"https:\/\/api.w.org\/{rel}","templated":true}]}}