{"id":55667,"date":"2021-07-16T13:11:19","date_gmt":"2021-07-16T11:11:19","guid":{"rendered":"https:\/\/www.editorialjuventud.es\/narval-un-profe-genial-catala-9788426147363\/"},"modified":"2025-01-22T12:45:12","modified_gmt":"2025-01-22T11:45:12","slug":"narval-un-profe-genial-9788426147363","status":"publish","type":"product","link":"https:\/\/www.editorialjuventud.es\/ca\/narval-un-profe-genial-9788426147363\/","title":{"rendered":"Narval, un profe genial"},"content":{"rendered":"<p>Narval i Medu es converteixen en els professors m\u00e9s genials del m\u00f3n! Els dos millors amics es troben un mat\u00ed amb un entusiasta banc de peixos. Desgraciadament, Mr. Globus, el seu professor, s&#8217;ha constipat, i la classe haur\u00e0 de ser cancel\u00b7lada&#8230;, per\u00f2 per sort Narval i Medu es proposen com a profes substituts!<\/p>\n<p>La primera assignatura \u00e9s Gofram\u00e0tiques, en la que Narval i Medu hauran de calcular quantes gofres han de preparar per alimentar a tota la classe. Una mat\u00e8ria deliciosa! La seg\u00fcent lli\u00e7\u00f3 ser\u00e0 una batalla entre cient\u00edfics i exploradors per veure qui recopila m\u00e9s dades de criatures marines i, a l&#8217;hora del pati, jugaran una versi\u00f3 de &#8216;tocar i parar&#8217; molt guai!<\/p>\n<p>Els m\u00e8todes d&#8217;ensenyament de Narval poden ser poc convencionals, per\u00f2 amb l&#8217;ajuda de Medu, els dos ensenyen (i aprenen) amb la seva caracter\u00edstica positivitat i humor. Abans que s&#8217;adonin, el dia ja ha acabat&#8230; per\u00f2, quina nota li posar\u00e0 la Medu a en Narval?   <\/p>\n","protected":false},"excerpt":{"rendered":"Narval i Medu es converteixen en els professors m\u00e9s genials del m\u00f3n! Els dos millors amics es troben un mat\u00ed amb un entusiasta banc de peixos. Desgraciadament, Mr. Globus, el seu professor, s&#8217;ha constipat, i la classe haur\u00e0 de ser [&hellip;]","protected":false},"featured_media":57057,"template":"","meta":{"_acf_changed":false,"_exactmetrics_skip_tracking":false,"_exactmetrics_sitenote_active":false,"_exactmetrics_sitenote_note":"","_exactmetrics_sitenote_category":0},"product_brand":[],"product_cat":[900,1136,1138,1142,1127,892,1115,1184,1193,893,1128,910],"product_tag":[],"coleccion":[977],"class_list":{"0":"post-55667","1":"product","2":"type-product","3":"status-publish","4":"has-post-thumbnail","6":"product_cat-a-partir-de-5-anos","7":"product_cat-amistad","8":"product_cat-animales","9":"product_cat-aventura","10":"product_cat-comic","11":"product_cat-edades","12":"product_cat-generos","13":"product_cat-humor","14":"product_cat-mar-oceano","15":"product_cat-novedades","16":"product_cat-tematica","17":"product_cat-ultimas-novedades","18":"coleccion-llibres-de-narval-i-medu","20":"first","21":"instock","22":"taxable","23":"shipping-taxable","24":"purchasable","25":"product-type-simple"},"acf":{"indice":"","autor":"Clanton, Ben","codart":"4736","ediciones":"3","encuadernacion":"Carton\u00e9","fecha_de_publicacion":"01\/09\/2021","fecha_de_reimpresion":"01\/04\/2022","novedad":"0","paginas":"84","subtitulo":"","texto_web_adicional":"","autores-libros":[16284],"ilustradores-libros":[16284],"texto_web_novedad":"","orden":"999","portada":"0","texto_web_resaltado":"","traductores-libros":[17378],"descripcion_corta":"","recomendamos":"","mas_vendido":"","idioma-libro":"","color":false,"formato":"","mas_informacion_del_producto":false,"premios":false,"deshabilitar_compra":[],"texto_enlace_cubierta":"","enlace_cubierta":{"ID":57057,"id":57057,"title":"9788426147363.jpg","filename":"9788426147363.jpg","filesize":220234,"url":"https:\/\/www.editorialjuventud.es\/wp-content\/uploads\/9788426147363.jpg","link":"https:\/\/www.editorialjuventud.es\/ca\/?attachment_id=57057","alt":"9788426147363.jpg","author":"13","description":"","caption":"","name":"9788426147363-jpg","status":"inherit","uploaded_to":55667,"date":"2021-09-02 09:19:01","modified":"2021-09-02 09:19:02","menu_order":0,"mime_type":"image\/jpeg","type":"image","subtype":"jpeg","icon":"https:\/\/www.editorialjuventud.es\/wp-includes\/images\/media\/default.png","width":914,"height":1200,"sizes":{"thumbnail":"https:\/\/www.editorialjuventud.es\/wp-content\/uploads\/9788426147363-200x200.jpg","thumbnail-width":200,"thumbnail-height":200,"medium":"https:\/\/www.editorialjuventud.es\/wp-content\/uploads\/9788426147363.jpg","medium-width":914,"medium-height":1200,"medium_large":"https:\/\/www.editorialjuventud.es\/wp-content\/uploads\/9788426147363-768x1008.jpg","medium_large-width":768,"medium_large-height":1008,"large":"https:\/\/www.editorialjuventud.es\/wp-content\/uploads\/9788426147363.jpg","large-width":914,"large-height":1200,"1536x1536":"https:\/\/www.editorialjuventud.es\/wp-content\/uploads\/9788426147363.jpg","1536x1536-width":914,"1536x1536-height":1200,"2048x2048":"https:\/\/www.editorialjuventud.es\/wp-content\/uploads\/9788426147363.jpg","2048x2048-width":914,"2048x2048-height":1200,"woocommerce_thumbnail":"https:\/\/www.editorialjuventud.es\/wp-content\/uploads\/9788426147363-350x460.jpg","woocommerce_thumbnail-width":350,"woocommerce_thumbnail-height":460,"woocommerce_single":"https:\/\/www.editorialjuventud.es\/wp-content\/uploads\/9788426147363-900x1182.jpg","woocommerce_single-width":900,"woocommerce_single-height":1182,"woocommerce_gallery_thumbnail":"https:\/\/www.editorialjuventud.es\/wp-content\/uploads\/9788426147363-100x100.jpg","woocommerce_gallery_thumbnail-width":100,"woocommerce_gallery_thumbnail-height":100,"ppec_logo_image_size":"https:\/\/www.editorialjuventud.es\/wp-content\/uploads\/9788426147363.jpg","ppec_logo_image_size-width":46,"ppec_logo_image_size-height":60,"ppec_header_image_size":"https:\/\/www.editorialjuventud.es\/wp-content\/uploads\/9788426147363.jpg","ppec_header_image_size-width":69,"ppec_header_image_size-height":90}},"texto_enlace_ficha_tecnica":"","enlace_ficha_tecnica":{"ID":57657,"id":57657,"title":"Fitxa_Narval profe genial CAT","filename":"Fitxa_Narval-profe-genial-CAT.pdf","filesize":979198,"url":"https:\/\/www.editorialjuventud.es\/wp-content\/uploads\/Fitxa_Narval-profe-genial-CAT.pdf","link":"https:\/\/www.editorialjuventud.es\/ca\/?attachment_id=57657","alt":"","author":"47","description":"","caption":"","name":"fitxa_narval-profe-genial-cat","status":"inherit","uploaded_to":55667,"date":"2021-09-21 11:33:06","modified":"2021-09-21 11:33:06","menu_order":0,"mime_type":"application\/pdf","type":"application","subtype":"pdf","icon":"https:\/\/www.editorialjuventud.es\/wp-includes\/images\/media\/document.png"},"ficheros":false,"titulo-fr":"","texto-fr":""},"yoast_head":"<!-- This site is optimized with the Yoast SEO plugin v27.3 - https:\/\/yoast.com\/product\/yoast-seo-wordpress\/ -->\n<title>Narval, un profe genial - Editorial Juventud<\/title>\n<meta name=\"description\" content=\"Narval i Medu es converteixen en els professors m\u00e9s genials del m\u00f3n! Els dos millors amics es troben un mat\u00ed amb un entusiasta banc de peixos.\" \/>\n<meta name=\"robots\" content=\"index, follow, max-snippet:-1, max-image-preview:large, max-video-preview:-1\" \/>\n<link rel=\"canonical\" href=\"https:\/\/www.editorialjuventud.es\/narval-un-profe-genial-9788426147363\/\" \/>\n<meta property=\"og:locale\" content=\"ca_ES\" \/>\n<meta property=\"og:type\" content=\"article\" \/>\n<meta property=\"og:title\" content=\"Narval, un profe genial - Editorial Juventud\" \/>\n<meta property=\"og:description\" content=\"Narval i Medu es converteixen en els professors m\u00e9s genials del m\u00f3n! Els dos millors amics es troben un mat\u00ed amb un entusiasta banc de peixos.\" \/>\n<meta property=\"og:url\" content=\"https:\/\/www.editorialjuventud.es\/narval-un-profe-genial-9788426147363\/\" \/>\n<meta property=\"og:site_name\" content=\"Editorial Juventud\" \/>\n<meta property=\"article:modified_time\" content=\"2025-01-22T11:45:12+00:00\" \/>\n<meta property=\"og:image\" content=\"https:\/\/www.editorialjuventud.es\/wp-content\/uploads\/9788426147363.jpg\" \/>\n\t<meta property=\"og:image:width\" content=\"914\" \/>\n\t<meta property=\"og:image:height\" content=\"1200\" \/>\n\t<meta property=\"og:image:type\" content=\"image\/jpeg\" \/>\n<meta name=\"twitter:card\" content=\"summary_large_image\" \/>\n<meta name=\"twitter:label1\" content=\"Temps estimat de lectura\" \/>\n\t<meta name=\"twitter:data1\" content=\"1 minut\" \/>\n<script type=\"application\/ld+json\" class=\"yoast-schema-graph\">{\"@context\":\"https:\\\/\\\/schema.org\",\"@graph\":[{\"@type\":\"WebPage\",\"@id\":\"https:\\\/\\\/www.editorialjuventud.es\\\/narval-un-profe-genial-9788426147363\\\/\",\"url\":\"https:\\\/\\\/www.editorialjuventud.es\\\/narval-un-profe-genial-9788426147363\\\/\",\"name\":\"Narval, un profe genial - Editorial Juventud\",\"isPartOf\":{\"@id\":\"https:\\\/\\\/www.editorialjuventud.es\\\/#website\"},\"primaryImageOfPage\":{\"@id\":\"https:\\\/\\\/www.editorialjuventud.es\\\/narval-un-profe-genial-9788426147363\\\/#primaryimage\"},\"image\":{\"@id\":\"https:\\\/\\\/www.editorialjuventud.es\\\/narval-un-profe-genial-9788426147363\\\/#primaryimage\"},\"thumbnailUrl\":\"https:\\\/\\\/www.editorialjuventud.es\\\/wp-content\\\/uploads\\\/9788426147363.jpg\",\"datePublished\":\"2021-07-16T11:11:19+00:00\",\"dateModified\":\"2025-01-22T11:45:12+00:00\",\"description\":\"Narval i Medu es converteixen en els professors m\u00e9s genials del m\u00f3n! Els dos millors amics es troben un mat\u00ed amb un entusiasta banc de peixos.\",\"breadcrumb\":{\"@id\":\"https:\\\/\\\/www.editorialjuventud.es\\\/narval-un-profe-genial-9788426147363\\\/#breadcrumb\"},\"inLanguage\":\"ca\",\"potentialAction\":[{\"@type\":\"ReadAction\",\"target\":[\"https:\\\/\\\/www.editorialjuventud.es\\\/narval-un-profe-genial-9788426147363\\\/\"]}]},{\"@type\":\"ImageObject\",\"inLanguage\":\"ca\",\"@id\":\"https:\\\/\\\/www.editorialjuventud.es\\\/narval-un-profe-genial-9788426147363\\\/#primaryimage\",\"url\":\"https:\\\/\\\/www.editorialjuventud.es\\\/wp-content\\\/uploads\\\/9788426147363.jpg\",\"contentUrl\":\"https:\\\/\\\/www.editorialjuventud.es\\\/wp-content\\\/uploads\\\/9788426147363.jpg\",\"width\":914,\"height\":1200,\"caption\":\"9788426147363.jpg\"},{\"@type\":\"BreadcrumbList\",\"@id\":\"https:\\\/\\\/www.editorialjuventud.es\\\/narval-un-profe-genial-9788426147363\\\/#breadcrumb\",\"itemListElement\":[{\"@type\":\"ListItem\",\"position\":1,\"name\":\"Portada\",\"item\":\"https:\\\/\\\/www.editorialjuventud.es\\\/\"},{\"@type\":\"ListItem\",\"position\":2,\"name\":\"cat\u00e1logo\",\"item\":\"https:\\\/\\\/www.editorialjuventud.es\\\/coleccion\\\/catalogo\\\/\"},{\"@type\":\"ListItem\",\"position\":3,\"name\":\"catal\u00e0\",\"item\":\"https:\\\/\\\/www.editorialjuventud.es\\\/coleccion\\\/catala\\\/\"},{\"@type\":\"ListItem\",\"position\":4,\"name\":\"Joventut C\u00f2mic\",\"item\":\"https:\\\/\\\/www.editorialjuventud.es\\\/ca\\\/coleccion\\\/joventut-comic\\\/\"},{\"@type\":\"ListItem\",\"position\":5,\"name\":\"Llibres de Narval i Medu\",\"item\":\"https:\\\/\\\/www.editorialjuventud.es\\\/ca\\\/coleccion\\\/llibres-de-narval-i-medu\\\/\"},{\"@type\":\"ListItem\",\"position\":6,\"name\":\"Narval, un profe genial\"}]},{\"@type\":\"WebSite\",\"@id\":\"https:\\\/\\\/www.editorialjuventud.es\\\/#website\",\"url\":\"https:\\\/\\\/www.editorialjuventud.es\\\/\",\"name\":\"Editorial Juventud\",\"description\":\"\",\"potentialAction\":[{\"@type\":\"SearchAction\",\"target\":{\"@type\":\"EntryPoint\",\"urlTemplate\":\"https:\\\/\\\/www.editorialjuventud.es\\\/?s={search_term_string}\"},\"query-input\":{\"@type\":\"PropertyValueSpecification\",\"valueRequired\":true,\"valueName\":\"search_term_string\"}}],\"inLanguage\":\"ca\"}]}<\/script>\n<!-- \/ Yoast SEO plugin. -->","yoast_head_json":{"title":"Narval, un profe genial - Editorial Juventud","description":"Narval i Medu es converteixen en els professors m\u00e9s genials del m\u00f3n! Els dos millors amics es troben un mat\u00ed amb un entusiasta banc de peixos.","robots":{"index":"index","follow":"follow","max-snippet":"max-snippet:-1","max-image-preview":"max-image-preview:large","max-video-preview":"max-video-preview:-1"},"canonical":"https:\/\/www.editorialjuventud.es\/narval-un-profe-genial-9788426147363\/","og_locale":"ca_ES","og_type":"article","og_title":"Narval, un profe genial - Editorial Juventud","og_description":"Narval i Medu es converteixen en els professors m\u00e9s genials del m\u00f3n! Els dos millors amics es troben un mat\u00ed amb un entusiasta banc de peixos.","og_url":"https:\/\/www.editorialjuventud.es\/narval-un-profe-genial-9788426147363\/","og_site_name":"Editorial Juventud","article_modified_time":"2025-01-22T11:45:12+00:00","og_image":[{"width":914,"height":1200,"url":"https:\/\/www.editorialjuventud.es\/wp-content\/uploads\/9788426147363.jpg","type":"image\/jpeg"}],"twitter_card":"summary_large_image","twitter_misc":{"Temps estimat de lectura":"1 minut"},"schema":{"@context":"https:\/\/schema.org","@graph":[{"@type":"WebPage","@id":"https:\/\/www.editorialjuventud.es\/narval-un-profe-genial-9788426147363\/","url":"https:\/\/www.editorialjuventud.es\/narval-un-profe-genial-9788426147363\/","name":"Narval, un profe genial - Editorial Juventud","isPartOf":{"@id":"https:\/\/www.editorialjuventud.es\/#website"},"primaryImageOfPage":{"@id":"https:\/\/www.editorialjuventud.es\/narval-un-profe-genial-9788426147363\/#primaryimage"},"image":{"@id":"https:\/\/www.editorialjuventud.es\/narval-un-profe-genial-9788426147363\/#primaryimage"},"thumbnailUrl":"https:\/\/www.editorialjuventud.es\/wp-content\/uploads\/9788426147363.jpg","datePublished":"2021-07-16T11:11:19+00:00","dateModified":"2025-01-22T11:45:12+00:00","description":"Narval i Medu es converteixen en els professors m\u00e9s genials del m\u00f3n! Els dos millors amics es troben un mat\u00ed amb un entusiasta banc de peixos.","breadcrumb":{"@id":"https:\/\/www.editorialjuventud.es\/narval-un-profe-genial-9788426147363\/#breadcrumb"},"inLanguage":"ca","potentialAction":[{"@type":"ReadAction","target":["https:\/\/www.editorialjuventud.es\/narval-un-profe-genial-9788426147363\/"]}]},{"@type":"ImageObject","inLanguage":"ca","@id":"https:\/\/www.editorialjuventud.es\/narval-un-profe-genial-9788426147363\/#primaryimage","url":"https:\/\/www.editorialjuventud.es\/wp-content\/uploads\/9788426147363.jpg","contentUrl":"https:\/\/www.editorialjuventud.es\/wp-content\/uploads\/9788426147363.jpg","width":914,"height":1200,"caption":"9788426147363.jpg"},{"@type":"BreadcrumbList","@id":"https:\/\/www.editorialjuventud.es\/narval-un-profe-genial-9788426147363\/#breadcrumb","itemListElement":[{"@type":"ListItem","position":1,"name":"Portada","item":"https:\/\/www.editorialjuventud.es\/"},{"@type":"ListItem","position":2,"name":"cat\u00e1logo","item":"https:\/\/www.editorialjuventud.es\/coleccion\/catalogo\/"},{"@type":"ListItem","position":3,"name":"catal\u00e0","item":"https:\/\/www.editorialjuventud.es\/coleccion\/catala\/"},{"@type":"ListItem","position":4,"name":"Joventut C\u00f2mic","item":"https:\/\/www.editorialjuventud.es\/ca\/coleccion\/joventut-comic\/"},{"@type":"ListItem","position":5,"name":"Llibres de Narval i Medu","item":"https:\/\/www.editorialjuventud.es\/ca\/coleccion\/llibres-de-narval-i-medu\/"},{"@type":"ListItem","position":6,"name":"Narval, un profe genial"}]},{"@type":"WebSite","@id":"https:\/\/www.editorialjuventud.es\/#website","url":"https:\/\/www.editorialjuventud.es\/","name":"Editorial Juventud","description":"","potentialAction":[{"@type":"SearchAction","target":{"@type":"EntryPoint","urlTemplate":"https:\/\/www.editorialjuventud.es\/?s={search_term_string}"},"query-input":{"@type":"PropertyValueSpecification","valueRequired":true,"valueName":"search_term_string"}}],"inLanguage":"ca"}]}},"_links":{"self":[{"href":"https:\/\/www.editorialjuventud.es\/ca\/wp-json\/wp\/v2\/product\/55667","targetHints":{"allow":["GET"]}}],"collection":[{"href":"https:\/\/www.editorialjuventud.es\/ca\/wp-json\/wp\/v2\/product"}],"about":[{"href":"https:\/\/www.editorialjuventud.es\/ca\/wp-json\/wp\/v2\/types\/product"}],"wp:featuredmedia":[{"embeddable":true,"href":"https:\/\/www.editorialjuventud.es\/ca\/wp-json\/wp\/v2\/media\/57057"}],"wp:attachment":[{"href":"https:\/\/www.editorialjuventud.es\/ca\/wp-json\/wp\/v2\/media?parent=55667"}],"wp:term":[{"taxonomy":"product_brand","embeddable":true,"href":"https:\/\/www.editorialjuventud.es\/ca\/wp-json\/wp\/v2\/product_brand?post=55667"},{"taxonomy":"product_cat","embeddable":true,"href":"https:\/\/www.editorialjuventud.es\/ca\/wp-json\/wp\/v2\/product_cat?post=55667"},{"taxonomy":"product_tag","embeddable":true,"href":"https:\/\/www.editorialjuventud.es\/ca\/wp-json\/wp\/v2\/product_tag?post=55667"},{"taxonomy":"coleccion","embeddable":true,"href":"https:\/\/www.editorialjuventud.es\/ca\/wp-json\/wp\/v2\/coleccion?post=55667"}],"curies":[{"name":"wp","href":"https:\/\/api.w.org\/{rel}","templated":true}]}}