{"id":5556,"date":"2018-08-24T13:02:18","date_gmt":"2018-08-24T09:02:18","guid":{"rendered":"http:\/\/www.editorialjuventud.es\/memorias-difusas-de-isidro-blanco\/"},"modified":"2025-07-23T09:45:52","modified_gmt":"2025-07-23T07:45:52","slug":"memorias-difusas-de-isidro-blanco-9788426136633","status":"publish","type":"product","link":"https:\/\/www.editorialjuventud.es\/ca\/memorias-difusas-de-isidro-blanco-9788426136633\/","title":{"rendered":"Memorias difusas de Isidro Blanco"},"content":{"rendered":"<p>A trav\u00e9s de los recuerdos evocados en su serena vejez, Isidro Blanco, cient\u00edfico frustrado, activista pol\u00edtico y marino a la vez casual y vocacional, nos conduce por la convulsa vida pol\u00edtica del siglo XIX. Su juvenil entusiasmo por el progreso t\u00e9cnico y sus decididas convicciones republicanas lo llevar\u00e1n a situaciones comprometidas de las que s\u00f3lo lo sacar\u00e1 la oscura sombra de un lejano pariente ya muerto, Pedro Blanco, el Mongo de Gallinas, el mayor negrero que conocieron los siglos.                                                                          XI PREMIO NOSTROMO DE NARRATIVA MAR\u00cdTIMA 2007<\/p>\n","protected":false},"excerpt":{"rendered":"A trav\u00e9s de los recuerdos evocados en su serena vejez, Isidro Blanco, cient\u00edfico frustrado, activista pol\u00edtico y marino a la vez casual y vocacional, nos conduce por la convulsa vida pol\u00edtica del siglo XIX. Su juvenil entusiasmo por el progreso [&hellip;]","protected":false},"featured_media":10231,"template":"","meta":{"_acf_changed":false,"_exactmetrics_skip_tracking":false,"_exactmetrics_sitenote_active":false,"_exactmetrics_sitenote_note":"","_exactmetrics_sitenote_category":0},"product_brand":[],"product_cat":[905,1120],"product_tag":[],"coleccion":[936,1088,1081],"class_list":{"0":"post-5556","1":"product","2":"type-product","3":"status-publish","4":"has-post-thumbnail","6":"product_cat-adulto","7":"product_cat-nautica","8":"coleccion-lecturas-en-torno-al-mar","9":"coleccion-narrativa-maritima-lecturas-entorno-al-mar","10":"coleccion-nostromo-la-aventura-maritima","12":"first","13":"instock","14":"taxable","15":"shipping-taxable","16":"purchasable","17":"product-type-simple"},"acf":{"autor":"Gonzalo Guijarro","codart":"3663","ediciones":"1","encuadernacion":"R\u00fastica","fecha_de_publicacion":"07\/11\/2007","novedad":"0","paginas":"290","subtitulo":"","texto_web_adicional":"","texto_web_novedad":"","orden":"999","portada":"0","texto_web_resaltado":"","autores-libros":[16387],"traductores-libros":[17386]},"yoast_head":"<!-- This site is optimized with the Yoast SEO plugin v27.5 - https:\/\/yoast.com\/product\/yoast-seo-wordpress\/ -->\n<title>Memorias difusas de Isidro Blanco - Editorial Juventud<\/title>\n<meta name=\"description\" content=\"A trav\u00e9s de los recuerdos evocados en su serena vejez, Isidro Blanco, cient\u00edfico frustrado, activista pol\u00edtico y marino a la vez casual y vocacional, nos\" \/>\n<meta name=\"robots\" content=\"index, follow, max-snippet:-1, max-image-preview:large, max-video-preview:-1\" \/>\n<link rel=\"canonical\" href=\"https:\/\/www.editorialjuventud.es\/memorias-difusas-de-isidro-blanco-9788426136633\/\" \/>\n<meta property=\"og:locale\" content=\"ca_ES\" \/>\n<meta property=\"og:type\" content=\"article\" \/>\n<meta property=\"og:title\" content=\"Memorias difusas de Isidro Blanco - Editorial Juventud\" \/>\n<meta property=\"og:description\" content=\"A trav\u00e9s de los recuerdos evocados en su serena vejez, Isidro Blanco, cient\u00edfico frustrado, activista pol\u00edtico y marino a la vez casual y vocacional, nos\" \/>\n<meta property=\"og:url\" content=\"https:\/\/www.editorialjuventud.es\/memorias-difusas-de-isidro-blanco-9788426136633\/\" \/>\n<meta property=\"og:site_name\" content=\"Editorial Juventud\" \/>\n<meta property=\"article:modified_time\" content=\"2025-07-23T07:45:52+00:00\" \/>\n<meta property=\"og:image\" content=\"https:\/\/www.editorialjuventud.es\/wp-content\/uploads\/3663.jpg\" \/>\n\t<meta property=\"og:image:width\" content=\"279\" \/>\n\t<meta property=\"og:image:height\" content=\"450\" \/>\n\t<meta property=\"og:image:type\" content=\"image\/jpeg\" \/>\n<meta name=\"twitter:card\" content=\"summary_large_image\" \/>\n<script type=\"application\/ld+json\" class=\"yoast-schema-graph\">{\"@context\":\"https:\\\/\\\/schema.org\",\"@graph\":[{\"@type\":\"WebPage\",\"@id\":\"https:\\\/\\\/www.editorialjuventud.es\\\/memorias-difusas-de-isidro-blanco-9788426136633\\\/\",\"url\":\"https:\\\/\\\/www.editorialjuventud.es\\\/memorias-difusas-de-isidro-blanco-9788426136633\\\/\",\"name\":\"Memorias difusas de Isidro Blanco - Editorial Juventud\",\"isPartOf\":{\"@id\":\"https:\\\/\\\/www.editorialjuventud.es\\\/#website\"},\"primaryImageOfPage\":{\"@id\":\"https:\\\/\\\/www.editorialjuventud.es\\\/memorias-difusas-de-isidro-blanco-9788426136633\\\/#primaryimage\"},\"image\":{\"@id\":\"https:\\\/\\\/www.editorialjuventud.es\\\/memorias-difusas-de-isidro-blanco-9788426136633\\\/#primaryimage\"},\"thumbnailUrl\":\"https:\\\/\\\/www.editorialjuventud.es\\\/wp-content\\\/uploads\\\/3663.jpg\",\"datePublished\":\"2018-08-24T09:02:18+00:00\",\"dateModified\":\"2025-07-23T07:45:52+00:00\",\"description\":\"A trav\u00e9s de los recuerdos evocados en su serena vejez, Isidro Blanco, cient\u00edfico frustrado, activista pol\u00edtico y marino a la vez casual y vocacional, nos\",\"breadcrumb\":{\"@id\":\"https:\\\/\\\/www.editorialjuventud.es\\\/memorias-difusas-de-isidro-blanco-9788426136633\\\/#breadcrumb\"},\"inLanguage\":\"ca\",\"potentialAction\":[{\"@type\":\"ReadAction\",\"target\":[\"https:\\\/\\\/www.editorialjuventud.es\\\/memorias-difusas-de-isidro-blanco-9788426136633\\\/\"]}]},{\"@type\":\"ImageObject\",\"inLanguage\":\"ca\",\"@id\":\"https:\\\/\\\/www.editorialjuventud.es\\\/memorias-difusas-de-isidro-blanco-9788426136633\\\/#primaryimage\",\"url\":\"https:\\\/\\\/www.editorialjuventud.es\\\/wp-content\\\/uploads\\\/3663.jpg\",\"contentUrl\":\"https:\\\/\\\/www.editorialjuventud.es\\\/wp-content\\\/uploads\\\/3663.jpg\",\"width\":279,\"height\":450,\"caption\":\"3663.jpg\"},{\"@type\":\"BreadcrumbList\",\"@id\":\"https:\\\/\\\/www.editorialjuventud.es\\\/memorias-difusas-de-isidro-blanco-9788426136633\\\/#breadcrumb\",\"itemListElement\":[{\"@type\":\"ListItem\",\"position\":1,\"name\":\"Portada\",\"item\":\"https:\\\/\\\/www.editorialjuventud.es\\\/\"},{\"@type\":\"ListItem\",\"position\":2,\"name\":\"cat\u00e1logo\",\"item\":\"https:\\\/\\\/www.editorialjuventud.es\\\/coleccion\\\/catalogo\\\/\"},{\"@type\":\"ListItem\",\"position\":3,\"name\":\"castellano\",\"item\":\"https:\\\/\\\/www.editorialjuventud.es\\\/coleccion\\\/castellano\\\/\"},{\"@type\":\"ListItem\",\"position\":4,\"name\":\"Lecturas En torno al Mar\",\"item\":\"https:\\\/\\\/www.editorialjuventud.es\\\/coleccion\\\/lecturas-en-torno-al-mar\\\/\"},{\"@type\":\"ListItem\",\"position\":5,\"name\":\"Narrativa Mar\u00edtima\",\"item\":\"https:\\\/\\\/www.editorialjuventud.es\\\/ca\\\/coleccion\\\/narrativa-maritima-lecturas-entorno-al-mar\\\/\"},{\"@type\":\"ListItem\",\"position\":6,\"name\":\"Nostromo. La Aventura Mar\u00edtima\",\"item\":\"https:\\\/\\\/www.editorialjuventud.es\\\/ca\\\/coleccion\\\/nostromo-la-aventura-maritima\\\/\"},{\"@type\":\"ListItem\",\"position\":7,\"name\":\"Memorias difusas de Isidro Blanco\"}]},{\"@type\":\"WebSite\",\"@id\":\"https:\\\/\\\/www.editorialjuventud.es\\\/#website\",\"url\":\"https:\\\/\\\/www.editorialjuventud.es\\\/\",\"name\":\"Editorial Juventud\",\"description\":\"\",\"potentialAction\":[{\"@type\":\"SearchAction\",\"target\":{\"@type\":\"EntryPoint\",\"urlTemplate\":\"https:\\\/\\\/www.editorialjuventud.es\\\/?s={search_term_string}\"},\"query-input\":{\"@type\":\"PropertyValueSpecification\",\"valueRequired\":true,\"valueName\":\"search_term_string\"}}],\"inLanguage\":\"ca\"}]}<\/script>\n<!-- \/ Yoast SEO plugin. -->","yoast_head_json":{"title":"Memorias difusas de Isidro Blanco - Editorial Juventud","description":"A trav\u00e9s de los recuerdos evocados en su serena vejez, Isidro Blanco, cient\u00edfico frustrado, activista pol\u00edtico y marino a la vez casual y vocacional, nos","robots":{"index":"index","follow":"follow","max-snippet":"max-snippet:-1","max-image-preview":"max-image-preview:large","max-video-preview":"max-video-preview:-1"},"canonical":"https:\/\/www.editorialjuventud.es\/memorias-difusas-de-isidro-blanco-9788426136633\/","og_locale":"ca_ES","og_type":"article","og_title":"Memorias difusas de Isidro Blanco - Editorial Juventud","og_description":"A trav\u00e9s de los recuerdos evocados en su serena vejez, Isidro Blanco, cient\u00edfico frustrado, activista pol\u00edtico y marino a la vez casual y vocacional, nos","og_url":"https:\/\/www.editorialjuventud.es\/memorias-difusas-de-isidro-blanco-9788426136633\/","og_site_name":"Editorial Juventud","article_modified_time":"2025-07-23T07:45:52+00:00","og_image":[{"width":279,"height":450,"url":"https:\/\/www.editorialjuventud.es\/wp-content\/uploads\/3663.jpg","type":"image\/jpeg"}],"twitter_card":"summary_large_image","schema":{"@context":"https:\/\/schema.org","@graph":[{"@type":"WebPage","@id":"https:\/\/www.editorialjuventud.es\/memorias-difusas-de-isidro-blanco-9788426136633\/","url":"https:\/\/www.editorialjuventud.es\/memorias-difusas-de-isidro-blanco-9788426136633\/","name":"Memorias difusas de Isidro Blanco - Editorial Juventud","isPartOf":{"@id":"https:\/\/www.editorialjuventud.es\/#website"},"primaryImageOfPage":{"@id":"https:\/\/www.editorialjuventud.es\/memorias-difusas-de-isidro-blanco-9788426136633\/#primaryimage"},"image":{"@id":"https:\/\/www.editorialjuventud.es\/memorias-difusas-de-isidro-blanco-9788426136633\/#primaryimage"},"thumbnailUrl":"https:\/\/www.editorialjuventud.es\/wp-content\/uploads\/3663.jpg","datePublished":"2018-08-24T09:02:18+00:00","dateModified":"2025-07-23T07:45:52+00:00","description":"A trav\u00e9s de los recuerdos evocados en su serena vejez, Isidro Blanco, cient\u00edfico frustrado, activista pol\u00edtico y marino a la vez casual y vocacional, nos","breadcrumb":{"@id":"https:\/\/www.editorialjuventud.es\/memorias-difusas-de-isidro-blanco-9788426136633\/#breadcrumb"},"inLanguage":"ca","potentialAction":[{"@type":"ReadAction","target":["https:\/\/www.editorialjuventud.es\/memorias-difusas-de-isidro-blanco-9788426136633\/"]}]},{"@type":"ImageObject","inLanguage":"ca","@id":"https:\/\/www.editorialjuventud.es\/memorias-difusas-de-isidro-blanco-9788426136633\/#primaryimage","url":"https:\/\/www.editorialjuventud.es\/wp-content\/uploads\/3663.jpg","contentUrl":"https:\/\/www.editorialjuventud.es\/wp-content\/uploads\/3663.jpg","width":279,"height":450,"caption":"3663.jpg"},{"@type":"BreadcrumbList","@id":"https:\/\/www.editorialjuventud.es\/memorias-difusas-de-isidro-blanco-9788426136633\/#breadcrumb","itemListElement":[{"@type":"ListItem","position":1,"name":"Portada","item":"https:\/\/www.editorialjuventud.es\/"},{"@type":"ListItem","position":2,"name":"cat\u00e1logo","item":"https:\/\/www.editorialjuventud.es\/coleccion\/catalogo\/"},{"@type":"ListItem","position":3,"name":"castellano","item":"https:\/\/www.editorialjuventud.es\/coleccion\/castellano\/"},{"@type":"ListItem","position":4,"name":"Lecturas En torno al Mar","item":"https:\/\/www.editorialjuventud.es\/coleccion\/lecturas-en-torno-al-mar\/"},{"@type":"ListItem","position":5,"name":"Narrativa Mar\u00edtima","item":"https:\/\/www.editorialjuventud.es\/ca\/coleccion\/narrativa-maritima-lecturas-entorno-al-mar\/"},{"@type":"ListItem","position":6,"name":"Nostromo. La Aventura Mar\u00edtima","item":"https:\/\/www.editorialjuventud.es\/ca\/coleccion\/nostromo-la-aventura-maritima\/"},{"@type":"ListItem","position":7,"name":"Memorias difusas de Isidro Blanco"}]},{"@type":"WebSite","@id":"https:\/\/www.editorialjuventud.es\/#website","url":"https:\/\/www.editorialjuventud.es\/","name":"Editorial Juventud","description":"","potentialAction":[{"@type":"SearchAction","target":{"@type":"EntryPoint","urlTemplate":"https:\/\/www.editorialjuventud.es\/?s={search_term_string}"},"query-input":{"@type":"PropertyValueSpecification","valueRequired":true,"valueName":"search_term_string"}}],"inLanguage":"ca"}]}},"_links":{"self":[{"href":"https:\/\/www.editorialjuventud.es\/ca\/wp-json\/wp\/v2\/product\/5556","targetHints":{"allow":["GET"]}}],"collection":[{"href":"https:\/\/www.editorialjuventud.es\/ca\/wp-json\/wp\/v2\/product"}],"about":[{"href":"https:\/\/www.editorialjuventud.es\/ca\/wp-json\/wp\/v2\/types\/product"}],"wp:featuredmedia":[{"embeddable":true,"href":"https:\/\/www.editorialjuventud.es\/ca\/wp-json\/wp\/v2\/media\/10231"}],"wp:attachment":[{"href":"https:\/\/www.editorialjuventud.es\/ca\/wp-json\/wp\/v2\/media?parent=5556"}],"wp:term":[{"taxonomy":"product_brand","embeddable":true,"href":"https:\/\/www.editorialjuventud.es\/ca\/wp-json\/wp\/v2\/product_brand?post=5556"},{"taxonomy":"product_cat","embeddable":true,"href":"https:\/\/www.editorialjuventud.es\/ca\/wp-json\/wp\/v2\/product_cat?post=5556"},{"taxonomy":"product_tag","embeddable":true,"href":"https:\/\/www.editorialjuventud.es\/ca\/wp-json\/wp\/v2\/product_tag?post=5556"},{"taxonomy":"coleccion","embeddable":true,"href":"https:\/\/www.editorialjuventud.es\/ca\/wp-json\/wp\/v2\/coleccion?post=5556"}],"curies":[{"name":"wp","href":"https:\/\/api.w.org\/{rel}","templated":true}]}}