{"id":5555,"date":"2018-08-24T13:02:14","date_gmt":"2018-08-24T09:02:14","guid":{"rendered":"http:\/\/www.editorialjuventud.es\/vagabundo\/"},"modified":"2025-07-23T09:25:45","modified_gmt":"2025-07-23T07:25:45","slug":"vagabundo-un-sueno-en-el-horizonte-9788426136626","status":"publish","type":"product","link":"https:\/\/www.editorialjuventud.es\/ca\/vagabundo-un-sueno-en-el-horizonte-9788426136626\/","title":{"rendered":"Vagabundo Un sue\u00f1o en el horizonte"},"content":{"rendered":"<p>En un velero de ocho metros, Juan Antonio Mart\u00edn Cuadrado solt\u00f3 sus amarras del puerto de Aguadulce una ma\u00f1ana de octubre, quinientos a\u00f1os despu\u00e9s de Col\u00f3n y, como \u00e9l, en busca de un sue\u00f1o al otro lado del Atl\u00e1ntico. El reto inicial de Juan Antonio era demostrarse que era capaz de enfrentarse a solas con el mar. Sin embargo, a medida que fue avanzando la traves\u00eda ya lo \u00fanico que le importaba era sentirse en armon\u00eda con el universo que le rodeaba, por hostil que en ocasiones \u00e9ste pudiera mostrarse.<br \/>\n\u0093Mucho m\u00e1s que un mero diario de navegaci\u00f3n, o el relato de una aventura en solitario. Retrata un viaje inici\u00e1tico del autor y el proceso que lo va autoafirmando a lo largo de las millas. Nos habla de su soledad y aislamiento en el mar. Y ya en tierra, la amistad y los sentimientos hacia otras personas nos muestran el nuevo hombre: quien ha alcanzado el otro lado del oc\u00e9ano, Juan Antonio -Vagabundo, no es la misma persona que parti\u00f3 de Almer\u00eda. Y su nuevo reto, ser uno mismo frente a los dem\u00e1s, ha dejado de serlo. En este libro, comparte con nosotros, no solo la traves\u00eda oce\u00e1nica, sino el viaje interno que experimenta simult\u00e1neamente\u0085\u0094 M\u00ba Luisa Herrera<\/p>\n","protected":false},"excerpt":{"rendered":"En un velero de ocho metros, Juan Antonio Mart\u00edn Cuadrado solt\u00f3 sus amarras del puerto de Aguadulce una ma\u00f1ana de octubre, quinientos a\u00f1os despu\u00e9s de Col\u00f3n y, como \u00e9l, en busca de un sue\u00f1o al otro lado del Atl\u00e1ntico. El [&hellip;]","protected":false},"featured_media":10207,"template":"","meta":{"_acf_changed":false,"_exactmetrics_skip_tracking":false,"_exactmetrics_sitenote_active":false,"_exactmetrics_sitenote_note":"","_exactmetrics_sitenote_category":0},"product_brand":[],"product_cat":[905,1142,1120,1117,1128],"product_tag":[],"coleccion":[916,936,1363],"class_list":{"0":"post-5555","1":"product","2":"type-product","3":"status-publish","4":"has-post-thumbnail","6":"product_cat-adulto","7":"product_cat-aventura","8":"product_cat-nautica","9":"product_cat-no-ficcion-adulto","10":"product_cat-tematica","11":"coleccion-castellano","12":"coleccion-lecturas-en-torno-al-mar","13":"coleccion-viajes-aventuras-y-expediciones-lecturas-en-torno-al-mar","15":"first","16":"outofstock","17":"taxable","18":"shipping-taxable","19":"purchasable","20":"product-type-simple"},"acf":{"autor":"Juan A, Mart\u00edn","codart":"3662","ediciones":"2","encuadernacion":"R\u00fastica","fecha_de_publicacion":"01\/05\/2007","novedad":"0","paginas":"228","subtitulo":"","texto_web_adicional":"","texto_web_novedad":"","orden":"999","portada":"0","texto_web_resaltado":"","autores-libros":[16492]},"yoast_head":"<!-- This site is optimized with the Yoast SEO plugin v27.5 - https:\/\/yoast.com\/product\/yoast-seo-wordpress\/ -->\n<title>Vagabundo Un sue\u00f1o en el horizonte - Editorial Juventud<\/title>\n<meta name=\"description\" content=\"En un velero de ocho metros, Juan Antonio Mart\u00edn Cuadrado solt\u00f3 sus amarras del puerto de Aguadulce una ma\u00f1ana de octubre, quinientos a\u00f1os despu\u00e9s de\" \/>\n<meta name=\"robots\" content=\"index, follow, max-snippet:-1, max-image-preview:large, max-video-preview:-1\" \/>\n<link rel=\"canonical\" href=\"https:\/\/www.editorialjuventud.es\/vagabundo-un-sueno-en-el-horizonte-9788426136626\/\" \/>\n<meta property=\"og:locale\" content=\"ca_ES\" \/>\n<meta property=\"og:type\" content=\"article\" \/>\n<meta property=\"og:title\" content=\"Vagabundo Un sue\u00f1o en el horizonte - Editorial Juventud\" \/>\n<meta property=\"og:description\" content=\"En un velero de ocho metros, Juan Antonio Mart\u00edn Cuadrado solt\u00f3 sus amarras del puerto de Aguadulce una ma\u00f1ana de octubre, quinientos a\u00f1os despu\u00e9s de\" \/>\n<meta property=\"og:url\" content=\"https:\/\/www.editorialjuventud.es\/vagabundo-un-sueno-en-el-horizonte-9788426136626\/\" \/>\n<meta property=\"og:site_name\" content=\"Editorial Juventud\" \/>\n<meta property=\"article:modified_time\" content=\"2025-07-23T07:25:45+00:00\" \/>\n<meta property=\"og:image\" content=\"https:\/\/www.editorialjuventud.es\/wp-content\/uploads\/3662.jpg\" \/>\n\t<meta property=\"og:image:width\" content=\"291\" \/>\n\t<meta property=\"og:image:height\" content=\"450\" \/>\n\t<meta property=\"og:image:type\" content=\"image\/jpeg\" \/>\n<meta name=\"twitter:card\" content=\"summary_large_image\" \/>\n<meta name=\"twitter:label1\" content=\"Temps estimat de lectura\" \/>\n\t<meta name=\"twitter:data1\" content=\"1 minut\" \/>\n<script type=\"application\/ld+json\" class=\"yoast-schema-graph\">{\"@context\":\"https:\\\/\\\/schema.org\",\"@graph\":[{\"@type\":\"WebPage\",\"@id\":\"https:\\\/\\\/www.editorialjuventud.es\\\/vagabundo-un-sueno-en-el-horizonte-9788426136626\\\/\",\"url\":\"https:\\\/\\\/www.editorialjuventud.es\\\/vagabundo-un-sueno-en-el-horizonte-9788426136626\\\/\",\"name\":\"Vagabundo Un sue\u00f1o en el horizonte - Editorial Juventud\",\"isPartOf\":{\"@id\":\"https:\\\/\\\/www.editorialjuventud.es\\\/#website\"},\"primaryImageOfPage\":{\"@id\":\"https:\\\/\\\/www.editorialjuventud.es\\\/vagabundo-un-sueno-en-el-horizonte-9788426136626\\\/#primaryimage\"},\"image\":{\"@id\":\"https:\\\/\\\/www.editorialjuventud.es\\\/vagabundo-un-sueno-en-el-horizonte-9788426136626\\\/#primaryimage\"},\"thumbnailUrl\":\"https:\\\/\\\/www.editorialjuventud.es\\\/wp-content\\\/uploads\\\/3662.jpg\",\"datePublished\":\"2018-08-24T09:02:14+00:00\",\"dateModified\":\"2025-07-23T07:25:45+00:00\",\"description\":\"En un velero de ocho metros, Juan Antonio Mart\u00edn Cuadrado solt\u00f3 sus amarras del puerto de Aguadulce una ma\u00f1ana de octubre, quinientos a\u00f1os despu\u00e9s de\",\"breadcrumb\":{\"@id\":\"https:\\\/\\\/www.editorialjuventud.es\\\/vagabundo-un-sueno-en-el-horizonte-9788426136626\\\/#breadcrumb\"},\"inLanguage\":\"ca\",\"potentialAction\":[{\"@type\":\"ReadAction\",\"target\":[\"https:\\\/\\\/www.editorialjuventud.es\\\/vagabundo-un-sueno-en-el-horizonte-9788426136626\\\/\"]}]},{\"@type\":\"ImageObject\",\"inLanguage\":\"ca\",\"@id\":\"https:\\\/\\\/www.editorialjuventud.es\\\/vagabundo-un-sueno-en-el-horizonte-9788426136626\\\/#primaryimage\",\"url\":\"https:\\\/\\\/www.editorialjuventud.es\\\/wp-content\\\/uploads\\\/3662.jpg\",\"contentUrl\":\"https:\\\/\\\/www.editorialjuventud.es\\\/wp-content\\\/uploads\\\/3662.jpg\",\"width\":291,\"height\":450,\"caption\":\"3662.jpg\"},{\"@type\":\"BreadcrumbList\",\"@id\":\"https:\\\/\\\/www.editorialjuventud.es\\\/vagabundo-un-sueno-en-el-horizonte-9788426136626\\\/#breadcrumb\",\"itemListElement\":[{\"@type\":\"ListItem\",\"position\":1,\"name\":\"Portada\",\"item\":\"https:\\\/\\\/www.editorialjuventud.es\\\/\"},{\"@type\":\"ListItem\",\"position\":2,\"name\":\"cat\u00e1logo\",\"item\":\"https:\\\/\\\/www.editorialjuventud.es\\\/coleccion\\\/catalogo\\\/\"},{\"@type\":\"ListItem\",\"position\":3,\"name\":\"castellano\",\"item\":\"https:\\\/\\\/www.editorialjuventud.es\\\/coleccion\\\/castellano\\\/\"},{\"@type\":\"ListItem\",\"position\":4,\"name\":\"Lecturas En torno al Mar\",\"item\":\"https:\\\/\\\/www.editorialjuventud.es\\\/coleccion\\\/lecturas-en-torno-al-mar\\\/\"},{\"@type\":\"ListItem\",\"position\":5,\"name\":\"Viajes, Aventuras y Expediciones\",\"item\":\"https:\\\/\\\/www.editorialjuventud.es\\\/coleccion\\\/viajes-aventuras-y-expediciones-lecturas-en-torno-al-mar\\\/\"},{\"@type\":\"ListItem\",\"position\":6,\"name\":\"Vagabundo Un sue\u00f1o en el horizonte\"}]},{\"@type\":\"WebSite\",\"@id\":\"https:\\\/\\\/www.editorialjuventud.es\\\/#website\",\"url\":\"https:\\\/\\\/www.editorialjuventud.es\\\/\",\"name\":\"Editorial Juventud\",\"description\":\"\",\"potentialAction\":[{\"@type\":\"SearchAction\",\"target\":{\"@type\":\"EntryPoint\",\"urlTemplate\":\"https:\\\/\\\/www.editorialjuventud.es\\\/?s={search_term_string}\"},\"query-input\":{\"@type\":\"PropertyValueSpecification\",\"valueRequired\":true,\"valueName\":\"search_term_string\"}}],\"inLanguage\":\"ca\"}]}<\/script>\n<!-- \/ Yoast SEO plugin. -->","yoast_head_json":{"title":"Vagabundo Un sue\u00f1o en el horizonte - Editorial Juventud","description":"En un velero de ocho metros, Juan Antonio Mart\u00edn Cuadrado solt\u00f3 sus amarras del puerto de Aguadulce una ma\u00f1ana de octubre, quinientos a\u00f1os despu\u00e9s de","robots":{"index":"index","follow":"follow","max-snippet":"max-snippet:-1","max-image-preview":"max-image-preview:large","max-video-preview":"max-video-preview:-1"},"canonical":"https:\/\/www.editorialjuventud.es\/vagabundo-un-sueno-en-el-horizonte-9788426136626\/","og_locale":"ca_ES","og_type":"article","og_title":"Vagabundo Un sue\u00f1o en el horizonte - Editorial Juventud","og_description":"En un velero de ocho metros, Juan Antonio Mart\u00edn Cuadrado solt\u00f3 sus amarras del puerto de Aguadulce una ma\u00f1ana de octubre, quinientos a\u00f1os despu\u00e9s de","og_url":"https:\/\/www.editorialjuventud.es\/vagabundo-un-sueno-en-el-horizonte-9788426136626\/","og_site_name":"Editorial Juventud","article_modified_time":"2025-07-23T07:25:45+00:00","og_image":[{"width":291,"height":450,"url":"https:\/\/www.editorialjuventud.es\/wp-content\/uploads\/3662.jpg","type":"image\/jpeg"}],"twitter_card":"summary_large_image","twitter_misc":{"Temps estimat de lectura":"1 minut"},"schema":{"@context":"https:\/\/schema.org","@graph":[{"@type":"WebPage","@id":"https:\/\/www.editorialjuventud.es\/vagabundo-un-sueno-en-el-horizonte-9788426136626\/","url":"https:\/\/www.editorialjuventud.es\/vagabundo-un-sueno-en-el-horizonte-9788426136626\/","name":"Vagabundo Un sue\u00f1o en el horizonte - Editorial Juventud","isPartOf":{"@id":"https:\/\/www.editorialjuventud.es\/#website"},"primaryImageOfPage":{"@id":"https:\/\/www.editorialjuventud.es\/vagabundo-un-sueno-en-el-horizonte-9788426136626\/#primaryimage"},"image":{"@id":"https:\/\/www.editorialjuventud.es\/vagabundo-un-sueno-en-el-horizonte-9788426136626\/#primaryimage"},"thumbnailUrl":"https:\/\/www.editorialjuventud.es\/wp-content\/uploads\/3662.jpg","datePublished":"2018-08-24T09:02:14+00:00","dateModified":"2025-07-23T07:25:45+00:00","description":"En un velero de ocho metros, Juan Antonio Mart\u00edn Cuadrado solt\u00f3 sus amarras del puerto de Aguadulce una ma\u00f1ana de octubre, quinientos a\u00f1os despu\u00e9s de","breadcrumb":{"@id":"https:\/\/www.editorialjuventud.es\/vagabundo-un-sueno-en-el-horizonte-9788426136626\/#breadcrumb"},"inLanguage":"ca","potentialAction":[{"@type":"ReadAction","target":["https:\/\/www.editorialjuventud.es\/vagabundo-un-sueno-en-el-horizonte-9788426136626\/"]}]},{"@type":"ImageObject","inLanguage":"ca","@id":"https:\/\/www.editorialjuventud.es\/vagabundo-un-sueno-en-el-horizonte-9788426136626\/#primaryimage","url":"https:\/\/www.editorialjuventud.es\/wp-content\/uploads\/3662.jpg","contentUrl":"https:\/\/www.editorialjuventud.es\/wp-content\/uploads\/3662.jpg","width":291,"height":450,"caption":"3662.jpg"},{"@type":"BreadcrumbList","@id":"https:\/\/www.editorialjuventud.es\/vagabundo-un-sueno-en-el-horizonte-9788426136626\/#breadcrumb","itemListElement":[{"@type":"ListItem","position":1,"name":"Portada","item":"https:\/\/www.editorialjuventud.es\/"},{"@type":"ListItem","position":2,"name":"cat\u00e1logo","item":"https:\/\/www.editorialjuventud.es\/coleccion\/catalogo\/"},{"@type":"ListItem","position":3,"name":"castellano","item":"https:\/\/www.editorialjuventud.es\/coleccion\/castellano\/"},{"@type":"ListItem","position":4,"name":"Lecturas En torno al Mar","item":"https:\/\/www.editorialjuventud.es\/coleccion\/lecturas-en-torno-al-mar\/"},{"@type":"ListItem","position":5,"name":"Viajes, Aventuras y Expediciones","item":"https:\/\/www.editorialjuventud.es\/coleccion\/viajes-aventuras-y-expediciones-lecturas-en-torno-al-mar\/"},{"@type":"ListItem","position":6,"name":"Vagabundo Un sue\u00f1o en el horizonte"}]},{"@type":"WebSite","@id":"https:\/\/www.editorialjuventud.es\/#website","url":"https:\/\/www.editorialjuventud.es\/","name":"Editorial Juventud","description":"","potentialAction":[{"@type":"SearchAction","target":{"@type":"EntryPoint","urlTemplate":"https:\/\/www.editorialjuventud.es\/?s={search_term_string}"},"query-input":{"@type":"PropertyValueSpecification","valueRequired":true,"valueName":"search_term_string"}}],"inLanguage":"ca"}]}},"_links":{"self":[{"href":"https:\/\/www.editorialjuventud.es\/ca\/wp-json\/wp\/v2\/product\/5555","targetHints":{"allow":["GET"]}}],"collection":[{"href":"https:\/\/www.editorialjuventud.es\/ca\/wp-json\/wp\/v2\/product"}],"about":[{"href":"https:\/\/www.editorialjuventud.es\/ca\/wp-json\/wp\/v2\/types\/product"}],"wp:featuredmedia":[{"embeddable":true,"href":"https:\/\/www.editorialjuventud.es\/ca\/wp-json\/wp\/v2\/media\/10207"}],"wp:attachment":[{"href":"https:\/\/www.editorialjuventud.es\/ca\/wp-json\/wp\/v2\/media?parent=5555"}],"wp:term":[{"taxonomy":"product_brand","embeddable":true,"href":"https:\/\/www.editorialjuventud.es\/ca\/wp-json\/wp\/v2\/product_brand?post=5555"},{"taxonomy":"product_cat","embeddable":true,"href":"https:\/\/www.editorialjuventud.es\/ca\/wp-json\/wp\/v2\/product_cat?post=5555"},{"taxonomy":"product_tag","embeddable":true,"href":"https:\/\/www.editorialjuventud.es\/ca\/wp-json\/wp\/v2\/product_tag?post=5555"},{"taxonomy":"coleccion","embeddable":true,"href":"https:\/\/www.editorialjuventud.es\/ca\/wp-json\/wp\/v2\/coleccion?post=5555"}],"curies":[{"name":"wp","href":"https:\/\/api.w.org\/{rel}","templated":true}]}}