{"id":5550,"date":"2018-08-24T11:01:49","date_gmt":"2018-08-24T09:01:49","guid":{"rendered":"http:\/\/www.editorialjuventud.es\/mi-barco\/"},"modified":"2025-01-22T13:34:51","modified_gmt":"2025-01-22T12:34:51","slug":"mi-barco-9788426136572","status":"publish","type":"product","link":"https:\/\/www.editorialjuventud.es\/ca\/mi-barco-9788426136572\/","title":{"rendered":"Mi barco"},"content":{"rendered":"<p>Un ni\u00f1o ten\u00eda un barco de juguete. Se lo hab\u00eda hecho con una lata, un tap\u00f3n de corcho, un l\u00e1piz amarillo y un retal de ropa blanca. Esta es la historia del barco de juguete. Un \u00e1lbum m\u00e1gico con ilustraciones hiperrealistas y coloridas. Una met\u00e1fora po\u00e9tica sobre la libertad y sus peligros.<\/p>\n","protected":false},"excerpt":{"rendered":"Un ni\u00f1o ten\u00eda un barco de juguete. Se lo hab\u00eda hecho con una lata, un tap\u00f3n de corcho, un l\u00e1piz amarillo y un retal de ropa blanca. Esta es la historia del barco de juguete. Un \u00e1lbum m\u00e1gico con ilustraciones [&hellip;]","protected":false},"featured_media":10169,"template":"","meta":{"_acf_changed":false,"_exactmetrics_skip_tracking":false,"_exactmetrics_sitenote_active":false,"_exactmetrics_sitenote_note":"","_exactmetrics_sitenote_category":0},"product_brand":[],"product_cat":[900,1121,1143,1190,1193],"product_tag":[],"coleccion":[996],"class_list":{"0":"post-5550","1":"product","2":"type-product","3":"status-publish","4":"has-post-thumbnail","6":"product_cat-a-partir-de-5-anos","7":"product_cat-albumes-ilustrados","8":"product_cat-barcos","9":"product_cat-libertad","10":"product_cat-mar-oceano","11":"coleccion-mar-de-fantasia-albumes-ilustrados","13":"first","14":"outofstock","15":"taxable","16":"shipping-taxable","17":"purchasable","18":"product-type-simple"},"acf":{"autor":"S\u00e8ve -Long","codart":"3657","ediciones":"0","encuadernacion":"Carton\u00e9","fecha_de_publicacion":"01\/01\/2010","novedad":"0","paginas":"32","subtitulo":"","texto_web_adicional":"","texto_web_novedad":"","orden":"999","portada":"0","texto_web_resaltado":"","autores-libros":[16318],"ilustradores-libros":[16471]},"yoast_head":"<!-- This site is optimized with the Yoast SEO plugin v27.3 - https:\/\/yoast.com\/product\/yoast-seo-wordpress\/ -->\n<title>Mi barco - Editorial Juventud<\/title>\n<meta name=\"description\" content=\"Un ni\u00f1o ten\u00eda un barco de juguete. Se lo hab\u00eda hecho con una lata, un tap\u00f3n de corcho, un l\u00e1piz amarillo y un retal de ropa blanca. Esta es la historia\" \/>\n<meta name=\"robots\" content=\"index, follow, max-snippet:-1, max-image-preview:large, max-video-preview:-1\" \/>\n<link rel=\"canonical\" href=\"https:\/\/www.editorialjuventud.es\/mi-barco-9788426136572\/\" \/>\n<meta property=\"og:locale\" content=\"ca_ES\" \/>\n<meta property=\"og:type\" content=\"article\" \/>\n<meta property=\"og:title\" content=\"Mi barco - Editorial Juventud\" \/>\n<meta property=\"og:description\" content=\"Un ni\u00f1o ten\u00eda un barco de juguete. Se lo hab\u00eda hecho con una lata, un tap\u00f3n de corcho, un l\u00e1piz amarillo y un retal de ropa blanca. Esta es la historia\" \/>\n<meta property=\"og:url\" content=\"https:\/\/www.editorialjuventud.es\/mi-barco-9788426136572\/\" \/>\n<meta property=\"og:site_name\" content=\"Editorial Juventud\" \/>\n<meta property=\"article:modified_time\" content=\"2025-01-22T12:34:51+00:00\" \/>\n<meta property=\"og:image\" content=\"https:\/\/www.editorialjuventud.es\/wp-content\/uploads\/3657.jpg\" \/>\n\t<meta property=\"og:image:width\" content=\"414\" \/>\n\t<meta property=\"og:image:height\" content=\"425\" \/>\n\t<meta property=\"og:image:type\" content=\"image\/jpeg\" \/>\n<meta name=\"twitter:card\" content=\"summary_large_image\" \/>\n<script type=\"application\/ld+json\" class=\"yoast-schema-graph\">{\"@context\":\"https:\\\/\\\/schema.org\",\"@graph\":[{\"@type\":\"WebPage\",\"@id\":\"https:\\\/\\\/www.editorialjuventud.es\\\/mi-barco-9788426136572\\\/\",\"url\":\"https:\\\/\\\/www.editorialjuventud.es\\\/mi-barco-9788426136572\\\/\",\"name\":\"Mi barco - Editorial Juventud\",\"isPartOf\":{\"@id\":\"https:\\\/\\\/www.editorialjuventud.es\\\/#website\"},\"primaryImageOfPage\":{\"@id\":\"https:\\\/\\\/www.editorialjuventud.es\\\/mi-barco-9788426136572\\\/#primaryimage\"},\"image\":{\"@id\":\"https:\\\/\\\/www.editorialjuventud.es\\\/mi-barco-9788426136572\\\/#primaryimage\"},\"thumbnailUrl\":\"https:\\\/\\\/www.editorialjuventud.es\\\/wp-content\\\/uploads\\\/3657.jpg\",\"datePublished\":\"2018-08-24T09:01:49+00:00\",\"dateModified\":\"2025-01-22T12:34:51+00:00\",\"description\":\"Un ni\u00f1o ten\u00eda un barco de juguete. Se lo hab\u00eda hecho con una lata, un tap\u00f3n de corcho, un l\u00e1piz amarillo y un retal de ropa blanca. Esta es la historia\",\"breadcrumb\":{\"@id\":\"https:\\\/\\\/www.editorialjuventud.es\\\/mi-barco-9788426136572\\\/#breadcrumb\"},\"inLanguage\":\"ca\",\"potentialAction\":[{\"@type\":\"ReadAction\",\"target\":[\"https:\\\/\\\/www.editorialjuventud.es\\\/mi-barco-9788426136572\\\/\"]}]},{\"@type\":\"ImageObject\",\"inLanguage\":\"ca\",\"@id\":\"https:\\\/\\\/www.editorialjuventud.es\\\/mi-barco-9788426136572\\\/#primaryimage\",\"url\":\"https:\\\/\\\/www.editorialjuventud.es\\\/wp-content\\\/uploads\\\/3657.jpg\",\"contentUrl\":\"https:\\\/\\\/www.editorialjuventud.es\\\/wp-content\\\/uploads\\\/3657.jpg\",\"width\":414,\"height\":425,\"caption\":\"3657.jpg\"},{\"@type\":\"BreadcrumbList\",\"@id\":\"https:\\\/\\\/www.editorialjuventud.es\\\/mi-barco-9788426136572\\\/#breadcrumb\",\"itemListElement\":[{\"@type\":\"ListItem\",\"position\":1,\"name\":\"Portada\",\"item\":\"https:\\\/\\\/www.editorialjuventud.es\\\/\"},{\"@type\":\"ListItem\",\"position\":2,\"name\":\"cat\u00e1logo\",\"item\":\"https:\\\/\\\/www.editorialjuventud.es\\\/coleccion\\\/catalogo\\\/\"},{\"@type\":\"ListItem\",\"position\":3,\"name\":\"castellano\",\"item\":\"https:\\\/\\\/www.editorialjuventud.es\\\/coleccion\\\/castellano\\\/\"},{\"@type\":\"ListItem\",\"position\":4,\"name\":\"\u00c1lbumes Ilustrados\",\"item\":\"https:\\\/\\\/www.editorialjuventud.es\\\/coleccion\\\/albumes-ilustrados\\\/\"},{\"@type\":\"ListItem\",\"position\":5,\"name\":\"Mar de Fantas\u00eda\",\"item\":\"https:\\\/\\\/www.editorialjuventud.es\\\/coleccion\\\/mar-de-fantasia-albumes-ilustrados\\\/\"},{\"@type\":\"ListItem\",\"position\":6,\"name\":\"Mi barco\"}]},{\"@type\":\"WebSite\",\"@id\":\"https:\\\/\\\/www.editorialjuventud.es\\\/#website\",\"url\":\"https:\\\/\\\/www.editorialjuventud.es\\\/\",\"name\":\"Editorial Juventud\",\"description\":\"\",\"potentialAction\":[{\"@type\":\"SearchAction\",\"target\":{\"@type\":\"EntryPoint\",\"urlTemplate\":\"https:\\\/\\\/www.editorialjuventud.es\\\/?s={search_term_string}\"},\"query-input\":{\"@type\":\"PropertyValueSpecification\",\"valueRequired\":true,\"valueName\":\"search_term_string\"}}],\"inLanguage\":\"ca\"}]}<\/script>\n<!-- \/ Yoast SEO plugin. -->","yoast_head_json":{"title":"Mi barco - Editorial Juventud","description":"Un ni\u00f1o ten\u00eda un barco de juguete. Se lo hab\u00eda hecho con una lata, un tap\u00f3n de corcho, un l\u00e1piz amarillo y un retal de ropa blanca. Esta es la historia","robots":{"index":"index","follow":"follow","max-snippet":"max-snippet:-1","max-image-preview":"max-image-preview:large","max-video-preview":"max-video-preview:-1"},"canonical":"https:\/\/www.editorialjuventud.es\/mi-barco-9788426136572\/","og_locale":"ca_ES","og_type":"article","og_title":"Mi barco - Editorial Juventud","og_description":"Un ni\u00f1o ten\u00eda un barco de juguete. Se lo hab\u00eda hecho con una lata, un tap\u00f3n de corcho, un l\u00e1piz amarillo y un retal de ropa blanca. Esta es la historia","og_url":"https:\/\/www.editorialjuventud.es\/mi-barco-9788426136572\/","og_site_name":"Editorial Juventud","article_modified_time":"2025-01-22T12:34:51+00:00","og_image":[{"width":414,"height":425,"url":"https:\/\/www.editorialjuventud.es\/wp-content\/uploads\/3657.jpg","type":"image\/jpeg"}],"twitter_card":"summary_large_image","schema":{"@context":"https:\/\/schema.org","@graph":[{"@type":"WebPage","@id":"https:\/\/www.editorialjuventud.es\/mi-barco-9788426136572\/","url":"https:\/\/www.editorialjuventud.es\/mi-barco-9788426136572\/","name":"Mi barco - Editorial Juventud","isPartOf":{"@id":"https:\/\/www.editorialjuventud.es\/#website"},"primaryImageOfPage":{"@id":"https:\/\/www.editorialjuventud.es\/mi-barco-9788426136572\/#primaryimage"},"image":{"@id":"https:\/\/www.editorialjuventud.es\/mi-barco-9788426136572\/#primaryimage"},"thumbnailUrl":"https:\/\/www.editorialjuventud.es\/wp-content\/uploads\/3657.jpg","datePublished":"2018-08-24T09:01:49+00:00","dateModified":"2025-01-22T12:34:51+00:00","description":"Un ni\u00f1o ten\u00eda un barco de juguete. Se lo hab\u00eda hecho con una lata, un tap\u00f3n de corcho, un l\u00e1piz amarillo y un retal de ropa blanca. Esta es la historia","breadcrumb":{"@id":"https:\/\/www.editorialjuventud.es\/mi-barco-9788426136572\/#breadcrumb"},"inLanguage":"ca","potentialAction":[{"@type":"ReadAction","target":["https:\/\/www.editorialjuventud.es\/mi-barco-9788426136572\/"]}]},{"@type":"ImageObject","inLanguage":"ca","@id":"https:\/\/www.editorialjuventud.es\/mi-barco-9788426136572\/#primaryimage","url":"https:\/\/www.editorialjuventud.es\/wp-content\/uploads\/3657.jpg","contentUrl":"https:\/\/www.editorialjuventud.es\/wp-content\/uploads\/3657.jpg","width":414,"height":425,"caption":"3657.jpg"},{"@type":"BreadcrumbList","@id":"https:\/\/www.editorialjuventud.es\/mi-barco-9788426136572\/#breadcrumb","itemListElement":[{"@type":"ListItem","position":1,"name":"Portada","item":"https:\/\/www.editorialjuventud.es\/"},{"@type":"ListItem","position":2,"name":"cat\u00e1logo","item":"https:\/\/www.editorialjuventud.es\/coleccion\/catalogo\/"},{"@type":"ListItem","position":3,"name":"castellano","item":"https:\/\/www.editorialjuventud.es\/coleccion\/castellano\/"},{"@type":"ListItem","position":4,"name":"\u00c1lbumes Ilustrados","item":"https:\/\/www.editorialjuventud.es\/coleccion\/albumes-ilustrados\/"},{"@type":"ListItem","position":5,"name":"Mar de Fantas\u00eda","item":"https:\/\/www.editorialjuventud.es\/coleccion\/mar-de-fantasia-albumes-ilustrados\/"},{"@type":"ListItem","position":6,"name":"Mi barco"}]},{"@type":"WebSite","@id":"https:\/\/www.editorialjuventud.es\/#website","url":"https:\/\/www.editorialjuventud.es\/","name":"Editorial Juventud","description":"","potentialAction":[{"@type":"SearchAction","target":{"@type":"EntryPoint","urlTemplate":"https:\/\/www.editorialjuventud.es\/?s={search_term_string}"},"query-input":{"@type":"PropertyValueSpecification","valueRequired":true,"valueName":"search_term_string"}}],"inLanguage":"ca"}]}},"_links":{"self":[{"href":"https:\/\/www.editorialjuventud.es\/ca\/wp-json\/wp\/v2\/product\/5550","targetHints":{"allow":["GET"]}}],"collection":[{"href":"https:\/\/www.editorialjuventud.es\/ca\/wp-json\/wp\/v2\/product"}],"about":[{"href":"https:\/\/www.editorialjuventud.es\/ca\/wp-json\/wp\/v2\/types\/product"}],"wp:featuredmedia":[{"embeddable":true,"href":"https:\/\/www.editorialjuventud.es\/ca\/wp-json\/wp\/v2\/media\/10169"}],"wp:attachment":[{"href":"https:\/\/www.editorialjuventud.es\/ca\/wp-json\/wp\/v2\/media?parent=5550"}],"wp:term":[{"taxonomy":"product_brand","embeddable":true,"href":"https:\/\/www.editorialjuventud.es\/ca\/wp-json\/wp\/v2\/product_brand?post=5550"},{"taxonomy":"product_cat","embeddable":true,"href":"https:\/\/www.editorialjuventud.es\/ca\/wp-json\/wp\/v2\/product_cat?post=5550"},{"taxonomy":"product_tag","embeddable":true,"href":"https:\/\/www.editorialjuventud.es\/ca\/wp-json\/wp\/v2\/product_tag?post=5550"},{"taxonomy":"coleccion","embeddable":true,"href":"https:\/\/www.editorialjuventud.es\/ca\/wp-json\/wp\/v2\/coleccion?post=5550"}],"curies":[{"name":"wp","href":"https:\/\/api.w.org\/{rel}","templated":true}]}}