{"id":5548,"date":"2018-08-24T11:01:41","date_gmt":"2018-08-24T09:01:41","guid":{"rendered":"http:\/\/www.editorialjuventud.es\/vaya-modales\/"},"modified":"2026-04-09T10:05:13","modified_gmt":"2026-04-09T08:05:13","slug":"vaya-modales-9788426136558","status":"publish","type":"product","link":"https:\/\/www.editorialjuventud.es\/ca\/vaya-modales-9788426136558\/","title":{"rendered":"\u00a1Vaya modales!"},"content":{"rendered":"<p>Este libro ayuda a los ni\u00f1os a comprender que las buenas maneras son una forma sencilla de mostrar su amabilidad hacia las dem\u00e1s personas. Los ni\u00f1os pueden aprender que las buenas maneras son importantes porque trabajar y jugar con personas bien educadas resulta m\u00e1s agradable para todos.<\/p>\n","protected":false},"excerpt":{"rendered":"Este libro ayuda a los ni\u00f1os a comprender que las buenas maneras son una forma sencilla de mostrar su amabilidad hacia las dem\u00e1s personas. Los ni\u00f1os pueden aprender que las buenas maneras son importantes porque trabajar y jugar con personas [&hellip;]","protected":false},"featured_media":10145,"template":"","meta":{"_acf_changed":false,"_exactmetrics_skip_tracking":false,"_exactmetrics_sitenote_active":false,"_exactmetrics_sitenote_note":"","_exactmetrics_sitenote_category":0},"product_brand":[],"product_cat":[900,1220,1181,1123,1128],"product_tag":[],"coleccion":[987,1060],"class_list":{"0":"post-5548","1":"product","2":"type-product","3":"status-publish","4":"has-post-thumbnail","6":"product_cat-a-partir-de-5-anos","7":"product_cat-convivencia-relaciones-interculturales","8":"product_cat-habitos","9":"product_cat-libros-informativos-infantil","10":"product_cat-tematica","11":"coleccion-conocer-y-comprender","12":"coleccion-hablemos-de","14":"first","15":"outofstock","16":"taxable","17":"shipping-taxable","18":"purchasable","19":"product-type-simple"},"acf":{"autor":"Thomas - Harker","codart":"3655","ediciones":"1","encuadernacion":"Carton\u00e9","fecha_de_publicacion":"24\/04\/2008","novedad":"0","paginas":"32","subtitulo":"Hablemos de la buena educaci\u00f3n","texto_web_adicional":"","texto_web_novedad":"","orden":"999","portada":"0","texto_web_resaltado":"","indice":"","autores-libros":[16641],"ilustradores-libros":[17766],"traductores-libros":"","fecha_de_reimpresion":"","descripcion_corta":"","recomendamos":"","mas_vendido":"","idioma-libro":"","color":false,"formato":"","mas_informacion_del_producto":false,"premios":false,"texto_enlace_cubierta":"","enlace_cubierta":false,"texto_enlace_ficha_tecnica":"","enlace_ficha_tecnica":false,"ficheros":false,"titulo-fr":"","texto-fr":"","deshabilitar_compra":["deshabilitar"]},"yoast_head":"<!-- This site is optimized with the Yoast SEO plugin v27.5 - https:\/\/yoast.com\/product\/yoast-seo-wordpress\/ -->\n<title>\u00a1Vaya modales! - Editorial Juventud<\/title>\n<meta name=\"description\" content=\"Este libro ayuda a los ni\u00f1os a comprender que las buenas maneras son una forma sencilla de mostrar su amabilidad hacia las dem\u00e1s personas. Los ni\u00f1os\" \/>\n<meta name=\"robots\" content=\"index, follow, max-snippet:-1, max-image-preview:large, max-video-preview:-1\" \/>\n<link rel=\"canonical\" href=\"https:\/\/www.editorialjuventud.es\/vaya-modales-9788426136558\/\" \/>\n<meta property=\"og:locale\" content=\"ca_ES\" \/>\n<meta property=\"og:type\" content=\"article\" \/>\n<meta property=\"og:title\" content=\"\u00a1Vaya modales! - Editorial Juventud\" \/>\n<meta property=\"og:description\" content=\"Este libro ayuda a los ni\u00f1os a comprender que las buenas maneras son una forma sencilla de mostrar su amabilidad hacia las dem\u00e1s personas. Los ni\u00f1os\" \/>\n<meta property=\"og:url\" content=\"https:\/\/www.editorialjuventud.es\/vaya-modales-9788426136558\/\" \/>\n<meta property=\"og:site_name\" content=\"Editorial Juventud\" \/>\n<meta property=\"article:modified_time\" content=\"2026-04-09T08:05:13+00:00\" \/>\n<meta property=\"og:image\" content=\"https:\/\/www.editorialjuventud.es\/wp-content\/uploads\/3655.jpg\" \/>\n\t<meta property=\"og:image:width\" content=\"491\" \/>\n\t<meta property=\"og:image:height\" content=\"450\" \/>\n\t<meta property=\"og:image:type\" content=\"image\/jpeg\" \/>\n<meta name=\"twitter:card\" content=\"summary_large_image\" \/>\n<meta name=\"twitter:label1\" content=\"Temps estimat de lectura\" \/>\n\t<meta name=\"twitter:data1\" content=\"1 minut\" \/>\n<script type=\"application\/ld+json\" class=\"yoast-schema-graph\">{\"@context\":\"https:\\\/\\\/schema.org\",\"@graph\":[{\"@type\":\"WebPage\",\"@id\":\"https:\\\/\\\/www.editorialjuventud.es\\\/vaya-modales-9788426136558\\\/\",\"url\":\"https:\\\/\\\/www.editorialjuventud.es\\\/vaya-modales-9788426136558\\\/\",\"name\":\"\u00a1Vaya modales! - Editorial Juventud\",\"isPartOf\":{\"@id\":\"https:\\\/\\\/www.editorialjuventud.es\\\/#website\"},\"primaryImageOfPage\":{\"@id\":\"https:\\\/\\\/www.editorialjuventud.es\\\/vaya-modales-9788426136558\\\/#primaryimage\"},\"image\":{\"@id\":\"https:\\\/\\\/www.editorialjuventud.es\\\/vaya-modales-9788426136558\\\/#primaryimage\"},\"thumbnailUrl\":\"https:\\\/\\\/www.editorialjuventud.es\\\/wp-content\\\/uploads\\\/3655.jpg\",\"datePublished\":\"2018-08-24T09:01:41+00:00\",\"dateModified\":\"2026-04-09T08:05:13+00:00\",\"description\":\"Este libro ayuda a los ni\u00f1os a comprender que las buenas maneras son una forma sencilla de mostrar su amabilidad hacia las dem\u00e1s personas. Los ni\u00f1os\",\"breadcrumb\":{\"@id\":\"https:\\\/\\\/www.editorialjuventud.es\\\/vaya-modales-9788426136558\\\/#breadcrumb\"},\"inLanguage\":\"ca\",\"potentialAction\":[{\"@type\":\"ReadAction\",\"target\":[\"https:\\\/\\\/www.editorialjuventud.es\\\/vaya-modales-9788426136558\\\/\"]}]},{\"@type\":\"ImageObject\",\"inLanguage\":\"ca\",\"@id\":\"https:\\\/\\\/www.editorialjuventud.es\\\/vaya-modales-9788426136558\\\/#primaryimage\",\"url\":\"https:\\\/\\\/www.editorialjuventud.es\\\/wp-content\\\/uploads\\\/3655.jpg\",\"contentUrl\":\"https:\\\/\\\/www.editorialjuventud.es\\\/wp-content\\\/uploads\\\/3655.jpg\",\"width\":491,\"height\":450,\"caption\":\"3655.jpg\"},{\"@type\":\"BreadcrumbList\",\"@id\":\"https:\\\/\\\/www.editorialjuventud.es\\\/vaya-modales-9788426136558\\\/#breadcrumb\",\"itemListElement\":[{\"@type\":\"ListItem\",\"position\":1,\"name\":\"Portada\",\"item\":\"https:\\\/\\\/www.editorialjuventud.es\\\/\"},{\"@type\":\"ListItem\",\"position\":2,\"name\":\"cat\u00e1logo\",\"item\":\"https:\\\/\\\/www.editorialjuventud.es\\\/coleccion\\\/catalogo\\\/\"},{\"@type\":\"ListItem\",\"position\":3,\"name\":\"castellano\",\"item\":\"https:\\\/\\\/www.editorialjuventud.es\\\/coleccion\\\/castellano\\\/\"},{\"@type\":\"ListItem\",\"position\":4,\"name\":\"\u00c1lbumes Ilustrados\",\"item\":\"https:\\\/\\\/www.editorialjuventud.es\\\/coleccion\\\/albumes-ilustrados\\\/\"},{\"@type\":\"ListItem\",\"position\":5,\"name\":\"Conocer y Comprender\",\"item\":\"https:\\\/\\\/www.editorialjuventud.es\\\/coleccion\\\/conocer-y-comprender\\\/\"},{\"@type\":\"ListItem\",\"position\":6,\"name\":\"Hablemos de\u2026\",\"item\":\"https:\\\/\\\/www.editorialjuventud.es\\\/ca\\\/coleccion\\\/hablemos-de\\\/\"},{\"@type\":\"ListItem\",\"position\":7,\"name\":\"\u00a1Vaya modales!\"}]},{\"@type\":\"WebSite\",\"@id\":\"https:\\\/\\\/www.editorialjuventud.es\\\/#website\",\"url\":\"https:\\\/\\\/www.editorialjuventud.es\\\/\",\"name\":\"Editorial Juventud\",\"description\":\"\",\"potentialAction\":[{\"@type\":\"SearchAction\",\"target\":{\"@type\":\"EntryPoint\",\"urlTemplate\":\"https:\\\/\\\/www.editorialjuventud.es\\\/?s={search_term_string}\"},\"query-input\":{\"@type\":\"PropertyValueSpecification\",\"valueRequired\":true,\"valueName\":\"search_term_string\"}}],\"inLanguage\":\"ca\"}]}<\/script>\n<!-- \/ Yoast SEO plugin. -->","yoast_head_json":{"title":"\u00a1Vaya modales! - Editorial Juventud","description":"Este libro ayuda a los ni\u00f1os a comprender que las buenas maneras son una forma sencilla de mostrar su amabilidad hacia las dem\u00e1s personas. Los ni\u00f1os","robots":{"index":"index","follow":"follow","max-snippet":"max-snippet:-1","max-image-preview":"max-image-preview:large","max-video-preview":"max-video-preview:-1"},"canonical":"https:\/\/www.editorialjuventud.es\/vaya-modales-9788426136558\/","og_locale":"ca_ES","og_type":"article","og_title":"\u00a1Vaya modales! - Editorial Juventud","og_description":"Este libro ayuda a los ni\u00f1os a comprender que las buenas maneras son una forma sencilla de mostrar su amabilidad hacia las dem\u00e1s personas. Los ni\u00f1os","og_url":"https:\/\/www.editorialjuventud.es\/vaya-modales-9788426136558\/","og_site_name":"Editorial Juventud","article_modified_time":"2026-04-09T08:05:13+00:00","og_image":[{"width":491,"height":450,"url":"https:\/\/www.editorialjuventud.es\/wp-content\/uploads\/3655.jpg","type":"image\/jpeg"}],"twitter_card":"summary_large_image","twitter_misc":{"Temps estimat de lectura":"1 minut"},"schema":{"@context":"https:\/\/schema.org","@graph":[{"@type":"WebPage","@id":"https:\/\/www.editorialjuventud.es\/vaya-modales-9788426136558\/","url":"https:\/\/www.editorialjuventud.es\/vaya-modales-9788426136558\/","name":"\u00a1Vaya modales! - Editorial Juventud","isPartOf":{"@id":"https:\/\/www.editorialjuventud.es\/#website"},"primaryImageOfPage":{"@id":"https:\/\/www.editorialjuventud.es\/vaya-modales-9788426136558\/#primaryimage"},"image":{"@id":"https:\/\/www.editorialjuventud.es\/vaya-modales-9788426136558\/#primaryimage"},"thumbnailUrl":"https:\/\/www.editorialjuventud.es\/wp-content\/uploads\/3655.jpg","datePublished":"2018-08-24T09:01:41+00:00","dateModified":"2026-04-09T08:05:13+00:00","description":"Este libro ayuda a los ni\u00f1os a comprender que las buenas maneras son una forma sencilla de mostrar su amabilidad hacia las dem\u00e1s personas. Los ni\u00f1os","breadcrumb":{"@id":"https:\/\/www.editorialjuventud.es\/vaya-modales-9788426136558\/#breadcrumb"},"inLanguage":"ca","potentialAction":[{"@type":"ReadAction","target":["https:\/\/www.editorialjuventud.es\/vaya-modales-9788426136558\/"]}]},{"@type":"ImageObject","inLanguage":"ca","@id":"https:\/\/www.editorialjuventud.es\/vaya-modales-9788426136558\/#primaryimage","url":"https:\/\/www.editorialjuventud.es\/wp-content\/uploads\/3655.jpg","contentUrl":"https:\/\/www.editorialjuventud.es\/wp-content\/uploads\/3655.jpg","width":491,"height":450,"caption":"3655.jpg"},{"@type":"BreadcrumbList","@id":"https:\/\/www.editorialjuventud.es\/vaya-modales-9788426136558\/#breadcrumb","itemListElement":[{"@type":"ListItem","position":1,"name":"Portada","item":"https:\/\/www.editorialjuventud.es\/"},{"@type":"ListItem","position":2,"name":"cat\u00e1logo","item":"https:\/\/www.editorialjuventud.es\/coleccion\/catalogo\/"},{"@type":"ListItem","position":3,"name":"castellano","item":"https:\/\/www.editorialjuventud.es\/coleccion\/castellano\/"},{"@type":"ListItem","position":4,"name":"\u00c1lbumes Ilustrados","item":"https:\/\/www.editorialjuventud.es\/coleccion\/albumes-ilustrados\/"},{"@type":"ListItem","position":5,"name":"Conocer y Comprender","item":"https:\/\/www.editorialjuventud.es\/coleccion\/conocer-y-comprender\/"},{"@type":"ListItem","position":6,"name":"Hablemos de\u2026","item":"https:\/\/www.editorialjuventud.es\/ca\/coleccion\/hablemos-de\/"},{"@type":"ListItem","position":7,"name":"\u00a1Vaya modales!"}]},{"@type":"WebSite","@id":"https:\/\/www.editorialjuventud.es\/#website","url":"https:\/\/www.editorialjuventud.es\/","name":"Editorial Juventud","description":"","potentialAction":[{"@type":"SearchAction","target":{"@type":"EntryPoint","urlTemplate":"https:\/\/www.editorialjuventud.es\/?s={search_term_string}"},"query-input":{"@type":"PropertyValueSpecification","valueRequired":true,"valueName":"search_term_string"}}],"inLanguage":"ca"}]}},"_links":{"self":[{"href":"https:\/\/www.editorialjuventud.es\/ca\/wp-json\/wp\/v2\/product\/5548","targetHints":{"allow":["GET"]}}],"collection":[{"href":"https:\/\/www.editorialjuventud.es\/ca\/wp-json\/wp\/v2\/product"}],"about":[{"href":"https:\/\/www.editorialjuventud.es\/ca\/wp-json\/wp\/v2\/types\/product"}],"wp:featuredmedia":[{"embeddable":true,"href":"https:\/\/www.editorialjuventud.es\/ca\/wp-json\/wp\/v2\/media\/10145"}],"wp:attachment":[{"href":"https:\/\/www.editorialjuventud.es\/ca\/wp-json\/wp\/v2\/media?parent=5548"}],"wp:term":[{"taxonomy":"product_brand","embeddable":true,"href":"https:\/\/www.editorialjuventud.es\/ca\/wp-json\/wp\/v2\/product_brand?post=5548"},{"taxonomy":"product_cat","embeddable":true,"href":"https:\/\/www.editorialjuventud.es\/ca\/wp-json\/wp\/v2\/product_cat?post=5548"},{"taxonomy":"product_tag","embeddable":true,"href":"https:\/\/www.editorialjuventud.es\/ca\/wp-json\/wp\/v2\/product_tag?post=5548"},{"taxonomy":"coleccion","embeddable":true,"href":"https:\/\/www.editorialjuventud.es\/ca\/wp-json\/wp\/v2\/coleccion?post=5548"}],"curies":[{"name":"wp","href":"https:\/\/api.w.org\/{rel}","templated":true}]}}