{"id":5546,"date":"2018-08-24T11:01:32","date_gmt":"2018-08-24T09:01:32","guid":{"rendered":"http:\/\/www.editorialjuventud.es\/yo-no-he-sido\/"},"modified":"2025-01-22T13:35:03","modified_gmt":"2025-01-22T12:35:03","slug":"yo-no-he-sido-9788426136534","status":"publish","type":"product","link":"https:\/\/www.editorialjuventud.es\/ca\/yo-no-he-sido-9788426136534\/","title":{"rendered":"Yo no he sido"},"content":{"rendered":"<p>Ense\u00f1ar a ser sinceros y responsables requiere tiempo y paciencia. Hay que encontrar la manera de fomentar en el ni\u00f1o el deseo de hacer lo que est\u00e1 bien, de valorar la si necesidad, de decir lo que piensa y de actuar con integridad y buena voluntad.<br \/>Este libro ayuda a los ni\u00f1os a comprender que, aunque a veces resulte dif\u00edcil, merece la pena ser sincero, y que a todos nos gustan las personas que dicen la verdad y que tienen palabra. Los ni\u00f1os pueden aprender que si todos somos honrados el mundo se convierte en un lugar m\u00e1s justo y m\u00e1s agradable. <br \/>Incluye una gu\u00eda para utilizar este libro, bibliograf\u00eda y recursos para ni\u00f1os y adultos.<\/p>\n","protected":false},"excerpt":{"rendered":"Ense\u00f1ar a ser sinceros y responsables requiere tiempo y paciencia. Hay que encontrar la manera de fomentar en el ni\u00f1o el deseo de hacer lo que est\u00e1 bien, de valorar la si necesidad, de decir lo que piensa y de [&hellip;]","protected":false},"featured_media":10117,"template":"","meta":{"_acf_changed":false,"_exactmetrics_skip_tracking":false,"_exactmetrics_sitenote_active":false,"_exactmetrics_sitenote_note":"","_exactmetrics_sitenote_category":0},"product_brand":[],"product_cat":[900,1155,1220,1123,1128],"product_tag":[],"coleccion":[987,1060],"class_list":{"0":"post-5546","1":"product","2":"type-product","3":"status-publish","4":"has-post-thumbnail","6":"product_cat-a-partir-de-5-anos","7":"product_cat-conflictos","8":"product_cat-convivencia-relaciones-interculturales","9":"product_cat-libros-informativos-infantil","10":"product_cat-tematica","11":"coleccion-conocer-y-comprender","12":"coleccion-hablemos-de","14":"first","15":"outofstock","16":"taxable","17":"shipping-taxable","18":"purchasable","19":"product-type-simple"},"acf":{"autor":"Thomas - Harker","codart":"3653","ediciones":"1","encuadernacion":"Carton\u00e9","fecha_de_publicacion":"01\/01\/2010","novedad":"0","paginas":"32","subtitulo":"Hablemos de la sinceridad y la honradez","texto_web_adicional":"","texto_web_novedad":"","orden":"999","portada":"0","texto_web_resaltado":"","indice":"","autores-libros":[16641],"ilustradores-libros":[17766],"traductores-libros":[18265],"fecha_de_reimpresion":"","descripcion_corta":"","recomendamos":"","mas_vendido":"","idioma-libro":"","color":false,"formato":"","mas_informacion_del_producto":false,"premios":false,"texto_enlace_cubierta":"","enlace_cubierta":false,"texto_enlace_ficha_tecnica":"","enlace_ficha_tecnica":false,"ficheros":false,"titulo-fr":"","texto-fr":""},"yoast_head":"<!-- This site is optimized with the Yoast SEO plugin v27.5 - https:\/\/yoast.com\/product\/yoast-seo-wordpress\/ -->\n<title>Yo no he sido - Editorial Juventud<\/title>\n<meta name=\"description\" content=\"Ense\u00f1ar a ser sinceros y responsables requiere tiempo y paciencia. Hay que encontrar la manera de fomentar en el ni\u00f1o el deseo de hacer lo que est\u00e1 bien,\" \/>\n<meta name=\"robots\" content=\"index, follow, max-snippet:-1, max-image-preview:large, max-video-preview:-1\" \/>\n<link rel=\"canonical\" href=\"https:\/\/www.editorialjuventud.es\/yo-no-he-sido-9788426136534\/\" \/>\n<meta property=\"og:locale\" content=\"ca_ES\" \/>\n<meta property=\"og:type\" content=\"article\" \/>\n<meta property=\"og:title\" content=\"Yo no he sido - Editorial Juventud\" \/>\n<meta property=\"og:description\" content=\"Ense\u00f1ar a ser sinceros y responsables requiere tiempo y paciencia. Hay que encontrar la manera de fomentar en el ni\u00f1o el deseo de hacer lo que est\u00e1 bien,\" \/>\n<meta property=\"og:url\" content=\"https:\/\/www.editorialjuventud.es\/yo-no-he-sido-9788426136534\/\" \/>\n<meta property=\"og:site_name\" content=\"Editorial Juventud\" \/>\n<meta property=\"article:modified_time\" content=\"2025-01-22T12:35:03+00:00\" \/>\n<meta property=\"og:image\" content=\"https:\/\/www.editorialjuventud.es\/wp-content\/uploads\/3653.jpg\" \/>\n\t<meta property=\"og:image:width\" content=\"436\" \/>\n\t<meta property=\"og:image:height\" content=\"400\" \/>\n\t<meta property=\"og:image:type\" content=\"image\/jpeg\" \/>\n<meta name=\"twitter:card\" content=\"summary_large_image\" \/>\n<meta name=\"twitter:label1\" content=\"Temps estimat de lectura\" \/>\n\t<meta name=\"twitter:data1\" content=\"1 minut\" \/>\n<script type=\"application\/ld+json\" class=\"yoast-schema-graph\">{\"@context\":\"https:\\\/\\\/schema.org\",\"@graph\":[{\"@type\":\"WebPage\",\"@id\":\"https:\\\/\\\/www.editorialjuventud.es\\\/yo-no-he-sido-9788426136534\\\/\",\"url\":\"https:\\\/\\\/www.editorialjuventud.es\\\/yo-no-he-sido-9788426136534\\\/\",\"name\":\"Yo no he sido - Editorial Juventud\",\"isPartOf\":{\"@id\":\"https:\\\/\\\/www.editorialjuventud.es\\\/#website\"},\"primaryImageOfPage\":{\"@id\":\"https:\\\/\\\/www.editorialjuventud.es\\\/yo-no-he-sido-9788426136534\\\/#primaryimage\"},\"image\":{\"@id\":\"https:\\\/\\\/www.editorialjuventud.es\\\/yo-no-he-sido-9788426136534\\\/#primaryimage\"},\"thumbnailUrl\":\"https:\\\/\\\/www.editorialjuventud.es\\\/wp-content\\\/uploads\\\/3653.jpg\",\"datePublished\":\"2018-08-24T09:01:32+00:00\",\"dateModified\":\"2025-01-22T12:35:03+00:00\",\"description\":\"Ense\u00f1ar a ser sinceros y responsables requiere tiempo y paciencia. Hay que encontrar la manera de fomentar en el ni\u00f1o el deseo de hacer lo que est\u00e1 bien,\",\"breadcrumb\":{\"@id\":\"https:\\\/\\\/www.editorialjuventud.es\\\/yo-no-he-sido-9788426136534\\\/#breadcrumb\"},\"inLanguage\":\"ca\",\"potentialAction\":[{\"@type\":\"ReadAction\",\"target\":[\"https:\\\/\\\/www.editorialjuventud.es\\\/yo-no-he-sido-9788426136534\\\/\"]}]},{\"@type\":\"ImageObject\",\"inLanguage\":\"ca\",\"@id\":\"https:\\\/\\\/www.editorialjuventud.es\\\/yo-no-he-sido-9788426136534\\\/#primaryimage\",\"url\":\"https:\\\/\\\/www.editorialjuventud.es\\\/wp-content\\\/uploads\\\/3653.jpg\",\"contentUrl\":\"https:\\\/\\\/www.editorialjuventud.es\\\/wp-content\\\/uploads\\\/3653.jpg\",\"width\":436,\"height\":400,\"caption\":\"3653.jpg\"},{\"@type\":\"BreadcrumbList\",\"@id\":\"https:\\\/\\\/www.editorialjuventud.es\\\/yo-no-he-sido-9788426136534\\\/#breadcrumb\",\"itemListElement\":[{\"@type\":\"ListItem\",\"position\":1,\"name\":\"Portada\",\"item\":\"https:\\\/\\\/www.editorialjuventud.es\\\/\"},{\"@type\":\"ListItem\",\"position\":2,\"name\":\"cat\u00e1logo\",\"item\":\"https:\\\/\\\/www.editorialjuventud.es\\\/coleccion\\\/catalogo\\\/\"},{\"@type\":\"ListItem\",\"position\":3,\"name\":\"castellano\",\"item\":\"https:\\\/\\\/www.editorialjuventud.es\\\/coleccion\\\/castellano\\\/\"},{\"@type\":\"ListItem\",\"position\":4,\"name\":\"\u00c1lbumes Ilustrados\",\"item\":\"https:\\\/\\\/www.editorialjuventud.es\\\/coleccion\\\/albumes-ilustrados\\\/\"},{\"@type\":\"ListItem\",\"position\":5,\"name\":\"Conocer y Comprender\",\"item\":\"https:\\\/\\\/www.editorialjuventud.es\\\/coleccion\\\/conocer-y-comprender\\\/\"},{\"@type\":\"ListItem\",\"position\":6,\"name\":\"Hablemos de\u2026\",\"item\":\"https:\\\/\\\/www.editorialjuventud.es\\\/ca\\\/coleccion\\\/hablemos-de\\\/\"},{\"@type\":\"ListItem\",\"position\":7,\"name\":\"Yo no he sido\"}]},{\"@type\":\"WebSite\",\"@id\":\"https:\\\/\\\/www.editorialjuventud.es\\\/#website\",\"url\":\"https:\\\/\\\/www.editorialjuventud.es\\\/\",\"name\":\"Editorial Juventud\",\"description\":\"\",\"potentialAction\":[{\"@type\":\"SearchAction\",\"target\":{\"@type\":\"EntryPoint\",\"urlTemplate\":\"https:\\\/\\\/www.editorialjuventud.es\\\/?s={search_term_string}\"},\"query-input\":{\"@type\":\"PropertyValueSpecification\",\"valueRequired\":true,\"valueName\":\"search_term_string\"}}],\"inLanguage\":\"ca\"}]}<\/script>\n<!-- \/ Yoast SEO plugin. -->","yoast_head_json":{"title":"Yo no he sido - Editorial Juventud","description":"Ense\u00f1ar a ser sinceros y responsables requiere tiempo y paciencia. Hay que encontrar la manera de fomentar en el ni\u00f1o el deseo de hacer lo que est\u00e1 bien,","robots":{"index":"index","follow":"follow","max-snippet":"max-snippet:-1","max-image-preview":"max-image-preview:large","max-video-preview":"max-video-preview:-1"},"canonical":"https:\/\/www.editorialjuventud.es\/yo-no-he-sido-9788426136534\/","og_locale":"ca_ES","og_type":"article","og_title":"Yo no he sido - Editorial Juventud","og_description":"Ense\u00f1ar a ser sinceros y responsables requiere tiempo y paciencia. Hay que encontrar la manera de fomentar en el ni\u00f1o el deseo de hacer lo que est\u00e1 bien,","og_url":"https:\/\/www.editorialjuventud.es\/yo-no-he-sido-9788426136534\/","og_site_name":"Editorial Juventud","article_modified_time":"2025-01-22T12:35:03+00:00","og_image":[{"width":436,"height":400,"url":"https:\/\/www.editorialjuventud.es\/wp-content\/uploads\/3653.jpg","type":"image\/jpeg"}],"twitter_card":"summary_large_image","twitter_misc":{"Temps estimat de lectura":"1 minut"},"schema":{"@context":"https:\/\/schema.org","@graph":[{"@type":"WebPage","@id":"https:\/\/www.editorialjuventud.es\/yo-no-he-sido-9788426136534\/","url":"https:\/\/www.editorialjuventud.es\/yo-no-he-sido-9788426136534\/","name":"Yo no he sido - Editorial Juventud","isPartOf":{"@id":"https:\/\/www.editorialjuventud.es\/#website"},"primaryImageOfPage":{"@id":"https:\/\/www.editorialjuventud.es\/yo-no-he-sido-9788426136534\/#primaryimage"},"image":{"@id":"https:\/\/www.editorialjuventud.es\/yo-no-he-sido-9788426136534\/#primaryimage"},"thumbnailUrl":"https:\/\/www.editorialjuventud.es\/wp-content\/uploads\/3653.jpg","datePublished":"2018-08-24T09:01:32+00:00","dateModified":"2025-01-22T12:35:03+00:00","description":"Ense\u00f1ar a ser sinceros y responsables requiere tiempo y paciencia. Hay que encontrar la manera de fomentar en el ni\u00f1o el deseo de hacer lo que est\u00e1 bien,","breadcrumb":{"@id":"https:\/\/www.editorialjuventud.es\/yo-no-he-sido-9788426136534\/#breadcrumb"},"inLanguage":"ca","potentialAction":[{"@type":"ReadAction","target":["https:\/\/www.editorialjuventud.es\/yo-no-he-sido-9788426136534\/"]}]},{"@type":"ImageObject","inLanguage":"ca","@id":"https:\/\/www.editorialjuventud.es\/yo-no-he-sido-9788426136534\/#primaryimage","url":"https:\/\/www.editorialjuventud.es\/wp-content\/uploads\/3653.jpg","contentUrl":"https:\/\/www.editorialjuventud.es\/wp-content\/uploads\/3653.jpg","width":436,"height":400,"caption":"3653.jpg"},{"@type":"BreadcrumbList","@id":"https:\/\/www.editorialjuventud.es\/yo-no-he-sido-9788426136534\/#breadcrumb","itemListElement":[{"@type":"ListItem","position":1,"name":"Portada","item":"https:\/\/www.editorialjuventud.es\/"},{"@type":"ListItem","position":2,"name":"cat\u00e1logo","item":"https:\/\/www.editorialjuventud.es\/coleccion\/catalogo\/"},{"@type":"ListItem","position":3,"name":"castellano","item":"https:\/\/www.editorialjuventud.es\/coleccion\/castellano\/"},{"@type":"ListItem","position":4,"name":"\u00c1lbumes Ilustrados","item":"https:\/\/www.editorialjuventud.es\/coleccion\/albumes-ilustrados\/"},{"@type":"ListItem","position":5,"name":"Conocer y Comprender","item":"https:\/\/www.editorialjuventud.es\/coleccion\/conocer-y-comprender\/"},{"@type":"ListItem","position":6,"name":"Hablemos de\u2026","item":"https:\/\/www.editorialjuventud.es\/ca\/coleccion\/hablemos-de\/"},{"@type":"ListItem","position":7,"name":"Yo no he sido"}]},{"@type":"WebSite","@id":"https:\/\/www.editorialjuventud.es\/#website","url":"https:\/\/www.editorialjuventud.es\/","name":"Editorial Juventud","description":"","potentialAction":[{"@type":"SearchAction","target":{"@type":"EntryPoint","urlTemplate":"https:\/\/www.editorialjuventud.es\/?s={search_term_string}"},"query-input":{"@type":"PropertyValueSpecification","valueRequired":true,"valueName":"search_term_string"}}],"inLanguage":"ca"}]}},"_links":{"self":[{"href":"https:\/\/www.editorialjuventud.es\/ca\/wp-json\/wp\/v2\/product\/5546","targetHints":{"allow":["GET"]}}],"collection":[{"href":"https:\/\/www.editorialjuventud.es\/ca\/wp-json\/wp\/v2\/product"}],"about":[{"href":"https:\/\/www.editorialjuventud.es\/ca\/wp-json\/wp\/v2\/types\/product"}],"wp:featuredmedia":[{"embeddable":true,"href":"https:\/\/www.editorialjuventud.es\/ca\/wp-json\/wp\/v2\/media\/10117"}],"wp:attachment":[{"href":"https:\/\/www.editorialjuventud.es\/ca\/wp-json\/wp\/v2\/media?parent=5546"}],"wp:term":[{"taxonomy":"product_brand","embeddable":true,"href":"https:\/\/www.editorialjuventud.es\/ca\/wp-json\/wp\/v2\/product_brand?post=5546"},{"taxonomy":"product_cat","embeddable":true,"href":"https:\/\/www.editorialjuventud.es\/ca\/wp-json\/wp\/v2\/product_cat?post=5546"},{"taxonomy":"product_tag","embeddable":true,"href":"https:\/\/www.editorialjuventud.es\/ca\/wp-json\/wp\/v2\/product_tag?post=5546"},{"taxonomy":"coleccion","embeddable":true,"href":"https:\/\/www.editorialjuventud.es\/ca\/wp-json\/wp\/v2\/coleccion?post=5546"}],"curies":[{"name":"wp","href":"https:\/\/api.w.org\/{rel}","templated":true}]}}