{"id":5545,"date":"2018-08-24T11:01:28","date_gmt":"2018-08-24T09:01:28","guid":{"rendered":"http:\/\/www.editorialjuventud.es\/haig-danar-a-lescola\/"},"modified":"2025-01-22T13:35:14","modified_gmt":"2025-01-22T12:35:14","slug":"haig-danar-a-lescola-9788426136527","status":"publish","type":"product","link":"https:\/\/www.editorialjuventud.es\/ca\/haig-danar-a-lescola-9788426136527\/","title":{"rendered":"Haig d&#8217;anar a l&#8217;escola?"},"content":{"rendered":"<p>Aquest llibre ajuda els nens a comprendre que l\u2019escola \u00e9s un espai on comencen a aprendre coses noves sobre el m\u00f3n m\u00e9s enll\u00e0 de la fam\u00edlia. Els infants descobriran el plaer d\u2019aprendre coses noves, con\u00e8ixer persones noves i viure noves experi\u00e8ncies.<br \/>Anar a l\u2019escola \u00e9s una gran oportunitat per a tots, per\u00f2 t\u00e9 un gran impacte per a l\u2019infant. Recordeu que els nens petits no tenen les habilitats dels adults per enfrontar-se a les coses i, per tant, necessiten una atenci\u00f3 especial extra en aquesta etapa. L\u2019escola \u00e9s una situaci\u00f3 nova, com moltes altres que l\u2019infant haur\u00e0 d\u2019afrontar al llarg de la seva vida. Els adults poden col\u00b7laborar perqu\u00e8 els nens se sentin m\u00e9s segurs, ajudant-los a descobrir amb qu\u00e8 es trobaran. <br \/>Inclou una guia per a utilitzar aquest llibre, bibliografia i recursos per a nens i adults.<\/p>\n","protected":false},"excerpt":{"rendered":"Aquest llibre ajuda els nens a comprendre que l\u2019escola \u00e9s un espai on comencen a aprendre coses noves sobre el m\u00f3n m\u00e9s enll\u00e0 de la fam\u00edlia. Els infants descobriran el plaer d\u2019aprendre coses noves, con\u00e8ixer persones noves i viure noves [&hellip;]","protected":false},"featured_media":10103,"template":"","meta":{"_acf_changed":false,"_exactmetrics_skip_tracking":false,"_exactmetrics_sitenote_active":false,"_exactmetrics_sitenote_note":"","_exactmetrics_sitenote_category":0},"product_brand":[],"product_cat":[900,1173,1123,1128],"product_tag":[],"coleccion":[1042],"class_list":{"0":"post-5545","1":"product","2":"type-product","3":"status-publish","4":"has-post-thumbnail","6":"product_cat-a-partir-de-5-anos","7":"product_cat-escuela","8":"product_cat-libros-informativos-infantil","9":"product_cat-tematica","10":"coleccion-parlem-de","12":"first","13":"outofstock","14":"taxable","15":"shipping-taxable","16":"purchasable","17":"product-type-simple"},"acf":{"autor":"Thomas - Harker","codart":"3652","ediciones":"1","encuadernacion":"Carton\u00e9","fecha_de_publicacion":"01\/01\/2010","novedad":"0","paginas":"32","subtitulo":"","texto_web_adicional":"","texto_web_novedad":"","orden":"999","portada":"0","texto_web_resaltado":"","indice":"","autores-libros":[16641],"ilustradores-libros":[17766],"traductores-libros":[17891],"fecha_de_reimpresion":"","descripcion_corta":"","recomendamos":"","mas_vendido":"","idioma-libro":"","color":false,"formato":"","mas_informacion_del_producto":false,"premios":false,"texto_enlace_cubierta":"","enlace_cubierta":false,"texto_enlace_ficha_tecnica":"","enlace_ficha_tecnica":false,"ficheros":false,"titulo-fr":"","texto-fr":""},"yoast_head":"<!-- This site is optimized with the Yoast SEO plugin v27.5 - https:\/\/yoast.com\/product\/yoast-seo-wordpress\/ -->\n<title>Haig d&#039;anar a l&#039;escola? - Editorial Juventud<\/title>\n<meta name=\"description\" content=\"Aquest llibre ajuda els nens a comprendre que l\u2019escola \u00e9s un espai on comencen a aprendre coses noves sobre el m\u00f3n m\u00e9s enll\u00e0 de la fam\u00edlia. Els infants\" \/>\n<meta name=\"robots\" content=\"index, follow, max-snippet:-1, max-image-preview:large, max-video-preview:-1\" \/>\n<link rel=\"canonical\" href=\"https:\/\/www.editorialjuventud.es\/haig-danar-a-lescola-9788426136527\/\" \/>\n<meta property=\"og:locale\" content=\"ca_ES\" \/>\n<meta property=\"og:type\" content=\"article\" \/>\n<meta property=\"og:title\" content=\"Haig d&#039;anar a l&#039;escola? - Editorial Juventud\" \/>\n<meta property=\"og:description\" content=\"Aquest llibre ajuda els nens a comprendre que l\u2019escola \u00e9s un espai on comencen a aprendre coses noves sobre el m\u00f3n m\u00e9s enll\u00e0 de la fam\u00edlia. Els infants\" \/>\n<meta property=\"og:url\" content=\"https:\/\/www.editorialjuventud.es\/haig-danar-a-lescola-9788426136527\/\" \/>\n<meta property=\"og:site_name\" content=\"Editorial Juventud\" \/>\n<meta property=\"article:modified_time\" content=\"2025-01-22T12:35:14+00:00\" \/>\n<meta property=\"og:image\" content=\"https:\/\/www.editorialjuventud.es\/wp-content\/uploads\/3652.jpg\" \/>\n\t<meta property=\"og:image:width\" content=\"446\" \/>\n\t<meta property=\"og:image:height\" content=\"400\" \/>\n\t<meta property=\"og:image:type\" content=\"image\/jpeg\" \/>\n<meta name=\"twitter:card\" content=\"summary_large_image\" \/>\n<meta name=\"twitter:label1\" content=\"Temps estimat de lectura\" \/>\n\t<meta name=\"twitter:data1\" content=\"1 minut\" \/>\n<script type=\"application\/ld+json\" class=\"yoast-schema-graph\">{\"@context\":\"https:\\\/\\\/schema.org\",\"@graph\":[{\"@type\":\"WebPage\",\"@id\":\"https:\\\/\\\/www.editorialjuventud.es\\\/haig-danar-a-lescola-9788426136527\\\/\",\"url\":\"https:\\\/\\\/www.editorialjuventud.es\\\/haig-danar-a-lescola-9788426136527\\\/\",\"name\":\"Haig d'anar a l'escola? - Editorial Juventud\",\"isPartOf\":{\"@id\":\"https:\\\/\\\/www.editorialjuventud.es\\\/#website\"},\"primaryImageOfPage\":{\"@id\":\"https:\\\/\\\/www.editorialjuventud.es\\\/haig-danar-a-lescola-9788426136527\\\/#primaryimage\"},\"image\":{\"@id\":\"https:\\\/\\\/www.editorialjuventud.es\\\/haig-danar-a-lescola-9788426136527\\\/#primaryimage\"},\"thumbnailUrl\":\"https:\\\/\\\/www.editorialjuventud.es\\\/wp-content\\\/uploads\\\/3652.jpg\",\"datePublished\":\"2018-08-24T09:01:28+00:00\",\"dateModified\":\"2025-01-22T12:35:14+00:00\",\"description\":\"Aquest llibre ajuda els nens a comprendre que l\u2019escola \u00e9s un espai on comencen a aprendre coses noves sobre el m\u00f3n m\u00e9s enll\u00e0 de la fam\u00edlia. Els infants\",\"breadcrumb\":{\"@id\":\"https:\\\/\\\/www.editorialjuventud.es\\\/haig-danar-a-lescola-9788426136527\\\/#breadcrumb\"},\"inLanguage\":\"ca\",\"potentialAction\":[{\"@type\":\"ReadAction\",\"target\":[\"https:\\\/\\\/www.editorialjuventud.es\\\/haig-danar-a-lescola-9788426136527\\\/\"]}]},{\"@type\":\"ImageObject\",\"inLanguage\":\"ca\",\"@id\":\"https:\\\/\\\/www.editorialjuventud.es\\\/haig-danar-a-lescola-9788426136527\\\/#primaryimage\",\"url\":\"https:\\\/\\\/www.editorialjuventud.es\\\/wp-content\\\/uploads\\\/3652.jpg\",\"contentUrl\":\"https:\\\/\\\/www.editorialjuventud.es\\\/wp-content\\\/uploads\\\/3652.jpg\",\"width\":446,\"height\":400,\"caption\":\"3652.jpg\"},{\"@type\":\"BreadcrumbList\",\"@id\":\"https:\\\/\\\/www.editorialjuventud.es\\\/haig-danar-a-lescola-9788426136527\\\/#breadcrumb\",\"itemListElement\":[{\"@type\":\"ListItem\",\"position\":1,\"name\":\"Portada\",\"item\":\"https:\\\/\\\/www.editorialjuventud.es\\\/\"},{\"@type\":\"ListItem\",\"position\":2,\"name\":\"cat\u00e1logo\",\"item\":\"https:\\\/\\\/www.editorialjuventud.es\\\/coleccion\\\/catalogo\\\/\"},{\"@type\":\"ListItem\",\"position\":3,\"name\":\"catal\u00e0\",\"item\":\"https:\\\/\\\/www.editorialjuventud.es\\\/coleccion\\\/catala\\\/\"},{\"@type\":\"ListItem\",\"position\":4,\"name\":\"\u00c0lbums Il\u00b7lustrats\",\"item\":\"https:\\\/\\\/www.editorialjuventud.es\\\/coleccion\\\/albums-il%c2%b7lustrats\\\/\"},{\"@type\":\"ListItem\",\"position\":5,\"name\":\"Com i Per qu\u00e8\",\"item\":\"https:\\\/\\\/www.editorialjuventud.es\\\/coleccion\\\/com-i-per-que\\\/\"},{\"@type\":\"ListItem\",\"position\":6,\"name\":\"Parlem de\u2026\",\"item\":\"https:\\\/\\\/www.editorialjuventud.es\\\/coleccion\\\/parlem-de\\\/\"},{\"@type\":\"ListItem\",\"position\":7,\"name\":\"Haig d'anar a l'escola?\"}]},{\"@type\":\"WebSite\",\"@id\":\"https:\\\/\\\/www.editorialjuventud.es\\\/#website\",\"url\":\"https:\\\/\\\/www.editorialjuventud.es\\\/\",\"name\":\"Editorial Juventud\",\"description\":\"\",\"potentialAction\":[{\"@type\":\"SearchAction\",\"target\":{\"@type\":\"EntryPoint\",\"urlTemplate\":\"https:\\\/\\\/www.editorialjuventud.es\\\/?s={search_term_string}\"},\"query-input\":{\"@type\":\"PropertyValueSpecification\",\"valueRequired\":true,\"valueName\":\"search_term_string\"}}],\"inLanguage\":\"ca\"}]}<\/script>\n<!-- \/ Yoast SEO plugin. -->","yoast_head_json":{"title":"Haig d'anar a l'escola? - Editorial Juventud","description":"Aquest llibre ajuda els nens a comprendre que l\u2019escola \u00e9s un espai on comencen a aprendre coses noves sobre el m\u00f3n m\u00e9s enll\u00e0 de la fam\u00edlia. Els infants","robots":{"index":"index","follow":"follow","max-snippet":"max-snippet:-1","max-image-preview":"max-image-preview:large","max-video-preview":"max-video-preview:-1"},"canonical":"https:\/\/www.editorialjuventud.es\/haig-danar-a-lescola-9788426136527\/","og_locale":"ca_ES","og_type":"article","og_title":"Haig d'anar a l'escola? - Editorial Juventud","og_description":"Aquest llibre ajuda els nens a comprendre que l\u2019escola \u00e9s un espai on comencen a aprendre coses noves sobre el m\u00f3n m\u00e9s enll\u00e0 de la fam\u00edlia. Els infants","og_url":"https:\/\/www.editorialjuventud.es\/haig-danar-a-lescola-9788426136527\/","og_site_name":"Editorial Juventud","article_modified_time":"2025-01-22T12:35:14+00:00","og_image":[{"width":446,"height":400,"url":"https:\/\/www.editorialjuventud.es\/wp-content\/uploads\/3652.jpg","type":"image\/jpeg"}],"twitter_card":"summary_large_image","twitter_misc":{"Temps estimat de lectura":"1 minut"},"schema":{"@context":"https:\/\/schema.org","@graph":[{"@type":"WebPage","@id":"https:\/\/www.editorialjuventud.es\/haig-danar-a-lescola-9788426136527\/","url":"https:\/\/www.editorialjuventud.es\/haig-danar-a-lescola-9788426136527\/","name":"Haig d'anar a l'escola? - Editorial Juventud","isPartOf":{"@id":"https:\/\/www.editorialjuventud.es\/#website"},"primaryImageOfPage":{"@id":"https:\/\/www.editorialjuventud.es\/haig-danar-a-lescola-9788426136527\/#primaryimage"},"image":{"@id":"https:\/\/www.editorialjuventud.es\/haig-danar-a-lescola-9788426136527\/#primaryimage"},"thumbnailUrl":"https:\/\/www.editorialjuventud.es\/wp-content\/uploads\/3652.jpg","datePublished":"2018-08-24T09:01:28+00:00","dateModified":"2025-01-22T12:35:14+00:00","description":"Aquest llibre ajuda els nens a comprendre que l\u2019escola \u00e9s un espai on comencen a aprendre coses noves sobre el m\u00f3n m\u00e9s enll\u00e0 de la fam\u00edlia. Els infants","breadcrumb":{"@id":"https:\/\/www.editorialjuventud.es\/haig-danar-a-lescola-9788426136527\/#breadcrumb"},"inLanguage":"ca","potentialAction":[{"@type":"ReadAction","target":["https:\/\/www.editorialjuventud.es\/haig-danar-a-lescola-9788426136527\/"]}]},{"@type":"ImageObject","inLanguage":"ca","@id":"https:\/\/www.editorialjuventud.es\/haig-danar-a-lescola-9788426136527\/#primaryimage","url":"https:\/\/www.editorialjuventud.es\/wp-content\/uploads\/3652.jpg","contentUrl":"https:\/\/www.editorialjuventud.es\/wp-content\/uploads\/3652.jpg","width":446,"height":400,"caption":"3652.jpg"},{"@type":"BreadcrumbList","@id":"https:\/\/www.editorialjuventud.es\/haig-danar-a-lescola-9788426136527\/#breadcrumb","itemListElement":[{"@type":"ListItem","position":1,"name":"Portada","item":"https:\/\/www.editorialjuventud.es\/"},{"@type":"ListItem","position":2,"name":"cat\u00e1logo","item":"https:\/\/www.editorialjuventud.es\/coleccion\/catalogo\/"},{"@type":"ListItem","position":3,"name":"catal\u00e0","item":"https:\/\/www.editorialjuventud.es\/coleccion\/catala\/"},{"@type":"ListItem","position":4,"name":"\u00c0lbums Il\u00b7lustrats","item":"https:\/\/www.editorialjuventud.es\/coleccion\/albums-il%c2%b7lustrats\/"},{"@type":"ListItem","position":5,"name":"Com i Per qu\u00e8","item":"https:\/\/www.editorialjuventud.es\/coleccion\/com-i-per-que\/"},{"@type":"ListItem","position":6,"name":"Parlem de\u2026","item":"https:\/\/www.editorialjuventud.es\/coleccion\/parlem-de\/"},{"@type":"ListItem","position":7,"name":"Haig d'anar a l'escola?"}]},{"@type":"WebSite","@id":"https:\/\/www.editorialjuventud.es\/#website","url":"https:\/\/www.editorialjuventud.es\/","name":"Editorial Juventud","description":"","potentialAction":[{"@type":"SearchAction","target":{"@type":"EntryPoint","urlTemplate":"https:\/\/www.editorialjuventud.es\/?s={search_term_string}"},"query-input":{"@type":"PropertyValueSpecification","valueRequired":true,"valueName":"search_term_string"}}],"inLanguage":"ca"}]}},"_links":{"self":[{"href":"https:\/\/www.editorialjuventud.es\/ca\/wp-json\/wp\/v2\/product\/5545","targetHints":{"allow":["GET"]}}],"collection":[{"href":"https:\/\/www.editorialjuventud.es\/ca\/wp-json\/wp\/v2\/product"}],"about":[{"href":"https:\/\/www.editorialjuventud.es\/ca\/wp-json\/wp\/v2\/types\/product"}],"wp:featuredmedia":[{"embeddable":true,"href":"https:\/\/www.editorialjuventud.es\/ca\/wp-json\/wp\/v2\/media\/10103"}],"wp:attachment":[{"href":"https:\/\/www.editorialjuventud.es\/ca\/wp-json\/wp\/v2\/media?parent=5545"}],"wp:term":[{"taxonomy":"product_brand","embeddable":true,"href":"https:\/\/www.editorialjuventud.es\/ca\/wp-json\/wp\/v2\/product_brand?post=5545"},{"taxonomy":"product_cat","embeddable":true,"href":"https:\/\/www.editorialjuventud.es\/ca\/wp-json\/wp\/v2\/product_cat?post=5545"},{"taxonomy":"product_tag","embeddable":true,"href":"https:\/\/www.editorialjuventud.es\/ca\/wp-json\/wp\/v2\/product_tag?post=5545"},{"taxonomy":"coleccion","embeddable":true,"href":"https:\/\/www.editorialjuventud.es\/ca\/wp-json\/wp\/v2\/coleccion?post=5545"}],"curies":[{"name":"wp","href":"https:\/\/api.w.org\/{rel}","templated":true}]}}