{"id":5534,"date":"2018-08-24T13:00:22","date_gmt":"2018-08-24T09:00:22","guid":{"rendered":"http:\/\/www.editorialjuventud.es\/mas-listos-que-el-hambre\/"},"modified":"2023-07-04T13:26:37","modified_gmt":"2023-07-04T11:26:37","slug":"mas-listos-que-el-hambre-9788426136428","status":"publish","type":"product","link":"https:\/\/www.editorialjuventud.es\/ca\/mas-listos-que-el-hambre-9788426136428\/","title":{"rendered":"M\u00e1s listos que el hambre"},"content":{"rendered":"<p>En todas las culturas encontramos relatos orales y escritos que nos hablan de los p\u00edcaros. Posiblemente est\u00e9n inspirados en personajes que de verdad existieron y que pasaron los d\u00edas busc\u00e1ndose la vida. De la adversidad nace la picard\u00eda popular que da lugar a las travesuras, estafas y diabluras de quienes luchan por salir adelante. Por eso se dice que son m\u00e1s listos que el hambre. As\u00ed lo demuestran algunas narraciones, en las que sus p\u00edcaros protagonistas van de un sitio a otro, a la buena de Dios. A veces buscan en nuevas tierras el sustento que escasea en su lugar de origen, otras simplemente vagan con ansias de libertad e independencia, en ambos casos sin resignarse a sus penurias. Eso s\u00ed, sobre todo hay una cosa que caracteriza a los cuentos recogidos en este libro: el humor. Irresistiblemente c\u00f3micos, los p\u00edcaros se consagran como personajes acreditados para provocar la carcajada. En esta recopilaci\u00f3n, el lector encontrar\u00e1 adaptaciones de los conocidos personajes p\u00edcaros como el Lazarillo de Tormes o Robin Hood pero tambi\u00e9n descubrir\u00e1 muchos otros cuentos picarescos provenientes de tradiciones m\u00e1s lejanas.<\/p>\n","protected":false},"excerpt":{"rendered":"En todas las culturas encontramos relatos orales y escritos que nos hablan de los p\u00edcaros. Posiblemente est\u00e9n inspirados en personajes que de verdad existieron y que pasaron los d\u00edas busc\u00e1ndose la vida. De la adversidad nace la picard\u00eda popular que [&hellip;]","protected":false},"featured_media":9969,"template":"","meta":{"_acf_changed":false,"_exactmetrics_skip_tracking":false,"_exactmetrics_sitenote_active":false,"_exactmetrics_sitenote_note":"","_exactmetrics_sitenote_category":0},"product_brand":[],"product_cat":[896,892,1115,1184,1289,1118,1119,1209,1128,908],"product_tag":[],"coleccion":[916,931],"class_list":{"0":"post-5534","1":"product","2":"type-product","3":"status-publish","4":"has-post-thumbnail","6":"product_cat-a-partir-de-12-anos","7":"product_cat-edades","8":"product_cat-generos","9":"product_cat-humor","10":"product_cat-leyendas-cuentos-tradicionales","11":"product_cat-literatura-clasica","12":"product_cat-narrativa-juvenil","13":"product_cat-picardia-astucia","14":"product_cat-tematica","15":"product_cat-todas-las-edades","16":"coleccion-castellano","17":"coleccion-cuentos-universales","19":"first","20":"instock","21":"taxable","22":"shipping-taxable","23":"purchasable","24":"product-type-simple"},"acf":{"autor":"MANZANO\/SOLE","codart":"3642","ediciones":"0","encuadernacion":"Geltex","fecha_de_publicacion":"01\/01\/2010","novedad":"0","paginas":"172","subtitulo":"","texto_web_adicional":"","texto_web_novedad":"","orden":"999","portada":"0","texto_web_resaltado":"","indice":"","autores-libros":[16484],"ilustradores-libros":[18184],"traductores-libros":"","descripcion_corta":"","recomendamos":"","mas_vendido":"","color":false,"formato":"","mas_informacion_del_producto":false,"premios":false,"texto_enlace_cubierta":"","enlace_cubierta":false,"texto_enlace_ficha_tecnica":"","enlace_ficha_tecnica":false,"ficheros":false,"titulo-fr":"Smart As A Whip","texto-fr":"<p><img loading=\"lazy\" decoding=\"async\" class=\"aligncenter size-full wp-image-24769\" src=\"http:\/\/www.editorialjuventud.es\/wp-content\/uploads\/12.png\" alt=\"\" width=\"43\" height=\"43\" \/><\/p>\n<p><strong>Tricksters and funny stories around the world<\/strong><\/p>\n<p>Oral and written tales about swindlersare probably inspired in real characters who lived their lives trying to earn a living. The resignation to their poverty was never an option. But if there is a thing that characterizes the tales presented in this book is humor. The swindlers are the irresistible comic characters who will make the readers laugh in all ridiculous situations. You can find adaptations of popular characters such as Lazarillo de Tormes or Robin Hood but also a wide variety of stories from different cultures.<\/p>\n<hr \/>\n<p><img loading=\"lazy\" decoding=\"async\" class=\"alignnone size-full wp-image-19200\" src=\"http:\/\/www.editorialjuventud.es\/wp-content\/uploads\/Francisco-Sol\u00e9-1.jpg\" alt=\"\" width=\"155\" height=\"147\" \/><\/p>\n<h2><strong>Francisco Sol\u00e9<\/strong><\/h2>\n<h6><\/h6>\n<p>llustrator and architect. He has worked as illustrator for spanish publishers (Anaya, Alfaguara, Santillana &#8230;) and press (El Pa\u00eds, El Mundo &#8230;), advertising agencies and film and theatral produccions by the hand of Roman Polanski or \u00c1lvaro del Amo.<\/p>\n<hr \/>\n<h5><strong><span style=\"color: #008ca9;\">\u203a\u00a0<\/span><span style=\"text-decoration: underline;\"><span style=\"color: #008ca9; text-decoration: underline;\"><a href=\"http:\/\/www.editorialjuventud.es\/wp-content\/uploads\/Ficha-FR-Smart-As-A-Whip.pdf\" target=\"_blank\" rel=\"noopener\">Fact Sheet<\/a><\/span><\/span><\/strong><\/h5>\n","idioma-libro":""},"yoast_head":"<!-- This site is optimized with the Yoast SEO plugin v27.3 - https:\/\/yoast.com\/product\/yoast-seo-wordpress\/ -->\n<title>M\u00e1s listos que el hambre - Editorial Juventud<\/title>\n<meta name=\"description\" content=\"En todas las culturas encontramos relatos orales y escritos que nos hablan de los p\u00edcaros. Posiblemente est\u00e9n inspirados en personajes que de verdad\" \/>\n<meta name=\"robots\" content=\"index, follow, max-snippet:-1, max-image-preview:large, max-video-preview:-1\" \/>\n<link rel=\"canonical\" href=\"https:\/\/www.editorialjuventud.es\/mas-listos-que-el-hambre-9788426136428\/\" \/>\n<meta property=\"og:locale\" content=\"ca_ES\" \/>\n<meta property=\"og:type\" content=\"article\" \/>\n<meta property=\"og:title\" content=\"M\u00e1s listos que el hambre - Editorial Juventud\" \/>\n<meta property=\"og:description\" content=\"En todas las culturas encontramos relatos orales y escritos que nos hablan de los p\u00edcaros. Posiblemente est\u00e9n inspirados en personajes que de verdad\" \/>\n<meta property=\"og:url\" content=\"https:\/\/www.editorialjuventud.es\/mas-listos-que-el-hambre-9788426136428\/\" \/>\n<meta property=\"og:site_name\" content=\"Editorial Juventud\" \/>\n<meta property=\"article:modified_time\" content=\"2023-07-04T11:26:37+00:00\" \/>\n<meta property=\"og:image\" content=\"https:\/\/www.editorialjuventud.es\/wp-content\/uploads\/3642.jpg\" \/>\n\t<meta property=\"og:image:width\" content=\"339\" \/>\n\t<meta property=\"og:image:height\" content=\"450\" \/>\n\t<meta property=\"og:image:type\" content=\"image\/jpeg\" \/>\n<meta name=\"twitter:card\" content=\"summary_large_image\" \/>\n<meta name=\"twitter:label1\" content=\"Temps estimat de lectura\" \/>\n\t<meta name=\"twitter:data1\" content=\"1 minut\" \/>\n<script type=\"application\/ld+json\" class=\"yoast-schema-graph\">{\"@context\":\"https:\\\/\\\/schema.org\",\"@graph\":[{\"@type\":\"WebPage\",\"@id\":\"https:\\\/\\\/www.editorialjuventud.es\\\/mas-listos-que-el-hambre-9788426136428\\\/\",\"url\":\"https:\\\/\\\/www.editorialjuventud.es\\\/mas-listos-que-el-hambre-9788426136428\\\/\",\"name\":\"M\u00e1s listos que el hambre - Editorial Juventud\",\"isPartOf\":{\"@id\":\"https:\\\/\\\/www.editorialjuventud.es\\\/#website\"},\"primaryImageOfPage\":{\"@id\":\"https:\\\/\\\/www.editorialjuventud.es\\\/mas-listos-que-el-hambre-9788426136428\\\/#primaryimage\"},\"image\":{\"@id\":\"https:\\\/\\\/www.editorialjuventud.es\\\/mas-listos-que-el-hambre-9788426136428\\\/#primaryimage\"},\"thumbnailUrl\":\"https:\\\/\\\/www.editorialjuventud.es\\\/wp-content\\\/uploads\\\/3642.jpg\",\"datePublished\":\"2018-08-24T09:00:22+00:00\",\"dateModified\":\"2023-07-04T11:26:37+00:00\",\"description\":\"En todas las culturas encontramos relatos orales y escritos que nos hablan de los p\u00edcaros. Posiblemente est\u00e9n inspirados en personajes que de verdad\",\"breadcrumb\":{\"@id\":\"https:\\\/\\\/www.editorialjuventud.es\\\/mas-listos-que-el-hambre-9788426136428\\\/#breadcrumb\"},\"inLanguage\":\"ca\",\"potentialAction\":[{\"@type\":\"ReadAction\",\"target\":[\"https:\\\/\\\/www.editorialjuventud.es\\\/mas-listos-que-el-hambre-9788426136428\\\/\"]}]},{\"@type\":\"ImageObject\",\"inLanguage\":\"ca\",\"@id\":\"https:\\\/\\\/www.editorialjuventud.es\\\/mas-listos-que-el-hambre-9788426136428\\\/#primaryimage\",\"url\":\"https:\\\/\\\/www.editorialjuventud.es\\\/wp-content\\\/uploads\\\/3642.jpg\",\"contentUrl\":\"https:\\\/\\\/www.editorialjuventud.es\\\/wp-content\\\/uploads\\\/3642.jpg\",\"width\":339,\"height\":450,\"caption\":\"3642.jpg\"},{\"@type\":\"BreadcrumbList\",\"@id\":\"https:\\\/\\\/www.editorialjuventud.es\\\/mas-listos-que-el-hambre-9788426136428\\\/#breadcrumb\",\"itemListElement\":[{\"@type\":\"ListItem\",\"position\":1,\"name\":\"Portada\",\"item\":\"https:\\\/\\\/www.editorialjuventud.es\\\/\"},{\"@type\":\"ListItem\",\"position\":2,\"name\":\"cat\u00e1logo\",\"item\":\"https:\\\/\\\/www.editorialjuventud.es\\\/coleccion\\\/catalogo\\\/\"},{\"@type\":\"ListItem\",\"position\":3,\"name\":\"castellano\",\"item\":\"https:\\\/\\\/www.editorialjuventud.es\\\/coleccion\\\/castellano\\\/\"},{\"@type\":\"ListItem\",\"position\":4,\"name\":\"Cuentos Universales\",\"item\":\"https:\\\/\\\/www.editorialjuventud.es\\\/coleccion\\\/cuentos-universales\\\/\"},{\"@type\":\"ListItem\",\"position\":5,\"name\":\"M\u00e1s listos que el hambre\"}]},{\"@type\":\"WebSite\",\"@id\":\"https:\\\/\\\/www.editorialjuventud.es\\\/#website\",\"url\":\"https:\\\/\\\/www.editorialjuventud.es\\\/\",\"name\":\"Editorial Juventud\",\"description\":\"\",\"potentialAction\":[{\"@type\":\"SearchAction\",\"target\":{\"@type\":\"EntryPoint\",\"urlTemplate\":\"https:\\\/\\\/www.editorialjuventud.es\\\/?s={search_term_string}\"},\"query-input\":{\"@type\":\"PropertyValueSpecification\",\"valueRequired\":true,\"valueName\":\"search_term_string\"}}],\"inLanguage\":\"ca\"}]}<\/script>\n<!-- \/ Yoast SEO plugin. -->","yoast_head_json":{"title":"M\u00e1s listos que el hambre - Editorial Juventud","description":"En todas las culturas encontramos relatos orales y escritos que nos hablan de los p\u00edcaros. Posiblemente est\u00e9n inspirados en personajes que de verdad","robots":{"index":"index","follow":"follow","max-snippet":"max-snippet:-1","max-image-preview":"max-image-preview:large","max-video-preview":"max-video-preview:-1"},"canonical":"https:\/\/www.editorialjuventud.es\/mas-listos-que-el-hambre-9788426136428\/","og_locale":"ca_ES","og_type":"article","og_title":"M\u00e1s listos que el hambre - Editorial Juventud","og_description":"En todas las culturas encontramos relatos orales y escritos que nos hablan de los p\u00edcaros. Posiblemente est\u00e9n inspirados en personajes que de verdad","og_url":"https:\/\/www.editorialjuventud.es\/mas-listos-que-el-hambre-9788426136428\/","og_site_name":"Editorial Juventud","article_modified_time":"2023-07-04T11:26:37+00:00","og_image":[{"width":339,"height":450,"url":"https:\/\/www.editorialjuventud.es\/wp-content\/uploads\/3642.jpg","type":"image\/jpeg"}],"twitter_card":"summary_large_image","twitter_misc":{"Temps estimat de lectura":"1 minut"},"schema":{"@context":"https:\/\/schema.org","@graph":[{"@type":"WebPage","@id":"https:\/\/www.editorialjuventud.es\/mas-listos-que-el-hambre-9788426136428\/","url":"https:\/\/www.editorialjuventud.es\/mas-listos-que-el-hambre-9788426136428\/","name":"M\u00e1s listos que el hambre - Editorial Juventud","isPartOf":{"@id":"https:\/\/www.editorialjuventud.es\/#website"},"primaryImageOfPage":{"@id":"https:\/\/www.editorialjuventud.es\/mas-listos-que-el-hambre-9788426136428\/#primaryimage"},"image":{"@id":"https:\/\/www.editorialjuventud.es\/mas-listos-que-el-hambre-9788426136428\/#primaryimage"},"thumbnailUrl":"https:\/\/www.editorialjuventud.es\/wp-content\/uploads\/3642.jpg","datePublished":"2018-08-24T09:00:22+00:00","dateModified":"2023-07-04T11:26:37+00:00","description":"En todas las culturas encontramos relatos orales y escritos que nos hablan de los p\u00edcaros. Posiblemente est\u00e9n inspirados en personajes que de verdad","breadcrumb":{"@id":"https:\/\/www.editorialjuventud.es\/mas-listos-que-el-hambre-9788426136428\/#breadcrumb"},"inLanguage":"ca","potentialAction":[{"@type":"ReadAction","target":["https:\/\/www.editorialjuventud.es\/mas-listos-que-el-hambre-9788426136428\/"]}]},{"@type":"ImageObject","inLanguage":"ca","@id":"https:\/\/www.editorialjuventud.es\/mas-listos-que-el-hambre-9788426136428\/#primaryimage","url":"https:\/\/www.editorialjuventud.es\/wp-content\/uploads\/3642.jpg","contentUrl":"https:\/\/www.editorialjuventud.es\/wp-content\/uploads\/3642.jpg","width":339,"height":450,"caption":"3642.jpg"},{"@type":"BreadcrumbList","@id":"https:\/\/www.editorialjuventud.es\/mas-listos-que-el-hambre-9788426136428\/#breadcrumb","itemListElement":[{"@type":"ListItem","position":1,"name":"Portada","item":"https:\/\/www.editorialjuventud.es\/"},{"@type":"ListItem","position":2,"name":"cat\u00e1logo","item":"https:\/\/www.editorialjuventud.es\/coleccion\/catalogo\/"},{"@type":"ListItem","position":3,"name":"castellano","item":"https:\/\/www.editorialjuventud.es\/coleccion\/castellano\/"},{"@type":"ListItem","position":4,"name":"Cuentos Universales","item":"https:\/\/www.editorialjuventud.es\/coleccion\/cuentos-universales\/"},{"@type":"ListItem","position":5,"name":"M\u00e1s listos que el hambre"}]},{"@type":"WebSite","@id":"https:\/\/www.editorialjuventud.es\/#website","url":"https:\/\/www.editorialjuventud.es\/","name":"Editorial Juventud","description":"","potentialAction":[{"@type":"SearchAction","target":{"@type":"EntryPoint","urlTemplate":"https:\/\/www.editorialjuventud.es\/?s={search_term_string}"},"query-input":{"@type":"PropertyValueSpecification","valueRequired":true,"valueName":"search_term_string"}}],"inLanguage":"ca"}]}},"_links":{"self":[{"href":"https:\/\/www.editorialjuventud.es\/ca\/wp-json\/wp\/v2\/product\/5534","targetHints":{"allow":["GET"]}}],"collection":[{"href":"https:\/\/www.editorialjuventud.es\/ca\/wp-json\/wp\/v2\/product"}],"about":[{"href":"https:\/\/www.editorialjuventud.es\/ca\/wp-json\/wp\/v2\/types\/product"}],"wp:featuredmedia":[{"embeddable":true,"href":"https:\/\/www.editorialjuventud.es\/ca\/wp-json\/wp\/v2\/media\/9969"}],"wp:attachment":[{"href":"https:\/\/www.editorialjuventud.es\/ca\/wp-json\/wp\/v2\/media?parent=5534"}],"wp:term":[{"taxonomy":"product_brand","embeddable":true,"href":"https:\/\/www.editorialjuventud.es\/ca\/wp-json\/wp\/v2\/product_brand?post=5534"},{"taxonomy":"product_cat","embeddable":true,"href":"https:\/\/www.editorialjuventud.es\/ca\/wp-json\/wp\/v2\/product_cat?post=5534"},{"taxonomy":"product_tag","embeddable":true,"href":"https:\/\/www.editorialjuventud.es\/ca\/wp-json\/wp\/v2\/product_tag?post=5534"},{"taxonomy":"coleccion","embeddable":true,"href":"https:\/\/www.editorialjuventud.es\/ca\/wp-json\/wp\/v2\/coleccion?post=5534"}],"curies":[{"name":"wp","href":"https:\/\/api.w.org\/{rel}","templated":true}]}}