{"id":5530,"date":"2018-08-24T10:59:52","date_gmt":"2018-08-24T08:59:52","guid":{"rendered":"http:\/\/www.editorialjuventud.es\/nuestro-planeta-en-peligro\/"},"modified":"2025-01-22T13:35:55","modified_gmt":"2025-01-22T12:35:55","slug":"nuestro-planeta-en-peligro-9788426136381","status":"publish","type":"product","link":"https:\/\/www.editorialjuventud.es\/ca\/nuestro-planeta-en-peligro-9788426136381\/","title":{"rendered":"Nuestro planeta en peligro"},"content":{"rendered":"<p>El clima de nuestro planeta permite a millares de seres, incluidos los hombres, vivir en su superficie. Pero su equilibrio est\u00e1 amenazado. <br \/>&#8216;Nanook, Aventura en el \u00c1rtico&#8217;, &#8216;Toco, la selva herida&#8217; y &#8216;Sathu, un para\u00edso inundado&#8217; son tres cuentos que ilustran los problemas ecol\u00f3gicos causados por el calentamiento de nuestro planeta:<br \/>En el polo Norte, Nanook, el osezno blanco, explora el mundo de la banquisa, maravilloso pero fr\u00e1gil.<br \/>En el interior de la selva amaz\u00f3nica, el hogar de Toco el tuc\u00e1n, de pronto de ve invadido por los bulld\u00f3zers.<br \/>La maravillosa isla del oc\u00e9ano Pac\u00edfico donde vive Sathu, hija de un pescador, es protegida por un arrecife de coral&#8230; Sathu ve como su escuela desaparecer\u00e1 debajo del agua.<br \/>Tres hermosas historias para sensibilizar a los ni\u00f1os ante los grandes problemas ecol\u00f3gicos actuales, que les ense\u00f1ar\u00e1 a respetar nuestro planeta y a tomar en cuenta sus fragilidades.<br \/>Este \u00e1lbum evoca la responsabilidad del hombre en la degradaci\u00f3n de los ecosistemas y las repercusiones de su negligencia que causa da\u00f1os al conjunto de los seres vivos.<br \/>Entre cada cuento, dos p\u00e1ginas documentales aportan informaci\u00f3n adicional para profundizar sus conocimientos y algunos consejos de la Fundaci\u00f3n Nicolas Hulot para realizar en casa unos &#8216;ecogestos&#8217;.<\/p>\n","protected":false},"excerpt":{"rendered":"El clima de nuestro planeta permite a millares de seres, incluidos los hombres, vivir en su superficie. Pero su equilibrio est\u00e1 amenazado. &#8216;Nanook, Aventura en el \u00c1rtico&#8217;, &#8216;Toco, la selva herida&#8217; y &#8216;Sathu, un para\u00edso inundado&#8217; son tres cuentos que [&hellip;]","protected":false},"featured_media":9929,"template":"","meta":{"_acf_changed":false,"_exactmetrics_skip_tracking":false,"_exactmetrics_sitenote_active":false,"_exactmetrics_sitenote_note":"","_exactmetrics_sitenote_category":0},"product_brand":[],"product_cat":[900,1121,1167],"product_tag":[],"coleccion":[1068],"class_list":{"0":"post-5530","1":"product","2":"type-product","3":"status-publish","4":"has-post-thumbnail","6":"product_cat-a-partir-de-5-anos","7":"product_cat-albumes-ilustrados","8":"product_cat-ecologia-medio-ambiente","9":"coleccion-en-peligro","11":"first","12":"outofstock","13":"taxable","14":"shipping-taxable","15":"purchasable","16":"product-type-simple"},"acf":{"autor":"Grant, Donald","codart":"3638","ediciones":"1","encuadernacion":"Carton\u00e9","fecha_de_publicacion":"01\/01\/2010","novedad":"0","paginas":"64","subtitulo":"","texto_web_adicional":"","texto_web_novedad":"","orden":"999","portada":"0","texto_web_resaltado":"","autores-libros":[16377],"ilustradores-libros":[16377],"traductores-libros":[58414]},"yoast_head":"<!-- This site is optimized with the Yoast SEO plugin v27.5 - https:\/\/yoast.com\/product\/yoast-seo-wordpress\/ -->\n<title>Nuestro planeta en peligro - Editorial Juventud<\/title>\n<meta name=\"description\" content=\"El clima de nuestro planeta permite a millares de seres, incluidos los hombres, vivir en su superficie. Pero su equilibrio est\u00e1 amenazado. &#039;Nanook,\" \/>\n<meta name=\"robots\" content=\"index, follow, max-snippet:-1, max-image-preview:large, max-video-preview:-1\" \/>\n<link rel=\"canonical\" href=\"https:\/\/www.editorialjuventud.es\/nuestro-planeta-en-peligro-9788426136381\/\" \/>\n<meta property=\"og:locale\" content=\"ca_ES\" \/>\n<meta property=\"og:type\" content=\"article\" \/>\n<meta property=\"og:title\" content=\"Nuestro planeta en peligro - Editorial Juventud\" \/>\n<meta property=\"og:description\" content=\"El clima de nuestro planeta permite a millares de seres, incluidos los hombres, vivir en su superficie. Pero su equilibrio est\u00e1 amenazado. &#039;Nanook,\" \/>\n<meta property=\"og:url\" content=\"https:\/\/www.editorialjuventud.es\/nuestro-planeta-en-peligro-9788426136381\/\" \/>\n<meta property=\"og:site_name\" content=\"Editorial Juventud\" \/>\n<meta property=\"article:modified_time\" content=\"2025-01-22T12:35:55+00:00\" \/>\n<meta property=\"og:image\" content=\"https:\/\/www.editorialjuventud.es\/wp-content\/uploads\/3638.jpg\" \/>\n\t<meta property=\"og:image:width\" content=\"361\" \/>\n\t<meta property=\"og:image:height\" content=\"450\" \/>\n\t<meta property=\"og:image:type\" content=\"image\/jpeg\" \/>\n<meta name=\"twitter:card\" content=\"summary_large_image\" \/>\n<meta name=\"twitter:label1\" content=\"Temps estimat de lectura\" \/>\n\t<meta name=\"twitter:data1\" content=\"1 minut\" \/>\n<script type=\"application\/ld+json\" class=\"yoast-schema-graph\">{\"@context\":\"https:\\\/\\\/schema.org\",\"@graph\":[{\"@type\":\"WebPage\",\"@id\":\"https:\\\/\\\/www.editorialjuventud.es\\\/nuestro-planeta-en-peligro-9788426136381\\\/\",\"url\":\"https:\\\/\\\/www.editorialjuventud.es\\\/nuestro-planeta-en-peligro-9788426136381\\\/\",\"name\":\"Nuestro planeta en peligro - Editorial Juventud\",\"isPartOf\":{\"@id\":\"https:\\\/\\\/www.editorialjuventud.es\\\/#website\"},\"primaryImageOfPage\":{\"@id\":\"https:\\\/\\\/www.editorialjuventud.es\\\/nuestro-planeta-en-peligro-9788426136381\\\/#primaryimage\"},\"image\":{\"@id\":\"https:\\\/\\\/www.editorialjuventud.es\\\/nuestro-planeta-en-peligro-9788426136381\\\/#primaryimage\"},\"thumbnailUrl\":\"https:\\\/\\\/www.editorialjuventud.es\\\/wp-content\\\/uploads\\\/3638.jpg\",\"datePublished\":\"2018-08-24T08:59:52+00:00\",\"dateModified\":\"2025-01-22T12:35:55+00:00\",\"description\":\"El clima de nuestro planeta permite a millares de seres, incluidos los hombres, vivir en su superficie. Pero su equilibrio est\u00e1 amenazado. 'Nanook,\",\"breadcrumb\":{\"@id\":\"https:\\\/\\\/www.editorialjuventud.es\\\/nuestro-planeta-en-peligro-9788426136381\\\/#breadcrumb\"},\"inLanguage\":\"ca\",\"potentialAction\":[{\"@type\":\"ReadAction\",\"target\":[\"https:\\\/\\\/www.editorialjuventud.es\\\/nuestro-planeta-en-peligro-9788426136381\\\/\"]}]},{\"@type\":\"ImageObject\",\"inLanguage\":\"ca\",\"@id\":\"https:\\\/\\\/www.editorialjuventud.es\\\/nuestro-planeta-en-peligro-9788426136381\\\/#primaryimage\",\"url\":\"https:\\\/\\\/www.editorialjuventud.es\\\/wp-content\\\/uploads\\\/3638.jpg\",\"contentUrl\":\"https:\\\/\\\/www.editorialjuventud.es\\\/wp-content\\\/uploads\\\/3638.jpg\",\"width\":361,\"height\":450,\"caption\":\"3638.jpg\"},{\"@type\":\"BreadcrumbList\",\"@id\":\"https:\\\/\\\/www.editorialjuventud.es\\\/nuestro-planeta-en-peligro-9788426136381\\\/#breadcrumb\",\"itemListElement\":[{\"@type\":\"ListItem\",\"position\":1,\"name\":\"Portada\",\"item\":\"https:\\\/\\\/www.editorialjuventud.es\\\/\"},{\"@type\":\"ListItem\",\"position\":2,\"name\":\"cat\u00e1logo\",\"item\":\"https:\\\/\\\/www.editorialjuventud.es\\\/coleccion\\\/catalogo\\\/\"},{\"@type\":\"ListItem\",\"position\":3,\"name\":\"castellano\",\"item\":\"https:\\\/\\\/www.editorialjuventud.es\\\/coleccion\\\/castellano\\\/\"},{\"@type\":\"ListItem\",\"position\":4,\"name\":\"\u00c1lbumes Ilustrados\",\"item\":\"https:\\\/\\\/www.editorialjuventud.es\\\/coleccion\\\/albumes-ilustrados\\\/\"},{\"@type\":\"ListItem\",\"position\":5,\"name\":\"Convivencia y Multiculturalidad\",\"item\":\"https:\\\/\\\/www.editorialjuventud.es\\\/coleccion\\\/convivencia-y-multiculturalidad\\\/\"},{\"@type\":\"ListItem\",\"position\":6,\"name\":\"En Peligro\",\"item\":\"https:\\\/\\\/www.editorialjuventud.es\\\/coleccion\\\/en-peligro\\\/\"},{\"@type\":\"ListItem\",\"position\":7,\"name\":\"Nuestro planeta en peligro\"}]},{\"@type\":\"WebSite\",\"@id\":\"https:\\\/\\\/www.editorialjuventud.es\\\/#website\",\"url\":\"https:\\\/\\\/www.editorialjuventud.es\\\/\",\"name\":\"Editorial Juventud\",\"description\":\"\",\"potentialAction\":[{\"@type\":\"SearchAction\",\"target\":{\"@type\":\"EntryPoint\",\"urlTemplate\":\"https:\\\/\\\/www.editorialjuventud.es\\\/?s={search_term_string}\"},\"query-input\":{\"@type\":\"PropertyValueSpecification\",\"valueRequired\":true,\"valueName\":\"search_term_string\"}}],\"inLanguage\":\"ca\"}]}<\/script>\n<!-- \/ Yoast SEO plugin. -->","yoast_head_json":{"title":"Nuestro planeta en peligro - Editorial Juventud","description":"El clima de nuestro planeta permite a millares de seres, incluidos los hombres, vivir en su superficie. Pero su equilibrio est\u00e1 amenazado. 'Nanook,","robots":{"index":"index","follow":"follow","max-snippet":"max-snippet:-1","max-image-preview":"max-image-preview:large","max-video-preview":"max-video-preview:-1"},"canonical":"https:\/\/www.editorialjuventud.es\/nuestro-planeta-en-peligro-9788426136381\/","og_locale":"ca_ES","og_type":"article","og_title":"Nuestro planeta en peligro - Editorial Juventud","og_description":"El clima de nuestro planeta permite a millares de seres, incluidos los hombres, vivir en su superficie. Pero su equilibrio est\u00e1 amenazado. 'Nanook,","og_url":"https:\/\/www.editorialjuventud.es\/nuestro-planeta-en-peligro-9788426136381\/","og_site_name":"Editorial Juventud","article_modified_time":"2025-01-22T12:35:55+00:00","og_image":[{"width":361,"height":450,"url":"https:\/\/www.editorialjuventud.es\/wp-content\/uploads\/3638.jpg","type":"image\/jpeg"}],"twitter_card":"summary_large_image","twitter_misc":{"Temps estimat de lectura":"1 minut"},"schema":{"@context":"https:\/\/schema.org","@graph":[{"@type":"WebPage","@id":"https:\/\/www.editorialjuventud.es\/nuestro-planeta-en-peligro-9788426136381\/","url":"https:\/\/www.editorialjuventud.es\/nuestro-planeta-en-peligro-9788426136381\/","name":"Nuestro planeta en peligro - Editorial Juventud","isPartOf":{"@id":"https:\/\/www.editorialjuventud.es\/#website"},"primaryImageOfPage":{"@id":"https:\/\/www.editorialjuventud.es\/nuestro-planeta-en-peligro-9788426136381\/#primaryimage"},"image":{"@id":"https:\/\/www.editorialjuventud.es\/nuestro-planeta-en-peligro-9788426136381\/#primaryimage"},"thumbnailUrl":"https:\/\/www.editorialjuventud.es\/wp-content\/uploads\/3638.jpg","datePublished":"2018-08-24T08:59:52+00:00","dateModified":"2025-01-22T12:35:55+00:00","description":"El clima de nuestro planeta permite a millares de seres, incluidos los hombres, vivir en su superficie. Pero su equilibrio est\u00e1 amenazado. 'Nanook,","breadcrumb":{"@id":"https:\/\/www.editorialjuventud.es\/nuestro-planeta-en-peligro-9788426136381\/#breadcrumb"},"inLanguage":"ca","potentialAction":[{"@type":"ReadAction","target":["https:\/\/www.editorialjuventud.es\/nuestro-planeta-en-peligro-9788426136381\/"]}]},{"@type":"ImageObject","inLanguage":"ca","@id":"https:\/\/www.editorialjuventud.es\/nuestro-planeta-en-peligro-9788426136381\/#primaryimage","url":"https:\/\/www.editorialjuventud.es\/wp-content\/uploads\/3638.jpg","contentUrl":"https:\/\/www.editorialjuventud.es\/wp-content\/uploads\/3638.jpg","width":361,"height":450,"caption":"3638.jpg"},{"@type":"BreadcrumbList","@id":"https:\/\/www.editorialjuventud.es\/nuestro-planeta-en-peligro-9788426136381\/#breadcrumb","itemListElement":[{"@type":"ListItem","position":1,"name":"Portada","item":"https:\/\/www.editorialjuventud.es\/"},{"@type":"ListItem","position":2,"name":"cat\u00e1logo","item":"https:\/\/www.editorialjuventud.es\/coleccion\/catalogo\/"},{"@type":"ListItem","position":3,"name":"castellano","item":"https:\/\/www.editorialjuventud.es\/coleccion\/castellano\/"},{"@type":"ListItem","position":4,"name":"\u00c1lbumes Ilustrados","item":"https:\/\/www.editorialjuventud.es\/coleccion\/albumes-ilustrados\/"},{"@type":"ListItem","position":5,"name":"Convivencia y Multiculturalidad","item":"https:\/\/www.editorialjuventud.es\/coleccion\/convivencia-y-multiculturalidad\/"},{"@type":"ListItem","position":6,"name":"En Peligro","item":"https:\/\/www.editorialjuventud.es\/coleccion\/en-peligro\/"},{"@type":"ListItem","position":7,"name":"Nuestro planeta en peligro"}]},{"@type":"WebSite","@id":"https:\/\/www.editorialjuventud.es\/#website","url":"https:\/\/www.editorialjuventud.es\/","name":"Editorial Juventud","description":"","potentialAction":[{"@type":"SearchAction","target":{"@type":"EntryPoint","urlTemplate":"https:\/\/www.editorialjuventud.es\/?s={search_term_string}"},"query-input":{"@type":"PropertyValueSpecification","valueRequired":true,"valueName":"search_term_string"}}],"inLanguage":"ca"}]}},"_links":{"self":[{"href":"https:\/\/www.editorialjuventud.es\/ca\/wp-json\/wp\/v2\/product\/5530","targetHints":{"allow":["GET"]}}],"collection":[{"href":"https:\/\/www.editorialjuventud.es\/ca\/wp-json\/wp\/v2\/product"}],"about":[{"href":"https:\/\/www.editorialjuventud.es\/ca\/wp-json\/wp\/v2\/types\/product"}],"wp:featuredmedia":[{"embeddable":true,"href":"https:\/\/www.editorialjuventud.es\/ca\/wp-json\/wp\/v2\/media\/9929"}],"wp:attachment":[{"href":"https:\/\/www.editorialjuventud.es\/ca\/wp-json\/wp\/v2\/media?parent=5530"}],"wp:term":[{"taxonomy":"product_brand","embeddable":true,"href":"https:\/\/www.editorialjuventud.es\/ca\/wp-json\/wp\/v2\/product_brand?post=5530"},{"taxonomy":"product_cat","embeddable":true,"href":"https:\/\/www.editorialjuventud.es\/ca\/wp-json\/wp\/v2\/product_cat?post=5530"},{"taxonomy":"product_tag","embeddable":true,"href":"https:\/\/www.editorialjuventud.es\/ca\/wp-json\/wp\/v2\/product_tag?post=5530"},{"taxonomy":"coleccion","embeddable":true,"href":"https:\/\/www.editorialjuventud.es\/ca\/wp-json\/wp\/v2\/coleccion?post=5530"}],"curies":[{"name":"wp","href":"https:\/\/api.w.org\/{rel}","templated":true}]}}