{"id":55236,"date":"2021-07-05T13:22:25","date_gmt":"2021-07-05T11:22:25","guid":{"rendered":"https:\/\/www.editorialjuventud.es\/la-fabrica-de-etiquetas-9788426147233\/"},"modified":"2025-04-30T11:30:13","modified_gmt":"2025-04-30T09:30:13","slug":"la-fabrica-de-etiquetas-9788426147233","status":"publish","type":"product","link":"https:\/\/www.editorialjuventud.es\/ca\/la-fabrica-de-etiquetas-9788426147233\/","title":{"rendered":"La f\u00e1brica de etiquetas"},"content":{"rendered":"<p>Un malvado brujo, un ej\u00e9rcito de cuervos y unas etiquetas que nadie se pod\u00eda quitar. Un cuento para derrotar las etiquetas. \u00bfNos ayudas a eliminarlas?<br \/>\nPoner una etiqueta es muy f\u00e1cil, pero cuesta mucho quitarla. A todos nos han puesto etiquetas, y algunos adultos todav\u00eda las arrastran&#8230;<br \/>\nLas acciones no definen qui\u00e9nes somos. Se puede tener un mal comportamiento, pero eso no significa ser malo o mala. Una etiqueta reduce lo que en realidad somos. Una palabra no puede resumir lo que eres. \u00a1T\u00fa eres mucho m\u00e1s!<br \/>\nUn libro que pone de manifiesto los efectos que tienen las etiquetas, tanto las negativas como las positivas, sobre las personas. Reivindica una infancia libre de etiquetas.<\/p>\n","protected":false},"excerpt":{"rendered":"Un malvado brujo, un ej\u00e9rcito de cuervos y unas etiquetas que nadie se pod\u00eda quitar. Un cuento para derrotar las etiquetas. \u00bfNos ayudas a eliminarlas? Poner una etiqueta es muy f\u00e1cil, pero cuesta mucho quitarla. A todos nos han puesto [&hellip;]","protected":false},"featured_media":55237,"template":"","meta":{"_acf_changed":false,"_exactmetrics_skip_tracking":false,"_exactmetrics_sitenote_active":false,"_exactmetrics_sitenote_note":"","_exactmetrics_sitenote_category":0},"product_brand":[],"product_cat":[900,1121,1141,1154,1158,1172,1212,1222,910],"product_tag":[],"coleccion":[998],"class_list":{"0":"post-55236","1":"product","2":"type-product","3":"status-publish","4":"has-post-thumbnail","6":"product_cat-a-partir-de-5-anos","7":"product_cat-albumes-ilustrados","8":"product_cat-autoestima","9":"product_cat-comunicacion","10":"product_cat-critica-social","11":"product_cat-emociones","12":"product_cat-prevencion","13":"product_cat-superacion","14":"product_cat-ultimas-novedades","15":"coleccion-para-hablar-en-familia","17":"first","18":"instock","19":"taxable","20":"shipping-taxable","21":"purchasable","22":"product-type-simple"},"acf":{"indice":"","autor":"Calle; Piquer, Emma","codart":"4723","ediciones":"2","encuadernacion":"Carton\u00e9","fecha_de_publicacion":"01\/07\/2021","fecha_de_reimpresion":"01\/02\/2023","novedad":"0","paginas":"36","subtitulo":"","texto_web_adicional":"","autores-libros":[55234],"ilustradores-libros":[55235],"texto_web_novedad":"","orden":"999","portada":"0","texto_web_resaltado":"","traductores-libros":"","descripcion_corta":"Un malvado brujo, un ej\u00e9rcito de cuervos y unas etiquetas que nadie se pod\u00eda quitar.","recomendamos":"","mas_vendido":"","idioma-libro":"","color":false,"formato":"","mas_informacion_del_producto":false,"premios":false,"deshabilitar_compra":[],"texto_enlace_cubierta":"","enlace_cubierta":{"ID":55321,"id":55321,"title":"cover MAQUETA fabrica de etiquetas.indd","filename":"La-fa\u0301brica-de-etiquetas_Cover_300px_CAST.jpg","filesize":857828,"url":"https:\/\/www.editorialjuventud.es\/wp-content\/uploads\/La-fa\u0301brica-de-etiquetas_Cover_300px_CAST.jpg","link":"https:\/\/www.editorialjuventud.es\/ca\/?attachment_id=55321","alt":"","author":"50","description":"","caption":"","name":"cover-maqueta-fabrica-de-etiquetas-indd-3","status":"inherit","uploaded_to":55236,"date":"2021-07-07 15:37:19","modified":"2021-07-07 15:37:19","menu_order":0,"mime_type":"image\/jpeg","type":"image","subtype":"jpeg","icon":"https:\/\/www.editorialjuventud.es\/wp-includes\/images\/media\/default.png","width":2250,"height":2070,"sizes":{"thumbnail":"https:\/\/www.editorialjuventud.es\/wp-content\/uploads\/La-fa\u0301brica-de-etiquetas_Cover_300px_CAST-200x200.jpg","thumbnail-width":200,"thumbnail-height":200,"medium":"https:\/\/www.editorialjuventud.es\/wp-content\/uploads\/La-fa\u0301brica-de-etiquetas_Cover_300px_CAST.jpg","medium-width":2250,"medium-height":2070,"medium_large":"https:\/\/www.editorialjuventud.es\/wp-content\/uploads\/La-fa\u0301brica-de-etiquetas_Cover_300px_CAST-768x707.jpg","medium_large-width":768,"medium_large-height":707,"large":"https:\/\/www.editorialjuventud.es\/wp-content\/uploads\/La-fa\u0301brica-de-etiquetas_Cover_300px_CAST.jpg","large-width":2250,"large-height":2070,"1536x1536":"https:\/\/www.editorialjuventud.es\/wp-content\/uploads\/La-fa\u0301brica-de-etiquetas_Cover_300px_CAST.jpg","1536x1536-width":1536,"1536x1536-height":1413,"2048x2048":"https:\/\/www.editorialjuventud.es\/wp-content\/uploads\/La-fa\u0301brica-de-etiquetas_Cover_300px_CAST.jpg","2048x2048-width":2048,"2048x2048-height":1884,"woocommerce_thumbnail":"https:\/\/www.editorialjuventud.es\/wp-content\/uploads\/La-fa\u0301brica-de-etiquetas_Cover_300px_CAST-350x322.jpg","woocommerce_thumbnail-width":350,"woocommerce_thumbnail-height":322,"woocommerce_single":"https:\/\/www.editorialjuventud.es\/wp-content\/uploads\/La-fa\u0301brica-de-etiquetas_Cover_300px_CAST-900x828.jpg","woocommerce_single-width":900,"woocommerce_single-height":828,"woocommerce_gallery_thumbnail":"https:\/\/www.editorialjuventud.es\/wp-content\/uploads\/La-fa\u0301brica-de-etiquetas_Cover_300px_CAST-100x100.jpg","woocommerce_gallery_thumbnail-width":100,"woocommerce_gallery_thumbnail-height":100,"ppec_logo_image_size":"https:\/\/www.editorialjuventud.es\/wp-content\/uploads\/La-fa\u0301brica-de-etiquetas_Cover_300px_CAST.jpg","ppec_logo_image_size-width":65,"ppec_logo_image_size-height":60,"ppec_header_image_size":"https:\/\/www.editorialjuventud.es\/wp-content\/uploads\/La-fa\u0301brica-de-etiquetas_Cover_300px_CAST.jpg","ppec_header_image_size-width":98,"ppec_header_image_size-height":90}},"texto_enlace_ficha_tecnica":"","enlace_ficha_tecnica":{"ID":55383,"id":55383,"title":"La fabrica de etiquetas_Fichas_CAST","filename":"La-fabrica-de-etiquetas_Fichas_CAST.pdf","filesize":737743,"url":"https:\/\/www.editorialjuventud.es\/wp-content\/uploads\/La-fabrica-de-etiquetas_Fichas_CAST.pdf","link":"https:\/\/www.editorialjuventud.es\/ca\/?attachment_id=55383","alt":"","author":"50","description":"","caption":"","name":"la-fabrica-de-etiquetas_fichas_cast","status":"inherit","uploaded_to":55236,"date":"2021-07-08 06:56:00","modified":"2021-07-08 06:56:00","menu_order":0,"mime_type":"application\/pdf","type":"application","subtype":"pdf","icon":"https:\/\/www.editorialjuventud.es\/wp-includes\/images\/media\/document.png"},"ficheros":false,"titulo-fr":"The fabric label","texto-fr":"<p>A wicked wizard, an army of crows and labels that no one could take away. A story to put an end to the labels. Can you help us? If you think about it, during your childhood you were also given a label. And it\u2019s very easy to put one on you but it\u2019s hard to get rid of. Whatever the label may be, negative and also the positive, they do not define who we are. However, there are still adults who follow with them all their lives.<\/p>\n<p>A story for a childhood free of labels!<\/p>\n<p>&nbsp;<\/p>\n<p><span style=\"color: #008080;\"><em>\u203a Rights sold: Brazil<\/em><\/span><\/p>\n"},"yoast_head":"<!-- This site is optimized with the Yoast SEO plugin v27.3 - https:\/\/yoast.com\/product\/yoast-seo-wordpress\/ -->\n<title>La f\u00e1brica de etiquetas - Editorial Juventud<\/title>\n<meta name=\"description\" content=\"Un malvado brujo, un ej\u00e9rcito de cuervos y unas etiquetas que nadie se pod\u00eda quitar. Un cuento para derrotar las etiquetas. \u00bfNos ayudas a eliminarlas?\" \/>\n<meta name=\"robots\" content=\"index, follow, max-snippet:-1, max-image-preview:large, max-video-preview:-1\" \/>\n<link rel=\"canonical\" href=\"https:\/\/www.editorialjuventud.es\/la-fabrica-de-etiquetas-9788426147233\/\" \/>\n<meta property=\"og:locale\" content=\"ca_ES\" \/>\n<meta property=\"og:type\" content=\"article\" \/>\n<meta property=\"og:title\" content=\"La f\u00e1brica de etiquetas - Editorial Juventud\" \/>\n<meta property=\"og:description\" content=\"Un malvado brujo, un ej\u00e9rcito de cuervos y unas etiquetas que nadie se pod\u00eda quitar. Un cuento para derrotar las etiquetas. \u00bfNos ayudas a eliminarlas?\" \/>\n<meta property=\"og:url\" content=\"https:\/\/www.editorialjuventud.es\/la-fabrica-de-etiquetas-9788426147233\/\" \/>\n<meta property=\"og:site_name\" content=\"Editorial Juventud\" \/>\n<meta property=\"article:modified_time\" content=\"2025-04-30T09:30:13+00:00\" \/>\n<meta property=\"og:image\" content=\"https:\/\/www.editorialjuventud.es\/wp-content\/uploads\/9788426147233.jpg\" \/>\n\t<meta property=\"og:image:width\" content=\"540\" \/>\n\t<meta property=\"og:image:height\" content=\"497\" \/>\n\t<meta property=\"og:image:type\" content=\"image\/jpeg\" \/>\n<meta name=\"twitter:card\" content=\"summary_large_image\" \/>\n<meta name=\"twitter:label1\" content=\"Temps estimat de lectura\" \/>\n\t<meta name=\"twitter:data1\" content=\"1 minut\" \/>\n<script type=\"application\/ld+json\" class=\"yoast-schema-graph\">{\"@context\":\"https:\\\/\\\/schema.org\",\"@graph\":[{\"@type\":\"WebPage\",\"@id\":\"https:\\\/\\\/www.editorialjuventud.es\\\/la-fabrica-de-etiquetas-9788426147233\\\/\",\"url\":\"https:\\\/\\\/www.editorialjuventud.es\\\/la-fabrica-de-etiquetas-9788426147233\\\/\",\"name\":\"La f\u00e1brica de etiquetas - Editorial Juventud\",\"isPartOf\":{\"@id\":\"https:\\\/\\\/www.editorialjuventud.es\\\/#website\"},\"primaryImageOfPage\":{\"@id\":\"https:\\\/\\\/www.editorialjuventud.es\\\/la-fabrica-de-etiquetas-9788426147233\\\/#primaryimage\"},\"image\":{\"@id\":\"https:\\\/\\\/www.editorialjuventud.es\\\/la-fabrica-de-etiquetas-9788426147233\\\/#primaryimage\"},\"thumbnailUrl\":\"https:\\\/\\\/www.editorialjuventud.es\\\/wp-content\\\/uploads\\\/9788426147233.jpg\",\"datePublished\":\"2021-07-05T11:22:25+00:00\",\"dateModified\":\"2025-04-30T09:30:13+00:00\",\"description\":\"Un malvado brujo, un ej\u00e9rcito de cuervos y unas etiquetas que nadie se pod\u00eda quitar. Un cuento para derrotar las etiquetas. \u00bfNos ayudas a eliminarlas?\",\"breadcrumb\":{\"@id\":\"https:\\\/\\\/www.editorialjuventud.es\\\/la-fabrica-de-etiquetas-9788426147233\\\/#breadcrumb\"},\"inLanguage\":\"ca\",\"potentialAction\":[{\"@type\":\"ReadAction\",\"target\":[\"https:\\\/\\\/www.editorialjuventud.es\\\/la-fabrica-de-etiquetas-9788426147233\\\/\"]}]},{\"@type\":\"ImageObject\",\"inLanguage\":\"ca\",\"@id\":\"https:\\\/\\\/www.editorialjuventud.es\\\/la-fabrica-de-etiquetas-9788426147233\\\/#primaryimage\",\"url\":\"https:\\\/\\\/www.editorialjuventud.es\\\/wp-content\\\/uploads\\\/9788426147233.jpg\",\"contentUrl\":\"https:\\\/\\\/www.editorialjuventud.es\\\/wp-content\\\/uploads\\\/9788426147233.jpg\",\"width\":540,\"height\":497,\"caption\":\"9788426147233.jpg\"},{\"@type\":\"BreadcrumbList\",\"@id\":\"https:\\\/\\\/www.editorialjuventud.es\\\/la-fabrica-de-etiquetas-9788426147233\\\/#breadcrumb\",\"itemListElement\":[{\"@type\":\"ListItem\",\"position\":1,\"name\":\"Portada\",\"item\":\"https:\\\/\\\/www.editorialjuventud.es\\\/\"},{\"@type\":\"ListItem\",\"position\":2,\"name\":\"cat\u00e1logo\",\"item\":\"https:\\\/\\\/www.editorialjuventud.es\\\/coleccion\\\/catalogo\\\/\"},{\"@type\":\"ListItem\",\"position\":3,\"name\":\"castellano\",\"item\":\"https:\\\/\\\/www.editorialjuventud.es\\\/coleccion\\\/castellano\\\/\"},{\"@type\":\"ListItem\",\"position\":4,\"name\":\"\u00c1lbumes Ilustrados\",\"item\":\"https:\\\/\\\/www.editorialjuventud.es\\\/coleccion\\\/albumes-ilustrados\\\/\"},{\"@type\":\"ListItem\",\"position\":5,\"name\":\"Para Hablar en Familia\",\"item\":\"https:\\\/\\\/www.editorialjuventud.es\\\/coleccion\\\/para-hablar-en-familia\\\/\"},{\"@type\":\"ListItem\",\"position\":6,\"name\":\"La f\u00e1brica de etiquetas\"}]},{\"@type\":\"WebSite\",\"@id\":\"https:\\\/\\\/www.editorialjuventud.es\\\/#website\",\"url\":\"https:\\\/\\\/www.editorialjuventud.es\\\/\",\"name\":\"Editorial Juventud\",\"description\":\"\",\"potentialAction\":[{\"@type\":\"SearchAction\",\"target\":{\"@type\":\"EntryPoint\",\"urlTemplate\":\"https:\\\/\\\/www.editorialjuventud.es\\\/?s={search_term_string}\"},\"query-input\":{\"@type\":\"PropertyValueSpecification\",\"valueRequired\":true,\"valueName\":\"search_term_string\"}}],\"inLanguage\":\"ca\"}]}<\/script>\n<!-- \/ Yoast SEO plugin. -->","yoast_head_json":{"title":"La f\u00e1brica de etiquetas - Editorial Juventud","description":"Un malvado brujo, un ej\u00e9rcito de cuervos y unas etiquetas que nadie se pod\u00eda quitar. Un cuento para derrotar las etiquetas. \u00bfNos ayudas a eliminarlas?","robots":{"index":"index","follow":"follow","max-snippet":"max-snippet:-1","max-image-preview":"max-image-preview:large","max-video-preview":"max-video-preview:-1"},"canonical":"https:\/\/www.editorialjuventud.es\/la-fabrica-de-etiquetas-9788426147233\/","og_locale":"ca_ES","og_type":"article","og_title":"La f\u00e1brica de etiquetas - Editorial Juventud","og_description":"Un malvado brujo, un ej\u00e9rcito de cuervos y unas etiquetas que nadie se pod\u00eda quitar. Un cuento para derrotar las etiquetas. \u00bfNos ayudas a eliminarlas?","og_url":"https:\/\/www.editorialjuventud.es\/la-fabrica-de-etiquetas-9788426147233\/","og_site_name":"Editorial Juventud","article_modified_time":"2025-04-30T09:30:13+00:00","og_image":[{"width":540,"height":497,"url":"https:\/\/www.editorialjuventud.es\/wp-content\/uploads\/9788426147233.jpg","type":"image\/jpeg"}],"twitter_card":"summary_large_image","twitter_misc":{"Temps estimat de lectura":"1 minut"},"schema":{"@context":"https:\/\/schema.org","@graph":[{"@type":"WebPage","@id":"https:\/\/www.editorialjuventud.es\/la-fabrica-de-etiquetas-9788426147233\/","url":"https:\/\/www.editorialjuventud.es\/la-fabrica-de-etiquetas-9788426147233\/","name":"La f\u00e1brica de etiquetas - Editorial Juventud","isPartOf":{"@id":"https:\/\/www.editorialjuventud.es\/#website"},"primaryImageOfPage":{"@id":"https:\/\/www.editorialjuventud.es\/la-fabrica-de-etiquetas-9788426147233\/#primaryimage"},"image":{"@id":"https:\/\/www.editorialjuventud.es\/la-fabrica-de-etiquetas-9788426147233\/#primaryimage"},"thumbnailUrl":"https:\/\/www.editorialjuventud.es\/wp-content\/uploads\/9788426147233.jpg","datePublished":"2021-07-05T11:22:25+00:00","dateModified":"2025-04-30T09:30:13+00:00","description":"Un malvado brujo, un ej\u00e9rcito de cuervos y unas etiquetas que nadie se pod\u00eda quitar. Un cuento para derrotar las etiquetas. \u00bfNos ayudas a eliminarlas?","breadcrumb":{"@id":"https:\/\/www.editorialjuventud.es\/la-fabrica-de-etiquetas-9788426147233\/#breadcrumb"},"inLanguage":"ca","potentialAction":[{"@type":"ReadAction","target":["https:\/\/www.editorialjuventud.es\/la-fabrica-de-etiquetas-9788426147233\/"]}]},{"@type":"ImageObject","inLanguage":"ca","@id":"https:\/\/www.editorialjuventud.es\/la-fabrica-de-etiquetas-9788426147233\/#primaryimage","url":"https:\/\/www.editorialjuventud.es\/wp-content\/uploads\/9788426147233.jpg","contentUrl":"https:\/\/www.editorialjuventud.es\/wp-content\/uploads\/9788426147233.jpg","width":540,"height":497,"caption":"9788426147233.jpg"},{"@type":"BreadcrumbList","@id":"https:\/\/www.editorialjuventud.es\/la-fabrica-de-etiquetas-9788426147233\/#breadcrumb","itemListElement":[{"@type":"ListItem","position":1,"name":"Portada","item":"https:\/\/www.editorialjuventud.es\/"},{"@type":"ListItem","position":2,"name":"cat\u00e1logo","item":"https:\/\/www.editorialjuventud.es\/coleccion\/catalogo\/"},{"@type":"ListItem","position":3,"name":"castellano","item":"https:\/\/www.editorialjuventud.es\/coleccion\/castellano\/"},{"@type":"ListItem","position":4,"name":"\u00c1lbumes Ilustrados","item":"https:\/\/www.editorialjuventud.es\/coleccion\/albumes-ilustrados\/"},{"@type":"ListItem","position":5,"name":"Para Hablar en Familia","item":"https:\/\/www.editorialjuventud.es\/coleccion\/para-hablar-en-familia\/"},{"@type":"ListItem","position":6,"name":"La f\u00e1brica de etiquetas"}]},{"@type":"WebSite","@id":"https:\/\/www.editorialjuventud.es\/#website","url":"https:\/\/www.editorialjuventud.es\/","name":"Editorial Juventud","description":"","potentialAction":[{"@type":"SearchAction","target":{"@type":"EntryPoint","urlTemplate":"https:\/\/www.editorialjuventud.es\/?s={search_term_string}"},"query-input":{"@type":"PropertyValueSpecification","valueRequired":true,"valueName":"search_term_string"}}],"inLanguage":"ca"}]}},"_links":{"self":[{"href":"https:\/\/www.editorialjuventud.es\/ca\/wp-json\/wp\/v2\/product\/55236","targetHints":{"allow":["GET"]}}],"collection":[{"href":"https:\/\/www.editorialjuventud.es\/ca\/wp-json\/wp\/v2\/product"}],"about":[{"href":"https:\/\/www.editorialjuventud.es\/ca\/wp-json\/wp\/v2\/types\/product"}],"wp:featuredmedia":[{"embeddable":true,"href":"https:\/\/www.editorialjuventud.es\/ca\/wp-json\/wp\/v2\/media\/55237"}],"wp:attachment":[{"href":"https:\/\/www.editorialjuventud.es\/ca\/wp-json\/wp\/v2\/media?parent=55236"}],"wp:term":[{"taxonomy":"product_brand","embeddable":true,"href":"https:\/\/www.editorialjuventud.es\/ca\/wp-json\/wp\/v2\/product_brand?post=55236"},{"taxonomy":"product_cat","embeddable":true,"href":"https:\/\/www.editorialjuventud.es\/ca\/wp-json\/wp\/v2\/product_cat?post=55236"},{"taxonomy":"product_tag","embeddable":true,"href":"https:\/\/www.editorialjuventud.es\/ca\/wp-json\/wp\/v2\/product_tag?post=55236"},{"taxonomy":"coleccion","embeddable":true,"href":"https:\/\/www.editorialjuventud.es\/ca\/wp-json\/wp\/v2\/coleccion?post=55236"}],"curies":[{"name":"wp","href":"https:\/\/api.w.org\/{rel}","templated":true}]}}