{"id":55231,"date":"2021-07-05T13:03:31","date_gmt":"2021-07-05T11:03:31","guid":{"rendered":"https:\/\/www.editorialjuventud.es\/rot-el-mes-guapo-del-mon-9788426147288\/"},"modified":"2025-01-22T12:45:35","modified_gmt":"2025-01-22T11:45:35","slug":"rot-el-mes-guapo-del-mon-9788426147288","status":"publish","type":"product","link":"https:\/\/www.editorialjuventud.es\/ca\/rot-el-mes-guapo-del-mon-9788426147288\/","title":{"rendered":"Rot, el m\u00e9s guapo del m\u00f3n!"},"content":{"rendered":"<p>El Rot \u00e9s una patata mutant que s&#8217;apunta a totes les competicions. Quan veu el r\u00e8tol del Concurs &#8216;El m\u00e9s guapo del m\u00f3n&#8217; no pot resistir-se a participar. Per\u00f2 quan s&#8217;adona de qui s\u00f3n els seus contrincants, perd la confian\u00e7a en si mateix: un conillet tot orelletes, un tendre gatet i una medusa rosa. Trobaran els jutges espai en el seu cor per a una adorable patata mutant?<\/p>\n<p>Aquest llibre toca de manera magistral temes com els c\u00e0nons de bellesa, la confian\u00e7a en un mateix o qui s\u00f3n els que jutgen o posen les normes, i \u00e9s que, a vegades, guanyar o perdre no t\u00e9 res a veure amb un mateix sin\u00f3 amb qui ens jutja. El guardonat autor de la s\u00e8rie Llibres de Narval i Medu, explica tots aquests temes d&#8217;una manera divertida, honesta i plena de sorpreses que arrencaran riallades a m\u00e9s d&#8217;un.<\/p>\n","protected":false},"excerpt":{"rendered":"El Rot \u00e9s una patata mutant que s&#8217;apunta a totes les competicions. Quan veu el r\u00e8tol del Concurs &#8216;El m\u00e9s guapo del m\u00f3n&#8217; no pot resistir-se a participar. Per\u00f2 quan s&#8217;adona de qui s\u00f3n els seus contrincants, perd la confian\u00e7a [&hellip;]","protected":false},"featured_media":55345,"template":"","meta":{"_acf_changed":false,"_exactmetrics_skip_tracking":false,"_exactmetrics_sitenote_active":false,"_exactmetrics_sitenote_note":"","_exactmetrics_sitenote_category":0},"product_brand":[],"product_cat":[900,1121,1141,1158,1184,910],"product_tag":[],"coleccion":[954],"class_list":{"0":"post-55231","1":"product","2":"type-product","3":"status-publish","4":"has-post-thumbnail","6":"product_cat-a-partir-de-5-anos","7":"product_cat-albumes-ilustrados","8":"product_cat-autoestima","9":"product_cat-critica-social","10":"product_cat-humor","11":"product_cat-ultimas-novedades","12":"coleccion-llegir-entre-rialles","14":"first","15":"instock","16":"taxable","17":"shipping-taxable","18":"purchasable","19":"product-type-simple"},"acf":{"indice":"","autor":"Clanton, Ben","codart":"4728","ediciones":"1","encuadernacion":"Carton\u00e9","fecha_de_publicacion":"01\/07\/2021","fecha_de_reimpresion":"","novedad":"0","paginas":"48","subtitulo":"","texto_web_adicional":"","autores-libros":[16284],"ilustradores-libros":[16284],"texto_web_novedad":"","orden":"999","portada":"0","texto_web_resaltado":"","traductores-libros":[51052],"descripcion_corta":"El Rot \u00e9s una patata mutant que s'apunta a totes les competicions.","recomendamos":"","mas_vendido":"","idioma-libro":"","color":false,"formato":"","mas_informacion_del_producto":false,"premios":false,"deshabilitar_compra":[],"texto_enlace_cubierta":"","enlace_cubierta":{"ID":55351,"id":55351,"title":"Exterior ROT v4 - PRINT.indd","filename":"Rot-el-me\u0301s-guapo-del-mo\u0301n_Cover_300px_CAT-2.jpg","filesize":1132606,"url":"https:\/\/www.editorialjuventud.es\/wp-content\/uploads\/Rot-el-me\u0301s-guapo-del-mo\u0301n_Cover_300px_CAT-2.jpg","link":"https:\/\/www.editorialjuventud.es\/ca\/?attachment_id=55351","alt":"","author":"50","description":"","caption":"","name":"exterior-rot-v4-print-indd-7","status":"inherit","uploaded_to":55231,"date":"2021-07-07 17:15:34","modified":"2021-07-07 17:15:34","menu_order":0,"mime_type":"image\/jpeg","type":"image","subtype":"jpeg","icon":"https:\/\/www.editorialjuventud.es\/wp-includes\/images\/media\/default.png","width":2619,"height":3361,"sizes":{"thumbnail":"https:\/\/www.editorialjuventud.es\/wp-content\/uploads\/Rot-el-me\u0301s-guapo-del-mo\u0301n_Cover_300px_CAT-2-200x200.jpg","thumbnail-width":200,"thumbnail-height":200,"medium":"https:\/\/www.editorialjuventud.es\/wp-content\/uploads\/Rot-el-me\u0301s-guapo-del-mo\u0301n_Cover_300px_CAT-2.jpg","medium-width":2619,"medium-height":3361,"medium_large":"https:\/\/www.editorialjuventud.es\/wp-content\/uploads\/Rot-el-me\u0301s-guapo-del-mo\u0301n_Cover_300px_CAT-2-768x986.jpg","medium_large-width":768,"medium_large-height":986,"large":"https:\/\/www.editorialjuventud.es\/wp-content\/uploads\/Rot-el-me\u0301s-guapo-del-mo\u0301n_Cover_300px_CAT-2.jpg","large-width":2619,"large-height":3361,"1536x1536":"https:\/\/www.editorialjuventud.es\/wp-content\/uploads\/Rot-el-me\u0301s-guapo-del-mo\u0301n_Cover_300px_CAT-2.jpg","1536x1536-width":1197,"1536x1536-height":1536,"2048x2048":"https:\/\/www.editorialjuventud.es\/wp-content\/uploads\/Rot-el-me\u0301s-guapo-del-mo\u0301n_Cover_300px_CAT-2.jpg","2048x2048-width":1596,"2048x2048-height":2048,"woocommerce_thumbnail":"https:\/\/www.editorialjuventud.es\/wp-content\/uploads\/Rot-el-me\u0301s-guapo-del-mo\u0301n_Cover_300px_CAT-2-350x449.jpg","woocommerce_thumbnail-width":350,"woocommerce_thumbnail-height":449,"woocommerce_single":"https:\/\/www.editorialjuventud.es\/wp-content\/uploads\/Rot-el-me\u0301s-guapo-del-mo\u0301n_Cover_300px_CAT-2-900x1155.jpg","woocommerce_single-width":900,"woocommerce_single-height":1155,"woocommerce_gallery_thumbnail":"https:\/\/www.editorialjuventud.es\/wp-content\/uploads\/Rot-el-me\u0301s-guapo-del-mo\u0301n_Cover_300px_CAT-2-100x100.jpg","woocommerce_gallery_thumbnail-width":100,"woocommerce_gallery_thumbnail-height":100,"ppec_logo_image_size":"https:\/\/www.editorialjuventud.es\/wp-content\/uploads\/Rot-el-me\u0301s-guapo-del-mo\u0301n_Cover_300px_CAT-2.jpg","ppec_logo_image_size-width":47,"ppec_logo_image_size-height":60,"ppec_header_image_size":"https:\/\/www.editorialjuventud.es\/wp-content\/uploads\/Rot-el-me\u0301s-guapo-del-mo\u0301n_Cover_300px_CAT-2.jpg","ppec_header_image_size-width":70,"ppec_header_image_size-height":90}},"texto_enlace_ficha_tecnica":"","enlace_ficha_tecnica":{"ID":55389,"id":55389,"title":"Rot, el me\u0301s guapo del mo\u0301n_Interior_Fitxe_CAT","filename":"Rot-el-me\u0301s-guapo-del-mo\u0301n_Interior_Fitxe_CAT.pdf","filesize":744677,"url":"https:\/\/www.editorialjuventud.es\/wp-content\/uploads\/Rot-el-me\u0301s-guapo-del-mo\u0301n_Interior_Fitxe_CAT.pdf","link":"https:\/\/www.editorialjuventud.es\/ca\/?attachment_id=55389","alt":"","author":"50","description":"","caption":"","name":"rot-el-mes-guapo-del-mon_interior_fitxe_cat","status":"inherit","uploaded_to":55231,"date":"2021-07-08 07:02:17","modified":"2021-07-08 07:02:17","menu_order":0,"mime_type":"application\/pdf","type":"application","subtype":"pdf","icon":"https:\/\/www.editorialjuventud.es\/wp-includes\/images\/media\/document.png"},"ficheros":false,"titulo-fr":"","texto-fr":""},"yoast_head":"<!-- This site is optimized with the Yoast SEO plugin v27.3 - https:\/\/yoast.com\/product\/yoast-seo-wordpress\/ -->\n<title>Rot, el m\u00e9s guapo del m\u00f3n! - Editorial Juventud<\/title>\n<meta name=\"description\" content=\"El Rot \u00e9s una patata mutant que s&#039;apunta a totes les competicions. Quan veu el r\u00e8tol del Concurs &#039;El m\u00e9s guapo del m\u00f3n&#039; no pot resistir-se a participar.\" \/>\n<meta name=\"robots\" content=\"index, follow, max-snippet:-1, max-image-preview:large, max-video-preview:-1\" \/>\n<link rel=\"canonical\" href=\"https:\/\/www.editorialjuventud.es\/rot-el-mes-guapo-del-mon-9788426147288\/\" \/>\n<meta property=\"og:locale\" content=\"ca_ES\" \/>\n<meta property=\"og:type\" content=\"article\" \/>\n<meta property=\"og:title\" content=\"Rot, el m\u00e9s guapo del m\u00f3n! - Editorial Juventud\" \/>\n<meta property=\"og:description\" content=\"El Rot \u00e9s una patata mutant que s&#039;apunta a totes les competicions. Quan veu el r\u00e8tol del Concurs &#039;El m\u00e9s guapo del m\u00f3n&#039; no pot resistir-se a participar.\" \/>\n<meta property=\"og:url\" content=\"https:\/\/www.editorialjuventud.es\/rot-el-mes-guapo-del-mon-9788426147288\/\" \/>\n<meta property=\"og:site_name\" content=\"Editorial Juventud\" \/>\n<meta property=\"article:modified_time\" content=\"2025-01-22T11:45:35+00:00\" \/>\n<meta property=\"og:image\" content=\"https:\/\/www.editorialjuventud.es\/wp-content\/uploads\/Rot-el-me\u0301s-guapo-del-mo\u0301n_Cover_72px_CAT.jpg\" \/>\n\t<meta property=\"og:image:width\" content=\"540\" \/>\n\t<meta property=\"og:image:height\" content=\"693\" \/>\n\t<meta property=\"og:image:type\" content=\"image\/jpeg\" \/>\n<meta name=\"twitter:card\" content=\"summary_large_image\" \/>\n<meta name=\"twitter:label1\" content=\"Temps estimat de lectura\" \/>\n\t<meta name=\"twitter:data1\" content=\"1 minut\" \/>\n<script type=\"application\/ld+json\" class=\"yoast-schema-graph\">{\"@context\":\"https:\\\/\\\/schema.org\",\"@graph\":[{\"@type\":\"WebPage\",\"@id\":\"https:\\\/\\\/www.editorialjuventud.es\\\/rot-el-mes-guapo-del-mon-9788426147288\\\/\",\"url\":\"https:\\\/\\\/www.editorialjuventud.es\\\/rot-el-mes-guapo-del-mon-9788426147288\\\/\",\"name\":\"Rot, el m\u00e9s guapo del m\u00f3n! - Editorial Juventud\",\"isPartOf\":{\"@id\":\"https:\\\/\\\/www.editorialjuventud.es\\\/#website\"},\"primaryImageOfPage\":{\"@id\":\"https:\\\/\\\/www.editorialjuventud.es\\\/rot-el-mes-guapo-del-mon-9788426147288\\\/#primaryimage\"},\"image\":{\"@id\":\"https:\\\/\\\/www.editorialjuventud.es\\\/rot-el-mes-guapo-del-mon-9788426147288\\\/#primaryimage\"},\"thumbnailUrl\":\"https:\\\/\\\/www.editorialjuventud.es\\\/wp-content\\\/uploads\\\/Rot-el-me\u0301s-guapo-del-mo\u0301n_Cover_72px_CAT.jpg\",\"datePublished\":\"2021-07-05T11:03:31+00:00\",\"dateModified\":\"2025-01-22T11:45:35+00:00\",\"description\":\"El Rot \u00e9s una patata mutant que s'apunta a totes les competicions. Quan veu el r\u00e8tol del Concurs 'El m\u00e9s guapo del m\u00f3n' no pot resistir-se a participar.\",\"breadcrumb\":{\"@id\":\"https:\\\/\\\/www.editorialjuventud.es\\\/rot-el-mes-guapo-del-mon-9788426147288\\\/#breadcrumb\"},\"inLanguage\":\"ca\",\"potentialAction\":[{\"@type\":\"ReadAction\",\"target\":[\"https:\\\/\\\/www.editorialjuventud.es\\\/rot-el-mes-guapo-del-mon-9788426147288\\\/\"]}]},{\"@type\":\"ImageObject\",\"inLanguage\":\"ca\",\"@id\":\"https:\\\/\\\/www.editorialjuventud.es\\\/rot-el-mes-guapo-del-mon-9788426147288\\\/#primaryimage\",\"url\":\"https:\\\/\\\/www.editorialjuventud.es\\\/wp-content\\\/uploads\\\/Rot-el-me\u0301s-guapo-del-mo\u0301n_Cover_72px_CAT.jpg\",\"contentUrl\":\"https:\\\/\\\/www.editorialjuventud.es\\\/wp-content\\\/uploads\\\/Rot-el-me\u0301s-guapo-del-mo\u0301n_Cover_72px_CAT.jpg\",\"width\":540,\"height\":693},{\"@type\":\"BreadcrumbList\",\"@id\":\"https:\\\/\\\/www.editorialjuventud.es\\\/rot-el-mes-guapo-del-mon-9788426147288\\\/#breadcrumb\",\"itemListElement\":[{\"@type\":\"ListItem\",\"position\":1,\"name\":\"Portada\",\"item\":\"https:\\\/\\\/www.editorialjuventud.es\\\/\"},{\"@type\":\"ListItem\",\"position\":2,\"name\":\"cat\u00e1logo\",\"item\":\"https:\\\/\\\/www.editorialjuventud.es\\\/coleccion\\\/catalogo\\\/\"},{\"@type\":\"ListItem\",\"position\":3,\"name\":\"catal\u00e0\",\"item\":\"https:\\\/\\\/www.editorialjuventud.es\\\/coleccion\\\/catala\\\/\"},{\"@type\":\"ListItem\",\"position\":4,\"name\":\"\u00c0lbums Il\u00b7lustrats\",\"item\":\"https:\\\/\\\/www.editorialjuventud.es\\\/coleccion\\\/albums-il%c2%b7lustrats\\\/\"},{\"@type\":\"ListItem\",\"position\":5,\"name\":\"Llegir entre Rialles\",\"item\":\"https:\\\/\\\/www.editorialjuventud.es\\\/coleccion\\\/llegir-entre-rialles\\\/\"},{\"@type\":\"ListItem\",\"position\":6,\"name\":\"Rot, el m\u00e9s guapo del m\u00f3n!\"}]},{\"@type\":\"WebSite\",\"@id\":\"https:\\\/\\\/www.editorialjuventud.es\\\/#website\",\"url\":\"https:\\\/\\\/www.editorialjuventud.es\\\/\",\"name\":\"Editorial Juventud\",\"description\":\"\",\"potentialAction\":[{\"@type\":\"SearchAction\",\"target\":{\"@type\":\"EntryPoint\",\"urlTemplate\":\"https:\\\/\\\/www.editorialjuventud.es\\\/?s={search_term_string}\"},\"query-input\":{\"@type\":\"PropertyValueSpecification\",\"valueRequired\":true,\"valueName\":\"search_term_string\"}}],\"inLanguage\":\"ca\"}]}<\/script>\n<!-- \/ Yoast SEO plugin. -->","yoast_head_json":{"title":"Rot, el m\u00e9s guapo del m\u00f3n! - Editorial Juventud","description":"El Rot \u00e9s una patata mutant que s'apunta a totes les competicions. Quan veu el r\u00e8tol del Concurs 'El m\u00e9s guapo del m\u00f3n' no pot resistir-se a participar.","robots":{"index":"index","follow":"follow","max-snippet":"max-snippet:-1","max-image-preview":"max-image-preview:large","max-video-preview":"max-video-preview:-1"},"canonical":"https:\/\/www.editorialjuventud.es\/rot-el-mes-guapo-del-mon-9788426147288\/","og_locale":"ca_ES","og_type":"article","og_title":"Rot, el m\u00e9s guapo del m\u00f3n! - Editorial Juventud","og_description":"El Rot \u00e9s una patata mutant que s'apunta a totes les competicions. Quan veu el r\u00e8tol del Concurs 'El m\u00e9s guapo del m\u00f3n' no pot resistir-se a participar.","og_url":"https:\/\/www.editorialjuventud.es\/rot-el-mes-guapo-del-mon-9788426147288\/","og_site_name":"Editorial Juventud","article_modified_time":"2025-01-22T11:45:35+00:00","og_image":[{"width":540,"height":693,"url":"https:\/\/www.editorialjuventud.es\/wp-content\/uploads\/Rot-el-me\u0301s-guapo-del-mo\u0301n_Cover_72px_CAT.jpg","type":"image\/jpeg"}],"twitter_card":"summary_large_image","twitter_misc":{"Temps estimat de lectura":"1 minut"},"schema":{"@context":"https:\/\/schema.org","@graph":[{"@type":"WebPage","@id":"https:\/\/www.editorialjuventud.es\/rot-el-mes-guapo-del-mon-9788426147288\/","url":"https:\/\/www.editorialjuventud.es\/rot-el-mes-guapo-del-mon-9788426147288\/","name":"Rot, el m\u00e9s guapo del m\u00f3n! - Editorial Juventud","isPartOf":{"@id":"https:\/\/www.editorialjuventud.es\/#website"},"primaryImageOfPage":{"@id":"https:\/\/www.editorialjuventud.es\/rot-el-mes-guapo-del-mon-9788426147288\/#primaryimage"},"image":{"@id":"https:\/\/www.editorialjuventud.es\/rot-el-mes-guapo-del-mon-9788426147288\/#primaryimage"},"thumbnailUrl":"https:\/\/www.editorialjuventud.es\/wp-content\/uploads\/Rot-el-me\u0301s-guapo-del-mo\u0301n_Cover_72px_CAT.jpg","datePublished":"2021-07-05T11:03:31+00:00","dateModified":"2025-01-22T11:45:35+00:00","description":"El Rot \u00e9s una patata mutant que s'apunta a totes les competicions. Quan veu el r\u00e8tol del Concurs 'El m\u00e9s guapo del m\u00f3n' no pot resistir-se a participar.","breadcrumb":{"@id":"https:\/\/www.editorialjuventud.es\/rot-el-mes-guapo-del-mon-9788426147288\/#breadcrumb"},"inLanguage":"ca","potentialAction":[{"@type":"ReadAction","target":["https:\/\/www.editorialjuventud.es\/rot-el-mes-guapo-del-mon-9788426147288\/"]}]},{"@type":"ImageObject","inLanguage":"ca","@id":"https:\/\/www.editorialjuventud.es\/rot-el-mes-guapo-del-mon-9788426147288\/#primaryimage","url":"https:\/\/www.editorialjuventud.es\/wp-content\/uploads\/Rot-el-me\u0301s-guapo-del-mo\u0301n_Cover_72px_CAT.jpg","contentUrl":"https:\/\/www.editorialjuventud.es\/wp-content\/uploads\/Rot-el-me\u0301s-guapo-del-mo\u0301n_Cover_72px_CAT.jpg","width":540,"height":693},{"@type":"BreadcrumbList","@id":"https:\/\/www.editorialjuventud.es\/rot-el-mes-guapo-del-mon-9788426147288\/#breadcrumb","itemListElement":[{"@type":"ListItem","position":1,"name":"Portada","item":"https:\/\/www.editorialjuventud.es\/"},{"@type":"ListItem","position":2,"name":"cat\u00e1logo","item":"https:\/\/www.editorialjuventud.es\/coleccion\/catalogo\/"},{"@type":"ListItem","position":3,"name":"catal\u00e0","item":"https:\/\/www.editorialjuventud.es\/coleccion\/catala\/"},{"@type":"ListItem","position":4,"name":"\u00c0lbums Il\u00b7lustrats","item":"https:\/\/www.editorialjuventud.es\/coleccion\/albums-il%c2%b7lustrats\/"},{"@type":"ListItem","position":5,"name":"Llegir entre Rialles","item":"https:\/\/www.editorialjuventud.es\/coleccion\/llegir-entre-rialles\/"},{"@type":"ListItem","position":6,"name":"Rot, el m\u00e9s guapo del m\u00f3n!"}]},{"@type":"WebSite","@id":"https:\/\/www.editorialjuventud.es\/#website","url":"https:\/\/www.editorialjuventud.es\/","name":"Editorial Juventud","description":"","potentialAction":[{"@type":"SearchAction","target":{"@type":"EntryPoint","urlTemplate":"https:\/\/www.editorialjuventud.es\/?s={search_term_string}"},"query-input":{"@type":"PropertyValueSpecification","valueRequired":true,"valueName":"search_term_string"}}],"inLanguage":"ca"}]}},"_links":{"self":[{"href":"https:\/\/www.editorialjuventud.es\/ca\/wp-json\/wp\/v2\/product\/55231","targetHints":{"allow":["GET"]}}],"collection":[{"href":"https:\/\/www.editorialjuventud.es\/ca\/wp-json\/wp\/v2\/product"}],"about":[{"href":"https:\/\/www.editorialjuventud.es\/ca\/wp-json\/wp\/v2\/types\/product"}],"wp:featuredmedia":[{"embeddable":true,"href":"https:\/\/www.editorialjuventud.es\/ca\/wp-json\/wp\/v2\/media\/55345"}],"wp:attachment":[{"href":"https:\/\/www.editorialjuventud.es\/ca\/wp-json\/wp\/v2\/media?parent=55231"}],"wp:term":[{"taxonomy":"product_brand","embeddable":true,"href":"https:\/\/www.editorialjuventud.es\/ca\/wp-json\/wp\/v2\/product_brand?post=55231"},{"taxonomy":"product_cat","embeddable":true,"href":"https:\/\/www.editorialjuventud.es\/ca\/wp-json\/wp\/v2\/product_cat?post=55231"},{"taxonomy":"product_tag","embeddable":true,"href":"https:\/\/www.editorialjuventud.es\/ca\/wp-json\/wp\/v2\/product_tag?post=55231"},{"taxonomy":"coleccion","embeddable":true,"href":"https:\/\/www.editorialjuventud.es\/ca\/wp-json\/wp\/v2\/coleccion?post=55231"}],"curies":[{"name":"wp","href":"https:\/\/api.w.org\/{rel}","templated":true}]}}