{"id":55228,"date":"2021-07-05T12:56:26","date_gmt":"2021-07-05T10:56:26","guid":{"rendered":"https:\/\/www.editorialjuventud.es\/rot-el-mas-guapo-del-mundo-9788426147271\/"},"modified":"2025-01-22T12:45:29","modified_gmt":"2025-01-22T11:45:29","slug":"rot-el-mas-guapo-del-mundo-9788426147271","status":"publish","type":"product","link":"https:\/\/www.editorialjuventud.es\/ca\/rot-el-mas-guapo-del-mundo-9788426147271\/","title":{"rendered":"Rot, \u00a1el m\u00e1s guapo del mundo!"},"content":{"rendered":"<p>Rot es una patata mutante a quien le encantan todo tipo de juegos y concursos. Cuando ve el letrero del Concurso &#8216;El m\u00e1s guapo del mundo&#8217; no puede resistirse a participar. Pero cuando se da cuenta de qui\u00e9nes son sus contrincantes, pierde la confianza en s\u00ed mismo: un conejito muy mono, un gatito peludito y una medusa rosa y alegre. \u00bfEncontrar\u00e1n los jueces espacio en su coraz\u00f3n para una adorable patata mutante?<\/p>\n<p>Este libro toca de manera magistral temas como los c\u00e1nones de belleza, la confianza en uno mismo o qui\u00e9nes son los que juzgan o ponen las normas, y es que, a veces, ganar o perder no tiene nada que ver con uno mismo, sino con quien nos juzga. El galardonado autor de la serie Libros de Narval y Medu, explica todos estos temas de una manera divertida, honesta y llena de sorpresas que arrancar\u00e1n carcajadas a m\u00e1s de uno.<\/p>\n","protected":false},"excerpt":{"rendered":"Rot es una patata mutante a quien le encantan todo tipo de juegos y concursos. Cuando ve el letrero del Concurso &#8216;El m\u00e1s guapo del mundo&#8217; no puede resistirse a participar. Pero cuando se da cuenta de qui\u00e9nes son sus [&hellip;]","protected":false},"featured_media":55325,"template":"","meta":{"_acf_changed":false,"_exactmetrics_skip_tracking":false,"_exactmetrics_sitenote_active":false,"_exactmetrics_sitenote_note":"","_exactmetrics_sitenote_category":0},"product_brand":[],"product_cat":[900,1121,1141,1158,1184,910],"product_tag":[],"coleccion":[993],"class_list":{"0":"post-55228","1":"product","2":"type-product","3":"status-publish","4":"has-post-thumbnail","6":"product_cat-a-partir-de-5-anos","7":"product_cat-albumes-ilustrados","8":"product_cat-autoestima","9":"product_cat-critica-social","10":"product_cat-humor","11":"product_cat-ultimas-novedades","12":"coleccion-leer-entre-risas","14":"first","15":"instock","16":"taxable","17":"shipping-taxable","18":"purchasable","19":"product-type-simple"},"acf":{"indice":"","autor":"Clanton, Ben","codart":"4727","ediciones":"2","encuadernacion":"Carton\u00e9","fecha_de_publicacion":"01\/07\/2021","fecha_de_reimpresion":"01\/06\/2022","novedad":"0","paginas":"48","subtitulo":"","texto_web_adicional":"","autores-libros":[16284],"ilustradores-libros":[16284],"texto_web_novedad":"","orden":"999","portada":"0","texto_web_resaltado":"","traductores-libros":[51052],"descripcion_corta":"Rot es una patata mutante a quien le encantan todo tipo de juegos y concursos.","recomendamos":"","mas_vendido":"","idioma-libro":"","color":false,"formato":"","mas_informacion_del_producto":false,"premios":false,"deshabilitar_compra":[],"texto_enlace_cubierta":"","enlace_cubierta":{"ID":55363,"id":55363,"title":"Exterior ROT v4 - PRINT.indd","filename":"Rotel-mas-guapo-de-mundo_Cover_300px_CAST-1.jpg","filesize":1136926,"url":"https:\/\/www.editorialjuventud.es\/wp-content\/uploads\/Rotel-mas-guapo-de-mundo_Cover_300px_CAST-1.jpg","link":"https:\/\/www.editorialjuventud.es\/ca\/?attachment_id=55363","alt":"","author":"50","description":"","caption":"","name":"exterior-rot-v4-print-indd-8","status":"inherit","uploaded_to":55228,"date":"2021-07-07 17:25:53","modified":"2021-07-07 17:25:53","menu_order":0,"mime_type":"image\/jpeg","type":"image","subtype":"jpeg","icon":"https:\/\/www.editorialjuventud.es\/wp-includes\/images\/media\/default.png","width":2620,"height":3363,"sizes":{"thumbnail":"https:\/\/www.editorialjuventud.es\/wp-content\/uploads\/Rotel-mas-guapo-de-mundo_Cover_300px_CAST-1-200x200.jpg","thumbnail-width":200,"thumbnail-height":200,"medium":"https:\/\/www.editorialjuventud.es\/wp-content\/uploads\/Rotel-mas-guapo-de-mundo_Cover_300px_CAST-1.jpg","medium-width":2620,"medium-height":3363,"medium_large":"https:\/\/www.editorialjuventud.es\/wp-content\/uploads\/Rotel-mas-guapo-de-mundo_Cover_300px_CAST-1-768x986.jpg","medium_large-width":768,"medium_large-height":986,"large":"https:\/\/www.editorialjuventud.es\/wp-content\/uploads\/Rotel-mas-guapo-de-mundo_Cover_300px_CAST-1.jpg","large-width":2620,"large-height":3363,"1536x1536":"https:\/\/www.editorialjuventud.es\/wp-content\/uploads\/Rotel-mas-guapo-de-mundo_Cover_300px_CAST-1.jpg","1536x1536-width":1197,"1536x1536-height":1536,"2048x2048":"https:\/\/www.editorialjuventud.es\/wp-content\/uploads\/Rotel-mas-guapo-de-mundo_Cover_300px_CAST-1.jpg","2048x2048-width":1596,"2048x2048-height":2048,"woocommerce_thumbnail":"https:\/\/www.editorialjuventud.es\/wp-content\/uploads\/Rotel-mas-guapo-de-mundo_Cover_300px_CAST-1-350x449.jpg","woocommerce_thumbnail-width":350,"woocommerce_thumbnail-height":449,"woocommerce_single":"https:\/\/www.editorialjuventud.es\/wp-content\/uploads\/Rotel-mas-guapo-de-mundo_Cover_300px_CAST-1-900x1155.jpg","woocommerce_single-width":900,"woocommerce_single-height":1155,"woocommerce_gallery_thumbnail":"https:\/\/www.editorialjuventud.es\/wp-content\/uploads\/Rotel-mas-guapo-de-mundo_Cover_300px_CAST-1-100x100.jpg","woocommerce_gallery_thumbnail-width":100,"woocommerce_gallery_thumbnail-height":100,"ppec_logo_image_size":"https:\/\/www.editorialjuventud.es\/wp-content\/uploads\/Rotel-mas-guapo-de-mundo_Cover_300px_CAST-1.jpg","ppec_logo_image_size-width":47,"ppec_logo_image_size-height":60,"ppec_header_image_size":"https:\/\/www.editorialjuventud.es\/wp-content\/uploads\/Rotel-mas-guapo-de-mundo_Cover_300px_CAST-1.jpg","ppec_header_image_size-width":70,"ppec_header_image_size-height":90}},"texto_enlace_ficha_tecnica":"","enlace_ficha_tecnica":{"ID":55385,"id":55385,"title":"Rot,el mas guapo de mundo_Fichas_CAST","filename":"Rotel-mas-guapo-de-mundo_Fichas_CAST.pdf","filesize":752196,"url":"https:\/\/www.editorialjuventud.es\/wp-content\/uploads\/Rotel-mas-guapo-de-mundo_Fichas_CAST.pdf","link":"https:\/\/www.editorialjuventud.es\/ca\/?attachment_id=55385","alt":"","author":"50","description":"","caption":"","name":"rotel-mas-guapo-de-mundo_fichas_cast","status":"inherit","uploaded_to":55228,"date":"2021-07-08 06:57:11","modified":"2021-07-08 06:57:11","menu_order":0,"mime_type":"application\/pdf","type":"application","subtype":"pdf","icon":"https:\/\/www.editorialjuventud.es\/wp-includes\/images\/media\/document.png"},"ficheros":false,"titulo-fr":"","texto-fr":""},"yoast_head":"<!-- This site is optimized with the Yoast SEO plugin v27.5 - https:\/\/yoast.com\/product\/yoast-seo-wordpress\/ -->\n<title>Rot, \u00a1el m\u00e1s guapo del mundo! - Editorial Juventud<\/title>\n<meta name=\"description\" content=\"Rot es una patata mutante a quien le encantan todo tipo de juegos y concursos. Cuando ve el letrero del Concurso &#039;El m\u00e1s guapo del mundo&#039; no puede\" \/>\n<meta name=\"robots\" content=\"index, follow, max-snippet:-1, max-image-preview:large, max-video-preview:-1\" \/>\n<link rel=\"canonical\" href=\"https:\/\/www.editorialjuventud.es\/rot-el-mas-guapo-del-mundo-9788426147271\/\" \/>\n<meta property=\"og:locale\" content=\"ca_ES\" \/>\n<meta property=\"og:type\" content=\"article\" \/>\n<meta property=\"og:title\" content=\"Rot, \u00a1el m\u00e1s guapo del mundo! - Editorial Juventud\" \/>\n<meta property=\"og:description\" content=\"Rot es una patata mutante a quien le encantan todo tipo de juegos y concursos. Cuando ve el letrero del Concurso &#039;El m\u00e1s guapo del mundo&#039; no puede\" \/>\n<meta property=\"og:url\" content=\"https:\/\/www.editorialjuventud.es\/rot-el-mas-guapo-del-mundo-9788426147271\/\" \/>\n<meta property=\"og:site_name\" content=\"Editorial Juventud\" \/>\n<meta property=\"article:modified_time\" content=\"2025-01-22T11:45:29+00:00\" \/>\n<meta property=\"og:image\" content=\"https:\/\/www.editorialjuventud.es\/wp-content\/uploads\/Rotel-mas-guapo-de-mundo_Cover_72px_CAST.jpg\" \/>\n\t<meta property=\"og:image:width\" content=\"540\" \/>\n\t<meta property=\"og:image:height\" content=\"693\" \/>\n\t<meta property=\"og:image:type\" content=\"image\/jpeg\" \/>\n<meta name=\"twitter:card\" content=\"summary_large_image\" \/>\n<meta name=\"twitter:label1\" content=\"Temps estimat de lectura\" \/>\n\t<meta name=\"twitter:data1\" content=\"1 minut\" \/>\n<script type=\"application\/ld+json\" class=\"yoast-schema-graph\">{\"@context\":\"https:\\\/\\\/schema.org\",\"@graph\":[{\"@type\":\"WebPage\",\"@id\":\"https:\\\/\\\/www.editorialjuventud.es\\\/rot-el-mas-guapo-del-mundo-9788426147271\\\/\",\"url\":\"https:\\\/\\\/www.editorialjuventud.es\\\/rot-el-mas-guapo-del-mundo-9788426147271\\\/\",\"name\":\"Rot, \u00a1el m\u00e1s guapo del mundo! - Editorial Juventud\",\"isPartOf\":{\"@id\":\"https:\\\/\\\/www.editorialjuventud.es\\\/#website\"},\"primaryImageOfPage\":{\"@id\":\"https:\\\/\\\/www.editorialjuventud.es\\\/rot-el-mas-guapo-del-mundo-9788426147271\\\/#primaryimage\"},\"image\":{\"@id\":\"https:\\\/\\\/www.editorialjuventud.es\\\/rot-el-mas-guapo-del-mundo-9788426147271\\\/#primaryimage\"},\"thumbnailUrl\":\"https:\\\/\\\/www.editorialjuventud.es\\\/wp-content\\\/uploads\\\/Rotel-mas-guapo-de-mundo_Cover_72px_CAST.jpg\",\"datePublished\":\"2021-07-05T10:56:26+00:00\",\"dateModified\":\"2025-01-22T11:45:29+00:00\",\"description\":\"Rot es una patata mutante a quien le encantan todo tipo de juegos y concursos. Cuando ve el letrero del Concurso 'El m\u00e1s guapo del mundo' no puede\",\"breadcrumb\":{\"@id\":\"https:\\\/\\\/www.editorialjuventud.es\\\/rot-el-mas-guapo-del-mundo-9788426147271\\\/#breadcrumb\"},\"inLanguage\":\"ca\",\"potentialAction\":[{\"@type\":\"ReadAction\",\"target\":[\"https:\\\/\\\/www.editorialjuventud.es\\\/rot-el-mas-guapo-del-mundo-9788426147271\\\/\"]}]},{\"@type\":\"ImageObject\",\"inLanguage\":\"ca\",\"@id\":\"https:\\\/\\\/www.editorialjuventud.es\\\/rot-el-mas-guapo-del-mundo-9788426147271\\\/#primaryimage\",\"url\":\"https:\\\/\\\/www.editorialjuventud.es\\\/wp-content\\\/uploads\\\/Rotel-mas-guapo-de-mundo_Cover_72px_CAST.jpg\",\"contentUrl\":\"https:\\\/\\\/www.editorialjuventud.es\\\/wp-content\\\/uploads\\\/Rotel-mas-guapo-de-mundo_Cover_72px_CAST.jpg\",\"width\":540,\"height\":693},{\"@type\":\"BreadcrumbList\",\"@id\":\"https:\\\/\\\/www.editorialjuventud.es\\\/rot-el-mas-guapo-del-mundo-9788426147271\\\/#breadcrumb\",\"itemListElement\":[{\"@type\":\"ListItem\",\"position\":1,\"name\":\"Portada\",\"item\":\"https:\\\/\\\/www.editorialjuventud.es\\\/\"},{\"@type\":\"ListItem\",\"position\":2,\"name\":\"cat\u00e1logo\",\"item\":\"https:\\\/\\\/www.editorialjuventud.es\\\/coleccion\\\/catalogo\\\/\"},{\"@type\":\"ListItem\",\"position\":3,\"name\":\"castellano\",\"item\":\"https:\\\/\\\/www.editorialjuventud.es\\\/coleccion\\\/castellano\\\/\"},{\"@type\":\"ListItem\",\"position\":4,\"name\":\"\u00c1lbumes Ilustrados\",\"item\":\"https:\\\/\\\/www.editorialjuventud.es\\\/coleccion\\\/albumes-ilustrados\\\/\"},{\"@type\":\"ListItem\",\"position\":5,\"name\":\"Leer entre Risas\",\"item\":\"https:\\\/\\\/www.editorialjuventud.es\\\/coleccion\\\/leer-entre-risas\\\/\"},{\"@type\":\"ListItem\",\"position\":6,\"name\":\"Rot, \u00a1el m\u00e1s guapo del mundo!\"}]},{\"@type\":\"WebSite\",\"@id\":\"https:\\\/\\\/www.editorialjuventud.es\\\/#website\",\"url\":\"https:\\\/\\\/www.editorialjuventud.es\\\/\",\"name\":\"Editorial Juventud\",\"description\":\"\",\"potentialAction\":[{\"@type\":\"SearchAction\",\"target\":{\"@type\":\"EntryPoint\",\"urlTemplate\":\"https:\\\/\\\/www.editorialjuventud.es\\\/?s={search_term_string}\"},\"query-input\":{\"@type\":\"PropertyValueSpecification\",\"valueRequired\":true,\"valueName\":\"search_term_string\"}}],\"inLanguage\":\"ca\"}]}<\/script>\n<!-- \/ Yoast SEO plugin. -->","yoast_head_json":{"title":"Rot, \u00a1el m\u00e1s guapo del mundo! - Editorial Juventud","description":"Rot es una patata mutante a quien le encantan todo tipo de juegos y concursos. Cuando ve el letrero del Concurso 'El m\u00e1s guapo del mundo' no puede","robots":{"index":"index","follow":"follow","max-snippet":"max-snippet:-1","max-image-preview":"max-image-preview:large","max-video-preview":"max-video-preview:-1"},"canonical":"https:\/\/www.editorialjuventud.es\/rot-el-mas-guapo-del-mundo-9788426147271\/","og_locale":"ca_ES","og_type":"article","og_title":"Rot, \u00a1el m\u00e1s guapo del mundo! - Editorial Juventud","og_description":"Rot es una patata mutante a quien le encantan todo tipo de juegos y concursos. Cuando ve el letrero del Concurso 'El m\u00e1s guapo del mundo' no puede","og_url":"https:\/\/www.editorialjuventud.es\/rot-el-mas-guapo-del-mundo-9788426147271\/","og_site_name":"Editorial Juventud","article_modified_time":"2025-01-22T11:45:29+00:00","og_image":[{"width":540,"height":693,"url":"https:\/\/www.editorialjuventud.es\/wp-content\/uploads\/Rotel-mas-guapo-de-mundo_Cover_72px_CAST.jpg","type":"image\/jpeg"}],"twitter_card":"summary_large_image","twitter_misc":{"Temps estimat de lectura":"1 minut"},"schema":{"@context":"https:\/\/schema.org","@graph":[{"@type":"WebPage","@id":"https:\/\/www.editorialjuventud.es\/rot-el-mas-guapo-del-mundo-9788426147271\/","url":"https:\/\/www.editorialjuventud.es\/rot-el-mas-guapo-del-mundo-9788426147271\/","name":"Rot, \u00a1el m\u00e1s guapo del mundo! - Editorial Juventud","isPartOf":{"@id":"https:\/\/www.editorialjuventud.es\/#website"},"primaryImageOfPage":{"@id":"https:\/\/www.editorialjuventud.es\/rot-el-mas-guapo-del-mundo-9788426147271\/#primaryimage"},"image":{"@id":"https:\/\/www.editorialjuventud.es\/rot-el-mas-guapo-del-mundo-9788426147271\/#primaryimage"},"thumbnailUrl":"https:\/\/www.editorialjuventud.es\/wp-content\/uploads\/Rotel-mas-guapo-de-mundo_Cover_72px_CAST.jpg","datePublished":"2021-07-05T10:56:26+00:00","dateModified":"2025-01-22T11:45:29+00:00","description":"Rot es una patata mutante a quien le encantan todo tipo de juegos y concursos. Cuando ve el letrero del Concurso 'El m\u00e1s guapo del mundo' no puede","breadcrumb":{"@id":"https:\/\/www.editorialjuventud.es\/rot-el-mas-guapo-del-mundo-9788426147271\/#breadcrumb"},"inLanguage":"ca","potentialAction":[{"@type":"ReadAction","target":["https:\/\/www.editorialjuventud.es\/rot-el-mas-guapo-del-mundo-9788426147271\/"]}]},{"@type":"ImageObject","inLanguage":"ca","@id":"https:\/\/www.editorialjuventud.es\/rot-el-mas-guapo-del-mundo-9788426147271\/#primaryimage","url":"https:\/\/www.editorialjuventud.es\/wp-content\/uploads\/Rotel-mas-guapo-de-mundo_Cover_72px_CAST.jpg","contentUrl":"https:\/\/www.editorialjuventud.es\/wp-content\/uploads\/Rotel-mas-guapo-de-mundo_Cover_72px_CAST.jpg","width":540,"height":693},{"@type":"BreadcrumbList","@id":"https:\/\/www.editorialjuventud.es\/rot-el-mas-guapo-del-mundo-9788426147271\/#breadcrumb","itemListElement":[{"@type":"ListItem","position":1,"name":"Portada","item":"https:\/\/www.editorialjuventud.es\/"},{"@type":"ListItem","position":2,"name":"cat\u00e1logo","item":"https:\/\/www.editorialjuventud.es\/coleccion\/catalogo\/"},{"@type":"ListItem","position":3,"name":"castellano","item":"https:\/\/www.editorialjuventud.es\/coleccion\/castellano\/"},{"@type":"ListItem","position":4,"name":"\u00c1lbumes Ilustrados","item":"https:\/\/www.editorialjuventud.es\/coleccion\/albumes-ilustrados\/"},{"@type":"ListItem","position":5,"name":"Leer entre Risas","item":"https:\/\/www.editorialjuventud.es\/coleccion\/leer-entre-risas\/"},{"@type":"ListItem","position":6,"name":"Rot, \u00a1el m\u00e1s guapo del mundo!"}]},{"@type":"WebSite","@id":"https:\/\/www.editorialjuventud.es\/#website","url":"https:\/\/www.editorialjuventud.es\/","name":"Editorial Juventud","description":"","potentialAction":[{"@type":"SearchAction","target":{"@type":"EntryPoint","urlTemplate":"https:\/\/www.editorialjuventud.es\/?s={search_term_string}"},"query-input":{"@type":"PropertyValueSpecification","valueRequired":true,"valueName":"search_term_string"}}],"inLanguage":"ca"}]}},"_links":{"self":[{"href":"https:\/\/www.editorialjuventud.es\/ca\/wp-json\/wp\/v2\/product\/55228","targetHints":{"allow":["GET"]}}],"collection":[{"href":"https:\/\/www.editorialjuventud.es\/ca\/wp-json\/wp\/v2\/product"}],"about":[{"href":"https:\/\/www.editorialjuventud.es\/ca\/wp-json\/wp\/v2\/types\/product"}],"wp:featuredmedia":[{"embeddable":true,"href":"https:\/\/www.editorialjuventud.es\/ca\/wp-json\/wp\/v2\/media\/55325"}],"wp:attachment":[{"href":"https:\/\/www.editorialjuventud.es\/ca\/wp-json\/wp\/v2\/media?parent=55228"}],"wp:term":[{"taxonomy":"product_brand","embeddable":true,"href":"https:\/\/www.editorialjuventud.es\/ca\/wp-json\/wp\/v2\/product_brand?post=55228"},{"taxonomy":"product_cat","embeddable":true,"href":"https:\/\/www.editorialjuventud.es\/ca\/wp-json\/wp\/v2\/product_cat?post=55228"},{"taxonomy":"product_tag","embeddable":true,"href":"https:\/\/www.editorialjuventud.es\/ca\/wp-json\/wp\/v2\/product_tag?post=55228"},{"taxonomy":"coleccion","embeddable":true,"href":"https:\/\/www.editorialjuventud.es\/ca\/wp-json\/wp\/v2\/coleccion?post=55228"}],"curies":[{"name":"wp","href":"https:\/\/api.w.org\/{rel}","templated":true}]}}