{"id":5519,"date":"2018-08-24T10:59:05","date_gmt":"2018-08-24T08:59:05","guid":{"rendered":"http:\/\/www.editorialjuventud.es\/imagina-una-noche\/"},"modified":"2025-01-22T13:36:06","modified_gmt":"2025-01-22T12:36:06","slug":"imagina-una-noche-9788426136268","status":"publish","type":"product","link":"https:\/\/www.editorialjuventud.es\/ca\/imagina-una-noche-9788426136268\/","title":{"rendered":"Imagina una noche"},"content":{"rendered":"<p>Imagina que una noche&#8230; no consigues dormir y saltas tan alto que te elevas sobre una colcha de campos y bosques. Imagina una noche recrea todos nuestros sue\u00f1os con impresionantes ilustraciones que nos hacen entrar en un nuevo universo. Un \u00e1lbum para trabajar sobre la est\u00e9tica y la t\u00e9cnica del &#8216;trompe l&#8217;oeil&#8217;. Un libro para dejar volar la  imaginaci\u00f3n.<\/p>\n","protected":false},"excerpt":{"rendered":"Imagina que una noche&#8230; no consigues dormir y saltas tan alto que te elevas sobre una colcha de campos y bosques. Imagina una noche recrea todos nuestros sue\u00f1os con impresionantes ilustraciones que nos hacen entrar en un nuevo universo. Un [&hellip;]","protected":false},"featured_media":9879,"template":"","meta":{"_acf_changed":false,"_exactmetrics_skip_tracking":false,"_exactmetrics_sitenote_active":false,"_exactmetrics_sitenote_note":"","_exactmetrics_sitenote_category":0},"product_brand":[],"product_cat":[902,1121,1125,1140],"product_tag":[],"coleccion":[986,1091],"class_list":{"0":"post-5519","1":"product","2":"type-product","3":"status-publish","4":"has-post-thumbnail","6":"product_cat-a-partir-de-7-anos","7":"product_cat-albumes-ilustrados","8":"product_cat-arte","9":"product_cat-arte-y-creatividad","10":"coleccion-arte-y-creatividad","11":"coleccion-imagina-arte-y-creatividad","13":"first","14":"outofstock","15":"taxable","16":"shipping-taxable","17":"purchasable","18":"product-type-simple"},"acf":{"autor":"Thomson - Gonsalves","codart":"3626-8","ediciones":"1","encuadernacion":"Carton\u00e9","fecha_de_publicacion":"01\/06\/2009","novedad":"0","paginas":"40","subtitulo":"","texto_web_adicional":"","texto_web_novedad":"","orden":"999","portada":"0","texto_web_resaltado":"","autores-libros":[16643],"ilustradores-libros":[17717]},"yoast_head":"<!-- This site is optimized with the Yoast SEO plugin v27.5 - https:\/\/yoast.com\/product\/yoast-seo-wordpress\/ -->\n<title>Imagina una noche - Editorial Juventud<\/title>\n<meta name=\"description\" content=\"Imagina que una noche... no consigues dormir y saltas tan alto que te elevas sobre una colcha de campos y bosques. Imagina una noche recrea todos nuestros\" \/>\n<meta name=\"robots\" content=\"index, follow, max-snippet:-1, max-image-preview:large, max-video-preview:-1\" \/>\n<link rel=\"canonical\" href=\"https:\/\/www.editorialjuventud.es\/imagina-una-noche-9788426136268\/\" \/>\n<meta property=\"og:locale\" content=\"ca_ES\" \/>\n<meta property=\"og:type\" content=\"article\" \/>\n<meta property=\"og:title\" content=\"Imagina una noche - Editorial Juventud\" \/>\n<meta property=\"og:description\" content=\"Imagina que una noche... no consigues dormir y saltas tan alto que te elevas sobre una colcha de campos y bosques. Imagina una noche recrea todos nuestros\" \/>\n<meta property=\"og:url\" content=\"https:\/\/www.editorialjuventud.es\/imagina-una-noche-9788426136268\/\" \/>\n<meta property=\"og:site_name\" content=\"Editorial Juventud\" \/>\n<meta property=\"article:modified_time\" content=\"2025-01-22T12:36:06+00:00\" \/>\n<meta property=\"og:image\" content=\"https:\/\/www.editorialjuventud.es\/wp-content\/uploads\/3626.jpg\" \/>\n\t<meta property=\"og:image:width\" content=\"350\" \/>\n\t<meta property=\"og:image:height\" content=\"367\" \/>\n\t<meta property=\"og:image:type\" content=\"image\/jpeg\" \/>\n<meta name=\"twitter:card\" content=\"summary_large_image\" \/>\n<script type=\"application\/ld+json\" class=\"yoast-schema-graph\">{\"@context\":\"https:\\\/\\\/schema.org\",\"@graph\":[{\"@type\":\"WebPage\",\"@id\":\"https:\\\/\\\/www.editorialjuventud.es\\\/imagina-una-noche-9788426136268\\\/\",\"url\":\"https:\\\/\\\/www.editorialjuventud.es\\\/imagina-una-noche-9788426136268\\\/\",\"name\":\"Imagina una noche - Editorial Juventud\",\"isPartOf\":{\"@id\":\"https:\\\/\\\/www.editorialjuventud.es\\\/#website\"},\"primaryImageOfPage\":{\"@id\":\"https:\\\/\\\/www.editorialjuventud.es\\\/imagina-una-noche-9788426136268\\\/#primaryimage\"},\"image\":{\"@id\":\"https:\\\/\\\/www.editorialjuventud.es\\\/imagina-una-noche-9788426136268\\\/#primaryimage\"},\"thumbnailUrl\":\"https:\\\/\\\/www.editorialjuventud.es\\\/wp-content\\\/uploads\\\/3626.jpg\",\"datePublished\":\"2018-08-24T08:59:05+00:00\",\"dateModified\":\"2025-01-22T12:36:06+00:00\",\"description\":\"Imagina que una noche... no consigues dormir y saltas tan alto que te elevas sobre una colcha de campos y bosques. Imagina una noche recrea todos nuestros\",\"breadcrumb\":{\"@id\":\"https:\\\/\\\/www.editorialjuventud.es\\\/imagina-una-noche-9788426136268\\\/#breadcrumb\"},\"inLanguage\":\"ca\",\"potentialAction\":[{\"@type\":\"ReadAction\",\"target\":[\"https:\\\/\\\/www.editorialjuventud.es\\\/imagina-una-noche-9788426136268\\\/\"]}]},{\"@type\":\"ImageObject\",\"inLanguage\":\"ca\",\"@id\":\"https:\\\/\\\/www.editorialjuventud.es\\\/imagina-una-noche-9788426136268\\\/#primaryimage\",\"url\":\"https:\\\/\\\/www.editorialjuventud.es\\\/wp-content\\\/uploads\\\/3626.jpg\",\"contentUrl\":\"https:\\\/\\\/www.editorialjuventud.es\\\/wp-content\\\/uploads\\\/3626.jpg\",\"width\":350,\"height\":367,\"caption\":\"3626.jpg\"},{\"@type\":\"BreadcrumbList\",\"@id\":\"https:\\\/\\\/www.editorialjuventud.es\\\/imagina-una-noche-9788426136268\\\/#breadcrumb\",\"itemListElement\":[{\"@type\":\"ListItem\",\"position\":1,\"name\":\"Portada\",\"item\":\"https:\\\/\\\/www.editorialjuventud.es\\\/\"},{\"@type\":\"ListItem\",\"position\":2,\"name\":\"cat\u00e1logo\",\"item\":\"https:\\\/\\\/www.editorialjuventud.es\\\/coleccion\\\/catalogo\\\/\"},{\"@type\":\"ListItem\",\"position\":3,\"name\":\"castellano\",\"item\":\"https:\\\/\\\/www.editorialjuventud.es\\\/coleccion\\\/castellano\\\/\"},{\"@type\":\"ListItem\",\"position\":4,\"name\":\"\u00c1lbumes Ilustrados\",\"item\":\"https:\\\/\\\/www.editorialjuventud.es\\\/coleccion\\\/albumes-ilustrados\\\/\"},{\"@type\":\"ListItem\",\"position\":5,\"name\":\"Arte y Creatividad\",\"item\":\"https:\\\/\\\/www.editorialjuventud.es\\\/ca\\\/coleccion\\\/arte-y-creatividad\\\/\"},{\"@type\":\"ListItem\",\"position\":6,\"name\":\"Imagina\u2026\",\"item\":\"https:\\\/\\\/www.editorialjuventud.es\\\/ca\\\/coleccion\\\/imagina-arte-y-creatividad\\\/\"},{\"@type\":\"ListItem\",\"position\":7,\"name\":\"Imagina una noche\"}]},{\"@type\":\"WebSite\",\"@id\":\"https:\\\/\\\/www.editorialjuventud.es\\\/#website\",\"url\":\"https:\\\/\\\/www.editorialjuventud.es\\\/\",\"name\":\"Editorial Juventud\",\"description\":\"\",\"potentialAction\":[{\"@type\":\"SearchAction\",\"target\":{\"@type\":\"EntryPoint\",\"urlTemplate\":\"https:\\\/\\\/www.editorialjuventud.es\\\/?s={search_term_string}\"},\"query-input\":{\"@type\":\"PropertyValueSpecification\",\"valueRequired\":true,\"valueName\":\"search_term_string\"}}],\"inLanguage\":\"ca\"}]}<\/script>\n<!-- \/ Yoast SEO plugin. -->","yoast_head_json":{"title":"Imagina una noche - Editorial Juventud","description":"Imagina que una noche... no consigues dormir y saltas tan alto que te elevas sobre una colcha de campos y bosques. Imagina una noche recrea todos nuestros","robots":{"index":"index","follow":"follow","max-snippet":"max-snippet:-1","max-image-preview":"max-image-preview:large","max-video-preview":"max-video-preview:-1"},"canonical":"https:\/\/www.editorialjuventud.es\/imagina-una-noche-9788426136268\/","og_locale":"ca_ES","og_type":"article","og_title":"Imagina una noche - Editorial Juventud","og_description":"Imagina que una noche... no consigues dormir y saltas tan alto que te elevas sobre una colcha de campos y bosques. Imagina una noche recrea todos nuestros","og_url":"https:\/\/www.editorialjuventud.es\/imagina-una-noche-9788426136268\/","og_site_name":"Editorial Juventud","article_modified_time":"2025-01-22T12:36:06+00:00","og_image":[{"width":350,"height":367,"url":"https:\/\/www.editorialjuventud.es\/wp-content\/uploads\/3626.jpg","type":"image\/jpeg"}],"twitter_card":"summary_large_image","schema":{"@context":"https:\/\/schema.org","@graph":[{"@type":"WebPage","@id":"https:\/\/www.editorialjuventud.es\/imagina-una-noche-9788426136268\/","url":"https:\/\/www.editorialjuventud.es\/imagina-una-noche-9788426136268\/","name":"Imagina una noche - Editorial Juventud","isPartOf":{"@id":"https:\/\/www.editorialjuventud.es\/#website"},"primaryImageOfPage":{"@id":"https:\/\/www.editorialjuventud.es\/imagina-una-noche-9788426136268\/#primaryimage"},"image":{"@id":"https:\/\/www.editorialjuventud.es\/imagina-una-noche-9788426136268\/#primaryimage"},"thumbnailUrl":"https:\/\/www.editorialjuventud.es\/wp-content\/uploads\/3626.jpg","datePublished":"2018-08-24T08:59:05+00:00","dateModified":"2025-01-22T12:36:06+00:00","description":"Imagina que una noche... no consigues dormir y saltas tan alto que te elevas sobre una colcha de campos y bosques. Imagina una noche recrea todos nuestros","breadcrumb":{"@id":"https:\/\/www.editorialjuventud.es\/imagina-una-noche-9788426136268\/#breadcrumb"},"inLanguage":"ca","potentialAction":[{"@type":"ReadAction","target":["https:\/\/www.editorialjuventud.es\/imagina-una-noche-9788426136268\/"]}]},{"@type":"ImageObject","inLanguage":"ca","@id":"https:\/\/www.editorialjuventud.es\/imagina-una-noche-9788426136268\/#primaryimage","url":"https:\/\/www.editorialjuventud.es\/wp-content\/uploads\/3626.jpg","contentUrl":"https:\/\/www.editorialjuventud.es\/wp-content\/uploads\/3626.jpg","width":350,"height":367,"caption":"3626.jpg"},{"@type":"BreadcrumbList","@id":"https:\/\/www.editorialjuventud.es\/imagina-una-noche-9788426136268\/#breadcrumb","itemListElement":[{"@type":"ListItem","position":1,"name":"Portada","item":"https:\/\/www.editorialjuventud.es\/"},{"@type":"ListItem","position":2,"name":"cat\u00e1logo","item":"https:\/\/www.editorialjuventud.es\/coleccion\/catalogo\/"},{"@type":"ListItem","position":3,"name":"castellano","item":"https:\/\/www.editorialjuventud.es\/coleccion\/castellano\/"},{"@type":"ListItem","position":4,"name":"\u00c1lbumes Ilustrados","item":"https:\/\/www.editorialjuventud.es\/coleccion\/albumes-ilustrados\/"},{"@type":"ListItem","position":5,"name":"Arte y Creatividad","item":"https:\/\/www.editorialjuventud.es\/ca\/coleccion\/arte-y-creatividad\/"},{"@type":"ListItem","position":6,"name":"Imagina\u2026","item":"https:\/\/www.editorialjuventud.es\/ca\/coleccion\/imagina-arte-y-creatividad\/"},{"@type":"ListItem","position":7,"name":"Imagina una noche"}]},{"@type":"WebSite","@id":"https:\/\/www.editorialjuventud.es\/#website","url":"https:\/\/www.editorialjuventud.es\/","name":"Editorial Juventud","description":"","potentialAction":[{"@type":"SearchAction","target":{"@type":"EntryPoint","urlTemplate":"https:\/\/www.editorialjuventud.es\/?s={search_term_string}"},"query-input":{"@type":"PropertyValueSpecification","valueRequired":true,"valueName":"search_term_string"}}],"inLanguage":"ca"}]}},"_links":{"self":[{"href":"https:\/\/www.editorialjuventud.es\/ca\/wp-json\/wp\/v2\/product\/5519","targetHints":{"allow":["GET"]}}],"collection":[{"href":"https:\/\/www.editorialjuventud.es\/ca\/wp-json\/wp\/v2\/product"}],"about":[{"href":"https:\/\/www.editorialjuventud.es\/ca\/wp-json\/wp\/v2\/types\/product"}],"wp:featuredmedia":[{"embeddable":true,"href":"https:\/\/www.editorialjuventud.es\/ca\/wp-json\/wp\/v2\/media\/9879"}],"wp:attachment":[{"href":"https:\/\/www.editorialjuventud.es\/ca\/wp-json\/wp\/v2\/media?parent=5519"}],"wp:term":[{"taxonomy":"product_brand","embeddable":true,"href":"https:\/\/www.editorialjuventud.es\/ca\/wp-json\/wp\/v2\/product_brand?post=5519"},{"taxonomy":"product_cat","embeddable":true,"href":"https:\/\/www.editorialjuventud.es\/ca\/wp-json\/wp\/v2\/product_cat?post=5519"},{"taxonomy":"product_tag","embeddable":true,"href":"https:\/\/www.editorialjuventud.es\/ca\/wp-json\/wp\/v2\/product_tag?post=5519"},{"taxonomy":"coleccion","embeddable":true,"href":"https:\/\/www.editorialjuventud.es\/ca\/wp-json\/wp\/v2\/coleccion?post=5519"}],"curies":[{"name":"wp","href":"https:\/\/api.w.org\/{rel}","templated":true}]}}