{"id":5516,"date":"2018-08-24T12:58:52","date_gmt":"2018-08-24T08:58:52","guid":{"rendered":"http:\/\/www.editorialjuventud.es\/los-ratones-de-la-senora-marlowe\/"},"modified":"2023-07-28T11:15:30","modified_gmt":"2023-07-28T09:15:30","slug":"los-ratones-de-la-senora-marlowe-9788426136237","status":"publish","type":"product","link":"https:\/\/www.editorialjuventud.es\/ca\/los-ratones-de-la-senora-marlowe-9788426136237\/","title":{"rendered":"Los ratones de la se\u00f1ora Marlowe"},"content":{"rendered":"<p>La se\u00f1ora Marlowe es una ciudadana que respeta la ley, pero \u00faltimamente parece llevar una doble vida. Un d\u00eda la Polic\u00eda registra su casa y la acusa de dar cobijo a ratones. \u00bfCu\u00e1les ser\u00e1n los verdaderos prop\u00f3sitos de esta gata?<\/p>\n","protected":false},"excerpt":{"rendered":"La se\u00f1ora Marlowe es una ciudadana que respeta la ley, pero \u00faltimamente parece llevar una doble vida. Un d\u00eda la Polic\u00eda registra su casa y la acusa de dar cobijo a ratones. \u00bfCu\u00e1les ser\u00e1n los verdaderos prop\u00f3sitos de esta gata?","protected":false},"featured_media":9859,"template":"","meta":{"_acf_changed":false,"_exactmetrics_skip_tracking":false,"_exactmetrics_sitenote_active":false,"_exactmetrics_sitenote_note":"","_exactmetrics_sitenote_category":0},"product_brand":[],"product_cat":[902,1121,1158,892,1115,1128],"product_tag":[],"coleccion":[984,928,916],"class_list":{"0":"post-5516","1":"product","2":"type-product","3":"status-publish","4":"has-post-thumbnail","6":"product_cat-a-partir-de-7-anos","7":"product_cat-albumes-ilustrados","8":"product_cat-critica-social","9":"product_cat-edades","10":"product_cat-generos","11":"product_cat-tematica","12":"coleccion-ya-leo-solo","13":"coleccion-albumes-ilustrados","14":"coleccion-castellano","16":"first","17":"instock","18":"taxable","19":"shipping-taxable","20":"purchasable","21":"product-type-simple"},"acf":{"autor":"F. ASCH - D. ASCH","codart":"3623-7","ediciones":"0","encuadernacion":"Carton\u00e9","fecha_de_publicacion":"01\/01\/2010","novedad":"0","paginas":"32","subtitulo":"","texto_web_adicional":"","texto_web_novedad":"","orden":"999","portada":"0","texto_web_resaltado":"","indice":"","autores-libros":[16197],"ilustradores-libros":[17354],"traductores-libros":[58414],"fecha_de_reimpresion":"","descripcion_corta":"","recomendamos":"","mas_vendido":"","idioma-libro":"","color":false,"formato":"","mas_informacion_del_producto":false,"premios":false,"deshabilitar_compra":["deshabilitar"],"texto_enlace_cubierta":"","enlace_cubierta":false,"texto_enlace_ficha_tecnica":"","enlace_ficha_tecnica":false,"ficheros":false,"titulo-fr":"","texto-fr":""},"yoast_head":"<!-- This site is optimized with the Yoast SEO plugin v27.5 - https:\/\/yoast.com\/product\/yoast-seo-wordpress\/ -->\n<title>Los ratones de la se\u00f1ora Marlowe - Editorial Juventud<\/title>\n<meta name=\"description\" content=\"La se\u00f1ora Marlowe es una ciudadana que respeta la ley, pero \u00faltimamente parece llevar una doble vida. Un d\u00eda la Polic\u00eda registra su casa y la acusa de dar\" \/>\n<meta name=\"robots\" content=\"index, follow, max-snippet:-1, max-image-preview:large, max-video-preview:-1\" \/>\n<link rel=\"canonical\" href=\"https:\/\/www.editorialjuventud.es\/los-ratones-de-la-senora-marlowe-9788426136237\/\" \/>\n<meta property=\"og:locale\" content=\"ca_ES\" \/>\n<meta property=\"og:type\" content=\"article\" \/>\n<meta property=\"og:title\" content=\"Los ratones de la se\u00f1ora Marlowe - Editorial Juventud\" \/>\n<meta property=\"og:description\" content=\"La se\u00f1ora Marlowe es una ciudadana que respeta la ley, pero \u00faltimamente parece llevar una doble vida. Un d\u00eda la Polic\u00eda registra su casa y la acusa de dar\" \/>\n<meta property=\"og:url\" content=\"https:\/\/www.editorialjuventud.es\/los-ratones-de-la-senora-marlowe-9788426136237\/\" \/>\n<meta property=\"og:site_name\" content=\"Editorial Juventud\" \/>\n<meta property=\"article:modified_time\" content=\"2023-07-28T09:15:30+00:00\" \/>\n<meta property=\"og:image\" content=\"https:\/\/www.editorialjuventud.es\/wp-content\/uploads\/3623.jpg\" \/>\n\t<meta property=\"og:image:width\" content=\"405\" \/>\n\t<meta property=\"og:image:height\" content=\"473\" \/>\n\t<meta property=\"og:image:type\" content=\"image\/jpeg\" \/>\n<meta name=\"twitter:card\" content=\"summary_large_image\" \/>\n<script type=\"application\/ld+json\" class=\"yoast-schema-graph\">{\"@context\":\"https:\\\/\\\/schema.org\",\"@graph\":[{\"@type\":\"WebPage\",\"@id\":\"https:\\\/\\\/www.editorialjuventud.es\\\/los-ratones-de-la-senora-marlowe-9788426136237\\\/\",\"url\":\"https:\\\/\\\/www.editorialjuventud.es\\\/los-ratones-de-la-senora-marlowe-9788426136237\\\/\",\"name\":\"Los ratones de la se\u00f1ora Marlowe - Editorial Juventud\",\"isPartOf\":{\"@id\":\"https:\\\/\\\/www.editorialjuventud.es\\\/#website\"},\"primaryImageOfPage\":{\"@id\":\"https:\\\/\\\/www.editorialjuventud.es\\\/los-ratones-de-la-senora-marlowe-9788426136237\\\/#primaryimage\"},\"image\":{\"@id\":\"https:\\\/\\\/www.editorialjuventud.es\\\/los-ratones-de-la-senora-marlowe-9788426136237\\\/#primaryimage\"},\"thumbnailUrl\":\"https:\\\/\\\/www.editorialjuventud.es\\\/wp-content\\\/uploads\\\/3623.jpg\",\"datePublished\":\"2018-08-24T08:58:52+00:00\",\"dateModified\":\"2023-07-28T09:15:30+00:00\",\"description\":\"La se\u00f1ora Marlowe es una ciudadana que respeta la ley, pero \u00faltimamente parece llevar una doble vida. Un d\u00eda la Polic\u00eda registra su casa y la acusa de dar\",\"breadcrumb\":{\"@id\":\"https:\\\/\\\/www.editorialjuventud.es\\\/los-ratones-de-la-senora-marlowe-9788426136237\\\/#breadcrumb\"},\"inLanguage\":\"ca\",\"potentialAction\":[{\"@type\":\"ReadAction\",\"target\":[\"https:\\\/\\\/www.editorialjuventud.es\\\/los-ratones-de-la-senora-marlowe-9788426136237\\\/\"]}]},{\"@type\":\"ImageObject\",\"inLanguage\":\"ca\",\"@id\":\"https:\\\/\\\/www.editorialjuventud.es\\\/los-ratones-de-la-senora-marlowe-9788426136237\\\/#primaryimage\",\"url\":\"https:\\\/\\\/www.editorialjuventud.es\\\/wp-content\\\/uploads\\\/3623.jpg\",\"contentUrl\":\"https:\\\/\\\/www.editorialjuventud.es\\\/wp-content\\\/uploads\\\/3623.jpg\",\"width\":405,\"height\":473,\"caption\":\"3623.jpg\"},{\"@type\":\"BreadcrumbList\",\"@id\":\"https:\\\/\\\/www.editorialjuventud.es\\\/los-ratones-de-la-senora-marlowe-9788426136237\\\/#breadcrumb\",\"itemListElement\":[{\"@type\":\"ListItem\",\"position\":1,\"name\":\"Portada\",\"item\":\"https:\\\/\\\/www.editorialjuventud.es\\\/\"},{\"@type\":\"ListItem\",\"position\":2,\"name\":\"cat\u00e1logo\",\"item\":\"https:\\\/\\\/www.editorialjuventud.es\\\/coleccion\\\/catalogo\\\/\"},{\"@type\":\"ListItem\",\"position\":3,\"name\":\"castellano\",\"item\":\"https:\\\/\\\/www.editorialjuventud.es\\\/coleccion\\\/castellano\\\/\"},{\"@type\":\"ListItem\",\"position\":4,\"name\":\"\u00c1lbumes Ilustrados\",\"item\":\"https:\\\/\\\/www.editorialjuventud.es\\\/coleccion\\\/albumes-ilustrados\\\/\"},{\"@type\":\"ListItem\",\"position\":5,\"name\":\"\u00a1Ya Leo Solo!\",\"item\":\"https:\\\/\\\/www.editorialjuventud.es\\\/coleccion\\\/ya-leo-solo\\\/\"},{\"@type\":\"ListItem\",\"position\":6,\"name\":\"Los ratones de la se\u00f1ora Marlowe\"}]},{\"@type\":\"WebSite\",\"@id\":\"https:\\\/\\\/www.editorialjuventud.es\\\/#website\",\"url\":\"https:\\\/\\\/www.editorialjuventud.es\\\/\",\"name\":\"Editorial Juventud\",\"description\":\"\",\"potentialAction\":[{\"@type\":\"SearchAction\",\"target\":{\"@type\":\"EntryPoint\",\"urlTemplate\":\"https:\\\/\\\/www.editorialjuventud.es\\\/?s={search_term_string}\"},\"query-input\":{\"@type\":\"PropertyValueSpecification\",\"valueRequired\":true,\"valueName\":\"search_term_string\"}}],\"inLanguage\":\"ca\"}]}<\/script>\n<!-- \/ Yoast SEO plugin. -->","yoast_head_json":{"title":"Los ratones de la se\u00f1ora Marlowe - Editorial Juventud","description":"La se\u00f1ora Marlowe es una ciudadana que respeta la ley, pero \u00faltimamente parece llevar una doble vida. Un d\u00eda la Polic\u00eda registra su casa y la acusa de dar","robots":{"index":"index","follow":"follow","max-snippet":"max-snippet:-1","max-image-preview":"max-image-preview:large","max-video-preview":"max-video-preview:-1"},"canonical":"https:\/\/www.editorialjuventud.es\/los-ratones-de-la-senora-marlowe-9788426136237\/","og_locale":"ca_ES","og_type":"article","og_title":"Los ratones de la se\u00f1ora Marlowe - Editorial Juventud","og_description":"La se\u00f1ora Marlowe es una ciudadana que respeta la ley, pero \u00faltimamente parece llevar una doble vida. Un d\u00eda la Polic\u00eda registra su casa y la acusa de dar","og_url":"https:\/\/www.editorialjuventud.es\/los-ratones-de-la-senora-marlowe-9788426136237\/","og_site_name":"Editorial Juventud","article_modified_time":"2023-07-28T09:15:30+00:00","og_image":[{"width":405,"height":473,"url":"https:\/\/www.editorialjuventud.es\/wp-content\/uploads\/3623.jpg","type":"image\/jpeg"}],"twitter_card":"summary_large_image","schema":{"@context":"https:\/\/schema.org","@graph":[{"@type":"WebPage","@id":"https:\/\/www.editorialjuventud.es\/los-ratones-de-la-senora-marlowe-9788426136237\/","url":"https:\/\/www.editorialjuventud.es\/los-ratones-de-la-senora-marlowe-9788426136237\/","name":"Los ratones de la se\u00f1ora Marlowe - Editorial Juventud","isPartOf":{"@id":"https:\/\/www.editorialjuventud.es\/#website"},"primaryImageOfPage":{"@id":"https:\/\/www.editorialjuventud.es\/los-ratones-de-la-senora-marlowe-9788426136237\/#primaryimage"},"image":{"@id":"https:\/\/www.editorialjuventud.es\/los-ratones-de-la-senora-marlowe-9788426136237\/#primaryimage"},"thumbnailUrl":"https:\/\/www.editorialjuventud.es\/wp-content\/uploads\/3623.jpg","datePublished":"2018-08-24T08:58:52+00:00","dateModified":"2023-07-28T09:15:30+00:00","description":"La se\u00f1ora Marlowe es una ciudadana que respeta la ley, pero \u00faltimamente parece llevar una doble vida. Un d\u00eda la Polic\u00eda registra su casa y la acusa de dar","breadcrumb":{"@id":"https:\/\/www.editorialjuventud.es\/los-ratones-de-la-senora-marlowe-9788426136237\/#breadcrumb"},"inLanguage":"ca","potentialAction":[{"@type":"ReadAction","target":["https:\/\/www.editorialjuventud.es\/los-ratones-de-la-senora-marlowe-9788426136237\/"]}]},{"@type":"ImageObject","inLanguage":"ca","@id":"https:\/\/www.editorialjuventud.es\/los-ratones-de-la-senora-marlowe-9788426136237\/#primaryimage","url":"https:\/\/www.editorialjuventud.es\/wp-content\/uploads\/3623.jpg","contentUrl":"https:\/\/www.editorialjuventud.es\/wp-content\/uploads\/3623.jpg","width":405,"height":473,"caption":"3623.jpg"},{"@type":"BreadcrumbList","@id":"https:\/\/www.editorialjuventud.es\/los-ratones-de-la-senora-marlowe-9788426136237\/#breadcrumb","itemListElement":[{"@type":"ListItem","position":1,"name":"Portada","item":"https:\/\/www.editorialjuventud.es\/"},{"@type":"ListItem","position":2,"name":"cat\u00e1logo","item":"https:\/\/www.editorialjuventud.es\/coleccion\/catalogo\/"},{"@type":"ListItem","position":3,"name":"castellano","item":"https:\/\/www.editorialjuventud.es\/coleccion\/castellano\/"},{"@type":"ListItem","position":4,"name":"\u00c1lbumes Ilustrados","item":"https:\/\/www.editorialjuventud.es\/coleccion\/albumes-ilustrados\/"},{"@type":"ListItem","position":5,"name":"\u00a1Ya Leo Solo!","item":"https:\/\/www.editorialjuventud.es\/coleccion\/ya-leo-solo\/"},{"@type":"ListItem","position":6,"name":"Los ratones de la se\u00f1ora Marlowe"}]},{"@type":"WebSite","@id":"https:\/\/www.editorialjuventud.es\/#website","url":"https:\/\/www.editorialjuventud.es\/","name":"Editorial Juventud","description":"","potentialAction":[{"@type":"SearchAction","target":{"@type":"EntryPoint","urlTemplate":"https:\/\/www.editorialjuventud.es\/?s={search_term_string}"},"query-input":{"@type":"PropertyValueSpecification","valueRequired":true,"valueName":"search_term_string"}}],"inLanguage":"ca"}]}},"_links":{"self":[{"href":"https:\/\/www.editorialjuventud.es\/ca\/wp-json\/wp\/v2\/product\/5516","targetHints":{"allow":["GET"]}}],"collection":[{"href":"https:\/\/www.editorialjuventud.es\/ca\/wp-json\/wp\/v2\/product"}],"about":[{"href":"https:\/\/www.editorialjuventud.es\/ca\/wp-json\/wp\/v2\/types\/product"}],"wp:featuredmedia":[{"embeddable":true,"href":"https:\/\/www.editorialjuventud.es\/ca\/wp-json\/wp\/v2\/media\/9859"}],"wp:attachment":[{"href":"https:\/\/www.editorialjuventud.es\/ca\/wp-json\/wp\/v2\/media?parent=5516"}],"wp:term":[{"taxonomy":"product_brand","embeddable":true,"href":"https:\/\/www.editorialjuventud.es\/ca\/wp-json\/wp\/v2\/product_brand?post=5516"},{"taxonomy":"product_cat","embeddable":true,"href":"https:\/\/www.editorialjuventud.es\/ca\/wp-json\/wp\/v2\/product_cat?post=5516"},{"taxonomy":"product_tag","embeddable":true,"href":"https:\/\/www.editorialjuventud.es\/ca\/wp-json\/wp\/v2\/product_tag?post=5516"},{"taxonomy":"coleccion","embeddable":true,"href":"https:\/\/www.editorialjuventud.es\/ca\/wp-json\/wp\/v2\/coleccion?post=5516"}],"curies":[{"name":"wp","href":"https:\/\/api.w.org\/{rel}","templated":true}]}}