{"id":5500,"date":"2018-08-24T10:57:39","date_gmt":"2018-08-24T08:57:39","guid":{"rendered":"http:\/\/www.editorialjuventud.es\/os-i-estel\/"},"modified":"2025-01-22T13:36:41","modified_gmt":"2025-01-22T12:36:41","slug":"os-i-estel-9788426136053","status":"publish","type":"product","link":"https:\/\/www.editorialjuventud.es\/ca\/os-i-estel-9788426136053\/","title":{"rendered":"\u00d3s i Estel"},"content":{"rendered":"<p>A trav\u00e9s de les seves aventures, \u00d3s Blanc, \u00d3s Negre i \u00d3s Bru ens ensenyen els colors, els contraris i els n\u00fameros. Per a aprendre d&#8217;una manera l\u00fadica, una col\u00b7lecci\u00f3 de quatre t\u00edtols per iniciar als m\u00e9s petits en l&#8217;amor pels llibres.<\/p>\n","protected":false},"excerpt":{"rendered":"A trav\u00e9s de les seves aventures, \u00d3s Blanc, \u00d3s Negre i \u00d3s Bru ens ensenyen els colors, els contraris i els n\u00fameros. Per a aprendre d&#8217;una manera l\u00fadica, una col\u00b7lecci\u00f3 de quatre t\u00edtols per iniciar als m\u00e9s petits en l&#8217;amor [&hellip;]","protected":false},"featured_media":9733,"template":"","meta":{"_acf_changed":false,"_exactmetrics_skip_tracking":false,"_exactmetrics_sitenote_active":false,"_exactmetrics_sitenote_note":"","_exactmetrics_sitenote_category":0},"product_brand":[],"product_cat":[1138,1281,1142,1152,907,1122,1123,1203,1213,1128],"product_tag":[],"coleccion":[970],"class_list":{"0":"post-5500","1":"product","2":"type-product","3":"status-publish","4":"has-post-thumbnail","6":"product_cat-animales","7":"product_cat-aprendizaje","8":"product_cat-aventura","9":"product_cat-colores","10":"product_cat-de-0-a-2-anos","11":"product_cat-libros-de-carton","12":"product_cat-libros-informativos-infantil","13":"product_cat-numeros-contar","14":"product_cat-primeros-conceptos","15":"product_cat-tematica","16":"coleccion-els-tres-ossos","18":"first","19":"outofstock","20":"taxable","21":"shipping-taxable","22":"purchasable","23":"product-type-simple"},"acf":{"autor":"Wrigth, Cliff","codart":"3605-3","ediciones":"0","encuadernacion":"Cart\u00f3n","fecha_de_publicacion":"01\/01\/2010","novedad":"0","paginas":"18","subtitulo":"","texto_web_adicional":"","texto_web_novedad":"","orden":"999","portada":"0","texto_web_resaltado":"","autores-libros":[16694],"ilustradores-libros":[16694],"traductores-libros":[58416]},"yoast_head":"<!-- This site is optimized with the Yoast SEO plugin v27.5 - https:\/\/yoast.com\/product\/yoast-seo-wordpress\/ -->\n<title>\u00d3s i Estel - Editorial Juventud<\/title>\n<meta name=\"description\" content=\"A trav\u00e9s de les seves aventures, \u00d3s Blanc, \u00d3s Negre i \u00d3s Bru ens ensenyen els colors, els contraris i els n\u00fameros. Per a aprendre d&#039;una manera l\u00fadica, una\" \/>\n<meta name=\"robots\" content=\"index, follow, max-snippet:-1, max-image-preview:large, max-video-preview:-1\" \/>\n<link rel=\"canonical\" href=\"https:\/\/www.editorialjuventud.es\/os-i-estel-9788426136053\/\" \/>\n<meta property=\"og:locale\" content=\"ca_ES\" \/>\n<meta property=\"og:type\" content=\"article\" \/>\n<meta property=\"og:title\" content=\"\u00d3s i Estel - Editorial Juventud\" \/>\n<meta property=\"og:description\" content=\"A trav\u00e9s de les seves aventures, \u00d3s Blanc, \u00d3s Negre i \u00d3s Bru ens ensenyen els colors, els contraris i els n\u00fameros. Per a aprendre d&#039;una manera l\u00fadica, una\" \/>\n<meta property=\"og:url\" content=\"https:\/\/www.editorialjuventud.es\/os-i-estel-9788426136053\/\" \/>\n<meta property=\"og:site_name\" content=\"Editorial Juventud\" \/>\n<meta property=\"article:modified_time\" content=\"2025-01-22T12:36:41+00:00\" \/>\n<meta property=\"og:image\" content=\"https:\/\/www.editorialjuventud.es\/wp-content\/uploads\/3605.jpg\" \/>\n\t<meta property=\"og:image:width\" content=\"387\" \/>\n\t<meta property=\"og:image:height\" content=\"400\" \/>\n\t<meta property=\"og:image:type\" content=\"image\/jpeg\" \/>\n<meta name=\"twitter:card\" content=\"summary_large_image\" \/>\n<script type=\"application\/ld+json\" class=\"yoast-schema-graph\">{\"@context\":\"https:\\\/\\\/schema.org\",\"@graph\":[{\"@type\":\"WebPage\",\"@id\":\"https:\\\/\\\/www.editorialjuventud.es\\\/os-i-estel-9788426136053\\\/\",\"url\":\"https:\\\/\\\/www.editorialjuventud.es\\\/os-i-estel-9788426136053\\\/\",\"name\":\"\u00d3s i Estel - Editorial Juventud\",\"isPartOf\":{\"@id\":\"https:\\\/\\\/www.editorialjuventud.es\\\/#website\"},\"primaryImageOfPage\":{\"@id\":\"https:\\\/\\\/www.editorialjuventud.es\\\/os-i-estel-9788426136053\\\/#primaryimage\"},\"image\":{\"@id\":\"https:\\\/\\\/www.editorialjuventud.es\\\/os-i-estel-9788426136053\\\/#primaryimage\"},\"thumbnailUrl\":\"https:\\\/\\\/www.editorialjuventud.es\\\/wp-content\\\/uploads\\\/3605.jpg\",\"datePublished\":\"2018-08-24T08:57:39+00:00\",\"dateModified\":\"2025-01-22T12:36:41+00:00\",\"description\":\"A trav\u00e9s de les seves aventures, \u00d3s Blanc, \u00d3s Negre i \u00d3s Bru ens ensenyen els colors, els contraris i els n\u00fameros. Per a aprendre d'una manera l\u00fadica, una\",\"breadcrumb\":{\"@id\":\"https:\\\/\\\/www.editorialjuventud.es\\\/os-i-estel-9788426136053\\\/#breadcrumb\"},\"inLanguage\":\"ca\",\"potentialAction\":[{\"@type\":\"ReadAction\",\"target\":[\"https:\\\/\\\/www.editorialjuventud.es\\\/os-i-estel-9788426136053\\\/\"]}]},{\"@type\":\"ImageObject\",\"inLanguage\":\"ca\",\"@id\":\"https:\\\/\\\/www.editorialjuventud.es\\\/os-i-estel-9788426136053\\\/#primaryimage\",\"url\":\"https:\\\/\\\/www.editorialjuventud.es\\\/wp-content\\\/uploads\\\/3605.jpg\",\"contentUrl\":\"https:\\\/\\\/www.editorialjuventud.es\\\/wp-content\\\/uploads\\\/3605.jpg\",\"width\":387,\"height\":400,\"caption\":\"3605.jpg\"},{\"@type\":\"BreadcrumbList\",\"@id\":\"https:\\\/\\\/www.editorialjuventud.es\\\/os-i-estel-9788426136053\\\/#breadcrumb\",\"itemListElement\":[{\"@type\":\"ListItem\",\"position\":1,\"name\":\"Portada\",\"item\":\"https:\\\/\\\/www.editorialjuventud.es\\\/\"},{\"@type\":\"ListItem\",\"position\":2,\"name\":\"cat\u00e1logo\",\"item\":\"https:\\\/\\\/www.editorialjuventud.es\\\/coleccion\\\/catalogo\\\/\"},{\"@type\":\"ListItem\",\"position\":3,\"name\":\"catal\u00e0\",\"item\":\"https:\\\/\\\/www.editorialjuventud.es\\\/coleccion\\\/catala\\\/\"},{\"@type\":\"ListItem\",\"position\":4,\"name\":\"Els Meus Primers Llibres\",\"item\":\"https:\\\/\\\/www.editorialjuventud.es\\\/ca\\\/coleccion\\\/els-meus-primers-llibres\\\/\"},{\"@type\":\"ListItem\",\"position\":5,\"name\":\"Els Tres Ossos\",\"item\":\"https:\\\/\\\/www.editorialjuventud.es\\\/coleccion\\\/els-tres-ossos\\\/\"},{\"@type\":\"ListItem\",\"position\":6,\"name\":\"\u00d3s i Estel\"}]},{\"@type\":\"WebSite\",\"@id\":\"https:\\\/\\\/www.editorialjuventud.es\\\/#website\",\"url\":\"https:\\\/\\\/www.editorialjuventud.es\\\/\",\"name\":\"Editorial Juventud\",\"description\":\"\",\"potentialAction\":[{\"@type\":\"SearchAction\",\"target\":{\"@type\":\"EntryPoint\",\"urlTemplate\":\"https:\\\/\\\/www.editorialjuventud.es\\\/?s={search_term_string}\"},\"query-input\":{\"@type\":\"PropertyValueSpecification\",\"valueRequired\":true,\"valueName\":\"search_term_string\"}}],\"inLanguage\":\"ca\"}]}<\/script>\n<!-- \/ Yoast SEO plugin. -->","yoast_head_json":{"title":"\u00d3s i Estel - Editorial Juventud","description":"A trav\u00e9s de les seves aventures, \u00d3s Blanc, \u00d3s Negre i \u00d3s Bru ens ensenyen els colors, els contraris i els n\u00fameros. Per a aprendre d'una manera l\u00fadica, una","robots":{"index":"index","follow":"follow","max-snippet":"max-snippet:-1","max-image-preview":"max-image-preview:large","max-video-preview":"max-video-preview:-1"},"canonical":"https:\/\/www.editorialjuventud.es\/os-i-estel-9788426136053\/","og_locale":"ca_ES","og_type":"article","og_title":"\u00d3s i Estel - Editorial Juventud","og_description":"A trav\u00e9s de les seves aventures, \u00d3s Blanc, \u00d3s Negre i \u00d3s Bru ens ensenyen els colors, els contraris i els n\u00fameros. Per a aprendre d'una manera l\u00fadica, una","og_url":"https:\/\/www.editorialjuventud.es\/os-i-estel-9788426136053\/","og_site_name":"Editorial Juventud","article_modified_time":"2025-01-22T12:36:41+00:00","og_image":[{"width":387,"height":400,"url":"https:\/\/www.editorialjuventud.es\/wp-content\/uploads\/3605.jpg","type":"image\/jpeg"}],"twitter_card":"summary_large_image","schema":{"@context":"https:\/\/schema.org","@graph":[{"@type":"WebPage","@id":"https:\/\/www.editorialjuventud.es\/os-i-estel-9788426136053\/","url":"https:\/\/www.editorialjuventud.es\/os-i-estel-9788426136053\/","name":"\u00d3s i Estel - Editorial Juventud","isPartOf":{"@id":"https:\/\/www.editorialjuventud.es\/#website"},"primaryImageOfPage":{"@id":"https:\/\/www.editorialjuventud.es\/os-i-estel-9788426136053\/#primaryimage"},"image":{"@id":"https:\/\/www.editorialjuventud.es\/os-i-estel-9788426136053\/#primaryimage"},"thumbnailUrl":"https:\/\/www.editorialjuventud.es\/wp-content\/uploads\/3605.jpg","datePublished":"2018-08-24T08:57:39+00:00","dateModified":"2025-01-22T12:36:41+00:00","description":"A trav\u00e9s de les seves aventures, \u00d3s Blanc, \u00d3s Negre i \u00d3s Bru ens ensenyen els colors, els contraris i els n\u00fameros. Per a aprendre d'una manera l\u00fadica, una","breadcrumb":{"@id":"https:\/\/www.editorialjuventud.es\/os-i-estel-9788426136053\/#breadcrumb"},"inLanguage":"ca","potentialAction":[{"@type":"ReadAction","target":["https:\/\/www.editorialjuventud.es\/os-i-estel-9788426136053\/"]}]},{"@type":"ImageObject","inLanguage":"ca","@id":"https:\/\/www.editorialjuventud.es\/os-i-estel-9788426136053\/#primaryimage","url":"https:\/\/www.editorialjuventud.es\/wp-content\/uploads\/3605.jpg","contentUrl":"https:\/\/www.editorialjuventud.es\/wp-content\/uploads\/3605.jpg","width":387,"height":400,"caption":"3605.jpg"},{"@type":"BreadcrumbList","@id":"https:\/\/www.editorialjuventud.es\/os-i-estel-9788426136053\/#breadcrumb","itemListElement":[{"@type":"ListItem","position":1,"name":"Portada","item":"https:\/\/www.editorialjuventud.es\/"},{"@type":"ListItem","position":2,"name":"cat\u00e1logo","item":"https:\/\/www.editorialjuventud.es\/coleccion\/catalogo\/"},{"@type":"ListItem","position":3,"name":"catal\u00e0","item":"https:\/\/www.editorialjuventud.es\/coleccion\/catala\/"},{"@type":"ListItem","position":4,"name":"Els Meus Primers Llibres","item":"https:\/\/www.editorialjuventud.es\/ca\/coleccion\/els-meus-primers-llibres\/"},{"@type":"ListItem","position":5,"name":"Els Tres Ossos","item":"https:\/\/www.editorialjuventud.es\/coleccion\/els-tres-ossos\/"},{"@type":"ListItem","position":6,"name":"\u00d3s i Estel"}]},{"@type":"WebSite","@id":"https:\/\/www.editorialjuventud.es\/#website","url":"https:\/\/www.editorialjuventud.es\/","name":"Editorial Juventud","description":"","potentialAction":[{"@type":"SearchAction","target":{"@type":"EntryPoint","urlTemplate":"https:\/\/www.editorialjuventud.es\/?s={search_term_string}"},"query-input":{"@type":"PropertyValueSpecification","valueRequired":true,"valueName":"search_term_string"}}],"inLanguage":"ca"}]}},"_links":{"self":[{"href":"https:\/\/www.editorialjuventud.es\/ca\/wp-json\/wp\/v2\/product\/5500","targetHints":{"allow":["GET"]}}],"collection":[{"href":"https:\/\/www.editorialjuventud.es\/ca\/wp-json\/wp\/v2\/product"}],"about":[{"href":"https:\/\/www.editorialjuventud.es\/ca\/wp-json\/wp\/v2\/types\/product"}],"wp:featuredmedia":[{"embeddable":true,"href":"https:\/\/www.editorialjuventud.es\/ca\/wp-json\/wp\/v2\/media\/9733"}],"wp:attachment":[{"href":"https:\/\/www.editorialjuventud.es\/ca\/wp-json\/wp\/v2\/media?parent=5500"}],"wp:term":[{"taxonomy":"product_brand","embeddable":true,"href":"https:\/\/www.editorialjuventud.es\/ca\/wp-json\/wp\/v2\/product_brand?post=5500"},{"taxonomy":"product_cat","embeddable":true,"href":"https:\/\/www.editorialjuventud.es\/ca\/wp-json\/wp\/v2\/product_cat?post=5500"},{"taxonomy":"product_tag","embeddable":true,"href":"https:\/\/www.editorialjuventud.es\/ca\/wp-json\/wp\/v2\/product_tag?post=5500"},{"taxonomy":"coleccion","embeddable":true,"href":"https:\/\/www.editorialjuventud.es\/ca\/wp-json\/wp\/v2\/coleccion?post=5500"}],"curies":[{"name":"wp","href":"https:\/\/api.w.org\/{rel}","templated":true}]}}