{"id":5495,"date":"2018-08-24T12:57:17","date_gmt":"2018-08-24T08:57:17","guid":{"rendered":"http:\/\/www.editorialjuventud.es\/uma-la-pequena-diosa\/"},"modified":"2025-07-22T14:42:31","modified_gmt":"2025-07-22T12:42:31","slug":"uma-la-pequena-diosa-9788426135971","status":"publish","type":"product","link":"https:\/\/www.editorialjuventud.es\/ca\/uma-la-pequena-diosa-9788426135971\/","title":{"rendered":"Uma, la peque\u00f1a diosa"},"content":{"rendered":"<p>Uma es elegida por los sacerdotes para ser la nueva diosa viva, como lo requiere la tradici\u00f3n india. Cuando empieza una guerra, debe huir de su santuario seguro y empieza para ella un viaje lleno de aventuras. Con la ayuda del Dios del Agua, del orgulloso mono Ramesh, de un \u00e1rbol que habla, y de tigres hambrientos, Uma, que nunca hab\u00eda visto el mundo exterior, viajar\u00e1 por tierras lejanas para encontrar su familia y su verdadera identidad. Un \u00e1lbum fascinante por sus espectaculares ilustraciones. Una historia de ficci\u00f3n para descubrir la India, y la importancia de ser uno mismo.<\/p>\n","protected":false},"excerpt":{"rendered":"Uma es elegida por los sacerdotes para ser la nueva diosa viva, como lo requiere la tradici\u00f3n india. Cuando empieza una guerra, debe huir de su santuario seguro y empieza para ella un viaje lleno de aventuras. Con la ayuda [&hellip;]","protected":false},"featured_media":9681,"template":"","meta":{"_acf_changed":false,"_exactmetrics_skip_tracking":false,"_exactmetrics_sitenote_active":false,"_exactmetrics_sitenote_note":"","_exactmetrics_sitenote_category":0},"product_brand":[],"product_cat":[902,1121,1180],"product_tag":[],"coleccion":[984],"class_list":{"0":"post-5495","1":"product","2":"type-product","3":"status-publish","4":"has-post-thumbnail","6":"product_cat-a-partir-de-7-anos","7":"product_cat-albumes-ilustrados","8":"product_cat-guerra","9":"coleccion-ya-leo-solo","11":"first","12":"instock","13":"taxable","14":"shipping-taxable","15":"purchasable","16":"product-type-simple"},"acf":{"autor":"Bernard-Roca","codart":"3597","ediciones":"1","encuadernacion":"Carton\u00e9","fecha_de_publicacion":"01\/01\/2010","novedad":"0","paginas":"40","subtitulo":"","texto_web_adicional":"","texto_web_novedad":"","orden":"999","portada":"0","texto_web_resaltado":"","autores-libros":[16226],"ilustradores-libros":[18056],"traductores-libros":[58416,17430]},"yoast_head":"<!-- This site is optimized with the Yoast SEO plugin v27.5 - https:\/\/yoast.com\/product\/yoast-seo-wordpress\/ -->\n<title>Uma, la peque\u00f1a diosa - Editorial Juventud<\/title>\n<meta name=\"description\" content=\"Uma es elegida por los sacerdotes para ser la nueva diosa viva, como lo requiere la tradici\u00f3n india. Cuando empieza una guerra, debe huir de su santuario\" \/>\n<meta name=\"robots\" content=\"index, follow, max-snippet:-1, max-image-preview:large, max-video-preview:-1\" \/>\n<link rel=\"canonical\" href=\"https:\/\/www.editorialjuventud.es\/uma-la-pequena-diosa-9788426135971\/\" \/>\n<meta property=\"og:locale\" content=\"ca_ES\" \/>\n<meta property=\"og:type\" content=\"article\" \/>\n<meta property=\"og:title\" content=\"Uma, la peque\u00f1a diosa - Editorial Juventud\" \/>\n<meta property=\"og:description\" content=\"Uma es elegida por los sacerdotes para ser la nueva diosa viva, como lo requiere la tradici\u00f3n india. Cuando empieza una guerra, debe huir de su santuario\" \/>\n<meta property=\"og:url\" content=\"https:\/\/www.editorialjuventud.es\/uma-la-pequena-diosa-9788426135971\/\" \/>\n<meta property=\"og:site_name\" content=\"Editorial Juventud\" \/>\n<meta property=\"article:modified_time\" content=\"2025-07-22T12:42:31+00:00\" \/>\n<meta property=\"og:image\" content=\"https:\/\/www.editorialjuventud.es\/wp-content\/uploads\/3597.jpg\" \/>\n\t<meta property=\"og:image:width\" content=\"369\" \/>\n\t<meta property=\"og:image:height\" content=\"450\" \/>\n\t<meta property=\"og:image:type\" content=\"image\/jpeg\" \/>\n<meta name=\"twitter:card\" content=\"summary_large_image\" \/>\n<meta name=\"twitter:label1\" content=\"Temps estimat de lectura\" \/>\n\t<meta name=\"twitter:data1\" content=\"1 minut\" \/>\n<script type=\"application\/ld+json\" class=\"yoast-schema-graph\">{\"@context\":\"https:\\\/\\\/schema.org\",\"@graph\":[{\"@type\":\"WebPage\",\"@id\":\"https:\\\/\\\/www.editorialjuventud.es\\\/uma-la-pequena-diosa-9788426135971\\\/\",\"url\":\"https:\\\/\\\/www.editorialjuventud.es\\\/uma-la-pequena-diosa-9788426135971\\\/\",\"name\":\"Uma, la peque\u00f1a diosa - Editorial Juventud\",\"isPartOf\":{\"@id\":\"https:\\\/\\\/www.editorialjuventud.es\\\/#website\"},\"primaryImageOfPage\":{\"@id\":\"https:\\\/\\\/www.editorialjuventud.es\\\/uma-la-pequena-diosa-9788426135971\\\/#primaryimage\"},\"image\":{\"@id\":\"https:\\\/\\\/www.editorialjuventud.es\\\/uma-la-pequena-diosa-9788426135971\\\/#primaryimage\"},\"thumbnailUrl\":\"https:\\\/\\\/www.editorialjuventud.es\\\/wp-content\\\/uploads\\\/3597.jpg\",\"datePublished\":\"2018-08-24T08:57:17+00:00\",\"dateModified\":\"2025-07-22T12:42:31+00:00\",\"description\":\"Uma es elegida por los sacerdotes para ser la nueva diosa viva, como lo requiere la tradici\u00f3n india. Cuando empieza una guerra, debe huir de su santuario\",\"breadcrumb\":{\"@id\":\"https:\\\/\\\/www.editorialjuventud.es\\\/uma-la-pequena-diosa-9788426135971\\\/#breadcrumb\"},\"inLanguage\":\"ca\",\"potentialAction\":[{\"@type\":\"ReadAction\",\"target\":[\"https:\\\/\\\/www.editorialjuventud.es\\\/uma-la-pequena-diosa-9788426135971\\\/\"]}]},{\"@type\":\"ImageObject\",\"inLanguage\":\"ca\",\"@id\":\"https:\\\/\\\/www.editorialjuventud.es\\\/uma-la-pequena-diosa-9788426135971\\\/#primaryimage\",\"url\":\"https:\\\/\\\/www.editorialjuventud.es\\\/wp-content\\\/uploads\\\/3597.jpg\",\"contentUrl\":\"https:\\\/\\\/www.editorialjuventud.es\\\/wp-content\\\/uploads\\\/3597.jpg\",\"width\":369,\"height\":450,\"caption\":\"3597.jpg\"},{\"@type\":\"BreadcrumbList\",\"@id\":\"https:\\\/\\\/www.editorialjuventud.es\\\/uma-la-pequena-diosa-9788426135971\\\/#breadcrumb\",\"itemListElement\":[{\"@type\":\"ListItem\",\"position\":1,\"name\":\"Portada\",\"item\":\"https:\\\/\\\/www.editorialjuventud.es\\\/\"},{\"@type\":\"ListItem\",\"position\":2,\"name\":\"cat\u00e1logo\",\"item\":\"https:\\\/\\\/www.editorialjuventud.es\\\/coleccion\\\/catalogo\\\/\"},{\"@type\":\"ListItem\",\"position\":3,\"name\":\"castellano\",\"item\":\"https:\\\/\\\/www.editorialjuventud.es\\\/coleccion\\\/castellano\\\/\"},{\"@type\":\"ListItem\",\"position\":4,\"name\":\"\u00c1lbumes Ilustrados\",\"item\":\"https:\\\/\\\/www.editorialjuventud.es\\\/coleccion\\\/albumes-ilustrados\\\/\"},{\"@type\":\"ListItem\",\"position\":5,\"name\":\"\u00a1Ya Leo Solo!\",\"item\":\"https:\\\/\\\/www.editorialjuventud.es\\\/coleccion\\\/ya-leo-solo\\\/\"},{\"@type\":\"ListItem\",\"position\":6,\"name\":\"Uma, la peque\u00f1a diosa\"}]},{\"@type\":\"WebSite\",\"@id\":\"https:\\\/\\\/www.editorialjuventud.es\\\/#website\",\"url\":\"https:\\\/\\\/www.editorialjuventud.es\\\/\",\"name\":\"Editorial Juventud\",\"description\":\"\",\"potentialAction\":[{\"@type\":\"SearchAction\",\"target\":{\"@type\":\"EntryPoint\",\"urlTemplate\":\"https:\\\/\\\/www.editorialjuventud.es\\\/?s={search_term_string}\"},\"query-input\":{\"@type\":\"PropertyValueSpecification\",\"valueRequired\":true,\"valueName\":\"search_term_string\"}}],\"inLanguage\":\"ca\"}]}<\/script>\n<!-- \/ Yoast SEO plugin. -->","yoast_head_json":{"title":"Uma, la peque\u00f1a diosa - Editorial Juventud","description":"Uma es elegida por los sacerdotes para ser la nueva diosa viva, como lo requiere la tradici\u00f3n india. Cuando empieza una guerra, debe huir de su santuario","robots":{"index":"index","follow":"follow","max-snippet":"max-snippet:-1","max-image-preview":"max-image-preview:large","max-video-preview":"max-video-preview:-1"},"canonical":"https:\/\/www.editorialjuventud.es\/uma-la-pequena-diosa-9788426135971\/","og_locale":"ca_ES","og_type":"article","og_title":"Uma, la peque\u00f1a diosa - Editorial Juventud","og_description":"Uma es elegida por los sacerdotes para ser la nueva diosa viva, como lo requiere la tradici\u00f3n india. Cuando empieza una guerra, debe huir de su santuario","og_url":"https:\/\/www.editorialjuventud.es\/uma-la-pequena-diosa-9788426135971\/","og_site_name":"Editorial Juventud","article_modified_time":"2025-07-22T12:42:31+00:00","og_image":[{"width":369,"height":450,"url":"https:\/\/www.editorialjuventud.es\/wp-content\/uploads\/3597.jpg","type":"image\/jpeg"}],"twitter_card":"summary_large_image","twitter_misc":{"Temps estimat de lectura":"1 minut"},"schema":{"@context":"https:\/\/schema.org","@graph":[{"@type":"WebPage","@id":"https:\/\/www.editorialjuventud.es\/uma-la-pequena-diosa-9788426135971\/","url":"https:\/\/www.editorialjuventud.es\/uma-la-pequena-diosa-9788426135971\/","name":"Uma, la peque\u00f1a diosa - Editorial Juventud","isPartOf":{"@id":"https:\/\/www.editorialjuventud.es\/#website"},"primaryImageOfPage":{"@id":"https:\/\/www.editorialjuventud.es\/uma-la-pequena-diosa-9788426135971\/#primaryimage"},"image":{"@id":"https:\/\/www.editorialjuventud.es\/uma-la-pequena-diosa-9788426135971\/#primaryimage"},"thumbnailUrl":"https:\/\/www.editorialjuventud.es\/wp-content\/uploads\/3597.jpg","datePublished":"2018-08-24T08:57:17+00:00","dateModified":"2025-07-22T12:42:31+00:00","description":"Uma es elegida por los sacerdotes para ser la nueva diosa viva, como lo requiere la tradici\u00f3n india. Cuando empieza una guerra, debe huir de su santuario","breadcrumb":{"@id":"https:\/\/www.editorialjuventud.es\/uma-la-pequena-diosa-9788426135971\/#breadcrumb"},"inLanguage":"ca","potentialAction":[{"@type":"ReadAction","target":["https:\/\/www.editorialjuventud.es\/uma-la-pequena-diosa-9788426135971\/"]}]},{"@type":"ImageObject","inLanguage":"ca","@id":"https:\/\/www.editorialjuventud.es\/uma-la-pequena-diosa-9788426135971\/#primaryimage","url":"https:\/\/www.editorialjuventud.es\/wp-content\/uploads\/3597.jpg","contentUrl":"https:\/\/www.editorialjuventud.es\/wp-content\/uploads\/3597.jpg","width":369,"height":450,"caption":"3597.jpg"},{"@type":"BreadcrumbList","@id":"https:\/\/www.editorialjuventud.es\/uma-la-pequena-diosa-9788426135971\/#breadcrumb","itemListElement":[{"@type":"ListItem","position":1,"name":"Portada","item":"https:\/\/www.editorialjuventud.es\/"},{"@type":"ListItem","position":2,"name":"cat\u00e1logo","item":"https:\/\/www.editorialjuventud.es\/coleccion\/catalogo\/"},{"@type":"ListItem","position":3,"name":"castellano","item":"https:\/\/www.editorialjuventud.es\/coleccion\/castellano\/"},{"@type":"ListItem","position":4,"name":"\u00c1lbumes Ilustrados","item":"https:\/\/www.editorialjuventud.es\/coleccion\/albumes-ilustrados\/"},{"@type":"ListItem","position":5,"name":"\u00a1Ya Leo Solo!","item":"https:\/\/www.editorialjuventud.es\/coleccion\/ya-leo-solo\/"},{"@type":"ListItem","position":6,"name":"Uma, la peque\u00f1a diosa"}]},{"@type":"WebSite","@id":"https:\/\/www.editorialjuventud.es\/#website","url":"https:\/\/www.editorialjuventud.es\/","name":"Editorial Juventud","description":"","potentialAction":[{"@type":"SearchAction","target":{"@type":"EntryPoint","urlTemplate":"https:\/\/www.editorialjuventud.es\/?s={search_term_string}"},"query-input":{"@type":"PropertyValueSpecification","valueRequired":true,"valueName":"search_term_string"}}],"inLanguage":"ca"}]}},"_links":{"self":[{"href":"https:\/\/www.editorialjuventud.es\/ca\/wp-json\/wp\/v2\/product\/5495","targetHints":{"allow":["GET"]}}],"collection":[{"href":"https:\/\/www.editorialjuventud.es\/ca\/wp-json\/wp\/v2\/product"}],"about":[{"href":"https:\/\/www.editorialjuventud.es\/ca\/wp-json\/wp\/v2\/types\/product"}],"wp:featuredmedia":[{"embeddable":true,"href":"https:\/\/www.editorialjuventud.es\/ca\/wp-json\/wp\/v2\/media\/9681"}],"wp:attachment":[{"href":"https:\/\/www.editorialjuventud.es\/ca\/wp-json\/wp\/v2\/media?parent=5495"}],"wp:term":[{"taxonomy":"product_brand","embeddable":true,"href":"https:\/\/www.editorialjuventud.es\/ca\/wp-json\/wp\/v2\/product_brand?post=5495"},{"taxonomy":"product_cat","embeddable":true,"href":"https:\/\/www.editorialjuventud.es\/ca\/wp-json\/wp\/v2\/product_cat?post=5495"},{"taxonomy":"product_tag","embeddable":true,"href":"https:\/\/www.editorialjuventud.es\/ca\/wp-json\/wp\/v2\/product_tag?post=5495"},{"taxonomy":"coleccion","embeddable":true,"href":"https:\/\/www.editorialjuventud.es\/ca\/wp-json\/wp\/v2\/coleccion?post=5495"}],"curies":[{"name":"wp","href":"https:\/\/api.w.org\/{rel}","templated":true}]}}