{"id":5492,"date":"2018-08-24T10:57:02","date_gmt":"2018-08-24T08:57:02","guid":{"rendered":"http:\/\/www.editorialjuventud.es\/quien-ha-sido\/"},"modified":"2025-01-22T13:37:16","modified_gmt":"2025-01-22T12:37:16","slug":"quien-ha-sido-9788426135933","status":"publish","type":"product","link":"https:\/\/www.editorialjuventud.es\/ca\/quien-ha-sido-9788426135933\/","title":{"rendered":"\u00bfQui\u00e9n ha sido?"},"content":{"rendered":"<p>Alguien le ha gastado una broma a Macario que no le ha hecho ninguna gracia, y est\u00e1 muy enfadado. &#8216;\u00bfQui\u00e9n me ha tirado la caca?&#8217;, pregunta a todo el que encuentra en tono acusador. Macario sospecha de todo el mundo. Poco pod\u00eda imaginar que el verdadero granuja estaba tan cerca. Un \u00e1lbum en clave de humor sobre el comportamiento de los animales. Un cuento escatol\u00f3gico para divertirse con los m\u00e1s peque\u00f1os. La expresividad de las ilustraciones a\u00f1ade un toque de humor al cuento.<\/p>\n","protected":false},"excerpt":{"rendered":"Alguien le ha gastado una broma a Macario que no le ha hecho ninguna gracia, y est\u00e1 muy enfadado. &#8216;\u00bfQui\u00e9n me ha tirado la caca?&#8217;, pregunta a todo el que encuentra en tono acusador. Macario sospecha de todo el mundo. [&hellip;]","protected":false},"featured_media":9651,"template":"","meta":{"_acf_changed":false,"_exactmetrics_skip_tracking":false,"_exactmetrics_sitenote_active":false,"_exactmetrics_sitenote_note":"","_exactmetrics_sitenote_category":0},"product_brand":[],"product_cat":[900,1132,1121,1184],"product_tag":[],"coleccion":[993],"class_list":{"0":"post-5492","1":"product","2":"type-product","3":"status-publish","4":"has-post-thumbnail","6":"product_cat-a-partir-de-5-anos","7":"product_cat-africa","8":"product_cat-albumes-ilustrados","9":"product_cat-humor","10":"coleccion-leer-entre-risas","12":"first","13":"instock","14":"taxable","15":"shipping-taxable","16":"purchasable","17":"product-type-simple"},"acf":{"autor":"Ben Redlich","codart":"3593","ediciones":"0","encuadernacion":"Carton\u00e9","fecha_de_publicacion":"01\/06\/2007","novedad":"0","paginas":"32","subtitulo":"","texto_web_adicional":"","texto_web_novedad":"","orden":"999","portada":"0","texto_web_resaltado":"","autores-libros":[16578],"ilustradores-libros":[16578]},"yoast_head":"<!-- This site is optimized with the Yoast SEO plugin v27.5 - https:\/\/yoast.com\/product\/yoast-seo-wordpress\/ -->\n<title>\u00bfQui\u00e9n ha sido? - Editorial Juventud<\/title>\n<meta name=\"description\" content=\"Alguien le ha gastado una broma a Macario que no le ha hecho ninguna gracia, y est\u00e1 muy enfadado. &#039;\u00bfQui\u00e9n me ha tirado la caca?&#039;, pregunta a todo el que\" \/>\n<meta name=\"robots\" content=\"index, follow, max-snippet:-1, max-image-preview:large, max-video-preview:-1\" \/>\n<link rel=\"canonical\" href=\"https:\/\/www.editorialjuventud.es\/quien-ha-sido-9788426135933\/\" \/>\n<meta property=\"og:locale\" content=\"ca_ES\" \/>\n<meta property=\"og:type\" content=\"article\" \/>\n<meta property=\"og:title\" content=\"\u00bfQui\u00e9n ha sido? - Editorial Juventud\" \/>\n<meta property=\"og:description\" content=\"Alguien le ha gastado una broma a Macario que no le ha hecho ninguna gracia, y est\u00e1 muy enfadado. &#039;\u00bfQui\u00e9n me ha tirado la caca?&#039;, pregunta a todo el que\" \/>\n<meta property=\"og:url\" content=\"https:\/\/www.editorialjuventud.es\/quien-ha-sido-9788426135933\/\" \/>\n<meta property=\"og:site_name\" content=\"Editorial Juventud\" \/>\n<meta property=\"article:modified_time\" content=\"2025-01-22T12:37:16+00:00\" \/>\n<meta property=\"og:image\" content=\"https:\/\/www.editorialjuventud.es\/wp-content\/uploads\/3593.jpg\" \/>\n\t<meta property=\"og:image:width\" content=\"396\" \/>\n\t<meta property=\"og:image:height\" content=\"400\" \/>\n\t<meta property=\"og:image:type\" content=\"image\/jpeg\" \/>\n<meta name=\"twitter:card\" content=\"summary_large_image\" \/>\n<script type=\"application\/ld+json\" class=\"yoast-schema-graph\">{\"@context\":\"https:\\\/\\\/schema.org\",\"@graph\":[{\"@type\":\"WebPage\",\"@id\":\"https:\\\/\\\/www.editorialjuventud.es\\\/quien-ha-sido-9788426135933\\\/\",\"url\":\"https:\\\/\\\/www.editorialjuventud.es\\\/quien-ha-sido-9788426135933\\\/\",\"name\":\"\u00bfQui\u00e9n ha sido? - Editorial Juventud\",\"isPartOf\":{\"@id\":\"https:\\\/\\\/www.editorialjuventud.es\\\/#website\"},\"primaryImageOfPage\":{\"@id\":\"https:\\\/\\\/www.editorialjuventud.es\\\/quien-ha-sido-9788426135933\\\/#primaryimage\"},\"image\":{\"@id\":\"https:\\\/\\\/www.editorialjuventud.es\\\/quien-ha-sido-9788426135933\\\/#primaryimage\"},\"thumbnailUrl\":\"https:\\\/\\\/www.editorialjuventud.es\\\/wp-content\\\/uploads\\\/3593.jpg\",\"datePublished\":\"2018-08-24T08:57:02+00:00\",\"dateModified\":\"2025-01-22T12:37:16+00:00\",\"description\":\"Alguien le ha gastado una broma a Macario que no le ha hecho ninguna gracia, y est\u00e1 muy enfadado. '\u00bfQui\u00e9n me ha tirado la caca?', pregunta a todo el que\",\"breadcrumb\":{\"@id\":\"https:\\\/\\\/www.editorialjuventud.es\\\/quien-ha-sido-9788426135933\\\/#breadcrumb\"},\"inLanguage\":\"ca\",\"potentialAction\":[{\"@type\":\"ReadAction\",\"target\":[\"https:\\\/\\\/www.editorialjuventud.es\\\/quien-ha-sido-9788426135933\\\/\"]}]},{\"@type\":\"ImageObject\",\"inLanguage\":\"ca\",\"@id\":\"https:\\\/\\\/www.editorialjuventud.es\\\/quien-ha-sido-9788426135933\\\/#primaryimage\",\"url\":\"https:\\\/\\\/www.editorialjuventud.es\\\/wp-content\\\/uploads\\\/3593.jpg\",\"contentUrl\":\"https:\\\/\\\/www.editorialjuventud.es\\\/wp-content\\\/uploads\\\/3593.jpg\",\"width\":396,\"height\":400,\"caption\":\"3593.jpg\"},{\"@type\":\"BreadcrumbList\",\"@id\":\"https:\\\/\\\/www.editorialjuventud.es\\\/quien-ha-sido-9788426135933\\\/#breadcrumb\",\"itemListElement\":[{\"@type\":\"ListItem\",\"position\":1,\"name\":\"Portada\",\"item\":\"https:\\\/\\\/www.editorialjuventud.es\\\/\"},{\"@type\":\"ListItem\",\"position\":2,\"name\":\"cat\u00e1logo\",\"item\":\"https:\\\/\\\/www.editorialjuventud.es\\\/coleccion\\\/catalogo\\\/\"},{\"@type\":\"ListItem\",\"position\":3,\"name\":\"castellano\",\"item\":\"https:\\\/\\\/www.editorialjuventud.es\\\/coleccion\\\/castellano\\\/\"},{\"@type\":\"ListItem\",\"position\":4,\"name\":\"\u00c1lbumes Ilustrados\",\"item\":\"https:\\\/\\\/www.editorialjuventud.es\\\/coleccion\\\/albumes-ilustrados\\\/\"},{\"@type\":\"ListItem\",\"position\":5,\"name\":\"Leer entre Risas\",\"item\":\"https:\\\/\\\/www.editorialjuventud.es\\\/coleccion\\\/leer-entre-risas\\\/\"},{\"@type\":\"ListItem\",\"position\":6,\"name\":\"\u00bfQui\u00e9n ha sido?\"}]},{\"@type\":\"WebSite\",\"@id\":\"https:\\\/\\\/www.editorialjuventud.es\\\/#website\",\"url\":\"https:\\\/\\\/www.editorialjuventud.es\\\/\",\"name\":\"Editorial Juventud\",\"description\":\"\",\"potentialAction\":[{\"@type\":\"SearchAction\",\"target\":{\"@type\":\"EntryPoint\",\"urlTemplate\":\"https:\\\/\\\/www.editorialjuventud.es\\\/?s={search_term_string}\"},\"query-input\":{\"@type\":\"PropertyValueSpecification\",\"valueRequired\":true,\"valueName\":\"search_term_string\"}}],\"inLanguage\":\"ca\"}]}<\/script>\n<!-- \/ Yoast SEO plugin. -->","yoast_head_json":{"title":"\u00bfQui\u00e9n ha sido? - Editorial Juventud","description":"Alguien le ha gastado una broma a Macario que no le ha hecho ninguna gracia, y est\u00e1 muy enfadado. '\u00bfQui\u00e9n me ha tirado la caca?', pregunta a todo el que","robots":{"index":"index","follow":"follow","max-snippet":"max-snippet:-1","max-image-preview":"max-image-preview:large","max-video-preview":"max-video-preview:-1"},"canonical":"https:\/\/www.editorialjuventud.es\/quien-ha-sido-9788426135933\/","og_locale":"ca_ES","og_type":"article","og_title":"\u00bfQui\u00e9n ha sido? - Editorial Juventud","og_description":"Alguien le ha gastado una broma a Macario que no le ha hecho ninguna gracia, y est\u00e1 muy enfadado. '\u00bfQui\u00e9n me ha tirado la caca?', pregunta a todo el que","og_url":"https:\/\/www.editorialjuventud.es\/quien-ha-sido-9788426135933\/","og_site_name":"Editorial Juventud","article_modified_time":"2025-01-22T12:37:16+00:00","og_image":[{"width":396,"height":400,"url":"https:\/\/www.editorialjuventud.es\/wp-content\/uploads\/3593.jpg","type":"image\/jpeg"}],"twitter_card":"summary_large_image","schema":{"@context":"https:\/\/schema.org","@graph":[{"@type":"WebPage","@id":"https:\/\/www.editorialjuventud.es\/quien-ha-sido-9788426135933\/","url":"https:\/\/www.editorialjuventud.es\/quien-ha-sido-9788426135933\/","name":"\u00bfQui\u00e9n ha sido? - Editorial Juventud","isPartOf":{"@id":"https:\/\/www.editorialjuventud.es\/#website"},"primaryImageOfPage":{"@id":"https:\/\/www.editorialjuventud.es\/quien-ha-sido-9788426135933\/#primaryimage"},"image":{"@id":"https:\/\/www.editorialjuventud.es\/quien-ha-sido-9788426135933\/#primaryimage"},"thumbnailUrl":"https:\/\/www.editorialjuventud.es\/wp-content\/uploads\/3593.jpg","datePublished":"2018-08-24T08:57:02+00:00","dateModified":"2025-01-22T12:37:16+00:00","description":"Alguien le ha gastado una broma a Macario que no le ha hecho ninguna gracia, y est\u00e1 muy enfadado. '\u00bfQui\u00e9n me ha tirado la caca?', pregunta a todo el que","breadcrumb":{"@id":"https:\/\/www.editorialjuventud.es\/quien-ha-sido-9788426135933\/#breadcrumb"},"inLanguage":"ca","potentialAction":[{"@type":"ReadAction","target":["https:\/\/www.editorialjuventud.es\/quien-ha-sido-9788426135933\/"]}]},{"@type":"ImageObject","inLanguage":"ca","@id":"https:\/\/www.editorialjuventud.es\/quien-ha-sido-9788426135933\/#primaryimage","url":"https:\/\/www.editorialjuventud.es\/wp-content\/uploads\/3593.jpg","contentUrl":"https:\/\/www.editorialjuventud.es\/wp-content\/uploads\/3593.jpg","width":396,"height":400,"caption":"3593.jpg"},{"@type":"BreadcrumbList","@id":"https:\/\/www.editorialjuventud.es\/quien-ha-sido-9788426135933\/#breadcrumb","itemListElement":[{"@type":"ListItem","position":1,"name":"Portada","item":"https:\/\/www.editorialjuventud.es\/"},{"@type":"ListItem","position":2,"name":"cat\u00e1logo","item":"https:\/\/www.editorialjuventud.es\/coleccion\/catalogo\/"},{"@type":"ListItem","position":3,"name":"castellano","item":"https:\/\/www.editorialjuventud.es\/coleccion\/castellano\/"},{"@type":"ListItem","position":4,"name":"\u00c1lbumes Ilustrados","item":"https:\/\/www.editorialjuventud.es\/coleccion\/albumes-ilustrados\/"},{"@type":"ListItem","position":5,"name":"Leer entre Risas","item":"https:\/\/www.editorialjuventud.es\/coleccion\/leer-entre-risas\/"},{"@type":"ListItem","position":6,"name":"\u00bfQui\u00e9n ha sido?"}]},{"@type":"WebSite","@id":"https:\/\/www.editorialjuventud.es\/#website","url":"https:\/\/www.editorialjuventud.es\/","name":"Editorial Juventud","description":"","potentialAction":[{"@type":"SearchAction","target":{"@type":"EntryPoint","urlTemplate":"https:\/\/www.editorialjuventud.es\/?s={search_term_string}"},"query-input":{"@type":"PropertyValueSpecification","valueRequired":true,"valueName":"search_term_string"}}],"inLanguage":"ca"}]}},"_links":{"self":[{"href":"https:\/\/www.editorialjuventud.es\/ca\/wp-json\/wp\/v2\/product\/5492","targetHints":{"allow":["GET"]}}],"collection":[{"href":"https:\/\/www.editorialjuventud.es\/ca\/wp-json\/wp\/v2\/product"}],"about":[{"href":"https:\/\/www.editorialjuventud.es\/ca\/wp-json\/wp\/v2\/types\/product"}],"wp:featuredmedia":[{"embeddable":true,"href":"https:\/\/www.editorialjuventud.es\/ca\/wp-json\/wp\/v2\/media\/9651"}],"wp:attachment":[{"href":"https:\/\/www.editorialjuventud.es\/ca\/wp-json\/wp\/v2\/media?parent=5492"}],"wp:term":[{"taxonomy":"product_brand","embeddable":true,"href":"https:\/\/www.editorialjuventud.es\/ca\/wp-json\/wp\/v2\/product_brand?post=5492"},{"taxonomy":"product_cat","embeddable":true,"href":"https:\/\/www.editorialjuventud.es\/ca\/wp-json\/wp\/v2\/product_cat?post=5492"},{"taxonomy":"product_tag","embeddable":true,"href":"https:\/\/www.editorialjuventud.es\/ca\/wp-json\/wp\/v2\/product_tag?post=5492"},{"taxonomy":"coleccion","embeddable":true,"href":"https:\/\/www.editorialjuventud.es\/ca\/wp-json\/wp\/v2\/coleccion?post=5492"}],"curies":[{"name":"wp","href":"https:\/\/api.w.org\/{rel}","templated":true}]}}