{"id":5489,"date":"2018-08-24T10:56:45","date_gmt":"2018-08-24T08:56:45","guid":{"rendered":"http:\/\/www.editorialjuventud.es\/la-maria-esta-malalta\/"},"modified":"2021-06-16T22:34:40","modified_gmt":"2021-06-16T20:34:40","slug":"la-maria-esta-malalta-9788426135902","status":"publish","type":"product","link":"https:\/\/www.editorialjuventud.es\/ca\/la-maria-esta-malalta-9788426135902\/","title":{"rendered":"La Maria est\u00e0 malalta"},"content":{"rendered":"<p>A l&#8217;aixecar-se, la Mar\u00eda nota que li fa mal la gola i t\u00e9 febre. El seu pare decideix dur-la a la pediatra. La doctora Roca \u00e9s molt simp\u00e0tica i l\u0092hi explica tot molt b\u00e9. Amb aquest llibre, els nens aprendran tot all\u00f2 que han de saber sobre com \u00e9s una visita al pediatre, com s\u00f3n les malalties infantils m\u00e9s freq\u00fcents, i els m\u00e8todes d\u0092an\u00e0lisis m\u00e9s importants.<\/p>\n","protected":false},"excerpt":{"rendered":"A l&#8217;aixecar-se, la Mar\u00eda nota que li fa mal la gola i t\u00e9 febre. El seu pare decideix dur-la a la pediatra. La doctora Roca \u00e9s molt simp\u00e0tica i l\u0092hi explica tot molt b\u00e9. Amb aquest llibre, els nens aprendran [&hellip;]","protected":false},"featured_media":9627,"template":"","meta":{"_acf_changed":false,"_exactmetrics_skip_tracking":false,"_exactmetrics_sitenote_active":false,"_exactmetrics_sitenote_note":"","_exactmetrics_sitenote_category":0},"product_brand":[],"product_cat":[900,1159,892,1115,1123,1206,1128],"product_tag":[],"coleccion":[917,915,946,1036],"class_list":{"0":"post-5489","1":"product","2":"type-product","3":"status-publish","4":"has-post-thumbnail","6":"product_cat-a-partir-de-5-anos","7":"product_cat-cuerpo-humano-anatomia","8":"product_cat-edades","9":"product_cat-generos","10":"product_cat-libros-informativos-infantil","11":"product_cat-pediatra","12":"product_cat-tematica","13":"coleccion-albums-illustrats","14":"coleccion-catala","15":"coleccion-com-i-per-que","16":"coleccion-el-meu-cos","18":"first","19":"instock","20":"taxable","21":"shipping-taxable","22":"purchasable","23":"product-type-simple"},"acf":{"autores-libros":[16645],"ilustradores-libros":[17508],"traductores-libros":[18276]},"yoast_head":"<!-- This site is optimized with the Yoast SEO plugin v27.5 - https:\/\/yoast.com\/product\/yoast-seo-wordpress\/ -->\n<title>La Maria est\u00e0 malalta - Editorial Juventud<\/title>\n<meta name=\"description\" content=\"A l&#039;aixecar-se, la Mar\u00eda nota que li fa mal la gola i t\u00e9 febre. El seu pare decideix dur-la a la pediatra. La doctora Roca \u00e9s molt simp\u00e0tica i l\u0092hi\" \/>\n<meta name=\"robots\" content=\"index, follow, max-snippet:-1, max-image-preview:large, max-video-preview:-1\" \/>\n<link rel=\"canonical\" href=\"https:\/\/www.editorialjuventud.es\/la-maria-esta-malalta-9788426135902\/\" \/>\n<meta property=\"og:locale\" content=\"ca_ES\" \/>\n<meta property=\"og:type\" content=\"article\" \/>\n<meta property=\"og:title\" content=\"La Maria est\u00e0 malalta - Editorial Juventud\" \/>\n<meta property=\"og:description\" content=\"A l&#039;aixecar-se, la Mar\u00eda nota que li fa mal la gola i t\u00e9 febre. El seu pare decideix dur-la a la pediatra. La doctora Roca \u00e9s molt simp\u00e0tica i l\u0092hi\" \/>\n<meta property=\"og:url\" content=\"https:\/\/www.editorialjuventud.es\/la-maria-esta-malalta-9788426135902\/\" \/>\n<meta property=\"og:site_name\" content=\"Editorial Juventud\" \/>\n<meta property=\"article:modified_time\" content=\"2021-06-16T20:34:40+00:00\" \/>\n<meta property=\"og:image\" content=\"https:\/\/www.editorialjuventud.es\/wp-content\/uploads\/3590.jpg\" \/>\n\t<meta property=\"og:image:width\" content=\"478\" \/>\n\t<meta property=\"og:image:height\" content=\"450\" \/>\n\t<meta property=\"og:image:type\" content=\"image\/jpeg\" \/>\n<meta name=\"twitter:card\" content=\"summary_large_image\" \/>\n<script type=\"application\/ld+json\" class=\"yoast-schema-graph\">{\"@context\":\"https:\\\/\\\/schema.org\",\"@graph\":[{\"@type\":\"WebPage\",\"@id\":\"https:\\\/\\\/www.editorialjuventud.es\\\/la-maria-esta-malalta-9788426135902\\\/\",\"url\":\"https:\\\/\\\/www.editorialjuventud.es\\\/la-maria-esta-malalta-9788426135902\\\/\",\"name\":\"La Maria est\u00e0 malalta - Editorial Juventud\",\"isPartOf\":{\"@id\":\"https:\\\/\\\/www.editorialjuventud.es\\\/#website\"},\"primaryImageOfPage\":{\"@id\":\"https:\\\/\\\/www.editorialjuventud.es\\\/la-maria-esta-malalta-9788426135902\\\/#primaryimage\"},\"image\":{\"@id\":\"https:\\\/\\\/www.editorialjuventud.es\\\/la-maria-esta-malalta-9788426135902\\\/#primaryimage\"},\"thumbnailUrl\":\"https:\\\/\\\/www.editorialjuventud.es\\\/wp-content\\\/uploads\\\/3590.jpg\",\"datePublished\":\"2018-08-24T08:56:45+00:00\",\"dateModified\":\"2021-06-16T20:34:40+00:00\",\"description\":\"A l'aixecar-se, la Mar\u00eda nota que li fa mal la gola i t\u00e9 febre. El seu pare decideix dur-la a la pediatra. La doctora Roca \u00e9s molt simp\u00e0tica i l\u0092hi\",\"breadcrumb\":{\"@id\":\"https:\\\/\\\/www.editorialjuventud.es\\\/la-maria-esta-malalta-9788426135902\\\/#breadcrumb\"},\"inLanguage\":\"ca\",\"potentialAction\":[{\"@type\":\"ReadAction\",\"target\":[\"https:\\\/\\\/www.editorialjuventud.es\\\/la-maria-esta-malalta-9788426135902\\\/\"]}]},{\"@type\":\"ImageObject\",\"inLanguage\":\"ca\",\"@id\":\"https:\\\/\\\/www.editorialjuventud.es\\\/la-maria-esta-malalta-9788426135902\\\/#primaryimage\",\"url\":\"https:\\\/\\\/www.editorialjuventud.es\\\/wp-content\\\/uploads\\\/3590.jpg\",\"contentUrl\":\"https:\\\/\\\/www.editorialjuventud.es\\\/wp-content\\\/uploads\\\/3590.jpg\",\"width\":478,\"height\":450,\"caption\":\"3590.jpg\"},{\"@type\":\"BreadcrumbList\",\"@id\":\"https:\\\/\\\/www.editorialjuventud.es\\\/la-maria-esta-malalta-9788426135902\\\/#breadcrumb\",\"itemListElement\":[{\"@type\":\"ListItem\",\"position\":1,\"name\":\"Portada\",\"item\":\"https:\\\/\\\/www.editorialjuventud.es\\\/\"},{\"@type\":\"ListItem\",\"position\":2,\"name\":\"cat\u00e1logo\",\"item\":\"https:\\\/\\\/www.editorialjuventud.es\\\/coleccion\\\/catalogo\\\/\"},{\"@type\":\"ListItem\",\"position\":3,\"name\":\"catal\u00e0\",\"item\":\"https:\\\/\\\/www.editorialjuventud.es\\\/coleccion\\\/catala\\\/\"},{\"@type\":\"ListItem\",\"position\":4,\"name\":\"\u00c0lbums Il\u00b7lustrats\",\"item\":\"https:\\\/\\\/www.editorialjuventud.es\\\/coleccion\\\/albums-il%c2%b7lustrats\\\/\"},{\"@type\":\"ListItem\",\"position\":5,\"name\":\"Com i Per qu\u00e8\",\"item\":\"https:\\\/\\\/www.editorialjuventud.es\\\/coleccion\\\/com-i-per-que\\\/\"},{\"@type\":\"ListItem\",\"position\":6,\"name\":\"El Meu Cos\",\"item\":\"https:\\\/\\\/www.editorialjuventud.es\\\/coleccion\\\/el-meu-cos\\\/\"},{\"@type\":\"ListItem\",\"position\":7,\"name\":\"La Maria est\u00e0 malalta\"}]},{\"@type\":\"WebSite\",\"@id\":\"https:\\\/\\\/www.editorialjuventud.es\\\/#website\",\"url\":\"https:\\\/\\\/www.editorialjuventud.es\\\/\",\"name\":\"Editorial Juventud\",\"description\":\"\",\"potentialAction\":[{\"@type\":\"SearchAction\",\"target\":{\"@type\":\"EntryPoint\",\"urlTemplate\":\"https:\\\/\\\/www.editorialjuventud.es\\\/?s={search_term_string}\"},\"query-input\":{\"@type\":\"PropertyValueSpecification\",\"valueRequired\":true,\"valueName\":\"search_term_string\"}}],\"inLanguage\":\"ca\"}]}<\/script>\n<!-- \/ Yoast SEO plugin. -->","yoast_head_json":{"title":"La Maria est\u00e0 malalta - Editorial Juventud","description":"A l'aixecar-se, la Mar\u00eda nota que li fa mal la gola i t\u00e9 febre. El seu pare decideix dur-la a la pediatra. La doctora Roca \u00e9s molt simp\u00e0tica i l\u0092hi","robots":{"index":"index","follow":"follow","max-snippet":"max-snippet:-1","max-image-preview":"max-image-preview:large","max-video-preview":"max-video-preview:-1"},"canonical":"https:\/\/www.editorialjuventud.es\/la-maria-esta-malalta-9788426135902\/","og_locale":"ca_ES","og_type":"article","og_title":"La Maria est\u00e0 malalta - Editorial Juventud","og_description":"A l'aixecar-se, la Mar\u00eda nota que li fa mal la gola i t\u00e9 febre. El seu pare decideix dur-la a la pediatra. La doctora Roca \u00e9s molt simp\u00e0tica i l\u0092hi","og_url":"https:\/\/www.editorialjuventud.es\/la-maria-esta-malalta-9788426135902\/","og_site_name":"Editorial Juventud","article_modified_time":"2021-06-16T20:34:40+00:00","og_image":[{"width":478,"height":450,"url":"https:\/\/www.editorialjuventud.es\/wp-content\/uploads\/3590.jpg","type":"image\/jpeg"}],"twitter_card":"summary_large_image","schema":{"@context":"https:\/\/schema.org","@graph":[{"@type":"WebPage","@id":"https:\/\/www.editorialjuventud.es\/la-maria-esta-malalta-9788426135902\/","url":"https:\/\/www.editorialjuventud.es\/la-maria-esta-malalta-9788426135902\/","name":"La Maria est\u00e0 malalta - Editorial Juventud","isPartOf":{"@id":"https:\/\/www.editorialjuventud.es\/#website"},"primaryImageOfPage":{"@id":"https:\/\/www.editorialjuventud.es\/la-maria-esta-malalta-9788426135902\/#primaryimage"},"image":{"@id":"https:\/\/www.editorialjuventud.es\/la-maria-esta-malalta-9788426135902\/#primaryimage"},"thumbnailUrl":"https:\/\/www.editorialjuventud.es\/wp-content\/uploads\/3590.jpg","datePublished":"2018-08-24T08:56:45+00:00","dateModified":"2021-06-16T20:34:40+00:00","description":"A l'aixecar-se, la Mar\u00eda nota que li fa mal la gola i t\u00e9 febre. El seu pare decideix dur-la a la pediatra. La doctora Roca \u00e9s molt simp\u00e0tica i l\u0092hi","breadcrumb":{"@id":"https:\/\/www.editorialjuventud.es\/la-maria-esta-malalta-9788426135902\/#breadcrumb"},"inLanguage":"ca","potentialAction":[{"@type":"ReadAction","target":["https:\/\/www.editorialjuventud.es\/la-maria-esta-malalta-9788426135902\/"]}]},{"@type":"ImageObject","inLanguage":"ca","@id":"https:\/\/www.editorialjuventud.es\/la-maria-esta-malalta-9788426135902\/#primaryimage","url":"https:\/\/www.editorialjuventud.es\/wp-content\/uploads\/3590.jpg","contentUrl":"https:\/\/www.editorialjuventud.es\/wp-content\/uploads\/3590.jpg","width":478,"height":450,"caption":"3590.jpg"},{"@type":"BreadcrumbList","@id":"https:\/\/www.editorialjuventud.es\/la-maria-esta-malalta-9788426135902\/#breadcrumb","itemListElement":[{"@type":"ListItem","position":1,"name":"Portada","item":"https:\/\/www.editorialjuventud.es\/"},{"@type":"ListItem","position":2,"name":"cat\u00e1logo","item":"https:\/\/www.editorialjuventud.es\/coleccion\/catalogo\/"},{"@type":"ListItem","position":3,"name":"catal\u00e0","item":"https:\/\/www.editorialjuventud.es\/coleccion\/catala\/"},{"@type":"ListItem","position":4,"name":"\u00c0lbums Il\u00b7lustrats","item":"https:\/\/www.editorialjuventud.es\/coleccion\/albums-il%c2%b7lustrats\/"},{"@type":"ListItem","position":5,"name":"Com i Per qu\u00e8","item":"https:\/\/www.editorialjuventud.es\/coleccion\/com-i-per-que\/"},{"@type":"ListItem","position":6,"name":"El Meu Cos","item":"https:\/\/www.editorialjuventud.es\/coleccion\/el-meu-cos\/"},{"@type":"ListItem","position":7,"name":"La Maria est\u00e0 malalta"}]},{"@type":"WebSite","@id":"https:\/\/www.editorialjuventud.es\/#website","url":"https:\/\/www.editorialjuventud.es\/","name":"Editorial Juventud","description":"","potentialAction":[{"@type":"SearchAction","target":{"@type":"EntryPoint","urlTemplate":"https:\/\/www.editorialjuventud.es\/?s={search_term_string}"},"query-input":{"@type":"PropertyValueSpecification","valueRequired":true,"valueName":"search_term_string"}}],"inLanguage":"ca"}]}},"_links":{"self":[{"href":"https:\/\/www.editorialjuventud.es\/ca\/wp-json\/wp\/v2\/product\/5489","targetHints":{"allow":["GET"]}}],"collection":[{"href":"https:\/\/www.editorialjuventud.es\/ca\/wp-json\/wp\/v2\/product"}],"about":[{"href":"https:\/\/www.editorialjuventud.es\/ca\/wp-json\/wp\/v2\/types\/product"}],"wp:featuredmedia":[{"embeddable":true,"href":"https:\/\/www.editorialjuventud.es\/ca\/wp-json\/wp\/v2\/media\/9627"}],"wp:attachment":[{"href":"https:\/\/www.editorialjuventud.es\/ca\/wp-json\/wp\/v2\/media?parent=5489"}],"wp:term":[{"taxonomy":"product_brand","embeddable":true,"href":"https:\/\/www.editorialjuventud.es\/ca\/wp-json\/wp\/v2\/product_brand?post=5489"},{"taxonomy":"product_cat","embeddable":true,"href":"https:\/\/www.editorialjuventud.es\/ca\/wp-json\/wp\/v2\/product_cat?post=5489"},{"taxonomy":"product_tag","embeddable":true,"href":"https:\/\/www.editorialjuventud.es\/ca\/wp-json\/wp\/v2\/product_tag?post=5489"},{"taxonomy":"coleccion","embeddable":true,"href":"https:\/\/www.editorialjuventud.es\/ca\/wp-json\/wp\/v2\/coleccion?post=5489"}],"curies":[{"name":"wp","href":"https:\/\/api.w.org\/{rel}","templated":true}]}}