{"id":5485,"date":"2018-08-24T10:56:22","date_gmt":"2018-08-24T08:56:22","guid":{"rendered":"http:\/\/www.editorialjuventud.es\/el-mundo-de-gerald-mercator\/"},"modified":"2025-07-23T09:36:11","modified_gmt":"2025-07-23T07:36:11","slug":"el-mundo-de-gerard-mercator-9788426135865","status":"publish","type":"product","link":"https:\/\/www.editorialjuventud.es\/ca\/el-mundo-de-gerard-mercator-9788426135865\/","title":{"rendered":"El mundo de Gerard Mercator"},"content":{"rendered":"<p>Mientras los grandes exploradores llegaban con asombrosas y extravagantes historias del Nuevo Mundo, los estudiosos batallaban con el problema de representar los territorios descubiertos en una simple hoja de papel. Estaba en juego la vida de miles de navegantes y las riquezas de las naciones. Hubo que esperar hasta el siglo XVI, \u00e9poca de gran agitaci\u00f3n intelectual, para que un hombre encontrara la soluci\u00f3n: la proyecci\u00f3n Mercator, que sigue siendo en nuestros d\u00edas la manera como se representa el mundo.<br \/>En esta apasionante biograf\u00eda, Andrew Taylor relata c\u00f3mo Gerard Mercator se convirti\u00f3 en uno de los pensadores m\u00e1s destacados de esta turbulenta \u00e9poca. Fue encarcelado por la Inquisici\u00f3n y amenazado de muerte y torturas. Sin embargo su trabajo fue reconocido por emperadores, pr\u00edncipes y eruditos.<br \/>Este libro es una cautivadora aproximaci\u00f3n a la cartograf\u00eda, una fascinante conjunci\u00f3n entre ciencia y arte, as\u00ed como la vida de un hombre valiente que dio forma a nuestro mundo, sin haber embarcado nunca.<br \/>Andrew Taylor es escritor y periodista. Es el autor de God\u2019s fugitive, la aclamada biograf\u00eda sobre el viajero y poeta Charles Doughty, y Travelling the Sands, la historia de la exploraci\u00f3n de la pen\u00ednsula ar\u00e1biga. Vive en Berkshire y viaja a menudo por Europa y Medio Oriente. \u201cDe la particular curiosidad intelectual de Taylor, una esmerada investigaci\u00f3n y una lograda prosa, ha resultado un interesante cuadro de la poco conocida figura que plane\u00f3 nuestras vidas. El resultado es un Mercator vivo y fascinante. El enfoque de Taylor es apasionante. Esta es una de las biograf\u00edas hist\u00f3ricas de los \u00faltimos a\u00f1os.\u201d JOHN SIMPSON.<\/p>\n","protected":false},"excerpt":{"rendered":"Mientras los grandes exploradores llegaban con asombrosas y extravagantes historias del Nuevo Mundo, los estudiosos batallaban con el problema de representar los territorios descubiertos en una simple hoja de papel. Estaba en juego la vida de miles de navegantes y [&hellip;]","protected":false},"featured_media":9591,"template":"","meta":{"_acf_changed":false,"_exactmetrics_skip_tracking":false,"_exactmetrics_sitenote_active":false,"_exactmetrics_sitenote_note":"","_exactmetrics_sitenote_category":0},"product_brand":[],"product_cat":[905,1178,1120,1207,1128],"product_tag":[],"coleccion":[1079,936,1088],"class_list":{"0":"post-5485","1":"product","2":"type-product","3":"status-publish","4":"has-post-thumbnail","6":"product_cat-adulto","7":"product_cat-geografia","8":"product_cat-nautica","9":"product_cat-personajes-reales","10":"product_cat-tematica","11":"coleccion-astrolabio","12":"coleccion-lecturas-en-torno-al-mar","13":"coleccion-narrativa-maritima-lecturas-entorno-al-mar","15":"first","16":"outofstock","17":"taxable","18":"shipping-taxable","19":"purchasable","20":"product-type-simple"},"acf":{"autor":"Andrew Taylor","codart":"3586","ediciones":"1","encuadernacion":"Geltex","fecha_de_publicacion":"18\/10\/2007","novedad":"0","paginas":"272","subtitulo":"","texto_web_adicional":"","texto_web_novedad":"","orden":"999","portada":"0","texto_web_resaltado":"","autores-libros":[27078],"traductores-libros":[18280]},"yoast_head":"<!-- This site is optimized with the Yoast SEO plugin v27.5 - https:\/\/yoast.com\/product\/yoast-seo-wordpress\/ -->\n<title>El mundo de Gerard Mercator - Editorial Juventud<\/title>\n<meta name=\"description\" content=\"Mientras los grandes exploradores llegaban con asombrosas y extravagantes historias del Nuevo Mundo, los estudiosos batallaban con el problema de\" \/>\n<meta name=\"robots\" content=\"index, follow, max-snippet:-1, max-image-preview:large, max-video-preview:-1\" \/>\n<link rel=\"canonical\" href=\"https:\/\/www.editorialjuventud.es\/el-mundo-de-gerard-mercator-9788426135865\/\" \/>\n<meta property=\"og:locale\" content=\"ca_ES\" \/>\n<meta property=\"og:type\" content=\"article\" \/>\n<meta property=\"og:title\" content=\"El mundo de Gerard Mercator - Editorial Juventud\" \/>\n<meta property=\"og:description\" content=\"Mientras los grandes exploradores llegaban con asombrosas y extravagantes historias del Nuevo Mundo, los estudiosos batallaban con el problema de\" \/>\n<meta property=\"og:url\" content=\"https:\/\/www.editorialjuventud.es\/el-mundo-de-gerard-mercator-9788426135865\/\" \/>\n<meta property=\"og:site_name\" content=\"Editorial Juventud\" \/>\n<meta property=\"article:modified_time\" content=\"2025-07-23T07:36:11+00:00\" \/>\n<meta property=\"og:image\" content=\"https:\/\/www.editorialjuventud.es\/wp-content\/uploads\/3586.jpg\" \/>\n\t<meta property=\"og:image:width\" content=\"316\" \/>\n\t<meta property=\"og:image:height\" content=\"450\" \/>\n\t<meta property=\"og:image:type\" content=\"image\/jpeg\" \/>\n<meta name=\"twitter:card\" content=\"summary_large_image\" \/>\n<meta name=\"twitter:label1\" content=\"Temps estimat de lectura\" \/>\n\t<meta name=\"twitter:data1\" content=\"1 minut\" \/>\n<script type=\"application\/ld+json\" class=\"yoast-schema-graph\">{\"@context\":\"https:\\\/\\\/schema.org\",\"@graph\":[{\"@type\":\"WebPage\",\"@id\":\"https:\\\/\\\/www.editorialjuventud.es\\\/el-mundo-de-gerard-mercator-9788426135865\\\/\",\"url\":\"https:\\\/\\\/www.editorialjuventud.es\\\/el-mundo-de-gerard-mercator-9788426135865\\\/\",\"name\":\"El mundo de Gerard Mercator - Editorial Juventud\",\"isPartOf\":{\"@id\":\"https:\\\/\\\/www.editorialjuventud.es\\\/#website\"},\"primaryImageOfPage\":{\"@id\":\"https:\\\/\\\/www.editorialjuventud.es\\\/el-mundo-de-gerard-mercator-9788426135865\\\/#primaryimage\"},\"image\":{\"@id\":\"https:\\\/\\\/www.editorialjuventud.es\\\/el-mundo-de-gerard-mercator-9788426135865\\\/#primaryimage\"},\"thumbnailUrl\":\"https:\\\/\\\/www.editorialjuventud.es\\\/wp-content\\\/uploads\\\/3586.jpg\",\"datePublished\":\"2018-08-24T08:56:22+00:00\",\"dateModified\":\"2025-07-23T07:36:11+00:00\",\"description\":\"Mientras los grandes exploradores llegaban con asombrosas y extravagantes historias del Nuevo Mundo, los estudiosos batallaban con el problema de\",\"breadcrumb\":{\"@id\":\"https:\\\/\\\/www.editorialjuventud.es\\\/el-mundo-de-gerard-mercator-9788426135865\\\/#breadcrumb\"},\"inLanguage\":\"ca\",\"potentialAction\":[{\"@type\":\"ReadAction\",\"target\":[\"https:\\\/\\\/www.editorialjuventud.es\\\/el-mundo-de-gerard-mercator-9788426135865\\\/\"]}]},{\"@type\":\"ImageObject\",\"inLanguage\":\"ca\",\"@id\":\"https:\\\/\\\/www.editorialjuventud.es\\\/el-mundo-de-gerard-mercator-9788426135865\\\/#primaryimage\",\"url\":\"https:\\\/\\\/www.editorialjuventud.es\\\/wp-content\\\/uploads\\\/3586.jpg\",\"contentUrl\":\"https:\\\/\\\/www.editorialjuventud.es\\\/wp-content\\\/uploads\\\/3586.jpg\",\"width\":316,\"height\":450,\"caption\":\"3586.jpg\"},{\"@type\":\"BreadcrumbList\",\"@id\":\"https:\\\/\\\/www.editorialjuventud.es\\\/el-mundo-de-gerard-mercator-9788426135865\\\/#breadcrumb\",\"itemListElement\":[{\"@type\":\"ListItem\",\"position\":1,\"name\":\"Portada\",\"item\":\"https:\\\/\\\/www.editorialjuventud.es\\\/\"},{\"@type\":\"ListItem\",\"position\":2,\"name\":\"cat\u00e1logo\",\"item\":\"https:\\\/\\\/www.editorialjuventud.es\\\/coleccion\\\/catalogo\\\/\"},{\"@type\":\"ListItem\",\"position\":3,\"name\":\"castellano\",\"item\":\"https:\\\/\\\/www.editorialjuventud.es\\\/coleccion\\\/castellano\\\/\"},{\"@type\":\"ListItem\",\"position\":4,\"name\":\"Lecturas En torno al Mar\",\"item\":\"https:\\\/\\\/www.editorialjuventud.es\\\/coleccion\\\/lecturas-en-torno-al-mar\\\/\"},{\"@type\":\"ListItem\",\"position\":5,\"name\":\"Narrativa Mar\u00edtima\",\"item\":\"https:\\\/\\\/www.editorialjuventud.es\\\/ca\\\/coleccion\\\/narrativa-maritima-lecturas-entorno-al-mar\\\/\"},{\"@type\":\"ListItem\",\"position\":6,\"name\":\"Astrolabio\",\"item\":\"https:\\\/\\\/www.editorialjuventud.es\\\/coleccion\\\/astrolabio\\\/\"},{\"@type\":\"ListItem\",\"position\":7,\"name\":\"El mundo de Gerard Mercator\"}]},{\"@type\":\"WebSite\",\"@id\":\"https:\\\/\\\/www.editorialjuventud.es\\\/#website\",\"url\":\"https:\\\/\\\/www.editorialjuventud.es\\\/\",\"name\":\"Editorial Juventud\",\"description\":\"\",\"potentialAction\":[{\"@type\":\"SearchAction\",\"target\":{\"@type\":\"EntryPoint\",\"urlTemplate\":\"https:\\\/\\\/www.editorialjuventud.es\\\/?s={search_term_string}\"},\"query-input\":{\"@type\":\"PropertyValueSpecification\",\"valueRequired\":true,\"valueName\":\"search_term_string\"}}],\"inLanguage\":\"ca\"}]}<\/script>\n<!-- \/ Yoast SEO plugin. -->","yoast_head_json":{"title":"El mundo de Gerard Mercator - Editorial Juventud","description":"Mientras los grandes exploradores llegaban con asombrosas y extravagantes historias del Nuevo Mundo, los estudiosos batallaban con el problema de","robots":{"index":"index","follow":"follow","max-snippet":"max-snippet:-1","max-image-preview":"max-image-preview:large","max-video-preview":"max-video-preview:-1"},"canonical":"https:\/\/www.editorialjuventud.es\/el-mundo-de-gerard-mercator-9788426135865\/","og_locale":"ca_ES","og_type":"article","og_title":"El mundo de Gerard Mercator - Editorial Juventud","og_description":"Mientras los grandes exploradores llegaban con asombrosas y extravagantes historias del Nuevo Mundo, los estudiosos batallaban con el problema de","og_url":"https:\/\/www.editorialjuventud.es\/el-mundo-de-gerard-mercator-9788426135865\/","og_site_name":"Editorial Juventud","article_modified_time":"2025-07-23T07:36:11+00:00","og_image":[{"width":316,"height":450,"url":"https:\/\/www.editorialjuventud.es\/wp-content\/uploads\/3586.jpg","type":"image\/jpeg"}],"twitter_card":"summary_large_image","twitter_misc":{"Temps estimat de lectura":"1 minut"},"schema":{"@context":"https:\/\/schema.org","@graph":[{"@type":"WebPage","@id":"https:\/\/www.editorialjuventud.es\/el-mundo-de-gerard-mercator-9788426135865\/","url":"https:\/\/www.editorialjuventud.es\/el-mundo-de-gerard-mercator-9788426135865\/","name":"El mundo de Gerard Mercator - Editorial Juventud","isPartOf":{"@id":"https:\/\/www.editorialjuventud.es\/#website"},"primaryImageOfPage":{"@id":"https:\/\/www.editorialjuventud.es\/el-mundo-de-gerard-mercator-9788426135865\/#primaryimage"},"image":{"@id":"https:\/\/www.editorialjuventud.es\/el-mundo-de-gerard-mercator-9788426135865\/#primaryimage"},"thumbnailUrl":"https:\/\/www.editorialjuventud.es\/wp-content\/uploads\/3586.jpg","datePublished":"2018-08-24T08:56:22+00:00","dateModified":"2025-07-23T07:36:11+00:00","description":"Mientras los grandes exploradores llegaban con asombrosas y extravagantes historias del Nuevo Mundo, los estudiosos batallaban con el problema de","breadcrumb":{"@id":"https:\/\/www.editorialjuventud.es\/el-mundo-de-gerard-mercator-9788426135865\/#breadcrumb"},"inLanguage":"ca","potentialAction":[{"@type":"ReadAction","target":["https:\/\/www.editorialjuventud.es\/el-mundo-de-gerard-mercator-9788426135865\/"]}]},{"@type":"ImageObject","inLanguage":"ca","@id":"https:\/\/www.editorialjuventud.es\/el-mundo-de-gerard-mercator-9788426135865\/#primaryimage","url":"https:\/\/www.editorialjuventud.es\/wp-content\/uploads\/3586.jpg","contentUrl":"https:\/\/www.editorialjuventud.es\/wp-content\/uploads\/3586.jpg","width":316,"height":450,"caption":"3586.jpg"},{"@type":"BreadcrumbList","@id":"https:\/\/www.editorialjuventud.es\/el-mundo-de-gerard-mercator-9788426135865\/#breadcrumb","itemListElement":[{"@type":"ListItem","position":1,"name":"Portada","item":"https:\/\/www.editorialjuventud.es\/"},{"@type":"ListItem","position":2,"name":"cat\u00e1logo","item":"https:\/\/www.editorialjuventud.es\/coleccion\/catalogo\/"},{"@type":"ListItem","position":3,"name":"castellano","item":"https:\/\/www.editorialjuventud.es\/coleccion\/castellano\/"},{"@type":"ListItem","position":4,"name":"Lecturas En torno al Mar","item":"https:\/\/www.editorialjuventud.es\/coleccion\/lecturas-en-torno-al-mar\/"},{"@type":"ListItem","position":5,"name":"Narrativa Mar\u00edtima","item":"https:\/\/www.editorialjuventud.es\/ca\/coleccion\/narrativa-maritima-lecturas-entorno-al-mar\/"},{"@type":"ListItem","position":6,"name":"Astrolabio","item":"https:\/\/www.editorialjuventud.es\/coleccion\/astrolabio\/"},{"@type":"ListItem","position":7,"name":"El mundo de Gerard Mercator"}]},{"@type":"WebSite","@id":"https:\/\/www.editorialjuventud.es\/#website","url":"https:\/\/www.editorialjuventud.es\/","name":"Editorial Juventud","description":"","potentialAction":[{"@type":"SearchAction","target":{"@type":"EntryPoint","urlTemplate":"https:\/\/www.editorialjuventud.es\/?s={search_term_string}"},"query-input":{"@type":"PropertyValueSpecification","valueRequired":true,"valueName":"search_term_string"}}],"inLanguage":"ca"}]}},"_links":{"self":[{"href":"https:\/\/www.editorialjuventud.es\/ca\/wp-json\/wp\/v2\/product\/5485","targetHints":{"allow":["GET"]}}],"collection":[{"href":"https:\/\/www.editorialjuventud.es\/ca\/wp-json\/wp\/v2\/product"}],"about":[{"href":"https:\/\/www.editorialjuventud.es\/ca\/wp-json\/wp\/v2\/types\/product"}],"wp:featuredmedia":[{"embeddable":true,"href":"https:\/\/www.editorialjuventud.es\/ca\/wp-json\/wp\/v2\/media\/9591"}],"wp:attachment":[{"href":"https:\/\/www.editorialjuventud.es\/ca\/wp-json\/wp\/v2\/media?parent=5485"}],"wp:term":[{"taxonomy":"product_brand","embeddable":true,"href":"https:\/\/www.editorialjuventud.es\/ca\/wp-json\/wp\/v2\/product_brand?post=5485"},{"taxonomy":"product_cat","embeddable":true,"href":"https:\/\/www.editorialjuventud.es\/ca\/wp-json\/wp\/v2\/product_cat?post=5485"},{"taxonomy":"product_tag","embeddable":true,"href":"https:\/\/www.editorialjuventud.es\/ca\/wp-json\/wp\/v2\/product_tag?post=5485"},{"taxonomy":"coleccion","embeddable":true,"href":"https:\/\/www.editorialjuventud.es\/ca\/wp-json\/wp\/v2\/coleccion?post=5485"}],"curies":[{"name":"wp","href":"https:\/\/api.w.org\/{rel}","templated":true}]}}