{"id":5483,"date":"2018-08-24T12:56:09","date_gmt":"2018-08-24T08:56:09","guid":{"rendered":"http:\/\/www.editorialjuventud.es\/latitud\/"},"modified":"2025-07-23T09:36:22","modified_gmt":"2025-07-23T07:36:22","slug":"latitud-9788426135841","status":"publish","type":"product","link":"https:\/\/www.editorialjuventud.es\/ca\/latitud-9788426135841\/","title":{"rendered":"Latitud"},"content":{"rendered":"<p>William Gilbert, m\u00e9dico de la reina Isabel I de Inglaterra, fue el cient\u00edfico m\u00e1s destacado de su reinado. Gilbert acu\u00f1\u00f3 el t\u00e9rmino \u00abelectricidad\u00bb, fue el padre del estudio de la energ\u00eda el\u00e9ctrica adem\u00e1s de ser el descubridor del magnetismo terrestre. Y sin embargo, es un gran desconocido.<br \/>\nGracias a su amistad con los grandes navegantes de la \u00e9poca, Gilbert conoc\u00eda el curioso comportamiento de la agujas magn\u00e9ticas de br\u00fajulas y compases, y la declinaci\u00f3n magn\u00e9tica. Al formular su teor\u00eda de que la Tierra era un enorme im\u00e1n, un cuerpo enorme dotado de &#8220;alma magn\u00e9tica&#8221;, Gilbert desafi\u00f3 a la ortodoxia cient\u00edfica de su \u00e9poca e inici\u00f3 una batalla que culminar\u00eda en la actual concepci\u00f3n sobre el magnetismo terrestre.<\/p>\n<p>Este libro fue distinguido con el \u00faltimo Premio DINGLE, que otorga la British Society for the History of Science.<br \/>\n&#8220;Pumfrey re\u00fane datos cient\u00edficos y filos\u00f3ficos con una soltura impresionante y logra dar cuerpo al personaje enigm\u00e1tico de Gilbert.&#8221;  New Scientist.<\/p>\n","protected":false},"excerpt":{"rendered":"William Gilbert, m\u00e9dico de la reina Isabel I de Inglaterra, fue el cient\u00edfico m\u00e1s destacado de su reinado. Gilbert acu\u00f1\u00f3 el t\u00e9rmino \u00abelectricidad\u00bb, fue el padre del estudio de la energ\u00eda el\u00e9ctrica adem\u00e1s de ser el descubridor del magnetismo terrestre. [&hellip;]","protected":false},"featured_media":9561,"template":"","meta":{"_acf_changed":false,"_exactmetrics_skip_tracking":false,"_exactmetrics_sitenote_active":false,"_exactmetrics_sitenote_note":"","_exactmetrics_sitenote_category":0},"product_brand":[],"product_cat":[905,1178,1120,1207,1128],"product_tag":[],"coleccion":[1079,936,1088],"class_list":{"0":"post-5483","1":"product","2":"type-product","3":"status-publish","4":"has-post-thumbnail","6":"product_cat-adulto","7":"product_cat-geografia","8":"product_cat-nautica","9":"product_cat-personajes-reales","10":"product_cat-tematica","11":"coleccion-astrolabio","12":"coleccion-lecturas-en-torno-al-mar","13":"coleccion-narrativa-maritima-lecturas-entorno-al-mar","15":"first","16":"outofstock","17":"taxable","18":"shipping-taxable","19":"purchasable","20":"product-type-simple"},"acf":{"autor":"Pumfrey, Stephen","codart":"3584-6","ediciones":"1","encuadernacion":"Geltex","fecha_de_publicacion":"28\/01\/2008","novedad":"0","paginas":"256","subtitulo":"LA VERDADERA HISTORIA DEL DESCUBRIDOR DEL MAGNETISMO TERRESTRE","texto_web_adicional":"","texto_web_novedad":"","orden":"999","portada":"0","texto_web_resaltado":"","autores-libros":[16565],"traductores-libros":[18280]},"yoast_head":"<!-- This site is optimized with the Yoast SEO plugin v27.5 - https:\/\/yoast.com\/product\/yoast-seo-wordpress\/ -->\n<title>Latitud - Editorial Juventud<\/title>\n<meta name=\"description\" content=\"William Gilbert, m\u00e9dico de la reina Isabel I de Inglaterra, fue el cient\u00edfico m\u00e1s destacado de su reinado. Gilbert acu\u00f1\u00f3 el t\u00e9rmino \u00abelectricidad\u00bb, fue el\" \/>\n<meta name=\"robots\" content=\"index, follow, max-snippet:-1, max-image-preview:large, max-video-preview:-1\" \/>\n<link rel=\"canonical\" href=\"https:\/\/www.editorialjuventud.es\/latitud-9788426135841\/\" \/>\n<meta property=\"og:locale\" content=\"ca_ES\" \/>\n<meta property=\"og:type\" content=\"article\" \/>\n<meta property=\"og:title\" content=\"Latitud - Editorial Juventud\" \/>\n<meta property=\"og:description\" content=\"William Gilbert, m\u00e9dico de la reina Isabel I de Inglaterra, fue el cient\u00edfico m\u00e1s destacado de su reinado. Gilbert acu\u00f1\u00f3 el t\u00e9rmino \u00abelectricidad\u00bb, fue el\" \/>\n<meta property=\"og:url\" content=\"https:\/\/www.editorialjuventud.es\/latitud-9788426135841\/\" \/>\n<meta property=\"og:site_name\" content=\"Editorial Juventud\" \/>\n<meta property=\"article:modified_time\" content=\"2025-07-23T07:36:22+00:00\" \/>\n<meta property=\"og:image\" content=\"https:\/\/www.editorialjuventud.es\/wp-content\/uploads\/3584.jpg\" \/>\n\t<meta property=\"og:image:width\" content=\"292\" \/>\n\t<meta property=\"og:image:height\" content=\"450\" \/>\n\t<meta property=\"og:image:type\" content=\"image\/jpeg\" \/>\n<meta name=\"twitter:card\" content=\"summary_large_image\" \/>\n<meta name=\"twitter:label1\" content=\"Temps estimat de lectura\" \/>\n\t<meta name=\"twitter:data1\" content=\"1 minut\" \/>\n<script type=\"application\/ld+json\" class=\"yoast-schema-graph\">{\"@context\":\"https:\\\/\\\/schema.org\",\"@graph\":[{\"@type\":\"WebPage\",\"@id\":\"https:\\\/\\\/www.editorialjuventud.es\\\/latitud-9788426135841\\\/\",\"url\":\"https:\\\/\\\/www.editorialjuventud.es\\\/latitud-9788426135841\\\/\",\"name\":\"Latitud - Editorial Juventud\",\"isPartOf\":{\"@id\":\"https:\\\/\\\/www.editorialjuventud.es\\\/#website\"},\"primaryImageOfPage\":{\"@id\":\"https:\\\/\\\/www.editorialjuventud.es\\\/latitud-9788426135841\\\/#primaryimage\"},\"image\":{\"@id\":\"https:\\\/\\\/www.editorialjuventud.es\\\/latitud-9788426135841\\\/#primaryimage\"},\"thumbnailUrl\":\"https:\\\/\\\/www.editorialjuventud.es\\\/wp-content\\\/uploads\\\/3584.jpg\",\"datePublished\":\"2018-08-24T08:56:09+00:00\",\"dateModified\":\"2025-07-23T07:36:22+00:00\",\"description\":\"William Gilbert, m\u00e9dico de la reina Isabel I de Inglaterra, fue el cient\u00edfico m\u00e1s destacado de su reinado. Gilbert acu\u00f1\u00f3 el t\u00e9rmino \u00abelectricidad\u00bb, fue el\",\"breadcrumb\":{\"@id\":\"https:\\\/\\\/www.editorialjuventud.es\\\/latitud-9788426135841\\\/#breadcrumb\"},\"inLanguage\":\"ca\",\"potentialAction\":[{\"@type\":\"ReadAction\",\"target\":[\"https:\\\/\\\/www.editorialjuventud.es\\\/latitud-9788426135841\\\/\"]}]},{\"@type\":\"ImageObject\",\"inLanguage\":\"ca\",\"@id\":\"https:\\\/\\\/www.editorialjuventud.es\\\/latitud-9788426135841\\\/#primaryimage\",\"url\":\"https:\\\/\\\/www.editorialjuventud.es\\\/wp-content\\\/uploads\\\/3584.jpg\",\"contentUrl\":\"https:\\\/\\\/www.editorialjuventud.es\\\/wp-content\\\/uploads\\\/3584.jpg\",\"width\":292,\"height\":450,\"caption\":\"3584.jpg\"},{\"@type\":\"BreadcrumbList\",\"@id\":\"https:\\\/\\\/www.editorialjuventud.es\\\/latitud-9788426135841\\\/#breadcrumb\",\"itemListElement\":[{\"@type\":\"ListItem\",\"position\":1,\"name\":\"Portada\",\"item\":\"https:\\\/\\\/www.editorialjuventud.es\\\/\"},{\"@type\":\"ListItem\",\"position\":2,\"name\":\"cat\u00e1logo\",\"item\":\"https:\\\/\\\/www.editorialjuventud.es\\\/coleccion\\\/catalogo\\\/\"},{\"@type\":\"ListItem\",\"position\":3,\"name\":\"castellano\",\"item\":\"https:\\\/\\\/www.editorialjuventud.es\\\/coleccion\\\/castellano\\\/\"},{\"@type\":\"ListItem\",\"position\":4,\"name\":\"Lecturas En torno al Mar\",\"item\":\"https:\\\/\\\/www.editorialjuventud.es\\\/coleccion\\\/lecturas-en-torno-al-mar\\\/\"},{\"@type\":\"ListItem\",\"position\":5,\"name\":\"Narrativa Mar\u00edtima\",\"item\":\"https:\\\/\\\/www.editorialjuventud.es\\\/ca\\\/coleccion\\\/narrativa-maritima-lecturas-entorno-al-mar\\\/\"},{\"@type\":\"ListItem\",\"position\":6,\"name\":\"Astrolabio\",\"item\":\"https:\\\/\\\/www.editorialjuventud.es\\\/coleccion\\\/astrolabio\\\/\"},{\"@type\":\"ListItem\",\"position\":7,\"name\":\"Latitud\"}]},{\"@type\":\"WebSite\",\"@id\":\"https:\\\/\\\/www.editorialjuventud.es\\\/#website\",\"url\":\"https:\\\/\\\/www.editorialjuventud.es\\\/\",\"name\":\"Editorial Juventud\",\"description\":\"\",\"potentialAction\":[{\"@type\":\"SearchAction\",\"target\":{\"@type\":\"EntryPoint\",\"urlTemplate\":\"https:\\\/\\\/www.editorialjuventud.es\\\/?s={search_term_string}\"},\"query-input\":{\"@type\":\"PropertyValueSpecification\",\"valueRequired\":true,\"valueName\":\"search_term_string\"}}],\"inLanguage\":\"ca\"}]}<\/script>\n<!-- \/ Yoast SEO plugin. -->","yoast_head_json":{"title":"Latitud - Editorial Juventud","description":"William Gilbert, m\u00e9dico de la reina Isabel I de Inglaterra, fue el cient\u00edfico m\u00e1s destacado de su reinado. Gilbert acu\u00f1\u00f3 el t\u00e9rmino \u00abelectricidad\u00bb, fue el","robots":{"index":"index","follow":"follow","max-snippet":"max-snippet:-1","max-image-preview":"max-image-preview:large","max-video-preview":"max-video-preview:-1"},"canonical":"https:\/\/www.editorialjuventud.es\/latitud-9788426135841\/","og_locale":"ca_ES","og_type":"article","og_title":"Latitud - Editorial Juventud","og_description":"William Gilbert, m\u00e9dico de la reina Isabel I de Inglaterra, fue el cient\u00edfico m\u00e1s destacado de su reinado. Gilbert acu\u00f1\u00f3 el t\u00e9rmino \u00abelectricidad\u00bb, fue el","og_url":"https:\/\/www.editorialjuventud.es\/latitud-9788426135841\/","og_site_name":"Editorial Juventud","article_modified_time":"2025-07-23T07:36:22+00:00","og_image":[{"width":292,"height":450,"url":"https:\/\/www.editorialjuventud.es\/wp-content\/uploads\/3584.jpg","type":"image\/jpeg"}],"twitter_card":"summary_large_image","twitter_misc":{"Temps estimat de lectura":"1 minut"},"schema":{"@context":"https:\/\/schema.org","@graph":[{"@type":"WebPage","@id":"https:\/\/www.editorialjuventud.es\/latitud-9788426135841\/","url":"https:\/\/www.editorialjuventud.es\/latitud-9788426135841\/","name":"Latitud - Editorial Juventud","isPartOf":{"@id":"https:\/\/www.editorialjuventud.es\/#website"},"primaryImageOfPage":{"@id":"https:\/\/www.editorialjuventud.es\/latitud-9788426135841\/#primaryimage"},"image":{"@id":"https:\/\/www.editorialjuventud.es\/latitud-9788426135841\/#primaryimage"},"thumbnailUrl":"https:\/\/www.editorialjuventud.es\/wp-content\/uploads\/3584.jpg","datePublished":"2018-08-24T08:56:09+00:00","dateModified":"2025-07-23T07:36:22+00:00","description":"William Gilbert, m\u00e9dico de la reina Isabel I de Inglaterra, fue el cient\u00edfico m\u00e1s destacado de su reinado. Gilbert acu\u00f1\u00f3 el t\u00e9rmino \u00abelectricidad\u00bb, fue el","breadcrumb":{"@id":"https:\/\/www.editorialjuventud.es\/latitud-9788426135841\/#breadcrumb"},"inLanguage":"ca","potentialAction":[{"@type":"ReadAction","target":["https:\/\/www.editorialjuventud.es\/latitud-9788426135841\/"]}]},{"@type":"ImageObject","inLanguage":"ca","@id":"https:\/\/www.editorialjuventud.es\/latitud-9788426135841\/#primaryimage","url":"https:\/\/www.editorialjuventud.es\/wp-content\/uploads\/3584.jpg","contentUrl":"https:\/\/www.editorialjuventud.es\/wp-content\/uploads\/3584.jpg","width":292,"height":450,"caption":"3584.jpg"},{"@type":"BreadcrumbList","@id":"https:\/\/www.editorialjuventud.es\/latitud-9788426135841\/#breadcrumb","itemListElement":[{"@type":"ListItem","position":1,"name":"Portada","item":"https:\/\/www.editorialjuventud.es\/"},{"@type":"ListItem","position":2,"name":"cat\u00e1logo","item":"https:\/\/www.editorialjuventud.es\/coleccion\/catalogo\/"},{"@type":"ListItem","position":3,"name":"castellano","item":"https:\/\/www.editorialjuventud.es\/coleccion\/castellano\/"},{"@type":"ListItem","position":4,"name":"Lecturas En torno al Mar","item":"https:\/\/www.editorialjuventud.es\/coleccion\/lecturas-en-torno-al-mar\/"},{"@type":"ListItem","position":5,"name":"Narrativa Mar\u00edtima","item":"https:\/\/www.editorialjuventud.es\/ca\/coleccion\/narrativa-maritima-lecturas-entorno-al-mar\/"},{"@type":"ListItem","position":6,"name":"Astrolabio","item":"https:\/\/www.editorialjuventud.es\/coleccion\/astrolabio\/"},{"@type":"ListItem","position":7,"name":"Latitud"}]},{"@type":"WebSite","@id":"https:\/\/www.editorialjuventud.es\/#website","url":"https:\/\/www.editorialjuventud.es\/","name":"Editorial Juventud","description":"","potentialAction":[{"@type":"SearchAction","target":{"@type":"EntryPoint","urlTemplate":"https:\/\/www.editorialjuventud.es\/?s={search_term_string}"},"query-input":{"@type":"PropertyValueSpecification","valueRequired":true,"valueName":"search_term_string"}}],"inLanguage":"ca"}]}},"_links":{"self":[{"href":"https:\/\/www.editorialjuventud.es\/ca\/wp-json\/wp\/v2\/product\/5483","targetHints":{"allow":["GET"]}}],"collection":[{"href":"https:\/\/www.editorialjuventud.es\/ca\/wp-json\/wp\/v2\/product"}],"about":[{"href":"https:\/\/www.editorialjuventud.es\/ca\/wp-json\/wp\/v2\/types\/product"}],"wp:featuredmedia":[{"embeddable":true,"href":"https:\/\/www.editorialjuventud.es\/ca\/wp-json\/wp\/v2\/media\/9561"}],"wp:attachment":[{"href":"https:\/\/www.editorialjuventud.es\/ca\/wp-json\/wp\/v2\/media?parent=5483"}],"wp:term":[{"taxonomy":"product_brand","embeddable":true,"href":"https:\/\/www.editorialjuventud.es\/ca\/wp-json\/wp\/v2\/product_brand?post=5483"},{"taxonomy":"product_cat","embeddable":true,"href":"https:\/\/www.editorialjuventud.es\/ca\/wp-json\/wp\/v2\/product_cat?post=5483"},{"taxonomy":"product_tag","embeddable":true,"href":"https:\/\/www.editorialjuventud.es\/ca\/wp-json\/wp\/v2\/product_tag?post=5483"},{"taxonomy":"coleccion","embeddable":true,"href":"https:\/\/www.editorialjuventud.es\/ca\/wp-json\/wp\/v2\/coleccion?post=5483"}],"curies":[{"name":"wp","href":"https:\/\/api.w.org\/{rel}","templated":true}]}}