{"id":5482,"date":"2018-08-24T10:56:05","date_gmt":"2018-08-24T08:56:05","guid":{"rendered":"http:\/\/www.editorialjuventud.es\/la-bibliotecaria-de-bassora\/"},"modified":"2025-01-22T13:38:05","modified_gmt":"2025-01-22T12:38:05","slug":"la-bibliotecaria-de-bassora-9788426135834","status":"publish","type":"product","link":"https:\/\/www.editorialjuventud.es\/ca\/la-bibliotecaria-de-bassora-9788426135834\/","title":{"rendered":"La bibliotec\u00e0ria de B\u00e0ssora"},"content":{"rendered":"<p>L\u2019Alia Muhammad Baker \u00e9s la bibliotec\u00e0ria de B\u00e0ssora, a l\u2019Iraq. Durant catorze anys la biblioteca ha estat un lloc de trobada per a tots aquells que estimen els llibres. Fins que va comen\u00e7ar la invasi\u00f3 d\u2019Iraq.<br \/>En un pa\u00eds fustigat per la guerra, on els civils, i especialment les dones, tenen poc poder, aquesta hist\u00f2ria real sobre la lluita d\u2019una bibliotec\u00e0ria per salvar la valuosa col\u2022lecci\u00f3 de llibres de la comunitat ens recorda que, arreu del m\u00f3n, l\u2019amor per la literatura i el respecte pel coneixement no coneixen fronteres.<\/p>\n","protected":false},"excerpt":{"rendered":"L\u2019Alia Muhammad Baker \u00e9s la bibliotec\u00e0ria de B\u00e0ssora, a l\u2019Iraq. Durant catorze anys la biblioteca ha estat un lloc de trobada per a tots aquells que estimen els llibres. Fins que va comen\u00e7ar la invasi\u00f3 d\u2019Iraq.En un pa\u00eds fustigat per [&hellip;]","protected":false},"featured_media":9549,"template":"","meta":{"_acf_changed":false,"_exactmetrics_skip_tracking":false,"_exactmetrics_sitenote_active":false,"_exactmetrics_sitenote_note":"","_exactmetrics_sitenote_category":0},"product_brand":[],"product_cat":[902,1121,1155,1156,1180,1222,1223],"product_tag":[],"coleccion":[955],"class_list":{"0":"post-5482","1":"product","2":"type-product","3":"status-publish","4":"has-post-thumbnail","6":"product_cat-a-partir-de-7-anos","7":"product_cat-albumes-ilustrados","8":"product_cat-conflictos","9":"product_cat-cooperacion","10":"product_cat-guerra","11":"product_cat-superacion","12":"product_cat-supervivencia","13":"coleccion-llibres-i-biblioteques","15":"first","16":"instock","17":"taxable","18":"shipping-taxable","19":"purchasable","20":"product-type-simple"},"acf":{"autor":"Winter, Jeanette","codart":"3583-8","ediciones":"1","encuadernacion":"Carton\u00e9","fecha_de_publicacion":"01\/01\/2010","novedad":"0","paginas":"32","subtitulo":"Una hist\u00f2ria real de l'Iraq","texto_web_adicional":"","texto_web_novedad":"","orden":"999","portada":"0","texto_web_resaltado":"","indice":"","autores-libros":[16687],"ilustradores-libros":[16687],"traductores-libros":[58416,17430],"fecha_de_reimpresion":"","descripcion_corta":"","recomendamos":"","mas_vendido":"","idioma-libro":"","color":false,"formato":"","mas_informacion_del_producto":false,"premios":false,"deshabilitar_compra":["deshabilitar"],"texto_enlace_cubierta":"","enlace_cubierta":false,"texto_enlace_ficha_tecnica":"","enlace_ficha_tecnica":false,"ficheros":false,"titulo-fr":"","texto-fr":""},"yoast_head":"<!-- This site is optimized with the Yoast SEO plugin v27.5 - https:\/\/yoast.com\/product\/yoast-seo-wordpress\/ -->\n<title>La bibliotec\u00e0ria de B\u00e0ssora - Editorial Juventud<\/title>\n<meta name=\"description\" content=\"L\u2019Alia Muhammad Baker \u00e9s la bibliotec\u00e0ria de B\u00e0ssora, a l\u2019Iraq. Durant catorze anys la biblioteca ha estat un lloc de trobada per a tots aquells que\" \/>\n<meta name=\"robots\" content=\"index, follow, max-snippet:-1, max-image-preview:large, max-video-preview:-1\" \/>\n<link rel=\"canonical\" href=\"https:\/\/www.editorialjuventud.es\/la-bibliotecaria-de-bassora-9788426135834\/\" \/>\n<meta property=\"og:locale\" content=\"ca_ES\" \/>\n<meta property=\"og:type\" content=\"article\" \/>\n<meta property=\"og:title\" content=\"La bibliotec\u00e0ria de B\u00e0ssora - Editorial Juventud\" \/>\n<meta property=\"og:description\" content=\"L\u2019Alia Muhammad Baker \u00e9s la bibliotec\u00e0ria de B\u00e0ssora, a l\u2019Iraq. Durant catorze anys la biblioteca ha estat un lloc de trobada per a tots aquells que\" \/>\n<meta property=\"og:url\" content=\"https:\/\/www.editorialjuventud.es\/la-bibliotecaria-de-bassora-9788426135834\/\" \/>\n<meta property=\"og:site_name\" content=\"Editorial Juventud\" \/>\n<meta property=\"article:modified_time\" content=\"2025-01-22T12:38:05+00:00\" \/>\n<meta property=\"og:image\" content=\"https:\/\/www.editorialjuventud.es\/wp-content\/uploads\/3583.jpg\" \/>\n\t<meta property=\"og:image:width\" content=\"291\" \/>\n\t<meta property=\"og:image:height\" content=\"400\" \/>\n\t<meta property=\"og:image:type\" content=\"image\/jpeg\" \/>\n<meta name=\"twitter:card\" content=\"summary_large_image\" \/>\n<meta name=\"twitter:label1\" content=\"Temps estimat de lectura\" \/>\n\t<meta name=\"twitter:data1\" content=\"1 minut\" \/>\n<script type=\"application\/ld+json\" class=\"yoast-schema-graph\">{\"@context\":\"https:\\\/\\\/schema.org\",\"@graph\":[{\"@type\":\"WebPage\",\"@id\":\"https:\\\/\\\/www.editorialjuventud.es\\\/la-bibliotecaria-de-bassora-9788426135834\\\/\",\"url\":\"https:\\\/\\\/www.editorialjuventud.es\\\/la-bibliotecaria-de-bassora-9788426135834\\\/\",\"name\":\"La bibliotec\u00e0ria de B\u00e0ssora - Editorial Juventud\",\"isPartOf\":{\"@id\":\"https:\\\/\\\/www.editorialjuventud.es\\\/#website\"},\"primaryImageOfPage\":{\"@id\":\"https:\\\/\\\/www.editorialjuventud.es\\\/la-bibliotecaria-de-bassora-9788426135834\\\/#primaryimage\"},\"image\":{\"@id\":\"https:\\\/\\\/www.editorialjuventud.es\\\/la-bibliotecaria-de-bassora-9788426135834\\\/#primaryimage\"},\"thumbnailUrl\":\"https:\\\/\\\/www.editorialjuventud.es\\\/wp-content\\\/uploads\\\/3583.jpg\",\"datePublished\":\"2018-08-24T08:56:05+00:00\",\"dateModified\":\"2025-01-22T12:38:05+00:00\",\"description\":\"L\u2019Alia Muhammad Baker \u00e9s la bibliotec\u00e0ria de B\u00e0ssora, a l\u2019Iraq. Durant catorze anys la biblioteca ha estat un lloc de trobada per a tots aquells que\",\"breadcrumb\":{\"@id\":\"https:\\\/\\\/www.editorialjuventud.es\\\/la-bibliotecaria-de-bassora-9788426135834\\\/#breadcrumb\"},\"inLanguage\":\"ca\",\"potentialAction\":[{\"@type\":\"ReadAction\",\"target\":[\"https:\\\/\\\/www.editorialjuventud.es\\\/la-bibliotecaria-de-bassora-9788426135834\\\/\"]}]},{\"@type\":\"ImageObject\",\"inLanguage\":\"ca\",\"@id\":\"https:\\\/\\\/www.editorialjuventud.es\\\/la-bibliotecaria-de-bassora-9788426135834\\\/#primaryimage\",\"url\":\"https:\\\/\\\/www.editorialjuventud.es\\\/wp-content\\\/uploads\\\/3583.jpg\",\"contentUrl\":\"https:\\\/\\\/www.editorialjuventud.es\\\/wp-content\\\/uploads\\\/3583.jpg\",\"width\":291,\"height\":400,\"caption\":\"3583.jpg\"},{\"@type\":\"BreadcrumbList\",\"@id\":\"https:\\\/\\\/www.editorialjuventud.es\\\/la-bibliotecaria-de-bassora-9788426135834\\\/#breadcrumb\",\"itemListElement\":[{\"@type\":\"ListItem\",\"position\":1,\"name\":\"Portada\",\"item\":\"https:\\\/\\\/www.editorialjuventud.es\\\/\"},{\"@type\":\"ListItem\",\"position\":2,\"name\":\"cat\u00e1logo\",\"item\":\"https:\\\/\\\/www.editorialjuventud.es\\\/coleccion\\\/catalogo\\\/\"},{\"@type\":\"ListItem\",\"position\":3,\"name\":\"catal\u00e0\",\"item\":\"https:\\\/\\\/www.editorialjuventud.es\\\/coleccion\\\/catala\\\/\"},{\"@type\":\"ListItem\",\"position\":4,\"name\":\"\u00c0lbums Il\u00b7lustrats\",\"item\":\"https:\\\/\\\/www.editorialjuventud.es\\\/coleccion\\\/albums-il%c2%b7lustrats\\\/\"},{\"@type\":\"ListItem\",\"position\":5,\"name\":\"Llibres i Biblioteques\",\"item\":\"https:\\\/\\\/www.editorialjuventud.es\\\/coleccion\\\/llibres-i-biblioteques\\\/\"},{\"@type\":\"ListItem\",\"position\":6,\"name\":\"La bibliotec\u00e0ria de B\u00e0ssora\"}]},{\"@type\":\"WebSite\",\"@id\":\"https:\\\/\\\/www.editorialjuventud.es\\\/#website\",\"url\":\"https:\\\/\\\/www.editorialjuventud.es\\\/\",\"name\":\"Editorial Juventud\",\"description\":\"\",\"potentialAction\":[{\"@type\":\"SearchAction\",\"target\":{\"@type\":\"EntryPoint\",\"urlTemplate\":\"https:\\\/\\\/www.editorialjuventud.es\\\/?s={search_term_string}\"},\"query-input\":{\"@type\":\"PropertyValueSpecification\",\"valueRequired\":true,\"valueName\":\"search_term_string\"}}],\"inLanguage\":\"ca\"}]}<\/script>\n<!-- \/ Yoast SEO plugin. -->","yoast_head_json":{"title":"La bibliotec\u00e0ria de B\u00e0ssora - Editorial Juventud","description":"L\u2019Alia Muhammad Baker \u00e9s la bibliotec\u00e0ria de B\u00e0ssora, a l\u2019Iraq. Durant catorze anys la biblioteca ha estat un lloc de trobada per a tots aquells que","robots":{"index":"index","follow":"follow","max-snippet":"max-snippet:-1","max-image-preview":"max-image-preview:large","max-video-preview":"max-video-preview:-1"},"canonical":"https:\/\/www.editorialjuventud.es\/la-bibliotecaria-de-bassora-9788426135834\/","og_locale":"ca_ES","og_type":"article","og_title":"La bibliotec\u00e0ria de B\u00e0ssora - Editorial Juventud","og_description":"L\u2019Alia Muhammad Baker \u00e9s la bibliotec\u00e0ria de B\u00e0ssora, a l\u2019Iraq. Durant catorze anys la biblioteca ha estat un lloc de trobada per a tots aquells que","og_url":"https:\/\/www.editorialjuventud.es\/la-bibliotecaria-de-bassora-9788426135834\/","og_site_name":"Editorial Juventud","article_modified_time":"2025-01-22T12:38:05+00:00","og_image":[{"width":291,"height":400,"url":"https:\/\/www.editorialjuventud.es\/wp-content\/uploads\/3583.jpg","type":"image\/jpeg"}],"twitter_card":"summary_large_image","twitter_misc":{"Temps estimat de lectura":"1 minut"},"schema":{"@context":"https:\/\/schema.org","@graph":[{"@type":"WebPage","@id":"https:\/\/www.editorialjuventud.es\/la-bibliotecaria-de-bassora-9788426135834\/","url":"https:\/\/www.editorialjuventud.es\/la-bibliotecaria-de-bassora-9788426135834\/","name":"La bibliotec\u00e0ria de B\u00e0ssora - Editorial Juventud","isPartOf":{"@id":"https:\/\/www.editorialjuventud.es\/#website"},"primaryImageOfPage":{"@id":"https:\/\/www.editorialjuventud.es\/la-bibliotecaria-de-bassora-9788426135834\/#primaryimage"},"image":{"@id":"https:\/\/www.editorialjuventud.es\/la-bibliotecaria-de-bassora-9788426135834\/#primaryimage"},"thumbnailUrl":"https:\/\/www.editorialjuventud.es\/wp-content\/uploads\/3583.jpg","datePublished":"2018-08-24T08:56:05+00:00","dateModified":"2025-01-22T12:38:05+00:00","description":"L\u2019Alia Muhammad Baker \u00e9s la bibliotec\u00e0ria de B\u00e0ssora, a l\u2019Iraq. Durant catorze anys la biblioteca ha estat un lloc de trobada per a tots aquells que","breadcrumb":{"@id":"https:\/\/www.editorialjuventud.es\/la-bibliotecaria-de-bassora-9788426135834\/#breadcrumb"},"inLanguage":"ca","potentialAction":[{"@type":"ReadAction","target":["https:\/\/www.editorialjuventud.es\/la-bibliotecaria-de-bassora-9788426135834\/"]}]},{"@type":"ImageObject","inLanguage":"ca","@id":"https:\/\/www.editorialjuventud.es\/la-bibliotecaria-de-bassora-9788426135834\/#primaryimage","url":"https:\/\/www.editorialjuventud.es\/wp-content\/uploads\/3583.jpg","contentUrl":"https:\/\/www.editorialjuventud.es\/wp-content\/uploads\/3583.jpg","width":291,"height":400,"caption":"3583.jpg"},{"@type":"BreadcrumbList","@id":"https:\/\/www.editorialjuventud.es\/la-bibliotecaria-de-bassora-9788426135834\/#breadcrumb","itemListElement":[{"@type":"ListItem","position":1,"name":"Portada","item":"https:\/\/www.editorialjuventud.es\/"},{"@type":"ListItem","position":2,"name":"cat\u00e1logo","item":"https:\/\/www.editorialjuventud.es\/coleccion\/catalogo\/"},{"@type":"ListItem","position":3,"name":"catal\u00e0","item":"https:\/\/www.editorialjuventud.es\/coleccion\/catala\/"},{"@type":"ListItem","position":4,"name":"\u00c0lbums Il\u00b7lustrats","item":"https:\/\/www.editorialjuventud.es\/coleccion\/albums-il%c2%b7lustrats\/"},{"@type":"ListItem","position":5,"name":"Llibres i Biblioteques","item":"https:\/\/www.editorialjuventud.es\/coleccion\/llibres-i-biblioteques\/"},{"@type":"ListItem","position":6,"name":"La bibliotec\u00e0ria de B\u00e0ssora"}]},{"@type":"WebSite","@id":"https:\/\/www.editorialjuventud.es\/#website","url":"https:\/\/www.editorialjuventud.es\/","name":"Editorial Juventud","description":"","potentialAction":[{"@type":"SearchAction","target":{"@type":"EntryPoint","urlTemplate":"https:\/\/www.editorialjuventud.es\/?s={search_term_string}"},"query-input":{"@type":"PropertyValueSpecification","valueRequired":true,"valueName":"search_term_string"}}],"inLanguage":"ca"}]}},"_links":{"self":[{"href":"https:\/\/www.editorialjuventud.es\/ca\/wp-json\/wp\/v2\/product\/5482","targetHints":{"allow":["GET"]}}],"collection":[{"href":"https:\/\/www.editorialjuventud.es\/ca\/wp-json\/wp\/v2\/product"}],"about":[{"href":"https:\/\/www.editorialjuventud.es\/ca\/wp-json\/wp\/v2\/types\/product"}],"wp:featuredmedia":[{"embeddable":true,"href":"https:\/\/www.editorialjuventud.es\/ca\/wp-json\/wp\/v2\/media\/9549"}],"wp:attachment":[{"href":"https:\/\/www.editorialjuventud.es\/ca\/wp-json\/wp\/v2\/media?parent=5482"}],"wp:term":[{"taxonomy":"product_brand","embeddable":true,"href":"https:\/\/www.editorialjuventud.es\/ca\/wp-json\/wp\/v2\/product_brand?post=5482"},{"taxonomy":"product_cat","embeddable":true,"href":"https:\/\/www.editorialjuventud.es\/ca\/wp-json\/wp\/v2\/product_cat?post=5482"},{"taxonomy":"product_tag","embeddable":true,"href":"https:\/\/www.editorialjuventud.es\/ca\/wp-json\/wp\/v2\/product_tag?post=5482"},{"taxonomy":"coleccion","embeddable":true,"href":"https:\/\/www.editorialjuventud.es\/ca\/wp-json\/wp\/v2\/coleccion?post=5482"}],"curies":[{"name":"wp","href":"https:\/\/api.w.org\/{rel}","templated":true}]}}