{"id":5466,"date":"2018-08-24T12:54:43","date_gmt":"2018-08-24T08:54:43","guid":{"rendered":"http:\/\/www.editorialjuventud.es\/las-mil-y-una-noches\/"},"modified":"2022-08-03T12:43:42","modified_gmt":"2022-08-03T10:43:42","slug":"las-mil-y-una-noches-9788426135612","status":"publish","type":"product","link":"https:\/\/www.editorialjuventud.es\/ca\/las-mil-y-una-noches-9788426135612\/","title":{"rendered":"Las mil y una noches"},"content":{"rendered":"<p>Estas son algunas de las historias que Scheherazade le cont\u00f3 al rey Shahrayar para terminar con su determinaci\u00f3n de casarse cada d\u00eda con una nueva mujer y matarla al d\u00eda siguiente, despu\u00e9s de haber sido traicionado por su primera esposa. Ofreci\u00e9ndose ella misma como la nueva esposa de Shahrayar, Scheherazade teje una red de cuentos noche tras noche, dejando al Rey en suspense hasta la ma\u00f1ana siguiente, prolongando as\u00ed su vida otro d\u00eda m\u00e1s. Escrito en \u00e1rabe, con relatos de la India, Persia y el gran Imperio \u00c1rabe, estos hipnotizantes cuentos cuentan lo real y lo sobrenatural, el poder y el castigo y las interminables pruebas e incertidumbres del destino. Siguiendo los pasos de grandes ilustradores como L\u00e9on Carr\u00e9, Maxfield Parrish, Jos\u00e9 Segrelles, Arthur Racham, Sergio Toppi, Kay Nielsen o Edmund Dulac, \u00c1ngel Dom\u00ednguez ha hecho esta selecci\u00f3n de historias de las mil y una noches, siguiendo el pretexto de sus colegas, seg\u00fan el cual, &#8220;las ilustraciones no ilustran la historia, las ilustraciones son la historia&#8221;.<\/p>\n","protected":false},"excerpt":{"rendered":"Estas son algunas de las historias que Scheherazade le cont\u00f3 al rey Shahrayar para terminar con su determinaci\u00f3n de casarse cada d\u00eda con una nueva mujer y matarla al d\u00eda siguiente, despu\u00e9s de haber sido traicionado por su primera esposa. [&hellip;]","protected":false},"featured_media":9437,"template":"","meta":{"_acf_changed":false,"_exactmetrics_skip_tracking":false,"_exactmetrics_sitenote_active":false,"_exactmetrics_sitenote_note":"","_exactmetrics_sitenote_category":0},"product_brand":[],"product_cat":[904,892,1170,1115,1289,1119,1128,908],"product_tag":[],"coleccion":[916,931],"class_list":{"0":"post-5466","1":"product","2":"type-product","3":"status-publish","4":"has-post-thumbnail","6":"product_cat-a-partir-de-9-anos","7":"product_cat-edades","8":"product_cat-egipto","9":"product_cat-generos","10":"product_cat-leyendas-cuentos-tradicionales","11":"product_cat-narrativa-juvenil","12":"product_cat-tematica","13":"product_cat-todas-las-edades","14":"coleccion-castellano","15":"coleccion-cuentos-universales","17":"first","18":"instock","19":"taxable","20":"shipping-taxable","21":"purchasable","22":"product-type-simple"},"acf":{"autores-libros":[16328],"ilustradores-libros":[16328]},"yoast_head":"<!-- This site is optimized with the Yoast SEO plugin v27.5 - https:\/\/yoast.com\/product\/yoast-seo-wordpress\/ -->\n<title>Las mil y una noches - Editorial Juventud<\/title>\n<meta name=\"description\" content=\"Estas son algunas de las historias que Scheherazade le cont\u00f3 al rey Shahrayar para terminar con su determinaci\u00f3n de casarse cada d\u00eda con una nueva mujer y\" \/>\n<meta name=\"robots\" content=\"index, follow, max-snippet:-1, max-image-preview:large, max-video-preview:-1\" \/>\n<link rel=\"canonical\" href=\"https:\/\/www.editorialjuventud.es\/las-mil-y-una-noches-9788426135612\/\" \/>\n<meta property=\"og:locale\" content=\"ca_ES\" \/>\n<meta property=\"og:type\" content=\"article\" \/>\n<meta property=\"og:title\" content=\"Las mil y una noches - Editorial Juventud\" \/>\n<meta property=\"og:description\" content=\"Estas son algunas de las historias que Scheherazade le cont\u00f3 al rey Shahrayar para terminar con su determinaci\u00f3n de casarse cada d\u00eda con una nueva mujer y\" \/>\n<meta property=\"og:url\" content=\"https:\/\/www.editorialjuventud.es\/las-mil-y-una-noches-9788426135612\/\" \/>\n<meta property=\"og:site_name\" content=\"Editorial Juventud\" \/>\n<meta property=\"article:modified_time\" content=\"2022-08-03T10:43:42+00:00\" \/>\n<meta property=\"og:image\" content=\"https:\/\/www.editorialjuventud.es\/wp-content\/uploads\/3561.jpg\" \/>\n\t<meta property=\"og:image:width\" content=\"378\" \/>\n\t<meta property=\"og:image:height\" content=\"500\" \/>\n\t<meta property=\"og:image:type\" content=\"image\/jpeg\" \/>\n<meta name=\"twitter:card\" content=\"summary_large_image\" \/>\n<meta name=\"twitter:label1\" content=\"Temps estimat de lectura\" \/>\n\t<meta name=\"twitter:data1\" content=\"1 minut\" \/>\n<script type=\"application\/ld+json\" class=\"yoast-schema-graph\">{\"@context\":\"https:\\\/\\\/schema.org\",\"@graph\":[{\"@type\":\"WebPage\",\"@id\":\"https:\\\/\\\/www.editorialjuventud.es\\\/las-mil-y-una-noches-9788426135612\\\/\",\"url\":\"https:\\\/\\\/www.editorialjuventud.es\\\/las-mil-y-una-noches-9788426135612\\\/\",\"name\":\"Las mil y una noches - Editorial Juventud\",\"isPartOf\":{\"@id\":\"https:\\\/\\\/www.editorialjuventud.es\\\/#website\"},\"primaryImageOfPage\":{\"@id\":\"https:\\\/\\\/www.editorialjuventud.es\\\/las-mil-y-una-noches-9788426135612\\\/#primaryimage\"},\"image\":{\"@id\":\"https:\\\/\\\/www.editorialjuventud.es\\\/las-mil-y-una-noches-9788426135612\\\/#primaryimage\"},\"thumbnailUrl\":\"https:\\\/\\\/www.editorialjuventud.es\\\/wp-content\\\/uploads\\\/3561.jpg\",\"datePublished\":\"2018-08-24T08:54:43+00:00\",\"dateModified\":\"2022-08-03T10:43:42+00:00\",\"description\":\"Estas son algunas de las historias que Scheherazade le cont\u00f3 al rey Shahrayar para terminar con su determinaci\u00f3n de casarse cada d\u00eda con una nueva mujer y\",\"breadcrumb\":{\"@id\":\"https:\\\/\\\/www.editorialjuventud.es\\\/las-mil-y-una-noches-9788426135612\\\/#breadcrumb\"},\"inLanguage\":\"ca\",\"potentialAction\":[{\"@type\":\"ReadAction\",\"target\":[\"https:\\\/\\\/www.editorialjuventud.es\\\/las-mil-y-una-noches-9788426135612\\\/\"]}]},{\"@type\":\"ImageObject\",\"inLanguage\":\"ca\",\"@id\":\"https:\\\/\\\/www.editorialjuventud.es\\\/las-mil-y-una-noches-9788426135612\\\/#primaryimage\",\"url\":\"https:\\\/\\\/www.editorialjuventud.es\\\/wp-content\\\/uploads\\\/3561.jpg\",\"contentUrl\":\"https:\\\/\\\/www.editorialjuventud.es\\\/wp-content\\\/uploads\\\/3561.jpg\",\"width\":378,\"height\":500,\"caption\":\"3561.jpg\"},{\"@type\":\"BreadcrumbList\",\"@id\":\"https:\\\/\\\/www.editorialjuventud.es\\\/las-mil-y-una-noches-9788426135612\\\/#breadcrumb\",\"itemListElement\":[{\"@type\":\"ListItem\",\"position\":1,\"name\":\"Portada\",\"item\":\"https:\\\/\\\/www.editorialjuventud.es\\\/\"},{\"@type\":\"ListItem\",\"position\":2,\"name\":\"cat\u00e1logo\",\"item\":\"https:\\\/\\\/www.editorialjuventud.es\\\/coleccion\\\/catalogo\\\/\"},{\"@type\":\"ListItem\",\"position\":3,\"name\":\"castellano\",\"item\":\"https:\\\/\\\/www.editorialjuventud.es\\\/coleccion\\\/castellano\\\/\"},{\"@type\":\"ListItem\",\"position\":4,\"name\":\"Cuentos Universales\",\"item\":\"https:\\\/\\\/www.editorialjuventud.es\\\/coleccion\\\/cuentos-universales\\\/\"},{\"@type\":\"ListItem\",\"position\":5,\"name\":\"Las mil y una noches\"}]},{\"@type\":\"WebSite\",\"@id\":\"https:\\\/\\\/www.editorialjuventud.es\\\/#website\",\"url\":\"https:\\\/\\\/www.editorialjuventud.es\\\/\",\"name\":\"Editorial Juventud\",\"description\":\"\",\"potentialAction\":[{\"@type\":\"SearchAction\",\"target\":{\"@type\":\"EntryPoint\",\"urlTemplate\":\"https:\\\/\\\/www.editorialjuventud.es\\\/?s={search_term_string}\"},\"query-input\":{\"@type\":\"PropertyValueSpecification\",\"valueRequired\":true,\"valueName\":\"search_term_string\"}}],\"inLanguage\":\"ca\"}]}<\/script>\n<!-- \/ Yoast SEO plugin. -->","yoast_head_json":{"title":"Las mil y una noches - Editorial Juventud","description":"Estas son algunas de las historias que Scheherazade le cont\u00f3 al rey Shahrayar para terminar con su determinaci\u00f3n de casarse cada d\u00eda con una nueva mujer y","robots":{"index":"index","follow":"follow","max-snippet":"max-snippet:-1","max-image-preview":"max-image-preview:large","max-video-preview":"max-video-preview:-1"},"canonical":"https:\/\/www.editorialjuventud.es\/las-mil-y-una-noches-9788426135612\/","og_locale":"ca_ES","og_type":"article","og_title":"Las mil y una noches - Editorial Juventud","og_description":"Estas son algunas de las historias que Scheherazade le cont\u00f3 al rey Shahrayar para terminar con su determinaci\u00f3n de casarse cada d\u00eda con una nueva mujer y","og_url":"https:\/\/www.editorialjuventud.es\/las-mil-y-una-noches-9788426135612\/","og_site_name":"Editorial Juventud","article_modified_time":"2022-08-03T10:43:42+00:00","og_image":[{"width":378,"height":500,"url":"https:\/\/www.editorialjuventud.es\/wp-content\/uploads\/3561.jpg","type":"image\/jpeg"}],"twitter_card":"summary_large_image","twitter_misc":{"Temps estimat de lectura":"1 minut"},"schema":{"@context":"https:\/\/schema.org","@graph":[{"@type":"WebPage","@id":"https:\/\/www.editorialjuventud.es\/las-mil-y-una-noches-9788426135612\/","url":"https:\/\/www.editorialjuventud.es\/las-mil-y-una-noches-9788426135612\/","name":"Las mil y una noches - Editorial Juventud","isPartOf":{"@id":"https:\/\/www.editorialjuventud.es\/#website"},"primaryImageOfPage":{"@id":"https:\/\/www.editorialjuventud.es\/las-mil-y-una-noches-9788426135612\/#primaryimage"},"image":{"@id":"https:\/\/www.editorialjuventud.es\/las-mil-y-una-noches-9788426135612\/#primaryimage"},"thumbnailUrl":"https:\/\/www.editorialjuventud.es\/wp-content\/uploads\/3561.jpg","datePublished":"2018-08-24T08:54:43+00:00","dateModified":"2022-08-03T10:43:42+00:00","description":"Estas son algunas de las historias que Scheherazade le cont\u00f3 al rey Shahrayar para terminar con su determinaci\u00f3n de casarse cada d\u00eda con una nueva mujer y","breadcrumb":{"@id":"https:\/\/www.editorialjuventud.es\/las-mil-y-una-noches-9788426135612\/#breadcrumb"},"inLanguage":"ca","potentialAction":[{"@type":"ReadAction","target":["https:\/\/www.editorialjuventud.es\/las-mil-y-una-noches-9788426135612\/"]}]},{"@type":"ImageObject","inLanguage":"ca","@id":"https:\/\/www.editorialjuventud.es\/las-mil-y-una-noches-9788426135612\/#primaryimage","url":"https:\/\/www.editorialjuventud.es\/wp-content\/uploads\/3561.jpg","contentUrl":"https:\/\/www.editorialjuventud.es\/wp-content\/uploads\/3561.jpg","width":378,"height":500,"caption":"3561.jpg"},{"@type":"BreadcrumbList","@id":"https:\/\/www.editorialjuventud.es\/las-mil-y-una-noches-9788426135612\/#breadcrumb","itemListElement":[{"@type":"ListItem","position":1,"name":"Portada","item":"https:\/\/www.editorialjuventud.es\/"},{"@type":"ListItem","position":2,"name":"cat\u00e1logo","item":"https:\/\/www.editorialjuventud.es\/coleccion\/catalogo\/"},{"@type":"ListItem","position":3,"name":"castellano","item":"https:\/\/www.editorialjuventud.es\/coleccion\/castellano\/"},{"@type":"ListItem","position":4,"name":"Cuentos Universales","item":"https:\/\/www.editorialjuventud.es\/coleccion\/cuentos-universales\/"},{"@type":"ListItem","position":5,"name":"Las mil y una noches"}]},{"@type":"WebSite","@id":"https:\/\/www.editorialjuventud.es\/#website","url":"https:\/\/www.editorialjuventud.es\/","name":"Editorial Juventud","description":"","potentialAction":[{"@type":"SearchAction","target":{"@type":"EntryPoint","urlTemplate":"https:\/\/www.editorialjuventud.es\/?s={search_term_string}"},"query-input":{"@type":"PropertyValueSpecification","valueRequired":true,"valueName":"search_term_string"}}],"inLanguage":"ca"}]}},"_links":{"self":[{"href":"https:\/\/www.editorialjuventud.es\/ca\/wp-json\/wp\/v2\/product\/5466","targetHints":{"allow":["GET"]}}],"collection":[{"href":"https:\/\/www.editorialjuventud.es\/ca\/wp-json\/wp\/v2\/product"}],"about":[{"href":"https:\/\/www.editorialjuventud.es\/ca\/wp-json\/wp\/v2\/types\/product"}],"wp:featuredmedia":[{"embeddable":true,"href":"https:\/\/www.editorialjuventud.es\/ca\/wp-json\/wp\/v2\/media\/9437"}],"wp:attachment":[{"href":"https:\/\/www.editorialjuventud.es\/ca\/wp-json\/wp\/v2\/media?parent=5466"}],"wp:term":[{"taxonomy":"product_brand","embeddable":true,"href":"https:\/\/www.editorialjuventud.es\/ca\/wp-json\/wp\/v2\/product_brand?post=5466"},{"taxonomy":"product_cat","embeddable":true,"href":"https:\/\/www.editorialjuventud.es\/ca\/wp-json\/wp\/v2\/product_cat?post=5466"},{"taxonomy":"product_tag","embeddable":true,"href":"https:\/\/www.editorialjuventud.es\/ca\/wp-json\/wp\/v2\/product_tag?post=5466"},{"taxonomy":"coleccion","embeddable":true,"href":"https:\/\/www.editorialjuventud.es\/ca\/wp-json\/wp\/v2\/coleccion?post=5466"}],"curies":[{"name":"wp","href":"https:\/\/api.w.org\/{rel}","templated":true}]}}