{"id":5457,"date":"2018-08-24T10:54:01","date_gmt":"2018-08-24T08:54:01","guid":{"rendered":"http:\/\/www.editorialjuventud.es\/deliciosa-2\/"},"modified":"2026-01-29T15:05:26","modified_gmt":"2026-01-29T14:05:26","slug":"deliciosa-9788426135513","status":"publish","type":"product","link":"https:\/\/www.editorialjuventud.es\/ca\/deliciosa-9788426135513\/","title":{"rendered":"Deliciosa!"},"content":{"rendered":"<p>\u00c9s hora d&#8217;esmorzar a la vella cabanya blanca, per\u00f2 el Gat, l&#8217;\u00c0nec i l&#8217;Esquirol no troben cap carbassa madura per a la sopa de carbassa. Qu\u00e8 han de fer? Buscar una altra recepta, naturalment! Sopa de peix? Sopa de bolets? Sopa de remolatxa? El Gat i l&#8217;Esquirol les troben molt bones, per\u00f2 l&#8217;\u00c0nec no les vol ni provar\u2026 Trobaran alguna recepta que li agradi? Tercer \u00e0lbum dels personatges de Sopa de Carbassa. Un llibre que confortar\u00e0 els pares amb fills llepafils amb el menjar. Per a treballar sobre els gustos i les manies de cadascun.<\/p>\n","protected":false},"excerpt":{"rendered":"\u00c9s hora d&#8217;esmorzar a la vella cabanya blanca, per\u00f2 el Gat, l&#8217;\u00c0nec i l&#8217;Esquirol no troben cap carbassa madura per a la sopa de carbassa. Qu\u00e8 han de fer? Buscar una altra recepta, naturalment! Sopa de peix? Sopa de bolets? [&hellip;]","protected":false},"featured_media":21370,"template":"","meta":{"_acf_changed":false,"_exactmetrics_skip_tracking":false,"_exactmetrics_sitenote_active":false,"_exactmetrics_sitenote_note":"","_exactmetrics_sitenote_category":0},"product_brand":[],"product_cat":[899,1121,1128],"product_tag":[],"coleccion":[1048],"class_list":{"0":"post-5457","1":"product","2":"type-product","3":"status-publish","4":"has-post-thumbnail","6":"product_cat-a-partir-de-3-anos","7":"product_cat-albumes-ilustrados","8":"product_cat-tematica","9":"coleccion-sopa-de-contes","11":"first","12":"instock","13":"taxable","14":"shipping-taxable","15":"purchasable","16":"product-type-simple"},"acf":{"autor":"Cooper, Helen","codart":"3551-X","ediciones":"1","encuadernacion":"Carton\u00e9","fecha_de_publicacion":"24\/09\/2009","novedad":"0","paginas":"32","subtitulo":"","texto_web_adicional":"","texto_web_novedad":"","orden":"999","portada":"0","texto_web_resaltado":"","indice":"","autores-libros":[16297],"ilustradores-libros":[16297],"traductores-libros":[58414],"descripcion_corta":"","recomendamos":"","mas_vendido":"","idioma-libro":"","color":false,"formato":"","mas_informacion_del_producto":false,"premios":false,"texto_enlace_cubierta":"","enlace_cubierta":false,"texto_enlace_ficha_tecnica":"","enlace_ficha_tecnica":false,"ficheros":false,"titulo-fr":"","texto-fr":"","fecha_de_reimpresion":"","deshabilitar_compra":["deshabilitar"]},"yoast_head":"<!-- This site is optimized with the Yoast SEO plugin v27.3 - https:\/\/yoast.com\/product\/yoast-seo-wordpress\/ -->\n<title>Deliciosa! - Editorial Juventud<\/title>\n<meta name=\"description\" content=\"\u00c9s hora d&#039;esmorzar a la vella cabanya blanca, per\u00f2 el Gat, l&#039;\u00c0nec i l&#039;Esquirol no troben cap carbassa madura per a la sopa de carbassa. Qu\u00e8 han de fer?\" \/>\n<meta name=\"robots\" content=\"index, follow, max-snippet:-1, max-image-preview:large, max-video-preview:-1\" \/>\n<link rel=\"canonical\" href=\"https:\/\/www.editorialjuventud.es\/deliciosa-9788426135513\/\" \/>\n<meta property=\"og:locale\" content=\"ca_ES\" \/>\n<meta property=\"og:type\" content=\"article\" \/>\n<meta property=\"og:title\" content=\"Deliciosa! - Editorial Juventud\" \/>\n<meta property=\"og:description\" content=\"\u00c9s hora d&#039;esmorzar a la vella cabanya blanca, per\u00f2 el Gat, l&#039;\u00c0nec i l&#039;Esquirol no troben cap carbassa madura per a la sopa de carbassa. Qu\u00e8 han de fer?\" \/>\n<meta property=\"og:url\" content=\"https:\/\/www.editorialjuventud.es\/deliciosa-9788426135513\/\" \/>\n<meta property=\"og:site_name\" content=\"Editorial Juventud\" \/>\n<meta property=\"article:modified_time\" content=\"2026-01-29T14:05:26+00:00\" \/>\n<meta property=\"og:image\" content=\"https:\/\/www.editorialjuventud.es\/wp-content\/uploads\/9788426135513.jpg\" \/>\n\t<meta property=\"og:image:width\" content=\"388\" \/>\n\t<meta property=\"og:image:height\" content=\"400\" \/>\n\t<meta property=\"og:image:type\" content=\"image\/jpeg\" \/>\n<meta name=\"twitter:card\" content=\"summary_large_image\" \/>\n<meta name=\"twitter:label1\" content=\"Temps estimat de lectura\" \/>\n\t<meta name=\"twitter:data1\" content=\"1 minut\" \/>\n<script type=\"application\/ld+json\" class=\"yoast-schema-graph\">{\"@context\":\"https:\\\/\\\/schema.org\",\"@graph\":[{\"@type\":\"WebPage\",\"@id\":\"https:\\\/\\\/www.editorialjuventud.es\\\/deliciosa-9788426135513\\\/\",\"url\":\"https:\\\/\\\/www.editorialjuventud.es\\\/deliciosa-9788426135513\\\/\",\"name\":\"Deliciosa! - Editorial Juventud\",\"isPartOf\":{\"@id\":\"https:\\\/\\\/www.editorialjuventud.es\\\/#website\"},\"primaryImageOfPage\":{\"@id\":\"https:\\\/\\\/www.editorialjuventud.es\\\/deliciosa-9788426135513\\\/#primaryimage\"},\"image\":{\"@id\":\"https:\\\/\\\/www.editorialjuventud.es\\\/deliciosa-9788426135513\\\/#primaryimage\"},\"thumbnailUrl\":\"https:\\\/\\\/www.editorialjuventud.es\\\/wp-content\\\/uploads\\\/9788426135513.jpg\",\"datePublished\":\"2018-08-24T08:54:01+00:00\",\"dateModified\":\"2026-01-29T14:05:26+00:00\",\"description\":\"\u00c9s hora d'esmorzar a la vella cabanya blanca, per\u00f2 el Gat, l'\u00c0nec i l'Esquirol no troben cap carbassa madura per a la sopa de carbassa. Qu\u00e8 han de fer?\",\"breadcrumb\":{\"@id\":\"https:\\\/\\\/www.editorialjuventud.es\\\/deliciosa-9788426135513\\\/#breadcrumb\"},\"inLanguage\":\"ca\",\"potentialAction\":[{\"@type\":\"ReadAction\",\"target\":[\"https:\\\/\\\/www.editorialjuventud.es\\\/deliciosa-9788426135513\\\/\"]}]},{\"@type\":\"ImageObject\",\"inLanguage\":\"ca\",\"@id\":\"https:\\\/\\\/www.editorialjuventud.es\\\/deliciosa-9788426135513\\\/#primaryimage\",\"url\":\"https:\\\/\\\/www.editorialjuventud.es\\\/wp-content\\\/uploads\\\/9788426135513.jpg\",\"contentUrl\":\"https:\\\/\\\/www.editorialjuventud.es\\\/wp-content\\\/uploads\\\/9788426135513.jpg\",\"width\":388,\"height\":400,\"caption\":\"9788426135513.jpg\"},{\"@type\":\"BreadcrumbList\",\"@id\":\"https:\\\/\\\/www.editorialjuventud.es\\\/deliciosa-9788426135513\\\/#breadcrumb\",\"itemListElement\":[{\"@type\":\"ListItem\",\"position\":1,\"name\":\"Portada\",\"item\":\"https:\\\/\\\/www.editorialjuventud.es\\\/\"},{\"@type\":\"ListItem\",\"position\":2,\"name\":\"cat\u00e1logo\",\"item\":\"https:\\\/\\\/www.editorialjuventud.es\\\/coleccion\\\/catalogo\\\/\"},{\"@type\":\"ListItem\",\"position\":3,\"name\":\"catal\u00e0\",\"item\":\"https:\\\/\\\/www.editorialjuventud.es\\\/coleccion\\\/catala\\\/\"},{\"@type\":\"ListItem\",\"position\":4,\"name\":\"\u00c0lbums Il\u00b7lustrats\",\"item\":\"https:\\\/\\\/www.editorialjuventud.es\\\/coleccion\\\/albums-il%c2%b7lustrats\\\/\"},{\"@type\":\"ListItem\",\"position\":5,\"name\":\"Cr\u00e9ixer en Valors\",\"item\":\"https:\\\/\\\/www.editorialjuventud.es\\\/ca\\\/coleccion\\\/creixer-en-valors\\\/\"},{\"@type\":\"ListItem\",\"position\":6,\"name\":\"Sopa de Contes\",\"item\":\"https:\\\/\\\/www.editorialjuventud.es\\\/coleccion\\\/sopa-de-contes\\\/\"},{\"@type\":\"ListItem\",\"position\":7,\"name\":\"Deliciosa!\"}]},{\"@type\":\"WebSite\",\"@id\":\"https:\\\/\\\/www.editorialjuventud.es\\\/#website\",\"url\":\"https:\\\/\\\/www.editorialjuventud.es\\\/\",\"name\":\"Editorial Juventud\",\"description\":\"\",\"potentialAction\":[{\"@type\":\"SearchAction\",\"target\":{\"@type\":\"EntryPoint\",\"urlTemplate\":\"https:\\\/\\\/www.editorialjuventud.es\\\/?s={search_term_string}\"},\"query-input\":{\"@type\":\"PropertyValueSpecification\",\"valueRequired\":true,\"valueName\":\"search_term_string\"}}],\"inLanguage\":\"ca\"}]}<\/script>\n<!-- \/ Yoast SEO plugin. -->","yoast_head_json":{"title":"Deliciosa! - Editorial Juventud","description":"\u00c9s hora d'esmorzar a la vella cabanya blanca, per\u00f2 el Gat, l'\u00c0nec i l'Esquirol no troben cap carbassa madura per a la sopa de carbassa. Qu\u00e8 han de fer?","robots":{"index":"index","follow":"follow","max-snippet":"max-snippet:-1","max-image-preview":"max-image-preview:large","max-video-preview":"max-video-preview:-1"},"canonical":"https:\/\/www.editorialjuventud.es\/deliciosa-9788426135513\/","og_locale":"ca_ES","og_type":"article","og_title":"Deliciosa! - Editorial Juventud","og_description":"\u00c9s hora d'esmorzar a la vella cabanya blanca, per\u00f2 el Gat, l'\u00c0nec i l'Esquirol no troben cap carbassa madura per a la sopa de carbassa. Qu\u00e8 han de fer?","og_url":"https:\/\/www.editorialjuventud.es\/deliciosa-9788426135513\/","og_site_name":"Editorial Juventud","article_modified_time":"2026-01-29T14:05:26+00:00","og_image":[{"width":388,"height":400,"url":"https:\/\/www.editorialjuventud.es\/wp-content\/uploads\/9788426135513.jpg","type":"image\/jpeg"}],"twitter_card":"summary_large_image","twitter_misc":{"Temps estimat de lectura":"1 minut"},"schema":{"@context":"https:\/\/schema.org","@graph":[{"@type":"WebPage","@id":"https:\/\/www.editorialjuventud.es\/deliciosa-9788426135513\/","url":"https:\/\/www.editorialjuventud.es\/deliciosa-9788426135513\/","name":"Deliciosa! - Editorial Juventud","isPartOf":{"@id":"https:\/\/www.editorialjuventud.es\/#website"},"primaryImageOfPage":{"@id":"https:\/\/www.editorialjuventud.es\/deliciosa-9788426135513\/#primaryimage"},"image":{"@id":"https:\/\/www.editorialjuventud.es\/deliciosa-9788426135513\/#primaryimage"},"thumbnailUrl":"https:\/\/www.editorialjuventud.es\/wp-content\/uploads\/9788426135513.jpg","datePublished":"2018-08-24T08:54:01+00:00","dateModified":"2026-01-29T14:05:26+00:00","description":"\u00c9s hora d'esmorzar a la vella cabanya blanca, per\u00f2 el Gat, l'\u00c0nec i l'Esquirol no troben cap carbassa madura per a la sopa de carbassa. Qu\u00e8 han de fer?","breadcrumb":{"@id":"https:\/\/www.editorialjuventud.es\/deliciosa-9788426135513\/#breadcrumb"},"inLanguage":"ca","potentialAction":[{"@type":"ReadAction","target":["https:\/\/www.editorialjuventud.es\/deliciosa-9788426135513\/"]}]},{"@type":"ImageObject","inLanguage":"ca","@id":"https:\/\/www.editorialjuventud.es\/deliciosa-9788426135513\/#primaryimage","url":"https:\/\/www.editorialjuventud.es\/wp-content\/uploads\/9788426135513.jpg","contentUrl":"https:\/\/www.editorialjuventud.es\/wp-content\/uploads\/9788426135513.jpg","width":388,"height":400,"caption":"9788426135513.jpg"},{"@type":"BreadcrumbList","@id":"https:\/\/www.editorialjuventud.es\/deliciosa-9788426135513\/#breadcrumb","itemListElement":[{"@type":"ListItem","position":1,"name":"Portada","item":"https:\/\/www.editorialjuventud.es\/"},{"@type":"ListItem","position":2,"name":"cat\u00e1logo","item":"https:\/\/www.editorialjuventud.es\/coleccion\/catalogo\/"},{"@type":"ListItem","position":3,"name":"catal\u00e0","item":"https:\/\/www.editorialjuventud.es\/coleccion\/catala\/"},{"@type":"ListItem","position":4,"name":"\u00c0lbums Il\u00b7lustrats","item":"https:\/\/www.editorialjuventud.es\/coleccion\/albums-il%c2%b7lustrats\/"},{"@type":"ListItem","position":5,"name":"Cr\u00e9ixer en Valors","item":"https:\/\/www.editorialjuventud.es\/ca\/coleccion\/creixer-en-valors\/"},{"@type":"ListItem","position":6,"name":"Sopa de Contes","item":"https:\/\/www.editorialjuventud.es\/coleccion\/sopa-de-contes\/"},{"@type":"ListItem","position":7,"name":"Deliciosa!"}]},{"@type":"WebSite","@id":"https:\/\/www.editorialjuventud.es\/#website","url":"https:\/\/www.editorialjuventud.es\/","name":"Editorial Juventud","description":"","potentialAction":[{"@type":"SearchAction","target":{"@type":"EntryPoint","urlTemplate":"https:\/\/www.editorialjuventud.es\/?s={search_term_string}"},"query-input":{"@type":"PropertyValueSpecification","valueRequired":true,"valueName":"search_term_string"}}],"inLanguage":"ca"}]}},"_links":{"self":[{"href":"https:\/\/www.editorialjuventud.es\/ca\/wp-json\/wp\/v2\/product\/5457","targetHints":{"allow":["GET"]}}],"collection":[{"href":"https:\/\/www.editorialjuventud.es\/ca\/wp-json\/wp\/v2\/product"}],"about":[{"href":"https:\/\/www.editorialjuventud.es\/ca\/wp-json\/wp\/v2\/types\/product"}],"wp:featuredmedia":[{"embeddable":true,"href":"https:\/\/www.editorialjuventud.es\/ca\/wp-json\/wp\/v2\/media\/21370"}],"wp:attachment":[{"href":"https:\/\/www.editorialjuventud.es\/ca\/wp-json\/wp\/v2\/media?parent=5457"}],"wp:term":[{"taxonomy":"product_brand","embeddable":true,"href":"https:\/\/www.editorialjuventud.es\/ca\/wp-json\/wp\/v2\/product_brand?post=5457"},{"taxonomy":"product_cat","embeddable":true,"href":"https:\/\/www.editorialjuventud.es\/ca\/wp-json\/wp\/v2\/product_cat?post=5457"},{"taxonomy":"product_tag","embeddable":true,"href":"https:\/\/www.editorialjuventud.es\/ca\/wp-json\/wp\/v2\/product_tag?post=5457"},{"taxonomy":"coleccion","embeddable":true,"href":"https:\/\/www.editorialjuventud.es\/ca\/wp-json\/wp\/v2\/coleccion?post=5457"}],"curies":[{"name":"wp","href":"https:\/\/api.w.org\/{rel}","templated":true}]}}