{"id":5451,"date":"2018-08-24T12:53:36","date_gmt":"2018-08-24T08:53:36","guid":{"rendered":"http:\/\/www.editorialjuventud.es\/imaginat-un-dia\/"},"modified":"2023-11-13T20:52:16","modified_gmt":"2023-11-13T19:52:16","slug":"imaginat-un-dia-9788426135445","status":"publish","type":"product","link":"https:\/\/www.editorialjuventud.es\/ca\/imaginat-un-dia-9788426135445\/","title":{"rendered":"Imagina&#8217;t un dia"},"content":{"rendered":"<p>Imagina que pots bussejar entre les branques o nedar cap al sol. Imagina que no necessites ales per volar? Imagina un dia recrea els nostres somnis amb impressionants il\u00b7lustracions que ens fan entrar en un nou univers. Un \u00e0lbum per treballar sobre l&#8217;est\u00e8tica i la t\u00e8cnica de &#8220;trompe l&#8217;oeil&#8221;deixar volar la imaginaci\u00f3.<\/p>\n","protected":false},"excerpt":{"rendered":"Imagina que pots bussejar entre les branques o nedar cap al sol. Imagina que no necessites ales per volar? Imagina un dia recrea els nostres somnis amb impressionants il\u00b7lustracions que ens fan entrar en un nou univers. Un \u00e0lbum per [&hellip;]","protected":false},"featured_media":9371,"template":"","meta":{"_acf_changed":false,"_exactmetrics_skip_tracking":false,"_exactmetrics_sitenote_active":false,"_exactmetrics_sitenote_note":"","_exactmetrics_sitenote_category":0},"product_brand":[],"product_cat":[902,1121,1125,1140,892,1115,1128],"product_tag":[],"coleccion":[917,945,915,1031],"class_list":{"0":"post-5451","1":"product","2":"type-product","3":"status-publish","4":"has-post-thumbnail","6":"product_cat-a-partir-de-7-anos","7":"product_cat-albumes-ilustrados","8":"product_cat-arte","9":"product_cat-arte-y-creatividad","10":"product_cat-edades","11":"product_cat-generos","12":"product_cat-tematica","13":"coleccion-albums-illustrats","14":"coleccion-art-i-creativitat","15":"coleccion-catala","16":"coleccion-imagina","18":"first","19":"instock","20":"taxable","21":"shipping-taxable","22":"purchasable","23":"product-type-simple"},"acf":{"autor":"THOMSON - GONSALVES","codart":"3544-7","ediciones":"1","encuadernacion":"Carton\u00e9","fecha_de_publicacion":"01\/06\/2009","novedad":"0","paginas":"40","subtitulo":"","texto_web_adicional":"","texto_web_novedad":"","orden":"999","portada":"0","texto_web_resaltado":"","indice":"","autores-libros":[16643],"ilustradores-libros":[17717],"traductores-libros":[58416],"fecha_de_reimpresion":"","descripcion_corta":"","recomendamos":"","mas_vendido":"","idioma-libro":"","color":false,"formato":"","mas_informacion_del_producto":false,"premios":false,"deshabilitar_compra":["deshabilitar"],"texto_enlace_cubierta":"","enlace_cubierta":false,"texto_enlace_ficha_tecnica":"","enlace_ficha_tecnica":false,"ficheros":false,"titulo-fr":"","texto-fr":""},"yoast_head":"<!-- This site is optimized with the Yoast SEO plugin v27.5 - https:\/\/yoast.com\/product\/yoast-seo-wordpress\/ -->\n<title>Imagina&#039;t un dia - Editorial Juventud<\/title>\n<meta name=\"description\" content=\"Imagina que pots bussejar entre les branques o nedar cap al sol. Imagina que no necessites ales per volar? Imagina un dia recrea els nostres somnis amb\" \/>\n<meta name=\"robots\" content=\"index, follow, max-snippet:-1, max-image-preview:large, max-video-preview:-1\" \/>\n<link rel=\"canonical\" href=\"https:\/\/www.editorialjuventud.es\/imaginat-un-dia-9788426135445\/\" \/>\n<meta property=\"og:locale\" content=\"ca_ES\" \/>\n<meta property=\"og:type\" content=\"article\" \/>\n<meta property=\"og:title\" content=\"Imagina&#039;t un dia - Editorial Juventud\" \/>\n<meta property=\"og:description\" content=\"Imagina que pots bussejar entre les branques o nedar cap al sol. Imagina que no necessites ales per volar? Imagina un dia recrea els nostres somnis amb\" \/>\n<meta property=\"og:url\" content=\"https:\/\/www.editorialjuventud.es\/imaginat-un-dia-9788426135445\/\" \/>\n<meta property=\"og:site_name\" content=\"Editorial Juventud\" \/>\n<meta property=\"article:modified_time\" content=\"2023-11-13T19:52:16+00:00\" \/>\n<meta property=\"og:image\" content=\"https:\/\/www.editorialjuventud.es\/wp-content\/uploads\/3544.jpg\" \/>\n\t<meta property=\"og:image:width\" content=\"443\" \/>\n\t<meta property=\"og:image:height\" content=\"450\" \/>\n\t<meta property=\"og:image:type\" content=\"image\/jpeg\" \/>\n<meta name=\"twitter:card\" content=\"summary_large_image\" \/>\n<script type=\"application\/ld+json\" class=\"yoast-schema-graph\">{\"@context\":\"https:\\\/\\\/schema.org\",\"@graph\":[{\"@type\":\"WebPage\",\"@id\":\"https:\\\/\\\/www.editorialjuventud.es\\\/imaginat-un-dia-9788426135445\\\/\",\"url\":\"https:\\\/\\\/www.editorialjuventud.es\\\/imaginat-un-dia-9788426135445\\\/\",\"name\":\"Imagina't un dia - Editorial Juventud\",\"isPartOf\":{\"@id\":\"https:\\\/\\\/www.editorialjuventud.es\\\/#website\"},\"primaryImageOfPage\":{\"@id\":\"https:\\\/\\\/www.editorialjuventud.es\\\/imaginat-un-dia-9788426135445\\\/#primaryimage\"},\"image\":{\"@id\":\"https:\\\/\\\/www.editorialjuventud.es\\\/imaginat-un-dia-9788426135445\\\/#primaryimage\"},\"thumbnailUrl\":\"https:\\\/\\\/www.editorialjuventud.es\\\/wp-content\\\/uploads\\\/3544.jpg\",\"datePublished\":\"2018-08-24T08:53:36+00:00\",\"dateModified\":\"2023-11-13T19:52:16+00:00\",\"description\":\"Imagina que pots bussejar entre les branques o nedar cap al sol. Imagina que no necessites ales per volar? Imagina un dia recrea els nostres somnis amb\",\"breadcrumb\":{\"@id\":\"https:\\\/\\\/www.editorialjuventud.es\\\/imaginat-un-dia-9788426135445\\\/#breadcrumb\"},\"inLanguage\":\"ca\",\"potentialAction\":[{\"@type\":\"ReadAction\",\"target\":[\"https:\\\/\\\/www.editorialjuventud.es\\\/imaginat-un-dia-9788426135445\\\/\"]}]},{\"@type\":\"ImageObject\",\"inLanguage\":\"ca\",\"@id\":\"https:\\\/\\\/www.editorialjuventud.es\\\/imaginat-un-dia-9788426135445\\\/#primaryimage\",\"url\":\"https:\\\/\\\/www.editorialjuventud.es\\\/wp-content\\\/uploads\\\/3544.jpg\",\"contentUrl\":\"https:\\\/\\\/www.editorialjuventud.es\\\/wp-content\\\/uploads\\\/3544.jpg\",\"width\":443,\"height\":450,\"caption\":\"3544.jpg\"},{\"@type\":\"BreadcrumbList\",\"@id\":\"https:\\\/\\\/www.editorialjuventud.es\\\/imaginat-un-dia-9788426135445\\\/#breadcrumb\",\"itemListElement\":[{\"@type\":\"ListItem\",\"position\":1,\"name\":\"Portada\",\"item\":\"https:\\\/\\\/www.editorialjuventud.es\\\/\"},{\"@type\":\"ListItem\",\"position\":2,\"name\":\"cat\u00e1logo\",\"item\":\"https:\\\/\\\/www.editorialjuventud.es\\\/coleccion\\\/catalogo\\\/\"},{\"@type\":\"ListItem\",\"position\":3,\"name\":\"catal\u00e0\",\"item\":\"https:\\\/\\\/www.editorialjuventud.es\\\/coleccion\\\/catala\\\/\"},{\"@type\":\"ListItem\",\"position\":4,\"name\":\"\u00c0lbums Il\u00b7lustrats\",\"item\":\"https:\\\/\\\/www.editorialjuventud.es\\\/coleccion\\\/albums-il%c2%b7lustrats\\\/\"},{\"@type\":\"ListItem\",\"position\":5,\"name\":\"Art i Creativitat\",\"item\":\"https:\\\/\\\/www.editorialjuventud.es\\\/ca\\\/coleccion\\\/art-i-creativitat\\\/\"},{\"@type\":\"ListItem\",\"position\":6,\"name\":\"Imagina\u2026\",\"item\":\"https:\\\/\\\/www.editorialjuventud.es\\\/coleccion\\\/imagina\\\/\"},{\"@type\":\"ListItem\",\"position\":7,\"name\":\"Imagina&#8217;t un dia\"}]},{\"@type\":\"WebSite\",\"@id\":\"https:\\\/\\\/www.editorialjuventud.es\\\/#website\",\"url\":\"https:\\\/\\\/www.editorialjuventud.es\\\/\",\"name\":\"Editorial Juventud\",\"description\":\"\",\"potentialAction\":[{\"@type\":\"SearchAction\",\"target\":{\"@type\":\"EntryPoint\",\"urlTemplate\":\"https:\\\/\\\/www.editorialjuventud.es\\\/?s={search_term_string}\"},\"query-input\":{\"@type\":\"PropertyValueSpecification\",\"valueRequired\":true,\"valueName\":\"search_term_string\"}}],\"inLanguage\":\"ca\"}]}<\/script>\n<!-- \/ Yoast SEO plugin. -->","yoast_head_json":{"title":"Imagina't un dia - Editorial Juventud","description":"Imagina que pots bussejar entre les branques o nedar cap al sol. Imagina que no necessites ales per volar? Imagina un dia recrea els nostres somnis amb","robots":{"index":"index","follow":"follow","max-snippet":"max-snippet:-1","max-image-preview":"max-image-preview:large","max-video-preview":"max-video-preview:-1"},"canonical":"https:\/\/www.editorialjuventud.es\/imaginat-un-dia-9788426135445\/","og_locale":"ca_ES","og_type":"article","og_title":"Imagina't un dia - Editorial Juventud","og_description":"Imagina que pots bussejar entre les branques o nedar cap al sol. Imagina que no necessites ales per volar? Imagina un dia recrea els nostres somnis amb","og_url":"https:\/\/www.editorialjuventud.es\/imaginat-un-dia-9788426135445\/","og_site_name":"Editorial Juventud","article_modified_time":"2023-11-13T19:52:16+00:00","og_image":[{"width":443,"height":450,"url":"https:\/\/www.editorialjuventud.es\/wp-content\/uploads\/3544.jpg","type":"image\/jpeg"}],"twitter_card":"summary_large_image","schema":{"@context":"https:\/\/schema.org","@graph":[{"@type":"WebPage","@id":"https:\/\/www.editorialjuventud.es\/imaginat-un-dia-9788426135445\/","url":"https:\/\/www.editorialjuventud.es\/imaginat-un-dia-9788426135445\/","name":"Imagina't un dia - Editorial Juventud","isPartOf":{"@id":"https:\/\/www.editorialjuventud.es\/#website"},"primaryImageOfPage":{"@id":"https:\/\/www.editorialjuventud.es\/imaginat-un-dia-9788426135445\/#primaryimage"},"image":{"@id":"https:\/\/www.editorialjuventud.es\/imaginat-un-dia-9788426135445\/#primaryimage"},"thumbnailUrl":"https:\/\/www.editorialjuventud.es\/wp-content\/uploads\/3544.jpg","datePublished":"2018-08-24T08:53:36+00:00","dateModified":"2023-11-13T19:52:16+00:00","description":"Imagina que pots bussejar entre les branques o nedar cap al sol. Imagina que no necessites ales per volar? Imagina un dia recrea els nostres somnis amb","breadcrumb":{"@id":"https:\/\/www.editorialjuventud.es\/imaginat-un-dia-9788426135445\/#breadcrumb"},"inLanguage":"ca","potentialAction":[{"@type":"ReadAction","target":["https:\/\/www.editorialjuventud.es\/imaginat-un-dia-9788426135445\/"]}]},{"@type":"ImageObject","inLanguage":"ca","@id":"https:\/\/www.editorialjuventud.es\/imaginat-un-dia-9788426135445\/#primaryimage","url":"https:\/\/www.editorialjuventud.es\/wp-content\/uploads\/3544.jpg","contentUrl":"https:\/\/www.editorialjuventud.es\/wp-content\/uploads\/3544.jpg","width":443,"height":450,"caption":"3544.jpg"},{"@type":"BreadcrumbList","@id":"https:\/\/www.editorialjuventud.es\/imaginat-un-dia-9788426135445\/#breadcrumb","itemListElement":[{"@type":"ListItem","position":1,"name":"Portada","item":"https:\/\/www.editorialjuventud.es\/"},{"@type":"ListItem","position":2,"name":"cat\u00e1logo","item":"https:\/\/www.editorialjuventud.es\/coleccion\/catalogo\/"},{"@type":"ListItem","position":3,"name":"catal\u00e0","item":"https:\/\/www.editorialjuventud.es\/coleccion\/catala\/"},{"@type":"ListItem","position":4,"name":"\u00c0lbums Il\u00b7lustrats","item":"https:\/\/www.editorialjuventud.es\/coleccion\/albums-il%c2%b7lustrats\/"},{"@type":"ListItem","position":5,"name":"Art i Creativitat","item":"https:\/\/www.editorialjuventud.es\/ca\/coleccion\/art-i-creativitat\/"},{"@type":"ListItem","position":6,"name":"Imagina\u2026","item":"https:\/\/www.editorialjuventud.es\/coleccion\/imagina\/"},{"@type":"ListItem","position":7,"name":"Imagina&#8217;t un dia"}]},{"@type":"WebSite","@id":"https:\/\/www.editorialjuventud.es\/#website","url":"https:\/\/www.editorialjuventud.es\/","name":"Editorial Juventud","description":"","potentialAction":[{"@type":"SearchAction","target":{"@type":"EntryPoint","urlTemplate":"https:\/\/www.editorialjuventud.es\/?s={search_term_string}"},"query-input":{"@type":"PropertyValueSpecification","valueRequired":true,"valueName":"search_term_string"}}],"inLanguage":"ca"}]}},"_links":{"self":[{"href":"https:\/\/www.editorialjuventud.es\/ca\/wp-json\/wp\/v2\/product\/5451","targetHints":{"allow":["GET"]}}],"collection":[{"href":"https:\/\/www.editorialjuventud.es\/ca\/wp-json\/wp\/v2\/product"}],"about":[{"href":"https:\/\/www.editorialjuventud.es\/ca\/wp-json\/wp\/v2\/types\/product"}],"wp:featuredmedia":[{"embeddable":true,"href":"https:\/\/www.editorialjuventud.es\/ca\/wp-json\/wp\/v2\/media\/9371"}],"wp:attachment":[{"href":"https:\/\/www.editorialjuventud.es\/ca\/wp-json\/wp\/v2\/media?parent=5451"}],"wp:term":[{"taxonomy":"product_brand","embeddable":true,"href":"https:\/\/www.editorialjuventud.es\/ca\/wp-json\/wp\/v2\/product_brand?post=5451"},{"taxonomy":"product_cat","embeddable":true,"href":"https:\/\/www.editorialjuventud.es\/ca\/wp-json\/wp\/v2\/product_cat?post=5451"},{"taxonomy":"product_tag","embeddable":true,"href":"https:\/\/www.editorialjuventud.es\/ca\/wp-json\/wp\/v2\/product_tag?post=5451"},{"taxonomy":"coleccion","embeddable":true,"href":"https:\/\/www.editorialjuventud.es\/ca\/wp-json\/wp\/v2\/coleccion?post=5451"}],"curies":[{"name":"wp","href":"https:\/\/api.w.org\/{rel}","templated":true}]}}