{"id":5450,"date":"2018-08-24T10:53:31","date_gmt":"2018-08-24T08:53:31","guid":{"rendered":"http:\/\/www.editorialjuventud.es\/imagina-un-dia\/"},"modified":"2025-01-22T13:38:52","modified_gmt":"2025-01-22T12:38:52","slug":"imagina-un-dia-9788426135438","status":"publish","type":"product","link":"https:\/\/www.editorialjuventud.es\/ca\/imagina-un-dia-9788426135438\/","title":{"rendered":"Imagina un d\u00eda"},"content":{"rendered":"<p>Imagina que puedes bucear entre las ramas o nadar hacia el sol. Imagina que no necesitas alas para elevarte en el cielo? Imagina un d\u00eda recrea todos nuestros sue\u00f1os con impresionantes ilustraciones que nos hacen entrar en un nuevo universo. Un \u00e1lbum para trabajar sobre la est\u00e9tica y la t\u00e9cnica de &#8216;trompe l&#8217;oeil&#8217; y dejar volar la imaginaci\u00f3n.<\/p>\n","protected":false},"excerpt":{"rendered":"Imagina que puedes bucear entre las ramas o nadar hacia el sol. Imagina que no necesitas alas para elevarte en el cielo? Imagina un d\u00eda recrea todos nuestros sue\u00f1os con impresionantes ilustraciones que nos hacen entrar en un nuevo universo. [&hellip;]","protected":false},"featured_media":9363,"template":"","meta":{"_acf_changed":false,"_exactmetrics_skip_tracking":false,"_exactmetrics_sitenote_active":false,"_exactmetrics_sitenote_note":"","_exactmetrics_sitenote_category":0},"product_brand":[],"product_cat":[902,1121,1125,1140],"product_tag":[],"coleccion":[986,1091],"class_list":{"0":"post-5450","1":"product","2":"type-product","3":"status-publish","4":"has-post-thumbnail","6":"product_cat-a-partir-de-7-anos","7":"product_cat-albumes-ilustrados","8":"product_cat-arte","9":"product_cat-arte-y-creatividad","10":"coleccion-arte-y-creatividad","11":"coleccion-imagina-arte-y-creatividad","13":"first","14":"instock","15":"taxable","16":"shipping-taxable","17":"purchasable","18":"product-type-simple"},"acf":{"autor":"Thomson, Sarah L.","codart":"3543-9","ediciones":"1","encuadernacion":"Carton\u00e9","fecha_de_publicacion":"01\/06\/2009","novedad":"0","paginas":"40","subtitulo":"","texto_web_adicional":"","texto_web_novedad":"","orden":"999","portada":"0","texto_web_resaltado":"","indice":"","autores-libros":[16643],"ilustradores-libros":[17717],"traductores-libros":[17430],"fecha_de_reimpresion":"","descripcion_corta":"","recomendamos":"","mas_vendido":"","idioma-libro":"","color":false,"formato":"","mas_informacion_del_producto":false,"premios":false,"deshabilitar_compra":[],"texto_enlace_cubierta":"","enlace_cubierta":false,"texto_enlace_ficha_tecnica":"","enlace_ficha_tecnica":false,"ficheros":false,"titulo-fr":"","texto-fr":""},"yoast_head":"<!-- This site is optimized with the Yoast SEO plugin v27.5 - https:\/\/yoast.com\/product\/yoast-seo-wordpress\/ -->\n<title>Imagina un d\u00eda - Editorial Juventud<\/title>\n<meta name=\"description\" content=\"Imagina que puedes bucear entre las ramas o nadar hacia el sol. Imagina que no necesitas alas para elevarte en el cielo? Imagina un d\u00eda recrea todos\" \/>\n<meta name=\"robots\" content=\"index, follow, max-snippet:-1, max-image-preview:large, max-video-preview:-1\" \/>\n<link rel=\"canonical\" href=\"https:\/\/www.editorialjuventud.es\/imagina-un-dia-9788426135438\/\" \/>\n<meta property=\"og:locale\" content=\"ca_ES\" \/>\n<meta property=\"og:type\" content=\"article\" \/>\n<meta property=\"og:title\" content=\"Imagina un d\u00eda - Editorial Juventud\" \/>\n<meta property=\"og:description\" content=\"Imagina que puedes bucear entre las ramas o nadar hacia el sol. Imagina que no necesitas alas para elevarte en el cielo? Imagina un d\u00eda recrea todos\" \/>\n<meta property=\"og:url\" content=\"https:\/\/www.editorialjuventud.es\/imagina-un-dia-9788426135438\/\" \/>\n<meta property=\"og:site_name\" content=\"Editorial Juventud\" \/>\n<meta property=\"article:modified_time\" content=\"2025-01-22T12:38:52+00:00\" \/>\n<meta property=\"og:image\" content=\"https:\/\/www.editorialjuventud.es\/wp-content\/uploads\/3543.jpg\" \/>\n\t<meta property=\"og:image:width\" content=\"439\" \/>\n\t<meta property=\"og:image:height\" content=\"450\" \/>\n\t<meta property=\"og:image:type\" content=\"image\/jpeg\" \/>\n<meta name=\"twitter:card\" content=\"summary_large_image\" \/>\n<script type=\"application\/ld+json\" class=\"yoast-schema-graph\">{\"@context\":\"https:\\\/\\\/schema.org\",\"@graph\":[{\"@type\":\"WebPage\",\"@id\":\"https:\\\/\\\/www.editorialjuventud.es\\\/imagina-un-dia-9788426135438\\\/\",\"url\":\"https:\\\/\\\/www.editorialjuventud.es\\\/imagina-un-dia-9788426135438\\\/\",\"name\":\"Imagina un d\u00eda - Editorial Juventud\",\"isPartOf\":{\"@id\":\"https:\\\/\\\/www.editorialjuventud.es\\\/#website\"},\"primaryImageOfPage\":{\"@id\":\"https:\\\/\\\/www.editorialjuventud.es\\\/imagina-un-dia-9788426135438\\\/#primaryimage\"},\"image\":{\"@id\":\"https:\\\/\\\/www.editorialjuventud.es\\\/imagina-un-dia-9788426135438\\\/#primaryimage\"},\"thumbnailUrl\":\"https:\\\/\\\/www.editorialjuventud.es\\\/wp-content\\\/uploads\\\/3543.jpg\",\"datePublished\":\"2018-08-24T08:53:31+00:00\",\"dateModified\":\"2025-01-22T12:38:52+00:00\",\"description\":\"Imagina que puedes bucear entre las ramas o nadar hacia el sol. Imagina que no necesitas alas para elevarte en el cielo? Imagina un d\u00eda recrea todos\",\"breadcrumb\":{\"@id\":\"https:\\\/\\\/www.editorialjuventud.es\\\/imagina-un-dia-9788426135438\\\/#breadcrumb\"},\"inLanguage\":\"ca\",\"potentialAction\":[{\"@type\":\"ReadAction\",\"target\":[\"https:\\\/\\\/www.editorialjuventud.es\\\/imagina-un-dia-9788426135438\\\/\"]}]},{\"@type\":\"ImageObject\",\"inLanguage\":\"ca\",\"@id\":\"https:\\\/\\\/www.editorialjuventud.es\\\/imagina-un-dia-9788426135438\\\/#primaryimage\",\"url\":\"https:\\\/\\\/www.editorialjuventud.es\\\/wp-content\\\/uploads\\\/3543.jpg\",\"contentUrl\":\"https:\\\/\\\/www.editorialjuventud.es\\\/wp-content\\\/uploads\\\/3543.jpg\",\"width\":439,\"height\":450,\"caption\":\"3543.jpg\"},{\"@type\":\"BreadcrumbList\",\"@id\":\"https:\\\/\\\/www.editorialjuventud.es\\\/imagina-un-dia-9788426135438\\\/#breadcrumb\",\"itemListElement\":[{\"@type\":\"ListItem\",\"position\":1,\"name\":\"Portada\",\"item\":\"https:\\\/\\\/www.editorialjuventud.es\\\/\"},{\"@type\":\"ListItem\",\"position\":2,\"name\":\"cat\u00e1logo\",\"item\":\"https:\\\/\\\/www.editorialjuventud.es\\\/coleccion\\\/catalogo\\\/\"},{\"@type\":\"ListItem\",\"position\":3,\"name\":\"castellano\",\"item\":\"https:\\\/\\\/www.editorialjuventud.es\\\/coleccion\\\/castellano\\\/\"},{\"@type\":\"ListItem\",\"position\":4,\"name\":\"\u00c1lbumes Ilustrados\",\"item\":\"https:\\\/\\\/www.editorialjuventud.es\\\/coleccion\\\/albumes-ilustrados\\\/\"},{\"@type\":\"ListItem\",\"position\":5,\"name\":\"Arte y Creatividad\",\"item\":\"https:\\\/\\\/www.editorialjuventud.es\\\/ca\\\/coleccion\\\/arte-y-creatividad\\\/\"},{\"@type\":\"ListItem\",\"position\":6,\"name\":\"Imagina\u2026\",\"item\":\"https:\\\/\\\/www.editorialjuventud.es\\\/ca\\\/coleccion\\\/imagina-arte-y-creatividad\\\/\"},{\"@type\":\"ListItem\",\"position\":7,\"name\":\"Imagina un d\u00eda\"}]},{\"@type\":\"WebSite\",\"@id\":\"https:\\\/\\\/www.editorialjuventud.es\\\/#website\",\"url\":\"https:\\\/\\\/www.editorialjuventud.es\\\/\",\"name\":\"Editorial Juventud\",\"description\":\"\",\"potentialAction\":[{\"@type\":\"SearchAction\",\"target\":{\"@type\":\"EntryPoint\",\"urlTemplate\":\"https:\\\/\\\/www.editorialjuventud.es\\\/?s={search_term_string}\"},\"query-input\":{\"@type\":\"PropertyValueSpecification\",\"valueRequired\":true,\"valueName\":\"search_term_string\"}}],\"inLanguage\":\"ca\"}]}<\/script>\n<!-- \/ Yoast SEO plugin. -->","yoast_head_json":{"title":"Imagina un d\u00eda - Editorial Juventud","description":"Imagina que puedes bucear entre las ramas o nadar hacia el sol. Imagina que no necesitas alas para elevarte en el cielo? Imagina un d\u00eda recrea todos","robots":{"index":"index","follow":"follow","max-snippet":"max-snippet:-1","max-image-preview":"max-image-preview:large","max-video-preview":"max-video-preview:-1"},"canonical":"https:\/\/www.editorialjuventud.es\/imagina-un-dia-9788426135438\/","og_locale":"ca_ES","og_type":"article","og_title":"Imagina un d\u00eda - Editorial Juventud","og_description":"Imagina que puedes bucear entre las ramas o nadar hacia el sol. Imagina que no necesitas alas para elevarte en el cielo? Imagina un d\u00eda recrea todos","og_url":"https:\/\/www.editorialjuventud.es\/imagina-un-dia-9788426135438\/","og_site_name":"Editorial Juventud","article_modified_time":"2025-01-22T12:38:52+00:00","og_image":[{"width":439,"height":450,"url":"https:\/\/www.editorialjuventud.es\/wp-content\/uploads\/3543.jpg","type":"image\/jpeg"}],"twitter_card":"summary_large_image","schema":{"@context":"https:\/\/schema.org","@graph":[{"@type":"WebPage","@id":"https:\/\/www.editorialjuventud.es\/imagina-un-dia-9788426135438\/","url":"https:\/\/www.editorialjuventud.es\/imagina-un-dia-9788426135438\/","name":"Imagina un d\u00eda - Editorial Juventud","isPartOf":{"@id":"https:\/\/www.editorialjuventud.es\/#website"},"primaryImageOfPage":{"@id":"https:\/\/www.editorialjuventud.es\/imagina-un-dia-9788426135438\/#primaryimage"},"image":{"@id":"https:\/\/www.editorialjuventud.es\/imagina-un-dia-9788426135438\/#primaryimage"},"thumbnailUrl":"https:\/\/www.editorialjuventud.es\/wp-content\/uploads\/3543.jpg","datePublished":"2018-08-24T08:53:31+00:00","dateModified":"2025-01-22T12:38:52+00:00","description":"Imagina que puedes bucear entre las ramas o nadar hacia el sol. Imagina que no necesitas alas para elevarte en el cielo? Imagina un d\u00eda recrea todos","breadcrumb":{"@id":"https:\/\/www.editorialjuventud.es\/imagina-un-dia-9788426135438\/#breadcrumb"},"inLanguage":"ca","potentialAction":[{"@type":"ReadAction","target":["https:\/\/www.editorialjuventud.es\/imagina-un-dia-9788426135438\/"]}]},{"@type":"ImageObject","inLanguage":"ca","@id":"https:\/\/www.editorialjuventud.es\/imagina-un-dia-9788426135438\/#primaryimage","url":"https:\/\/www.editorialjuventud.es\/wp-content\/uploads\/3543.jpg","contentUrl":"https:\/\/www.editorialjuventud.es\/wp-content\/uploads\/3543.jpg","width":439,"height":450,"caption":"3543.jpg"},{"@type":"BreadcrumbList","@id":"https:\/\/www.editorialjuventud.es\/imagina-un-dia-9788426135438\/#breadcrumb","itemListElement":[{"@type":"ListItem","position":1,"name":"Portada","item":"https:\/\/www.editorialjuventud.es\/"},{"@type":"ListItem","position":2,"name":"cat\u00e1logo","item":"https:\/\/www.editorialjuventud.es\/coleccion\/catalogo\/"},{"@type":"ListItem","position":3,"name":"castellano","item":"https:\/\/www.editorialjuventud.es\/coleccion\/castellano\/"},{"@type":"ListItem","position":4,"name":"\u00c1lbumes Ilustrados","item":"https:\/\/www.editorialjuventud.es\/coleccion\/albumes-ilustrados\/"},{"@type":"ListItem","position":5,"name":"Arte y Creatividad","item":"https:\/\/www.editorialjuventud.es\/ca\/coleccion\/arte-y-creatividad\/"},{"@type":"ListItem","position":6,"name":"Imagina\u2026","item":"https:\/\/www.editorialjuventud.es\/ca\/coleccion\/imagina-arte-y-creatividad\/"},{"@type":"ListItem","position":7,"name":"Imagina un d\u00eda"}]},{"@type":"WebSite","@id":"https:\/\/www.editorialjuventud.es\/#website","url":"https:\/\/www.editorialjuventud.es\/","name":"Editorial Juventud","description":"","potentialAction":[{"@type":"SearchAction","target":{"@type":"EntryPoint","urlTemplate":"https:\/\/www.editorialjuventud.es\/?s={search_term_string}"},"query-input":{"@type":"PropertyValueSpecification","valueRequired":true,"valueName":"search_term_string"}}],"inLanguage":"ca"}]}},"_links":{"self":[{"href":"https:\/\/www.editorialjuventud.es\/ca\/wp-json\/wp\/v2\/product\/5450","targetHints":{"allow":["GET"]}}],"collection":[{"href":"https:\/\/www.editorialjuventud.es\/ca\/wp-json\/wp\/v2\/product"}],"about":[{"href":"https:\/\/www.editorialjuventud.es\/ca\/wp-json\/wp\/v2\/types\/product"}],"wp:featuredmedia":[{"embeddable":true,"href":"https:\/\/www.editorialjuventud.es\/ca\/wp-json\/wp\/v2\/media\/9363"}],"wp:attachment":[{"href":"https:\/\/www.editorialjuventud.es\/ca\/wp-json\/wp\/v2\/media?parent=5450"}],"wp:term":[{"taxonomy":"product_brand","embeddable":true,"href":"https:\/\/www.editorialjuventud.es\/ca\/wp-json\/wp\/v2\/product_brand?post=5450"},{"taxonomy":"product_cat","embeddable":true,"href":"https:\/\/www.editorialjuventud.es\/ca\/wp-json\/wp\/v2\/product_cat?post=5450"},{"taxonomy":"product_tag","embeddable":true,"href":"https:\/\/www.editorialjuventud.es\/ca\/wp-json\/wp\/v2\/product_tag?post=5450"},{"taxonomy":"coleccion","embeddable":true,"href":"https:\/\/www.editorialjuventud.es\/ca\/wp-json\/wp\/v2\/coleccion?post=5450"}],"curies":[{"name":"wp","href":"https:\/\/api.w.org\/{rel}","templated":true}]}}