{"id":5445,"date":"2018-08-24T12:53:06","date_gmt":"2018-08-24T08:53:06","guid":{"rendered":"http:\/\/www.editorialjuventud.es\/fitzroy\/"},"modified":"2025-08-28T10:10:16","modified_gmt":"2025-08-28T08:10:16","slug":"fitzroy-capitan-del-beagle-9788426135360","status":"publish","type":"product","link":"https:\/\/www.editorialjuventud.es\/ca\/fitzroy-capitan-del-beagle-9788426135360\/","title":{"rendered":"FitzRoy, capit\u00e1n del Beagle"},"content":{"rendered":"<p>La asombrosa historia Fitz Roy, uno de los mejores navegantes del siglo XIX, cuya obra mejor\u00f3 la seguridad de todos los navegantes que vendr\u00edan despu\u00e9s de \u00e9l, y que fu\u00e9 indispensable para que Darwin desarrollara su teor\u00eda de la evoluci\u00f3n. Nacido en 1805, Fitz Roy se enrol\u00f3 en la armada a los 12 a\u00f1os, y a los 23 ya estaba al mando de un velero de 90 pies de eslora, enfrent\u00e1ndose a los peores temporales invernales para realizar un levantamiento hidrogr\u00e1fico del extremo meridional de Am\u00e9rica del Sur. Tres a\u00f1os m\u00e1s tarde regresar\u00eda al Cabo de Hornos como uno de las estrellas pujantes de la Armada y capit\u00e1n del Beagle. Hab\u00eda decidido que lo acompa\u00f1ara un joven naturalista llamado Charles Darwin, cuyos estudios tendr\u00edan un impacto revolucionario.<\/p>\n","protected":false},"excerpt":{"rendered":"La asombrosa historia Fitz Roy, uno de los mejores navegantes del siglo XIX, cuya obra mejor\u00f3 la seguridad de todos los navegantes que vendr\u00edan despu\u00e9s de \u00e9l, y que fu\u00e9 indispensable para que Darwin desarrollara su teor\u00eda de la evoluci\u00f3n. [&hellip;]","protected":false},"featured_media":9345,"template":"","meta":{"_acf_changed":false,"_exactmetrics_skip_tracking":false,"_exactmetrics_sitenote_active":false,"_exactmetrics_sitenote_note":"","_exactmetrics_sitenote_category":0},"product_brand":[],"product_cat":[905,1120,1207,1128],"product_tag":[],"coleccion":[936,1088],"class_list":{"0":"post-5445","1":"product","2":"type-product","3":"status-publish","4":"has-post-thumbnail","6":"product_cat-adulto","7":"product_cat-nautica","8":"product_cat-personajes-reales","9":"product_cat-tematica","10":"coleccion-lecturas-en-torno-al-mar","11":"coleccion-narrativa-maritima-lecturas-entorno-al-mar","13":"first","14":"instock","15":"taxable","16":"shipping-taxable","17":"purchasable","18":"product-type-simple"},"acf":{"autor":"Gribbin,  John y  Mary","codart":"3536-6","ediciones":"1","encuadernacion":"","fecha_de_publicacion":"05\/04\/2006","novedad":"0","paginas":"325","subtitulo":"Capitan del Beagle","texto_web_adicional":"","texto_web_novedad":"","orden":"999","portada":"0","texto_web_resaltado":"","indice":"","autores-libros":[16379,16380],"ilustradores-libros":"","traductores-libros":"","fecha_de_reimpresion":"","descripcion_corta":"","recomendamos":"","mas_vendido":"","idioma-libro":"","color":false,"formato":"","mas_informacion_del_producto":false,"premios":false,"deshabilitar_compra":[],"texto_enlace_cubierta":"","enlace_cubierta":false,"texto_enlace_ficha_tecnica":"","enlace_ficha_tecnica":false,"ficheros":false,"titulo-fr":"","texto-fr":""},"yoast_head":"<!-- This site is optimized with the Yoast SEO plugin v27.5 - https:\/\/yoast.com\/product\/yoast-seo-wordpress\/ -->\n<title>FitzRoy, capit\u00e1n del Beagle - Editorial Juventud<\/title>\n<meta name=\"description\" content=\"La asombrosa historia Fitz Roy, uno de los mejores navegantes del siglo XIX, cuya obra mejor\u00f3 la seguridad de todos los navegantes que vendr\u00edan despu\u00e9s de\" \/>\n<meta name=\"robots\" content=\"index, follow, max-snippet:-1, max-image-preview:large, max-video-preview:-1\" \/>\n<link rel=\"canonical\" href=\"https:\/\/www.editorialjuventud.es\/fitzroy-capitan-del-beagle-9788426135360\/\" \/>\n<meta property=\"og:locale\" content=\"ca_ES\" \/>\n<meta property=\"og:type\" content=\"article\" \/>\n<meta property=\"og:title\" content=\"FitzRoy, capit\u00e1n del Beagle - Editorial Juventud\" \/>\n<meta property=\"og:description\" content=\"La asombrosa historia Fitz Roy, uno de los mejores navegantes del siglo XIX, cuya obra mejor\u00f3 la seguridad de todos los navegantes que vendr\u00edan despu\u00e9s de\" \/>\n<meta property=\"og:url\" content=\"https:\/\/www.editorialjuventud.es\/fitzroy-capitan-del-beagle-9788426135360\/\" \/>\n<meta property=\"og:site_name\" content=\"Editorial Juventud\" \/>\n<meta property=\"article:modified_time\" content=\"2025-08-28T08:10:16+00:00\" \/>\n<meta property=\"og:image\" content=\"https:\/\/www.editorialjuventud.es\/wp-content\/uploads\/3536.jpg\" \/>\n\t<meta property=\"og:image:width\" content=\"300\" \/>\n\t<meta property=\"og:image:height\" content=\"457\" \/>\n\t<meta property=\"og:image:type\" content=\"image\/jpeg\" \/>\n<meta name=\"twitter:card\" content=\"summary_large_image\" \/>\n<meta name=\"twitter:label1\" content=\"Temps estimat de lectura\" \/>\n\t<meta name=\"twitter:data1\" content=\"1 minut\" \/>\n<script type=\"application\/ld+json\" class=\"yoast-schema-graph\">{\"@context\":\"https:\\\/\\\/schema.org\",\"@graph\":[{\"@type\":\"WebPage\",\"@id\":\"https:\\\/\\\/www.editorialjuventud.es\\\/fitzroy-capitan-del-beagle-9788426135360\\\/\",\"url\":\"https:\\\/\\\/www.editorialjuventud.es\\\/fitzroy-capitan-del-beagle-9788426135360\\\/\",\"name\":\"FitzRoy, capit\u00e1n del Beagle - Editorial Juventud\",\"isPartOf\":{\"@id\":\"https:\\\/\\\/www.editorialjuventud.es\\\/#website\"},\"primaryImageOfPage\":{\"@id\":\"https:\\\/\\\/www.editorialjuventud.es\\\/fitzroy-capitan-del-beagle-9788426135360\\\/#primaryimage\"},\"image\":{\"@id\":\"https:\\\/\\\/www.editorialjuventud.es\\\/fitzroy-capitan-del-beagle-9788426135360\\\/#primaryimage\"},\"thumbnailUrl\":\"https:\\\/\\\/www.editorialjuventud.es\\\/wp-content\\\/uploads\\\/3536.jpg\",\"datePublished\":\"2018-08-24T08:53:06+00:00\",\"dateModified\":\"2025-08-28T08:10:16+00:00\",\"description\":\"La asombrosa historia Fitz Roy, uno de los mejores navegantes del siglo XIX, cuya obra mejor\u00f3 la seguridad de todos los navegantes que vendr\u00edan despu\u00e9s de\",\"breadcrumb\":{\"@id\":\"https:\\\/\\\/www.editorialjuventud.es\\\/fitzroy-capitan-del-beagle-9788426135360\\\/#breadcrumb\"},\"inLanguage\":\"ca\",\"potentialAction\":[{\"@type\":\"ReadAction\",\"target\":[\"https:\\\/\\\/www.editorialjuventud.es\\\/fitzroy-capitan-del-beagle-9788426135360\\\/\"]}]},{\"@type\":\"ImageObject\",\"inLanguage\":\"ca\",\"@id\":\"https:\\\/\\\/www.editorialjuventud.es\\\/fitzroy-capitan-del-beagle-9788426135360\\\/#primaryimage\",\"url\":\"https:\\\/\\\/www.editorialjuventud.es\\\/wp-content\\\/uploads\\\/3536.jpg\",\"contentUrl\":\"https:\\\/\\\/www.editorialjuventud.es\\\/wp-content\\\/uploads\\\/3536.jpg\",\"width\":300,\"height\":457,\"caption\":\"3536.jpg\"},{\"@type\":\"BreadcrumbList\",\"@id\":\"https:\\\/\\\/www.editorialjuventud.es\\\/fitzroy-capitan-del-beagle-9788426135360\\\/#breadcrumb\",\"itemListElement\":[{\"@type\":\"ListItem\",\"position\":1,\"name\":\"Portada\",\"item\":\"https:\\\/\\\/www.editorialjuventud.es\\\/\"},{\"@type\":\"ListItem\",\"position\":2,\"name\":\"cat\u00e1logo\",\"item\":\"https:\\\/\\\/www.editorialjuventud.es\\\/coleccion\\\/catalogo\\\/\"},{\"@type\":\"ListItem\",\"position\":3,\"name\":\"castellano\",\"item\":\"https:\\\/\\\/www.editorialjuventud.es\\\/coleccion\\\/castellano\\\/\"},{\"@type\":\"ListItem\",\"position\":4,\"name\":\"Lecturas En torno al Mar\",\"item\":\"https:\\\/\\\/www.editorialjuventud.es\\\/coleccion\\\/lecturas-en-torno-al-mar\\\/\"},{\"@type\":\"ListItem\",\"position\":5,\"name\":\"Narrativa Mar\u00edtima\",\"item\":\"https:\\\/\\\/www.editorialjuventud.es\\\/ca\\\/coleccion\\\/narrativa-maritima-lecturas-entorno-al-mar\\\/\"},{\"@type\":\"ListItem\",\"position\":6,\"name\":\"FitzRoy, capit\u00e1n del Beagle\"}]},{\"@type\":\"WebSite\",\"@id\":\"https:\\\/\\\/www.editorialjuventud.es\\\/#website\",\"url\":\"https:\\\/\\\/www.editorialjuventud.es\\\/\",\"name\":\"Editorial Juventud\",\"description\":\"\",\"potentialAction\":[{\"@type\":\"SearchAction\",\"target\":{\"@type\":\"EntryPoint\",\"urlTemplate\":\"https:\\\/\\\/www.editorialjuventud.es\\\/?s={search_term_string}\"},\"query-input\":{\"@type\":\"PropertyValueSpecification\",\"valueRequired\":true,\"valueName\":\"search_term_string\"}}],\"inLanguage\":\"ca\"}]}<\/script>\n<!-- \/ Yoast SEO plugin. -->","yoast_head_json":{"title":"FitzRoy, capit\u00e1n del Beagle - Editorial Juventud","description":"La asombrosa historia Fitz Roy, uno de los mejores navegantes del siglo XIX, cuya obra mejor\u00f3 la seguridad de todos los navegantes que vendr\u00edan despu\u00e9s de","robots":{"index":"index","follow":"follow","max-snippet":"max-snippet:-1","max-image-preview":"max-image-preview:large","max-video-preview":"max-video-preview:-1"},"canonical":"https:\/\/www.editorialjuventud.es\/fitzroy-capitan-del-beagle-9788426135360\/","og_locale":"ca_ES","og_type":"article","og_title":"FitzRoy, capit\u00e1n del Beagle - Editorial Juventud","og_description":"La asombrosa historia Fitz Roy, uno de los mejores navegantes del siglo XIX, cuya obra mejor\u00f3 la seguridad de todos los navegantes que vendr\u00edan despu\u00e9s de","og_url":"https:\/\/www.editorialjuventud.es\/fitzroy-capitan-del-beagle-9788426135360\/","og_site_name":"Editorial Juventud","article_modified_time":"2025-08-28T08:10:16+00:00","og_image":[{"width":300,"height":457,"url":"https:\/\/www.editorialjuventud.es\/wp-content\/uploads\/3536.jpg","type":"image\/jpeg"}],"twitter_card":"summary_large_image","twitter_misc":{"Temps estimat de lectura":"1 minut"},"schema":{"@context":"https:\/\/schema.org","@graph":[{"@type":"WebPage","@id":"https:\/\/www.editorialjuventud.es\/fitzroy-capitan-del-beagle-9788426135360\/","url":"https:\/\/www.editorialjuventud.es\/fitzroy-capitan-del-beagle-9788426135360\/","name":"FitzRoy, capit\u00e1n del Beagle - Editorial Juventud","isPartOf":{"@id":"https:\/\/www.editorialjuventud.es\/#website"},"primaryImageOfPage":{"@id":"https:\/\/www.editorialjuventud.es\/fitzroy-capitan-del-beagle-9788426135360\/#primaryimage"},"image":{"@id":"https:\/\/www.editorialjuventud.es\/fitzroy-capitan-del-beagle-9788426135360\/#primaryimage"},"thumbnailUrl":"https:\/\/www.editorialjuventud.es\/wp-content\/uploads\/3536.jpg","datePublished":"2018-08-24T08:53:06+00:00","dateModified":"2025-08-28T08:10:16+00:00","description":"La asombrosa historia Fitz Roy, uno de los mejores navegantes del siglo XIX, cuya obra mejor\u00f3 la seguridad de todos los navegantes que vendr\u00edan despu\u00e9s de","breadcrumb":{"@id":"https:\/\/www.editorialjuventud.es\/fitzroy-capitan-del-beagle-9788426135360\/#breadcrumb"},"inLanguage":"ca","potentialAction":[{"@type":"ReadAction","target":["https:\/\/www.editorialjuventud.es\/fitzroy-capitan-del-beagle-9788426135360\/"]}]},{"@type":"ImageObject","inLanguage":"ca","@id":"https:\/\/www.editorialjuventud.es\/fitzroy-capitan-del-beagle-9788426135360\/#primaryimage","url":"https:\/\/www.editorialjuventud.es\/wp-content\/uploads\/3536.jpg","contentUrl":"https:\/\/www.editorialjuventud.es\/wp-content\/uploads\/3536.jpg","width":300,"height":457,"caption":"3536.jpg"},{"@type":"BreadcrumbList","@id":"https:\/\/www.editorialjuventud.es\/fitzroy-capitan-del-beagle-9788426135360\/#breadcrumb","itemListElement":[{"@type":"ListItem","position":1,"name":"Portada","item":"https:\/\/www.editorialjuventud.es\/"},{"@type":"ListItem","position":2,"name":"cat\u00e1logo","item":"https:\/\/www.editorialjuventud.es\/coleccion\/catalogo\/"},{"@type":"ListItem","position":3,"name":"castellano","item":"https:\/\/www.editorialjuventud.es\/coleccion\/castellano\/"},{"@type":"ListItem","position":4,"name":"Lecturas En torno al Mar","item":"https:\/\/www.editorialjuventud.es\/coleccion\/lecturas-en-torno-al-mar\/"},{"@type":"ListItem","position":5,"name":"Narrativa Mar\u00edtima","item":"https:\/\/www.editorialjuventud.es\/ca\/coleccion\/narrativa-maritima-lecturas-entorno-al-mar\/"},{"@type":"ListItem","position":6,"name":"FitzRoy, capit\u00e1n del Beagle"}]},{"@type":"WebSite","@id":"https:\/\/www.editorialjuventud.es\/#website","url":"https:\/\/www.editorialjuventud.es\/","name":"Editorial Juventud","description":"","potentialAction":[{"@type":"SearchAction","target":{"@type":"EntryPoint","urlTemplate":"https:\/\/www.editorialjuventud.es\/?s={search_term_string}"},"query-input":{"@type":"PropertyValueSpecification","valueRequired":true,"valueName":"search_term_string"}}],"inLanguage":"ca"}]}},"_links":{"self":[{"href":"https:\/\/www.editorialjuventud.es\/ca\/wp-json\/wp\/v2\/product\/5445","targetHints":{"allow":["GET"]}}],"collection":[{"href":"https:\/\/www.editorialjuventud.es\/ca\/wp-json\/wp\/v2\/product"}],"about":[{"href":"https:\/\/www.editorialjuventud.es\/ca\/wp-json\/wp\/v2\/types\/product"}],"wp:featuredmedia":[{"embeddable":true,"href":"https:\/\/www.editorialjuventud.es\/ca\/wp-json\/wp\/v2\/media\/9345"}],"wp:attachment":[{"href":"https:\/\/www.editorialjuventud.es\/ca\/wp-json\/wp\/v2\/media?parent=5445"}],"wp:term":[{"taxonomy":"product_brand","embeddable":true,"href":"https:\/\/www.editorialjuventud.es\/ca\/wp-json\/wp\/v2\/product_brand?post=5445"},{"taxonomy":"product_cat","embeddable":true,"href":"https:\/\/www.editorialjuventud.es\/ca\/wp-json\/wp\/v2\/product_cat?post=5445"},{"taxonomy":"product_tag","embeddable":true,"href":"https:\/\/www.editorialjuventud.es\/ca\/wp-json\/wp\/v2\/product_tag?post=5445"},{"taxonomy":"coleccion","embeddable":true,"href":"https:\/\/www.editorialjuventud.es\/ca\/wp-json\/wp\/v2\/coleccion?post=5445"}],"curies":[{"name":"wp","href":"https:\/\/api.w.org\/{rel}","templated":true}]}}