{"id":5442,"date":"2018-08-24T10:52:54","date_gmt":"2018-08-24T08:52:54","guid":{"rendered":"http:\/\/www.editorialjuventud.es\/la-princesa-dragon\/"},"modified":"2025-01-22T13:38:59","modified_gmt":"2025-01-22T12:38:59","slug":"la-princesa-dragon-9788426135339","status":"publish","type":"product","link":"https:\/\/www.editorialjuventud.es\/ca\/la-princesa-dragon-9788426135339\/","title":{"rendered":"La Princesa Drag\u00f3n"},"content":{"rendered":"<p>La Princesa Drag\u00f3n es una adaptaci\u00f3n de un cuento de hadas tradicional ingl\u00e9s: la hermosa princesa Margaret es transformada en un drag\u00f3n repugnante por su madrastra. S\u00f3lo su hermano, que se halla en tierras lejanas, puede romper el maleficio, si consigue llegar a tiempo y vencer al drag\u00f3n.  Un cuento cl\u00e1sico con todos los elementos de los cuentos de hadas.<\/p>\n","protected":false},"excerpt":{"rendered":"La Princesa Drag\u00f3n es una adaptaci\u00f3n de un cuento de hadas tradicional ingl\u00e9s: la hermosa princesa Margaret es transformada en un drag\u00f3n repugnante por su madrastra. S\u00f3lo su hermano, que se halla en tierras lejanas, puede romper el maleficio, si [&hellip;]","protected":false},"featured_media":9321,"template":"","meta":{"_acf_changed":false,"_exactmetrics_skip_tracking":false,"_exactmetrics_sitenote_active":false,"_exactmetrics_sitenote_note":"","_exactmetrics_sitenote_category":0},"product_brand":[],"product_cat":[900,1121,1175,1182,1197,1214],"product_tag":[],"coleccion":[992],"class_list":{"0":"post-5442","1":"product","2":"type-product","3":"status-publish","4":"has-post-thumbnail","6":"product_cat-a-partir-de-5-anos","7":"product_cat-albumes-ilustrados","8":"product_cat-fabulas","9":"product_cat-hermanos","10":"product_cat-mitologia","11":"product_cat-principes-princesas","12":"coleccion-el-arca-de-los-cuentos","14":"first","15":"instock","16":"taxable","17":"shipping-taxable","18":"purchasable","19":"product-type-simple"},"acf":{"autor":"Weisner, David","codart":"3533-1","ediciones":"1","encuadernacion":"Carton\u00e9","fecha_de_publicacion":"01\/01\/2010","novedad":"0","paginas":"32","subtitulo":"","texto_web_adicional":"","texto_web_novedad":"","orden":"999","portada":"0","texto_web_resaltado":"","indice":"","autores-libros":[16441,16682],"ilustradores-libros":[16682],"traductores-libros":[18265],"descripcion_corta":"","recomendamos":"","mas_vendido":"","idioma-libro":"","color":false,"formato":"","mas_informacion_del_producto":false,"premios":false,"texto_enlace_cubierta":"","enlace_cubierta":false,"texto_enlace_ficha_tecnica":"","enlace_ficha_tecnica":false,"ficheros":false,"titulo-fr":"","texto-fr":""},"yoast_head":"<!-- This site is optimized with the Yoast SEO plugin v27.3 - https:\/\/yoast.com\/product\/yoast-seo-wordpress\/ -->\n<title>La Princesa Drag\u00f3n - Editorial Juventud<\/title>\n<meta name=\"description\" content=\"La Princesa Drag\u00f3n es una adaptaci\u00f3n de un cuento de hadas tradicional ingl\u00e9s: la hermosa princesa Margaret es transformada en un drag\u00f3n repugnante por su\" \/>\n<meta name=\"robots\" content=\"index, follow, max-snippet:-1, max-image-preview:large, max-video-preview:-1\" \/>\n<link rel=\"canonical\" href=\"https:\/\/www.editorialjuventud.es\/la-princesa-dragon-9788426135339\/\" \/>\n<meta property=\"og:locale\" content=\"ca_ES\" \/>\n<meta property=\"og:type\" content=\"article\" \/>\n<meta property=\"og:title\" content=\"La Princesa Drag\u00f3n - Editorial Juventud\" \/>\n<meta property=\"og:description\" content=\"La Princesa Drag\u00f3n es una adaptaci\u00f3n de un cuento de hadas tradicional ingl\u00e9s: la hermosa princesa Margaret es transformada en un drag\u00f3n repugnante por su\" \/>\n<meta property=\"og:url\" content=\"https:\/\/www.editorialjuventud.es\/la-princesa-dragon-9788426135339\/\" \/>\n<meta property=\"og:site_name\" content=\"Editorial Juventud\" \/>\n<meta property=\"article:modified_time\" content=\"2025-01-22T12:38:59+00:00\" \/>\n<meta property=\"og:image\" content=\"https:\/\/www.editorialjuventud.es\/wp-content\/uploads\/3533.jpg\" \/>\n\t<meta property=\"og:image:width\" content=\"317\" \/>\n\t<meta property=\"og:image:height\" content=\"400\" \/>\n\t<meta property=\"og:image:type\" content=\"image\/jpeg\" \/>\n<meta name=\"twitter:card\" content=\"summary_large_image\" \/>\n<script type=\"application\/ld+json\" class=\"yoast-schema-graph\">{\"@context\":\"https:\\\/\\\/schema.org\",\"@graph\":[{\"@type\":\"WebPage\",\"@id\":\"https:\\\/\\\/www.editorialjuventud.es\\\/la-princesa-dragon-9788426135339\\\/\",\"url\":\"https:\\\/\\\/www.editorialjuventud.es\\\/la-princesa-dragon-9788426135339\\\/\",\"name\":\"La Princesa Drag\u00f3n - Editorial Juventud\",\"isPartOf\":{\"@id\":\"https:\\\/\\\/www.editorialjuventud.es\\\/#website\"},\"primaryImageOfPage\":{\"@id\":\"https:\\\/\\\/www.editorialjuventud.es\\\/la-princesa-dragon-9788426135339\\\/#primaryimage\"},\"image\":{\"@id\":\"https:\\\/\\\/www.editorialjuventud.es\\\/la-princesa-dragon-9788426135339\\\/#primaryimage\"},\"thumbnailUrl\":\"https:\\\/\\\/www.editorialjuventud.es\\\/wp-content\\\/uploads\\\/3533.jpg\",\"datePublished\":\"2018-08-24T08:52:54+00:00\",\"dateModified\":\"2025-01-22T12:38:59+00:00\",\"description\":\"La Princesa Drag\u00f3n es una adaptaci\u00f3n de un cuento de hadas tradicional ingl\u00e9s: la hermosa princesa Margaret es transformada en un drag\u00f3n repugnante por su\",\"breadcrumb\":{\"@id\":\"https:\\\/\\\/www.editorialjuventud.es\\\/la-princesa-dragon-9788426135339\\\/#breadcrumb\"},\"inLanguage\":\"ca\",\"potentialAction\":[{\"@type\":\"ReadAction\",\"target\":[\"https:\\\/\\\/www.editorialjuventud.es\\\/la-princesa-dragon-9788426135339\\\/\"]}]},{\"@type\":\"ImageObject\",\"inLanguage\":\"ca\",\"@id\":\"https:\\\/\\\/www.editorialjuventud.es\\\/la-princesa-dragon-9788426135339\\\/#primaryimage\",\"url\":\"https:\\\/\\\/www.editorialjuventud.es\\\/wp-content\\\/uploads\\\/3533.jpg\",\"contentUrl\":\"https:\\\/\\\/www.editorialjuventud.es\\\/wp-content\\\/uploads\\\/3533.jpg\",\"width\":317,\"height\":400,\"caption\":\"3533.jpg\"},{\"@type\":\"BreadcrumbList\",\"@id\":\"https:\\\/\\\/www.editorialjuventud.es\\\/la-princesa-dragon-9788426135339\\\/#breadcrumb\",\"itemListElement\":[{\"@type\":\"ListItem\",\"position\":1,\"name\":\"Portada\",\"item\":\"https:\\\/\\\/www.editorialjuventud.es\\\/\"},{\"@type\":\"ListItem\",\"position\":2,\"name\":\"cat\u00e1logo\",\"item\":\"https:\\\/\\\/www.editorialjuventud.es\\\/coleccion\\\/catalogo\\\/\"},{\"@type\":\"ListItem\",\"position\":3,\"name\":\"castellano\",\"item\":\"https:\\\/\\\/www.editorialjuventud.es\\\/coleccion\\\/castellano\\\/\"},{\"@type\":\"ListItem\",\"position\":4,\"name\":\"\u00c1lbumes Ilustrados\",\"item\":\"https:\\\/\\\/www.editorialjuventud.es\\\/coleccion\\\/albumes-ilustrados\\\/\"},{\"@type\":\"ListItem\",\"position\":5,\"name\":\"El Arca de los Cuentos\",\"item\":\"https:\\\/\\\/www.editorialjuventud.es\\\/coleccion\\\/el-arca-de-los-cuentos\\\/\"},{\"@type\":\"ListItem\",\"position\":6,\"name\":\"La Princesa Drag\u00f3n\"}]},{\"@type\":\"WebSite\",\"@id\":\"https:\\\/\\\/www.editorialjuventud.es\\\/#website\",\"url\":\"https:\\\/\\\/www.editorialjuventud.es\\\/\",\"name\":\"Editorial Juventud\",\"description\":\"\",\"potentialAction\":[{\"@type\":\"SearchAction\",\"target\":{\"@type\":\"EntryPoint\",\"urlTemplate\":\"https:\\\/\\\/www.editorialjuventud.es\\\/?s={search_term_string}\"},\"query-input\":{\"@type\":\"PropertyValueSpecification\",\"valueRequired\":true,\"valueName\":\"search_term_string\"}}],\"inLanguage\":\"ca\"}]}<\/script>\n<!-- \/ Yoast SEO plugin. -->","yoast_head_json":{"title":"La Princesa Drag\u00f3n - Editorial Juventud","description":"La Princesa Drag\u00f3n es una adaptaci\u00f3n de un cuento de hadas tradicional ingl\u00e9s: la hermosa princesa Margaret es transformada en un drag\u00f3n repugnante por su","robots":{"index":"index","follow":"follow","max-snippet":"max-snippet:-1","max-image-preview":"max-image-preview:large","max-video-preview":"max-video-preview:-1"},"canonical":"https:\/\/www.editorialjuventud.es\/la-princesa-dragon-9788426135339\/","og_locale":"ca_ES","og_type":"article","og_title":"La Princesa Drag\u00f3n - Editorial Juventud","og_description":"La Princesa Drag\u00f3n es una adaptaci\u00f3n de un cuento de hadas tradicional ingl\u00e9s: la hermosa princesa Margaret es transformada en un drag\u00f3n repugnante por su","og_url":"https:\/\/www.editorialjuventud.es\/la-princesa-dragon-9788426135339\/","og_site_name":"Editorial Juventud","article_modified_time":"2025-01-22T12:38:59+00:00","og_image":[{"width":317,"height":400,"url":"https:\/\/www.editorialjuventud.es\/wp-content\/uploads\/3533.jpg","type":"image\/jpeg"}],"twitter_card":"summary_large_image","schema":{"@context":"https:\/\/schema.org","@graph":[{"@type":"WebPage","@id":"https:\/\/www.editorialjuventud.es\/la-princesa-dragon-9788426135339\/","url":"https:\/\/www.editorialjuventud.es\/la-princesa-dragon-9788426135339\/","name":"La Princesa Drag\u00f3n - Editorial Juventud","isPartOf":{"@id":"https:\/\/www.editorialjuventud.es\/#website"},"primaryImageOfPage":{"@id":"https:\/\/www.editorialjuventud.es\/la-princesa-dragon-9788426135339\/#primaryimage"},"image":{"@id":"https:\/\/www.editorialjuventud.es\/la-princesa-dragon-9788426135339\/#primaryimage"},"thumbnailUrl":"https:\/\/www.editorialjuventud.es\/wp-content\/uploads\/3533.jpg","datePublished":"2018-08-24T08:52:54+00:00","dateModified":"2025-01-22T12:38:59+00:00","description":"La Princesa Drag\u00f3n es una adaptaci\u00f3n de un cuento de hadas tradicional ingl\u00e9s: la hermosa princesa Margaret es transformada en un drag\u00f3n repugnante por su","breadcrumb":{"@id":"https:\/\/www.editorialjuventud.es\/la-princesa-dragon-9788426135339\/#breadcrumb"},"inLanguage":"ca","potentialAction":[{"@type":"ReadAction","target":["https:\/\/www.editorialjuventud.es\/la-princesa-dragon-9788426135339\/"]}]},{"@type":"ImageObject","inLanguage":"ca","@id":"https:\/\/www.editorialjuventud.es\/la-princesa-dragon-9788426135339\/#primaryimage","url":"https:\/\/www.editorialjuventud.es\/wp-content\/uploads\/3533.jpg","contentUrl":"https:\/\/www.editorialjuventud.es\/wp-content\/uploads\/3533.jpg","width":317,"height":400,"caption":"3533.jpg"},{"@type":"BreadcrumbList","@id":"https:\/\/www.editorialjuventud.es\/la-princesa-dragon-9788426135339\/#breadcrumb","itemListElement":[{"@type":"ListItem","position":1,"name":"Portada","item":"https:\/\/www.editorialjuventud.es\/"},{"@type":"ListItem","position":2,"name":"cat\u00e1logo","item":"https:\/\/www.editorialjuventud.es\/coleccion\/catalogo\/"},{"@type":"ListItem","position":3,"name":"castellano","item":"https:\/\/www.editorialjuventud.es\/coleccion\/castellano\/"},{"@type":"ListItem","position":4,"name":"\u00c1lbumes Ilustrados","item":"https:\/\/www.editorialjuventud.es\/coleccion\/albumes-ilustrados\/"},{"@type":"ListItem","position":5,"name":"El Arca de los Cuentos","item":"https:\/\/www.editorialjuventud.es\/coleccion\/el-arca-de-los-cuentos\/"},{"@type":"ListItem","position":6,"name":"La Princesa Drag\u00f3n"}]},{"@type":"WebSite","@id":"https:\/\/www.editorialjuventud.es\/#website","url":"https:\/\/www.editorialjuventud.es\/","name":"Editorial Juventud","description":"","potentialAction":[{"@type":"SearchAction","target":{"@type":"EntryPoint","urlTemplate":"https:\/\/www.editorialjuventud.es\/?s={search_term_string}"},"query-input":{"@type":"PropertyValueSpecification","valueRequired":true,"valueName":"search_term_string"}}],"inLanguage":"ca"}]}},"_links":{"self":[{"href":"https:\/\/www.editorialjuventud.es\/ca\/wp-json\/wp\/v2\/product\/5442","targetHints":{"allow":["GET"]}}],"collection":[{"href":"https:\/\/www.editorialjuventud.es\/ca\/wp-json\/wp\/v2\/product"}],"about":[{"href":"https:\/\/www.editorialjuventud.es\/ca\/wp-json\/wp\/v2\/types\/product"}],"wp:featuredmedia":[{"embeddable":true,"href":"https:\/\/www.editorialjuventud.es\/ca\/wp-json\/wp\/v2\/media\/9321"}],"wp:attachment":[{"href":"https:\/\/www.editorialjuventud.es\/ca\/wp-json\/wp\/v2\/media?parent=5442"}],"wp:term":[{"taxonomy":"product_brand","embeddable":true,"href":"https:\/\/www.editorialjuventud.es\/ca\/wp-json\/wp\/v2\/product_brand?post=5442"},{"taxonomy":"product_cat","embeddable":true,"href":"https:\/\/www.editorialjuventud.es\/ca\/wp-json\/wp\/v2\/product_cat?post=5442"},{"taxonomy":"product_tag","embeddable":true,"href":"https:\/\/www.editorialjuventud.es\/ca\/wp-json\/wp\/v2\/product_tag?post=5442"},{"taxonomy":"coleccion","embeddable":true,"href":"https:\/\/www.editorialjuventud.es\/ca\/wp-json\/wp\/v2\/coleccion?post=5442"}],"curies":[{"name":"wp","href":"https:\/\/api.w.org\/{rel}","templated":true}]}}