{"id":5441,"date":"2018-08-24T10:52:50","date_gmt":"2018-08-24T08:52:50","guid":{"rendered":"http:\/\/www.editorialjuventud.es\/quiero-una-mascota\/"},"modified":"2025-01-22T13:39:04","modified_gmt":"2025-01-22T12:39:04","slug":"quiero-una-mascota-9788426135315","status":"publish","type":"product","link":"https:\/\/www.editorialjuventud.es\/ca\/quiero-una-mascota-9788426135315\/","title":{"rendered":"\u00a1Quiero una mascota!"},"content":{"rendered":"<p>Diego siempre quiso tener una mascota. Algo grande y salvaje. As\u00ed que cuando su padre trae a casa un h\u00e1mster, Diego le pone el nombre de &#8216;Monstruo&#8217; e intenta amaestrarlo para que se convierta en la fiera que realmente quiere. Pero Monstruo no va a buscar palos ni trepa a los \u00e1rboles y Diego pierde inter\u00e9s por \u00e9l. Entonces, de una manera extra\u00f1a, se intercambian los papeles y Diego experimenta lo que se siente siendo una mascota y entiende que no se ha comportado como deb\u00eda. Un divertido cuento con moraleja sobre la responsabilidad y las recompensas de tener una mascota.<\/p>\n","protected":false},"excerpt":{"rendered":"Diego siempre quiso tener una mascota. Algo grande y salvaje. As\u00ed que cuando su padre trae a casa un h\u00e1mster, Diego le pone el nombre de &#8216;Monstruo&#8217; e intenta amaestrarlo para que se convierta en la fiera que realmente quiere. [&hellip;]","protected":false},"featured_media":21272,"template":"","meta":{"_acf_changed":false,"_exactmetrics_skip_tracking":false,"_exactmetrics_sitenote_active":false,"_exactmetrics_sitenote_note":"","_exactmetrics_sitenote_category":0},"product_brand":[],"product_cat":[900,1121,1194],"product_tag":[],"coleccion":[998],"class_list":{"0":"post-5441","1":"product","2":"type-product","3":"status-publish","4":"has-post-thumbnail","6":"product_cat-a-partir-de-5-anos","7":"product_cat-albumes-ilustrados","8":"product_cat-mascotas","9":"coleccion-para-hablar-en-familia","11":"first","12":"instock","13":"taxable","14":"shipping-taxable","15":"purchasable","16":"product-type-simple"},"acf":{"autor":"McAllister","codart":"3531-5","ediciones":"1","encuadernacion":"Carton\u00e9","fecha_de_publicacion":"01\/01\/2010","novedad":"0","paginas":"32","subtitulo":"","texto_web_adicional":"","texto_web_novedad":"","orden":"999","portada":"0","texto_web_resaltado":"","indice":"","autores-libros":[16497],"ilustradores-libros":[17935],"traductores-libros":"","descripcion_corta":"","recomendamos":"","mas_vendido":"","idioma-libro":"","color":false,"formato":"","mas_informacion_del_producto":false,"premios":false,"texto_enlace_cubierta":"","enlace_cubierta":false,"texto_enlace_ficha_tecnica":"","enlace_ficha_tecnica":false,"ficheros":false,"titulo-fr":"","texto-fr":""},"yoast_head":"<!-- This site is optimized with the Yoast SEO plugin v27.3 - https:\/\/yoast.com\/product\/yoast-seo-wordpress\/ -->\n<title>\u00a1Quiero una mascota! - Editorial Juventud<\/title>\n<meta name=\"description\" content=\"Diego siempre quiso tener una mascota. Algo grande y salvaje. As\u00ed que cuando su padre trae a casa un h\u00e1mster, Diego le pone el nombre de &#039;Monstruo&#039; e\" \/>\n<meta name=\"robots\" content=\"index, follow, max-snippet:-1, max-image-preview:large, max-video-preview:-1\" \/>\n<link rel=\"canonical\" href=\"https:\/\/www.editorialjuventud.es\/quiero-una-mascota-9788426135315\/\" \/>\n<meta property=\"og:locale\" content=\"ca_ES\" \/>\n<meta property=\"og:type\" content=\"article\" \/>\n<meta property=\"og:title\" content=\"\u00a1Quiero una mascota! - Editorial Juventud\" \/>\n<meta property=\"og:description\" content=\"Diego siempre quiso tener una mascota. Algo grande y salvaje. As\u00ed que cuando su padre trae a casa un h\u00e1mster, Diego le pone el nombre de &#039;Monstruo&#039; e\" \/>\n<meta property=\"og:url\" content=\"https:\/\/www.editorialjuventud.es\/quiero-una-mascota-9788426135315\/\" \/>\n<meta property=\"og:site_name\" content=\"Editorial Juventud\" \/>\n<meta property=\"article:modified_time\" content=\"2025-01-22T12:39:04+00:00\" \/>\n<meta property=\"og:image\" content=\"https:\/\/www.editorialjuventud.es\/wp-content\/uploads\/3531.jpg\" \/>\n\t<meta property=\"og:image:width\" content=\"388\" \/>\n\t<meta property=\"og:image:height\" content=\"400\" \/>\n\t<meta property=\"og:image:type\" content=\"image\/jpeg\" \/>\n<meta name=\"twitter:card\" content=\"summary_large_image\" \/>\n<meta name=\"twitter:label1\" content=\"Temps estimat de lectura\" \/>\n\t<meta name=\"twitter:data1\" content=\"1 minut\" \/>\n<script type=\"application\/ld+json\" class=\"yoast-schema-graph\">{\"@context\":\"https:\\\/\\\/schema.org\",\"@graph\":[{\"@type\":\"WebPage\",\"@id\":\"https:\\\/\\\/www.editorialjuventud.es\\\/quiero-una-mascota-9788426135315\\\/\",\"url\":\"https:\\\/\\\/www.editorialjuventud.es\\\/quiero-una-mascota-9788426135315\\\/\",\"name\":\"\u00a1Quiero una mascota! - Editorial Juventud\",\"isPartOf\":{\"@id\":\"https:\\\/\\\/www.editorialjuventud.es\\\/#website\"},\"primaryImageOfPage\":{\"@id\":\"https:\\\/\\\/www.editorialjuventud.es\\\/quiero-una-mascota-9788426135315\\\/#primaryimage\"},\"image\":{\"@id\":\"https:\\\/\\\/www.editorialjuventud.es\\\/quiero-una-mascota-9788426135315\\\/#primaryimage\"},\"thumbnailUrl\":\"https:\\\/\\\/www.editorialjuventud.es\\\/wp-content\\\/uploads\\\/3531.jpg\",\"datePublished\":\"2018-08-24T08:52:50+00:00\",\"dateModified\":\"2025-01-22T12:39:04+00:00\",\"description\":\"Diego siempre quiso tener una mascota. Algo grande y salvaje. As\u00ed que cuando su padre trae a casa un h\u00e1mster, Diego le pone el nombre de 'Monstruo' e\",\"breadcrumb\":{\"@id\":\"https:\\\/\\\/www.editorialjuventud.es\\\/quiero-una-mascota-9788426135315\\\/#breadcrumb\"},\"inLanguage\":\"ca\",\"potentialAction\":[{\"@type\":\"ReadAction\",\"target\":[\"https:\\\/\\\/www.editorialjuventud.es\\\/quiero-una-mascota-9788426135315\\\/\"]}]},{\"@type\":\"ImageObject\",\"inLanguage\":\"ca\",\"@id\":\"https:\\\/\\\/www.editorialjuventud.es\\\/quiero-una-mascota-9788426135315\\\/#primaryimage\",\"url\":\"https:\\\/\\\/www.editorialjuventud.es\\\/wp-content\\\/uploads\\\/3531.jpg\",\"contentUrl\":\"https:\\\/\\\/www.editorialjuventud.es\\\/wp-content\\\/uploads\\\/3531.jpg\",\"width\":388,\"height\":400},{\"@type\":\"BreadcrumbList\",\"@id\":\"https:\\\/\\\/www.editorialjuventud.es\\\/quiero-una-mascota-9788426135315\\\/#breadcrumb\",\"itemListElement\":[{\"@type\":\"ListItem\",\"position\":1,\"name\":\"Portada\",\"item\":\"https:\\\/\\\/www.editorialjuventud.es\\\/\"},{\"@type\":\"ListItem\",\"position\":2,\"name\":\"cat\u00e1logo\",\"item\":\"https:\\\/\\\/www.editorialjuventud.es\\\/coleccion\\\/catalogo\\\/\"},{\"@type\":\"ListItem\",\"position\":3,\"name\":\"castellano\",\"item\":\"https:\\\/\\\/www.editorialjuventud.es\\\/coleccion\\\/castellano\\\/\"},{\"@type\":\"ListItem\",\"position\":4,\"name\":\"\u00c1lbumes Ilustrados\",\"item\":\"https:\\\/\\\/www.editorialjuventud.es\\\/coleccion\\\/albumes-ilustrados\\\/\"},{\"@type\":\"ListItem\",\"position\":5,\"name\":\"Para Hablar en Familia\",\"item\":\"https:\\\/\\\/www.editorialjuventud.es\\\/coleccion\\\/para-hablar-en-familia\\\/\"},{\"@type\":\"ListItem\",\"position\":6,\"name\":\"\u00a1Quiero una mascota!\"}]},{\"@type\":\"WebSite\",\"@id\":\"https:\\\/\\\/www.editorialjuventud.es\\\/#website\",\"url\":\"https:\\\/\\\/www.editorialjuventud.es\\\/\",\"name\":\"Editorial Juventud\",\"description\":\"\",\"potentialAction\":[{\"@type\":\"SearchAction\",\"target\":{\"@type\":\"EntryPoint\",\"urlTemplate\":\"https:\\\/\\\/www.editorialjuventud.es\\\/?s={search_term_string}\"},\"query-input\":{\"@type\":\"PropertyValueSpecification\",\"valueRequired\":true,\"valueName\":\"search_term_string\"}}],\"inLanguage\":\"ca\"}]}<\/script>\n<!-- \/ Yoast SEO plugin. -->","yoast_head_json":{"title":"\u00a1Quiero una mascota! - Editorial Juventud","description":"Diego siempre quiso tener una mascota. Algo grande y salvaje. As\u00ed que cuando su padre trae a casa un h\u00e1mster, Diego le pone el nombre de 'Monstruo' e","robots":{"index":"index","follow":"follow","max-snippet":"max-snippet:-1","max-image-preview":"max-image-preview:large","max-video-preview":"max-video-preview:-1"},"canonical":"https:\/\/www.editorialjuventud.es\/quiero-una-mascota-9788426135315\/","og_locale":"ca_ES","og_type":"article","og_title":"\u00a1Quiero una mascota! - Editorial Juventud","og_description":"Diego siempre quiso tener una mascota. Algo grande y salvaje. As\u00ed que cuando su padre trae a casa un h\u00e1mster, Diego le pone el nombre de 'Monstruo' e","og_url":"https:\/\/www.editorialjuventud.es\/quiero-una-mascota-9788426135315\/","og_site_name":"Editorial Juventud","article_modified_time":"2025-01-22T12:39:04+00:00","og_image":[{"width":388,"height":400,"url":"https:\/\/www.editorialjuventud.es\/wp-content\/uploads\/3531.jpg","type":"image\/jpeg"}],"twitter_card":"summary_large_image","twitter_misc":{"Temps estimat de lectura":"1 minut"},"schema":{"@context":"https:\/\/schema.org","@graph":[{"@type":"WebPage","@id":"https:\/\/www.editorialjuventud.es\/quiero-una-mascota-9788426135315\/","url":"https:\/\/www.editorialjuventud.es\/quiero-una-mascota-9788426135315\/","name":"\u00a1Quiero una mascota! - Editorial Juventud","isPartOf":{"@id":"https:\/\/www.editorialjuventud.es\/#website"},"primaryImageOfPage":{"@id":"https:\/\/www.editorialjuventud.es\/quiero-una-mascota-9788426135315\/#primaryimage"},"image":{"@id":"https:\/\/www.editorialjuventud.es\/quiero-una-mascota-9788426135315\/#primaryimage"},"thumbnailUrl":"https:\/\/www.editorialjuventud.es\/wp-content\/uploads\/3531.jpg","datePublished":"2018-08-24T08:52:50+00:00","dateModified":"2025-01-22T12:39:04+00:00","description":"Diego siempre quiso tener una mascota. Algo grande y salvaje. As\u00ed que cuando su padre trae a casa un h\u00e1mster, Diego le pone el nombre de 'Monstruo' e","breadcrumb":{"@id":"https:\/\/www.editorialjuventud.es\/quiero-una-mascota-9788426135315\/#breadcrumb"},"inLanguage":"ca","potentialAction":[{"@type":"ReadAction","target":["https:\/\/www.editorialjuventud.es\/quiero-una-mascota-9788426135315\/"]}]},{"@type":"ImageObject","inLanguage":"ca","@id":"https:\/\/www.editorialjuventud.es\/quiero-una-mascota-9788426135315\/#primaryimage","url":"https:\/\/www.editorialjuventud.es\/wp-content\/uploads\/3531.jpg","contentUrl":"https:\/\/www.editorialjuventud.es\/wp-content\/uploads\/3531.jpg","width":388,"height":400},{"@type":"BreadcrumbList","@id":"https:\/\/www.editorialjuventud.es\/quiero-una-mascota-9788426135315\/#breadcrumb","itemListElement":[{"@type":"ListItem","position":1,"name":"Portada","item":"https:\/\/www.editorialjuventud.es\/"},{"@type":"ListItem","position":2,"name":"cat\u00e1logo","item":"https:\/\/www.editorialjuventud.es\/coleccion\/catalogo\/"},{"@type":"ListItem","position":3,"name":"castellano","item":"https:\/\/www.editorialjuventud.es\/coleccion\/castellano\/"},{"@type":"ListItem","position":4,"name":"\u00c1lbumes Ilustrados","item":"https:\/\/www.editorialjuventud.es\/coleccion\/albumes-ilustrados\/"},{"@type":"ListItem","position":5,"name":"Para Hablar en Familia","item":"https:\/\/www.editorialjuventud.es\/coleccion\/para-hablar-en-familia\/"},{"@type":"ListItem","position":6,"name":"\u00a1Quiero una mascota!"}]},{"@type":"WebSite","@id":"https:\/\/www.editorialjuventud.es\/#website","url":"https:\/\/www.editorialjuventud.es\/","name":"Editorial Juventud","description":"","potentialAction":[{"@type":"SearchAction","target":{"@type":"EntryPoint","urlTemplate":"https:\/\/www.editorialjuventud.es\/?s={search_term_string}"},"query-input":{"@type":"PropertyValueSpecification","valueRequired":true,"valueName":"search_term_string"}}],"inLanguage":"ca"}]}},"_links":{"self":[{"href":"https:\/\/www.editorialjuventud.es\/ca\/wp-json\/wp\/v2\/product\/5441","targetHints":{"allow":["GET"]}}],"collection":[{"href":"https:\/\/www.editorialjuventud.es\/ca\/wp-json\/wp\/v2\/product"}],"about":[{"href":"https:\/\/www.editorialjuventud.es\/ca\/wp-json\/wp\/v2\/types\/product"}],"wp:featuredmedia":[{"embeddable":true,"href":"https:\/\/www.editorialjuventud.es\/ca\/wp-json\/wp\/v2\/media\/21272"}],"wp:attachment":[{"href":"https:\/\/www.editorialjuventud.es\/ca\/wp-json\/wp\/v2\/media?parent=5441"}],"wp:term":[{"taxonomy":"product_brand","embeddable":true,"href":"https:\/\/www.editorialjuventud.es\/ca\/wp-json\/wp\/v2\/product_brand?post=5441"},{"taxonomy":"product_cat","embeddable":true,"href":"https:\/\/www.editorialjuventud.es\/ca\/wp-json\/wp\/v2\/product_cat?post=5441"},{"taxonomy":"product_tag","embeddable":true,"href":"https:\/\/www.editorialjuventud.es\/ca\/wp-json\/wp\/v2\/product_tag?post=5441"},{"taxonomy":"coleccion","embeddable":true,"href":"https:\/\/www.editorialjuventud.es\/ca\/wp-json\/wp\/v2\/coleccion?post=5441"}],"curies":[{"name":"wp","href":"https:\/\/api.w.org\/{rel}","templated":true}]}}